{"id":1609,"date":"2019-04-03T15:52:18","date_gmt":"2019-04-03T07:52:18","guid":{"rendered":"https:\/\/hdcarmouredcable.com\/?page_id=1609"},"modified":"2023-07-25T11:06:32","modified_gmt":"2023-07-25T03:06:32","slug":"95-300mm-3-core-armoured-cable","status":"publish","type":"page","link":"https:\/\/hdcarmouredcable.com\/de\/95-300mm-3-core-armoured-cable\/","title":{"rendered":"Cu\/XLPE\/SWA 85 120 185 240 300 mm 3-adriges armiertes Kabel Preis"},"content":{"rendered":"<h2>Merkmal des Aufbaus des 95 mm-300 mm 3-adrigen Panzerkabels<\/h2>\n<p>Warum ist der Aufbau von 95 mm - 300 mm 3-adrigem Panzerkabel so hervorragend? Wegen der Hauptbestandteile einer stahldrahtbewehrten Schicht von 120 mm - 300 mm 3-adrigem Cu xlpe swa armiertem Kabel.  Was das 95 mm 3-adrige Panzerkabel betrifft. Sein Leiter: Es handelt sich um eine einfache Kupferlitze.<\/p>\n<figure id=\"attachment_1610\" aria-describedby=\"caption-attachment-1610\" style=\"width: 907px\" class=\"wp-caption aligncenter\"><img loading=\"lazy\" decoding=\"async\" class=\"size-full wp-image-1610\" src=\"https:\/\/hdcarmouredcable.com\/wp-content\/uploads\/2019\/04\/240-mm-3-core-xlpe-swa-armoured-cable-price.png\" alt=\"240 mm 3-adriges xlpe swa armiertes kabel preis\" width=\"917\" height=\"366\" srcset=\"https:\/\/hdcarmouredcable.com\/wp-content\/uploads\/2019\/04\/240-mm-3-core-xlpe-swa-armoured-cable-price.png 917w, https:\/\/hdcarmouredcable.com\/wp-content\/uploads\/2019\/04\/240-mm-3-core-xlpe-swa-armoured-cable-price-300x120.png 300w, https:\/\/hdcarmouredcable.com\/wp-content\/uploads\/2019\/04\/240-mm-3-core-xlpe-swa-armoured-cable-price-768x307.png 768w, https:\/\/hdcarmouredcable.com\/wp-content\/uploads\/2019\/04\/240-mm-3-core-xlpe-swa-armoured-cable-price-600x239.png 600w\" sizes=\"auto, (max-width: 917px) 100vw, 917px\" \/><figcaption id=\"caption-attachment-1610\" class=\"wp-caption-text\">240 mm 3-adriges xlpe swa armiertes kabel preis<\/figcaption><\/figure>\n<p style=\"text-align: center;\"><span class=\"su-lightbox\" data-mfp-src=\"#popmake-form\" data-mfp-type=\"inline\" data-mobile=\"yes\"><button class=\"btn btn-danger btn-sm\" ><i class=\"glyphicon glyphicon-ok-sign\" style=\"color:#eeee22;\"><\/i> Holen Sie sich 185 mm 3-adriges, swa-armiertes Kabel<\/button><\/span>\n<p>Isolierung: Die Isolierung des 120 mm langen, 3-adrigen Panzerkabels wird zum Schutz der Adern angebracht. Dass von jedem Wasserschaden, ein besonderes Problem. Aber wenn die 240 mm 3 Kern xlpe swa armoured Kabel ist Erdverlegung. So bietet auch eine Barriere zwischen den Leitern und anderen Metallkomponenten, wie die Armierung. Zur gleichen Zeit, Mantel von 185 mm 3 Kern gepanzert swa Kabel zum Schutz der inneren Komponenten des 120 mm 3 Kern xlpe gepanzert swa Kabel. Um einen weiteren Schutz zu bieten. Also vor mechanischer Besch\u00e4digung und Beanspruchung des 240 mm 3-adrigen Panzerkabels.<\/p>\n<div class=\"row\">\n<div class=\"col-lg-6 col-md-12 col-xs-12 col-sm-12\">\n<figure id=\"attachment_1611\" aria-describedby=\"caption-attachment-1611\" style=\"width: 472px\" class=\"wp-caption aligncenter\"><img loading=\"lazy\" decoding=\"async\" class=\"size-full wp-image-1611\" src=\"https:\/\/hdcarmouredcable.com\/wp-content\/uploads\/2019\/04\/300-mm-3-core-cu-xlpe-swa-armoured-cable-supplier.png\" alt=\"300 mm 3-adriges ku xlpe swa armiertes kabel lieferant\" width=\"482\" height=\"362\" srcset=\"https:\/\/hdcarmouredcable.com\/wp-content\/uploads\/2019\/04\/300-mm-3-core-cu-xlpe-swa-armoured-cable-supplier.png 482w, https:\/\/hdcarmouredcable.com\/wp-content\/uploads\/2019\/04\/300-mm-3-core-cu-xlpe-swa-armoured-cable-supplier-300x225.png 300w\" sizes=\"auto, (max-width: 482px) 100vw, 482px\" \/><figcaption id=\"caption-attachment-1611\" class=\"wp-caption-text\">300 mm 3-adriges ku xlpe swa armiertes kabel lieferant<\/figcaption><\/figure>\n<\/div>\n<div class=\"col-lg-6 col-md-12 col-xs-12 col-sm-12\">\n<p><strong>Spannung:<\/strong> 1.8\/3KV,3.6\/6KV,6\/10KV,10KV,11KV,15kv,8.7\/15KV, 18\/30KV,19\/33KV, 26\/35KV<br \/>\n<strong>Dirigent:\u00a0<\/strong> Aluminium\/Kupfer\/verzinntes Kupfer.<br \/>\n<strong>Gr\u00f6\u00dfe der Fl\u00e4che:<\/strong> 25mm, 35mm, 50mm, 95mm, 120, 150mm, 185mm, 240mm, 300mm.<br \/>\n<strong>Typ der R\u00fcstung:<\/strong><br \/>\n1. Verzinkte Stahldr\u00e4hte\/Stahlband f\u00fcr 3 Kern;<br \/>\n2. Edelstahldraht\/Stahlband oder Aluminiumdraht\/-band f\u00fcr Einzeladern Polyvinylchlorid (PVC) oder PE oder HDPE.<br \/>\n<strong>Isolierung:<\/strong>\u00a0 XLPE<br \/>\n<strong>Bildschirm:<\/strong> Schirm aus Kupferband.<br \/>\n<strong>Mantel:<\/strong> PVC<\/p>\n<p style=\"text-align: center;\"><span class=\"su-lightbox\" data-mfp-src=\"#popmake-form\" data-mfp-type=\"inline\" data-mobile=\"yes\"><button class=\"btn btn-danger btn-sm\" ><i class=\"glyphicon glyphicon-ok-sign\" style=\"color:#eeee22;\"><\/i> Preis f\u00fcr 3-adriges gepanzertes Kabel erhalten<\/button><\/span>\n<\/div>\n<\/div>\n<h2>Wof\u00fcr wird das 3-adrige Panzerkabel 95mm2-240 mm verwendet?<\/h2>\n<p>Daher eignet sich das 95mm- 240 mm 3-adrige xlpe swa Panzerkabel f\u00fcr ein breites Spektrum von Anwendungen. Aber die 95sqmm 240 mm 3 Core armoured Kabel ist in der Regel im Zusammenhang mit unterirdischen Anwendungen. Zum Beispiel in Abwasserkan\u00e4len und unterirdischen Verkehrsnetzen. Es wird vor allem an \u00f6ffentlichen Orten eingesetzt. Normalerweise ist das 185 mm 3-adrige Panzerkabel oder <a href=\"https:\/\/hdcarmouredcable.com\/de\/90mm-50mm-4-core-armoured-cable\/\" target=\"_blank\" rel=\"noopener\">4-adriges Panzerkabel<\/a> muss auch eine LSLH-Ummantelung (raucharm, halogenarm) aufweisen.<\/p>\n<figure id=\"attachment_1615\" aria-describedby=\"caption-attachment-1615\" style=\"width: 820px\" class=\"wp-caption aligncenter\"><img loading=\"lazy\" decoding=\"async\" class=\"size-full wp-image-1615\" src=\"https:\/\/hdcarmouredcable.com\/wp-content\/uploads\/2019\/04\/95-185-mm-3-core-armoured-swa-cable-picture.jpg\" alt=\"95-185 mm 3-adriges gepanzertes swa-Kabel Bild\" width=\"830\" height=\"160\" srcset=\"https:\/\/hdcarmouredcable.com\/wp-content\/uploads\/2019\/04\/95-185-mm-3-core-armoured-swa-cable-picture.jpg 830w, https:\/\/hdcarmouredcable.com\/wp-content\/uploads\/2019\/04\/95-185-mm-3-core-armoured-swa-cable-picture-300x58.jpg 300w, https:\/\/hdcarmouredcable.com\/wp-content\/uploads\/2019\/04\/95-185-mm-3-core-armoured-swa-cable-picture-768x148.jpg 768w, https:\/\/hdcarmouredcable.com\/wp-content\/uploads\/2019\/04\/95-185-mm-3-core-armoured-swa-cable-picture-600x116.jpg 600w\" sizes=\"auto, (max-width: 830px) 100vw, 830px\" \/><figcaption id=\"caption-attachment-1615\" class=\"wp-caption-text\">95-185 mm 3-adriges gepanzertes swa-Kabel Bild<\/figcaption><\/figure>\n<p style=\"text-align: center;\"><span class=\"su-lightbox\" data-mfp-src=\"#popmake-form\" data-mfp-type=\"inline\" data-mobile=\"yes\"><button class=\"btn btn-danger btn-sm\" ><i class=\"glyphicon glyphicon-ok-sign\" style=\"color:#eeee22;\"><\/i> Holen Sie sich 95-300 mm 3-adriges Panzerkabel<\/button><\/span>\n<p>Diese Ummantelung gibt im Brandfall wenig Rauch und Halogene ab. Um 300 mm 3 Kern cu xlpe swa gepanzertes Kabel ein weit sicherer zu machen. Denn Stahl ist magnetisch. Wenn ein Strom durch eine einzelne Ader flie\u00dft. So w\u00fcrde ein magnetisches Feld erzeugen. Dies w\u00fcrde dazu f\u00fchren, dass ein Strom auch durch das 120 mm 3-adrige Panzerkabel flie\u00dft. Was wiederum zu einer \u00dcberspannung f\u00fchren k\u00f6nnte.<\/p>\n<h2>Wo bekommt man den besten Preis f\u00fcr 3-adriges armiertes Kabel von 95mm, 120mm, 185mm, 300mm<\/h2>\n<p>Was die huadong Cable Group betrifft, so ist sie eines der hochwertigsten Kabel. Wie z. B. 95 mm 3 Kern swa xlpe armierte Kabel Hersteller in China. Inzwischen ist unsere 120 mm 3 Core armoured Kabel zum Verkauf absolut \u00fcberlegen. So k\u00f6nnen wir Hersteller Qualit\u00e4t und billig 185 mm 3 Kern gepanzert swa Kabel. So f\u00fcr die Qualit\u00e4t des Kabels, k\u00f6nnen Sie es versichern. Wann immer Sie wollen, erhalten die <a href=\"https:\/\/hdcarmouredcable.com\/de\/1-4-core-300mm2-cable-price\/\" target=\"_blank\" rel=\"noopener\">300mm2 Kabel<\/a> Preis senden Sie uns bitte eine E-Mail oder rufen Sie uns jederzeit an.<\/p>\n<figure id=\"attachment_1616\" aria-describedby=\"caption-attachment-1616\" style=\"width: 1510px\" class=\"wp-caption aligncenter\"><img loading=\"lazy\" decoding=\"async\" class=\"size-full wp-image-1616\" src=\"https:\/\/hdcarmouredcable.com\/wp-content\/uploads\/2019\/04\/300-mm-3-core-cu-xlpe-swa-armoured-cable-packaging.jpg\" alt=\"300 mm 3 Adern cu xlpe swa armierte Kabelverpackung\" width=\"1520\" height=\"711\" srcset=\"https:\/\/hdcarmouredcable.com\/wp-content\/uploads\/2019\/04\/300-mm-3-core-cu-xlpe-swa-armoured-cable-packaging.jpg 1520w, https:\/\/hdcarmouredcable.com\/wp-content\/uploads\/2019\/04\/300-mm-3-core-cu-xlpe-swa-armoured-cable-packaging-300x140.jpg 300w, https:\/\/hdcarmouredcable.com\/wp-content\/uploads\/2019\/04\/300-mm-3-core-cu-xlpe-swa-armoured-cable-packaging-768x359.jpg 768w, https:\/\/hdcarmouredcable.com\/wp-content\/uploads\/2019\/04\/300-mm-3-core-cu-xlpe-swa-armoured-cable-packaging-1024x479.jpg 1024w, https:\/\/hdcarmouredcable.com\/wp-content\/uploads\/2019\/04\/300-mm-3-core-cu-xlpe-swa-armoured-cable-packaging-600x281.jpg 600w\" sizes=\"auto, (max-width: 1520px) 100vw, 1520px\" \/><figcaption id=\"caption-attachment-1616\" class=\"wp-caption-text\">300 mm 3 Adern cu xlpe swa armierte Kabelverpackung<\/figcaption><\/figure>\n\n<div class=\"wpcf7 no-js\" id=\"wpcf7-f5800-o1\" lang=\"en-US\" dir=\"ltr\" data-wpcf7-id=\"5800\">\n<div class=\"screen-reader-response\"><p role=\"status\" aria-live=\"polite\" aria-atomic=\"true\"><\/p> <ul><\/ul><\/div>\n<form action=\"\/de\/wp-json\/wp\/v2\/pages\/1609#wpcf7-f5800-o1\" method=\"post\" class=\"wpcf7-form init\" aria-label=\"Kontakt-Formular\" novalidate=\"novalidate\" data-status=\"init\" data-trp-original-action=\"\/de\/wp-json\/wp\/v2\/pages\/1609#wpcf7-f5800-o1\">\n<div style=\"display: none;\">\n<input type=\"hidden\" name=\"_wpcf7\" value=\"5800\" \/>\n<input type=\"hidden\" name=\"_wpcf7_version\" value=\"6.0.6\" \/>\n<input type=\"hidden\" name=\"_wpcf7_locale\" value=\"en_US\" \/>\n<input type=\"hidden\" name=\"_wpcf7_unit_tag\" value=\"wpcf7-f5800-o1\" \/>\n<input type=\"hidden\" name=\"_wpcf7_container_post\" value=\"0\" \/>\n<input type=\"hidden\" name=\"_wpcf7_posted_data_hash\" value=\"\" \/>\n<\/div>\n<div class=\"popmakerform\">\n\t<h3>Kostenloses Angebot erhalten\n\t<\/h3>\n\t<p>Lassen Sie uns gemeinsam an Ihrem Projekt per E-Mail arbeiten: <a href=\"mailto:info@hdcarmouredcable.com\" rel=\"nofollow\">info@hdcarmouredcable.com<\/a>\n\t<\/p>\n\t<p>Interessantes Produkt <span style=\"color:red;\">*<span><br \/>\n<span class=\"wpcf7-form-control-wrap\" data-name=\"item\"><input size=\"40\" maxlength=\"400\" class=\"wpcf7-form-control wpcf7-text\" id=\"item\" aria-invalid=\"false\" value=\"\" type=\"text\" name=\"item\" \/><\/span><\/span><\/span>\n\t<\/p>\n\t<p>Ihr Name <span style=\"color:red;\">*<span><br \/>\n<span class=\"wpcf7-form-control-wrap\" data-name=\"your-name\"><input size=\"40\" maxlength=\"400\" class=\"wpcf7-form-control wpcf7-text wpcf7-validates-as-required\" aria-required=\"true\" aria-invalid=\"false\" value=\"\" type=\"text\" name=\"your-name\" \/><\/span><\/span><\/span>\n\t<\/p>\n\t<p>Deine E-Mail <span style=\"color:red;\">*<span><br \/>\n<span class=\"wpcf7-form-control-wrap\" data-name=\"your-email\"><input size=\"40\" maxlength=\"400\" class=\"wpcf7-form-control wpcf7-email wpcf7-validates-as-required wpcf7-text wpcf7-validates-as-email\" aria-required=\"true\" aria-invalid=\"false\" value=\"\" type=\"email\" name=\"your-email\" \/><\/span><\/span><\/span>\n\t<\/p>\n\t<p>Ihre Telefonnummer (einschlie\u00dflich der Vorwahl)<br \/>\n<span class=\"wpcf7-form-control-wrap\" data-name=\"your-phone\"><input size=\"40\" maxlength=\"400\" class=\"wpcf7-form-control wpcf7-text\" aria-invalid=\"false\" value=\"\" type=\"text\" name=\"your-phone\" \/><\/span>\n\t<\/p>\n\t<p>Ihr Land<br \/>\n<span class=\"wpcf7-form-control-wrap\" data-name=\"your-country\"><input size=\"40\" maxlength=\"400\" class=\"wpcf7-form-control wpcf7-text\" aria-invalid=\"false\" value=\"\" type=\"text\" name=\"your-country\" \/><\/span>\n\t<\/p>\n\t<p>Detaillierte Anforderung <span style=\"color:red;\">*<span><br \/>\n<span class=\"wpcf7-form-control-wrap\" data-name=\"your-requirement\"><textarea cols=\"40\" rows=\"5\" maxlength=\"2000\" class=\"wpcf7-form-control wpcf7-textarea wpcf7-validates-as-required\" aria-required=\"true\" aria-invalid=\"false\" placeholder=\"F\u00fcr ein detailliertes Angebot, senden Sie uns bitte Ihre Anforderungen. *\" name=\"your-requirement\"><\/textarea><\/span><\/span><\/span>\n\t<\/p>\n\t<p><input class=\"wpcf7-form-control wpcf7-submit has-spinner\" type=\"submit\" value=\"Angebot einholen\" \/>\n\t<\/p>\n<\/div><input type='hidden' class='wpcf7-pum' value='{\"closepopup\":false,\"closedelay\":0,\"openpopup\":false,\"openpopup_id\":0}' \/><div class=\"wpcf7-response-output\" aria-hidden=\"true\"><\/div>\n<input type=\"hidden\" name=\"trp-form-language\" value=\"de\"\/><\/form>\n<\/div>\n\n<div class=\"su-lightbox-content su-u-trim\" id=\"popmake-form\" style=\"display:none;width:65%;min-width:none;max-width:600px;margin-top:40px;margin-bottom:40px;padding:20px;background:#FFFFFF;color:#333333;box-shadow:0px 0px 15px #333333;text-align:left\">\n<div class=\"wpcf7 no-js\" id=\"wpcf7-f5800-o2\" lang=\"en-US\" dir=\"ltr\" data-wpcf7-id=\"5800\">\n<div class=\"screen-reader-response\"><p role=\"status\" aria-live=\"polite\" aria-atomic=\"true\"><\/p> <ul><\/ul><\/div>\n<form action=\"\/de\/wp-json\/wp\/v2\/pages\/1609#wpcf7-f5800-o2\" method=\"post\" class=\"wpcf7-form init\" aria-label=\"Kontakt-Formular\" novalidate=\"novalidate\" data-status=\"init\" data-trp-original-action=\"\/de\/wp-json\/wp\/v2\/pages\/1609#wpcf7-f5800-o2\">\n<div style=\"display: none;\">\n<input type=\"hidden\" name=\"_wpcf7\" value=\"5800\" \/>\n<input type=\"hidden\" name=\"_wpcf7_version\" value=\"6.0.6\" \/>\n<input type=\"hidden\" name=\"_wpcf7_locale\" value=\"en_US\" \/>\n<input type=\"hidden\" name=\"_wpcf7_unit_tag\" value=\"wpcf7-f5800-o2\" \/>\n<input type=\"hidden\" name=\"_wpcf7_container_post\" value=\"0\" \/>\n<input type=\"hidden\" name=\"_wpcf7_posted_data_hash\" value=\"\" \/>\n<\/div>\n<div class=\"popmakerform\">\n\t<h3>Kostenloses Angebot erhalten\n\t<\/h3>\n\t<p>Lassen Sie uns gemeinsam an Ihrem Projekt per E-Mail arbeiten: <a href=\"mailto:info@hdcarmouredcable.com\" rel=\"nofollow\">info@hdcarmouredcable.com<\/a>\n\t<\/p>\n\t<p>Interessantes Produkt <span style=\"color:red;\">*<span><br \/>\n<span class=\"wpcf7-form-control-wrap\" data-name=\"item\"><input size=\"40\" maxlength=\"400\" class=\"wpcf7-form-control wpcf7-text\" aria-invalid=\"false\" value=\"\" type=\"text\" name=\"item\" \/><\/span><\/span><\/span>\n\t<\/p>\n\t<p>Ihr Name <span style=\"color:red;\">*<span><br \/>\n<span class=\"wpcf7-form-control-wrap\" data-name=\"your-name\"><input size=\"40\" maxlength=\"400\" class=\"wpcf7-form-control wpcf7-text wpcf7-validates-as-required\" aria-required=\"true\" aria-invalid=\"false\" value=\"\" type=\"text\" name=\"your-name\" \/><\/span><\/span><\/span>\n\t<\/p>\n\t<p>Deine E-Mail <span style=\"color:red;\">*<span><br \/>\n<span class=\"wpcf7-form-control-wrap\" data-name=\"your-email\"><input size=\"40\" maxlength=\"400\" class=\"wpcf7-form-control wpcf7-email wpcf7-validates-as-required wpcf7-text wpcf7-validates-as-email\" aria-required=\"true\" aria-invalid=\"false\" value=\"\" type=\"email\" name=\"your-email\" \/><\/span><\/span><\/span>\n\t<\/p>\n\t<p>Ihre Telefonnummer (einschlie\u00dflich der Vorwahl)<br \/>\n<span class=\"wpcf7-form-control-wrap\" data-name=\"your-phone\"><input size=\"40\" maxlength=\"400\" class=\"wpcf7-form-control wpcf7-text\" aria-invalid=\"false\" value=\"\" type=\"text\" name=\"your-phone\" \/><\/span>\n\t<\/p>\n\t<p>Ihr Land<br \/>\n<span class=\"wpcf7-form-control-wrap\" data-name=\"your-country\"><input size=\"40\" maxlength=\"400\" class=\"wpcf7-form-control wpcf7-text\" aria-invalid=\"false\" value=\"\" type=\"text\" name=\"your-country\" \/><\/span>\n\t<\/p>\n\t<p>Detaillierte Anforderung <span style=\"color:red;\">*<span><br \/>\n<span class=\"wpcf7-form-control-wrap\" data-name=\"your-requirement\"><textarea cols=\"40\" rows=\"5\" maxlength=\"2000\" class=\"wpcf7-form-control wpcf7-textarea wpcf7-validates-as-required\" aria-required=\"true\" aria-invalid=\"false\" placeholder=\"F\u00fcr ein detailliertes Angebot, senden Sie uns bitte Ihre Anforderungen. *\" name=\"your-requirement\"><\/textarea><\/span><\/span><\/span>\n\t<\/p>\n\t<p><input class=\"wpcf7-form-control wpcf7-submit has-spinner\" type=\"submit\" value=\"Angebot einholen\" \/>\n\t<\/p>\n<\/div><input type='hidden' class='wpcf7-pum' value='{\"closepopup\":false,\"closedelay\":0,\"openpopup\":false,\"openpopup_id\":0}' \/><div class=\"wpcf7-response-output\" aria-hidden=\"true\"><\/div>\n<input type=\"hidden\" name=\"trp-form-language\" value=\"de\"\/><\/form>\n<\/div>\n<\/div>","protected":false},"excerpt":{"rendered":"<p>Merkmal des Aufbaus der 95 mm-300 mm 3 Ader Panzerkabel Warum sagen, der Aufbau der 95mm2- 300 mm 3 Ader Panzerkabel ist ganz ausgezeichnet. Wegen der Hauptbestandteile einer Stahldrahtpanzerschicht von 120 mm - 300 mm 3 Kern cu xlpe swa Panzerkabel.  In Bezug auf die 95 mm 3 ... <a class=\"read-more\" href=\"https:\/\/hdcarmouredcable.com\/de\/95-300mm-3-core-armoured-cable\/\">Weiterlesen ...<\/a><\/p>","protected":false},"author":1,"featured_media":0,"parent":0,"menu_order":0,"comment_status":"closed","ping_status":"closed","template":"","meta":{"_joinchat":[],"footnotes":""},"class_list":["post-1609","page","type-page","status-publish"],"yoast_head":"<!-- This site is optimized with the Yoast SEO plugin v25.1 - https:\/\/yoast.com\/wordpress\/plugins\/seo\/ -->\n<title>Cu\/XLPE\/SWA 85 120mm 185mm 240mm 300 mm 3 core armoured cable<\/title>\n<meta name=\"description\" content=\"Huadong cable group mainly produce 1\/35kv Cu\/AL\/XPE\/SWA\/PVC 95mm,120 mm2, 185mm, 240mm,300 mm 3 core armoured cable, can customize all size of swa cable.\" \/>\n<meta name=\"robots\" content=\"index, follow, max-snippet:-1, max-image-preview:large, max-video-preview:-1\" \/>\n<link rel=\"canonical\" href=\"https:\/\/hdcarmouredcable.com\/de\/95-300mm-3-core-armoured-cable\/\" \/>\n<meta property=\"og:locale\" content=\"de_DE\" \/>\n<meta property=\"og:type\" content=\"article\" \/>\n<meta property=\"og:title\" content=\"Cu\/XLPE\/SWA 85 120mm 185mm 240mm 300 mm 3 core armoured cable\" \/>\n<meta property=\"og:description\" content=\"Huadong cable group mainly produce 1\/35kv Cu\/AL\/XPE\/SWA\/PVC 95mm,120 mm2, 185mm, 240mm,300 mm 3 core armoured cable, can customize all size of swa cable.\" \/>\n<meta property=\"og:url\" content=\"https:\/\/hdcarmouredcable.com\/de\/95-300mm-3-core-armoured-cable\/\" \/>\n<meta property=\"og:site_name\" content=\"Huadong Armoured Cable Group\" \/>\n<meta property=\"article:publisher\" content=\"https:\/\/www.facebook.com\/lily.ding.52\" \/>\n<meta property=\"article:modified_time\" content=\"2023-07-25T03:06:32+00:00\" \/>\n<meta property=\"og:image\" content=\"https:\/\/hdcarmouredcable.com\/wp-content\/uploads\/2019\/04\/240-mm-3-core-xlpe-swa-armoured-cable-price.png\" \/>\n<meta name=\"twitter:card\" content=\"summary_large_image\" \/>\n<meta name=\"twitter:label1\" content=\"Gesch\u00e4tzte Lesezeit\" \/>\n\t<meta name=\"twitter:data1\" content=\"4\u00a0Minuten\" \/>\n<script type=\"application\/ld+json\" class=\"yoast-schema-graph\">{\"@context\":\"https:\/\/schema.org\",\"@graph\":[{\"@type\":\"WebPage\",\"@id\":\"https:\/\/hdcarmouredcable.com\/95-300mm-3-core-armoured-cable\/\",\"url\":\"https:\/\/hdcarmouredcable.com\/95-300mm-3-core-armoured-cable\/\",\"name\":\"Cu\/XLPE\/SWA 85 120mm 185mm 240mm 300 mm 3 core armoured cable\",\"isPartOf\":{\"@id\":\"https:\/\/hdcarmouredcable.com\/#website\"},\"primaryImageOfPage\":{\"@id\":\"https:\/\/hdcarmouredcable.com\/95-300mm-3-core-armoured-cable\/#primaryimage\"},\"image\":{\"@id\":\"https:\/\/hdcarmouredcable.com\/95-300mm-3-core-armoured-cable\/#primaryimage\"},\"thumbnailUrl\":\"https:\/\/hdcarmouredcable.com\/wp-content\/uploads\/2019\/04\/240-mm-3-core-xlpe-swa-armoured-cable-price.png\",\"datePublished\":\"2019-04-03T07:52:18+00:00\",\"dateModified\":\"2023-07-25T03:06:32+00:00\",\"description\":\"Huadong cable group mainly produce 1\/35kv Cu\/AL\/XPE\/SWA\/PVC 95mm,120 mm2, 185mm, 240mm,300 mm 3 core armoured cable, can customize all size of swa cable.\",\"inLanguage\":\"de\",\"potentialAction\":[{\"@type\":\"ReadAction\",\"target\":[\"https:\/\/hdcarmouredcable.com\/95-300mm-3-core-armoured-cable\/\"]}]},{\"@type\":\"ImageObject\",\"inLanguage\":\"de\",\"@id\":\"https:\/\/hdcarmouredcable.com\/95-300mm-3-core-armoured-cable\/#primaryimage\",\"url\":\"https:\/\/hdcarmouredcable.com\/wp-content\/uploads\/2019\/04\/240-mm-3-core-xlpe-swa-armoured-cable-price.png\",\"contentUrl\":\"https:\/\/hdcarmouredcable.com\/wp-content\/uploads\/2019\/04\/240-mm-3-core-xlpe-swa-armoured-cable-price.png\"},{\"@type\":\"WebSite\",\"@id\":\"https:\/\/hdcarmouredcable.com\/#website\",\"url\":\"https:\/\/hdcarmouredcable.com\/\",\"name\":\"Huadong Armoured Cable Group\",\"description\":\"professional steel wire armoured cable manufacturer\",\"publisher\":{\"@id\":\"https:\/\/hdcarmouredcable.com\/#organization\"},\"potentialAction\":[{\"@type\":\"SearchAction\",\"target\":{\"@type\":\"EntryPoint\",\"urlTemplate\":\"https:\/\/hdcarmouredcable.com\/?s={search_term_string}\"},\"query-input\":{\"@type\":\"PropertyValueSpecification\",\"valueRequired\":true,\"valueName\":\"search_term_string\"}}],\"inLanguage\":\"de\"},{\"@type\":\"Organization\",\"@id\":\"https:\/\/hdcarmouredcable.com\/#organization\",\"name\":\"Huadong Cable Group\",\"url\":\"https:\/\/hdcarmouredcable.com\/\",\"logo\":{\"@type\":\"ImageObject\",\"inLanguage\":\"de\",\"@id\":\"https:\/\/hdcarmouredcable.com\/#\/schema\/logo\/image\/\",\"url\":\"https:\/\/hdcarmouredcable.com\/wp-content\/uploads\/2022\/07\/Huadong-log.png\",\"contentUrl\":\"https:\/\/hdcarmouredcable.com\/wp-content\/uploads\/2022\/07\/Huadong-log.png\",\"width\":860,\"height\":860,\"caption\":\"Huadong Cable Group\"},\"image\":{\"@id\":\"https:\/\/hdcarmouredcable.com\/#\/schema\/logo\/image\/\"},\"sameAs\":[\"https:\/\/www.facebook.com\/lily.ding.52\",\"https:\/\/www.linkedin.com\/in\/lilyxlpecable\/\"]}]}<\/script>\n<!-- \/ Yoast SEO plugin. -->","yoast_head_json":{"title":"Cu\/XLPE\/SWA 85 120mm 185mm 240mm 300 mm 3-adriges armiertes Kabel","description":"Die Huadong-Kabelgruppe produziert haupts\u00e4chlich 1\/35kv Cu\/AL\/XPE\/SWA\/PVC 95mm, 120 mm2, 185mm, 240mm, 300 mm 3-adriges Panzerkabel und kann alle Gr\u00f6\u00dfen von Swa-Kabeln anpassen.","robots":{"index":"index","follow":"follow","max-snippet":"max-snippet:-1","max-image-preview":"max-image-preview:large","max-video-preview":"max-video-preview:-1"},"canonical":"https:\/\/hdcarmouredcable.com\/de\/95-300mm-3-core-armoured-cable\/","og_locale":"de_DE","og_type":"article","og_title":"Cu\/XLPE\/SWA 85 120mm 185mm 240mm 300 mm 3 core armoured cable","og_description":"Huadong cable group mainly produce 1\/35kv Cu\/AL\/XPE\/SWA\/PVC 95mm,120 mm2, 185mm, 240mm,300 mm 3 core armoured cable, can customize all size of swa cable.","og_url":"https:\/\/hdcarmouredcable.com\/de\/95-300mm-3-core-armoured-cable\/","og_site_name":"Huadong Armoured Cable Group","article_publisher":"https:\/\/www.facebook.com\/lily.ding.52","article_modified_time":"2023-07-25T03:06:32+00:00","og_image":[{"url":"https:\/\/hdcarmouredcable.com\/wp-content\/uploads\/2019\/04\/240-mm-3-core-xlpe-swa-armoured-cable-price.png","type":"","width":"","height":""}],"twitter_card":"summary_large_image","twitter_misc":{"Gesch\u00e4tzte Lesezeit":"4\u00a0Minuten"},"schema":{"@context":"https:\/\/schema.org","@graph":[{"@type":"WebPage","@id":"https:\/\/hdcarmouredcable.com\/95-300mm-3-core-armoured-cable\/","url":"https:\/\/hdcarmouredcable.com\/95-300mm-3-core-armoured-cable\/","name":"Cu\/XLPE\/SWA 85 120mm 185mm 240mm 300 mm 3-adriges armiertes Kabel","isPartOf":{"@id":"https:\/\/hdcarmouredcable.com\/#website"},"primaryImageOfPage":{"@id":"https:\/\/hdcarmouredcable.com\/95-300mm-3-core-armoured-cable\/#primaryimage"},"image":{"@id":"https:\/\/hdcarmouredcable.com\/95-300mm-3-core-armoured-cable\/#primaryimage"},"thumbnailUrl":"https:\/\/hdcarmouredcable.com\/wp-content\/uploads\/2019\/04\/240-mm-3-core-xlpe-swa-armoured-cable-price.png","datePublished":"2019-04-03T07:52:18+00:00","dateModified":"2023-07-25T03:06:32+00:00","description":"Die Huadong-Kabelgruppe produziert haupts\u00e4chlich 1\/35kv Cu\/AL\/XPE\/SWA\/PVC 95mm, 120 mm2, 185mm, 240mm, 300 mm 3-adriges Panzerkabel und kann alle Gr\u00f6\u00dfen von Swa-Kabeln anpassen.","inLanguage":"de","potentialAction":[{"@type":"ReadAction","target":["https:\/\/hdcarmouredcable.com\/95-300mm-3-core-armoured-cable\/"]}]},{"@type":"ImageObject","inLanguage":"de","@id":"https:\/\/hdcarmouredcable.com\/95-300mm-3-core-armoured-cable\/#primaryimage","url":"https:\/\/hdcarmouredcable.com\/wp-content\/uploads\/2019\/04\/240-mm-3-core-xlpe-swa-armoured-cable-price.png","contentUrl":"https:\/\/hdcarmouredcable.com\/wp-content\/uploads\/2019\/04\/240-mm-3-core-xlpe-swa-armoured-cable-price.png"},{"@type":"WebSite","@id":"https:\/\/hdcarmouredcable.com\/#website","url":"https:\/\/hdcarmouredcable.com\/","name":"Huadong Armoured Cable Gruppe","description":"professioneller Hersteller von Stahldraht-Panzerkabel","publisher":{"@id":"https:\/\/hdcarmouredcable.com\/#organization"},"potentialAction":[{"@type":"SearchAction","target":{"@type":"EntryPoint","urlTemplate":"https:\/\/hdcarmouredcable.com\/?s={search_term_string}"},"query-input":{"@type":"PropertyValueSpecification","valueRequired":true,"valueName":"search_term_string"}}],"inLanguage":"de"},{"@type":"Organization","@id":"https:\/\/hdcarmouredcable.com\/#organization","name":"Huadong Kabel Gruppe","url":"https:\/\/hdcarmouredcable.com\/","logo":{"@type":"ImageObject","inLanguage":"de","@id":"https:\/\/hdcarmouredcable.com\/#\/schema\/logo\/image\/","url":"https:\/\/hdcarmouredcable.com\/wp-content\/uploads\/2022\/07\/Huadong-log.png","contentUrl":"https:\/\/hdcarmouredcable.com\/wp-content\/uploads\/2022\/07\/Huadong-log.png","width":860,"height":860,"caption":"Huadong Cable Group"},"image":{"@id":"https:\/\/hdcarmouredcable.com\/#\/schema\/logo\/image\/"},"sameAs":["https:\/\/www.facebook.com\/lily.ding.52","https:\/\/www.linkedin.com\/in\/lilyxlpecable\/"]}]}},"amp_enabled":true,"_links":{"self":[{"href":"https:\/\/hdcarmouredcable.com\/de\/wp-json\/wp\/v2\/pages\/1609","targetHints":{"allow":["GET"]}}],"collection":[{"href":"https:\/\/hdcarmouredcable.com\/de\/wp-json\/wp\/v2\/pages"}],"about":[{"href":"https:\/\/hdcarmouredcable.com\/de\/wp-json\/wp\/v2\/types\/page"}],"author":[{"embeddable":true,"href":"https:\/\/hdcarmouredcable.com\/de\/wp-json\/wp\/v2\/users\/1"}],"replies":[{"embeddable":true,"href":"https:\/\/hdcarmouredcable.com\/de\/wp-json\/wp\/v2\/comments?post=1609"}],"version-history":[{"count":8,"href":"https:\/\/hdcarmouredcable.com\/de\/wp-json\/wp\/v2\/pages\/1609\/revisions"}],"predecessor-version":[{"id":9525,"href":"https:\/\/hdcarmouredcable.com\/de\/wp-json\/wp\/v2\/pages\/1609\/revisions\/9525"}],"wp:attachment":[{"href":"https:\/\/hdcarmouredcable.com\/de\/wp-json\/wp\/v2\/media?parent=1609"}],"curies":[{"name":"wp","href":"https:\/\/api.w.org\/{rel}","templated":true}]}}