{"id":1642,"date":"2019-04-10T17:36:02","date_gmt":"2019-04-10T09:36:02","guid":{"rendered":"https:\/\/hdcarmouredcable.com\/?page_id=1642"},"modified":"2023-07-21T16:38:55","modified_gmt":"2023-07-21T08:38:55","slug":"300mm-single-core-armoured-cable","status":"publish","type":"page","link":"https:\/\/hdcarmouredcable.com\/de\/300mm-einadriges-armiertes-kabel\/","title":{"rendered":"11kv 33kv 300mm Kupfer\/Aluminium Einadriges XLPE PVC armiertes Kabel Preis"},"content":{"rendered":"<h2>300mm einadriges armiertes Kabel mit 11kv 33kv Leiter<\/h2>\n<p>Wegen der 11kv 33k 300mm einadrigen armierten Kabel verseilten verdichteten runden Kupfer-oder Aluminium-Leiter. Daher sind alle internen Zwischenr\u00e4ume der Leiter mit Wasser blockieren Verbindung versuchen. Also, die angegeben ist, um das Eindringen von Wasser durch Leiter w\u00e4hrend der Lagerung, Handhabung, Installation und Betrieb des Kabels zu verhindern.<\/p>\n<div class=\"row prodetails\">\n<div class=\"col-lg-6 col-md-12 col-xs-12 col-sm-12\">\n<p><img loading=\"lazy\" decoding=\"async\" width=\"250\" height=\"250\" class=\"size-full wp-image-1643\" src=\"https:\/\/hdcarmouredcable.com\/wp-content\/uploads\/2019\/04\/11kv-300mm-single-core-armoured-cable-price.jpg\" alt=\"&quot;11kv\" srcset=\"https:\/\/hdcarmouredcable.com\/wp-content\/uploads\/2019\/04\/11kv-300mm-single-core-armoured-cable-price.jpg 250w, https:\/\/hdcarmouredcable.com\/wp-content\/uploads\/2019\/04\/11kv-300mm-single-core-armoured-cable-price-150x150.jpg 150w\" sizes=\"auto, (max-width: 250px) 100vw, 250px\" \/><\/p>\n<\/div>\n<div class=\"col-lg-6 col-md-12 col-xs-12 col-sm-12\">\n<p><strong>Spannung:<\/strong> 1.8\/3KV,3.6\/6KV,6\/10KV,10KV,11KV,15kv,8.7\/15KV, 18\/30KV,19\/33KV, 26\/35KV und so weiter.<br \/>\n<strong>Dirigent:<\/strong> Aluminium\/Kupfer\/verzinntes Kupfer und so weiter.<br \/>\n<strong>Sektionsbereich:<\/strong>\u00a0185mm, 240mm, 300mm, 630mm2 und so weiter.<br \/>\n<strong>Typ der R\u00fcstung:<\/strong><br \/>\n1. Verzinkte Stahldr\u00e4hte\/Stahlband f\u00fcr 3 Kern;<br \/>\n2. Edelstahldraht\/Stahlband oder Aluminiumdraht\/-band f\u00fcr Einzeladern Polyvinylchlorid (PVC) oder PE oder HDPE.<br \/>\n<strong>Isolierung:<\/strong> XLPE\/Pvc und so weiter.<br \/>\n<strong>Bildschirm:<\/strong> Schirm aus Kupferband.<br \/>\n<strong>Mantel:<\/strong> PVC und so weiter<\/p>\n<p>&nbsp;<\/p>\n<p style=\"text-align: center;\"><span class=\"su-lightbox\" data-mfp-src=\"#popmake-form\" data-mfp-type=\"inline\" data-mobile=\"yes\"><button class=\"btn btn-danger btn-sm\" ><i class=\"glyphicon glyphicon-ok-sign\" style=\"color:#eeee22;\"><\/i> Einadriges 300mm2 Xlpe-Kabel Preis erhalten<\/button><\/span>\n<\/div>\n<\/div>\n<h2>33kv 11kv 300mm einadriges xlpe Kabel Leiter Schirm<\/h2>\n<p>aufgrund der, die 11kv 33kv gepanzerte 300mm xlpe Kabel extrudiert halbleitende Verbindung. So, minimale Dicke der 11kv 33kv 300mm einadrige Panzerkabel 0,5 mm und die maximale Volumenwiderstand von 5000 Ohm-an bei 20\u00b0C und 25000 Ohm-cm bei 90\u00b0 C.<\/p>\n<figure id=\"attachment_1644\" aria-describedby=\"caption-attachment-1644\" style=\"width: 820px\" class=\"wp-caption aligncenter\"><img loading=\"lazy\" decoding=\"async\" class=\"size-full wp-image-1644\" src=\"https:\/\/hdcarmouredcable.com\/wp-content\/uploads\/2019\/04\/300mm-xlpe-single-core-cable-price.jpg\" alt=\"300mm xlpe einadriges Kabel Preis\" width=\"830\" height=\"160\" srcset=\"https:\/\/hdcarmouredcable.com\/wp-content\/uploads\/2019\/04\/300mm-xlpe-single-core-cable-price.jpg 830w, https:\/\/hdcarmouredcable.com\/wp-content\/uploads\/2019\/04\/300mm-xlpe-single-core-cable-price-300x58.jpg 300w, https:\/\/hdcarmouredcable.com\/wp-content\/uploads\/2019\/04\/300mm-xlpe-single-core-cable-price-768x148.jpg 768w, https:\/\/hdcarmouredcable.com\/wp-content\/uploads\/2019\/04\/300mm-xlpe-single-core-cable-price-600x116.jpg 600w\" sizes=\"auto, (max-width: 830px) 100vw, 830px\" \/><figcaption id=\"caption-attachment-1644\" class=\"wp-caption-text\">300mm xlpe einadriges Kabel Preis<\/figcaption><\/figure>\n<p style=\"text-align: center;\"><span class=\"su-lightbox\" data-mfp-src=\"#popmake-form\" data-mfp-type=\"inline\" data-mobile=\"yes\"><button class=\"btn btn-danger btn-sm\" ><i class=\"glyphicon glyphicon-ok-sign\" style=\"color:#eeee22;\"><\/i> 300mm einadriges Xlpe-Kabel Preis erhalten<\/button><\/span>\n<h2>Armiertes 11kv einadriges 300mm2 xlpe Kabel Isolierung<\/h2>\n<p>Im Allgemeinen ist das gepanzerte 11kv einadrige 300mm2 xlpe Kabel extrudiertes XLPE mit einem hohen Vernetzungsgrad. So ist es frei von Verunreinigungen, Luftporen und hitzebest\u00e4ndig durch trockenen Prozess geh\u00e4rtet.<\/p>\n<div class=\"row\">\n<div class=\"col-lg-6 col-md-12 col-xs-12 col-sm-12\">\n<figure id=\"attachment_1645\" aria-describedby=\"caption-attachment-1645\" style=\"width: 340px\" class=\"wp-caption aligncenter\"><img loading=\"lazy\" decoding=\"async\" class=\"size-full wp-image-1645\" src=\"https:\/\/hdcarmouredcable.com\/wp-content\/uploads\/2019\/04\/Armoured-single-core-300mm2-xlpe-cable.jpg\" alt=\"Armiertes einadriges 300mm2 Xlpe-Kabel\" width=\"350\" height=\"350\" srcset=\"https:\/\/hdcarmouredcable.com\/wp-content\/uploads\/2019\/04\/Armoured-single-core-300mm2-xlpe-cable.jpg 350w, https:\/\/hdcarmouredcable.com\/wp-content\/uploads\/2019\/04\/Armoured-single-core-300mm2-xlpe-cable-150x150.jpg 150w, https:\/\/hdcarmouredcable.com\/wp-content\/uploads\/2019\/04\/Armoured-single-core-300mm2-xlpe-cable-300x300.jpg 300w\" sizes=\"auto, (max-width: 350px) 100vw, 350px\" \/><figcaption id=\"caption-attachment-1645\" class=\"wp-caption-text\">Armiertes einadriges 300mm2 Xlpe-Kabel<\/figcaption><\/figure>\n<\/div>\n<div class=\"col-lg-6 col-md-12 col-xs-12 col-sm-12\">\n<figure id=\"attachment_1646\" aria-describedby=\"caption-attachment-1646\" style=\"width: 350px\" class=\"wp-caption aligncenter\"><img loading=\"lazy\" decoding=\"async\" class=\"size-full wp-image-1646\" src=\"https:\/\/hdcarmouredcable.com\/wp-content\/uploads\/2019\/04\/33kv-300mm-single-core-xlpe-cable-price.jpg\" alt=\"33kv 300mm einadriges Xlpe-Kabel Preis\" width=\"360\" height=\"360\" srcset=\"https:\/\/hdcarmouredcable.com\/wp-content\/uploads\/2019\/04\/33kv-300mm-single-core-xlpe-cable-price.jpg 360w, https:\/\/hdcarmouredcable.com\/wp-content\/uploads\/2019\/04\/33kv-300mm-single-core-xlpe-cable-price-150x150.jpg 150w, https:\/\/hdcarmouredcable.com\/wp-content\/uploads\/2019\/04\/33kv-300mm-single-core-xlpe-cable-price-300x300.jpg 300w\" sizes=\"auto, (max-width: 360px) 100vw, 360px\" \/><figcaption id=\"caption-attachment-1646\" class=\"wp-caption-text\">33kv 300mm einadriges Xlpe-Kabel Preis<\/figcaption><\/figure>\n<\/div>\n<p style=\"text-align: center;\"><span class=\"su-lightbox\" data-mfp-src=\"#popmake-form\" data-mfp-type=\"inline\" data-mobile=\"yes\"><button class=\"btn btn-danger btn-sm\" ><i class=\"glyphicon glyphicon-ok-sign\" style=\"color:#eeee22;\"><\/i> Preis f\u00fcr 300mm Panzerkabel erhalten<\/button><\/span><\/div>\n<h2>11kv 33k 300mm einadriges Panzerkabel Anwendung:<\/h2>\n<p>Neben dem 300mm xlpe Einleiterkabel f\u00fcr die Verlegung im Erdreich, im Wasser, im Freien. Aber auch in Innenr\u00e4umen und in Kabelkan\u00e4len f\u00fcr Kraftwerke, Industrie und Verteilnetze. Gleichzeitig erleichtern die guten Verlegeeigenschaften dieses 33kv 11kv 300mm einadrigen xlpe armierten 11kv 33kv Kabels die Verlegung, auch auf schwierigen Trassen.<\/p>\n<p>Wegen der Huadong Kabel Gruppe kann die <a href=\"https:\/\/hdcarmouredcable.com\/de\/1-4-core-300mm2-cable-price\/\">4-adriges bewehrtes 300mm2 Kabel<\/a> f\u00fcr Kunden. Wir haben das Kabel in S\u00fcdafrika, Philippinen, Indonesien, Malaysia, Singapur, Vietnam, Korea, Mongolei, Jemen, Kambodscha und so weiter exportiert.<\/p>\n<figure id=\"attachment_1647\" aria-describedby=\"caption-attachment-1647\" style=\"width: 1591px\" class=\"wp-caption aligncenter\"><img loading=\"lazy\" decoding=\"async\" class=\"size-full wp-image-1647\" src=\"https:\/\/hdcarmouredcable.com\/wp-content\/uploads\/2019\/04\/300mm-single-core-cable-price.jpg\" alt=\"300mm einadriges Kabel Preis\" width=\"1601\" height=\"300\" srcset=\"https:\/\/hdcarmouredcable.com\/wp-content\/uploads\/2019\/04\/300mm-single-core-cable-price.jpg 1601w, https:\/\/hdcarmouredcable.com\/wp-content\/uploads\/2019\/04\/300mm-single-core-cable-price-300x56.jpg 300w, https:\/\/hdcarmouredcable.com\/wp-content\/uploads\/2019\/04\/300mm-single-core-cable-price-768x144.jpg 768w, https:\/\/hdcarmouredcable.com\/wp-content\/uploads\/2019\/04\/300mm-single-core-cable-price-1024x192.jpg 1024w\" sizes=\"auto, (max-width: 1601px) 100vw, 1601px\" \/><figcaption id=\"caption-attachment-1647\" class=\"wp-caption-text\">300mm einadriges Kabel Preis<\/figcaption><\/figure>\n\n<div class=\"wpcf7 no-js\" id=\"wpcf7-f5785-o1\" lang=\"en-US\" dir=\"ltr\" data-wpcf7-id=\"5785\">\n<div class=\"screen-reader-response\"><p role=\"status\" aria-live=\"polite\" aria-atomic=\"true\"><\/p> <ul><\/ul><\/div>\n<form action=\"\/de\/wp-json\/wp\/v2\/pages\/1642#wpcf7-f5785-o1\" method=\"post\" class=\"wpcf7-form init\" aria-label=\"Kontakt-Formular\" novalidate=\"novalidate\" data-status=\"init\" data-trp-original-action=\"\/de\/wp-json\/wp\/v2\/pages\/1642#wpcf7-f5785-o1\">\n<div style=\"display: none;\">\n<input type=\"hidden\" name=\"_wpcf7\" value=\"5785\" \/>\n<input type=\"hidden\" name=\"_wpcf7_version\" value=\"6.0.6\" \/>\n<input type=\"hidden\" name=\"_wpcf7_locale\" value=\"en_US\" \/>\n<input type=\"hidden\" name=\"_wpcf7_unit_tag\" value=\"wpcf7-f5785-o1\" \/>\n<input type=\"hidden\" name=\"_wpcf7_container_post\" value=\"0\" \/>\n<input type=\"hidden\" name=\"_wpcf7_posted_data_hash\" value=\"\" \/>\n<\/div>\n<div>\n\t<h2>Hinterlassen Sie Ihre Nachricht, Kostenloses Angebot einholen\n\t<\/h2>\n\t<p>Lassen Sie uns gemeinsam an Ihrem Projekt per E-Mail arbeiten: <a href=\"mailto:info@hdcarmouredcable.com\" rel=\"nofollow\">info@hdcarmouredcable.com<\/a>\n\t<\/p>\n\t<div class=\"messageform\">\n\t\t<p><strong><span style=\"color:red;\">*<\/span> Ihr Name<\/strong><br \/>\n<span class=\"wpcf7-form-control-wrap\" data-name=\"your-name\"><input size=\"40\" maxlength=\"400\" class=\"wpcf7-form-control wpcf7-text wpcf7-validates-as-required\" aria-required=\"true\" aria-invalid=\"false\" value=\"\" type=\"text\" name=\"your-name\" \/><\/span>\n\t\t<\/p>\n\t\t<p><strong><span style=\"color:red;\">*<\/span> Deine E-Mail<\/strong>\n\t\t<\/p>\n\t\t<p><span class=\"wpcf7-form-control-wrap\" data-name=\"your-email\"><input size=\"40\" maxlength=\"400\" class=\"wpcf7-form-control wpcf7-email wpcf7-validates-as-required wpcf7-text wpcf7-validates-as-email\" aria-required=\"true\" aria-invalid=\"false\" value=\"\" type=\"email\" name=\"your-email\" \/><\/span>\n\t\t<\/p>\n\t\t<p><strong>Ihr Land<\/strong>\n\t\t<\/p>\n\t\t<p><span class=\"wpcf7-form-control-wrap\" data-name=\"your-country\"><input size=\"40\" maxlength=\"400\" class=\"wpcf7-form-control wpcf7-text\" aria-invalid=\"false\" value=\"\" type=\"text\" name=\"your-country\" \/><\/span>\n\t\t<\/p>\n\t\t<p><strong><span style=\"color:red;\">*<\/span> Ihr Bedarf<\/strong>\n\t\t<\/p>\n\t\t<p><span class=\"wpcf7-form-control-wrap\" data-name=\"your-requirement\"><textarea cols=\"40\" rows=\"10\" maxlength=\"2000\" class=\"wpcf7-form-control wpcf7-textarea wpcf7-validates-as-required bestonmessage\" aria-required=\"true\" aria-invalid=\"false\" placeholder=\"F\u00fcr ein detailliertes Angebot senden Sie uns bitte Ihre Anforderungen.\" name=\"your-requirement\"><\/textarea><\/span>\n\t\t<\/p>\n\t\t<p><input class=\"wpcf7-form-control wpcf7-submit has-spinner\" type=\"submit\" value=\"Nachricht senden\" \/>\n\t\t<\/p>\n\t<\/div>\n<\/div><input type='hidden' class='wpcf7-pum' value='{\"closepopup\":false,\"closedelay\":0,\"openpopup\":false,\"openpopup_id\":0}' \/><div class=\"wpcf7-response-output\" aria-hidden=\"true\"><\/div>\n<input type=\"hidden\" name=\"trp-form-language\" value=\"de\"\/><\/form>\n<\/div>\n\n<div class=\"su-lightbox-content su-u-trim\" id=\"popmake-form\" style=\"display:none;width:65%;min-width:none;max-width:600px;margin-top:40px;margin-bottom:40px;padding:20px;background:#FFFFFF;color:#333333;box-shadow:0px 0px 15px #333333;text-align:left\">\n<div class=\"wpcf7 no-js\" id=\"wpcf7-f5800-o2\" lang=\"en-US\" dir=\"ltr\" data-wpcf7-id=\"5800\">\n<div class=\"screen-reader-response\"><p role=\"status\" aria-live=\"polite\" aria-atomic=\"true\"><\/p> <ul><\/ul><\/div>\n<form action=\"\/de\/wp-json\/wp\/v2\/pages\/1642#wpcf7-f5800-o2\" method=\"post\" class=\"wpcf7-form init\" aria-label=\"Kontakt-Formular\" novalidate=\"novalidate\" data-status=\"init\" data-trp-original-action=\"\/de\/wp-json\/wp\/v2\/pages\/1642#wpcf7-f5800-o2\">\n<div style=\"display: none;\">\n<input type=\"hidden\" name=\"_wpcf7\" value=\"5800\" \/>\n<input type=\"hidden\" name=\"_wpcf7_version\" value=\"6.0.6\" \/>\n<input type=\"hidden\" name=\"_wpcf7_locale\" value=\"en_US\" \/>\n<input type=\"hidden\" name=\"_wpcf7_unit_tag\" value=\"wpcf7-f5800-o2\" \/>\n<input type=\"hidden\" name=\"_wpcf7_container_post\" value=\"0\" \/>\n<input type=\"hidden\" name=\"_wpcf7_posted_data_hash\" value=\"\" \/>\n<\/div>\n<div class=\"popmakerform\">\n\t<h3>Kostenloses Angebot erhalten\n\t<\/h3>\n\t<p>Lassen Sie uns gemeinsam an Ihrem Projekt per E-Mail arbeiten: <a href=\"mailto:info@hdcarmouredcable.com\" rel=\"nofollow\">info@hdcarmouredcable.com<\/a>\n\t<\/p>\n\t<p>Interessantes Produkt <span style=\"color:red;\">*<span><br \/>\n<span class=\"wpcf7-form-control-wrap\" data-name=\"item\"><input size=\"40\" maxlength=\"400\" class=\"wpcf7-form-control wpcf7-text\" id=\"item\" aria-invalid=\"false\" value=\"\" type=\"text\" name=\"item\" \/><\/span><\/span><\/span>\n\t<\/p>\n\t<p>Ihr Name <span style=\"color:red;\">*<span><br \/>\n<span class=\"wpcf7-form-control-wrap\" data-name=\"your-name\"><input size=\"40\" maxlength=\"400\" class=\"wpcf7-form-control wpcf7-text wpcf7-validates-as-required\" aria-required=\"true\" aria-invalid=\"false\" value=\"\" type=\"text\" name=\"your-name\" \/><\/span><\/span><\/span>\n\t<\/p>\n\t<p>Deine E-Mail <span style=\"color:red;\">*<span><br \/>\n<span class=\"wpcf7-form-control-wrap\" data-name=\"your-email\"><input size=\"40\" maxlength=\"400\" class=\"wpcf7-form-control wpcf7-email wpcf7-validates-as-required wpcf7-text wpcf7-validates-as-email\" aria-required=\"true\" aria-invalid=\"false\" value=\"\" type=\"email\" name=\"your-email\" \/><\/span><\/span><\/span>\n\t<\/p>\n\t<p>Ihre Telefonnummer (einschlie\u00dflich der Vorwahl)<br \/>\n<span class=\"wpcf7-form-control-wrap\" data-name=\"your-phone\"><input size=\"40\" maxlength=\"400\" class=\"wpcf7-form-control wpcf7-text\" aria-invalid=\"false\" value=\"\" type=\"text\" name=\"your-phone\" \/><\/span>\n\t<\/p>\n\t<p>Ihr Land<br \/>\n<span class=\"wpcf7-form-control-wrap\" data-name=\"your-country\"><input size=\"40\" maxlength=\"400\" class=\"wpcf7-form-control wpcf7-text\" aria-invalid=\"false\" value=\"\" type=\"text\" name=\"your-country\" \/><\/span>\n\t<\/p>\n\t<p>Detaillierte Anforderung <span style=\"color:red;\">*<span><br \/>\n<span class=\"wpcf7-form-control-wrap\" data-name=\"your-requirement\"><textarea cols=\"40\" rows=\"5\" maxlength=\"2000\" class=\"wpcf7-form-control wpcf7-textarea wpcf7-validates-as-required\" aria-required=\"true\" aria-invalid=\"false\" placeholder=\"F\u00fcr ein detailliertes Angebot, senden Sie uns bitte Ihre Anforderungen. *\" name=\"your-requirement\"><\/textarea><\/span><\/span><\/span>\n\t<\/p>\n\t<p><input class=\"wpcf7-form-control wpcf7-submit has-spinner\" type=\"submit\" value=\"Angebot einholen\" \/>\n\t<\/p>\n<\/div><input type='hidden' class='wpcf7-pum' value='{\"closepopup\":false,\"closedelay\":0,\"openpopup\":false,\"openpopup_id\":0}' \/><div class=\"wpcf7-response-output\" aria-hidden=\"true\"><\/div>\n<input type=\"hidden\" name=\"trp-form-language\" value=\"de\"\/><\/form>\n<\/div>\n<\/div>","protected":false},"excerpt":{"rendered":"<p>300mm einadriges gepanzertes Kabel von 11kv 33kv Leiter Wegen der 11kv 33k 300mm einadriges gepanzertes Kabel verseilten verdichteten kreisf\u00f6rmigen Kupfer- oder Aluminiumleitern. Daher sind alle internen Zwischenr\u00e4ume der Leiter mit Wasser blockieren Verbindung versuchen. Also, die angegeben ist, um das Eindringen von Wasser durch Leiter w\u00e4hrend der Lagerung, Handhabung, Installation und Betrieb der ... <a class=\"read-more\" href=\"https:\/\/hdcarmouredcable.com\/de\/300mm-einadriges-armiertes-kabel\/\">Weiterlesen ...<\/a><\/p>","protected":false},"author":1,"featured_media":0,"parent":0,"menu_order":0,"comment_status":"closed","ping_status":"closed","template":"","meta":{"_joinchat":[],"footnotes":""},"class_list":["post-1642","page","type-page","status-publish"],"yoast_head":"<!-- This site is optimized with the Yoast SEO plugin v25.1 - https:\/\/yoast.com\/wordpress\/plugins\/seo\/ -->\n<title>300mm single core armoured cable of 11kv 33kv price for sale from HDC<\/title>\n<meta name=\"description\" content=\"Huadong Cable Group is leading 11kv 33kv xlpe 300mm single core armoured cable manufacturer, factory direct sale 300mm2 single core cable price at low price\" \/>\n<meta name=\"robots\" content=\"index, follow, max-snippet:-1, max-image-preview:large, max-video-preview:-1\" \/>\n<link rel=\"canonical\" href=\"https:\/\/hdcarmouredcable.com\/de\/300mm-einadriges-armiertes-kabel\/\" \/>\n<meta property=\"og:locale\" content=\"de_DE\" \/>\n<meta property=\"og:type\" content=\"article\" \/>\n<meta property=\"og:title\" content=\"300mm single core armoured cable of 11kv 33kv price for sale from HDC\" \/>\n<meta property=\"og:description\" content=\"Huadong Cable Group is leading 11kv 33kv xlpe 300mm single core armoured cable manufacturer, factory direct sale 300mm2 single core cable price at low price\" \/>\n<meta property=\"og:url\" content=\"https:\/\/hdcarmouredcable.com\/de\/300mm-einadriges-armiertes-kabel\/\" \/>\n<meta property=\"og:site_name\" content=\"Huadong Armoured Cable Group\" \/>\n<meta property=\"article:publisher\" content=\"https:\/\/www.facebook.com\/lily.ding.52\" \/>\n<meta property=\"article:modified_time\" content=\"2023-07-21T08:38:55+00:00\" \/>\n<meta property=\"og:image\" content=\"https:\/\/hdcarmouredcable.com\/wp-content\/uploads\/2019\/04\/11kv-300mm-single-core-armoured-cable-price.jpg\" \/>\n<meta name=\"twitter:card\" content=\"summary_large_image\" \/>\n<meta name=\"twitter:label1\" content=\"Gesch\u00e4tzte Lesezeit\" \/>\n\t<meta name=\"twitter:data1\" content=\"3\u00a0Minuten\" \/>\n<script type=\"application\/ld+json\" class=\"yoast-schema-graph\">{\"@context\":\"https:\/\/schema.org\",\"@graph\":[{\"@type\":\"WebPage\",\"@id\":\"https:\/\/hdcarmouredcable.com\/300mm-single-core-armoured-cable\/\",\"url\":\"https:\/\/hdcarmouredcable.com\/300mm-single-core-armoured-cable\/\",\"name\":\"300mm single core armoured cable of 11kv 33kv price for sale from HDC\",\"isPartOf\":{\"@id\":\"https:\/\/hdcarmouredcable.com\/#website\"},\"primaryImageOfPage\":{\"@id\":\"https:\/\/hdcarmouredcable.com\/300mm-single-core-armoured-cable\/#primaryimage\"},\"image\":{\"@id\":\"https:\/\/hdcarmouredcable.com\/300mm-single-core-armoured-cable\/#primaryimage\"},\"thumbnailUrl\":\"https:\/\/hdcarmouredcable.com\/wp-content\/uploads\/2019\/04\/11kv-300mm-single-core-armoured-cable-price.jpg\",\"datePublished\":\"2019-04-10T09:36:02+00:00\",\"dateModified\":\"2023-07-21T08:38:55+00:00\",\"description\":\"Huadong Cable Group is leading 11kv 33kv xlpe 300mm single core armoured cable manufacturer, factory direct sale 300mm2 single core cable price at low price\",\"inLanguage\":\"de\",\"potentialAction\":[{\"@type\":\"ReadAction\",\"target\":[\"https:\/\/hdcarmouredcable.com\/300mm-single-core-armoured-cable\/\"]}]},{\"@type\":\"ImageObject\",\"inLanguage\":\"de\",\"@id\":\"https:\/\/hdcarmouredcable.com\/300mm-single-core-armoured-cable\/#primaryimage\",\"url\":\"https:\/\/hdcarmouredcable.com\/wp-content\/uploads\/2019\/04\/11kv-300mm-single-core-armoured-cable-price.jpg\",\"contentUrl\":\"https:\/\/hdcarmouredcable.com\/wp-content\/uploads\/2019\/04\/11kv-300mm-single-core-armoured-cable-price.jpg\"},{\"@type\":\"WebSite\",\"@id\":\"https:\/\/hdcarmouredcable.com\/#website\",\"url\":\"https:\/\/hdcarmouredcable.com\/\",\"name\":\"Huadong Armoured Cable Group\",\"description\":\"professional steel wire armoured cable manufacturer\",\"publisher\":{\"@id\":\"https:\/\/hdcarmouredcable.com\/#organization\"},\"potentialAction\":[{\"@type\":\"SearchAction\",\"target\":{\"@type\":\"EntryPoint\",\"urlTemplate\":\"https:\/\/hdcarmouredcable.com\/?s={search_term_string}\"},\"query-input\":{\"@type\":\"PropertyValueSpecification\",\"valueRequired\":true,\"valueName\":\"search_term_string\"}}],\"inLanguage\":\"de\"},{\"@type\":\"Organization\",\"@id\":\"https:\/\/hdcarmouredcable.com\/#organization\",\"name\":\"Huadong Cable Group\",\"url\":\"https:\/\/hdcarmouredcable.com\/\",\"logo\":{\"@type\":\"ImageObject\",\"inLanguage\":\"de\",\"@id\":\"https:\/\/hdcarmouredcable.com\/#\/schema\/logo\/image\/\",\"url\":\"https:\/\/hdcarmouredcable.com\/wp-content\/uploads\/2022\/07\/Huadong-log.png\",\"contentUrl\":\"https:\/\/hdcarmouredcable.com\/wp-content\/uploads\/2022\/07\/Huadong-log.png\",\"width\":860,\"height\":860,\"caption\":\"Huadong Cable Group\"},\"image\":{\"@id\":\"https:\/\/hdcarmouredcable.com\/#\/schema\/logo\/image\/\"},\"sameAs\":[\"https:\/\/www.facebook.com\/lily.ding.52\",\"https:\/\/www.linkedin.com\/in\/lilyxlpecable\/\"]}]}<\/script>\n<!-- \/ Yoast SEO plugin. -->","yoast_head_json":{"title":"300mm einadriges armiertes Kabel von 11kv 33kv Preis zum Verkauf von HDC","description":"Huadong Cable Group ist f\u00fchrender 11kv 33kv xlpe 300mm einadriges gepanzertes Kabel Hersteller, Fabrik Direktverkauf 300mm2 einadriges Kabel Preis zu niedrigen Preis","robots":{"index":"index","follow":"follow","max-snippet":"max-snippet:-1","max-image-preview":"max-image-preview:large","max-video-preview":"max-video-preview:-1"},"canonical":"https:\/\/hdcarmouredcable.com\/de\/300mm-einadriges-armiertes-kabel\/","og_locale":"de_DE","og_type":"article","og_title":"300mm single core armoured cable of 11kv 33kv price for sale from HDC","og_description":"Huadong Cable Group is leading 11kv 33kv xlpe 300mm single core armoured cable manufacturer, factory direct sale 300mm2 single core cable price at low price","og_url":"https:\/\/hdcarmouredcable.com\/de\/300mm-einadriges-armiertes-kabel\/","og_site_name":"Huadong Armoured Cable Group","article_publisher":"https:\/\/www.facebook.com\/lily.ding.52","article_modified_time":"2023-07-21T08:38:55+00:00","og_image":[{"url":"https:\/\/hdcarmouredcable.com\/wp-content\/uploads\/2019\/04\/11kv-300mm-single-core-armoured-cable-price.jpg","type":"","width":"","height":""}],"twitter_card":"summary_large_image","twitter_misc":{"Gesch\u00e4tzte Lesezeit":"3\u00a0Minuten"},"schema":{"@context":"https:\/\/schema.org","@graph":[{"@type":"WebPage","@id":"https:\/\/hdcarmouredcable.com\/300mm-single-core-armoured-cable\/","url":"https:\/\/hdcarmouredcable.com\/300mm-single-core-armoured-cable\/","name":"300mm einadriges armiertes Kabel von 11kv 33kv Preis zum Verkauf von HDC","isPartOf":{"@id":"https:\/\/hdcarmouredcable.com\/#website"},"primaryImageOfPage":{"@id":"https:\/\/hdcarmouredcable.com\/300mm-single-core-armoured-cable\/#primaryimage"},"image":{"@id":"https:\/\/hdcarmouredcable.com\/300mm-single-core-armoured-cable\/#primaryimage"},"thumbnailUrl":"https:\/\/hdcarmouredcable.com\/wp-content\/uploads\/2019\/04\/11kv-300mm-single-core-armoured-cable-price.jpg","datePublished":"2019-04-10T09:36:02+00:00","dateModified":"2023-07-21T08:38:55+00:00","description":"Huadong Cable Group ist f\u00fchrender 11kv 33kv xlpe 300mm einadriges gepanzertes Kabel Hersteller, Fabrik Direktverkauf 300mm2 einadriges Kabel Preis zu niedrigen Preis","inLanguage":"de","potentialAction":[{"@type":"ReadAction","target":["https:\/\/hdcarmouredcable.com\/300mm-single-core-armoured-cable\/"]}]},{"@type":"ImageObject","inLanguage":"de","@id":"https:\/\/hdcarmouredcable.com\/300mm-single-core-armoured-cable\/#primaryimage","url":"https:\/\/hdcarmouredcable.com\/wp-content\/uploads\/2019\/04\/11kv-300mm-single-core-armoured-cable-price.jpg","contentUrl":"https:\/\/hdcarmouredcable.com\/wp-content\/uploads\/2019\/04\/11kv-300mm-single-core-armoured-cable-price.jpg"},{"@type":"WebSite","@id":"https:\/\/hdcarmouredcable.com\/#website","url":"https:\/\/hdcarmouredcable.com\/","name":"Huadong Armoured Cable Gruppe","description":"professioneller Hersteller von Stahldraht-Panzerkabel","publisher":{"@id":"https:\/\/hdcarmouredcable.com\/#organization"},"potentialAction":[{"@type":"SearchAction","target":{"@type":"EntryPoint","urlTemplate":"https:\/\/hdcarmouredcable.com\/?s={search_term_string}"},"query-input":{"@type":"PropertyValueSpecification","valueRequired":true,"valueName":"search_term_string"}}],"inLanguage":"de"},{"@type":"Organization","@id":"https:\/\/hdcarmouredcable.com\/#organization","name":"Huadong Kabel Gruppe","url":"https:\/\/hdcarmouredcable.com\/","logo":{"@type":"ImageObject","inLanguage":"de","@id":"https:\/\/hdcarmouredcable.com\/#\/schema\/logo\/image\/","url":"https:\/\/hdcarmouredcable.com\/wp-content\/uploads\/2022\/07\/Huadong-log.png","contentUrl":"https:\/\/hdcarmouredcable.com\/wp-content\/uploads\/2022\/07\/Huadong-log.png","width":860,"height":860,"caption":"Huadong Cable Group"},"image":{"@id":"https:\/\/hdcarmouredcable.com\/#\/schema\/logo\/image\/"},"sameAs":["https:\/\/www.facebook.com\/lily.ding.52","https:\/\/www.linkedin.com\/in\/lilyxlpecable\/"]}]}},"amp_enabled":true,"_links":{"self":[{"href":"https:\/\/hdcarmouredcable.com\/de\/wp-json\/wp\/v2\/pages\/1642","targetHints":{"allow":["GET"]}}],"collection":[{"href":"https:\/\/hdcarmouredcable.com\/de\/wp-json\/wp\/v2\/pages"}],"about":[{"href":"https:\/\/hdcarmouredcable.com\/de\/wp-json\/wp\/v2\/types\/page"}],"author":[{"embeddable":true,"href":"https:\/\/hdcarmouredcable.com\/de\/wp-json\/wp\/v2\/users\/1"}],"replies":[{"embeddable":true,"href":"https:\/\/hdcarmouredcable.com\/de\/wp-json\/wp\/v2\/comments?post=1642"}],"version-history":[{"count":10,"href":"https:\/\/hdcarmouredcable.com\/de\/wp-json\/wp\/v2\/pages\/1642\/revisions"}],"predecessor-version":[{"id":9452,"href":"https:\/\/hdcarmouredcable.com\/de\/wp-json\/wp\/v2\/pages\/1642\/revisions\/9452"}],"wp:attachment":[{"href":"https:\/\/hdcarmouredcable.com\/de\/wp-json\/wp\/v2\/media?parent=1642"}],"curies":[{"name":"wp","href":"https:\/\/api.w.org\/{rel}","templated":true}]}}