{"id":2487,"date":"2019-08-16T17:51:42","date_gmt":"2019-08-16T09:51:42","guid":{"rendered":"https:\/\/hdcarmouredcable.com\/?page_id=2487"},"modified":"2023-07-21T16:04:25","modified_gmt":"2023-07-21T08:04:25","slug":"2-18-awg-soow-cable-wire","status":"publish","type":"page","link":"https:\/\/hdcarmouredcable.com\/de\/2-18-awg-soowkabel-draht\/","title":{"rendered":"2\/3\/4\/5\/6 Ader 2 4 6 8 10 12 14 16 18 AWG Soowkabel Draht-schwere tragbare elektrische Kabel"},"content":{"rendered":"<h2>Anwendung von 4 4 SOOW Kabel<\/h2>\n<p>Wann immer Sie das 6 awg 4 Leiter Soow Kabel von Southwire Soow oder Huadong Kabel kaufen, m\u00fcssen Sie jetzt, wie Anwendung. Erstens, tragbare elektrische 6 4 SOOW Kabel ist eine Art von tragbaren Kabel. So dass Carol bietet eine Reihe von wichtigen Vorteilen, die es eine gute Wahl f\u00fcr eine Vielzahl von industriellen, kommerziellen und privaten Anwendungen, sowohl im Innen- und Au\u00dfenbereich zu machen.  Daher sind viele der SOOW Kabel Vorteile in seinem Namen vermerkt.<\/p>\n<p><img loading=\"lazy\" decoding=\"async\" class=\"aligncenter size-full wp-image-2490\" src=\"https:\/\/hdcarmouredcable.com\/wp-content\/uploads\/2019\/08\/18-2-SOOW-cable-18-AWG-2-Conductor.jpg\" alt=\"18 2 SOOW-Kabel, 18 AWG 2 Leiter\" width=\"1084\" height=\"246\" srcset=\"https:\/\/hdcarmouredcable.com\/wp-content\/uploads\/2019\/08\/18-2-SOOW-cable-18-AWG-2-Conductor.jpg 1084w, https:\/\/hdcarmouredcable.com\/wp-content\/uploads\/2019\/08\/18-2-SOOW-cable-18-AWG-2-Conductor-300x68.jpg 300w, https:\/\/hdcarmouredcable.com\/wp-content\/uploads\/2019\/08\/18-2-SOOW-cable-18-AWG-2-Conductor-768x174.jpg 768w, https:\/\/hdcarmouredcable.com\/wp-content\/uploads\/2019\/08\/18-2-SOOW-cable-18-AWG-2-Conductor-1024x232.jpg 1024w\" sizes=\"auto, (max-width: 1084px) 100vw, 1084px\" \/><\/p>\n<p style=\"text-align: center;\"><span class=\"su-lightbox\" data-mfp-src=\"#popmake-form\" data-mfp-type=\"inline\" data-mobile=\"yes\"><button class=\"btn btn-danger btn-sm\" ><i class=\"glyphicon glyphicon-ok-sign\" style=\"color:#eeee22;\"><\/i> Holen Sie sich den Preis f\u00fcr 6\/4 Rahmendraht<\/button><\/span><a class=\"btn btn-danger btn-sm\" href=\"mailto:info@hdcarmouredcable.com\"  rel=\"\"  target=\"_self\"><i class=\"fa fa-envelope-o\" style=\"color:#eeee22;\"><\/i> info@hdcarmouredcable.com<\/a>\n<h2>Der Parameter Datum des 6\/4 10\/4 4 4 SOOW Wire<\/h2>\n<div class=\"row prodetails\">\n<div class=\"col-lg-6 col-md-12 col-xs-12 col-sm-12\">\n<h3 style=\"text-align: left;\">2\/4, 2\/3, 4\/4, 6\/4, 8\/4, 10\/4, 12\/4, 10\/4 SOOW Portable Cord<\/h3>\n<p>Zum Beispiel: 10\/2 SOOW, 10 AWG 2 Leiter<br \/>\n12\/4 SOOW, 12 AWG 4 Leiter<br \/>\n10\/3 SOOW, 10 AWG 3 Leiter<br \/>\n10\/4 SOOW, 10 AWG 4 Leiter<br \/>\n8\/3 Carol Kabel SOOW, 8 AWG 3 Leiter<br \/>\n8\/4 SOOW, 8 AWG 4 Leiter<br \/>\n6\/3 SOOW, 6 AWG 3 Leiter<br \/>\n6\/4 SOOW Draht, 6 AWG 4 Leiter ist auch 6 awg 4 Leiter soow<br \/>\n4\/3 SOOW, 4 AWG 3 Leiter<br \/>\n4\/4 SOOW, 4 AWG 4 Leiter<br \/>\n2\/3 SOOW, 2 AWG 3 Leiter<br \/>\n2\/4 SOOW, 2 AWG 4 Leiter und so weiter.<\/div>\n<div class=\"col-lg-6 col-md-12 col-xs-12 col-sm-12\">\n<h3 style=\"text-align: left;\">12 -18 AWG SOOW Draht<\/h3>\n<p>Zum Beispiel: 18\/2 SOOW, 18 AWG 2 Leiter<br \/>\n16\/2 SOOW, 16 AWG 2 Leiter<br \/>\n18\/3 SOOW, 18 AWG 3 Leiter<br \/>\n16\/3 Carol Kabel SOOW, 16 AWG 3 Leiter<br \/>\n18\/4 SOOW, 18 AWG 4 Leiter<br \/>\n14\/2 SOOW, 14 AWG 2 Leiter<br \/>\n16\/4 SOOW, 16 AWG 4 Leiter<br \/>\n14\/3 SOOW Draht, 14 AWG 3 Leiter<br \/>\n12\/2 SOOW, 12 AWG 2 Leiter<br \/>\nSowohl 18\/5 SOOW, als auch 18 AWG 5-Leiter<br \/>\n18\/6 SOOW, 18 AWG 6 Leiter<br \/>\n14\/4 SOOW, 14 AWG 4 Leiter<br \/>\n12\/3 Carol Kabel SOOW, 12 AWG 3 Leiter und so weiter.<\/div>\n<\/div>\n<h2>SOOW Cable - tragbares Hochleistungskabel<\/h2>\n<div class=\"row prodetails\">\n<div class=\"col-lg-5 col-md-12 col-xs-12 col-sm-12\">\n<p><img loading=\"lazy\" decoding=\"async\" class=\"size-full wp-image-2501\" src=\"https:\/\/hdcarmouredcable.com\/wp-content\/uploads\/2019\/08\/oil-resistance-6-4-soow-wire-.png\" alt=\"\u00d6l-Widerstand 6 4 SoVDraht\" width=\"220\" height=\"212\" \/><\/p>\n<\/div>\n<div class=\"col-lg-7 col-md-12 col-xs-12 col-sm-12\">\n<p><strong>Spannung:<\/strong> 600V und so weiter<br \/>\n<strong>Anzahl von Leitern<\/strong>2-Kern, 3-Kern, 4-Kern, 5-Kern und so weiter.<br \/>\n<strong>SOOW Drahtst\u00e4rke: \u00a0<\/strong>Sowohl 2-8AWG als auch 10 AWG, 12AWG, 14 AWG, 16 AWG, 18AWG und so weiter.<br \/>\n<strong>Material des Leiters:<\/strong> Sowohl vollst\u00e4ndig gegl\u00fchtes verseiltes Kupfer als auch blankes Kupfer<br \/>\n<strong>Temperaturbereich :<\/strong> -40F bis 194F | -40C bis 90C und so weiter.<br \/>\nS = Service, O = \u00d6lbest\u00e4ndige Leiter, O = \u00d6lbest\u00e4ndiger Mantel, W = Wasserbest\u00e4ndig<\/p>\n<p style=\"text-align: center;\"><span class=\"su-lightbox\" data-mfp-src=\"#popmake-form\" data-mfp-type=\"inline\" data-mobile=\"yes\"><button class=\"btn btn-danger btn-sm\" ><i class=\"glyphicon glyphicon-ok-sign\" style=\"color:#eeee22;\"><\/i> Abgeschirmtes Ru\u00dfkabel 10\/4 Preis erhalten<\/button><\/span>\n<\/div>\n<\/div>\n<h2>Das Merkmal des SOOW-Drahtes<\/h2>\n<p>Wegen der 6 4 Soow Draht ist ein 6 Gauge 4 Leiter als eine Gr\u00f6\u00dfe von SOOW Wire-schwere tragbare elektrische Kabel. Daher hat tragbare elektrische Ru\u00dfkabel 10\/4 Anwendungen mit tragbaren Werkzeugen. Wie zum Beispiel: Ausr\u00fcstung und Ger\u00e4te, sowie kleine Motoren und die damit verbundenen Maschinen. Inzwischen Huadong ist die gleiche ber\u00fchmte von Southwire Soow. Wir haben die 6 awg 4 Leiter Soow zu Philippinen, Malaysia, Singapur, Vietnam, VAE, Mongolei, Sambia, Nigeria, Togo und so weiter exportiert.<\/p>\n<p>Zur gleichen Zeit, die SOOW tragbare elektrische Kabel bietet auch Qualit\u00e4t Zugfestigkeit, Dehnung. Und dann die 6 4 Soow Draht Alterungseigenschaften zusammen mit hoher Flexibilit\u00e4t und Abriebfestigkeit. So ist die Carol 6\/4 soow Draht f\u00fcr Innen-und und Au\u00dfenbereich zertifiziert und ist Ozon, Sonnenlicht (UV) und witterungsbest\u00e4ndig.<\/p>\n<p>Aber nicht alle tragbaren Elektrokabel sind gleich.  Wenn Sie eine tragbare elektrische 10 4 so Schnur, die robust, langlebig ist, kann durch chaotische Situationen zu halten, und praktisch nicht im Laufe der Zeit altern, dann werden Sie Carol 4\/4 soow Schnur wollen. wir k\u00f6nnen kostenlose Probe liefern <a href=\"https:\/\/hdcarmouredcable.com\/de\/olbestandiges-schleppkabel\/\" target=\"_blank\" rel=\"noopener noreferrer\">sjoow Kabelpreis<\/a><\/p>\n<figure id=\"attachment_2512\" aria-describedby=\"caption-attachment-2512\" style=\"width: 820px\" class=\"wp-caption aligncenter\"><img loading=\"lazy\" decoding=\"async\" class=\"size-full wp-image-2512\" src=\"https:\/\/hdcarmouredcable.com\/wp-content\/uploads\/2019\/08\/resistance-oil-6-awg-4-conductor-soow.jpg\" alt=\"widerstand \u00f6l 6 awg 4 leiter soow\" width=\"830\" height=\"200\" srcset=\"https:\/\/hdcarmouredcable.com\/wp-content\/uploads\/2019\/08\/resistance-oil-6-awg-4-conductor-soow.jpg 830w, https:\/\/hdcarmouredcable.com\/wp-content\/uploads\/2019\/08\/resistance-oil-6-awg-4-conductor-soow-300x72.jpg 300w, https:\/\/hdcarmouredcable.com\/wp-content\/uploads\/2019\/08\/resistance-oil-6-awg-4-conductor-soow-768x185.jpg 768w, https:\/\/hdcarmouredcable.com\/wp-content\/uploads\/2019\/08\/resistance-oil-6-awg-4-conductor-soow-600x145.jpg 600w\" sizes=\"auto, (max-width: 830px) 100vw, 830px\" \/><figcaption id=\"caption-attachment-2512\" class=\"wp-caption-text\">widerstand \u00f6l 6 awg 4 leiter soow<\/figcaption><\/figure>\n\n<div class=\"wpcf7 no-js\" id=\"wpcf7-f5785-o1\" lang=\"en-US\" dir=\"ltr\" data-wpcf7-id=\"5785\">\n<div class=\"screen-reader-response\"><p role=\"status\" aria-live=\"polite\" aria-atomic=\"true\"><\/p> <ul><\/ul><\/div>\n<form action=\"\/de\/wp-json\/wp\/v2\/pages\/2487#wpcf7-f5785-o1\" method=\"post\" class=\"wpcf7-form init\" aria-label=\"Kontakt-Formular\" novalidate=\"novalidate\" data-status=\"init\" data-trp-original-action=\"\/de\/wp-json\/wp\/v2\/pages\/2487#wpcf7-f5785-o1\">\n<div style=\"display: none;\">\n<input type=\"hidden\" name=\"_wpcf7\" value=\"5785\" \/>\n<input type=\"hidden\" name=\"_wpcf7_version\" value=\"6.0.6\" \/>\n<input type=\"hidden\" name=\"_wpcf7_locale\" value=\"en_US\" \/>\n<input type=\"hidden\" name=\"_wpcf7_unit_tag\" value=\"wpcf7-f5785-o1\" \/>\n<input type=\"hidden\" name=\"_wpcf7_container_post\" value=\"0\" \/>\n<input type=\"hidden\" name=\"_wpcf7_posted_data_hash\" value=\"\" \/>\n<\/div>\n<div>\n\t<h2>Hinterlassen Sie Ihre Nachricht, Kostenloses Angebot einholen\n\t<\/h2>\n\t<p>Lassen Sie uns gemeinsam an Ihrem Projekt per E-Mail arbeiten: <a href=\"mailto:info@hdcarmouredcable.com\" rel=\"nofollow\">info@hdcarmouredcable.com<\/a>\n\t<\/p>\n\t<div class=\"messageform\">\n\t\t<p><strong><span style=\"color:red;\">*<\/span> Ihr Name<\/strong><br \/>\n<span class=\"wpcf7-form-control-wrap\" data-name=\"your-name\"><input size=\"40\" maxlength=\"400\" class=\"wpcf7-form-control wpcf7-text wpcf7-validates-as-required\" aria-required=\"true\" aria-invalid=\"false\" value=\"\" type=\"text\" name=\"your-name\" \/><\/span>\n\t\t<\/p>\n\t\t<p><strong><span style=\"color:red;\">*<\/span> Deine E-Mail<\/strong>\n\t\t<\/p>\n\t\t<p><span class=\"wpcf7-form-control-wrap\" data-name=\"your-email\"><input size=\"40\" maxlength=\"400\" class=\"wpcf7-form-control wpcf7-email wpcf7-validates-as-required wpcf7-text wpcf7-validates-as-email\" aria-required=\"true\" aria-invalid=\"false\" value=\"\" type=\"email\" name=\"your-email\" \/><\/span>\n\t\t<\/p>\n\t\t<p><strong>Ihr Land<\/strong>\n\t\t<\/p>\n\t\t<p><span class=\"wpcf7-form-control-wrap\" data-name=\"your-country\"><input size=\"40\" maxlength=\"400\" class=\"wpcf7-form-control wpcf7-text\" aria-invalid=\"false\" value=\"\" type=\"text\" name=\"your-country\" \/><\/span>\n\t\t<\/p>\n\t\t<p><strong><span style=\"color:red;\">*<\/span> Ihr Bedarf<\/strong>\n\t\t<\/p>\n\t\t<p><span class=\"wpcf7-form-control-wrap\" data-name=\"your-requirement\"><textarea cols=\"40\" rows=\"10\" maxlength=\"2000\" class=\"wpcf7-form-control wpcf7-textarea wpcf7-validates-as-required bestonmessage\" aria-required=\"true\" aria-invalid=\"false\" placeholder=\"F\u00fcr ein detailliertes Angebot senden Sie uns bitte Ihre Anforderungen.\" name=\"your-requirement\"><\/textarea><\/span>\n\t\t<\/p>\n\t\t<p><input class=\"wpcf7-form-control wpcf7-submit has-spinner\" type=\"submit\" value=\"Nachricht senden\" \/>\n\t\t<\/p>\n\t<\/div>\n<\/div><input type='hidden' class='wpcf7-pum' value='{\"closepopup\":false,\"closedelay\":0,\"openpopup\":false,\"openpopup_id\":0}' \/><div class=\"wpcf7-response-output\" aria-hidden=\"true\"><\/div>\n<input type=\"hidden\" name=\"trp-form-language\" value=\"de\"\/><\/form>\n<\/div>\n\n<div class=\"su-lightbox-content su-u-trim\" id=\"popmake-form\" style=\"display:none;width:85%;min-width:none;max-width:600px;margin-top:40px;margin-bottom:40px;padding:20px;background:#FFFFFF;color:#333333;box-shadow:0px 0px 15px #333333;text-align:left\">\n<div class=\"wpcf7 no-js\" id=\"wpcf7-f5800-o2\" lang=\"en-US\" dir=\"ltr\" data-wpcf7-id=\"5800\">\n<div class=\"screen-reader-response\"><p role=\"status\" aria-live=\"polite\" aria-atomic=\"true\"><\/p> <ul><\/ul><\/div>\n<form action=\"\/de\/wp-json\/wp\/v2\/pages\/2487#wpcf7-f5800-o2\" method=\"post\" class=\"wpcf7-form init\" aria-label=\"Kontakt-Formular\" novalidate=\"novalidate\" data-status=\"init\" data-trp-original-action=\"\/de\/wp-json\/wp\/v2\/pages\/2487#wpcf7-f5800-o2\">\n<div style=\"display: none;\">\n<input type=\"hidden\" name=\"_wpcf7\" value=\"5800\" \/>\n<input type=\"hidden\" name=\"_wpcf7_version\" value=\"6.0.6\" \/>\n<input type=\"hidden\" name=\"_wpcf7_locale\" value=\"en_US\" \/>\n<input type=\"hidden\" name=\"_wpcf7_unit_tag\" value=\"wpcf7-f5800-o2\" \/>\n<input type=\"hidden\" name=\"_wpcf7_container_post\" value=\"0\" \/>\n<input type=\"hidden\" name=\"_wpcf7_posted_data_hash\" value=\"\" \/>\n<\/div>\n<div class=\"popmakerform\">\n\t<h3>Kostenloses Angebot erhalten\n\t<\/h3>\n\t<p>Lassen Sie uns gemeinsam an Ihrem Projekt per E-Mail arbeiten: <a href=\"mailto:info@hdcarmouredcable.com\" rel=\"nofollow\">info@hdcarmouredcable.com<\/a>\n\t<\/p>\n\t<p>Interessantes Produkt <span style=\"color:red;\">*<span><br \/>\n<span class=\"wpcf7-form-control-wrap\" data-name=\"item\"><input size=\"40\" maxlength=\"400\" class=\"wpcf7-form-control wpcf7-text\" id=\"item\" aria-invalid=\"false\" value=\"\" type=\"text\" name=\"item\" \/><\/span><\/span><\/span>\n\t<\/p>\n\t<p>Ihr Name <span style=\"color:red;\">*<span><br \/>\n<span class=\"wpcf7-form-control-wrap\" data-name=\"your-name\"><input size=\"40\" maxlength=\"400\" class=\"wpcf7-form-control wpcf7-text wpcf7-validates-as-required\" aria-required=\"true\" aria-invalid=\"false\" value=\"\" type=\"text\" name=\"your-name\" \/><\/span><\/span><\/span>\n\t<\/p>\n\t<p>Deine E-Mail <span style=\"color:red;\">*<span><br \/>\n<span class=\"wpcf7-form-control-wrap\" data-name=\"your-email\"><input size=\"40\" maxlength=\"400\" class=\"wpcf7-form-control wpcf7-email wpcf7-validates-as-required wpcf7-text wpcf7-validates-as-email\" aria-required=\"true\" aria-invalid=\"false\" value=\"\" type=\"email\" name=\"your-email\" \/><\/span><\/span><\/span>\n\t<\/p>\n\t<p>Ihre Telefonnummer (einschlie\u00dflich der Vorwahl)<br \/>\n<span class=\"wpcf7-form-control-wrap\" data-name=\"your-phone\"><input size=\"40\" maxlength=\"400\" class=\"wpcf7-form-control wpcf7-text\" aria-invalid=\"false\" value=\"\" type=\"text\" name=\"your-phone\" \/><\/span>\n\t<\/p>\n\t<p>Ihr Land<br \/>\n<span class=\"wpcf7-form-control-wrap\" data-name=\"your-country\"><input size=\"40\" maxlength=\"400\" class=\"wpcf7-form-control wpcf7-text\" aria-invalid=\"false\" value=\"\" type=\"text\" name=\"your-country\" \/><\/span>\n\t<\/p>\n\t<p>Detaillierte Anforderung <span style=\"color:red;\">*<span><br \/>\n<span class=\"wpcf7-form-control-wrap\" data-name=\"your-requirement\"><textarea cols=\"40\" rows=\"5\" maxlength=\"2000\" class=\"wpcf7-form-control wpcf7-textarea wpcf7-validates-as-required\" aria-required=\"true\" aria-invalid=\"false\" placeholder=\"F\u00fcr ein detailliertes Angebot, senden Sie uns bitte Ihre Anforderungen. *\" name=\"your-requirement\"><\/textarea><\/span><\/span><\/span>\n\t<\/p>\n\t<p><input class=\"wpcf7-form-control wpcf7-submit has-spinner\" type=\"submit\" value=\"Angebot einholen\" \/>\n\t<\/p>\n<\/div><input type='hidden' class='wpcf7-pum' value='{\"closepopup\":false,\"closedelay\":0,\"openpopup\":false,\"openpopup_id\":0}' \/><div class=\"wpcf7-response-output\" aria-hidden=\"true\"><\/div>\n<input type=\"hidden\" name=\"trp-form-language\" value=\"de\"\/><\/form>\n<\/div>\n<\/div>","protected":false},"excerpt":{"rendered":"<p>Anwendung von 4 4 SOOW Kabel Wenn Sie die 6 awg 4 Leiter Soow Kabel von Southwire Soow oder Huadong Kabel kaufen, m\u00fcssen Sie jetzt, wie Anwendung. Erstens, tragbare elektrische 6 4 SOOW Kabel ist eine Art von tragbaren Kabel. So dass Carol bietet eine Reihe von wichtigen Vorteilen, die es eine gute Wahl f\u00fcr ... <a class=\"read-more\" href=\"https:\/\/hdcarmouredcable.com\/de\/2-18-awg-soowkabel-draht\/\">Weiterlesen ...<\/a><\/p>","protected":false},"author":1,"featured_media":0,"parent":0,"menu_order":0,"comment_status":"closed","ping_status":"closed","template":"","meta":{"_joinchat":[],"footnotes":""},"class_list":["post-2487","page","type-page","status-publish"],"yoast_head":"<!-- This site is optimized with the Yoast SEO plugin v25.1 - https:\/\/yoast.com\/wordpress\/plugins\/seo\/ -->\n<title>2 3 4 5 6 Cores 2 4 6 8 10 12 14 16 18 AWG SOOW Cable Wire supplier<\/title>\n<meta name=\"description\" content=\"Huadong whosale 2\/4, 2\/3, 4\/4, 4\/3, 6\/4, 6\/3, 8\/4, 8\/3, 10\/3, 10\/4, 12\/4, 12\/3, 14\/4, 18\/6, 18\/5, 12\/2, 14\/3,16\/4, 18\/3 16\/2, 18\/2 AWG Soow Cable Wire price\" \/>\n<meta name=\"robots\" content=\"index, follow, max-snippet:-1, max-image-preview:large, max-video-preview:-1\" \/>\n<link rel=\"canonical\" href=\"https:\/\/hdcarmouredcable.com\/de\/2-18-awg-soowkabel-draht\/\" \/>\n<meta property=\"og:locale\" content=\"de_DE\" \/>\n<meta property=\"og:type\" content=\"article\" \/>\n<meta property=\"og:title\" content=\"2 3 4 5 6 Cores 2 4 6 8 10 12 14 16 18 AWG SOOW Cable Wire supplier\" \/>\n<meta property=\"og:description\" content=\"Huadong whosale 2\/4, 2\/3, 4\/4, 4\/3, 6\/4, 6\/3, 8\/4, 8\/3, 10\/3, 10\/4, 12\/4, 12\/3, 14\/4, 18\/6, 18\/5, 12\/2, 14\/3,16\/4, 18\/3 16\/2, 18\/2 AWG Soow Cable Wire price\" \/>\n<meta property=\"og:url\" content=\"https:\/\/hdcarmouredcable.com\/de\/2-18-awg-soowkabel-draht\/\" \/>\n<meta property=\"og:site_name\" content=\"Huadong Armoured Cable Group\" \/>\n<meta property=\"article:publisher\" content=\"https:\/\/www.facebook.com\/lily.ding.52\" \/>\n<meta property=\"article:modified_time\" content=\"2023-07-21T08:04:25+00:00\" \/>\n<meta property=\"og:image\" content=\"https:\/\/hdcarmouredcable.com\/wp-content\/uploads\/2019\/08\/18-2-SOOW-cable-18-AWG-2-Conductor.jpg\" \/>\n<meta name=\"twitter:card\" content=\"summary_large_image\" \/>\n<meta name=\"twitter:label1\" content=\"Gesch\u00e4tzte Lesezeit\" \/>\n\t<meta name=\"twitter:data1\" content=\"4\u00a0Minuten\" \/>\n<script type=\"application\/ld+json\" class=\"yoast-schema-graph\">{\"@context\":\"https:\/\/schema.org\",\"@graph\":[{\"@type\":\"WebPage\",\"@id\":\"https:\/\/hdcarmouredcable.com\/2-18-awg-soow-cable-wire\/\",\"url\":\"https:\/\/hdcarmouredcable.com\/2-18-awg-soow-cable-wire\/\",\"name\":\"2 3 4 5 6 Cores 2 4 6 8 10 12 14 16 18 AWG SOOW Cable Wire supplier\",\"isPartOf\":{\"@id\":\"https:\/\/hdcarmouredcable.com\/#website\"},\"primaryImageOfPage\":{\"@id\":\"https:\/\/hdcarmouredcable.com\/2-18-awg-soow-cable-wire\/#primaryimage\"},\"image\":{\"@id\":\"https:\/\/hdcarmouredcable.com\/2-18-awg-soow-cable-wire\/#primaryimage\"},\"thumbnailUrl\":\"https:\/\/hdcarmouredcable.com\/wp-content\/uploads\/2019\/08\/18-2-SOOW-cable-18-AWG-2-Conductor.jpg\",\"datePublished\":\"2019-08-16T09:51:42+00:00\",\"dateModified\":\"2023-07-21T08:04:25+00:00\",\"description\":\"Huadong whosale 2\/4, 2\/3, 4\/4, 4\/3, 6\/4, 6\/3, 8\/4, 8\/3, 10\/3, 10\/4, 12\/4, 12\/3, 14\/4, 18\/6, 18\/5, 12\/2, 14\/3,16\/4, 18\/3 16\/2, 18\/2 AWG Soow Cable Wire price\",\"inLanguage\":\"de\",\"potentialAction\":[{\"@type\":\"ReadAction\",\"target\":[\"https:\/\/hdcarmouredcable.com\/2-18-awg-soow-cable-wire\/\"]}]},{\"@type\":\"ImageObject\",\"inLanguage\":\"de\",\"@id\":\"https:\/\/hdcarmouredcable.com\/2-18-awg-soow-cable-wire\/#primaryimage\",\"url\":\"https:\/\/hdcarmouredcable.com\/wp-content\/uploads\/2019\/08\/18-2-SOOW-cable-18-AWG-2-Conductor.jpg\",\"contentUrl\":\"https:\/\/hdcarmouredcable.com\/wp-content\/uploads\/2019\/08\/18-2-SOOW-cable-18-AWG-2-Conductor.jpg\"},{\"@type\":\"WebSite\",\"@id\":\"https:\/\/hdcarmouredcable.com\/#website\",\"url\":\"https:\/\/hdcarmouredcable.com\/\",\"name\":\"Huadong Armoured Cable Group\",\"description\":\"professional steel wire armoured cable manufacturer\",\"publisher\":{\"@id\":\"https:\/\/hdcarmouredcable.com\/#organization\"},\"potentialAction\":[{\"@type\":\"SearchAction\",\"target\":{\"@type\":\"EntryPoint\",\"urlTemplate\":\"https:\/\/hdcarmouredcable.com\/?s={search_term_string}\"},\"query-input\":{\"@type\":\"PropertyValueSpecification\",\"valueRequired\":true,\"valueName\":\"search_term_string\"}}],\"inLanguage\":\"de\"},{\"@type\":\"Organization\",\"@id\":\"https:\/\/hdcarmouredcable.com\/#organization\",\"name\":\"Huadong Cable Group\",\"url\":\"https:\/\/hdcarmouredcable.com\/\",\"logo\":{\"@type\":\"ImageObject\",\"inLanguage\":\"de\",\"@id\":\"https:\/\/hdcarmouredcable.com\/#\/schema\/logo\/image\/\",\"url\":\"https:\/\/hdcarmouredcable.com\/wp-content\/uploads\/2022\/07\/Huadong-log.png\",\"contentUrl\":\"https:\/\/hdcarmouredcable.com\/wp-content\/uploads\/2022\/07\/Huadong-log.png\",\"width\":860,\"height\":860,\"caption\":\"Huadong Cable Group\"},\"image\":{\"@id\":\"https:\/\/hdcarmouredcable.com\/#\/schema\/logo\/image\/\"},\"sameAs\":[\"https:\/\/www.facebook.com\/lily.ding.52\",\"https:\/\/www.linkedin.com\/in\/lilyxlpecable\/\"]}]}<\/script>\n<!-- \/ Yoast SEO plugin. -->","yoast_head_json":{"title":"2 3 4 5 6 Adern 2 4 6 8 10 12 14 16 18 AWG SOOW Kabel Drahtlieferant","description":"Huadong whosale 2\/4, 2\/3, 4\/4, 4\/3, 6\/4, 6\/3, 8\/4, 8\/3, 10\/3, 10\/4, 12\/4, 12\/3, 14\/4, 18\/6, 18\/5, 12\/2, 14\/3,16\/4, 18\/3 16\/2, 18\/2 AWG Soow Kabel Draht Preis","robots":{"index":"index","follow":"follow","max-snippet":"max-snippet:-1","max-image-preview":"max-image-preview:large","max-video-preview":"max-video-preview:-1"},"canonical":"https:\/\/hdcarmouredcable.com\/de\/2-18-awg-soowkabel-draht\/","og_locale":"de_DE","og_type":"article","og_title":"2 3 4 5 6 Cores 2 4 6 8 10 12 14 16 18 AWG SOOW Cable Wire supplier","og_description":"Huadong whosale 2\/4, 2\/3, 4\/4, 4\/3, 6\/4, 6\/3, 8\/4, 8\/3, 10\/3, 10\/4, 12\/4, 12\/3, 14\/4, 18\/6, 18\/5, 12\/2, 14\/3,16\/4, 18\/3 16\/2, 18\/2 AWG Soow Cable Wire price","og_url":"https:\/\/hdcarmouredcable.com\/de\/2-18-awg-soowkabel-draht\/","og_site_name":"Huadong Armoured Cable Group","article_publisher":"https:\/\/www.facebook.com\/lily.ding.52","article_modified_time":"2023-07-21T08:04:25+00:00","og_image":[{"url":"https:\/\/hdcarmouredcable.com\/wp-content\/uploads\/2019\/08\/18-2-SOOW-cable-18-AWG-2-Conductor.jpg","type":"","width":"","height":""}],"twitter_card":"summary_large_image","twitter_misc":{"Gesch\u00e4tzte Lesezeit":"4\u00a0Minuten"},"schema":{"@context":"https:\/\/schema.org","@graph":[{"@type":"WebPage","@id":"https:\/\/hdcarmouredcable.com\/2-18-awg-soow-cable-wire\/","url":"https:\/\/hdcarmouredcable.com\/2-18-awg-soow-cable-wire\/","name":"2 3 4 5 6 Adern 2 4 6 8 10 12 14 16 18 AWG SOOW Kabel Drahtlieferant","isPartOf":{"@id":"https:\/\/hdcarmouredcable.com\/#website"},"primaryImageOfPage":{"@id":"https:\/\/hdcarmouredcable.com\/2-18-awg-soow-cable-wire\/#primaryimage"},"image":{"@id":"https:\/\/hdcarmouredcable.com\/2-18-awg-soow-cable-wire\/#primaryimage"},"thumbnailUrl":"https:\/\/hdcarmouredcable.com\/wp-content\/uploads\/2019\/08\/18-2-SOOW-cable-18-AWG-2-Conductor.jpg","datePublished":"2019-08-16T09:51:42+00:00","dateModified":"2023-07-21T08:04:25+00:00","description":"Huadong whosale 2\/4, 2\/3, 4\/4, 4\/3, 6\/4, 6\/3, 8\/4, 8\/3, 10\/3, 10\/4, 12\/4, 12\/3, 14\/4, 18\/6, 18\/5, 12\/2, 14\/3,16\/4, 18\/3 16\/2, 18\/2 AWG Soow Kabel Draht Preis","inLanguage":"de","potentialAction":[{"@type":"ReadAction","target":["https:\/\/hdcarmouredcable.com\/2-18-awg-soow-cable-wire\/"]}]},{"@type":"ImageObject","inLanguage":"de","@id":"https:\/\/hdcarmouredcable.com\/2-18-awg-soow-cable-wire\/#primaryimage","url":"https:\/\/hdcarmouredcable.com\/wp-content\/uploads\/2019\/08\/18-2-SOOW-cable-18-AWG-2-Conductor.jpg","contentUrl":"https:\/\/hdcarmouredcable.com\/wp-content\/uploads\/2019\/08\/18-2-SOOW-cable-18-AWG-2-Conductor.jpg"},{"@type":"WebSite","@id":"https:\/\/hdcarmouredcable.com\/#website","url":"https:\/\/hdcarmouredcable.com\/","name":"Huadong Armoured Cable Gruppe","description":"professioneller Hersteller von Stahldraht-Panzerkabel","publisher":{"@id":"https:\/\/hdcarmouredcable.com\/#organization"},"potentialAction":[{"@type":"SearchAction","target":{"@type":"EntryPoint","urlTemplate":"https:\/\/hdcarmouredcable.com\/?s={search_term_string}"},"query-input":{"@type":"PropertyValueSpecification","valueRequired":true,"valueName":"search_term_string"}}],"inLanguage":"de"},{"@type":"Organization","@id":"https:\/\/hdcarmouredcable.com\/#organization","name":"Huadong Kabel Gruppe","url":"https:\/\/hdcarmouredcable.com\/","logo":{"@type":"ImageObject","inLanguage":"de","@id":"https:\/\/hdcarmouredcable.com\/#\/schema\/logo\/image\/","url":"https:\/\/hdcarmouredcable.com\/wp-content\/uploads\/2022\/07\/Huadong-log.png","contentUrl":"https:\/\/hdcarmouredcable.com\/wp-content\/uploads\/2022\/07\/Huadong-log.png","width":860,"height":860,"caption":"Huadong Cable Group"},"image":{"@id":"https:\/\/hdcarmouredcable.com\/#\/schema\/logo\/image\/"},"sameAs":["https:\/\/www.facebook.com\/lily.ding.52","https:\/\/www.linkedin.com\/in\/lilyxlpecable\/"]}]}},"amp_enabled":true,"_links":{"self":[{"href":"https:\/\/hdcarmouredcable.com\/de\/wp-json\/wp\/v2\/pages\/2487","targetHints":{"allow":["GET"]}}],"collection":[{"href":"https:\/\/hdcarmouredcable.com\/de\/wp-json\/wp\/v2\/pages"}],"about":[{"href":"https:\/\/hdcarmouredcable.com\/de\/wp-json\/wp\/v2\/types\/page"}],"author":[{"embeddable":true,"href":"https:\/\/hdcarmouredcable.com\/de\/wp-json\/wp\/v2\/users\/1"}],"replies":[{"embeddable":true,"href":"https:\/\/hdcarmouredcable.com\/de\/wp-json\/wp\/v2\/comments?post=2487"}],"version-history":[{"count":19,"href":"https:\/\/hdcarmouredcable.com\/de\/wp-json\/wp\/v2\/pages\/2487\/revisions"}],"predecessor-version":[{"id":9444,"href":"https:\/\/hdcarmouredcable.com\/de\/wp-json\/wp\/v2\/pages\/2487\/revisions\/9444"}],"wp:attachment":[{"href":"https:\/\/hdcarmouredcable.com\/de\/wp-json\/wp\/v2\/media?parent=2487"}],"curies":[{"name":"wp","href":"https:\/\/api.w.org\/{rel}","templated":true}]}}