{"id":2978,"date":"2019-11-11T11:29:28","date_gmt":"2019-11-11T03:29:28","guid":{"rendered":"https:\/\/hdcarmouredcable.com\/?page_id=2978"},"modified":"2023-07-21T15:21:16","modified_gmt":"2023-07-21T07:21:16","slug":"aluminum-duplex-service-drop-cable","status":"publish","type":"page","link":"https:\/\/hdcarmouredcable.com\/de\/aluminium-duplex-seilzugkabel\/","title":{"rendered":"0,6\/1kv XLPE-Aluminium-Und-Duplex-Service-Drop-Kabel"},"content":{"rendered":"<h2>Die unterschiedlichen Bezeichnungen f\u00fcr Duplex-Service-Drop-Kabel im Wort<\/h2>\n<p>Duplex-Service-Drop-Kabel ist eine der Arten von <a href=\"https:\/\/hdcarmouredcable.com\/de\/4c-abc-kabel-malaysia\/\" target=\"_blank\" rel=\"noopener noreferrer\">Abc-Kabel<\/a>. Erstens, es vor allem f\u00fcr Freileitung Strom transmession verwendet. Normalerweise ist 0,6\/1kv Duplex abc Kabel Niederspannung, \u00fcber 1kv Aluminium urd Kabel ist beyoned meidum Spannung abc Kabel. Also, wenn Sie die Duplex-Aluminium-Urod-Kabel kaufen, m\u00fcssen Sie die Spannung entsprechen. Zur gleichen Zeit, in Asien pepole Namen ist es Antenne geb\u00fcndelt Kabel oder aeribl geb\u00fcndelt Kabel oder Overheadn Kabel.<\/p>\n<p><img loading=\"lazy\" decoding=\"async\" class=\"aligncenter size-full wp-image-2980\" src=\"https:\/\/hdcarmouredcable.com\/wp-content\/uploads\/2019\/11\/duplex-service-cable.png\" alt=\"Duplex-Servicekabel\" width=\"595\" height=\"423\" srcset=\"https:\/\/hdcarmouredcable.com\/wp-content\/uploads\/2019\/11\/duplex-service-cable.png 595w, https:\/\/hdcarmouredcable.com\/wp-content\/uploads\/2019\/11\/duplex-service-cable-300x213.png 300w\" sizes=\"auto, (max-width: 595px) 100vw, 595px\" \/><\/p>\n<p style=\"text-align: center;\"><span class=\"su-lightbox\" data-mfp-src=\"#popmake-form\" data-mfp-type=\"inline\" data-mobile=\"yes\"><button class=\"btn btn-danger btn-sm\" ><i class=\"glyphicon glyphicon-ok-sign\" style=\"color:#eeee22;\"><\/i> Preis f\u00fcr Duplex-Servicekabel erhalten<\/button><\/span>\n<p>Aber in S\u00fcdamerika wird dieses Kabel Aluminium-Urod-Kabel oder Service Drop Wire genannt. Daher, wenn Sie die Duplex sind<a href=\"https:\/\/hdcarmouredcable.com\/de\/dienstleistung-fallleitungspreis-philippinen\/\" target=\"_blank\" rel=\"noopener noreferrer\"> Freileitungsdraht<\/a> Herstellung, m\u00fcssen Sie lernen, sauber den Namen der abc-Kabel in verschiedenen L\u00e4ndern.<\/p>\n<h2>0,6\/1kv XLPE-Aluminium-Uerdkabel<\/h2>\n<p>Norm: ICEA S-76-474 und so weiter.<br \/>\nLeiter: Verseiltes Vollaluminium 1350.<br \/>\nIsolierung der Au\u00dfenleiter: Sowohl XLPE als auch PVC.<br \/>\nNeutralleiter: AAC, AAAC, ACSR und so weiter.<br \/>\nSpannung: 0,6\/1KV.<\/p>\n<p>Der Phasenleiter besteht aus der Aluminiumlegierung 1350-H19, hartgezogen, verdichtet und konzentrisch verseilt.<br \/>\nNeutralleiter Konstruktionskabel sind mit den folgenden Neutralleitern erh\u00e4ltlich:<br \/>\nAAC-Leiter, mit beschichtetem Stahl verst\u00e4rkt (ACSR), konzentrisch verseilt<br \/>\nAluminiumlegierung 1350-H19 hartgezogen, konzentrisch verseilt<br \/>\nAluminiumlegierung 6201-T81, konzentrisch verseilt.<\/p>\n<div class=\"row\">\n<div class=\"col-lg-6 col-md-12 col-xs-12 col-sm-12\">\n<p><img loading=\"lazy\" decoding=\"async\" class=\"aligncenter size-full wp-image-2990\" src=\"https:\/\/hdcarmouredcable.com\/wp-content\/uploads\/2019\/11\/duplex-urd-wire.jpg\" alt=\"duplex-urd-wire\" width=\"180\" height=\"300\" \/><\/p>\n<\/div>\n<div class=\"col-lg-6 col-md-12 col-xs-12 col-sm-12\">\n<h2>Duplex-Und-Aluminium-Kabel Code Name Artikel<\/h2>\n<p>8-8 Bard Duplex URD-Draht (direkte Erdverlegung)<br \/>\n6-6 Bard Duplex URD-Draht (direkte Erdverlegung)<br \/>\n4-4 Bard Duplex URD-Draht (direkte Erdverlegung)<br \/>\n2-2 Bard Duplex URD-Draht (direkte Erdverlegung)<\/p>\n<p style=\"text-align: center;\"><span class=\"su-lightbox\" data-mfp-src=\"#popmake-form\" data-mfp-type=\"inline\" data-mobile=\"yes\"><button class=\"btn btn-danger btn-sm\" ><i class=\"glyphicon glyphicon-ok-sign\" style=\"color:#eeee22;\"><\/i> Holen Sie sich Aluminium-Urod-Kabel Preis<\/button><\/span>\n<\/div>\n<\/div>\n<h2>Isolationsmaterial von Aluminium-Urod-Kabeln<\/h2>\n<p>Die Standardisolierung des Phasenleiters des URD-Kabels besteht aus schwarzem vernetztem Polyethylen niedriger Dichte (XLPE).<br \/>\nAlternativ ist eine schwarze Isolierung aus linearem Polyethylen niedriger Dichte (LLDPE) mit einer Temperaturbest\u00e4ndigkeit von 75\u00b0C auf Anfrage erh\u00e4ltlich.<\/p>\n<h2>aac abc drop wire code name paramter<\/h2>\n<p>Wann immer Sie das abc-Kabel kaufen, m\u00fcssen Sie die technischen Parameter im Detail kennen. So ist der folgende Meter haupts\u00e4chlich f\u00fcr Amerika Standard sutable.<\/p>\n<p><img loading=\"lazy\" decoding=\"async\" class=\"aligncenter size-full wp-image-2979\" src=\"https:\/\/hdcarmouredcable.com\/wp-content\/uploads\/2019\/11\/aluminum-duplex-service-drop-wire.png\" alt=\"Aluminium-Duplex-Seilverbindungsleitung\" width=\"385\" height=\"190\" srcset=\"https:\/\/hdcarmouredcable.com\/wp-content\/uploads\/2019\/11\/aluminum-duplex-service-drop-wire.png 385w, https:\/\/hdcarmouredcable.com\/wp-content\/uploads\/2019\/11\/aluminum-duplex-service-drop-wire-300x148.png 300w\" sizes=\"auto, (max-width: 385px) 100vw, 385px\" \/><\/p>\n<p style=\"text-align: center;\"><span class=\"su-lightbox\" data-mfp-src=\"#popmake-form\" data-mfp-type=\"inline\" data-mobile=\"yes\"><button class=\"btn btn-danger btn-sm\" ><i class=\"glyphicon glyphicon-ok-sign\" style=\"color:#eeee22;\"><\/i> Preis f\u00fcr Duplex-Servicekabel erhalten<\/button><\/span>\n<p>Der Name sind Codenamen, wie zum Beispiel: haiotis petella Austernmuschel und so weiter. Daher, wenn Sie das Kabel kaufen, sagen Sie nur die Details Codenamen an die Aluminium-Urod-Kabel-Hersteller, werden sie die Details Kabel Preisliste f\u00fcr Sie bereitstellen. Also, jetzt sind Sie denken, kaufen Sie das Kabel bitte Huadong Kabel Gruppe, werden wir die wettbewerbsf\u00e4hige Fabrik Preis f\u00fcr Sie Referenz bieten.<\/p>\n<table width=\"694\">\n<tbody>\n<tr>\n<td colspan=\"3\" width=\"342\">AAC-Phasenleiter<\/td>\n<td colspan=\"2\" width=\"208\">AAC Neutral Messenger<\/td>\n<td colspan=\"2\" width=\"144\">Strombelastbarkeit<\/td>\n<\/tr>\n<tr>\n<td width=\"155\">AWG oder Kcmil<\/td>\n<td width=\"86\">Anzahl der Str\u00e4nge<\/td>\n<td width=\"101\">Dicke der Isolierung Mils<\/td>\n<td width=\"136\">AWG oder Kcmil<\/td>\n<td width=\"72\">Anzahl der Str\u00e4nge<\/td>\n<td width=\"72\">Pe 75\u00b0C<\/td>\n<td width=\"72\">Xlpe 90\u00b0C<\/td>\n<\/tr>\n<tr>\n<td width=\"155\">Haiotis<\/td>\n<td width=\"86\">6<\/td>\n<td width=\"101\">1<\/td>\n<td width=\"136\">45<\/td>\n<td width=\"72\">6<\/td>\n<td width=\"72\">103.8<\/td>\n<td width=\"72\">59<\/td>\n<\/tr>\n<tr>\n<td width=\"155\">Petella<\/td>\n<td width=\"86\">6<\/td>\n<td width=\"101\">7<\/td>\n<td width=\"136\">45<\/td>\n<td width=\"72\">6<\/td>\n<td width=\"72\">111.7<\/td>\n<td width=\"72\">59<\/td>\n<\/tr>\n<tr>\n<td width=\"155\">Fusus<\/td>\n<td width=\"86\">4<\/td>\n<td width=\"101\">1<\/td>\n<td width=\"136\">45<\/td>\n<td width=\"72\">4<\/td>\n<td width=\"72\">153.2<\/td>\n<td width=\"72\">78<\/td>\n<\/tr>\n<tr>\n<td width=\"155\">Auster<\/td>\n<td width=\"86\">4<\/td>\n<td width=\"101\">7<\/td>\n<td width=\"136\">45<\/td>\n<td width=\"72\">4<\/td>\n<td width=\"72\">163.9<\/td>\n<td width=\"72\">78<\/td>\n<\/tr>\n<tr>\n<td width=\"155\">Muschel<\/td>\n<td width=\"86\">2<\/td>\n<td width=\"101\">7<\/td>\n<td width=\"136\">45<\/td>\n<td width=\"72\">2<\/td>\n<td width=\"72\">245.9<\/td>\n<td width=\"72\">106<\/td>\n<\/tr>\n<\/tbody>\n<\/table>\n<p style=\"text-align: center;\"><span class=\"su-lightbox\" data-mfp-src=\"#popmake-form\" data-mfp-type=\"inline\" data-mobile=\"yes\"><button class=\"btn btn-danger btn-sm\" ><i class=\"glyphicon glyphicon-ok-sign\" style=\"color:#eeee22;\"><\/i> Holen Sie sich Aluminium-Urod-Kabel Preis<\/button><\/span>\n<p><img loading=\"lazy\" decoding=\"async\" class=\"aligncenter size-full wp-image-2991\" src=\"https:\/\/hdcarmouredcable.com\/wp-content\/uploads\/2019\/11\/Duplex-Service-drop-cable-price-for-sales.jpg\" alt=\"Duplex-Service-Drop-Kabel Preis f\u00fcr Verkauf\" width=\"830\" height=\"200\" srcset=\"https:\/\/hdcarmouredcable.com\/wp-content\/uploads\/2019\/11\/Duplex-Service-drop-cable-price-for-sales.jpg 830w, https:\/\/hdcarmouredcable.com\/wp-content\/uploads\/2019\/11\/Duplex-Service-drop-cable-price-for-sales-300x72.jpg 300w, https:\/\/hdcarmouredcable.com\/wp-content\/uploads\/2019\/11\/Duplex-Service-drop-cable-price-for-sales-768x185.jpg 768w, https:\/\/hdcarmouredcable.com\/wp-content\/uploads\/2019\/11\/Duplex-Service-drop-cable-price-for-sales-600x145.jpg 600w\" sizes=\"auto, (max-width: 830px) 100vw, 830px\" \/><\/p>\n<p class=\"wpcf7-contact-form-not-found\"><strong>Fehler:<\/strong> Kontaktformular wurde nicht gefunden.<\/p>\n<div class=\"su-lightbox-content su-u-trim\" id=\"popmake-form\" style=\"display:none;width:65%;min-width:none;max-width:600px;margin-top:40px;margin-bottom:40px;padding:20px;background:#FFFFFF;color:#333333;box-shadow:0px 0px 15px #333333;text-align:left\">\n<div class=\"wpcf7 no-js\" id=\"wpcf7-f5800-o1\" lang=\"en-US\" dir=\"ltr\" data-wpcf7-id=\"5800\">\n<div class=\"screen-reader-response\"><p role=\"status\" aria-live=\"polite\" aria-atomic=\"true\"><\/p> <ul><\/ul><\/div>\n<form action=\"\/de\/wp-json\/wp\/v2\/pages\/2978#wpcf7-f5800-o1\" method=\"post\" class=\"wpcf7-form init\" aria-label=\"Kontakt-Formular\" novalidate=\"novalidate\" data-status=\"init\" data-trp-original-action=\"\/de\/wp-json\/wp\/v2\/pages\/2978#wpcf7-f5800-o1\">\n<div style=\"display: none;\">\n<input type=\"hidden\" name=\"_wpcf7\" value=\"5800\" \/>\n<input type=\"hidden\" name=\"_wpcf7_version\" value=\"6.0.6\" \/>\n<input type=\"hidden\" name=\"_wpcf7_locale\" value=\"en_US\" \/>\n<input type=\"hidden\" name=\"_wpcf7_unit_tag\" value=\"wpcf7-f5800-o1\" \/>\n<input type=\"hidden\" name=\"_wpcf7_container_post\" value=\"0\" \/>\n<input type=\"hidden\" name=\"_wpcf7_posted_data_hash\" value=\"\" \/>\n<\/div>\n<div class=\"popmakerform\">\n\t<h3>Kostenloses Angebot erhalten\n\t<\/h3>\n\t<p>Lassen Sie uns gemeinsam an Ihrem Projekt per E-Mail arbeiten: <a href=\"mailto:info@hdcarmouredcable.com\" rel=\"nofollow\">info@hdcarmouredcable.com<\/a>\n\t<\/p>\n\t<p>Interessantes Produkt <span style=\"color:red;\">*<span><br \/>\n<span class=\"wpcf7-form-control-wrap\" data-name=\"item\"><input size=\"40\" maxlength=\"400\" class=\"wpcf7-form-control wpcf7-text\" id=\"item\" aria-invalid=\"false\" value=\"\" type=\"text\" name=\"item\" \/><\/span><\/span><\/span>\n\t<\/p>\n\t<p>Ihr Name <span style=\"color:red;\">*<span><br \/>\n<span class=\"wpcf7-form-control-wrap\" data-name=\"your-name\"><input size=\"40\" maxlength=\"400\" class=\"wpcf7-form-control wpcf7-text wpcf7-validates-as-required\" aria-required=\"true\" aria-invalid=\"false\" value=\"\" type=\"text\" name=\"your-name\" \/><\/span><\/span><\/span>\n\t<\/p>\n\t<p>Deine E-Mail <span style=\"color:red;\">*<span><br \/>\n<span class=\"wpcf7-form-control-wrap\" data-name=\"your-email\"><input size=\"40\" maxlength=\"400\" class=\"wpcf7-form-control wpcf7-email wpcf7-validates-as-required wpcf7-text wpcf7-validates-as-email\" aria-required=\"true\" aria-invalid=\"false\" value=\"\" type=\"email\" name=\"your-email\" \/><\/span><\/span><\/span>\n\t<\/p>\n\t<p>Ihre Telefonnummer (einschlie\u00dflich der Vorwahl)<br \/>\n<span class=\"wpcf7-form-control-wrap\" data-name=\"your-phone\"><input size=\"40\" maxlength=\"400\" class=\"wpcf7-form-control wpcf7-text\" aria-invalid=\"false\" value=\"\" type=\"text\" name=\"your-phone\" \/><\/span>\n\t<\/p>\n\t<p>Ihr Land<br \/>\n<span class=\"wpcf7-form-control-wrap\" data-name=\"your-country\"><input size=\"40\" maxlength=\"400\" class=\"wpcf7-form-control wpcf7-text\" aria-invalid=\"false\" value=\"\" type=\"text\" name=\"your-country\" \/><\/span>\n\t<\/p>\n\t<p>Detaillierte Anforderung <span style=\"color:red;\">*<span><br \/>\n<span class=\"wpcf7-form-control-wrap\" data-name=\"your-requirement\"><textarea cols=\"40\" rows=\"5\" maxlength=\"2000\" class=\"wpcf7-form-control wpcf7-textarea wpcf7-validates-as-required\" aria-required=\"true\" aria-invalid=\"false\" placeholder=\"F\u00fcr ein detailliertes Angebot, senden Sie uns bitte Ihre Anforderungen. *\" name=\"your-requirement\"><\/textarea><\/span><\/span><\/span>\n\t<\/p>\n\t<p><input class=\"wpcf7-form-control wpcf7-submit has-spinner\" type=\"submit\" value=\"Angebot einholen\" \/>\n\t<\/p>\n<\/div><input type='hidden' class='wpcf7-pum' value='{\"closepopup\":false,\"closedelay\":0,\"openpopup\":false,\"openpopup_id\":0}' \/><div class=\"wpcf7-response-output\" aria-hidden=\"true\"><\/div>\n<input type=\"hidden\" name=\"trp-form-language\" value=\"de\"\/><\/form>\n<\/div>\n<\/div>","protected":false},"excerpt":{"rendered":"<p>Die unterschiedlichen Namen von Duplex-Service-Drop-Kabel in dem Wort Duplex-Service-Drop-Kabel ist eine der Art von abc-Kabel. Erstens, es wird haupts\u00e4chlich f\u00fcr die Freileitung Strom\u00fcbertragung verwendet. Normalerweise 0.6\/1kv Duplex abc Kabel ist Niederspannung, \u00fcber 1kv Aluminium urd Kabel ist beyoned meidum Spannung abc Kabel. Also, wenn Sie kaufen die Duplex ... <a class=\"read-more\" href=\"https:\/\/hdcarmouredcable.com\/de\/aluminium-duplex-seilzugkabel\/\">Weiterlesen ...<\/a><\/p>","protected":false},"author":1,"featured_media":0,"parent":0,"menu_order":0,"comment_status":"closed","ping_status":"closed","template":"","meta":{"_joinchat":[],"footnotes":""},"class_list":["post-2978","page","type-page","status-publish"],"yoast_head":"<!-- This site is optimized with the Yoast SEO plugin v25.1 - https:\/\/yoast.com\/wordpress\/plugins\/seo\/ -->\n<title>XLPE 1350 Aluminum URD Duplex Service Drop Cable with AAC ACSR<\/title>\n<meta name=\"description\" content=\"factory direct sales the Aluminum 1350 aluminm URD duplex service drop cable, cand customized Haiotis Petella Fusus Oyster Murex URD Cable.\" \/>\n<meta name=\"robots\" content=\"index, follow, max-snippet:-1, max-image-preview:large, max-video-preview:-1\" \/>\n<link rel=\"canonical\" href=\"https:\/\/hdcarmouredcable.com\/de\/aluminium-duplex-seilzugkabel\/\" \/>\n<meta property=\"og:locale\" content=\"de_DE\" \/>\n<meta property=\"og:type\" content=\"article\" \/>\n<meta property=\"og:title\" content=\"XLPE 1350 Aluminum URD Duplex Service Drop Cable with AAC ACSR\" \/>\n<meta property=\"og:description\" content=\"factory direct sales the Aluminum 1350 aluminm URD duplex service drop cable, cand customized Haiotis Petella Fusus Oyster Murex URD Cable.\" \/>\n<meta property=\"og:url\" content=\"https:\/\/hdcarmouredcable.com\/de\/aluminium-duplex-seilzugkabel\/\" \/>\n<meta property=\"og:site_name\" content=\"Huadong Armoured Cable Group\" \/>\n<meta property=\"article:publisher\" content=\"https:\/\/www.facebook.com\/lily.ding.52\" \/>\n<meta property=\"article:modified_time\" content=\"2023-07-21T07:21:16+00:00\" \/>\n<meta property=\"og:image\" content=\"https:\/\/hdcarmouredcable.com\/wp-content\/uploads\/2019\/11\/duplex-service-cable.png\" \/>\n<meta name=\"twitter:card\" content=\"summary_large_image\" \/>\n<meta name=\"twitter:label1\" content=\"Gesch\u00e4tzte Lesezeit\" \/>\n\t<meta name=\"twitter:data1\" content=\"3\u00a0Minuten\" \/>\n<script type=\"application\/ld+json\" class=\"yoast-schema-graph\">{\"@context\":\"https:\/\/schema.org\",\"@graph\":[{\"@type\":\"WebPage\",\"@id\":\"https:\/\/hdcarmouredcable.com\/aluminum-duplex-service-drop-cable\/\",\"url\":\"https:\/\/hdcarmouredcable.com\/aluminum-duplex-service-drop-cable\/\",\"name\":\"XLPE 1350 Aluminum URD Duplex Service Drop Cable with AAC ACSR\",\"isPartOf\":{\"@id\":\"https:\/\/hdcarmouredcable.com\/#website\"},\"primaryImageOfPage\":{\"@id\":\"https:\/\/hdcarmouredcable.com\/aluminum-duplex-service-drop-cable\/#primaryimage\"},\"image\":{\"@id\":\"https:\/\/hdcarmouredcable.com\/aluminum-duplex-service-drop-cable\/#primaryimage\"},\"thumbnailUrl\":\"https:\/\/hdcarmouredcable.com\/wp-content\/uploads\/2019\/11\/duplex-service-cable.png\",\"datePublished\":\"2019-11-11T03:29:28+00:00\",\"dateModified\":\"2023-07-21T07:21:16+00:00\",\"description\":\"factory direct sales the Aluminum 1350 aluminm URD duplex service drop cable, cand customized Haiotis Petella Fusus Oyster Murex URD Cable.\",\"inLanguage\":\"de\",\"potentialAction\":[{\"@type\":\"ReadAction\",\"target\":[\"https:\/\/hdcarmouredcable.com\/aluminum-duplex-service-drop-cable\/\"]}]},{\"@type\":\"ImageObject\",\"inLanguage\":\"de\",\"@id\":\"https:\/\/hdcarmouredcable.com\/aluminum-duplex-service-drop-cable\/#primaryimage\",\"url\":\"https:\/\/hdcarmouredcable.com\/wp-content\/uploads\/2019\/11\/duplex-service-cable.png\",\"contentUrl\":\"https:\/\/hdcarmouredcable.com\/wp-content\/uploads\/2019\/11\/duplex-service-cable.png\"},{\"@type\":\"WebSite\",\"@id\":\"https:\/\/hdcarmouredcable.com\/#website\",\"url\":\"https:\/\/hdcarmouredcable.com\/\",\"name\":\"Huadong Armoured Cable Group\",\"description\":\"professional steel wire armoured cable manufacturer\",\"publisher\":{\"@id\":\"https:\/\/hdcarmouredcable.com\/#organization\"},\"potentialAction\":[{\"@type\":\"SearchAction\",\"target\":{\"@type\":\"EntryPoint\",\"urlTemplate\":\"https:\/\/hdcarmouredcable.com\/?s={search_term_string}\"},\"query-input\":{\"@type\":\"PropertyValueSpecification\",\"valueRequired\":true,\"valueName\":\"search_term_string\"}}],\"inLanguage\":\"de\"},{\"@type\":\"Organization\",\"@id\":\"https:\/\/hdcarmouredcable.com\/#organization\",\"name\":\"Huadong Cable Group\",\"url\":\"https:\/\/hdcarmouredcable.com\/\",\"logo\":{\"@type\":\"ImageObject\",\"inLanguage\":\"de\",\"@id\":\"https:\/\/hdcarmouredcable.com\/#\/schema\/logo\/image\/\",\"url\":\"https:\/\/hdcarmouredcable.com\/wp-content\/uploads\/2022\/07\/Huadong-log.png\",\"contentUrl\":\"https:\/\/hdcarmouredcable.com\/wp-content\/uploads\/2022\/07\/Huadong-log.png\",\"width\":860,\"height\":860,\"caption\":\"Huadong Cable Group\"},\"image\":{\"@id\":\"https:\/\/hdcarmouredcable.com\/#\/schema\/logo\/image\/\"},\"sameAs\":[\"https:\/\/www.facebook.com\/lily.ding.52\",\"https:\/\/www.linkedin.com\/in\/lilyxlpecable\/\"]}]}<\/script>\n<!-- \/ Yoast SEO plugin. -->","yoast_head_json":{"title":"XLPE 1350 Aluminium URD Duplex Service Drop Kabel mit AAC ACSR","description":"Werksdirektvertrieb des URD-Duplex-Service-Drop-Kabels aus Aluminium 1350, sowie des kundenspezifischen URD-Kabels Haiotis Petella Fusus Oyster Murex.","robots":{"index":"index","follow":"follow","max-snippet":"max-snippet:-1","max-image-preview":"max-image-preview:large","max-video-preview":"max-video-preview:-1"},"canonical":"https:\/\/hdcarmouredcable.com\/de\/aluminium-duplex-seilzugkabel\/","og_locale":"de_DE","og_type":"article","og_title":"XLPE 1350 Aluminum URD Duplex Service Drop Cable with AAC ACSR","og_description":"factory direct sales the Aluminum 1350 aluminm URD duplex service drop cable, cand customized Haiotis Petella Fusus Oyster Murex URD Cable.","og_url":"https:\/\/hdcarmouredcable.com\/de\/aluminium-duplex-seilzugkabel\/","og_site_name":"Huadong Armoured Cable Group","article_publisher":"https:\/\/www.facebook.com\/lily.ding.52","article_modified_time":"2023-07-21T07:21:16+00:00","og_image":[{"url":"https:\/\/hdcarmouredcable.com\/wp-content\/uploads\/2019\/11\/duplex-service-cable.png","type":"","width":"","height":""}],"twitter_card":"summary_large_image","twitter_misc":{"Gesch\u00e4tzte Lesezeit":"3\u00a0Minuten"},"schema":{"@context":"https:\/\/schema.org","@graph":[{"@type":"WebPage","@id":"https:\/\/hdcarmouredcable.com\/aluminum-duplex-service-drop-cable\/","url":"https:\/\/hdcarmouredcable.com\/aluminum-duplex-service-drop-cable\/","name":"XLPE 1350 Aluminium URD Duplex Service Drop Kabel mit AAC ACSR","isPartOf":{"@id":"https:\/\/hdcarmouredcable.com\/#website"},"primaryImageOfPage":{"@id":"https:\/\/hdcarmouredcable.com\/aluminum-duplex-service-drop-cable\/#primaryimage"},"image":{"@id":"https:\/\/hdcarmouredcable.com\/aluminum-duplex-service-drop-cable\/#primaryimage"},"thumbnailUrl":"https:\/\/hdcarmouredcable.com\/wp-content\/uploads\/2019\/11\/duplex-service-cable.png","datePublished":"2019-11-11T03:29:28+00:00","dateModified":"2023-07-21T07:21:16+00:00","description":"Werksdirektvertrieb des URD-Duplex-Service-Drop-Kabels aus Aluminium 1350, sowie des kundenspezifischen URD-Kabels Haiotis Petella Fusus Oyster Murex.","inLanguage":"de","potentialAction":[{"@type":"ReadAction","target":["https:\/\/hdcarmouredcable.com\/aluminum-duplex-service-drop-cable\/"]}]},{"@type":"ImageObject","inLanguage":"de","@id":"https:\/\/hdcarmouredcable.com\/aluminum-duplex-service-drop-cable\/#primaryimage","url":"https:\/\/hdcarmouredcable.com\/wp-content\/uploads\/2019\/11\/duplex-service-cable.png","contentUrl":"https:\/\/hdcarmouredcable.com\/wp-content\/uploads\/2019\/11\/duplex-service-cable.png"},{"@type":"WebSite","@id":"https:\/\/hdcarmouredcable.com\/#website","url":"https:\/\/hdcarmouredcable.com\/","name":"Huadong Armoured Cable Gruppe","description":"professioneller Hersteller von Stahldraht-Panzerkabel","publisher":{"@id":"https:\/\/hdcarmouredcable.com\/#organization"},"potentialAction":[{"@type":"SearchAction","target":{"@type":"EntryPoint","urlTemplate":"https:\/\/hdcarmouredcable.com\/?s={search_term_string}"},"query-input":{"@type":"PropertyValueSpecification","valueRequired":true,"valueName":"search_term_string"}}],"inLanguage":"de"},{"@type":"Organization","@id":"https:\/\/hdcarmouredcable.com\/#organization","name":"Huadong Kabel Gruppe","url":"https:\/\/hdcarmouredcable.com\/","logo":{"@type":"ImageObject","inLanguage":"de","@id":"https:\/\/hdcarmouredcable.com\/#\/schema\/logo\/image\/","url":"https:\/\/hdcarmouredcable.com\/wp-content\/uploads\/2022\/07\/Huadong-log.png","contentUrl":"https:\/\/hdcarmouredcable.com\/wp-content\/uploads\/2022\/07\/Huadong-log.png","width":860,"height":860,"caption":"Huadong Cable Group"},"image":{"@id":"https:\/\/hdcarmouredcable.com\/#\/schema\/logo\/image\/"},"sameAs":["https:\/\/www.facebook.com\/lily.ding.52","https:\/\/www.linkedin.com\/in\/lilyxlpecable\/"]}]}},"amp_enabled":true,"_links":{"self":[{"href":"https:\/\/hdcarmouredcable.com\/de\/wp-json\/wp\/v2\/pages\/2978","targetHints":{"allow":["GET"]}}],"collection":[{"href":"https:\/\/hdcarmouredcable.com\/de\/wp-json\/wp\/v2\/pages"}],"about":[{"href":"https:\/\/hdcarmouredcable.com\/de\/wp-json\/wp\/v2\/types\/page"}],"author":[{"embeddable":true,"href":"https:\/\/hdcarmouredcable.com\/de\/wp-json\/wp\/v2\/users\/1"}],"replies":[{"embeddable":true,"href":"https:\/\/hdcarmouredcable.com\/de\/wp-json\/wp\/v2\/comments?post=2978"}],"version-history":[{"count":13,"href":"https:\/\/hdcarmouredcable.com\/de\/wp-json\/wp\/v2\/pages\/2978\/revisions"}],"predecessor-version":[{"id":9434,"href":"https:\/\/hdcarmouredcable.com\/de\/wp-json\/wp\/v2\/pages\/2978\/revisions\/9434"}],"wp:attachment":[{"href":"https:\/\/hdcarmouredcable.com\/de\/wp-json\/wp\/v2\/media?parent=2978"}],"curies":[{"name":"wp","href":"https:\/\/api.w.org\/{rel}","templated":true}]}}