{"id":3149,"date":"2019-12-13T16:03:17","date_gmt":"2019-12-13T08:03:17","guid":{"rendered":"https:\/\/hdcarmouredcable.com\/?page_id=3149"},"modified":"2023-07-25T15:41:27","modified_gmt":"2023-07-25T07:41:27","slug":"opgw-hardware-fittings","status":"publish","type":"page","link":"https:\/\/hdcarmouredcable.com\/de\/opgw-hardware-fittings\/","title":{"rendered":"schwingungsd\u00e4mpfer nach unten leitung klemme aufh\u00e4ngung klemmen satz f\u00fcr opgw 100, 115 110, 108 50 mm2 hardware fittings"},"content":{"rendered":"<h2>\u00a0Anwendung von 50mm2 100mm2 115mm2 108mm2 110mm2 opgw-Beschl\u00e4gen<\/h2>\n<p>Obwohl, die opgw Hardware Armaturen in eine Arten von Kabel-Zubeh\u00f6r. Aber, opgw Aufh\u00e4ngung Klemme ist vor allem f\u00fcr OPGW Kabel Linie, die durch den Winkel, Spannung und Terminal-Turm Spannweite geht.<\/p>\n<h2><img loading=\"lazy\" decoding=\"async\" class=\"aligncenter size-full wp-image-3150\" src=\"https:\/\/hdcarmouredcable.com\/wp-content\/uploads\/2019\/12\/used-for-opgw-hardware-fittings.jpg\" alt=\"gebraucht-f\u00fcr-opgw-hardware-beschl\u00e4ge\" width=\"804\" height=\"528\" srcset=\"https:\/\/hdcarmouredcable.com\/wp-content\/uploads\/2019\/12\/used-for-opgw-hardware-fittings.jpg 804w, https:\/\/hdcarmouredcable.com\/wp-content\/uploads\/2019\/12\/used-for-opgw-hardware-fittings-300x197.jpg 300w, https:\/\/hdcarmouredcable.com\/wp-content\/uploads\/2019\/12\/used-for-opgw-hardware-fittings-768x504.jpg 768w, https:\/\/hdcarmouredcable.com\/wp-content\/uploads\/2019\/12\/used-for-opgw-hardware-fittings-600x394.jpg 600w\" sizes=\"auto, (max-width: 804px) 100vw, 804px\" \/><\/h2>\n<p style=\"text-align: center;\"><span class=\"su-lightbox\" data-mfp-src=\"#popmake-form\" data-mfp-type=\"inline\" data-mobile=\"yes\"><button class=\"btn btn-danger btn-sm\" ><i class=\"glyphicon glyphicon-ok-sign\" style=\"color:#eeee22;\"><\/i> Preis der opgw-Klemme erhalten<\/button><\/span><a class=\"btn btn-danger btn-sm\" href=\"mailto:info@hdcarmouredcable.com\"  rel=\"\"  target=\"_self\"><i class=\"fa fa-envelope-o\" style=\"color:#eeee22;\"><\/i> info@hdcarmouredcable.com<\/a>\n<p>Die opgw Beschl\u00e4ge eignen sich nicht nur zum Aufh\u00e4ngen von Freileitungen, sondern opgw Aufh\u00e4ngeklemmen werden auch zum Befestigen, Verlegen oder Ziehen von OPGW Kabeln w\u00e4hrend der Bauphase verwendet. Zur gleichen Zeit, die opgw Hardware einschlie\u00dflich vieler Arten. Wie z.B. doppelte Aufh\u00e4ngung f\u00fcr OPGW, Ableitungsklemme f\u00fcr OPGW, Schwingungsd\u00e4mpfer f\u00fcr OPGW, OPGW Klemme. Es ist auch breite Anwendung wie die <a href=\"https:\/\/insulatorlineclamp.com\/dead-end-clamp-for-abc-cable\/\" target=\"_blank\" rel=\"noopener noreferrer\">abc-Sackgassenklemme.<\/a><\/p>\n<h2>Der Vorteil des doppelten Aufh\u00e4ngesets f\u00fcr 50mm2 100mm2 115mm2 108mm2 110mm2 OPGW von huadong<\/h2>\n<p><img loading=\"lazy\" decoding=\"async\" class=\"aligncenter size-full wp-image-3152\" src=\"https:\/\/hdcarmouredcable.com\/wp-content\/uploads\/2019\/12\/OPGW-Suspension-set.jpg\" alt=\"OPGW Aufh\u00e4ngungssatz\" width=\"942\" height=\"361\" srcset=\"https:\/\/hdcarmouredcable.com\/wp-content\/uploads\/2019\/12\/OPGW-Suspension-set.jpg 942w, https:\/\/hdcarmouredcable.com\/wp-content\/uploads\/2019\/12\/OPGW-Suspension-set-300x115.jpg 300w, https:\/\/hdcarmouredcable.com\/wp-content\/uploads\/2019\/12\/OPGW-Suspension-set-768x294.jpg 768w, https:\/\/hdcarmouredcable.com\/wp-content\/uploads\/2019\/12\/OPGW-Suspension-set-600x230.jpg 600w\" sizes=\"auto, (max-width: 942px) 100vw, 942px\" \/><\/p>\n<p style=\"text-align: center;\"><span class=\"su-lightbox\" data-mfp-src=\"#popmake-form\" data-mfp-type=\"inline\" data-mobile=\"yes\"><button class=\"btn btn-danger btn-sm\" ><i class=\"glyphicon glyphicon-ok-sign\" style=\"color:#eeee22;\"><\/i> Preis der opgw-Klemme erhalten<\/button><\/span><a class=\"btn btn-danger btn-sm\" href=\"mailto:info@hdcarmouredcable.com\"  rel=\"\"  target=\"_self\"><i class=\"fa fa-envelope-o\" style=\"color:#eeee22;\"><\/i> info@hdcarmouredcable.com<\/a>\n<p>Huadong produziert nicht nur die OPGW-Aufh\u00e4ngungsklemme und das OPGW-Aufh\u00e4ngungsset auf internationaler Ebene, sondern kann auch kundenspezifische L\u00f6sungen anbieten. Unser Design der doppelten Aufh\u00e4ngung Set f\u00fcr OPGW Installation auf Masten und T\u00fcrme Freileitung und so weiter. In der Zwischenzeit, nach unten f\u00fchren Klemme f\u00fcr OPGW hat einen einseitigen Winkel f\u00fcr 15C-18C. So, opgw Hardware Armaturen kann es jeder gut sch\u00fctzen die Leiter f\u00fcr unsere Presse. Also, die volle OPGW Aufh\u00e4ngung Satz umfassen die inneren und \u00e4u\u00dferen vorgeformten Stangen, Aufh\u00e4ngung Klammer f\u00fcr OPGW. Also, wenn Sie die opgw Armaturen kaufen, m\u00fcssen Sie die opgw Klemme Aufh\u00e4ngung und Ausbildung. Huadong produzieren diese doppelte Aufh\u00e4ngung Satz f\u00fcr OPGW St\u00e4rke ist 10% - 20% gr\u00f6\u00dfer als die Rate Spannung St\u00e4rke.<\/p>\n<div class=\"row prodetails\">\n<h2>Einfacher und doppelter Aufh\u00e4ngungsschellensatz f\u00fcr OPGW 50mm2 100mm2 115mm2 108mm2 110mm2<\/h2>\n<div class=\"col-lg-6 col-md-12 col-xs-12 col-sm-12\">\n<p><img loading=\"lazy\" decoding=\"async\" class=\"aligncenter size-full wp-image-3151\" src=\"https:\/\/hdcarmouredcable.com\/wp-content\/uploads\/2019\/12\/Suspension-OPGW.jpg\" alt=\"Aufh\u00e4ngung OPGW\" width=\"600\" height=\"334\" srcset=\"https:\/\/hdcarmouredcable.com\/wp-content\/uploads\/2019\/12\/Suspension-OPGW.jpg 600w, https:\/\/hdcarmouredcable.com\/wp-content\/uploads\/2019\/12\/Suspension-OPGW-300x167.jpg 300w\" sizes=\"auto, (max-width: 600px) 100vw, 600px\" \/><\/p>\n<\/div>\n<div class=\"col-lg-6 col-md-12 col-xs-12 col-sm-12\">\n<p>Die opgw Hardware Armaturen geh\u00f6ren Ankersch\u00e4kel, verdrehte Sch\u00e4kel, Aufh\u00e4ngung Klemme, opgw Aufh\u00e4ngung Klemme nach unten f\u00fchren Klemme f\u00fcr OPGW, Erdungsdraht Klemme und Schutz amour Stab und so weiter.<br \/>\nSpezifikationen<br \/>\nOPGW Griffdurchmesser: Insgesamt 115mm2, 110mm2, 108mm2, 50mm2.<br \/>\nAnzahl der Dr\u00e4hte: weniger als 19<br \/>\nPanzerstange (innen): \u00d8 3 mm x L\u00e4nge 12 mm<br \/>\nVerlegerichtung: (Gewicht der rechten Hand: 0,650 (kg) und so weiter.<br \/>\nPanzerstange (au\u00dfen): Durchmesser 6,3 mm x L\u00e4nge 7 mm usw.<br \/>\nLegerichtung: (Gewicht der linken Hand: 0,789 kg)<\/p>\n<p style=\"text-align: center;\"><span class=\"su-lightbox\" data-mfp-src=\"#popmake-form\" data-mfp-type=\"inline\" data-mobile=\"yes\"><button class=\"btn btn-danger btn-sm\" ><i class=\"glyphicon glyphicon-ok-sign\" style=\"color:#eeee22;\"><\/i> Preis f\u00fcr geb\u00fcndeltes Antennenkabelzubeh\u00f6r erhalten<\/button><\/span>\n<\/div>\n<\/div>\n<div class=\"row\">\n<h3>Schwingungsd\u00e4mpfer aus 50mm2 100mm2 115mm2 108mm2 110mm2 opgw Fittings<\/h3>\n<div class=\"col-lg-6 col-md-12 col-xs-12 col-sm-12\">\n<p><img loading=\"lazy\" decoding=\"async\" class=\"aligncenter size-full wp-image-3153\" src=\"https:\/\/hdcarmouredcable.com\/wp-content\/uploads\/2019\/12\/OPGW-vibration-damper.jpg\" alt=\"OPGW Schwingungsd\u00e4mpfer\" width=\"437\" height=\"174\" srcset=\"https:\/\/hdcarmouredcable.com\/wp-content\/uploads\/2019\/12\/OPGW-vibration-damper.jpg 437w, https:\/\/hdcarmouredcable.com\/wp-content\/uploads\/2019\/12\/OPGW-vibration-damper-300x119.jpg 300w\" sizes=\"auto, (max-width: 437px) 100vw, 437px\" \/><\/p>\n<\/div>\n<div class=\"col-lg-6 col-md-12 col-xs-12 col-sm-12\">\n<p>Obwohl, diese Schwingungsd\u00e4mpfer ist eine der Arten von opgw Aufh\u00e4ngung Klammer. Es ist einschlie\u00dflich der hochwertigen feuerverzinktem Gusseisen Hammer, feuerverzinktem Stahl Twist Draht und so weiter. Also, Huadong bieten eine breite Palette von Schwingungsd\u00e4mpfer, die als f\u00fcr seine Premium-Qualit\u00e4t und reibungslose Funktion bekannt ist. Dar\u00fcber hinaus ist diese Schwingungsd\u00e4mpfer von hoher Qualit\u00e4t hei\u00df, nach unten f\u00fchren Klammer f\u00fcr OPGW, Aluminium-Legierung Klammer, opgw Klammer und Edelstahl-Bolzen gemacht.<\/p>\n<p style=\"text-align: center;\"><span class=\"su-lightbox\" data-mfp-src=\"#popmake-form\" data-mfp-type=\"inline\" data-mobile=\"yes\"><button class=\"btn btn-danger btn-sm\" ><i class=\"glyphicon glyphicon-ok-sign\" style=\"color:#eeee22;\"><\/i> Preis f\u00fcr geb\u00fcndeltes Antennenkabelzubeh\u00f6r erhalten<\/button><\/span>\n<\/div>\n<\/div>\n\n<div class=\"wpcf7 no-js\" id=\"wpcf7-f5800-o1\" lang=\"en-US\" dir=\"ltr\" data-wpcf7-id=\"5800\">\n<div class=\"screen-reader-response\"><p role=\"status\" aria-live=\"polite\" aria-atomic=\"true\"><\/p> <ul><\/ul><\/div>\n<form action=\"\/de\/wp-json\/wp\/v2\/pages\/3149#wpcf7-f5800-o1\" method=\"post\" class=\"wpcf7-form init\" aria-label=\"Kontakt-Formular\" novalidate=\"novalidate\" data-status=\"init\" data-trp-original-action=\"\/de\/wp-json\/wp\/v2\/pages\/3149#wpcf7-f5800-o1\">\n<div style=\"display: none;\">\n<input type=\"hidden\" name=\"_wpcf7\" value=\"5800\" \/>\n<input type=\"hidden\" name=\"_wpcf7_version\" value=\"6.0.6\" \/>\n<input type=\"hidden\" name=\"_wpcf7_locale\" value=\"en_US\" \/>\n<input type=\"hidden\" name=\"_wpcf7_unit_tag\" value=\"wpcf7-f5800-o1\" \/>\n<input type=\"hidden\" name=\"_wpcf7_container_post\" value=\"0\" \/>\n<input type=\"hidden\" name=\"_wpcf7_posted_data_hash\" value=\"\" \/>\n<\/div>\n<div class=\"popmakerform\">\n\t<h3>Kostenloses Angebot erhalten\n\t<\/h3>\n\t<p>Lassen Sie uns gemeinsam an Ihrem Projekt per E-Mail arbeiten: <a href=\"mailto:info@hdcarmouredcable.com\" rel=\"nofollow\">info@hdcarmouredcable.com<\/a>\n\t<\/p>\n\t<p>Interessantes Produkt <span style=\"color:red;\">*<span><br \/>\n<span class=\"wpcf7-form-control-wrap\" data-name=\"item\"><input size=\"40\" maxlength=\"400\" class=\"wpcf7-form-control wpcf7-text\" id=\"item\" aria-invalid=\"false\" value=\"\" type=\"text\" name=\"item\" \/><\/span><\/span><\/span>\n\t<\/p>\n\t<p>Ihr Name <span style=\"color:red;\">*<span><br \/>\n<span class=\"wpcf7-form-control-wrap\" data-name=\"your-name\"><input size=\"40\" maxlength=\"400\" class=\"wpcf7-form-control wpcf7-text wpcf7-validates-as-required\" aria-required=\"true\" aria-invalid=\"false\" value=\"\" type=\"text\" name=\"your-name\" \/><\/span><\/span><\/span>\n\t<\/p>\n\t<p>Deine E-Mail <span style=\"color:red;\">*<span><br \/>\n<span class=\"wpcf7-form-control-wrap\" data-name=\"your-email\"><input size=\"40\" maxlength=\"400\" class=\"wpcf7-form-control wpcf7-email wpcf7-validates-as-required wpcf7-text wpcf7-validates-as-email\" aria-required=\"true\" aria-invalid=\"false\" value=\"\" type=\"email\" name=\"your-email\" \/><\/span><\/span><\/span>\n\t<\/p>\n\t<p>Ihre Telefonnummer (einschlie\u00dflich der Vorwahl)<br \/>\n<span class=\"wpcf7-form-control-wrap\" data-name=\"your-phone\"><input size=\"40\" maxlength=\"400\" class=\"wpcf7-form-control wpcf7-text\" aria-invalid=\"false\" value=\"\" type=\"text\" name=\"your-phone\" \/><\/span>\n\t<\/p>\n\t<p>Ihr Land<br \/>\n<span class=\"wpcf7-form-control-wrap\" data-name=\"your-country\"><input size=\"40\" maxlength=\"400\" class=\"wpcf7-form-control wpcf7-text\" aria-invalid=\"false\" value=\"\" type=\"text\" name=\"your-country\" \/><\/span>\n\t<\/p>\n\t<p>Detaillierte Anforderung <span style=\"color:red;\">*<span><br \/>\n<span class=\"wpcf7-form-control-wrap\" data-name=\"your-requirement\"><textarea cols=\"40\" rows=\"5\" maxlength=\"2000\" class=\"wpcf7-form-control wpcf7-textarea wpcf7-validates-as-required\" aria-required=\"true\" aria-invalid=\"false\" placeholder=\"F\u00fcr ein detailliertes Angebot, senden Sie uns bitte Ihre Anforderungen. *\" name=\"your-requirement\"><\/textarea><\/span><\/span><\/span>\n\t<\/p>\n\t<p><input class=\"wpcf7-form-control wpcf7-submit has-spinner\" type=\"submit\" value=\"Angebot einholen\" \/>\n\t<\/p>\n<\/div><input type='hidden' class='wpcf7-pum' value='{\"closepopup\":false,\"closedelay\":0,\"openpopup\":false,\"openpopup_id\":0}' \/><div class=\"wpcf7-response-output\" aria-hidden=\"true\"><\/div>\n<input type=\"hidden\" name=\"trp-form-language\" value=\"de\"\/><\/form>\n<\/div>\n\n<div class=\"su-lightbox-content su-u-trim\" id=\"popmake-form\" style=\"display:none;width:65%;min-width:none;max-width:600px;margin-top:40px;margin-bottom:40px;padding:20px;background:#FFFFFF;color:#333333;box-shadow:0px 0px 15px #333333;text-align:left\">\n<div class=\"wpcf7 no-js\" id=\"wpcf7-f5800-o2\" lang=\"en-US\" dir=\"ltr\" data-wpcf7-id=\"5800\">\n<div class=\"screen-reader-response\"><p role=\"status\" aria-live=\"polite\" aria-atomic=\"true\"><\/p> <ul><\/ul><\/div>\n<form action=\"\/de\/wp-json\/wp\/v2\/pages\/3149#wpcf7-f5800-o2\" method=\"post\" class=\"wpcf7-form init\" aria-label=\"Kontakt-Formular\" novalidate=\"novalidate\" data-status=\"init\" data-trp-original-action=\"\/de\/wp-json\/wp\/v2\/pages\/3149#wpcf7-f5800-o2\">\n<div style=\"display: none;\">\n<input type=\"hidden\" name=\"_wpcf7\" value=\"5800\" \/>\n<input type=\"hidden\" name=\"_wpcf7_version\" value=\"6.0.6\" \/>\n<input type=\"hidden\" name=\"_wpcf7_locale\" value=\"en_US\" \/>\n<input type=\"hidden\" name=\"_wpcf7_unit_tag\" value=\"wpcf7-f5800-o2\" \/>\n<input type=\"hidden\" name=\"_wpcf7_container_post\" value=\"0\" \/>\n<input type=\"hidden\" name=\"_wpcf7_posted_data_hash\" value=\"\" \/>\n<\/div>\n<div class=\"popmakerform\">\n\t<h3>Kostenloses Angebot erhalten\n\t<\/h3>\n\t<p>Lassen Sie uns gemeinsam an Ihrem Projekt per E-Mail arbeiten: <a href=\"mailto:info@hdcarmouredcable.com\" rel=\"nofollow\">info@hdcarmouredcable.com<\/a>\n\t<\/p>\n\t<p>Interessantes Produkt <span style=\"color:red;\">*<span><br \/>\n<span class=\"wpcf7-form-control-wrap\" data-name=\"item\"><input size=\"40\" maxlength=\"400\" class=\"wpcf7-form-control wpcf7-text\" aria-invalid=\"false\" value=\"\" type=\"text\" name=\"item\" \/><\/span><\/span><\/span>\n\t<\/p>\n\t<p>Ihr Name <span style=\"color:red;\">*<span><br \/>\n<span class=\"wpcf7-form-control-wrap\" data-name=\"your-name\"><input size=\"40\" maxlength=\"400\" class=\"wpcf7-form-control wpcf7-text wpcf7-validates-as-required\" aria-required=\"true\" aria-invalid=\"false\" value=\"\" type=\"text\" name=\"your-name\" \/><\/span><\/span><\/span>\n\t<\/p>\n\t<p>Deine E-Mail <span style=\"color:red;\">*<span><br \/>\n<span class=\"wpcf7-form-control-wrap\" data-name=\"your-email\"><input size=\"40\" maxlength=\"400\" class=\"wpcf7-form-control wpcf7-email wpcf7-validates-as-required wpcf7-text wpcf7-validates-as-email\" aria-required=\"true\" aria-invalid=\"false\" value=\"\" type=\"email\" name=\"your-email\" \/><\/span><\/span><\/span>\n\t<\/p>\n\t<p>Ihre Telefonnummer (einschlie\u00dflich der Vorwahl)<br \/>\n<span class=\"wpcf7-form-control-wrap\" data-name=\"your-phone\"><input size=\"40\" maxlength=\"400\" class=\"wpcf7-form-control wpcf7-text\" aria-invalid=\"false\" value=\"\" type=\"text\" name=\"your-phone\" \/><\/span>\n\t<\/p>\n\t<p>Ihr Land<br \/>\n<span class=\"wpcf7-form-control-wrap\" data-name=\"your-country\"><input size=\"40\" maxlength=\"400\" class=\"wpcf7-form-control wpcf7-text\" aria-invalid=\"false\" value=\"\" type=\"text\" name=\"your-country\" \/><\/span>\n\t<\/p>\n\t<p>Detaillierte Anforderung <span style=\"color:red;\">*<span><br \/>\n<span class=\"wpcf7-form-control-wrap\" data-name=\"your-requirement\"><textarea cols=\"40\" rows=\"5\" maxlength=\"2000\" class=\"wpcf7-form-control wpcf7-textarea wpcf7-validates-as-required\" aria-required=\"true\" aria-invalid=\"false\" placeholder=\"F\u00fcr ein detailliertes Angebot, senden Sie uns bitte Ihre Anforderungen. *\" name=\"your-requirement\"><\/textarea><\/span><\/span><\/span>\n\t<\/p>\n\t<p><input class=\"wpcf7-form-control wpcf7-submit has-spinner\" type=\"submit\" value=\"Angebot einholen\" \/>\n\t<\/p>\n<\/div><input type='hidden' class='wpcf7-pum' value='{\"closepopup\":false,\"closedelay\":0,\"openpopup\":false,\"openpopup_id\":0}' \/><div class=\"wpcf7-response-output\" aria-hidden=\"true\"><\/div>\n<input type=\"hidden\" name=\"trp-form-language\" value=\"de\"\/><\/form>\n<\/div>\n<\/div>","protected":false},"excerpt":{"rendered":"<p>\u00a0Application of 50mm2 100mm2 115mm2 108mm2 110mm2 opgw hardware fittings Although, the opgw hardware fittings in one types of cable accessories. But, opgw suspension clamp is mainly use for OPGW cable line which passes trough the angle, tension and terminal tower span. The opgw fittings is not only suitable for hanging overhead cable but opgw &#8230; <a class=\"read-more\" href=\"https:\/\/hdcarmouredcable.com\/de\/opgw-hardware-fittings\/\">Weiterlesen ...<\/a><\/p>","protected":false},"author":1,"featured_media":0,"parent":0,"menu_order":0,"comment_status":"closed","ping_status":"closed","template":"","meta":{"_joinchat":[],"footnotes":""},"class_list":["post-3149","page","type-page","status-publish"],"yoast_head":"<!-- This site is optimized with the Yoast SEO plugin v25.1 - https:\/\/yoast.com\/wordpress\/plugins\/seo\/ -->\n<title>down lead clamp double suspension clamp set for opgw hardware fittings<\/title>\n<meta name=\"description\" content=\"50mm2 100mm2 115mm2 108mm2 opgw hardware fittings supplier, can customize vibration damper down lead clamp double suspension clamp set for OPGW fittings.\" \/>\n<meta name=\"robots\" content=\"index, follow, max-snippet:-1, max-image-preview:large, max-video-preview:-1\" \/>\n<link rel=\"canonical\" href=\"https:\/\/hdcarmouredcable.com\/de\/opgw-hardware-fittings\/\" \/>\n<meta property=\"og:locale\" content=\"de_DE\" \/>\n<meta property=\"og:type\" content=\"article\" \/>\n<meta property=\"og:title\" content=\"down lead clamp double suspension clamp set for opgw hardware fittings\" \/>\n<meta property=\"og:description\" content=\"50mm2 100mm2 115mm2 108mm2 opgw hardware fittings supplier, can customize vibration damper down lead clamp double suspension clamp set for OPGW fittings.\" \/>\n<meta property=\"og:url\" content=\"https:\/\/hdcarmouredcable.com\/de\/opgw-hardware-fittings\/\" \/>\n<meta property=\"og:site_name\" content=\"Huadong Armoured Cable Group\" \/>\n<meta property=\"article:publisher\" content=\"https:\/\/www.facebook.com\/lily.ding.52\" \/>\n<meta property=\"article:modified_time\" content=\"2023-07-25T07:41:27+00:00\" \/>\n<meta property=\"og:image\" content=\"https:\/\/hdcarmouredcable.com\/wp-content\/uploads\/2019\/12\/used-for-opgw-hardware-fittings.jpg\" \/>\n<meta name=\"twitter:card\" content=\"summary_large_image\" \/>\n<meta name=\"twitter:label1\" content=\"Gesch\u00e4tzte Lesezeit\" \/>\n\t<meta name=\"twitter:data1\" content=\"4\u00a0Minuten\" \/>\n<script type=\"application\/ld+json\" class=\"yoast-schema-graph\">{\"@context\":\"https:\/\/schema.org\",\"@graph\":[{\"@type\":\"WebPage\",\"@id\":\"https:\/\/hdcarmouredcable.com\/opgw-hardware-fittings\/\",\"url\":\"https:\/\/hdcarmouredcable.com\/opgw-hardware-fittings\/\",\"name\":\"down lead clamp double suspension clamp set for opgw hardware fittings\",\"isPartOf\":{\"@id\":\"https:\/\/hdcarmouredcable.com\/#website\"},\"primaryImageOfPage\":{\"@id\":\"https:\/\/hdcarmouredcable.com\/opgw-hardware-fittings\/#primaryimage\"},\"image\":{\"@id\":\"https:\/\/hdcarmouredcable.com\/opgw-hardware-fittings\/#primaryimage\"},\"thumbnailUrl\":\"https:\/\/hdcarmouredcable.com\/wp-content\/uploads\/2019\/12\/used-for-opgw-hardware-fittings.jpg\",\"datePublished\":\"2019-12-13T08:03:17+00:00\",\"dateModified\":\"2023-07-25T07:41:27+00:00\",\"description\":\"50mm2 100mm2 115mm2 108mm2 opgw hardware fittings supplier, can customize vibration damper down lead clamp double suspension clamp set for OPGW fittings.\",\"inLanguage\":\"de\",\"potentialAction\":[{\"@type\":\"ReadAction\",\"target\":[\"https:\/\/hdcarmouredcable.com\/opgw-hardware-fittings\/\"]}]},{\"@type\":\"ImageObject\",\"inLanguage\":\"de\",\"@id\":\"https:\/\/hdcarmouredcable.com\/opgw-hardware-fittings\/#primaryimage\",\"url\":\"https:\/\/hdcarmouredcable.com\/wp-content\/uploads\/2019\/12\/used-for-opgw-hardware-fittings.jpg\",\"contentUrl\":\"https:\/\/hdcarmouredcable.com\/wp-content\/uploads\/2019\/12\/used-for-opgw-hardware-fittings.jpg\"},{\"@type\":\"WebSite\",\"@id\":\"https:\/\/hdcarmouredcable.com\/#website\",\"url\":\"https:\/\/hdcarmouredcable.com\/\",\"name\":\"Huadong Armoured Cable Group\",\"description\":\"professional steel wire armoured cable manufacturer\",\"publisher\":{\"@id\":\"https:\/\/hdcarmouredcable.com\/#organization\"},\"potentialAction\":[{\"@type\":\"SearchAction\",\"target\":{\"@type\":\"EntryPoint\",\"urlTemplate\":\"https:\/\/hdcarmouredcable.com\/?s={search_term_string}\"},\"query-input\":{\"@type\":\"PropertyValueSpecification\",\"valueRequired\":true,\"valueName\":\"search_term_string\"}}],\"inLanguage\":\"de\"},{\"@type\":\"Organization\",\"@id\":\"https:\/\/hdcarmouredcable.com\/#organization\",\"name\":\"Huadong Cable Group\",\"url\":\"https:\/\/hdcarmouredcable.com\/\",\"logo\":{\"@type\":\"ImageObject\",\"inLanguage\":\"de\",\"@id\":\"https:\/\/hdcarmouredcable.com\/#\/schema\/logo\/image\/\",\"url\":\"https:\/\/hdcarmouredcable.com\/wp-content\/uploads\/2022\/07\/Huadong-log.png\",\"contentUrl\":\"https:\/\/hdcarmouredcable.com\/wp-content\/uploads\/2022\/07\/Huadong-log.png\",\"width\":860,\"height\":860,\"caption\":\"Huadong Cable Group\"},\"image\":{\"@id\":\"https:\/\/hdcarmouredcable.com\/#\/schema\/logo\/image\/\"},\"sameAs\":[\"https:\/\/www.facebook.com\/lily.ding.52\",\"https:\/\/www.linkedin.com\/in\/lilyxlpecable\/\"]}]}<\/script>\n<!-- \/ Yoast SEO plugin. -->","yoast_head_json":{"title":"doppelschelle f\u00fcr opgw-beschl\u00e4ge","description":"50mm2 100mm2 115mm2 108mm2 opgw hardware fittings supplier, can customize vibration damper down lead clamp double suspension clamp set for OPGW fittings.","robots":{"index":"index","follow":"follow","max-snippet":"max-snippet:-1","max-image-preview":"max-image-preview:large","max-video-preview":"max-video-preview:-1"},"canonical":"https:\/\/hdcarmouredcable.com\/de\/opgw-hardware-fittings\/","og_locale":"de_DE","og_type":"article","og_title":"down lead clamp double suspension clamp set for opgw hardware fittings","og_description":"50mm2 100mm2 115mm2 108mm2 opgw hardware fittings supplier, can customize vibration damper down lead clamp double suspension clamp set for OPGW fittings.","og_url":"https:\/\/hdcarmouredcable.com\/de\/opgw-hardware-fittings\/","og_site_name":"Huadong Armoured Cable Group","article_publisher":"https:\/\/www.facebook.com\/lily.ding.52","article_modified_time":"2023-07-25T07:41:27+00:00","og_image":[{"url":"https:\/\/hdcarmouredcable.com\/wp-content\/uploads\/2019\/12\/used-for-opgw-hardware-fittings.jpg","type":"","width":"","height":""}],"twitter_card":"summary_large_image","twitter_misc":{"Gesch\u00e4tzte Lesezeit":"4\u00a0Minuten"},"schema":{"@context":"https:\/\/schema.org","@graph":[{"@type":"WebPage","@id":"https:\/\/hdcarmouredcable.com\/opgw-hardware-fittings\/","url":"https:\/\/hdcarmouredcable.com\/opgw-hardware-fittings\/","name":"doppelschelle f\u00fcr opgw-beschl\u00e4ge","isPartOf":{"@id":"https:\/\/hdcarmouredcable.com\/#website"},"primaryImageOfPage":{"@id":"https:\/\/hdcarmouredcable.com\/opgw-hardware-fittings\/#primaryimage"},"image":{"@id":"https:\/\/hdcarmouredcable.com\/opgw-hardware-fittings\/#primaryimage"},"thumbnailUrl":"https:\/\/hdcarmouredcable.com\/wp-content\/uploads\/2019\/12\/used-for-opgw-hardware-fittings.jpg","datePublished":"2019-12-13T08:03:17+00:00","dateModified":"2023-07-25T07:41:27+00:00","description":"50mm2 100mm2 115mm2 108mm2 opgw hardware fittings supplier, can customize vibration damper down lead clamp double suspension clamp set for OPGW fittings.","inLanguage":"de","potentialAction":[{"@type":"ReadAction","target":["https:\/\/hdcarmouredcable.com\/opgw-hardware-fittings\/"]}]},{"@type":"ImageObject","inLanguage":"de","@id":"https:\/\/hdcarmouredcable.com\/opgw-hardware-fittings\/#primaryimage","url":"https:\/\/hdcarmouredcable.com\/wp-content\/uploads\/2019\/12\/used-for-opgw-hardware-fittings.jpg","contentUrl":"https:\/\/hdcarmouredcable.com\/wp-content\/uploads\/2019\/12\/used-for-opgw-hardware-fittings.jpg"},{"@type":"WebSite","@id":"https:\/\/hdcarmouredcable.com\/#website","url":"https:\/\/hdcarmouredcable.com\/","name":"Huadong Armoured Cable Gruppe","description":"professioneller Hersteller von Stahldraht-Panzerkabel","publisher":{"@id":"https:\/\/hdcarmouredcable.com\/#organization"},"potentialAction":[{"@type":"SearchAction","target":{"@type":"EntryPoint","urlTemplate":"https:\/\/hdcarmouredcable.com\/?s={search_term_string}"},"query-input":{"@type":"PropertyValueSpecification","valueRequired":true,"valueName":"search_term_string"}}],"inLanguage":"de"},{"@type":"Organization","@id":"https:\/\/hdcarmouredcable.com\/#organization","name":"Huadong Kabel Gruppe","url":"https:\/\/hdcarmouredcable.com\/","logo":{"@type":"ImageObject","inLanguage":"de","@id":"https:\/\/hdcarmouredcable.com\/#\/schema\/logo\/image\/","url":"https:\/\/hdcarmouredcable.com\/wp-content\/uploads\/2022\/07\/Huadong-log.png","contentUrl":"https:\/\/hdcarmouredcable.com\/wp-content\/uploads\/2022\/07\/Huadong-log.png","width":860,"height":860,"caption":"Huadong Cable Group"},"image":{"@id":"https:\/\/hdcarmouredcable.com\/#\/schema\/logo\/image\/"},"sameAs":["https:\/\/www.facebook.com\/lily.ding.52","https:\/\/www.linkedin.com\/in\/lilyxlpecable\/"]}]}},"amp_enabled":true,"_links":{"self":[{"href":"https:\/\/hdcarmouredcable.com\/de\/wp-json\/wp\/v2\/pages\/3149","targetHints":{"allow":["GET"]}}],"collection":[{"href":"https:\/\/hdcarmouredcable.com\/de\/wp-json\/wp\/v2\/pages"}],"about":[{"href":"https:\/\/hdcarmouredcable.com\/de\/wp-json\/wp\/v2\/types\/page"}],"author":[{"embeddable":true,"href":"https:\/\/hdcarmouredcable.com\/de\/wp-json\/wp\/v2\/users\/1"}],"replies":[{"embeddable":true,"href":"https:\/\/hdcarmouredcable.com\/de\/wp-json\/wp\/v2\/comments?post=3149"}],"version-history":[{"count":4,"href":"https:\/\/hdcarmouredcable.com\/de\/wp-json\/wp\/v2\/pages\/3149\/revisions"}],"predecessor-version":[{"id":9571,"href":"https:\/\/hdcarmouredcable.com\/de\/wp-json\/wp\/v2\/pages\/3149\/revisions\/9571"}],"wp:attachment":[{"href":"https:\/\/hdcarmouredcable.com\/de\/wp-json\/wp\/v2\/media?parent=3149"}],"curies":[{"name":"wp","href":"https:\/\/api.w.org\/{rel}","templated":true}]}}