{"id":4066,"date":"2020-10-09T17:56:21","date_gmt":"2020-10-09T09:56:21","guid":{"rendered":"https:\/\/hdcarmouredcable.com\/?page_id=4066"},"modified":"2023-07-24T17:09:14","modified_gmt":"2023-07-24T09:09:14","slug":"50mm-cable-price","status":"publish","type":"page","link":"https:\/\/hdcarmouredcable.com\/de\/50mm-kabel-preis\/","title":{"rendered":"4-adriges 5-adriges Kupfer-Aluminium-armiertes 50 mm Kabel Preis in S\u00fcdafrika"},"content":{"rendered":"<h2>Huadong Aluminium Schwei\u00dfen 4 Adern 5 Adern swa 50mm Kabel Preis zu niedrigsten<\/h2>\n<p>Obwohl, die thhn Schwei\u00dfen Batterie 50mm2 Kabel ist eine Art von Kabel size.But sie einschlie\u00dflich vieler Unterschied Material Kabel. Wie, Kupfer 4 Kern 5 Kern swa gepanzerte 50mm Kabel und 50mm2 Schwei\u00dfen und Batterie Kabel.<\/p>\n<p><img loading=\"lazy\" decoding=\"async\" class=\"aligncenter size-full wp-image-4072\" src=\"https:\/\/hdcarmouredcable.com\/wp-content\/uploads\/2020\/10\/4-core-50mm-armoured-cable-price-list-in-South-Africa.jpg\" alt=\"Preisliste f\u00fcr 4-adrige 50-mm-Panzerkabel in S\u00fcdafrika\" width=\"900\" height=\"200\" srcset=\"https:\/\/hdcarmouredcable.com\/wp-content\/uploads\/2020\/10\/4-core-50mm-armoured-cable-price-list-in-South-Africa.jpg 900w, https:\/\/hdcarmouredcable.com\/wp-content\/uploads\/2020\/10\/4-core-50mm-armoured-cable-price-list-in-South-Africa-300x67.jpg 300w, https:\/\/hdcarmouredcable.com\/wp-content\/uploads\/2020\/10\/4-core-50mm-armoured-cable-price-list-in-South-Africa-768x171.jpg 768w, https:\/\/hdcarmouredcable.com\/wp-content\/uploads\/2020\/10\/4-core-50mm-armoured-cable-price-list-in-South-Africa-600x133.jpg 600w\" sizes=\"auto, (max-width: 900px) 100vw, 900px\" \/><\/p>\n<p style=\"text-align: center;\"><span class=\"su-lightbox\" data-mfp-src=\"#popmake-form\" data-mfp-type=\"inline\" data-mobile=\"yes\"><button class=\"btn btn-danger btn-sm\" ><i class=\"glyphicon glyphicon-ok-sign\" style=\"color:#eeee22;\"><\/i> Den Preis erfahren<\/button><\/span><a class=\"btn btn-danger btn-sm\" href=\"mailto:info@hdcarmouredcable.com\"  rel=\"\"  target=\"_self\"><i class=\"fa fa-envelope-o\" style=\"color:#eeee22;\"><\/i> info@hdcarmouredcable.com<\/a>\n<p>Gleichzeitig unterscheiden sich diese Kabel auch im Preis. Im Allgemeinen ist der Preis des 4-adrigen Kupfer-Aluminium-bewehrten 50-mm-Kabels h\u00f6her als der des nicht bewehrten Kabels. Vor allem die 3 Kern 4 Kern 50mm gepanzerte Kabel Preisliste in S\u00fcdafrika ist teuer als oder \u00dcbersee-Markt. Huadong Gruppe hat Preisvorteil in S\u00fcdafrika. Auf der einen Seite hat Huadong selbst Fabrik und Rohstoffversorgung Platz. Auf der anderen Seite, haben wir 10 Ingenieure und sie haben \u00fcber 15 Jahre Erfahrung in <a href=\"https:\/\/hdcarmouredcable.com\/de\/gepanzert-70mm-kabel-preis\/\" target=\"_blank\" rel=\"noopener noreferrer\">gepanzertes 70-mm-Kabel<\/a> Herstellung.<\/p>\n<p><img loading=\"lazy\" decoding=\"async\" class=\"aligncenter size-full wp-image-4074\" src=\"https:\/\/hdcarmouredcable.com\/wp-content\/uploads\/2020\/10\/copper-xlpe-5-core-swa-50mm-cable-price.jpg\" alt=\"kupfer xlpe 5 ader swa 50mm kabel preis\" width=\"750\" height=\"214\" srcset=\"https:\/\/hdcarmouredcable.com\/wp-content\/uploads\/2020\/10\/copper-xlpe-5-core-swa-50mm-cable-price.jpg 750w, https:\/\/hdcarmouredcable.com\/wp-content\/uploads\/2020\/10\/copper-xlpe-5-core-swa-50mm-cable-price-300x86.jpg 300w, https:\/\/hdcarmouredcable.com\/wp-content\/uploads\/2020\/10\/copper-xlpe-5-core-swa-50mm-cable-price-600x171.jpg 600w\" sizes=\"auto, (max-width: 750px) 100vw, 750px\" \/><\/p>\n<p style=\"text-align: center;\"><span class=\"su-lightbox\" data-mfp-src=\"#popmake-form\" data-mfp-type=\"inline\" data-mobile=\"yes\"><button class=\"btn btn-danger btn-sm\" ><i class=\"glyphicon glyphicon-ok-sign\" style=\"color:#eeee22;\"><\/i> Den Preis erfahren<\/button><\/span><a class=\"btn btn-danger btn-sm\" href=\"mailto:info@hdcarmouredcable.com\"  rel=\"\"  target=\"_self\"><i class=\"fa fa-envelope-o\" style=\"color:#eeee22;\"><\/i> info@hdcarmouredcable.com<\/a>\n<h2>Wo k\u00f6nnen Sie thhn Schwei\u00dfen Batterie 50mm2 Kabel Lieferanten bekommen<\/h2>\n<p>Erstens k\u00f6nnen Sie die richtige Preisliste f\u00fcr 4-adrige Kupfer-Aluminium-armierte 50-mm-Kabel online finden. Es gibt nicht nur viele Lieferanten, die diese Kabel anbieten, sondern Sie m\u00fcssen sich auch umsehen, um den besten Preis f\u00fcr 4-adriges Aluminiumschwei\u00dfkabel, 5-adriges swa 50 mm Kabel zu finden. Zweitens finden Sie Kabelpreis Lieferanten in S\u00fcdafrika, die diese durch den Fu\u00df mit keinen Schnitt Geb\u00fchren bieten. Also, Check out Online-Verk\u00e4ufer von 3 Kern 4 Kern 50mm gepanzerte Kabel Preisliste Anbieter und vergleichen Sie sie. Daher, bevor Sie die thhn Schwei\u00dfen Batterie 50mm2 Kabel zum ersten Mal kaufen, \u00fcberpr\u00fcfen Sie f\u00fcr eine Erstattung Politik oder sogar f\u00fcr alle Bewertungen und Erfahrungsberichte von anderen K\u00e4ufern links.<\/p>\n<p><img loading=\"lazy\" decoding=\"async\" class=\"aligncenter size-full wp-image-4075\" src=\"https:\/\/hdcarmouredcable.com\/wp-content\/uploads\/2020\/10\/copper-welding-battery-50mm2-cable-price-for-sales.jpg\" alt=\"Kupferschwei\u00dfbatterie 50mm2 Kabelpreis f\u00fcr Verkauf\" width=\"830\" height=\"200\" srcset=\"https:\/\/hdcarmouredcable.com\/wp-content\/uploads\/2020\/10\/copper-welding-battery-50mm2-cable-price-for-sales.jpg 830w, https:\/\/hdcarmouredcable.com\/wp-content\/uploads\/2020\/10\/copper-welding-battery-50mm2-cable-price-for-sales-300x72.jpg 300w, https:\/\/hdcarmouredcable.com\/wp-content\/uploads\/2020\/10\/copper-welding-battery-50mm2-cable-price-for-sales-768x185.jpg 768w, https:\/\/hdcarmouredcable.com\/wp-content\/uploads\/2020\/10\/copper-welding-battery-50mm2-cable-price-for-sales-600x145.jpg 600w\" sizes=\"auto, (max-width: 830px) 100vw, 830px\" \/><\/p>\n<p style=\"text-align: center;\"><span class=\"su-lightbox\" data-mfp-src=\"#popmake-form\" data-mfp-type=\"inline\" data-mobile=\"yes\"><button class=\"btn btn-danger btn-sm\" ><i class=\"glyphicon glyphicon-ok-sign\" style=\"color:#eeee22;\"><\/i> Den Preis erfahren<\/button><\/span><a class=\"btn btn-danger btn-sm\" href=\"mailto:info@hdcarmouredcable.com\"  rel=\"\"  target=\"_self\"><i class=\"fa fa-envelope-o\" style=\"color:#eeee22;\"><\/i> info@hdcarmouredcable.com<\/a>\n<h2>Wie erhalte ich eine Preisliste f\u00fcr 3-adrige, 4-adrige, 50-mm-armierte Kabel in S\u00fcdafrika?<\/h2>\n<p>Wissen Sie, warum so viele Kunden nach der Preisliste f\u00fcr 3-adrige, 4-adrige, 50-mm-armierte Kabel in S\u00fcdafrika aus China fragen? Erstens, China ist die Kabel und Draht haupts\u00e4chlich produzieren L\u00e4nder. Die 70% Kabel aus China in der ganzen Welt. Zur gleichen Zeit, die Aluminium-Schwei\u00dfen 4 Kern 5 Kern swa 50mm Kabel Preis ist niedriger als in anderen L\u00e4ndern. Es gibt mehrere mittlere Verk\u00e4ufer. Sie wollen eigentlich nur den Kauf von Unternehmen, die eine Garantie \u00fcber die Kabel, die sie verkaufen bieten. Viele der 4 Core Kupfer-Aluminium armiert 50 mm Kabel Preis am niedrigsten Orte zu bekommen, k\u00f6nnen in China gefunden werden. So sind sie oft in der Lage, die thhn Schwei\u00dfen Batterie 50mm2 Kabel niedrigsten Preisen zu geben. Vergewissern Sie sich, dass Sie das richtige Kabel erwerben.<a href=\"https:\/\/hdcarmouredcable.com\/de\/4-kern-35mm-panzerkabel-preis\/\" target=\"_blank\" rel=\"noopener noreferrer\"> 4-adriges 35-mm-Panzerkabel<\/a> Produkt.<\/p>\n<p><img loading=\"lazy\" decoding=\"async\" class=\"aligncenter size-full wp-image-4073\" src=\"https:\/\/hdcarmouredcable.com\/wp-content\/uploads\/2020\/10\/copper-aluminum-armoured-50-mm-cable-packaging.jpg\" alt=\"kupfer-aluminium-armierte 50 mm kabelverpackung\" width=\"1601\" height=\"300\" srcset=\"https:\/\/hdcarmouredcable.com\/wp-content\/uploads\/2020\/10\/copper-aluminum-armoured-50-mm-cable-packaging.jpg 1601w, https:\/\/hdcarmouredcable.com\/wp-content\/uploads\/2020\/10\/copper-aluminum-armoured-50-mm-cable-packaging-300x56.jpg 300w, https:\/\/hdcarmouredcable.com\/wp-content\/uploads\/2020\/10\/copper-aluminum-armoured-50-mm-cable-packaging-1024x192.jpg 1024w, https:\/\/hdcarmouredcable.com\/wp-content\/uploads\/2020\/10\/copper-aluminum-armoured-50-mm-cable-packaging-768x144.jpg 768w, https:\/\/hdcarmouredcable.com\/wp-content\/uploads\/2020\/10\/copper-aluminum-armoured-50-mm-cable-packaging-1536x288.jpg 1536w, https:\/\/hdcarmouredcable.com\/wp-content\/uploads\/2020\/10\/copper-aluminum-armoured-50-mm-cable-packaging-600x112.jpg 600w\" sizes=\"auto, (max-width: 1601px) 100vw, 1601px\" \/><\/p>\n\n<div class=\"wpcf7 no-js\" id=\"wpcf7-f5800-o1\" lang=\"en-US\" dir=\"ltr\" data-wpcf7-id=\"5800\">\n<div class=\"screen-reader-response\"><p role=\"status\" aria-live=\"polite\" aria-atomic=\"true\"><\/p> <ul><\/ul><\/div>\n<form action=\"\/de\/wp-json\/wp\/v2\/pages\/4066#wpcf7-f5800-o1\" method=\"post\" class=\"wpcf7-form init\" aria-label=\"Kontakt-Formular\" novalidate=\"novalidate\" data-status=\"init\" data-trp-original-action=\"\/de\/wp-json\/wp\/v2\/pages\/4066#wpcf7-f5800-o1\">\n<div style=\"display: none;\">\n<input type=\"hidden\" name=\"_wpcf7\" value=\"5800\" \/>\n<input type=\"hidden\" name=\"_wpcf7_version\" value=\"6.0.6\" \/>\n<input type=\"hidden\" name=\"_wpcf7_locale\" value=\"en_US\" \/>\n<input type=\"hidden\" name=\"_wpcf7_unit_tag\" value=\"wpcf7-f5800-o1\" \/>\n<input type=\"hidden\" name=\"_wpcf7_container_post\" value=\"0\" \/>\n<input type=\"hidden\" name=\"_wpcf7_posted_data_hash\" value=\"\" \/>\n<\/div>\n<div class=\"popmakerform\">\n\t<h3>Kostenloses Angebot erhalten\n\t<\/h3>\n\t<p>Lassen Sie uns gemeinsam an Ihrem Projekt per E-Mail arbeiten: <a href=\"mailto:info@hdcarmouredcable.com\" rel=\"nofollow\">info@hdcarmouredcable.com<\/a>\n\t<\/p>\n\t<p>Interessantes Produkt <span style=\"color:red;\">*<span><br \/>\n<span class=\"wpcf7-form-control-wrap\" data-name=\"item\"><input size=\"40\" maxlength=\"400\" class=\"wpcf7-form-control wpcf7-text\" id=\"item\" aria-invalid=\"false\" value=\"\" type=\"text\" name=\"item\" \/><\/span><\/span><\/span>\n\t<\/p>\n\t<p>Ihr Name <span style=\"color:red;\">*<span><br \/>\n<span class=\"wpcf7-form-control-wrap\" data-name=\"your-name\"><input size=\"40\" maxlength=\"400\" class=\"wpcf7-form-control wpcf7-text wpcf7-validates-as-required\" aria-required=\"true\" aria-invalid=\"false\" value=\"\" type=\"text\" name=\"your-name\" \/><\/span><\/span><\/span>\n\t<\/p>\n\t<p>Deine E-Mail <span style=\"color:red;\">*<span><br \/>\n<span class=\"wpcf7-form-control-wrap\" data-name=\"your-email\"><input size=\"40\" maxlength=\"400\" class=\"wpcf7-form-control wpcf7-email wpcf7-validates-as-required wpcf7-text wpcf7-validates-as-email\" aria-required=\"true\" aria-invalid=\"false\" value=\"\" type=\"email\" name=\"your-email\" \/><\/span><\/span><\/span>\n\t<\/p>\n\t<p>Ihre Telefonnummer (einschlie\u00dflich der Vorwahl)<br \/>\n<span class=\"wpcf7-form-control-wrap\" data-name=\"your-phone\"><input size=\"40\" maxlength=\"400\" class=\"wpcf7-form-control wpcf7-text\" aria-invalid=\"false\" value=\"\" type=\"text\" name=\"your-phone\" \/><\/span>\n\t<\/p>\n\t<p>Ihr Land<br \/>\n<span class=\"wpcf7-form-control-wrap\" data-name=\"your-country\"><input size=\"40\" maxlength=\"400\" class=\"wpcf7-form-control wpcf7-text\" aria-invalid=\"false\" value=\"\" type=\"text\" name=\"your-country\" \/><\/span>\n\t<\/p>\n\t<p>Detaillierte Anforderung <span style=\"color:red;\">*<span><br \/>\n<span class=\"wpcf7-form-control-wrap\" data-name=\"your-requirement\"><textarea cols=\"40\" rows=\"5\" maxlength=\"2000\" class=\"wpcf7-form-control wpcf7-textarea wpcf7-validates-as-required\" aria-required=\"true\" aria-invalid=\"false\" placeholder=\"F\u00fcr ein detailliertes Angebot, senden Sie uns bitte Ihre Anforderungen. *\" name=\"your-requirement\"><\/textarea><\/span><\/span><\/span>\n\t<\/p>\n\t<p><input class=\"wpcf7-form-control wpcf7-submit has-spinner\" type=\"submit\" value=\"Angebot einholen\" \/>\n\t<\/p>\n<\/div><input type='hidden' class='wpcf7-pum' value='{\"closepopup\":false,\"closedelay\":0,\"openpopup\":false,\"openpopup_id\":0}' \/><div class=\"wpcf7-response-output\" aria-hidden=\"true\"><\/div>\n<input type=\"hidden\" name=\"trp-form-language\" value=\"de\"\/><\/form>\n<\/div>\n\n<div class=\"su-lightbox-content su-u-trim\" id=\"popmake-form\" style=\"display:none;width:65%;min-width:none;max-width:600px;margin-top:40px;margin-bottom:40px;padding:20px;background:#FFFFFF;color:#333333;box-shadow:0px 0px 15px #333333;text-align:left\">\n<div class=\"wpcf7 no-js\" id=\"wpcf7-f5800-o2\" lang=\"en-US\" dir=\"ltr\" data-wpcf7-id=\"5800\">\n<div class=\"screen-reader-response\"><p role=\"status\" aria-live=\"polite\" aria-atomic=\"true\"><\/p> <ul><\/ul><\/div>\n<form action=\"\/de\/wp-json\/wp\/v2\/pages\/4066#wpcf7-f5800-o2\" method=\"post\" class=\"wpcf7-form init\" aria-label=\"Kontakt-Formular\" novalidate=\"novalidate\" data-status=\"init\" data-trp-original-action=\"\/de\/wp-json\/wp\/v2\/pages\/4066#wpcf7-f5800-o2\">\n<div style=\"display: none;\">\n<input type=\"hidden\" name=\"_wpcf7\" value=\"5800\" \/>\n<input type=\"hidden\" name=\"_wpcf7_version\" value=\"6.0.6\" \/>\n<input type=\"hidden\" name=\"_wpcf7_locale\" value=\"en_US\" \/>\n<input type=\"hidden\" name=\"_wpcf7_unit_tag\" value=\"wpcf7-f5800-o2\" \/>\n<input type=\"hidden\" name=\"_wpcf7_container_post\" value=\"0\" \/>\n<input type=\"hidden\" name=\"_wpcf7_posted_data_hash\" value=\"\" \/>\n<\/div>\n<div class=\"popmakerform\">\n\t<h3>Kostenloses Angebot erhalten\n\t<\/h3>\n\t<p>Lassen Sie uns gemeinsam an Ihrem Projekt per E-Mail arbeiten: <a href=\"mailto:info@hdcarmouredcable.com\" rel=\"nofollow\">info@hdcarmouredcable.com<\/a>\n\t<\/p>\n\t<p>Interessantes Produkt <span style=\"color:red;\">*<span><br \/>\n<span class=\"wpcf7-form-control-wrap\" data-name=\"item\"><input size=\"40\" maxlength=\"400\" class=\"wpcf7-form-control wpcf7-text\" aria-invalid=\"false\" value=\"\" type=\"text\" name=\"item\" \/><\/span><\/span><\/span>\n\t<\/p>\n\t<p>Ihr Name <span style=\"color:red;\">*<span><br \/>\n<span class=\"wpcf7-form-control-wrap\" data-name=\"your-name\"><input size=\"40\" maxlength=\"400\" class=\"wpcf7-form-control wpcf7-text wpcf7-validates-as-required\" aria-required=\"true\" aria-invalid=\"false\" value=\"\" type=\"text\" name=\"your-name\" \/><\/span><\/span><\/span>\n\t<\/p>\n\t<p>Deine E-Mail <span style=\"color:red;\">*<span><br \/>\n<span class=\"wpcf7-form-control-wrap\" data-name=\"your-email\"><input size=\"40\" maxlength=\"400\" class=\"wpcf7-form-control wpcf7-email wpcf7-validates-as-required wpcf7-text wpcf7-validates-as-email\" aria-required=\"true\" aria-invalid=\"false\" value=\"\" type=\"email\" name=\"your-email\" \/><\/span><\/span><\/span>\n\t<\/p>\n\t<p>Ihre Telefonnummer (einschlie\u00dflich der Vorwahl)<br \/>\n<span class=\"wpcf7-form-control-wrap\" data-name=\"your-phone\"><input size=\"40\" maxlength=\"400\" class=\"wpcf7-form-control wpcf7-text\" aria-invalid=\"false\" value=\"\" type=\"text\" name=\"your-phone\" \/><\/span>\n\t<\/p>\n\t<p>Ihr Land<br \/>\n<span class=\"wpcf7-form-control-wrap\" data-name=\"your-country\"><input size=\"40\" maxlength=\"400\" class=\"wpcf7-form-control wpcf7-text\" aria-invalid=\"false\" value=\"\" type=\"text\" name=\"your-country\" \/><\/span>\n\t<\/p>\n\t<p>Detaillierte Anforderung <span style=\"color:red;\">*<span><br \/>\n<span class=\"wpcf7-form-control-wrap\" data-name=\"your-requirement\"><textarea cols=\"40\" rows=\"5\" maxlength=\"2000\" class=\"wpcf7-form-control wpcf7-textarea wpcf7-validates-as-required\" aria-required=\"true\" aria-invalid=\"false\" placeholder=\"F\u00fcr ein detailliertes Angebot, senden Sie uns bitte Ihre Anforderungen. *\" name=\"your-requirement\"><\/textarea><\/span><\/span><\/span>\n\t<\/p>\n\t<p><input class=\"wpcf7-form-control wpcf7-submit has-spinner\" type=\"submit\" value=\"Angebot einholen\" \/>\n\t<\/p>\n<\/div><input type='hidden' class='wpcf7-pum' value='{\"closepopup\":false,\"closedelay\":0,\"openpopup\":false,\"openpopup_id\":0}' \/><div class=\"wpcf7-response-output\" aria-hidden=\"true\"><\/div>\n<input type=\"hidden\" name=\"trp-form-language\" value=\"de\"\/><\/form>\n<\/div>\n<\/div>","protected":false},"excerpt":{"rendered":"<p>Huadong Aluminium Schwei\u00dfen 4 Kern 5 Kern swa 50mm Kabel Preis am niedrigsten Obwohl, die thhn Schwei\u00dfen Batterie 50mm2 Kabel ist eine Art von Kabel size.But sie einschlie\u00dflich vieler Unterschied Material Kabel. Wie, Kupfer 4 Kern 5 Kern swa gepanzert 50mm Kabel und 50mm2 Schwei\u00dfen und Batteriekabel . Zur gleichen Zeit, diese ... <a class=\"read-more\" href=\"https:\/\/hdcarmouredcable.com\/de\/50mm-kabel-preis\/\">Weiterlesen ...<\/a><\/p>","protected":false},"author":1,"featured_media":0,"parent":0,"menu_order":0,"comment_status":"closed","ping_status":"closed","template":"","meta":{"_joinchat":[],"footnotes":""},"class_list":["post-4066","page","type-page","status-publish"],"yoast_head":"<!-- This site is optimized with the Yoast SEO plugin v25.1 - https:\/\/yoast.com\/wordpress\/plugins\/seo\/ -->\n<title>aluminum copper 3 5 4 core swa armoured 50mm cable price list for sale<\/title>\n<meta name=\"description\" content=\"Huadong supply aluminum copper swa armoured 5 core 4 core 50mm cable price at cheap, can customize thhn battery welding 50mm2 cable for you.\" \/>\n<meta name=\"robots\" content=\"index, follow, max-snippet:-1, max-image-preview:large, max-video-preview:-1\" \/>\n<link rel=\"canonical\" href=\"https:\/\/hdcarmouredcable.com\/de\/50mm-kabel-preis\/\" \/>\n<meta property=\"og:locale\" content=\"de_DE\" \/>\n<meta property=\"og:type\" content=\"article\" \/>\n<meta property=\"og:title\" content=\"aluminum copper 3 5 4 core swa armoured 50mm cable price list for sale\" \/>\n<meta property=\"og:description\" content=\"Huadong supply aluminum copper swa armoured 5 core 4 core 50mm cable price at cheap, can customize thhn battery welding 50mm2 cable for you.\" \/>\n<meta property=\"og:url\" content=\"https:\/\/hdcarmouredcable.com\/de\/50mm-kabel-preis\/\" \/>\n<meta property=\"og:site_name\" content=\"Huadong Armoured Cable Group\" \/>\n<meta property=\"article:publisher\" content=\"https:\/\/www.facebook.com\/lily.ding.52\" \/>\n<meta property=\"article:modified_time\" content=\"2023-07-24T09:09:14+00:00\" \/>\n<meta property=\"og:image\" content=\"https:\/\/hdcarmouredcable.com\/wp-content\/uploads\/2020\/10\/4-core-50mm-armoured-cable-price-list-in-South-Africa.jpg\" \/>\n<meta name=\"twitter:card\" content=\"summary_large_image\" \/>\n<meta name=\"twitter:label1\" content=\"Gesch\u00e4tzte Lesezeit\" \/>\n\t<meta name=\"twitter:data1\" content=\"3\u00a0Minuten\" \/>\n<script type=\"application\/ld+json\" class=\"yoast-schema-graph\">{\"@context\":\"https:\/\/schema.org\",\"@graph\":[{\"@type\":\"WebPage\",\"@id\":\"https:\/\/hdcarmouredcable.com\/50mm-cable-price\/\",\"url\":\"https:\/\/hdcarmouredcable.com\/50mm-cable-price\/\",\"name\":\"aluminum copper 3 5 4 core swa armoured 50mm cable price list for sale\",\"isPartOf\":{\"@id\":\"https:\/\/hdcarmouredcable.com\/#website\"},\"primaryImageOfPage\":{\"@id\":\"https:\/\/hdcarmouredcable.com\/50mm-cable-price\/#primaryimage\"},\"image\":{\"@id\":\"https:\/\/hdcarmouredcable.com\/50mm-cable-price\/#primaryimage\"},\"thumbnailUrl\":\"https:\/\/hdcarmouredcable.com\/wp-content\/uploads\/2020\/10\/4-core-50mm-armoured-cable-price-list-in-South-Africa.jpg\",\"datePublished\":\"2020-10-09T09:56:21+00:00\",\"dateModified\":\"2023-07-24T09:09:14+00:00\",\"description\":\"Huadong supply aluminum copper swa armoured 5 core 4 core 50mm cable price at cheap, can customize thhn battery welding 50mm2 cable for you.\",\"inLanguage\":\"de\",\"potentialAction\":[{\"@type\":\"ReadAction\",\"target\":[\"https:\/\/hdcarmouredcable.com\/50mm-cable-price\/\"]}]},{\"@type\":\"ImageObject\",\"inLanguage\":\"de\",\"@id\":\"https:\/\/hdcarmouredcable.com\/50mm-cable-price\/#primaryimage\",\"url\":\"https:\/\/hdcarmouredcable.com\/wp-content\/uploads\/2020\/10\/4-core-50mm-armoured-cable-price-list-in-South-Africa.jpg\",\"contentUrl\":\"https:\/\/hdcarmouredcable.com\/wp-content\/uploads\/2020\/10\/4-core-50mm-armoured-cable-price-list-in-South-Africa.jpg\"},{\"@type\":\"WebSite\",\"@id\":\"https:\/\/hdcarmouredcable.com\/#website\",\"url\":\"https:\/\/hdcarmouredcable.com\/\",\"name\":\"Huadong Armoured Cable Group\",\"description\":\"professional steel wire armoured cable manufacturer\",\"publisher\":{\"@id\":\"https:\/\/hdcarmouredcable.com\/#organization\"},\"potentialAction\":[{\"@type\":\"SearchAction\",\"target\":{\"@type\":\"EntryPoint\",\"urlTemplate\":\"https:\/\/hdcarmouredcable.com\/?s={search_term_string}\"},\"query-input\":{\"@type\":\"PropertyValueSpecification\",\"valueRequired\":true,\"valueName\":\"search_term_string\"}}],\"inLanguage\":\"de\"},{\"@type\":\"Organization\",\"@id\":\"https:\/\/hdcarmouredcable.com\/#organization\",\"name\":\"Huadong Cable Group\",\"url\":\"https:\/\/hdcarmouredcable.com\/\",\"logo\":{\"@type\":\"ImageObject\",\"inLanguage\":\"de\",\"@id\":\"https:\/\/hdcarmouredcable.com\/#\/schema\/logo\/image\/\",\"url\":\"https:\/\/hdcarmouredcable.com\/wp-content\/uploads\/2022\/07\/Huadong-log.png\",\"contentUrl\":\"https:\/\/hdcarmouredcable.com\/wp-content\/uploads\/2022\/07\/Huadong-log.png\",\"width\":860,\"height\":860,\"caption\":\"Huadong Cable Group\"},\"image\":{\"@id\":\"https:\/\/hdcarmouredcable.com\/#\/schema\/logo\/image\/\"},\"sameAs\":[\"https:\/\/www.facebook.com\/lily.ding.52\",\"https:\/\/www.linkedin.com\/in\/lilyxlpecable\/\"]}]}<\/script>\n<!-- \/ Yoast SEO plugin. -->","yoast_head_json":{"title":"aluminium kupfer 3 5 4 ader swa armiert 50mm kabel preisliste f\u00fcr verkauf","description":"Huadong liefern Aluminium Kupfer swa gepanzert 5 Kern 4 Kern 50mm Kabel Preis zu billig, kann thhn Batterie Schwei\u00dfen 50mm2 Kabel f\u00fcr Sie anpassen.","robots":{"index":"index","follow":"follow","max-snippet":"max-snippet:-1","max-image-preview":"max-image-preview:large","max-video-preview":"max-video-preview:-1"},"canonical":"https:\/\/hdcarmouredcable.com\/de\/50mm-kabel-preis\/","og_locale":"de_DE","og_type":"article","og_title":"aluminum copper 3 5 4 core swa armoured 50mm cable price list for sale","og_description":"Huadong supply aluminum copper swa armoured 5 core 4 core 50mm cable price at cheap, can customize thhn battery welding 50mm2 cable for you.","og_url":"https:\/\/hdcarmouredcable.com\/de\/50mm-kabel-preis\/","og_site_name":"Huadong Armoured Cable Group","article_publisher":"https:\/\/www.facebook.com\/lily.ding.52","article_modified_time":"2023-07-24T09:09:14+00:00","og_image":[{"url":"https:\/\/hdcarmouredcable.com\/wp-content\/uploads\/2020\/10\/4-core-50mm-armoured-cable-price-list-in-South-Africa.jpg","type":"","width":"","height":""}],"twitter_card":"summary_large_image","twitter_misc":{"Gesch\u00e4tzte Lesezeit":"3\u00a0Minuten"},"schema":{"@context":"https:\/\/schema.org","@graph":[{"@type":"WebPage","@id":"https:\/\/hdcarmouredcable.com\/50mm-cable-price\/","url":"https:\/\/hdcarmouredcable.com\/50mm-cable-price\/","name":"aluminium kupfer 3 5 4 ader swa armiert 50mm kabel preisliste f\u00fcr verkauf","isPartOf":{"@id":"https:\/\/hdcarmouredcable.com\/#website"},"primaryImageOfPage":{"@id":"https:\/\/hdcarmouredcable.com\/50mm-cable-price\/#primaryimage"},"image":{"@id":"https:\/\/hdcarmouredcable.com\/50mm-cable-price\/#primaryimage"},"thumbnailUrl":"https:\/\/hdcarmouredcable.com\/wp-content\/uploads\/2020\/10\/4-core-50mm-armoured-cable-price-list-in-South-Africa.jpg","datePublished":"2020-10-09T09:56:21+00:00","dateModified":"2023-07-24T09:09:14+00:00","description":"Huadong liefern Aluminium Kupfer swa gepanzert 5 Kern 4 Kern 50mm Kabel Preis zu billig, kann thhn Batterie Schwei\u00dfen 50mm2 Kabel f\u00fcr Sie anpassen.","inLanguage":"de","potentialAction":[{"@type":"ReadAction","target":["https:\/\/hdcarmouredcable.com\/50mm-cable-price\/"]}]},{"@type":"ImageObject","inLanguage":"de","@id":"https:\/\/hdcarmouredcable.com\/50mm-cable-price\/#primaryimage","url":"https:\/\/hdcarmouredcable.com\/wp-content\/uploads\/2020\/10\/4-core-50mm-armoured-cable-price-list-in-South-Africa.jpg","contentUrl":"https:\/\/hdcarmouredcable.com\/wp-content\/uploads\/2020\/10\/4-core-50mm-armoured-cable-price-list-in-South-Africa.jpg"},{"@type":"WebSite","@id":"https:\/\/hdcarmouredcable.com\/#website","url":"https:\/\/hdcarmouredcable.com\/","name":"Huadong Armoured Cable Gruppe","description":"professioneller Hersteller von Stahldraht-Panzerkabel","publisher":{"@id":"https:\/\/hdcarmouredcable.com\/#organization"},"potentialAction":[{"@type":"SearchAction","target":{"@type":"EntryPoint","urlTemplate":"https:\/\/hdcarmouredcable.com\/?s={search_term_string}"},"query-input":{"@type":"PropertyValueSpecification","valueRequired":true,"valueName":"search_term_string"}}],"inLanguage":"de"},{"@type":"Organization","@id":"https:\/\/hdcarmouredcable.com\/#organization","name":"Huadong Kabel Gruppe","url":"https:\/\/hdcarmouredcable.com\/","logo":{"@type":"ImageObject","inLanguage":"de","@id":"https:\/\/hdcarmouredcable.com\/#\/schema\/logo\/image\/","url":"https:\/\/hdcarmouredcable.com\/wp-content\/uploads\/2022\/07\/Huadong-log.png","contentUrl":"https:\/\/hdcarmouredcable.com\/wp-content\/uploads\/2022\/07\/Huadong-log.png","width":860,"height":860,"caption":"Huadong Cable Group"},"image":{"@id":"https:\/\/hdcarmouredcable.com\/#\/schema\/logo\/image\/"},"sameAs":["https:\/\/www.facebook.com\/lily.ding.52","https:\/\/www.linkedin.com\/in\/lilyxlpecable\/"]}]}},"amp_enabled":true,"_links":{"self":[{"href":"https:\/\/hdcarmouredcable.com\/de\/wp-json\/wp\/v2\/pages\/4066","targetHints":{"allow":["GET"]}}],"collection":[{"href":"https:\/\/hdcarmouredcable.com\/de\/wp-json\/wp\/v2\/pages"}],"about":[{"href":"https:\/\/hdcarmouredcable.com\/de\/wp-json\/wp\/v2\/types\/page"}],"author":[{"embeddable":true,"href":"https:\/\/hdcarmouredcable.com\/de\/wp-json\/wp\/v2\/users\/1"}],"replies":[{"embeddable":true,"href":"https:\/\/hdcarmouredcable.com\/de\/wp-json\/wp\/v2\/comments?post=4066"}],"version-history":[{"count":6,"href":"https:\/\/hdcarmouredcable.com\/de\/wp-json\/wp\/v2\/pages\/4066\/revisions"}],"predecessor-version":[{"id":9468,"href":"https:\/\/hdcarmouredcable.com\/de\/wp-json\/wp\/v2\/pages\/4066\/revisions\/9468"}],"wp:attachment":[{"href":"https:\/\/hdcarmouredcable.com\/de\/wp-json\/wp\/v2\/media?parent=4066"}],"curies":[{"name":"wp","href":"https:\/\/api.w.org\/{rel}","templated":true}]}}