{"id":4472,"date":"2020-12-07T15:19:15","date_gmt":"2020-12-07T07:19:15","guid":{"rendered":"https:\/\/hdcarmouredcable.com\/?page_id=4472"},"modified":"2023-07-25T15:43:54","modified_gmt":"2023-07-25T07:43:54","slug":"1-4-core-400mm2-cable-price","status":"publish","type":"page","link":"https:\/\/hdcarmouredcable.com\/de\/1-4-core-400mm2-cable-price\/","title":{"rendered":"xlpe swa armoured cu \/ copper 4 core 4c 3c 1c x 400mm2 kabel preis f\u00fcr verkauf"},"content":{"rendered":"<h2>Wie erhalte ich einen g\u00fcnstigen 1kv 4c x 400mm2 Kabelpreis pro Meter?<\/h2>\n<p>Wann immer Sie sich fragen, um den Haufen 1kv 4c x 400mm2 Kabel Preis pro Meter m\u00fcssen Sie die folgenden Informationen zu erhalten. Erstens m\u00fcssen Sie wissen, die Anwendung, Es ist leicht zu verstehen, dass nach einer langen Zeit des Betriebs der swa Draht, Vor allem, wenn direkt im Wasser begraben, ausgesetzt, um offene Luft oder die Umwelt leicht korrodiert.<\/p>\n<p><img loading=\"lazy\" decoding=\"async\" class=\"aligncenter size-full wp-image-4480\" src=\"https:\/\/hdcarmouredcable.com\/wp-content\/uploads\/2020\/12\/1c-3c-4c-x-400mm2-copper-xlpe-armoured-cable-price-per-meter.jpg\" alt=\"1c-3c-4c-x-400mm2-copper-xlpe-armoured-cable-price-per-meter\" width=\"900\" height=\"182\" srcset=\"https:\/\/hdcarmouredcable.com\/wp-content\/uploads\/2020\/12\/1c-3c-4c-x-400mm2-copper-xlpe-armoured-cable-price-per-meter.jpg 900w, https:\/\/hdcarmouredcable.com\/wp-content\/uploads\/2020\/12\/1c-3c-4c-x-400mm2-copper-xlpe-armoured-cable-price-per-meter-300x61.jpg 300w, https:\/\/hdcarmouredcable.com\/wp-content\/uploads\/2020\/12\/1c-3c-4c-x-400mm2-copper-xlpe-armoured-cable-price-per-meter-768x155.jpg 768w, https:\/\/hdcarmouredcable.com\/wp-content\/uploads\/2020\/12\/1c-3c-4c-x-400mm2-copper-xlpe-armoured-cable-price-per-meter-600x121.jpg 600w\" sizes=\"auto, (max-width: 900px) 100vw, 900px\" \/><\/p>\n<p style=\"text-align: center;\"><span class=\"su-lightbox\" data-mfp-src=\"#popmake-form\" data-mfp-type=\"inline\" data-mobile=\"yes\"><button class=\"btn btn-danger btn-sm\" ><i class=\"glyphicon glyphicon-ok-sign\" style=\"color:#eeee22;\"><\/i> Kostenloses Angebot einholen<\/button><\/span><a class=\"btn btn-danger btn-sm\" href=\"mailto:info@hdcarmouredcable.com\"  rel=\"\"  target=\"_self\"><i class=\"fa fa-envelope-o\" style=\"color:#eeee22;\"><\/i> info@hdcarmouredcable.com<\/a>\n<p>Aufgrund der Korrosion von externen Medien f\u00fcr eine lange Zeit, die Isolierung Ebene der cu xlpe 1c 4 Kern x 400 mm2 armierte Kabel und mechanische Ebene der ummantelten d\u00fcnnste Stelle wird sinken. Dar\u00fcber hinaus ist die routinem\u00e4\u00dfige \u00dcberpr\u00fcfung der Ummantelung oder Linie Erdungsfehler, die d\u00fcnnste Stelle des 1c * 400mm2 Kupferkabel kann abgebaut werden. Auf diese Weise geht die Schutzwirkung des Kabelmantels verloren. Au\u00dferdem ist der innere Verbrauch des Swa-Drahtes nicht zu vernachl\u00e4ssigen. Daher Preis f\u00fcr 1c 3c 4 core x 400mm2 cu xlpe armoured cable in nigeria wird eine Menge W\u00e4rme erzeugen, wenn sie f\u00fcr eine lange Zeit eingeschaltet sind. Hier ist ein wenig gesunder Menschenverstand.<\/p>\n<h2>1-4 Adern x 400 mm2 bewehrter Kabelaufbau<\/h2>\n<p><img loading=\"lazy\" decoding=\"async\" class=\"size-full wp-image-4473 alignleft\" src=\"https:\/\/hdcarmouredcable.com\/wp-content\/uploads\/2020\/12\/1c-x-400-mm2-amoured-cable-price-Nigeria.jpg\" alt=\"1c x 400 mm2 verst\u00e4rktem Kabel Preis Nigeria\" width=\"550\" height=\"335\" srcset=\"https:\/\/hdcarmouredcable.com\/wp-content\/uploads\/2020\/12\/1c-x-400-mm2-amoured-cable-price-Nigeria.jpg 550w, https:\/\/hdcarmouredcable.com\/wp-content\/uploads\/2020\/12\/1c-x-400-mm2-amoured-cable-price-Nigeria-300x183.jpg 300w\" sizes=\"auto, (max-width: 550px) 100vw, 550px\" \/><strong>Spannung:<\/strong> 0,6\/1kv, 1,8\/3kv, 6\/10kv, 8,7\/15kv, 18\/30kv, 21\/35kv und so weiter.<br \/>\n<strong>Leitende Materialien:<\/strong> sowohl Klasse 1 als auch Klasse 2 f\u00fcr Kupfer\/verzinntes Kupfer, vielleicht auch Aluminium.<br \/>\n<strong>Nennquerschnittsfl\u00e4chen<\/strong>: 400 qmm, gleichzeitig k\u00f6nnen wir die von 70 mm2 bis 300 mm2 nach Ihren Anforderungen anpassen.<br \/>\n<strong>Isolierung:<\/strong> XLPE oder PVC<br \/>\n<strong>Mantel:<\/strong> PVC f\u00fcr Farbe schwarz, rot, grau und so weiter.<br \/>\n<strong>Gepanzert liegen:<\/strong> sowohl stahldrahtbewehrt SWA) als auch STA. <strong>Anwendung von <a href=\"https:\/\/hdcarmouredcable.com\/de\/1-3-4-core-400-sq-mm-cable\/\" target=\"_blank\" rel=\"noopener noreferrer\">400 qmm Kabel<\/a>:<\/strong> Dieses Kabel wird normalerweise f\u00fcr Geb\u00e4ude, Krankenh\u00e4user, Einkaufszentren, Anlagen und Schulen verwendet.<\/p>\n<p style=\"text-align: center;\"><span class=\"su-lightbox\" data-mfp-src=\"#popmake-form\" data-mfp-type=\"inline\" data-mobile=\"yes\"><button class=\"btn btn-danger btn-sm\" ><i class=\"glyphicon glyphicon-ok-sign\" style=\"color:#eeee22;\"><\/i> Kostenloses Angebot einholen<\/button><\/span>\n<h2><\/h2>\n<h2><\/h2>\n<h2>Warum ist das Huadong cu xlpe 1c 4 core x 400 mm2 swa armoured cable der g\u00fcnstigste Preis?<\/h2>\n<p>Erstens, Huadong Cable Group als ein professioneller cu xlpe 1c 4 Kern x 400 mm2 gepanzerte Kabel Preis Lieferanten in China. Inzwischen havs es \u00fcber 22 Jahre Herstellung und Export Erfahrung. So k\u00f6nnen wir den Kern des gepanzerten elektrischen Kabels von 1 bis 5 Kern produzieren, und der Abschnitt Bereich von 1.5mm2 bis 800mm2, Inzwischen k\u00f6nnen wir Kabel zum Verkauf nach Unterschied Anforderung der Kunden liefern.<\/p>\n<p>Also, wenn Sie wollen einige zuverl\u00e4ssige billige1kv 4c x 400mm2 swa armierte Kabel Preis pro Meter zu bekommen. Daher m\u00fcssen Sie verbringen ein wenig Zeit, um die Informationen \u00fcber das Internet zu suchen. Warum denken so, Das ist, weil die ht 1c * 400mm2 Kupferkabel mittleren Verk\u00e4ufer erhalten einige Gewinne aus der direkten gepanzerten Stromkabel Fabrik. Dann werden sie andere Gewinne wieder von den Endverbrauchern erhalten. Zur gleichen Zeit, Huadong Kabel immer willkommen Ihr kommen und besuchen, kontaktieren Sie uns bitte zu jeder Zeit!<\/p>\n<p><img loading=\"lazy\" decoding=\"async\" class=\"aligncenter size-full wp-image-4481\" src=\"https:\/\/hdcarmouredcable.com\/wp-content\/uploads\/2020\/12\/price-of-4-core-400mm2-armoured-cable-in-nigeria.jpg\" alt=\"Preis f\u00fcr 4-adriges 400mm2 Panzerkabel in Nigeria\" width=\"830\" height=\"160\" srcset=\"https:\/\/hdcarmouredcable.com\/wp-content\/uploads\/2020\/12\/price-of-4-core-400mm2-armoured-cable-in-nigeria.jpg 830w, https:\/\/hdcarmouredcable.com\/wp-content\/uploads\/2020\/12\/price-of-4-core-400mm2-armoured-cable-in-nigeria-300x58.jpg 300w, https:\/\/hdcarmouredcable.com\/wp-content\/uploads\/2020\/12\/price-of-4-core-400mm2-armoured-cable-in-nigeria-768x148.jpg 768w, https:\/\/hdcarmouredcable.com\/wp-content\/uploads\/2020\/12\/price-of-4-core-400mm2-armoured-cable-in-nigeria-600x116.jpg 600w\" sizes=\"auto, (max-width: 830px) 100vw, 830px\" \/><\/p>\n<p style=\"text-align: center;\"><span class=\"su-lightbox\" data-mfp-src=\"#popmake-form\" data-mfp-type=\"inline\" data-mobile=\"yes\"><button class=\"btn btn-danger btn-sm\" ><i class=\"glyphicon glyphicon-ok-sign\" style=\"color:#eeee22;\"><\/i> Kostenloses Angebot einholen<\/button><\/span><a class=\"btn btn-danger btn-sm\" href=\"mailto:info@hdcarmouredcable.com\"  rel=\"\"  target=\"_self\"><i class=\"fa fa-envelope-o\" style=\"color:#eeee22;\"><\/i> info@hdcarmouredcable.com<\/a>\n<h2>Wie bekomme ich einen g\u00fcnstigen Preis f\u00fcr 1c 3c 4 core x 400mm2 cu xlpe armoured cable in nigeria<\/h2>\n<p>Wenn Sie aus Nigeria sind, wenn Sie das ht 1c * 400mm2 Kupferkabel kaufen. Der erste Schritt ist zu wissen, die produzieren Prozess der machen 400 qm mm gepanzertes Kabel Leiter. Sie sind solide Klasse ein Leiter Kern und verdrillte Klasse zwei Leiter Kern. in der Regel, vor allem mit 12 mm Panzerkabel Kupferkern und Aluminium. Die Leitf\u00e4higkeit von 8 mm armierten Kabel Kupferkern ist viel besser als die von Aluminium. Als Top China <a href=\"https:\/\/hdcarmouredcable.com\/de\/4-core-240-sq-mm-power-cable-price\/\" target=\"_blank\" rel=\"noopener noreferrer\">240 mm\u00b2 Kabel<\/a> Hersteller, hat HDC Rabatt alle gepanzerten Kabelgr\u00f6\u00dfen zum Verkauf an Fabrikpreisliste. Daher ist der Preis von 1c 3c 4 Kern x 400mm2 cu xlpe Panzerkabel in Nigeria am besten billig als andere L\u00e4nder Lieferanten. So, mehr und mehr Nigeria Kunden bevorzugen die cu xlpe 1c 4 Kern x 400 mm2 bewehrte Kabel Preis aus China.<\/p>\n<p><img loading=\"lazy\" decoding=\"async\" class=\"aligncenter size-full wp-image-4482\" src=\"https:\/\/hdcarmouredcable.com\/wp-content\/uploads\/2020\/12\/huadong-supply-400mm2-cu-xlpe-cable-priceat-cheap.jpg\" alt=\"huadong-lieferungen-400mm2-cu-xlpe-kabel-preis-billig\" width=\"1162\" height=\"300\" srcset=\"https:\/\/hdcarmouredcable.com\/wp-content\/uploads\/2020\/12\/huadong-supply-400mm2-cu-xlpe-cable-priceat-cheap.jpg 1162w, https:\/\/hdcarmouredcable.com\/wp-content\/uploads\/2020\/12\/huadong-supply-400mm2-cu-xlpe-cable-priceat-cheap-300x77.jpg 300w, https:\/\/hdcarmouredcable.com\/wp-content\/uploads\/2020\/12\/huadong-supply-400mm2-cu-xlpe-cable-priceat-cheap-1024x264.jpg 1024w, https:\/\/hdcarmouredcable.com\/wp-content\/uploads\/2020\/12\/huadong-supply-400mm2-cu-xlpe-cable-priceat-cheap-768x198.jpg 768w, https:\/\/hdcarmouredcable.com\/wp-content\/uploads\/2020\/12\/huadong-supply-400mm2-cu-xlpe-cable-priceat-cheap-600x155.jpg 600w\" sizes=\"auto, (max-width: 1162px) 100vw, 1162px\" \/><\/p>\n\n<div class=\"wpcf7 no-js\" id=\"wpcf7-f5800-o1\" lang=\"en-US\" dir=\"ltr\" data-wpcf7-id=\"5800\">\n<div class=\"screen-reader-response\"><p role=\"status\" aria-live=\"polite\" aria-atomic=\"true\"><\/p> <ul><\/ul><\/div>\n<form action=\"\/de\/wp-json\/wp\/v2\/pages\/4472#wpcf7-f5800-o1\" method=\"post\" class=\"wpcf7-form init\" aria-label=\"Kontakt-Formular\" novalidate=\"novalidate\" data-status=\"init\" data-trp-original-action=\"\/de\/wp-json\/wp\/v2\/pages\/4472#wpcf7-f5800-o1\">\n<div style=\"display: none;\">\n<input type=\"hidden\" name=\"_wpcf7\" value=\"5800\" \/>\n<input type=\"hidden\" name=\"_wpcf7_version\" value=\"6.0.6\" \/>\n<input type=\"hidden\" name=\"_wpcf7_locale\" value=\"en_US\" \/>\n<input type=\"hidden\" name=\"_wpcf7_unit_tag\" value=\"wpcf7-f5800-o1\" \/>\n<input type=\"hidden\" name=\"_wpcf7_container_post\" value=\"0\" \/>\n<input type=\"hidden\" name=\"_wpcf7_posted_data_hash\" value=\"\" \/>\n<\/div>\n<div class=\"popmakerform\">\n\t<h3>Kostenloses Angebot erhalten\n\t<\/h3>\n\t<p>Lassen Sie uns gemeinsam an Ihrem Projekt per E-Mail arbeiten: <a href=\"mailto:info@hdcarmouredcable.com\" rel=\"nofollow\">info@hdcarmouredcable.com<\/a>\n\t<\/p>\n\t<p>Interessantes Produkt <span style=\"color:red;\">*<span><br \/>\n<span class=\"wpcf7-form-control-wrap\" data-name=\"item\"><input size=\"40\" maxlength=\"400\" class=\"wpcf7-form-control wpcf7-text\" id=\"item\" aria-invalid=\"false\" value=\"\" type=\"text\" name=\"item\" \/><\/span><\/span><\/span>\n\t<\/p>\n\t<p>Ihr Name <span style=\"color:red;\">*<span><br \/>\n<span class=\"wpcf7-form-control-wrap\" data-name=\"your-name\"><input size=\"40\" maxlength=\"400\" class=\"wpcf7-form-control wpcf7-text wpcf7-validates-as-required\" aria-required=\"true\" aria-invalid=\"false\" value=\"\" type=\"text\" name=\"your-name\" \/><\/span><\/span><\/span>\n\t<\/p>\n\t<p>Deine E-Mail <span style=\"color:red;\">*<span><br \/>\n<span class=\"wpcf7-form-control-wrap\" data-name=\"your-email\"><input size=\"40\" maxlength=\"400\" class=\"wpcf7-form-control wpcf7-email wpcf7-validates-as-required wpcf7-text wpcf7-validates-as-email\" aria-required=\"true\" aria-invalid=\"false\" value=\"\" type=\"email\" name=\"your-email\" \/><\/span><\/span><\/span>\n\t<\/p>\n\t<p>Ihre Telefonnummer (einschlie\u00dflich der Vorwahl)<br \/>\n<span class=\"wpcf7-form-control-wrap\" data-name=\"your-phone\"><input size=\"40\" maxlength=\"400\" class=\"wpcf7-form-control wpcf7-text\" aria-invalid=\"false\" value=\"\" type=\"text\" name=\"your-phone\" \/><\/span>\n\t<\/p>\n\t<p>Ihr Land<br \/>\n<span class=\"wpcf7-form-control-wrap\" data-name=\"your-country\"><input size=\"40\" maxlength=\"400\" class=\"wpcf7-form-control wpcf7-text\" aria-invalid=\"false\" value=\"\" type=\"text\" name=\"your-country\" \/><\/span>\n\t<\/p>\n\t<p>Detaillierte Anforderung <span style=\"color:red;\">*<span><br \/>\n<span class=\"wpcf7-form-control-wrap\" data-name=\"your-requirement\"><textarea cols=\"40\" rows=\"5\" maxlength=\"2000\" class=\"wpcf7-form-control wpcf7-textarea wpcf7-validates-as-required\" aria-required=\"true\" aria-invalid=\"false\" placeholder=\"F\u00fcr ein detailliertes Angebot, senden Sie uns bitte Ihre Anforderungen. *\" name=\"your-requirement\"><\/textarea><\/span><\/span><\/span>\n\t<\/p>\n\t<p><input class=\"wpcf7-form-control wpcf7-submit has-spinner\" type=\"submit\" value=\"Angebot einholen\" \/>\n\t<\/p>\n<\/div><input type='hidden' class='wpcf7-pum' value='{\"closepopup\":false,\"closedelay\":0,\"openpopup\":false,\"openpopup_id\":0}' \/><div class=\"wpcf7-response-output\" aria-hidden=\"true\"><\/div>\n<input type=\"hidden\" name=\"trp-form-language\" value=\"de\"\/><\/form>\n<\/div>\n\n<div class=\"su-lightbox-content su-u-trim\" id=\"popmake-form\" style=\"display:none;width:65%;min-width:none;max-width:600px;margin-top:40px;margin-bottom:40px;padding:20px;background:#FFFFFF;color:#333333;box-shadow:0px 0px 15px #333333;text-align:left\">\n<div class=\"wpcf7 no-js\" id=\"wpcf7-f5800-o2\" lang=\"en-US\" dir=\"ltr\" data-wpcf7-id=\"5800\">\n<div class=\"screen-reader-response\"><p role=\"status\" aria-live=\"polite\" aria-atomic=\"true\"><\/p> <ul><\/ul><\/div>\n<form action=\"\/de\/wp-json\/wp\/v2\/pages\/4472#wpcf7-f5800-o2\" method=\"post\" class=\"wpcf7-form init\" aria-label=\"Kontakt-Formular\" novalidate=\"novalidate\" data-status=\"init\" data-trp-original-action=\"\/de\/wp-json\/wp\/v2\/pages\/4472#wpcf7-f5800-o2\">\n<div style=\"display: none;\">\n<input type=\"hidden\" name=\"_wpcf7\" value=\"5800\" \/>\n<input type=\"hidden\" name=\"_wpcf7_version\" value=\"6.0.6\" \/>\n<input type=\"hidden\" name=\"_wpcf7_locale\" value=\"en_US\" \/>\n<input type=\"hidden\" name=\"_wpcf7_unit_tag\" value=\"wpcf7-f5800-o2\" \/>\n<input type=\"hidden\" name=\"_wpcf7_container_post\" value=\"0\" \/>\n<input type=\"hidden\" name=\"_wpcf7_posted_data_hash\" value=\"\" \/>\n<\/div>\n<div class=\"popmakerform\">\n\t<h3>Kostenloses Angebot erhalten\n\t<\/h3>\n\t<p>Lassen Sie uns gemeinsam an Ihrem Projekt per E-Mail arbeiten: <a href=\"mailto:info@hdcarmouredcable.com\" rel=\"nofollow\">info@hdcarmouredcable.com<\/a>\n\t<\/p>\n\t<p>Interessantes Produkt <span style=\"color:red;\">*<span><br \/>\n<span class=\"wpcf7-form-control-wrap\" data-name=\"item\"><input size=\"40\" maxlength=\"400\" class=\"wpcf7-form-control wpcf7-text\" aria-invalid=\"false\" value=\"\" type=\"text\" name=\"item\" \/><\/span><\/span><\/span>\n\t<\/p>\n\t<p>Ihr Name <span style=\"color:red;\">*<span><br \/>\n<span class=\"wpcf7-form-control-wrap\" data-name=\"your-name\"><input size=\"40\" maxlength=\"400\" class=\"wpcf7-form-control wpcf7-text wpcf7-validates-as-required\" aria-required=\"true\" aria-invalid=\"false\" value=\"\" type=\"text\" name=\"your-name\" \/><\/span><\/span><\/span>\n\t<\/p>\n\t<p>Deine E-Mail <span style=\"color:red;\">*<span><br \/>\n<span class=\"wpcf7-form-control-wrap\" data-name=\"your-email\"><input size=\"40\" maxlength=\"400\" class=\"wpcf7-form-control wpcf7-email wpcf7-validates-as-required wpcf7-text wpcf7-validates-as-email\" aria-required=\"true\" aria-invalid=\"false\" value=\"\" type=\"email\" name=\"your-email\" \/><\/span><\/span><\/span>\n\t<\/p>\n\t<p>Ihre Telefonnummer (einschlie\u00dflich der Vorwahl)<br \/>\n<span class=\"wpcf7-form-control-wrap\" data-name=\"your-phone\"><input size=\"40\" maxlength=\"400\" class=\"wpcf7-form-control wpcf7-text\" aria-invalid=\"false\" value=\"\" type=\"text\" name=\"your-phone\" \/><\/span>\n\t<\/p>\n\t<p>Ihr Land<br \/>\n<span class=\"wpcf7-form-control-wrap\" data-name=\"your-country\"><input size=\"40\" maxlength=\"400\" class=\"wpcf7-form-control wpcf7-text\" aria-invalid=\"false\" value=\"\" type=\"text\" name=\"your-country\" \/><\/span>\n\t<\/p>\n\t<p>Detaillierte Anforderung <span style=\"color:red;\">*<span><br \/>\n<span class=\"wpcf7-form-control-wrap\" data-name=\"your-requirement\"><textarea cols=\"40\" rows=\"5\" maxlength=\"2000\" class=\"wpcf7-form-control wpcf7-textarea wpcf7-validates-as-required\" aria-required=\"true\" aria-invalid=\"false\" placeholder=\"F\u00fcr ein detailliertes Angebot, senden Sie uns bitte Ihre Anforderungen. *\" name=\"your-requirement\"><\/textarea><\/span><\/span><\/span>\n\t<\/p>\n\t<p><input class=\"wpcf7-form-control wpcf7-submit has-spinner\" type=\"submit\" value=\"Angebot einholen\" \/>\n\t<\/p>\n<\/div><input type='hidden' class='wpcf7-pum' value='{\"closepopup\":false,\"closedelay\":0,\"openpopup\":false,\"openpopup_id\":0}' \/><div class=\"wpcf7-response-output\" aria-hidden=\"true\"><\/div>\n<input type=\"hidden\" name=\"trp-form-language\" value=\"de\"\/><\/form>\n<\/div>\n<\/div>","protected":false},"excerpt":{"rendered":"<p>Wie bekommt man billige 1kv 4c x 400mm2 Kabel Preis pro Meter? Wann immer Sie sich fragen, um den Haufen 1kv 4c x 400mm2 Kabel Preis pro Meter m\u00fcssen Sie die folgenden Informationen zu erhalten. Erstens m\u00fcssen Sie wissen, die Anwendung, Es ist leicht zu verstehen, dass nach einer langen Zeit des Betriebs der swa Draht, Besonders ... <a class=\"read-more\" href=\"https:\/\/hdcarmouredcable.com\/de\/1-4-core-400mm2-cable-price\/\">Weiterlesen ...<\/a><\/p>","protected":false},"author":1,"featured_media":0,"parent":0,"menu_order":0,"comment_status":"closed","ping_status":"closed","template":"","meta":{"_joinchat":[],"footnotes":""},"class_list":["post-4472","page","type-page","status-publish"],"yoast_head":"<!-- This site is optimized with the Yoast SEO plugin v25.1 - https:\/\/yoast.com\/wordpress\/plugins\/seo\/ -->\n<title>xlpe swa armoured cu 4 core 4c 3c 1c x 400mm2 cable price for sale<\/title>\n<meta name=\"description\" content=\"Huadong group direct sale xlpe swa armoured cu 4c 3c 1c x 400mm2 cable price at cheap, and the 4 core 400 mm2 cable export to Nigeria, Pilippines.\" \/>\n<meta name=\"robots\" content=\"index, follow, max-snippet:-1, max-image-preview:large, max-video-preview:-1\" \/>\n<link rel=\"canonical\" href=\"https:\/\/hdcarmouredcable.com\/de\/1-4-core-400mm2-cable-price\/\" \/>\n<meta property=\"og:locale\" content=\"de_DE\" \/>\n<meta property=\"og:type\" content=\"article\" \/>\n<meta property=\"og:title\" content=\"xlpe swa armoured cu 4 core 4c 3c 1c x 400mm2 cable price for sale\" \/>\n<meta property=\"og:description\" content=\"Huadong group direct sale xlpe swa armoured cu 4c 3c 1c x 400mm2 cable price at cheap, and the 4 core 400 mm2 cable export to Nigeria, Pilippines.\" \/>\n<meta property=\"og:url\" content=\"https:\/\/hdcarmouredcable.com\/de\/1-4-core-400mm2-cable-price\/\" \/>\n<meta property=\"og:site_name\" content=\"Huadong Armoured Cable Group\" \/>\n<meta property=\"article:publisher\" content=\"https:\/\/www.facebook.com\/lily.ding.52\" \/>\n<meta property=\"article:modified_time\" content=\"2023-07-25T07:43:54+00:00\" \/>\n<meta property=\"og:image\" content=\"https:\/\/hdcarmouredcable.com\/wp-content\/uploads\/2020\/12\/1c-3c-4c-x-400mm2-copper-xlpe-armoured-cable-price-per-meter.jpg\" \/>\n<meta name=\"twitter:card\" content=\"summary_large_image\" \/>\n<meta name=\"twitter:label1\" content=\"Gesch\u00e4tzte Lesezeit\" \/>\n\t<meta name=\"twitter:data1\" content=\"4\u00a0Minuten\" \/>\n<script type=\"application\/ld+json\" class=\"yoast-schema-graph\">{\"@context\":\"https:\/\/schema.org\",\"@graph\":[{\"@type\":\"WebPage\",\"@id\":\"https:\/\/hdcarmouredcable.com\/1-4-core-400mm2-cable-price\/\",\"url\":\"https:\/\/hdcarmouredcable.com\/1-4-core-400mm2-cable-price\/\",\"name\":\"xlpe swa armoured cu 4 core 4c 3c 1c x 400mm2 cable price for sale\",\"isPartOf\":{\"@id\":\"https:\/\/hdcarmouredcable.com\/#website\"},\"primaryImageOfPage\":{\"@id\":\"https:\/\/hdcarmouredcable.com\/1-4-core-400mm2-cable-price\/#primaryimage\"},\"image\":{\"@id\":\"https:\/\/hdcarmouredcable.com\/1-4-core-400mm2-cable-price\/#primaryimage\"},\"thumbnailUrl\":\"https:\/\/hdcarmouredcable.com\/wp-content\/uploads\/2020\/12\/1c-3c-4c-x-400mm2-copper-xlpe-armoured-cable-price-per-meter.jpg\",\"datePublished\":\"2020-12-07T07:19:15+00:00\",\"dateModified\":\"2023-07-25T07:43:54+00:00\",\"description\":\"Huadong group direct sale xlpe swa armoured cu 4c 3c 1c x 400mm2 cable price at cheap, and the 4 core 400 mm2 cable export to Nigeria, Pilippines.\",\"inLanguage\":\"de\",\"potentialAction\":[{\"@type\":\"ReadAction\",\"target\":[\"https:\/\/hdcarmouredcable.com\/1-4-core-400mm2-cable-price\/\"]}]},{\"@type\":\"ImageObject\",\"inLanguage\":\"de\",\"@id\":\"https:\/\/hdcarmouredcable.com\/1-4-core-400mm2-cable-price\/#primaryimage\",\"url\":\"https:\/\/hdcarmouredcable.com\/wp-content\/uploads\/2020\/12\/1c-3c-4c-x-400mm2-copper-xlpe-armoured-cable-price-per-meter.jpg\",\"contentUrl\":\"https:\/\/hdcarmouredcable.com\/wp-content\/uploads\/2020\/12\/1c-3c-4c-x-400mm2-copper-xlpe-armoured-cable-price-per-meter.jpg\"},{\"@type\":\"WebSite\",\"@id\":\"https:\/\/hdcarmouredcable.com\/#website\",\"url\":\"https:\/\/hdcarmouredcable.com\/\",\"name\":\"Huadong Armoured Cable Group\",\"description\":\"professional steel wire armoured cable manufacturer\",\"publisher\":{\"@id\":\"https:\/\/hdcarmouredcable.com\/#organization\"},\"potentialAction\":[{\"@type\":\"SearchAction\",\"target\":{\"@type\":\"EntryPoint\",\"urlTemplate\":\"https:\/\/hdcarmouredcable.com\/?s={search_term_string}\"},\"query-input\":{\"@type\":\"PropertyValueSpecification\",\"valueRequired\":true,\"valueName\":\"search_term_string\"}}],\"inLanguage\":\"de\"},{\"@type\":\"Organization\",\"@id\":\"https:\/\/hdcarmouredcable.com\/#organization\",\"name\":\"Huadong Cable Group\",\"url\":\"https:\/\/hdcarmouredcable.com\/\",\"logo\":{\"@type\":\"ImageObject\",\"inLanguage\":\"de\",\"@id\":\"https:\/\/hdcarmouredcable.com\/#\/schema\/logo\/image\/\",\"url\":\"https:\/\/hdcarmouredcable.com\/wp-content\/uploads\/2022\/07\/Huadong-log.png\",\"contentUrl\":\"https:\/\/hdcarmouredcable.com\/wp-content\/uploads\/2022\/07\/Huadong-log.png\",\"width\":860,\"height\":860,\"caption\":\"Huadong Cable Group\"},\"image\":{\"@id\":\"https:\/\/hdcarmouredcable.com\/#\/schema\/logo\/image\/\"},\"sameAs\":[\"https:\/\/www.facebook.com\/lily.ding.52\",\"https:\/\/www.linkedin.com\/in\/lilyxlpecable\/\"]}]}<\/script>\n<!-- \/ Yoast SEO plugin. -->","yoast_head_json":{"title":"xlpe swa armoured cu 4 core 4c 3c 1c x 400mm2 cable price for sale","description":"Huadong Gruppe direkten Verkauf xlpe swa gepanzert cu 4c 3c 1c x 400mm2 Kabel Preis zu billig, und die 4 Kern 400 mm2 Kabel Export nach Nigeria, Pilippinen.","robots":{"index":"index","follow":"follow","max-snippet":"max-snippet:-1","max-image-preview":"max-image-preview:large","max-video-preview":"max-video-preview:-1"},"canonical":"https:\/\/hdcarmouredcable.com\/de\/1-4-core-400mm2-cable-price\/","og_locale":"de_DE","og_type":"article","og_title":"xlpe swa armoured cu 4 core 4c 3c 1c x 400mm2 cable price for sale","og_description":"Huadong group direct sale xlpe swa armoured cu 4c 3c 1c x 400mm2 cable price at cheap, and the 4 core 400 mm2 cable export to Nigeria, Pilippines.","og_url":"https:\/\/hdcarmouredcable.com\/de\/1-4-core-400mm2-cable-price\/","og_site_name":"Huadong Armoured Cable Group","article_publisher":"https:\/\/www.facebook.com\/lily.ding.52","article_modified_time":"2023-07-25T07:43:54+00:00","og_image":[{"url":"https:\/\/hdcarmouredcable.com\/wp-content\/uploads\/2020\/12\/1c-3c-4c-x-400mm2-copper-xlpe-armoured-cable-price-per-meter.jpg","type":"","width":"","height":""}],"twitter_card":"summary_large_image","twitter_misc":{"Gesch\u00e4tzte Lesezeit":"4\u00a0Minuten"},"schema":{"@context":"https:\/\/schema.org","@graph":[{"@type":"WebPage","@id":"https:\/\/hdcarmouredcable.com\/1-4-core-400mm2-cable-price\/","url":"https:\/\/hdcarmouredcable.com\/1-4-core-400mm2-cable-price\/","name":"xlpe swa armoured cu 4 core 4c 3c 1c x 400mm2 cable price for sale","isPartOf":{"@id":"https:\/\/hdcarmouredcable.com\/#website"},"primaryImageOfPage":{"@id":"https:\/\/hdcarmouredcable.com\/1-4-core-400mm2-cable-price\/#primaryimage"},"image":{"@id":"https:\/\/hdcarmouredcable.com\/1-4-core-400mm2-cable-price\/#primaryimage"},"thumbnailUrl":"https:\/\/hdcarmouredcable.com\/wp-content\/uploads\/2020\/12\/1c-3c-4c-x-400mm2-copper-xlpe-armoured-cable-price-per-meter.jpg","datePublished":"2020-12-07T07:19:15+00:00","dateModified":"2023-07-25T07:43:54+00:00","description":"Huadong Gruppe direkten Verkauf xlpe swa gepanzert cu 4c 3c 1c x 400mm2 Kabel Preis zu billig, und die 4 Kern 400 mm2 Kabel Export nach Nigeria, Pilippinen.","inLanguage":"de","potentialAction":[{"@type":"ReadAction","target":["https:\/\/hdcarmouredcable.com\/1-4-core-400mm2-cable-price\/"]}]},{"@type":"ImageObject","inLanguage":"de","@id":"https:\/\/hdcarmouredcable.com\/1-4-core-400mm2-cable-price\/#primaryimage","url":"https:\/\/hdcarmouredcable.com\/wp-content\/uploads\/2020\/12\/1c-3c-4c-x-400mm2-copper-xlpe-armoured-cable-price-per-meter.jpg","contentUrl":"https:\/\/hdcarmouredcable.com\/wp-content\/uploads\/2020\/12\/1c-3c-4c-x-400mm2-copper-xlpe-armoured-cable-price-per-meter.jpg"},{"@type":"WebSite","@id":"https:\/\/hdcarmouredcable.com\/#website","url":"https:\/\/hdcarmouredcable.com\/","name":"Huadong Armoured Cable Gruppe","description":"professioneller Hersteller von Stahldraht-Panzerkabel","publisher":{"@id":"https:\/\/hdcarmouredcable.com\/#organization"},"potentialAction":[{"@type":"SearchAction","target":{"@type":"EntryPoint","urlTemplate":"https:\/\/hdcarmouredcable.com\/?s={search_term_string}"},"query-input":{"@type":"PropertyValueSpecification","valueRequired":true,"valueName":"search_term_string"}}],"inLanguage":"de"},{"@type":"Organization","@id":"https:\/\/hdcarmouredcable.com\/#organization","name":"Huadong Kabel Gruppe","url":"https:\/\/hdcarmouredcable.com\/","logo":{"@type":"ImageObject","inLanguage":"de","@id":"https:\/\/hdcarmouredcable.com\/#\/schema\/logo\/image\/","url":"https:\/\/hdcarmouredcable.com\/wp-content\/uploads\/2022\/07\/Huadong-log.png","contentUrl":"https:\/\/hdcarmouredcable.com\/wp-content\/uploads\/2022\/07\/Huadong-log.png","width":860,"height":860,"caption":"Huadong Cable Group"},"image":{"@id":"https:\/\/hdcarmouredcable.com\/#\/schema\/logo\/image\/"},"sameAs":["https:\/\/www.facebook.com\/lily.ding.52","https:\/\/www.linkedin.com\/in\/lilyxlpecable\/"]}]}},"amp_enabled":true,"_links":{"self":[{"href":"https:\/\/hdcarmouredcable.com\/de\/wp-json\/wp\/v2\/pages\/4472","targetHints":{"allow":["GET"]}}],"collection":[{"href":"https:\/\/hdcarmouredcable.com\/de\/wp-json\/wp\/v2\/pages"}],"about":[{"href":"https:\/\/hdcarmouredcable.com\/de\/wp-json\/wp\/v2\/types\/page"}],"author":[{"embeddable":true,"href":"https:\/\/hdcarmouredcable.com\/de\/wp-json\/wp\/v2\/users\/1"}],"replies":[{"embeddable":true,"href":"https:\/\/hdcarmouredcable.com\/de\/wp-json\/wp\/v2\/comments?post=4472"}],"version-history":[{"count":12,"href":"https:\/\/hdcarmouredcable.com\/de\/wp-json\/wp\/v2\/pages\/4472\/revisions"}],"predecessor-version":[{"id":9574,"href":"https:\/\/hdcarmouredcable.com\/de\/wp-json\/wp\/v2\/pages\/4472\/revisions\/9574"}],"wp:attachment":[{"href":"https:\/\/hdcarmouredcable.com\/de\/wp-json\/wp\/v2\/media?parent=4472"}],"curies":[{"name":"wp","href":"https:\/\/api.w.org\/{rel}","templated":true}]}}