{"id":525,"date":"2018-07-25T14:12:44","date_gmt":"2018-07-25T06:12:44","guid":{"rendered":"https:\/\/hdcarmouredcable.com\/?page_id=525"},"modified":"2023-07-21T17:19:18","modified_gmt":"2023-07-21T09:19:18","slug":"35mm-3-core-swa-cable","status":"publish","type":"page","link":"https:\/\/hdcarmouredcable.com\/de\/35mm-3-adriges-swa-kabel\/","title":{"rendered":"35mm 3-adriges swa-Kabel"},"content":{"rendered":"<h2>Wodurch zeichnet sich das 35 mm 3-adrige swa-Kabel aus?<\/h2>\n<p>Das 35mm 3-adrige SWA-Kabel ist eine Art von armiertem Kabel. Es besteht aus Aluminium- oder Kupferleiter, XLPE- oder PVC-Isolierung, PVC-Bettung, SWA-Panzerschicht und PVC-Mantel. Inzwischen ist das 35mm 3 Core swa Kabel auch bekannt als wegen seiner SWA (steel wire armoured) Schicht.  So ist es die beste Aussicht in allen 35mm 3 core armoured Kabelgr\u00f6\u00dfen. Warum das so ist. Die SWA-Schicht der 35mm swa 3 Core Kabel, die gut zu sch\u00fctzen Leiter und Isolierung Schichten k\u00f6nnen.<\/p>\n<figure id=\"attachment_555\" aria-describedby=\"caption-attachment-555\" style=\"width: 890px\" class=\"wp-caption aligncenter\"><img loading=\"lazy\" decoding=\"async\" class=\"size-full wp-image-555\" src=\"https:\/\/hdcarmouredcable.com\/wp-content\/uploads\/2018\/07\/35mm2-3core-armoured-cable.jpg\" alt=\"35mm 3-adriges swa-Kabel\" width=\"900\" height=\"200\" srcset=\"https:\/\/hdcarmouredcable.com\/wp-content\/uploads\/2018\/07\/35mm2-3core-armoured-cable.jpg 900w, https:\/\/hdcarmouredcable.com\/wp-content\/uploads\/2018\/07\/35mm2-3core-armoured-cable-300x67.jpg 300w, https:\/\/hdcarmouredcable.com\/wp-content\/uploads\/2018\/07\/35mm2-3core-armoured-cable-768x171.jpg 768w, https:\/\/hdcarmouredcable.com\/wp-content\/uploads\/2018\/07\/35mm2-3core-armoured-cable-600x133.jpg 600w\" sizes=\"auto, (max-width: 900px) 100vw, 900px\" \/><figcaption id=\"caption-attachment-555\" class=\"wp-caption-text\">35mm 3 Adern swa Kabelgr\u00f6\u00dfe Bild<\/figcaption><\/figure>\n<p style=\"text-align: center;\"><span class=\"su-lightbox\" data-mfp-src=\"#popmake-form\" data-mfp-type=\"inline\" data-mobile=\"yes\"><button class=\"btn btn-danger btn-sm\" ><i class=\"glyphicon glyphicon-ok-sign\" style=\"color:#eeee22;\"><\/i> Passen Sie Ihre ideale 35mm swa 3 core an<\/button><\/span>\n<p>Das 35mm 3-adrige swa-Kabel eignet sich daher sehr gut f\u00fcr besondere Umgebungsbedingungen, die einen Schutz gegen mechanische Beanspruchung erfordern. Aufgrund dieser Vorteile, die 35mm 3 Kern armierte Kabel ist sehr weit in vielen speziellen Verlegebedingungen gelten. Also, wenn Sie f\u00fcr ein neues Projekt arbeiten, um die 35mm swa 3 Kern Kabel zu suchen. Sie k\u00f6nnen Huadong Cable Company kontaktieren. Zur gleichen Zeit wird unser professioneller Kabel-Ingenieur frei Design der 35mm 3 Kern swa, dass Ihre eigene ideale Gr\u00f6\u00dfe geh\u00f6ren.<\/p>\n<h2>Anwendung des 35-mm-Panzerkabels mit 3 Adern<\/h2>\n<div class=\"row prodetails\">\n<div class=\"col-lg-6 col-md-12 col-xs-12 col-sm-12\">\n<p><img loading=\"lazy\" decoding=\"async\" class=\"size-full wp-image-551\" src=\"https:\/\/hdcarmouredcable.com\/wp-content\/uploads\/2018\/07\/35mm-3-core-swa.jpg\" alt=\"35mm swa 3 Kern\" width=\"250\" height=\"250\" srcset=\"https:\/\/hdcarmouredcable.com\/wp-content\/uploads\/2018\/07\/35mm-3-core-swa.jpg 250w, https:\/\/hdcarmouredcable.com\/wp-content\/uploads\/2018\/07\/35mm-3-core-swa-150x150.jpg 150w\" sizes=\"auto, (max-width: 250px) 100vw, 250px\" \/><\/p>\n<\/div>\n<div class=\"col-lg-6 col-md-12 col-xs-12 col-sm-12\">\n<strong>Spannung:<\/strong> 600\/1000V<br \/>\n<strong>Dirigenten:<\/strong> Glatt gegl\u00fchte Kupferlitze<br \/>\n<strong>Ungef\u00e4hrer Gesamtdurchmesser (ungef\u00e4hre Gr\u00f6\u00dfe):<\/strong> 25,9 mm<br \/>\n<strong>Kern:<\/strong> 3 Kerne (Braun, Schwarz und Grau)<br \/>\n<strong>Isolierung:<\/strong> XLPE (vernetztes Polyethylen)<br \/>\n<strong>Bettzeug:<\/strong> PVC (Polyvinyl-Chlorid)<br \/>\n<strong>R\u00fcstung\/Schutz:<\/strong> SWA (Einzeldrahtbewehrung)<br \/>\n<strong>Mantel \/ Jacke:<\/strong> PVC (Polyvinyl-Chlorid)- Schwarz<br \/>\n<strong>Betriebstemperatur:<\/strong> Maximal 90C, minimal Biegen 0C<br \/>\n<strong>Standads:<\/strong> BS\/IECA\/VDE und so weiter.<\/p>\n<p style=\"text-align: center;\"><span class=\"su-lightbox\" data-mfp-src=\"#popmake-form\" data-mfp-type=\"inline\" data-mobile=\"yes\"><button class=\"btn btn-danger btn-sm\" ><i class=\"glyphicon glyphicon-ok-sign\" style=\"color:#eeee22;\"><\/i> 35mm 3-adriges swa-Kabel Preis erhalten<\/button><\/span>\n<\/div>\n<\/div>\n<p>In der Regel ist die 35mm 3 Kern swa Kabel beziehen sich auf Spannung 0,6\/1kv. Und dann ist die Arbeitstemperatur -15\u00b0 bis +90\u00b0C. In der Zwischenzeit ist es f\u00fcr die Stromversorgung im Freien oder unter der Erde konzipiert. So ist das 35mm swa 3-adrige Kabel sehr ideal f\u00fcr Innen- und Au\u00dfenanwendungen. Seine stahldrahtbewehrte Schicht bietet mechanischen Schutz und Eignung. So ist das 35mm 3-adrige Panzerkabel sehr gut f\u00fcr Innen- und Au\u00dfeninstallationen geeignet. Es kann sicher durch Kabelkan\u00e4le und Untergrund.<\/p>\n<p>Deshalb, wenn Sie nicht wissen, welche Gr\u00f6\u00dfe Kabel f\u00fcr Ihr Projekt. Die 35mm 3 Kern swa Kabel ist eine gute Wahl f\u00fcr Sie. Huadong Kabel Gruppe wird mehr Hilfe \u00fcber 35mm swa 3 Kern Kabel bieten. Sie k\u00f6nnen sich frei f\u00fchlen, uns zu kontaktieren und ein swa 35mm 3 core armoured cable Angebot zu erhalten. Unser konkurrenzf\u00e4higer Fabrikpreis wird in 6 Stunden f\u00fcr Sie Referenz senden.<\/p>\n<figure id=\"attachment_557\" aria-describedby=\"caption-attachment-557\" style=\"width: 890px\" class=\"wp-caption aligncenter\"><img loading=\"lazy\" decoding=\"async\" class=\"size-full wp-image-557\" src=\"https:\/\/hdcarmouredcable.com\/wp-content\/uploads\/2018\/07\/3-core-swa-16mm-cable-2.jpg\" alt=\"35 mm 3-adriges armiertes Kabel\" width=\"900\" height=\"200\" srcset=\"https:\/\/hdcarmouredcable.com\/wp-content\/uploads\/2018\/07\/3-core-swa-16mm-cable-2.jpg 900w, https:\/\/hdcarmouredcable.com\/wp-content\/uploads\/2018\/07\/3-core-swa-16mm-cable-2-300x67.jpg 300w, https:\/\/hdcarmouredcable.com\/wp-content\/uploads\/2018\/07\/3-core-swa-16mm-cable-2-768x171.jpg 768w\" sizes=\"auto, (max-width: 900px) 100vw, 900px\" \/><figcaption id=\"caption-attachment-557\" class=\"wp-caption-text\">35mm 3-adriges armiertes Kabel Beispielfotos<\/figcaption><\/figure>\n<p style=\"text-align: center;\"><span class=\"su-lightbox\" data-mfp-src=\"#popmake-form\" data-mfp-type=\"inline\" data-mobile=\"yes\"><button class=\"btn btn-danger btn-sm\" ><i class=\"glyphicon glyphicon-ok-sign\" style=\"color:#eeee22;\"><\/i> Passen Sie Ihre ideale Gr\u00f6\u00dfe an<\/button><\/span>\n<h2>Wer wird Ihnen die hohe Qualit\u00e4t 35mm swa 3 core mit dem niedrigsten Preis liefern?<\/h2>\n<p>Aber, wenn Sie etwas Geld f\u00fcr Ihr Kabel sparen wollen. Erstens k\u00f6nnen Sie einige \u00dcbersee 35mm 3 Kern swa Kabelhersteller durch Internet suchen. Einige leistungsstarke Kabel Fabriken k\u00f6nnen die High-End-Qualit\u00e4t 35mm 3 Kern gepanzerte Kabel und mit g\u00fcnstigen Preis oft produzieren. Diese Kabel Werke haben Vertrauen f\u00fcr ihre Produkte. Dann k\u00f6nnen sie frei bieten die 35mm swa 3 Kern Kabel Probe. Sie k\u00f6nnen auch die Probe, ob bis zu den internationalen Standard zu testen.<\/p>\n<figure id=\"attachment_558\" aria-describedby=\"caption-attachment-558\" style=\"width: 1591px\" class=\"wp-caption aligncenter\"><img loading=\"lazy\" decoding=\"async\" class=\"size-full wp-image-558\" src=\"https:\/\/hdcarmouredcable.com\/wp-content\/uploads\/2018\/07\/abc-cable-packaging-1-3.jpg\" alt=\"35mm 3-adriges armiertes Kabel Lieferant\" width=\"1601\" height=\"300\" srcset=\"https:\/\/hdcarmouredcable.com\/wp-content\/uploads\/2018\/07\/abc-cable-packaging-1-3.jpg 1601w, https:\/\/hdcarmouredcable.com\/wp-content\/uploads\/2018\/07\/abc-cable-packaging-1-3-300x56.jpg 300w, https:\/\/hdcarmouredcable.com\/wp-content\/uploads\/2018\/07\/abc-cable-packaging-1-3-768x144.jpg 768w, https:\/\/hdcarmouredcable.com\/wp-content\/uploads\/2018\/07\/abc-cable-packaging-1-3-1024x192.jpg 1024w, https:\/\/hdcarmouredcable.com\/wp-content\/uploads\/2018\/07\/abc-cable-packaging-1-3-600x112.jpg 600w\" sizes=\"auto, (max-width: 1601px) 100vw, 1601px\" \/><figcaption id=\"caption-attachment-558\" class=\"wp-caption-text\">35mm 3-adriges armiertes Kabel Verpackung und Lieferung<\/figcaption><\/figure>\n<p>Sie k\u00f6nnen auch die Qualit\u00e4t von der 35mm 3 Kern swa Kabel Preislisten zu beurteilen. Zur gleichen Zeit, und Sie k\u00f6nnen ihre Fabrik besuchen, um zu verstehen, ob sie fortschrittliche Produktionslinien und Pr\u00fcfeinrichtungen. Huadong Cable Group als ein High-End 35mm 3 Core armoured Kabel Hersteller. Wir haben eine gro\u00dfe Anzahl von Kunden aus \u00fcber 30 L\u00e4ndern in \u00dcbersee bedient. Wir k\u00f6nnen auch f\u00fcr Ihr 35mm 3 Kern swa Kabelprojekt arbeiten.<\/p>\n\n<div class=\"wpcf7 no-js\" id=\"wpcf7-f5800-o1\" lang=\"en-US\" dir=\"ltr\" data-wpcf7-id=\"5800\">\n<div class=\"screen-reader-response\"><p role=\"status\" aria-live=\"polite\" aria-atomic=\"true\"><\/p> <ul><\/ul><\/div>\n<form action=\"\/de\/wp-json\/wp\/v2\/pages\/525#wpcf7-f5800-o1\" method=\"post\" class=\"wpcf7-form init\" aria-label=\"Kontakt-Formular\" novalidate=\"novalidate\" data-status=\"init\" data-trp-original-action=\"\/de\/wp-json\/wp\/v2\/pages\/525#wpcf7-f5800-o1\">\n<div style=\"display: none;\">\n<input type=\"hidden\" name=\"_wpcf7\" value=\"5800\" \/>\n<input type=\"hidden\" name=\"_wpcf7_version\" value=\"6.0.6\" \/>\n<input type=\"hidden\" name=\"_wpcf7_locale\" value=\"en_US\" \/>\n<input type=\"hidden\" name=\"_wpcf7_unit_tag\" value=\"wpcf7-f5800-o1\" \/>\n<input type=\"hidden\" name=\"_wpcf7_container_post\" value=\"0\" \/>\n<input type=\"hidden\" name=\"_wpcf7_posted_data_hash\" value=\"\" \/>\n<\/div>\n<div class=\"popmakerform\">\n\t<h3>Kostenloses Angebot erhalten\n\t<\/h3>\n\t<p>Lassen Sie uns gemeinsam an Ihrem Projekt per E-Mail arbeiten: <a href=\"mailto:info@hdcarmouredcable.com\" rel=\"nofollow\">info@hdcarmouredcable.com<\/a>\n\t<\/p>\n\t<p>Interessantes Produkt <span style=\"color:red;\">*<span><br \/>\n<span class=\"wpcf7-form-control-wrap\" data-name=\"item\"><input size=\"40\" maxlength=\"400\" class=\"wpcf7-form-control wpcf7-text\" id=\"item\" aria-invalid=\"false\" value=\"\" type=\"text\" name=\"item\" \/><\/span><\/span><\/span>\n\t<\/p>\n\t<p>Ihr Name <span style=\"color:red;\">*<span><br \/>\n<span class=\"wpcf7-form-control-wrap\" data-name=\"your-name\"><input size=\"40\" maxlength=\"400\" class=\"wpcf7-form-control wpcf7-text wpcf7-validates-as-required\" aria-required=\"true\" aria-invalid=\"false\" value=\"\" type=\"text\" name=\"your-name\" \/><\/span><\/span><\/span>\n\t<\/p>\n\t<p>Deine E-Mail <span style=\"color:red;\">*<span><br \/>\n<span class=\"wpcf7-form-control-wrap\" data-name=\"your-email\"><input size=\"40\" maxlength=\"400\" class=\"wpcf7-form-control wpcf7-email wpcf7-validates-as-required wpcf7-text wpcf7-validates-as-email\" aria-required=\"true\" aria-invalid=\"false\" value=\"\" type=\"email\" name=\"your-email\" \/><\/span><\/span><\/span>\n\t<\/p>\n\t<p>Ihre Telefonnummer (einschlie\u00dflich der Vorwahl)<br \/>\n<span class=\"wpcf7-form-control-wrap\" data-name=\"your-phone\"><input size=\"40\" maxlength=\"400\" class=\"wpcf7-form-control wpcf7-text\" aria-invalid=\"false\" value=\"\" type=\"text\" name=\"your-phone\" \/><\/span>\n\t<\/p>\n\t<p>Ihr Land<br \/>\n<span class=\"wpcf7-form-control-wrap\" data-name=\"your-country\"><input size=\"40\" maxlength=\"400\" class=\"wpcf7-form-control wpcf7-text\" aria-invalid=\"false\" value=\"\" type=\"text\" name=\"your-country\" \/><\/span>\n\t<\/p>\n\t<p>Detaillierte Anforderung <span style=\"color:red;\">*<span><br \/>\n<span class=\"wpcf7-form-control-wrap\" data-name=\"your-requirement\"><textarea cols=\"40\" rows=\"5\" maxlength=\"2000\" class=\"wpcf7-form-control wpcf7-textarea wpcf7-validates-as-required\" aria-required=\"true\" aria-invalid=\"false\" placeholder=\"F\u00fcr ein detailliertes Angebot, senden Sie uns bitte Ihre Anforderungen. *\" name=\"your-requirement\"><\/textarea><\/span><\/span><\/span>\n\t<\/p>\n\t<p><input class=\"wpcf7-form-control wpcf7-submit has-spinner\" type=\"submit\" value=\"Angebot einholen\" \/>\n\t<\/p>\n<\/div><input type='hidden' class='wpcf7-pum' value='{\"closepopup\":false,\"closedelay\":0,\"openpopup\":false,\"openpopup_id\":0}' \/><div class=\"wpcf7-response-output\" aria-hidden=\"true\"><\/div>\n<input type=\"hidden\" name=\"trp-form-language\" value=\"de\"\/><\/form>\n<\/div>\n\n<div class=\"su-lightbox-content su-u-trim\" id=\"popmake-form\" style=\"display:none;width:65%;min-width:none;max-width:600px;margin-top:40px;margin-bottom:40px;padding:20px;background:#FFFFFF;color:#333333;box-shadow:0px 0px 15px #333333;text-align:left\">\n<div class=\"wpcf7 no-js\" id=\"wpcf7-f5800-o2\" lang=\"en-US\" dir=\"ltr\" data-wpcf7-id=\"5800\">\n<div class=\"screen-reader-response\"><p role=\"status\" aria-live=\"polite\" aria-atomic=\"true\"><\/p> <ul><\/ul><\/div>\n<form action=\"\/de\/wp-json\/wp\/v2\/pages\/525#wpcf7-f5800-o2\" method=\"post\" class=\"wpcf7-form init\" aria-label=\"Kontakt-Formular\" novalidate=\"novalidate\" data-status=\"init\" data-trp-original-action=\"\/de\/wp-json\/wp\/v2\/pages\/525#wpcf7-f5800-o2\">\n<div style=\"display: none;\">\n<input type=\"hidden\" name=\"_wpcf7\" value=\"5800\" \/>\n<input type=\"hidden\" name=\"_wpcf7_version\" value=\"6.0.6\" \/>\n<input type=\"hidden\" name=\"_wpcf7_locale\" value=\"en_US\" \/>\n<input type=\"hidden\" name=\"_wpcf7_unit_tag\" value=\"wpcf7-f5800-o2\" \/>\n<input type=\"hidden\" name=\"_wpcf7_container_post\" value=\"0\" \/>\n<input type=\"hidden\" name=\"_wpcf7_posted_data_hash\" value=\"\" \/>\n<\/div>\n<div class=\"popmakerform\">\n\t<h3>Kostenloses Angebot erhalten\n\t<\/h3>\n\t<p>Lassen Sie uns gemeinsam an Ihrem Projekt per E-Mail arbeiten: <a href=\"mailto:info@hdcarmouredcable.com\" rel=\"nofollow\">info@hdcarmouredcable.com<\/a>\n\t<\/p>\n\t<p>Interessantes Produkt <span style=\"color:red;\">*<span><br \/>\n<span class=\"wpcf7-form-control-wrap\" data-name=\"item\"><input size=\"40\" maxlength=\"400\" class=\"wpcf7-form-control wpcf7-text\" aria-invalid=\"false\" value=\"\" type=\"text\" name=\"item\" \/><\/span><\/span><\/span>\n\t<\/p>\n\t<p>Ihr Name <span style=\"color:red;\">*<span><br \/>\n<span class=\"wpcf7-form-control-wrap\" data-name=\"your-name\"><input size=\"40\" maxlength=\"400\" class=\"wpcf7-form-control wpcf7-text wpcf7-validates-as-required\" aria-required=\"true\" aria-invalid=\"false\" value=\"\" type=\"text\" name=\"your-name\" \/><\/span><\/span><\/span>\n\t<\/p>\n\t<p>Deine E-Mail <span style=\"color:red;\">*<span><br \/>\n<span class=\"wpcf7-form-control-wrap\" data-name=\"your-email\"><input size=\"40\" maxlength=\"400\" class=\"wpcf7-form-control wpcf7-email wpcf7-validates-as-required wpcf7-text wpcf7-validates-as-email\" aria-required=\"true\" aria-invalid=\"false\" value=\"\" type=\"email\" name=\"your-email\" \/><\/span><\/span><\/span>\n\t<\/p>\n\t<p>Ihre Telefonnummer (einschlie\u00dflich der Vorwahl)<br \/>\n<span class=\"wpcf7-form-control-wrap\" data-name=\"your-phone\"><input size=\"40\" maxlength=\"400\" class=\"wpcf7-form-control wpcf7-text\" aria-invalid=\"false\" value=\"\" type=\"text\" name=\"your-phone\" \/><\/span>\n\t<\/p>\n\t<p>Ihr Land<br \/>\n<span class=\"wpcf7-form-control-wrap\" data-name=\"your-country\"><input size=\"40\" maxlength=\"400\" class=\"wpcf7-form-control wpcf7-text\" aria-invalid=\"false\" value=\"\" type=\"text\" name=\"your-country\" \/><\/span>\n\t<\/p>\n\t<p>Detaillierte Anforderung <span style=\"color:red;\">*<span><br \/>\n<span class=\"wpcf7-form-control-wrap\" data-name=\"your-requirement\"><textarea cols=\"40\" rows=\"5\" maxlength=\"2000\" class=\"wpcf7-form-control wpcf7-textarea wpcf7-validates-as-required\" aria-required=\"true\" aria-invalid=\"false\" placeholder=\"F\u00fcr ein detailliertes Angebot, senden Sie uns bitte Ihre Anforderungen. *\" name=\"your-requirement\"><\/textarea><\/span><\/span><\/span>\n\t<\/p>\n\t<p><input class=\"wpcf7-form-control wpcf7-submit has-spinner\" type=\"submit\" value=\"Angebot einholen\" \/>\n\t<\/p>\n<\/div><input type='hidden' class='wpcf7-pum' value='{\"closepopup\":false,\"closedelay\":0,\"openpopup\":false,\"openpopup_id\":0}' \/><div class=\"wpcf7-response-output\" aria-hidden=\"true\"><\/div>\n<input type=\"hidden\" name=\"trp-form-language\" value=\"de\"\/><\/form>\n<\/div>\n<\/div>","protected":false},"excerpt":{"rendered":"<p>Wodurch zeichnet sich das 35-mm-3-adrige swa-Kabel aus? Das 35 mm 3-adrige SWA-Kabel ist eine Art von armiertem Kabel. Es besteht aus Aluminium- oder Kupferleitern, XLPE- oder PVC-Isolierung, PVC-Bettung, SWA-Panzerschicht und PVC-Mantel. Inzwischen ist das 35mm 3 core swa Kabel auch bekannt als wegen ... <a class=\"read-more\" href=\"https:\/\/hdcarmouredcable.com\/de\/35mm-3-adriges-swa-kabel\/\">Weiterlesen ...<\/a><\/p>","protected":false},"author":1,"featured_media":551,"parent":0,"menu_order":0,"comment_status":"closed","ping_status":"closed","template":"","meta":{"_joinchat":[],"footnotes":""},"class_list":["post-525","page","type-page","status-publish","has-post-thumbnail"],"yoast_head":"<!-- This site is optimized with the Yoast SEO plugin v25.1 - https:\/\/yoast.com\/wordpress\/plugins\/seo\/ -->\n<title>35mm 3 core swa armoured cable sale at lowest- Huadong Cable Supplier<\/title>\n<meta name=\"description\" content=\"Professional 35mm 3 core armoured cable manufacturer. Lowest price, and can customize all kinds of 35mm 3 core swa cable sizes. Get Quote Now!\" \/>\n<meta name=\"robots\" content=\"index, follow, max-snippet:-1, max-image-preview:large, max-video-preview:-1\" \/>\n<link rel=\"canonical\" href=\"https:\/\/hdcarmouredcable.com\/de\/35mm-3-adriges-swa-kabel\/\" \/>\n<meta property=\"og:locale\" content=\"de_DE\" \/>\n<meta property=\"og:type\" content=\"article\" \/>\n<meta property=\"og:title\" content=\"35mm 3 core swa armoured cable sale at lowest- Huadong Cable Supplier\" \/>\n<meta property=\"og:description\" content=\"Professional 35mm 3 core armoured cable manufacturer. Lowest price, and can customize all kinds of 35mm 3 core swa cable sizes. Get Quote Now!\" \/>\n<meta property=\"og:url\" content=\"https:\/\/hdcarmouredcable.com\/de\/35mm-3-adriges-swa-kabel\/\" \/>\n<meta property=\"og:site_name\" content=\"Huadong Armoured Cable Group\" \/>\n<meta property=\"article:publisher\" content=\"https:\/\/www.facebook.com\/lily.ding.52\" \/>\n<meta property=\"article:modified_time\" content=\"2023-07-21T09:19:18+00:00\" \/>\n<meta property=\"og:image\" content=\"https:\/\/hdcarmouredcable.com\/wp-content\/uploads\/2018\/07\/35mm-3-core-swa.jpg\" \/>\n\t<meta property=\"og:image:width\" content=\"250\" \/>\n\t<meta property=\"og:image:height\" content=\"250\" \/>\n\t<meta property=\"og:image:type\" content=\"image\/jpeg\" \/>\n<meta name=\"twitter:card\" content=\"summary_large_image\" \/>\n<meta name=\"twitter:label1\" content=\"Gesch\u00e4tzte Lesezeit\" \/>\n\t<meta name=\"twitter:data1\" content=\"4\u00a0Minuten\" \/>\n<script type=\"application\/ld+json\" class=\"yoast-schema-graph\">{\"@context\":\"https:\/\/schema.org\",\"@graph\":[{\"@type\":\"WebPage\",\"@id\":\"https:\/\/hdcarmouredcable.com\/35mm-3-core-swa-cable\/\",\"url\":\"https:\/\/hdcarmouredcable.com\/35mm-3-core-swa-cable\/\",\"name\":\"35mm 3 core swa armoured cable sale at lowest- Huadong Cable Supplier\",\"isPartOf\":{\"@id\":\"https:\/\/hdcarmouredcable.com\/#website\"},\"primaryImageOfPage\":{\"@id\":\"https:\/\/hdcarmouredcable.com\/35mm-3-core-swa-cable\/#primaryimage\"},\"image\":{\"@id\":\"https:\/\/hdcarmouredcable.com\/35mm-3-core-swa-cable\/#primaryimage\"},\"thumbnailUrl\":\"https:\/\/hdcarmouredcable.com\/wp-content\/uploads\/2018\/07\/35mm-3-core-swa.jpg\",\"datePublished\":\"2018-07-25T06:12:44+00:00\",\"dateModified\":\"2023-07-21T09:19:18+00:00\",\"description\":\"Professional 35mm 3 core armoured cable manufacturer. Lowest price, and can customize all kinds of 35mm 3 core swa cable sizes. Get Quote Now!\",\"inLanguage\":\"de\",\"potentialAction\":[{\"@type\":\"ReadAction\",\"target\":[\"https:\/\/hdcarmouredcable.com\/35mm-3-core-swa-cable\/\"]}]},{\"@type\":\"ImageObject\",\"inLanguage\":\"de\",\"@id\":\"https:\/\/hdcarmouredcable.com\/35mm-3-core-swa-cable\/#primaryimage\",\"url\":\"https:\/\/hdcarmouredcable.com\/wp-content\/uploads\/2018\/07\/35mm-3-core-swa.jpg\",\"contentUrl\":\"https:\/\/hdcarmouredcable.com\/wp-content\/uploads\/2018\/07\/35mm-3-core-swa.jpg\",\"width\":250,\"height\":250,\"caption\":\"35mm swa 3 core\"},{\"@type\":\"WebSite\",\"@id\":\"https:\/\/hdcarmouredcable.com\/#website\",\"url\":\"https:\/\/hdcarmouredcable.com\/\",\"name\":\"Huadong Armoured Cable Group\",\"description\":\"professional steel wire armoured cable manufacturer\",\"publisher\":{\"@id\":\"https:\/\/hdcarmouredcable.com\/#organization\"},\"potentialAction\":[{\"@type\":\"SearchAction\",\"target\":{\"@type\":\"EntryPoint\",\"urlTemplate\":\"https:\/\/hdcarmouredcable.com\/?s={search_term_string}\"},\"query-input\":{\"@type\":\"PropertyValueSpecification\",\"valueRequired\":true,\"valueName\":\"search_term_string\"}}],\"inLanguage\":\"de\"},{\"@type\":\"Organization\",\"@id\":\"https:\/\/hdcarmouredcable.com\/#organization\",\"name\":\"Huadong Cable Group\",\"url\":\"https:\/\/hdcarmouredcable.com\/\",\"logo\":{\"@type\":\"ImageObject\",\"inLanguage\":\"de\",\"@id\":\"https:\/\/hdcarmouredcable.com\/#\/schema\/logo\/image\/\",\"url\":\"https:\/\/hdcarmouredcable.com\/wp-content\/uploads\/2022\/07\/Huadong-log.png\",\"contentUrl\":\"https:\/\/hdcarmouredcable.com\/wp-content\/uploads\/2022\/07\/Huadong-log.png\",\"width\":860,\"height\":860,\"caption\":\"Huadong Cable Group\"},\"image\":{\"@id\":\"https:\/\/hdcarmouredcable.com\/#\/schema\/logo\/image\/\"},\"sameAs\":[\"https:\/\/www.facebook.com\/lily.ding.52\",\"https:\/\/www.linkedin.com\/in\/lilyxlpecable\/\"]}]}<\/script>\n<!-- \/ Yoast SEO plugin. -->","yoast_head_json":{"title":"35mm 3 Kern swa armiertes Kabel Verkauf zu niedrigsten Preisen- Huadong Cable Supplier","description":"Professionelle 35mm 3 Kern gepanzerte Kabel Hersteller. Niedrigster Preis, und kann alle Arten von 35mm 3 Kern swa Kabelgr\u00f6\u00dfen anpassen. Angebot jetzt erhalten!","robots":{"index":"index","follow":"follow","max-snippet":"max-snippet:-1","max-image-preview":"max-image-preview:large","max-video-preview":"max-video-preview:-1"},"canonical":"https:\/\/hdcarmouredcable.com\/de\/35mm-3-adriges-swa-kabel\/","og_locale":"de_DE","og_type":"article","og_title":"35mm 3 core swa armoured cable sale at lowest- Huadong Cable Supplier","og_description":"Professional 35mm 3 core armoured cable manufacturer. Lowest price, and can customize all kinds of 35mm 3 core swa cable sizes. Get Quote Now!","og_url":"https:\/\/hdcarmouredcable.com\/de\/35mm-3-adriges-swa-kabel\/","og_site_name":"Huadong Armoured Cable Group","article_publisher":"https:\/\/www.facebook.com\/lily.ding.52","article_modified_time":"2023-07-21T09:19:18+00:00","og_image":[{"width":250,"height":250,"url":"https:\/\/hdcarmouredcable.com\/wp-content\/uploads\/2018\/07\/35mm-3-core-swa.jpg","type":"image\/jpeg"}],"twitter_card":"summary_large_image","twitter_misc":{"Gesch\u00e4tzte Lesezeit":"4\u00a0Minuten"},"schema":{"@context":"https:\/\/schema.org","@graph":[{"@type":"WebPage","@id":"https:\/\/hdcarmouredcable.com\/35mm-3-core-swa-cable\/","url":"https:\/\/hdcarmouredcable.com\/35mm-3-core-swa-cable\/","name":"35mm 3 Kern swa armiertes Kabel Verkauf zu niedrigsten Preisen- Huadong Cable Supplier","isPartOf":{"@id":"https:\/\/hdcarmouredcable.com\/#website"},"primaryImageOfPage":{"@id":"https:\/\/hdcarmouredcable.com\/35mm-3-core-swa-cable\/#primaryimage"},"image":{"@id":"https:\/\/hdcarmouredcable.com\/35mm-3-core-swa-cable\/#primaryimage"},"thumbnailUrl":"https:\/\/hdcarmouredcable.com\/wp-content\/uploads\/2018\/07\/35mm-3-core-swa.jpg","datePublished":"2018-07-25T06:12:44+00:00","dateModified":"2023-07-21T09:19:18+00:00","description":"Professionelle 35mm 3 Kern gepanzerte Kabel Hersteller. Niedrigster Preis, und kann alle Arten von 35mm 3 Kern swa Kabelgr\u00f6\u00dfen anpassen. Angebot jetzt erhalten!","inLanguage":"de","potentialAction":[{"@type":"ReadAction","target":["https:\/\/hdcarmouredcable.com\/35mm-3-core-swa-cable\/"]}]},{"@type":"ImageObject","inLanguage":"de","@id":"https:\/\/hdcarmouredcable.com\/35mm-3-core-swa-cable\/#primaryimage","url":"https:\/\/hdcarmouredcable.com\/wp-content\/uploads\/2018\/07\/35mm-3-core-swa.jpg","contentUrl":"https:\/\/hdcarmouredcable.com\/wp-content\/uploads\/2018\/07\/35mm-3-core-swa.jpg","width":250,"height":250,"caption":"35mm swa 3 core"},{"@type":"WebSite","@id":"https:\/\/hdcarmouredcable.com\/#website","url":"https:\/\/hdcarmouredcable.com\/","name":"Huadong Armoured Cable Gruppe","description":"professioneller Hersteller von Stahldraht-Panzerkabel","publisher":{"@id":"https:\/\/hdcarmouredcable.com\/#organization"},"potentialAction":[{"@type":"SearchAction","target":{"@type":"EntryPoint","urlTemplate":"https:\/\/hdcarmouredcable.com\/?s={search_term_string}"},"query-input":{"@type":"PropertyValueSpecification","valueRequired":true,"valueName":"search_term_string"}}],"inLanguage":"de"},{"@type":"Organization","@id":"https:\/\/hdcarmouredcable.com\/#organization","name":"Huadong Kabel Gruppe","url":"https:\/\/hdcarmouredcable.com\/","logo":{"@type":"ImageObject","inLanguage":"de","@id":"https:\/\/hdcarmouredcable.com\/#\/schema\/logo\/image\/","url":"https:\/\/hdcarmouredcable.com\/wp-content\/uploads\/2022\/07\/Huadong-log.png","contentUrl":"https:\/\/hdcarmouredcable.com\/wp-content\/uploads\/2022\/07\/Huadong-log.png","width":860,"height":860,"caption":"Huadong Cable Group"},"image":{"@id":"https:\/\/hdcarmouredcable.com\/#\/schema\/logo\/image\/"},"sameAs":["https:\/\/www.facebook.com\/lily.ding.52","https:\/\/www.linkedin.com\/in\/lilyxlpecable\/"]}]}},"amp_enabled":true,"_links":{"self":[{"href":"https:\/\/hdcarmouredcable.com\/de\/wp-json\/wp\/v2\/pages\/525","targetHints":{"allow":["GET"]}}],"collection":[{"href":"https:\/\/hdcarmouredcable.com\/de\/wp-json\/wp\/v2\/pages"}],"about":[{"href":"https:\/\/hdcarmouredcable.com\/de\/wp-json\/wp\/v2\/types\/page"}],"author":[{"embeddable":true,"href":"https:\/\/hdcarmouredcable.com\/de\/wp-json\/wp\/v2\/users\/1"}],"replies":[{"embeddable":true,"href":"https:\/\/hdcarmouredcable.com\/de\/wp-json\/wp\/v2\/comments?post=525"}],"version-history":[{"count":13,"href":"https:\/\/hdcarmouredcable.com\/de\/wp-json\/wp\/v2\/pages\/525\/revisions"}],"predecessor-version":[{"id":9465,"href":"https:\/\/hdcarmouredcable.com\/de\/wp-json\/wp\/v2\/pages\/525\/revisions\/9465"}],"wp:featuredmedia":[{"embeddable":true,"href":"https:\/\/hdcarmouredcable.com\/de\/wp-json\/wp\/v2\/media\/551"}],"wp:attachment":[{"href":"https:\/\/hdcarmouredcable.com\/de\/wp-json\/wp\/v2\/media?parent=525"}],"curies":[{"name":"wp","href":"https:\/\/api.w.org\/{rel}","templated":true}]}}