{"id":6902,"date":"2022-08-08T17:03:54","date_gmt":"2022-08-08T09:03:54","guid":{"rendered":"https:\/\/hdcarmouredcable.com\/?page_id=6902"},"modified":"2023-07-25T15:42:16","modified_gmt":"2023-07-25T07:42:16","slug":"a216314-wireline-1l18-cable","status":"publish","type":"page","link":"https:\/\/hdcarmouredcable.com\/de\/a216314-drahtgebundenes-1l18-kabel\/","title":{"rendered":"Drahtleitung 8,03 mm A216314 3\/16\" (4,70 mm) Monokabel 1L18"},"content":{"rendered":"<h2>Anwendung von Drahtseilen 8,03 mm A216314 3\/16\" (4,70 mm) Monokabel 1L18<\/h2>\n<p>Das Drahtseil 8.03mm A216314 3\/16\" (4.70 mm) Monokabel 1L18 wird nicht nur f\u00fcr die Bohrlocherfassung, Perforierung und Entkernung von verschiedenen Arten von \u00d6l- und Gasbohrungen verwendet, sondern auch f\u00fcr die Untersuchung von Ozeanen, Fl\u00fcssen, Buchten, hydrologischen und geologischen Messungen, die Erkundung von Kohlefeldern und die geothermische Bohrlocherfassung.<\/p>\n<h2>A216314 3\/16\" (4,70 mm) Monokabel 1L18 EIGENSCHAFTEN<\/h2>\n<table class=\"catalogDefinitions\" width=\"100%\">\n<tbody>\n<tr>\n<td width=\"33%\">Kabel-Durchmesser:<\/td>\n<td width=\"33%\">0.185\" +0.004\" -0.002\"<\/td>\n<td width=\"33%\">(4,70mm + 0,10mm -0,05mm)<\/td>\n<\/tr>\n<tr>\n<td>Minimaler Scheibendurchmesser:<\/td>\n<td>14\"<\/td>\n<td>(36 cm)<\/td>\n<\/tr>\n<tr>\n<td>Kabeldehnungskoeffizient:<\/td>\n<td>3,0 ft\/Kft\/Klbs<\/td>\n<td>(3,37 m\/Km\/5KN)<\/td>\n<\/tr>\n<\/tbody>\n<\/table>\n<h2>ELEKTRISCH:<\/h2>\n<table class=\"catalogDefinitions\" width=\"100%\">\n<tbody>\n<tr>\n<td width=\"33%\">Maximale Leiterspannung:<\/td>\n<td width=\"33%\">1.000 VDC<\/td>\n<td width=\"33%\"><\/td>\n<\/tr>\n<tr>\n<td>Leiter AWG Rating:<\/td>\n<td>20<\/td>\n<td><\/td>\n<\/tr>\n<tr>\n<td>Mindest-Isolationswiderstand:<\/td>\n<td>1.500 Mega\u03a9\/Kft @ 1000VDC<\/td>\n<td>(457 Mega\u03a9\/Km @ 1000VDC)<\/td>\n<\/tr>\n<tr>\n<td>Elektrischer Widerstand der R\u00fcstung:<\/td>\n<td>6,0 \u03a9\/Kft<\/td>\n<td>(19,7 \u03a9\/Km)<\/td>\n<\/tr>\n<\/tbody>\n<\/table>\n<h2>MECHANISCH:<\/h2>\n<table class=\"catalogDefinitions\" width=\"100%\">\n<tbody>\n<tr>\n<td colspan=\"3\">Kabel-Bruchfestigkeit:<\/td>\n<\/tr>\n<tr>\n<td class=\"indent\" width=\"33%\">Endet fest:<\/td>\n<td width=\"33%\">4.000 Pfund<\/td>\n<td width=\"33%\">(17,8 KN) Nennwert<\/td>\n<\/tr>\n<tr>\n<td>Maximal empfohlene Arbeitsspannung:<\/td>\n<td>2.000 Pfund<\/td>\n<td>(8,9 KN) Nennwert<\/td>\n<\/tr>\n<tr>\n<td colspan=\"3\">Anzahl und Gr\u00f6\u00dfe der Dr\u00e4hte:<\/td>\n<\/tr>\n<tr>\n<td class=\"indent\">Innere R\u00fcstung<\/td>\n<td>12 x 0.0220\"<\/td>\n<td>(0,559 mm)<\/td>\n<\/tr>\n<tr>\n<td class=\"indent\">\u00c4u\u00dfere R\u00fcstung<\/td>\n<td>12 x 0.0358\"<\/td>\n<td>(0,909 mm)<\/td>\n<\/tr>\n<tr>\n<td colspan=\"3\">Durchschnittliche Draht-Bruchfestigkeit:<\/td>\n<\/tr>\n<tr>\n<td class=\"indent\">Innere R\u00fcstung<\/td>\n<td>103 Pfund<\/td>\n<td>(0,46 KN)<\/td>\n<\/tr>\n<tr>\n<td class=\"indent\">\u00c4u\u00dfere R\u00fcstung<\/td>\n<td>272 lbs<\/td>\n<td>(1.21 KN)<\/td>\n<\/tr>\n<\/tbody>\n<\/table>\n<div class=\"row prodetails\">\n<div class=\"col-lg-6 col-md-12 col-xs-12 col-sm-12\">\n<h2>Beschreibung<\/h2>\n<p>Leiter: 1.73mm, 0.068Inch<br \/>\n#14 AWG, 19\/0,0142\u2033 (0,36mm) BC<br \/>\nIsolierung: 3.86mm, 0.152Inch<br \/>\n0,042\u2033 (1,07mm) Wand EPC<br \/>\nARMOR: Galv. HS-Stahl<br \/>\ninnen: 12\/0.044\u2033 (1.12mm) 5.79 0.228<br \/>\nAu\u00dfen: 18\/0,044\u2033 (1,12mm) 8,03 0,316<\/p>\n<\/div>\n<div class=\"col-lg-6 col-md-12 col-xs-12 col-sm-12\">\n<p><img loading=\"lazy\" decoding=\"async\" class=\"aligncenter size-full wp-image-6907\" src=\"https:\/\/hdcarmouredcable.com\/wp-content\/uploads\/2022\/08\/8.03mm-wireline-14awg-logging-cable.jpg\" alt=\"\" width=\"626\" height=\"406\" srcset=\"https:\/\/hdcarmouredcable.com\/wp-content\/uploads\/2022\/08\/8.03mm-wireline-14awg-logging-cable.jpg 626w, https:\/\/hdcarmouredcable.com\/wp-content\/uploads\/2022\/08\/8.03mm-wireline-14awg-logging-cable-300x195.jpg 300w, https:\/\/hdcarmouredcable.com\/wp-content\/uploads\/2022\/08\/8.03mm-wireline-14awg-logging-cable-600x389.jpg 600w\" sizes=\"auto, (max-width: 626px) 100vw, 626px\" \/><\/p>\n<\/div>\n<\/div>\n<p>&nbsp;<\/p>","protected":false},"excerpt":{"rendered":"<p>Application of Wireline 8.03mm A216314 3\/16\u201d (4.70 mm) Monoconductor 1L18 The Wireline 8.03mm A216314 3\/16\u201d (4.70 mm) Monoconductor 1L18 is not only used for operation of well logging, perforating, and coring for various types of oil and gas wells but also used for the investigation of the oceans, rivers, bays, hydrological, measuring, coalfield geological prospecting &#8230; <a class=\"read-more\" href=\"https:\/\/hdcarmouredcable.com\/de\/a216314-drahtgebundenes-1l18-kabel\/\">Weiterlesen ...<\/a><\/p>","protected":false},"author":1,"featured_media":0,"parent":0,"menu_order":0,"comment_status":"closed","ping_status":"closed","template":"","meta":{"_joinchat":[],"footnotes":""},"class_list":["post-6902","page","type-page","status-publish"],"yoast_head":"<!-- This site is optimized with the Yoast SEO plugin v25.1 - https:\/\/yoast.com\/wordpress\/plugins\/seo\/ -->\n<title>Wireline 8.03mm A216314 3\/16\u201d (4.70 mm) Monoconductor 1L18 Cable - Huadong Armoured Cable Group<\/title>\n<meta name=\"robots\" content=\"index, follow, max-snippet:-1, max-image-preview:large, max-video-preview:-1\" \/>\n<link rel=\"canonical\" href=\"https:\/\/hdcarmouredcable.com\/de\/a216314-drahtgebundenes-1l18-kabel\/\" \/>\n<meta property=\"og:locale\" content=\"de_DE\" \/>\n<meta property=\"og:type\" content=\"article\" \/>\n<meta property=\"og:title\" content=\"Wireline 8.03mm A216314 3\/16\u201d (4.70 mm) Monoconductor 1L18 Cable - Huadong Armoured Cable Group\" \/>\n<meta property=\"og:description\" content=\"Application of Wireline 8.03mm A216314 3\/16\u201d (4.70 mm) Monoconductor 1L18 The Wireline 8.03mm A216314 3\/16\u201d (4.70 mm) Monoconductor 1L18 is not only used for operation of well logging, perforating, and coring for various types of oil and gas wells but also used for the investigation of the oceans, rivers, bays, hydrological, measuring, coalfield geological prospecting ... Weiterlesen ...\" \/>\n<meta property=\"og:url\" content=\"https:\/\/hdcarmouredcable.com\/de\/a216314-drahtgebundenes-1l18-kabel\/\" \/>\n<meta property=\"og:site_name\" content=\"Huadong Armoured Cable Group\" \/>\n<meta property=\"article:publisher\" content=\"https:\/\/www.facebook.com\/lily.ding.52\" \/>\n<meta property=\"article:modified_time\" content=\"2023-07-25T07:42:16+00:00\" \/>\n<meta property=\"og:image\" content=\"https:\/\/hdcarmouredcable.com\/wp-content\/uploads\/2022\/08\/8.03mm-wireline-14awg-logging-cable.jpg\" \/>\n<meta name=\"twitter:card\" content=\"summary_large_image\" \/>\n<meta name=\"twitter:label1\" content=\"Gesch\u00e4tzte Lesezeit\" \/>\n\t<meta name=\"twitter:data1\" content=\"2\u00a0Minuten\" \/>\n<script type=\"application\/ld+json\" class=\"yoast-schema-graph\">{\"@context\":\"https:\/\/schema.org\",\"@graph\":[{\"@type\":\"WebPage\",\"@id\":\"https:\/\/hdcarmouredcable.com\/a216314-wireline-1l18-cable\/\",\"url\":\"https:\/\/hdcarmouredcable.com\/a216314-wireline-1l18-cable\/\",\"name\":\"Wireline 8.03mm A216314 3\/16\u201d (4.70 mm) Monoconductor 1L18 Cable - Huadong Armoured Cable Group\",\"isPartOf\":{\"@id\":\"https:\/\/hdcarmouredcable.com\/#website\"},\"primaryImageOfPage\":{\"@id\":\"https:\/\/hdcarmouredcable.com\/a216314-wireline-1l18-cable\/#primaryimage\"},\"image\":{\"@id\":\"https:\/\/hdcarmouredcable.com\/a216314-wireline-1l18-cable\/#primaryimage\"},\"thumbnailUrl\":\"https:\/\/hdcarmouredcable.com\/wp-content\/uploads\/2022\/08\/8.03mm-wireline-14awg-logging-cable.jpg\",\"datePublished\":\"2022-08-08T09:03:54+00:00\",\"dateModified\":\"2023-07-25T07:42:16+00:00\",\"inLanguage\":\"de\",\"potentialAction\":[{\"@type\":\"ReadAction\",\"target\":[\"https:\/\/hdcarmouredcable.com\/a216314-wireline-1l18-cable\/\"]}]},{\"@type\":\"ImageObject\",\"inLanguage\":\"de\",\"@id\":\"https:\/\/hdcarmouredcable.com\/a216314-wireline-1l18-cable\/#primaryimage\",\"url\":\"https:\/\/hdcarmouredcable.com\/wp-content\/uploads\/2022\/08\/8.03mm-wireline-14awg-logging-cable.jpg\",\"contentUrl\":\"https:\/\/hdcarmouredcable.com\/wp-content\/uploads\/2022\/08\/8.03mm-wireline-14awg-logging-cable.jpg\"},{\"@type\":\"WebSite\",\"@id\":\"https:\/\/hdcarmouredcable.com\/#website\",\"url\":\"https:\/\/hdcarmouredcable.com\/\",\"name\":\"Huadong Armoured Cable Group\",\"description\":\"professional steel wire armoured cable manufacturer\",\"publisher\":{\"@id\":\"https:\/\/hdcarmouredcable.com\/#organization\"},\"potentialAction\":[{\"@type\":\"SearchAction\",\"target\":{\"@type\":\"EntryPoint\",\"urlTemplate\":\"https:\/\/hdcarmouredcable.com\/?s={search_term_string}\"},\"query-input\":{\"@type\":\"PropertyValueSpecification\",\"valueRequired\":true,\"valueName\":\"search_term_string\"}}],\"inLanguage\":\"de\"},{\"@type\":\"Organization\",\"@id\":\"https:\/\/hdcarmouredcable.com\/#organization\",\"name\":\"Huadong Cable Group\",\"url\":\"https:\/\/hdcarmouredcable.com\/\",\"logo\":{\"@type\":\"ImageObject\",\"inLanguage\":\"de\",\"@id\":\"https:\/\/hdcarmouredcable.com\/#\/schema\/logo\/image\/\",\"url\":\"https:\/\/hdcarmouredcable.com\/wp-content\/uploads\/2022\/07\/Huadong-log.png\",\"contentUrl\":\"https:\/\/hdcarmouredcable.com\/wp-content\/uploads\/2022\/07\/Huadong-log.png\",\"width\":860,\"height\":860,\"caption\":\"Huadong Cable Group\"},\"image\":{\"@id\":\"https:\/\/hdcarmouredcable.com\/#\/schema\/logo\/image\/\"},\"sameAs\":[\"https:\/\/www.facebook.com\/lily.ding.52\",\"https:\/\/www.linkedin.com\/in\/lilyxlpecable\/\"]}]}<\/script>\n<!-- \/ Yoast SEO plugin. -->","yoast_head_json":{"title":"Drahtleitung 8.03mm A216314 3\/16\" (4.70 mm) Monokabel 1L18 - Huadong Panzerkabel Gruppe","robots":{"index":"index","follow":"follow","max-snippet":"max-snippet:-1","max-image-preview":"max-image-preview:large","max-video-preview":"max-video-preview:-1"},"canonical":"https:\/\/hdcarmouredcable.com\/de\/a216314-drahtgebundenes-1l18-kabel\/","og_locale":"de_DE","og_type":"article","og_title":"Wireline 8.03mm A216314 3\/16\u201d (4.70 mm) Monoconductor 1L18 Cable - Huadong Armoured Cable Group","og_description":"Application of Wireline 8.03mm A216314 3\/16\u201d (4.70 mm) Monoconductor 1L18 The Wireline 8.03mm A216314 3\/16\u201d (4.70 mm) Monoconductor 1L18 is not only used for operation of well logging, perforating, and coring for various types of oil and gas wells but also used for the investigation of the oceans, rivers, bays, hydrological, measuring, coalfield geological prospecting ... Weiterlesen ...","og_url":"https:\/\/hdcarmouredcable.com\/de\/a216314-drahtgebundenes-1l18-kabel\/","og_site_name":"Huadong Armoured Cable Group","article_publisher":"https:\/\/www.facebook.com\/lily.ding.52","article_modified_time":"2023-07-25T07:42:16+00:00","og_image":[{"url":"https:\/\/hdcarmouredcable.com\/wp-content\/uploads\/2022\/08\/8.03mm-wireline-14awg-logging-cable.jpg","type":"","width":"","height":""}],"twitter_card":"summary_large_image","twitter_misc":{"Gesch\u00e4tzte Lesezeit":"2\u00a0Minuten"},"schema":{"@context":"https:\/\/schema.org","@graph":[{"@type":"WebPage","@id":"https:\/\/hdcarmouredcable.com\/a216314-wireline-1l18-cable\/","url":"https:\/\/hdcarmouredcable.com\/a216314-wireline-1l18-cable\/","name":"Drahtleitung 8.03mm A216314 3\/16\" (4.70 mm) Monokabel 1L18 - Huadong Panzerkabel Gruppe","isPartOf":{"@id":"https:\/\/hdcarmouredcable.com\/#website"},"primaryImageOfPage":{"@id":"https:\/\/hdcarmouredcable.com\/a216314-wireline-1l18-cable\/#primaryimage"},"image":{"@id":"https:\/\/hdcarmouredcable.com\/a216314-wireline-1l18-cable\/#primaryimage"},"thumbnailUrl":"https:\/\/hdcarmouredcable.com\/wp-content\/uploads\/2022\/08\/8.03mm-wireline-14awg-logging-cable.jpg","datePublished":"2022-08-08T09:03:54+00:00","dateModified":"2023-07-25T07:42:16+00:00","inLanguage":"de","potentialAction":[{"@type":"ReadAction","target":["https:\/\/hdcarmouredcable.com\/a216314-wireline-1l18-cable\/"]}]},{"@type":"ImageObject","inLanguage":"de","@id":"https:\/\/hdcarmouredcable.com\/a216314-wireline-1l18-cable\/#primaryimage","url":"https:\/\/hdcarmouredcable.com\/wp-content\/uploads\/2022\/08\/8.03mm-wireline-14awg-logging-cable.jpg","contentUrl":"https:\/\/hdcarmouredcable.com\/wp-content\/uploads\/2022\/08\/8.03mm-wireline-14awg-logging-cable.jpg"},{"@type":"WebSite","@id":"https:\/\/hdcarmouredcable.com\/#website","url":"https:\/\/hdcarmouredcable.com\/","name":"Huadong Armoured Cable Gruppe","description":"professioneller Hersteller von Stahldraht-Panzerkabel","publisher":{"@id":"https:\/\/hdcarmouredcable.com\/#organization"},"potentialAction":[{"@type":"SearchAction","target":{"@type":"EntryPoint","urlTemplate":"https:\/\/hdcarmouredcable.com\/?s={search_term_string}"},"query-input":{"@type":"PropertyValueSpecification","valueRequired":true,"valueName":"search_term_string"}}],"inLanguage":"de"},{"@type":"Organization","@id":"https:\/\/hdcarmouredcable.com\/#organization","name":"Huadong Kabel Gruppe","url":"https:\/\/hdcarmouredcable.com\/","logo":{"@type":"ImageObject","inLanguage":"de","@id":"https:\/\/hdcarmouredcable.com\/#\/schema\/logo\/image\/","url":"https:\/\/hdcarmouredcable.com\/wp-content\/uploads\/2022\/07\/Huadong-log.png","contentUrl":"https:\/\/hdcarmouredcable.com\/wp-content\/uploads\/2022\/07\/Huadong-log.png","width":860,"height":860,"caption":"Huadong Cable Group"},"image":{"@id":"https:\/\/hdcarmouredcable.com\/#\/schema\/logo\/image\/"},"sameAs":["https:\/\/www.facebook.com\/lily.ding.52","https:\/\/www.linkedin.com\/in\/lilyxlpecable\/"]}]}},"amp_enabled":true,"_links":{"self":[{"href":"https:\/\/hdcarmouredcable.com\/de\/wp-json\/wp\/v2\/pages\/6902","targetHints":{"allow":["GET"]}}],"collection":[{"href":"https:\/\/hdcarmouredcable.com\/de\/wp-json\/wp\/v2\/pages"}],"about":[{"href":"https:\/\/hdcarmouredcable.com\/de\/wp-json\/wp\/v2\/types\/page"}],"author":[{"embeddable":true,"href":"https:\/\/hdcarmouredcable.com\/de\/wp-json\/wp\/v2\/users\/1"}],"replies":[{"embeddable":true,"href":"https:\/\/hdcarmouredcable.com\/de\/wp-json\/wp\/v2\/comments?post=6902"}],"version-history":[{"count":7,"href":"https:\/\/hdcarmouredcable.com\/de\/wp-json\/wp\/v2\/pages\/6902\/revisions"}],"predecessor-version":[{"id":9572,"href":"https:\/\/hdcarmouredcable.com\/de\/wp-json\/wp\/v2\/pages\/6902\/revisions\/9572"}],"wp:attachment":[{"href":"https:\/\/hdcarmouredcable.com\/de\/wp-json\/wp\/v2\/media?parent=6902"}],"curies":[{"name":"wp","href":"https:\/\/api.w.org\/{rel}","templated":true}]}}