{"id":898,"date":"2018-09-06T17:26:42","date_gmt":"2018-09-06T09:26:42","guid":{"rendered":"https:\/\/hdcarmouredcable.com\/?page_id=898"},"modified":"2023-02-15T14:28:51","modified_gmt":"2023-02-15T06:28:51","slug":"about-hdc","status":"publish","type":"page","link":"https:\/\/hdcarmouredcable.com\/de\/uber-hdc\/","title":{"rendered":"\u00dcber HDC"},"content":{"rendered":"<p>Die Henan Huadong Cable Group ist eine Aktiengesellschaft, die in den Bereichen Kabelproduktion, Forschung und Entwicklung sowie nationaler und internationaler Handel t\u00e4tig ist. Au\u00dferdem ist sie eines der gr\u00f6\u00dften professionellen Import- und Exporthandelsunternehmen in China.<br \/>\nDas Werk wurde 1988 gegr\u00fcndet, hat eine Fl\u00e4che von 50.000 Quadratmetern und befindet sich im Industriegebiet Xiuwu in der Stadt Jiaozuo. Es verf\u00fcgt \u00fcber 20 Produktionslinien mit moderner Ausr\u00fcstung und 25 Pr\u00fcfmaschinen. Die j\u00e4hrliche Produktionskapazit\u00e4t betr\u00e4gt mehr als 12 Millionen Kilometer. Unsere internationale Niederlassung befindet sich in der Stadt Zhengzhou, die f\u00fcr ihre g\u00fcnstige Verkehrsanbindung bekannt ist.<\/p>\n<p><img loading=\"lazy\" decoding=\"async\" class=\"aligncenter size-full wp-image-8128\" src=\"https:\/\/hdcarmouredcable.com\/wp-content\/uploads\/2023\/02\/huadong-cable-group.jpg\" alt=\"huadong kabel gruppe\" width=\"1920\" height=\"649\" srcset=\"https:\/\/hdcarmouredcable.com\/wp-content\/uploads\/2023\/02\/huadong-cable-group.jpg 1920w, https:\/\/hdcarmouredcable.com\/wp-content\/uploads\/2023\/02\/huadong-cable-group-300x101.jpg 300w, https:\/\/hdcarmouredcable.com\/wp-content\/uploads\/2023\/02\/huadong-cable-group-1024x346.jpg 1024w, https:\/\/hdcarmouredcable.com\/wp-content\/uploads\/2023\/02\/huadong-cable-group-768x260.jpg 768w, https:\/\/hdcarmouredcable.com\/wp-content\/uploads\/2023\/02\/huadong-cable-group-1536x519.jpg 1536w, https:\/\/hdcarmouredcable.com\/wp-content\/uploads\/2023\/02\/huadong-cable-group-600x203.jpg 600w\" sizes=\"auto, (max-width: 1920px) 100vw, 1920px\" \/><\/p>\n<p>Wir produzieren und exportieren haupts\u00e4chlich Stromkabel, Vollaluminiumleiter (AAC), stahlverst\u00e4rkte Aluminiumleiter (ACSR Conductor), Leiter aus Vollaluminiumlegierung (AAAC), geb\u00fcndelte ABC-Freileitungskabel, 1-35-kV-Stromkabel (einschlie\u00dflich XLPE-isolierte Kabel, PVC-isolierte Kabel, SWA\/STA-bewehrte Kabel), Steuerkabel, Schwei\u00dfkabel, Gummikabel, Bergbaukabel, elektrische Dr\u00e4hte (PVC-ummantelte flexible Kabel), OPGW und Spezialkabel.<\/p>\n<p>Diese Kabel k\u00f6nnen f\u00fcr die Energie\u00fcbertragung in der Luft, unter der Erde und in der Industrie, wie z.B. in Kraftwerken, Eisenbahnen, in der Landwirtschaft und in Immobilien verwendet werden. Unsere Produkte erhalten I S O 9 0 0 1:2 0 0 2 und CCC, PCCC, SGS, BV Zertifikate. Bei der Herstellung unserer Produkte halten wir uns streng an die Normen GB, IEC, BS, ICEA, ASTM, DIN, VED, JIS. Au\u00dferdem k\u00f6nnen wir nach den Anforderungen der Kunden entwerfen und produzieren. Wir haben Dr\u00e4hte und Kabel nach Europa, S\u00fcdamerika, Nordamerika, dem Nahen Osten, Afrika, Asien, Ozeanien und anderen L\u00e4ndern exportiert.<\/p>\n<p><img loading=\"lazy\" decoding=\"async\" class=\"aligncenter size-full wp-image-8007\" src=\"https:\/\/hdcarmouredcable.com\/wp-content\/uploads\/2023\/02\/banners-4-1-1.jpg\" alt=\"\" width=\"1918\" height=\"530\" srcset=\"https:\/\/hdcarmouredcable.com\/wp-content\/uploads\/2023\/02\/banners-4-1-1.jpg 1918w, https:\/\/hdcarmouredcable.com\/wp-content\/uploads\/2023\/02\/banners-4-1-1-300x83.jpg 300w, https:\/\/hdcarmouredcable.com\/wp-content\/uploads\/2023\/02\/banners-4-1-1-1024x283.jpg 1024w, https:\/\/hdcarmouredcable.com\/wp-content\/uploads\/2023\/02\/banners-4-1-1-768x212.jpg 768w, https:\/\/hdcarmouredcable.com\/wp-content\/uploads\/2023\/02\/banners-4-1-1-1536x424.jpg 1536w, https:\/\/hdcarmouredcable.com\/wp-content\/uploads\/2023\/02\/banners-4-1-1-600x166.jpg 600w\" sizes=\"auto, (max-width: 1918px) 100vw, 1918px\" \/><\/p>\n<p>Wir halten uns an hohe Qualit\u00e4t und besten Service, um unser HUADONG CABLE in der ganzen Welt bekannt zu machen. Vielen Dank f\u00fcr Ihre Unterst\u00fctzung und Ihr Vertrauen! HUADONG CABLES begr\u00fc\u00dft Ihre Anfrage und Besuch, wir sind zu Ihren Diensten!<\/p>\n<p>Unsere Grunds\u00e4tze:<br \/>\n1) Qualit\u00e4t zuerst, Kunde zuerst, Sicherheit zuerst<br \/>\n2) Besserer Service, schnellere Lieferung<br \/>\n3) Gleicher und gegenseitiger Nutzen<br \/>\n4) Ehrlichkeit und Beruf<\/p>\n<figure id=\"attachment_402\" aria-describedby=\"caption-attachment-402\" style=\"width: 1510px\" class=\"wp-caption aligncenter\"><img loading=\"lazy\" decoding=\"async\" class=\"size-full wp-image-402\" src=\"https:\/\/hdcarmouredcable.com\/wp-content\/uploads\/2018\/07\/1.5-sq-mm-armoured-cable-packaging-2.jpg\" alt=\"11kv-Erdkabel\" width=\"1520\" height=\"711\" \/><figcaption id=\"caption-attachment-402\" class=\"wp-caption-text\">Verpackung und Lieferung von 11kv-Erdkabeln<\/figcaption><\/figure>\n<p>Unser Service:<br \/>\n1. rasche und professionelle Reaktion<br \/>\n2. geduldig und vertrauensvoll<br \/>\n3. strenges Qualit\u00e4tskontrollsystem<br \/>\n4. p\u00fcnktliche Lieferung<\/p>\n\n<div class=\"wpcf7 no-js\" id=\"wpcf7-f5800-o1\" lang=\"en-US\" dir=\"ltr\" data-wpcf7-id=\"5800\">\n<div class=\"screen-reader-response\"><p role=\"status\" aria-live=\"polite\" aria-atomic=\"true\"><\/p> <ul><\/ul><\/div>\n<form action=\"\/de\/wp-json\/wp\/v2\/pages\/898#wpcf7-f5800-o1\" method=\"post\" class=\"wpcf7-form init\" aria-label=\"Kontakt-Formular\" novalidate=\"novalidate\" data-status=\"init\" data-trp-original-action=\"\/de\/wp-json\/wp\/v2\/pages\/898#wpcf7-f5800-o1\">\n<div style=\"display: none;\">\n<input type=\"hidden\" name=\"_wpcf7\" value=\"5800\" \/>\n<input type=\"hidden\" name=\"_wpcf7_version\" value=\"6.0.6\" \/>\n<input type=\"hidden\" name=\"_wpcf7_locale\" value=\"en_US\" \/>\n<input type=\"hidden\" name=\"_wpcf7_unit_tag\" value=\"wpcf7-f5800-o1\" \/>\n<input type=\"hidden\" name=\"_wpcf7_container_post\" value=\"0\" \/>\n<input type=\"hidden\" name=\"_wpcf7_posted_data_hash\" value=\"\" \/>\n<\/div>\n<div class=\"popmakerform\">\n\t<h3>Kostenloses Angebot erhalten\n\t<\/h3>\n\t<p>Lassen Sie uns gemeinsam an Ihrem Projekt per E-Mail arbeiten: <a href=\"mailto:info@hdcarmouredcable.com\" rel=\"nofollow\">info@hdcarmouredcable.com<\/a>\n\t<\/p>\n\t<p>Interessantes Produkt <span style=\"color:red;\">*<span><br \/>\n<span class=\"wpcf7-form-control-wrap\" data-name=\"item\"><input size=\"40\" maxlength=\"400\" class=\"wpcf7-form-control wpcf7-text\" id=\"item\" aria-invalid=\"false\" value=\"\" type=\"text\" name=\"item\" \/><\/span><\/span><\/span>\n\t<\/p>\n\t<p>Ihr Name <span style=\"color:red;\">*<span><br \/>\n<span class=\"wpcf7-form-control-wrap\" data-name=\"your-name\"><input size=\"40\" maxlength=\"400\" class=\"wpcf7-form-control wpcf7-text wpcf7-validates-as-required\" aria-required=\"true\" aria-invalid=\"false\" value=\"\" type=\"text\" name=\"your-name\" \/><\/span><\/span><\/span>\n\t<\/p>\n\t<p>Deine E-Mail <span style=\"color:red;\">*<span><br \/>\n<span class=\"wpcf7-form-control-wrap\" data-name=\"your-email\"><input size=\"40\" maxlength=\"400\" class=\"wpcf7-form-control wpcf7-email wpcf7-validates-as-required wpcf7-text wpcf7-validates-as-email\" aria-required=\"true\" aria-invalid=\"false\" value=\"\" type=\"email\" name=\"your-email\" \/><\/span><\/span><\/span>\n\t<\/p>\n\t<p>Ihre Telefonnummer (einschlie\u00dflich der Vorwahl)<br \/>\n<span class=\"wpcf7-form-control-wrap\" data-name=\"your-phone\"><input size=\"40\" maxlength=\"400\" class=\"wpcf7-form-control wpcf7-text\" aria-invalid=\"false\" value=\"\" type=\"text\" name=\"your-phone\" \/><\/span>\n\t<\/p>\n\t<p>Ihr Land<br \/>\n<span class=\"wpcf7-form-control-wrap\" data-name=\"your-country\"><input size=\"40\" maxlength=\"400\" class=\"wpcf7-form-control wpcf7-text\" aria-invalid=\"false\" value=\"\" type=\"text\" name=\"your-country\" \/><\/span>\n\t<\/p>\n\t<p>Detaillierte Anforderung <span style=\"color:red;\">*<span><br \/>\n<span class=\"wpcf7-form-control-wrap\" data-name=\"your-requirement\"><textarea cols=\"40\" rows=\"5\" maxlength=\"2000\" class=\"wpcf7-form-control wpcf7-textarea wpcf7-validates-as-required\" aria-required=\"true\" aria-invalid=\"false\" placeholder=\"F\u00fcr ein detailliertes Angebot, senden Sie uns bitte Ihre Anforderungen. *\" name=\"your-requirement\"><\/textarea><\/span><\/span><\/span>\n\t<\/p>\n\t<p><input class=\"wpcf7-form-control wpcf7-submit has-spinner\" type=\"submit\" value=\"Angebot einholen\" \/>\n\t<\/p>\n<\/div><input type='hidden' class='wpcf7-pum' value='{\"closepopup\":false,\"closedelay\":0,\"openpopup\":false,\"openpopup_id\":0}' \/><div class=\"wpcf7-response-output\" aria-hidden=\"true\"><\/div>\n<input type=\"hidden\" name=\"trp-form-language\" value=\"de\"\/><\/form>\n<\/div>","protected":false},"excerpt":{"rendered":"<p>Die Henan Huadong Cable Group ist eine Aktiengesellschaft, die in den Bereichen Kabelproduktion, Forschung und Entwicklung sowie nationaler und internationaler Handel t\u00e4tig ist. Au\u00dferdem ist es eines der gr\u00f6\u00dften professionellen Import- und Exporthandelsunternehmen in China. Das Werk wurde 1988 gegr\u00fcndet und hat eine Fl\u00e4che von 50.000 Quadratmetern. Es befindet sich im Industriegebiet Xiuwu in der Stadt Jiaozuo und verf\u00fcgt \u00fcber 20 ... <a class=\"read-more\" href=\"https:\/\/hdcarmouredcable.com\/de\/uber-hdc\/\">Weiterlesen ...<\/a><\/p>","protected":false},"author":1,"featured_media":0,"parent":0,"menu_order":0,"comment_status":"closed","ping_status":"closed","template":"","meta":{"_joinchat":[],"footnotes":""},"class_list":["post-898","page","type-page","status-publish"],"yoast_head":"<!-- This site is optimized with the Yoast SEO plugin v25.1 - https:\/\/yoast.com\/wordpress\/plugins\/seo\/ -->\n<title>About HDC - Huadong Armoured Cable Group<\/title>\n<meta name=\"robots\" content=\"index, follow, max-snippet:-1, max-image-preview:large, max-video-preview:-1\" \/>\n<link rel=\"canonical\" href=\"https:\/\/hdcarmouredcable.com\/de\/uber-hdc\/\" \/>\n<meta property=\"og:locale\" content=\"de_DE\" \/>\n<meta property=\"og:type\" content=\"article\" \/>\n<meta property=\"og:title\" content=\"About HDC - Huadong Armoured Cable Group\" \/>\n<meta property=\"og:description\" content=\"Henan Huadong Cable Group is a joint stock enterprise, integrated in cable production, research &amp; development, and domestic &amp; international trade. And is also the one of biggest professional import and export trade companies in China. The plant was founded in 1988, occupied 50,000 square meters, separately Located in Xiuwu industry area,Jiaozuo City, have 20 ... Weiterlesen ...\" \/>\n<meta property=\"og:url\" content=\"https:\/\/hdcarmouredcable.com\/de\/uber-hdc\/\" \/>\n<meta property=\"og:site_name\" content=\"Huadong Armoured Cable Group\" \/>\n<meta property=\"article:publisher\" content=\"https:\/\/www.facebook.com\/lily.ding.52\" \/>\n<meta property=\"article:modified_time\" content=\"2023-02-15T06:28:51+00:00\" \/>\n<meta property=\"og:image\" content=\"https:\/\/hdcarmouredcable.com\/wp-content\/uploads\/2023\/02\/huadong-cable-group.jpg\" \/>\n<meta name=\"twitter:card\" content=\"summary_large_image\" \/>\n<meta name=\"twitter:label1\" content=\"Gesch\u00e4tzte Lesezeit\" \/>\n\t<meta name=\"twitter:data1\" content=\"2\u00a0Minuten\" \/>\n<script type=\"application\/ld+json\" class=\"yoast-schema-graph\">{\"@context\":\"https:\/\/schema.org\",\"@graph\":[{\"@type\":\"WebPage\",\"@id\":\"https:\/\/hdcarmouredcable.com\/about-hdc\/\",\"url\":\"https:\/\/hdcarmouredcable.com\/about-hdc\/\",\"name\":\"About HDC - Huadong Armoured Cable Group\",\"isPartOf\":{\"@id\":\"https:\/\/hdcarmouredcable.com\/#website\"},\"primaryImageOfPage\":{\"@id\":\"https:\/\/hdcarmouredcable.com\/about-hdc\/#primaryimage\"},\"image\":{\"@id\":\"https:\/\/hdcarmouredcable.com\/about-hdc\/#primaryimage\"},\"thumbnailUrl\":\"https:\/\/hdcarmouredcable.com\/wp-content\/uploads\/2023\/02\/huadong-cable-group.jpg\",\"datePublished\":\"2018-09-06T09:26:42+00:00\",\"dateModified\":\"2023-02-15T06:28:51+00:00\",\"inLanguage\":\"de\",\"potentialAction\":[{\"@type\":\"ReadAction\",\"target\":[\"https:\/\/hdcarmouredcable.com\/about-hdc\/\"]}]},{\"@type\":\"ImageObject\",\"inLanguage\":\"de\",\"@id\":\"https:\/\/hdcarmouredcable.com\/about-hdc\/#primaryimage\",\"url\":\"https:\/\/hdcarmouredcable.com\/wp-content\/uploads\/2023\/02\/huadong-cable-group.jpg\",\"contentUrl\":\"https:\/\/hdcarmouredcable.com\/wp-content\/uploads\/2023\/02\/huadong-cable-group.jpg\"},{\"@type\":\"WebSite\",\"@id\":\"https:\/\/hdcarmouredcable.com\/#website\",\"url\":\"https:\/\/hdcarmouredcable.com\/\",\"name\":\"Huadong Armoured Cable Group\",\"description\":\"professional steel wire armoured cable manufacturer\",\"publisher\":{\"@id\":\"https:\/\/hdcarmouredcable.com\/#organization\"},\"potentialAction\":[{\"@type\":\"SearchAction\",\"target\":{\"@type\":\"EntryPoint\",\"urlTemplate\":\"https:\/\/hdcarmouredcable.com\/?s={search_term_string}\"},\"query-input\":{\"@type\":\"PropertyValueSpecification\",\"valueRequired\":true,\"valueName\":\"search_term_string\"}}],\"inLanguage\":\"de\"},{\"@type\":\"Organization\",\"@id\":\"https:\/\/hdcarmouredcable.com\/#organization\",\"name\":\"Huadong Cable Group\",\"url\":\"https:\/\/hdcarmouredcable.com\/\",\"logo\":{\"@type\":\"ImageObject\",\"inLanguage\":\"de\",\"@id\":\"https:\/\/hdcarmouredcable.com\/#\/schema\/logo\/image\/\",\"url\":\"https:\/\/hdcarmouredcable.com\/wp-content\/uploads\/2022\/07\/Huadong-log.png\",\"contentUrl\":\"https:\/\/hdcarmouredcable.com\/wp-content\/uploads\/2022\/07\/Huadong-log.png\",\"width\":860,\"height\":860,\"caption\":\"Huadong Cable Group\"},\"image\":{\"@id\":\"https:\/\/hdcarmouredcable.com\/#\/schema\/logo\/image\/\"},\"sameAs\":[\"https:\/\/www.facebook.com\/lily.ding.52\",\"https:\/\/www.linkedin.com\/in\/lilyxlpecable\/\"]}]}<\/script>\n<!-- \/ Yoast SEO plugin. -->","yoast_head_json":{"title":"\u00dcber HDC - Huadong Armoured Cable Group","robots":{"index":"index","follow":"follow","max-snippet":"max-snippet:-1","max-image-preview":"max-image-preview:large","max-video-preview":"max-video-preview:-1"},"canonical":"https:\/\/hdcarmouredcable.com\/de\/uber-hdc\/","og_locale":"de_DE","og_type":"article","og_title":"About HDC - Huadong Armoured Cable Group","og_description":"Henan Huadong Cable Group is a joint stock enterprise, integrated in cable production, research &amp; development, and domestic &amp; international trade. And is also the one of biggest professional import and export trade companies in China. The plant was founded in 1988, occupied 50,000 square meters, separately Located in Xiuwu industry area,Jiaozuo City, have 20 ... Weiterlesen ...","og_url":"https:\/\/hdcarmouredcable.com\/de\/uber-hdc\/","og_site_name":"Huadong Armoured Cable Group","article_publisher":"https:\/\/www.facebook.com\/lily.ding.52","article_modified_time":"2023-02-15T06:28:51+00:00","og_image":[{"url":"https:\/\/hdcarmouredcable.com\/wp-content\/uploads\/2023\/02\/huadong-cable-group.jpg","type":"","width":"","height":""}],"twitter_card":"summary_large_image","twitter_misc":{"Gesch\u00e4tzte Lesezeit":"2\u00a0Minuten"},"schema":{"@context":"https:\/\/schema.org","@graph":[{"@type":"WebPage","@id":"https:\/\/hdcarmouredcable.com\/about-hdc\/","url":"https:\/\/hdcarmouredcable.com\/about-hdc\/","name":"\u00dcber HDC - Huadong Armoured Cable Group","isPartOf":{"@id":"https:\/\/hdcarmouredcable.com\/#website"},"primaryImageOfPage":{"@id":"https:\/\/hdcarmouredcable.com\/about-hdc\/#primaryimage"},"image":{"@id":"https:\/\/hdcarmouredcable.com\/about-hdc\/#primaryimage"},"thumbnailUrl":"https:\/\/hdcarmouredcable.com\/wp-content\/uploads\/2023\/02\/huadong-cable-group.jpg","datePublished":"2018-09-06T09:26:42+00:00","dateModified":"2023-02-15T06:28:51+00:00","inLanguage":"de","potentialAction":[{"@type":"ReadAction","target":["https:\/\/hdcarmouredcable.com\/about-hdc\/"]}]},{"@type":"ImageObject","inLanguage":"de","@id":"https:\/\/hdcarmouredcable.com\/about-hdc\/#primaryimage","url":"https:\/\/hdcarmouredcable.com\/wp-content\/uploads\/2023\/02\/huadong-cable-group.jpg","contentUrl":"https:\/\/hdcarmouredcable.com\/wp-content\/uploads\/2023\/02\/huadong-cable-group.jpg"},{"@type":"WebSite","@id":"https:\/\/hdcarmouredcable.com\/#website","url":"https:\/\/hdcarmouredcable.com\/","name":"Huadong Armoured Cable Gruppe","description":"professioneller Hersteller von Stahldraht-Panzerkabel","publisher":{"@id":"https:\/\/hdcarmouredcable.com\/#organization"},"potentialAction":[{"@type":"SearchAction","target":{"@type":"EntryPoint","urlTemplate":"https:\/\/hdcarmouredcable.com\/?s={search_term_string}"},"query-input":{"@type":"PropertyValueSpecification","valueRequired":true,"valueName":"search_term_string"}}],"inLanguage":"de"},{"@type":"Organization","@id":"https:\/\/hdcarmouredcable.com\/#organization","name":"Huadong Kabel Gruppe","url":"https:\/\/hdcarmouredcable.com\/","logo":{"@type":"ImageObject","inLanguage":"de","@id":"https:\/\/hdcarmouredcable.com\/#\/schema\/logo\/image\/","url":"https:\/\/hdcarmouredcable.com\/wp-content\/uploads\/2022\/07\/Huadong-log.png","contentUrl":"https:\/\/hdcarmouredcable.com\/wp-content\/uploads\/2022\/07\/Huadong-log.png","width":860,"height":860,"caption":"Huadong Cable Group"},"image":{"@id":"https:\/\/hdcarmouredcable.com\/#\/schema\/logo\/image\/"},"sameAs":["https:\/\/www.facebook.com\/lily.ding.52","https:\/\/www.linkedin.com\/in\/lilyxlpecable\/"]}]}},"amp_enabled":true,"_links":{"self":[{"href":"https:\/\/hdcarmouredcable.com\/de\/wp-json\/wp\/v2\/pages\/898","targetHints":{"allow":["GET"]}}],"collection":[{"href":"https:\/\/hdcarmouredcable.com\/de\/wp-json\/wp\/v2\/pages"}],"about":[{"href":"https:\/\/hdcarmouredcable.com\/de\/wp-json\/wp\/v2\/types\/page"}],"author":[{"embeddable":true,"href":"https:\/\/hdcarmouredcable.com\/de\/wp-json\/wp\/v2\/users\/1"}],"replies":[{"embeddable":true,"href":"https:\/\/hdcarmouredcable.com\/de\/wp-json\/wp\/v2\/comments?post=898"}],"version-history":[{"count":4,"href":"https:\/\/hdcarmouredcable.com\/de\/wp-json\/wp\/v2\/pages\/898\/revisions"}],"predecessor-version":[{"id":8129,"href":"https:\/\/hdcarmouredcable.com\/de\/wp-json\/wp\/v2\/pages\/898\/revisions\/8129"}],"wp:attachment":[{"href":"https:\/\/hdcarmouredcable.com\/de\/wp-json\/wp\/v2\/media?parent=898"}],"curies":[{"name":"wp","href":"https:\/\/api.w.org\/{rel}","templated":true}]}}