{"id":1642,"date":"2019-04-10T17:36:02","date_gmt":"2019-04-10T09:36:02","guid":{"rendered":"https:\/\/hdcarmouredcable.com\/?page_id=1642"},"modified":"2023-07-21T16:38:55","modified_gmt":"2023-07-21T08:38:55","slug":"300mm-single-core-armoured-cable","status":"publish","type":"page","link":"https:\/\/hdcarmouredcable.com\/es\/cable-armado-de-un-solo-nucleo-de-300-mm\/","title":{"rendered":"11kv 33kv 300mm Cobre\/Aluminio Unipolar XLPE PVC blindado Cable Precio"},"content":{"rendered":"<h2>Cable armado unipolar de 300 mm de 11 kv 33 kv Conductor<\/h2>\n<p>Debido a la 11kv 33k 300mm de un solo n\u00facleo de cable blindado trenzado compactado circular de cobre o conductores de aluminio. Por lo tanto, todos los intersticios internos de tratar conductor con compuesto de bloqueo de agua. Por lo tanto, que se especifica para evitar la entrada de agua a trav\u00e9s del conductor durante el almacenamiento, manipulaci\u00f3n, instalaci\u00f3n y funcionamiento del cable.<\/p>\n<div class=\"row prodetails\">\n<div class=\"col-lg-6 col-md-12 col-xs-12 col-sm-12\">\n<p><img loading=\"lazy\" decoding=\"async\" width=\"250\" height=\"250\" class=\"size-full wp-image-1643\" src=\"https:\/\/hdcarmouredcable.com\/wp-content\/uploads\/2019\/04\/11kv-300mm-single-core-armoured-cable-price.jpg\" alt=\"&quot;11kv\" srcset=\"https:\/\/hdcarmouredcable.com\/wp-content\/uploads\/2019\/04\/11kv-300mm-single-core-armoured-cable-price.jpg 250w, https:\/\/hdcarmouredcable.com\/wp-content\/uploads\/2019\/04\/11kv-300mm-single-core-armoured-cable-price-150x150.jpg 150w\" sizes=\"auto, (max-width: 250px) 100vw, 250px\" \/><\/p>\n<\/div>\n<div class=\"col-lg-6 col-md-12 col-xs-12 col-sm-12\">\n<p><strong>Tensi\u00f3n:<\/strong> 1,8\/3KV,3,6\/6KV,6\/10KV,10KV,11KV,15kv,8,7\/15KV, 18\/30KV,19\/33KV, 26\/35KV y as\u00ed sucesivamente.<br \/>\n<strong>Conductor:<\/strong> Aluminio\/Cobre\/Cobre esta\u00f1ado, etc.<br \/>\n<strong>\u00c1rea seccional:<\/strong>\u00a0185mm, 240mm, 300mm,630mm2 y as\u00ed sucesivamente.<br \/>\n<strong>Tipo de armadura:<\/strong><br \/>\n1. Alambres de acero galvanizado \/ cinta de acero para 3 n\u00facleos;<br \/>\n2. Alambre de acero inoxidable\/Cinta de acero o Alambre\/cinta de aluminio para n\u00facleo \u00fanico Cloruro de polivinilo (PVC) o PE, o HDPE.<br \/>\n<strong>Aislamiento:<\/strong> XLPE \/pvc, etc.<br \/>\n<strong>Pantalla:<\/strong> Pantalla de cinta de cobre.<br \/>\n<strong>Vaina:<\/strong> PVC, etc.<\/p>\n<p>&nbsp;<\/p>\n<p style=\"text-align: center;\"><span class=\"su-lightbox\" data-mfp-src=\"#popmake-form\" data-mfp-type=\"inline\" data-mobile=\"yes\"><button class=\"btn btn-danger btn-sm\" ><i class=\"glyphicon glyphicon-ok-sign\" style=\"color:#eeee22;\"><\/i> Obtener precio de cable xlpe unipolar 300mm2<\/button><\/span>\n<\/div>\n<\/div>\n<h2>33kv 11kv 300mm cable xlpe unipolar Pantalla conductora<\/h2>\n<p>debido a, el 11kv 33kv blindado 300mm xlpe cable extruido Compuesto semiconductor. As\u00ed pues, el grosor m\u00ednimo del cable armado unipolar 11kv 33kv 300mm es de 0,5 mm y la resistividad volum\u00e9trica m\u00e1xima de 5000 ohm-an a 20\u00b0C y de 25000 ohm-cm a 90\u00b0 C.<\/p>\n<figure id=\"attachment_1644\" aria-describedby=\"caption-attachment-1644\" style=\"width: 820px\" class=\"wp-caption aligncenter\"><img loading=\"lazy\" decoding=\"async\" class=\"size-full wp-image-1644\" src=\"https:\/\/hdcarmouredcable.com\/wp-content\/uploads\/2019\/04\/300mm-xlpe-single-core-cable-price.jpg\" alt=\"cable unipolar xlpe de 300 mm precio\" width=\"830\" height=\"160\" srcset=\"https:\/\/hdcarmouredcable.com\/wp-content\/uploads\/2019\/04\/300mm-xlpe-single-core-cable-price.jpg 830w, https:\/\/hdcarmouredcable.com\/wp-content\/uploads\/2019\/04\/300mm-xlpe-single-core-cable-price-300x58.jpg 300w, https:\/\/hdcarmouredcable.com\/wp-content\/uploads\/2019\/04\/300mm-xlpe-single-core-cable-price-768x148.jpg 768w, https:\/\/hdcarmouredcable.com\/wp-content\/uploads\/2019\/04\/300mm-xlpe-single-core-cable-price-600x116.jpg 600w\" sizes=\"auto, (max-width: 830px) 100vw, 830px\" \/><figcaption id=\"caption-attachment-1644\" class=\"wp-caption-text\">cable unipolar xlpe de 300 mm precio<\/figcaption><\/figure>\n<p style=\"text-align: center;\"><span class=\"su-lightbox\" data-mfp-src=\"#popmake-form\" data-mfp-type=\"inline\" data-mobile=\"yes\"><button class=\"btn btn-danger btn-sm\" ><i class=\"glyphicon glyphicon-ok-sign\" style=\"color:#eeee22;\"><\/i> Obtenga el precio de cable xlpe unipolar de 300 mm<\/button><\/span>\n<h2>Cable armado 11kv unipolar 300mm2 xlpe Aislamiento<\/h2>\n<p>En t\u00e9rminos generales, el cable blindado 11kv unipolar 300mm2 xlpe es un XLPE extruido con un alto grado de reticulaci\u00f3n. As\u00ed que libre de contaminantes, huecos de aire y resistente al calor por proceso de curado en seco.<\/p>\n<div class=\"row\">\n<div class=\"col-lg-6 col-md-12 col-xs-12 col-sm-12\">\n<figure id=\"attachment_1645\" aria-describedby=\"caption-attachment-1645\" style=\"width: 340px\" class=\"wp-caption aligncenter\"><img loading=\"lazy\" decoding=\"async\" class=\"size-full wp-image-1645\" src=\"https:\/\/hdcarmouredcable.com\/wp-content\/uploads\/2019\/04\/Armoured-single-core-300mm2-xlpe-cable.jpg\" alt=\"Cable xlpe armado unipolar 300mm2\" width=\"350\" height=\"350\" srcset=\"https:\/\/hdcarmouredcable.com\/wp-content\/uploads\/2019\/04\/Armoured-single-core-300mm2-xlpe-cable.jpg 350w, https:\/\/hdcarmouredcable.com\/wp-content\/uploads\/2019\/04\/Armoured-single-core-300mm2-xlpe-cable-150x150.jpg 150w, https:\/\/hdcarmouredcable.com\/wp-content\/uploads\/2019\/04\/Armoured-single-core-300mm2-xlpe-cable-300x300.jpg 300w\" sizes=\"auto, (max-width: 350px) 100vw, 350px\" \/><figcaption id=\"caption-attachment-1645\" class=\"wp-caption-text\">Cable xlpe armado unipolar 300mm2<\/figcaption><\/figure>\n<\/div>\n<div class=\"col-lg-6 col-md-12 col-xs-12 col-sm-12\">\n<figure id=\"attachment_1646\" aria-describedby=\"caption-attachment-1646\" style=\"width: 350px\" class=\"wp-caption aligncenter\"><img loading=\"lazy\" decoding=\"async\" class=\"size-full wp-image-1646\" src=\"https:\/\/hdcarmouredcable.com\/wp-content\/uploads\/2019\/04\/33kv-300mm-single-core-xlpe-cable-price.jpg\" alt=\"33kv 300mm cable xlpe unipolar precio\" width=\"360\" height=\"360\" srcset=\"https:\/\/hdcarmouredcable.com\/wp-content\/uploads\/2019\/04\/33kv-300mm-single-core-xlpe-cable-price.jpg 360w, https:\/\/hdcarmouredcable.com\/wp-content\/uploads\/2019\/04\/33kv-300mm-single-core-xlpe-cable-price-150x150.jpg 150w, https:\/\/hdcarmouredcable.com\/wp-content\/uploads\/2019\/04\/33kv-300mm-single-core-xlpe-cable-price-300x300.jpg 300w\" sizes=\"auto, (max-width: 360px) 100vw, 360px\" \/><figcaption id=\"caption-attachment-1646\" class=\"wp-caption-text\">33kv 300mm cable xlpe unipolar precio<\/figcaption><\/figure>\n<\/div>\n<p style=\"text-align: center;\"><span class=\"su-lightbox\" data-mfp-src=\"#popmake-form\" data-mfp-type=\"inline\" data-mobile=\"yes\"><button class=\"btn btn-danger btn-sm\" ><i class=\"glyphicon glyphicon-ok-sign\" style=\"color:#eeee22;\"><\/i> Obtener precio de cable armado de 300 mm<\/button><\/span><\/div>\n<h2>11kv 33k 300mm cable armado unipolar Aplicaci\u00f3n:<\/h2>\n<p>Adem\u00e1s de cable unipolar xlpe de 300 mm para instalaci\u00f3n en tierra, en agua, al aire libre. Pero tambi\u00e9n, en interiores y en conductos de cables para centrales el\u00e9ctricas, industria y redes de distribuci\u00f3n. Al mismo tiempo, las buenas propiedades de instalaci\u00f3n de este cable 33kv 11kv 300mm single core xlpe armored 11kv 33kv facilitan la instalaci\u00f3n, incluso en rutas dif\u00edciles.<\/p>\n<p>Debido a que el grupo de cable Huadong puede personalizar el <a href=\"https:\/\/hdcarmouredcable.com\/es\/1-4-core-300mm2-cable-price\/\">Cable blindado de 4 conductores de 300 mm2<\/a> para los clientes. Hemos exportado el cable en Sud\u00e1frica, Filipinas, Indonesia, Malasia, Singapur, Vietnam, Corea, Mongolia, Yemen, Camboya y as\u00ed sucesivamente.<\/p>\n<figure id=\"attachment_1647\" aria-describedby=\"caption-attachment-1647\" style=\"width: 1591px\" class=\"wp-caption aligncenter\"><img loading=\"lazy\" decoding=\"async\" class=\"size-full wp-image-1647\" src=\"https:\/\/hdcarmouredcable.com\/wp-content\/uploads\/2019\/04\/300mm-single-core-cable-price.jpg\" alt=\"Precio del cable unipolar de 300 mm\" width=\"1601\" height=\"300\" srcset=\"https:\/\/hdcarmouredcable.com\/wp-content\/uploads\/2019\/04\/300mm-single-core-cable-price.jpg 1601w, https:\/\/hdcarmouredcable.com\/wp-content\/uploads\/2019\/04\/300mm-single-core-cable-price-300x56.jpg 300w, https:\/\/hdcarmouredcable.com\/wp-content\/uploads\/2019\/04\/300mm-single-core-cable-price-768x144.jpg 768w, https:\/\/hdcarmouredcable.com\/wp-content\/uploads\/2019\/04\/300mm-single-core-cable-price-1024x192.jpg 1024w\" sizes=\"auto, (max-width: 1601px) 100vw, 1601px\" \/><figcaption id=\"caption-attachment-1647\" class=\"wp-caption-text\">Precio del cable unipolar de 300 mm<\/figcaption><\/figure>\n\n<div class=\"wpcf7 no-js\" id=\"wpcf7-f5785-o1\" lang=\"en-US\" dir=\"ltr\" data-wpcf7-id=\"5785\">\n<div class=\"screen-reader-response\"><p role=\"status\" aria-live=\"polite\" aria-atomic=\"true\"><\/p> <ul><\/ul><\/div>\n<form action=\"\/es\/wp-json\/wp\/v2\/pages\/1642#wpcf7-f5785-o1\" method=\"post\" class=\"wpcf7-form init\" aria-label=\"Formulario de contacto\" novalidate=\"novalidate\" data-status=\"init\" data-trp-original-action=\"\/es\/wp-json\/wp\/v2\/pages\/1642#wpcf7-f5785-o1\">\n<div style=\"display: none;\">\n<input type=\"hidden\" name=\"_wpcf7\" value=\"5785\" \/>\n<input type=\"hidden\" name=\"_wpcf7_version\" value=\"6.0.6\" \/>\n<input type=\"hidden\" name=\"_wpcf7_locale\" value=\"en_US\" \/>\n<input type=\"hidden\" name=\"_wpcf7_unit_tag\" value=\"wpcf7-f5785-o1\" \/>\n<input type=\"hidden\" name=\"_wpcf7_container_post\" value=\"0\" \/>\n<input type=\"hidden\" name=\"_wpcf7_posted_data_hash\" value=\"\" \/>\n<\/div>\n<div>\n\t<h2>Deje su mensaje, Obtenga un presupuesto gratuito\n\t<\/h2>\n\t<p>Trabajemos juntos en su proyecto por correo electr\u00f3nico: <a href=\"mailto:info@hdcarmouredcable.com\" rel=\"nofollow\">info@hdcarmouredcable.com<\/a>\n\t<\/p>\n\t<div class=\"messageform\">\n\t\t<p><strong><span style=\"color:red;\">*<\/span> Su nombre<\/strong><br \/>\n<span class=\"wpcf7-form-control-wrap\" data-name=\"your-name\"><input size=\"40\" maxlength=\"400\" class=\"wpcf7-form-control wpcf7-text wpcf7-validates-as-required\" aria-required=\"true\" aria-invalid=\"false\" value=\"\" type=\"text\" name=\"your-name\" \/><\/span>\n\t\t<\/p>\n\t\t<p><strong><span style=\"color:red;\">*<\/span> Su correo electr\u00f3nico<\/strong>\n\t\t<\/p>\n\t\t<p><span class=\"wpcf7-form-control-wrap\" data-name=\"your-email\"><input size=\"40\" maxlength=\"400\" class=\"wpcf7-form-control wpcf7-email wpcf7-validates-as-required wpcf7-text wpcf7-validates-as-email\" aria-required=\"true\" aria-invalid=\"false\" value=\"\" type=\"email\" name=\"your-email\" \/><\/span>\n\t\t<\/p>\n\t\t<p><strong>Su pa\u00eds<\/strong>\n\t\t<\/p>\n\t\t<p><span class=\"wpcf7-form-control-wrap\" data-name=\"your-country\"><input size=\"40\" maxlength=\"400\" class=\"wpcf7-form-control wpcf7-text\" aria-invalid=\"false\" value=\"\" type=\"text\" name=\"your-country\" \/><\/span>\n\t\t<\/p>\n\t\t<p><strong><span style=\"color:red;\">*<\/span> Sus requisitos<\/strong>\n\t\t<\/p>\n\t\t<p><span class=\"wpcf7-form-control-wrap\" data-name=\"your-requirement\"><textarea cols=\"40\" rows=\"10\" maxlength=\"2000\" class=\"wpcf7-form-control wpcf7-textarea wpcf7-validates-as-required bestonmessage\" aria-required=\"true\" aria-invalid=\"false\" placeholder=\"Para obtener un presupuesto detallado, env\u00edenos sus requisitos.\" name=\"your-requirement\"><\/textarea><\/span>\n\t\t<\/p>\n\t\t<p><input class=\"wpcf7-form-control wpcf7-submit has-spinner\" type=\"submit\" value=\"Enviar mensaje\" \/>\n\t\t<\/p>\n\t<\/div>\n<\/div><input type='hidden' class='wpcf7-pum' value='{\"closepopup\":false,\"closedelay\":0,\"openpopup\":false,\"openpopup_id\":0}' \/><div class=\"wpcf7-response-output\" aria-hidden=\"true\"><\/div>\n<input type=\"hidden\" name=\"trp-form-language\" value=\"es\"\/><\/form>\n<\/div>\n\n<div class=\"su-lightbox-content su-u-trim\" id=\"popmake-form\" style=\"display:none;width:65%;min-width:none;max-width:600px;margin-top:40px;margin-bottom:40px;padding:20px;background:#FFFFFF;color:#333333;box-shadow:0px 0px 15px #333333;text-align:left\">\n<div class=\"wpcf7 no-js\" id=\"wpcf7-f5800-o2\" lang=\"en-US\" dir=\"ltr\" data-wpcf7-id=\"5800\">\n<div class=\"screen-reader-response\"><p role=\"status\" aria-live=\"polite\" aria-atomic=\"true\"><\/p> <ul><\/ul><\/div>\n<form action=\"\/es\/wp-json\/wp\/v2\/pages\/1642#wpcf7-f5800-o2\" method=\"post\" class=\"wpcf7-form init\" aria-label=\"Formulario de contacto\" novalidate=\"novalidate\" data-status=\"init\" data-trp-original-action=\"\/es\/wp-json\/wp\/v2\/pages\/1642#wpcf7-f5800-o2\">\n<div style=\"display: none;\">\n<input type=\"hidden\" name=\"_wpcf7\" value=\"5800\" \/>\n<input type=\"hidden\" name=\"_wpcf7_version\" value=\"6.0.6\" \/>\n<input type=\"hidden\" name=\"_wpcf7_locale\" value=\"en_US\" \/>\n<input type=\"hidden\" name=\"_wpcf7_unit_tag\" value=\"wpcf7-f5800-o2\" \/>\n<input type=\"hidden\" name=\"_wpcf7_container_post\" value=\"0\" \/>\n<input type=\"hidden\" name=\"_wpcf7_posted_data_hash\" value=\"\" \/>\n<\/div>\n<div class=\"popmakerform\">\n\t<h3>Obtener presupuesto gratuito\n\t<\/h3>\n\t<p>Trabajemos juntos en su proyecto por correo electr\u00f3nico: <a href=\"mailto:info@hdcarmouredcable.com\" rel=\"nofollow\">info@hdcarmouredcable.com<\/a>\n\t<\/p>\n\t<p>Producto de inter\u00e9s <span style=\"color:red;\">*<span><br \/>\n<span class=\"wpcf7-form-control-wrap\" data-name=\"item\"><input size=\"40\" maxlength=\"400\" class=\"wpcf7-form-control wpcf7-text\" id=\"item\" aria-invalid=\"false\" value=\"\" type=\"text\" name=\"item\" \/><\/span><\/span><\/span>\n\t<\/p>\n\t<p>Su nombre <span style=\"color:red;\">*<span><br \/>\n<span class=\"wpcf7-form-control-wrap\" data-name=\"your-name\"><input size=\"40\" maxlength=\"400\" class=\"wpcf7-form-control wpcf7-text wpcf7-validates-as-required\" aria-required=\"true\" aria-invalid=\"false\" value=\"\" type=\"text\" name=\"your-name\" \/><\/span><\/span><\/span>\n\t<\/p>\n\t<p>Su correo electr\u00f3nico <span style=\"color:red;\">*<span><br \/>\n<span class=\"wpcf7-form-control-wrap\" data-name=\"your-email\"><input size=\"40\" maxlength=\"400\" class=\"wpcf7-form-control wpcf7-email wpcf7-validates-as-required wpcf7-text wpcf7-validates-as-email\" aria-required=\"true\" aria-invalid=\"false\" value=\"\" type=\"email\" name=\"your-email\" \/><\/span><\/span><\/span>\n\t<\/p>\n\t<p>Su n\u00famero de tel\u00e9fono (incluya el prefijo)<br \/>\n<span class=\"wpcf7-form-control-wrap\" data-name=\"your-phone\"><input size=\"40\" maxlength=\"400\" class=\"wpcf7-form-control wpcf7-text\" aria-invalid=\"false\" value=\"\" type=\"text\" name=\"your-phone\" \/><\/span>\n\t<\/p>\n\t<p>Su pa\u00eds<br \/>\n<span class=\"wpcf7-form-control-wrap\" data-name=\"your-country\"><input size=\"40\" maxlength=\"400\" class=\"wpcf7-form-control wpcf7-text\" aria-invalid=\"false\" value=\"\" type=\"text\" name=\"your-country\" \/><\/span>\n\t<\/p>\n\t<p>Requisitos detallados <span style=\"color:red;\">*<span><br \/>\n<span class=\"wpcf7-form-control-wrap\" data-name=\"your-requirement\"><textarea cols=\"40\" rows=\"5\" maxlength=\"2000\" class=\"wpcf7-form-control wpcf7-textarea wpcf7-validates-as-required\" aria-required=\"true\" aria-invalid=\"false\" placeholder=\"Para obtener un presupuesto detallado, env\u00edenos sus requisitos detallados. *\" name=\"your-requirement\"><\/textarea><\/span><\/span><\/span>\n\t<\/p>\n\t<p><input class=\"wpcf7-form-control wpcf7-submit has-spinner\" type=\"submit\" value=\"Obtener presupuesto\" \/>\n\t<\/p>\n<\/div><input type='hidden' class='wpcf7-pum' value='{\"closepopup\":false,\"closedelay\":0,\"openpopup\":false,\"openpopup_id\":0}' \/><div class=\"wpcf7-response-output\" aria-hidden=\"true\"><\/div>\n<input type=\"hidden\" name=\"trp-form-language\" value=\"es\"\/><\/form>\n<\/div>\n<\/div>","protected":false},"excerpt":{"rendered":"<p>Cable blindado unipolar de 300mm de 11kv 33kv Conductor Debido a la 11kv 33k 300mm cable blindado unipolar trenzado compactado circular de cobre o conductores de aluminio. Por lo tanto, todos los intersticios internos de tratar conductor con compuesto de bloqueo de agua. Por lo tanto, que se especifica para evitar la entrada de agua a trav\u00e9s del conductor durante el almacenamiento, manipulaci\u00f3n, instalaci\u00f3n y funcionamiento de la ... <a class=\"read-more\" href=\"https:\/\/hdcarmouredcable.com\/es\/cable-armado-de-un-solo-nucleo-de-300-mm\/\">Leer m\u00e1s...<\/a><\/p>","protected":false},"author":1,"featured_media":0,"parent":0,"menu_order":0,"comment_status":"closed","ping_status":"closed","template":"","meta":{"_joinchat":[],"footnotes":""},"class_list":["post-1642","page","type-page","status-publish"],"yoast_head":"<!-- This site is optimized with the Yoast SEO plugin v25.1 - https:\/\/yoast.com\/wordpress\/plugins\/seo\/ -->\n<title>300mm single core armoured cable of 11kv 33kv price for sale from HDC<\/title>\n<meta name=\"description\" content=\"Huadong Cable Group is leading 11kv 33kv xlpe 300mm single core armoured cable manufacturer, factory direct sale 300mm2 single core cable price at low price\" \/>\n<meta name=\"robots\" content=\"index, follow, max-snippet:-1, max-image-preview:large, max-video-preview:-1\" \/>\n<link rel=\"canonical\" href=\"https:\/\/hdcarmouredcable.com\/es\/cable-armado-de-un-solo-nucleo-de-300-mm\/\" \/>\n<meta property=\"og:locale\" content=\"es_ES\" \/>\n<meta property=\"og:type\" content=\"article\" \/>\n<meta property=\"og:title\" content=\"300mm single core armoured cable of 11kv 33kv price for sale from HDC\" \/>\n<meta property=\"og:description\" content=\"Huadong Cable Group is leading 11kv 33kv xlpe 300mm single core armoured cable manufacturer, factory direct sale 300mm2 single core cable price at low price\" \/>\n<meta property=\"og:url\" content=\"https:\/\/hdcarmouredcable.com\/es\/cable-armado-de-un-solo-nucleo-de-300-mm\/\" \/>\n<meta property=\"og:site_name\" content=\"Huadong Armoured Cable Group\" \/>\n<meta property=\"article:publisher\" content=\"https:\/\/www.facebook.com\/lily.ding.52\" \/>\n<meta property=\"article:modified_time\" content=\"2023-07-21T08:38:55+00:00\" \/>\n<meta property=\"og:image\" content=\"https:\/\/hdcarmouredcable.com\/wp-content\/uploads\/2019\/04\/11kv-300mm-single-core-armoured-cable-price.jpg\" \/>\n<meta name=\"twitter:card\" content=\"summary_large_image\" \/>\n<meta name=\"twitter:label1\" content=\"Tiempo de lectura\" \/>\n\t<meta name=\"twitter:data1\" content=\"3 minutos\" \/>\n<script type=\"application\/ld+json\" class=\"yoast-schema-graph\">{\"@context\":\"https:\/\/schema.org\",\"@graph\":[{\"@type\":\"WebPage\",\"@id\":\"https:\/\/hdcarmouredcable.com\/300mm-single-core-armoured-cable\/\",\"url\":\"https:\/\/hdcarmouredcable.com\/300mm-single-core-armoured-cable\/\",\"name\":\"300mm single core armoured cable of 11kv 33kv price for sale from HDC\",\"isPartOf\":{\"@id\":\"https:\/\/hdcarmouredcable.com\/#website\"},\"primaryImageOfPage\":{\"@id\":\"https:\/\/hdcarmouredcable.com\/300mm-single-core-armoured-cable\/#primaryimage\"},\"image\":{\"@id\":\"https:\/\/hdcarmouredcable.com\/300mm-single-core-armoured-cable\/#primaryimage\"},\"thumbnailUrl\":\"https:\/\/hdcarmouredcable.com\/wp-content\/uploads\/2019\/04\/11kv-300mm-single-core-armoured-cable-price.jpg\",\"datePublished\":\"2019-04-10T09:36:02+00:00\",\"dateModified\":\"2023-07-21T08:38:55+00:00\",\"description\":\"Huadong Cable Group is leading 11kv 33kv xlpe 300mm single core armoured cable manufacturer, factory direct sale 300mm2 single core cable price at low price\",\"inLanguage\":\"es\",\"potentialAction\":[{\"@type\":\"ReadAction\",\"target\":[\"https:\/\/hdcarmouredcable.com\/300mm-single-core-armoured-cable\/\"]}]},{\"@type\":\"ImageObject\",\"inLanguage\":\"es\",\"@id\":\"https:\/\/hdcarmouredcable.com\/300mm-single-core-armoured-cable\/#primaryimage\",\"url\":\"https:\/\/hdcarmouredcable.com\/wp-content\/uploads\/2019\/04\/11kv-300mm-single-core-armoured-cable-price.jpg\",\"contentUrl\":\"https:\/\/hdcarmouredcable.com\/wp-content\/uploads\/2019\/04\/11kv-300mm-single-core-armoured-cable-price.jpg\"},{\"@type\":\"WebSite\",\"@id\":\"https:\/\/hdcarmouredcable.com\/#website\",\"url\":\"https:\/\/hdcarmouredcable.com\/\",\"name\":\"Huadong Armoured Cable Group\",\"description\":\"professional steel wire armoured cable manufacturer\",\"publisher\":{\"@id\":\"https:\/\/hdcarmouredcable.com\/#organization\"},\"potentialAction\":[{\"@type\":\"SearchAction\",\"target\":{\"@type\":\"EntryPoint\",\"urlTemplate\":\"https:\/\/hdcarmouredcable.com\/?s={search_term_string}\"},\"query-input\":{\"@type\":\"PropertyValueSpecification\",\"valueRequired\":true,\"valueName\":\"search_term_string\"}}],\"inLanguage\":\"es\"},{\"@type\":\"Organization\",\"@id\":\"https:\/\/hdcarmouredcable.com\/#organization\",\"name\":\"Huadong Cable Group\",\"url\":\"https:\/\/hdcarmouredcable.com\/\",\"logo\":{\"@type\":\"ImageObject\",\"inLanguage\":\"es\",\"@id\":\"https:\/\/hdcarmouredcable.com\/#\/schema\/logo\/image\/\",\"url\":\"https:\/\/hdcarmouredcable.com\/wp-content\/uploads\/2022\/07\/Huadong-log.png\",\"contentUrl\":\"https:\/\/hdcarmouredcable.com\/wp-content\/uploads\/2022\/07\/Huadong-log.png\",\"width\":860,\"height\":860,\"caption\":\"Huadong Cable Group\"},\"image\":{\"@id\":\"https:\/\/hdcarmouredcable.com\/#\/schema\/logo\/image\/\"},\"sameAs\":[\"https:\/\/www.facebook.com\/lily.ding.52\",\"https:\/\/www.linkedin.com\/in\/lilyxlpecable\/\"]}]}<\/script>\n<!-- \/ Yoast SEO plugin. -->","yoast_head_json":{"title":"300mm solo n\u00facleo de cable blindado de 11kv 33kv precio de venta de HDC","description":"Huadong Cable Group es l\u00edder 11kv 33kv xlpe 300mm solo n\u00facleo de cable blindado fabricante, venta directa de f\u00e1brica 300mm2 solo precio del cable de n\u00facleo a bajo precio","robots":{"index":"index","follow":"follow","max-snippet":"max-snippet:-1","max-image-preview":"max-image-preview:large","max-video-preview":"max-video-preview:-1"},"canonical":"https:\/\/hdcarmouredcable.com\/es\/cable-armado-de-un-solo-nucleo-de-300-mm\/","og_locale":"es_ES","og_type":"article","og_title":"300mm single core armoured cable of 11kv 33kv price for sale from HDC","og_description":"Huadong Cable Group is leading 11kv 33kv xlpe 300mm single core armoured cable manufacturer, factory direct sale 300mm2 single core cable price at low price","og_url":"https:\/\/hdcarmouredcable.com\/es\/cable-armado-de-un-solo-nucleo-de-300-mm\/","og_site_name":"Huadong Armoured Cable Group","article_publisher":"https:\/\/www.facebook.com\/lily.ding.52","article_modified_time":"2023-07-21T08:38:55+00:00","og_image":[{"url":"https:\/\/hdcarmouredcable.com\/wp-content\/uploads\/2019\/04\/11kv-300mm-single-core-armoured-cable-price.jpg","type":"","width":"","height":""}],"twitter_card":"summary_large_image","twitter_misc":{"Tiempo de lectura":"3 minutos"},"schema":{"@context":"https:\/\/schema.org","@graph":[{"@type":"WebPage","@id":"https:\/\/hdcarmouredcable.com\/300mm-single-core-armoured-cable\/","url":"https:\/\/hdcarmouredcable.com\/300mm-single-core-armoured-cable\/","name":"300mm solo n\u00facleo de cable blindado de 11kv 33kv precio de venta de HDC","isPartOf":{"@id":"https:\/\/hdcarmouredcable.com\/#website"},"primaryImageOfPage":{"@id":"https:\/\/hdcarmouredcable.com\/300mm-single-core-armoured-cable\/#primaryimage"},"image":{"@id":"https:\/\/hdcarmouredcable.com\/300mm-single-core-armoured-cable\/#primaryimage"},"thumbnailUrl":"https:\/\/hdcarmouredcable.com\/wp-content\/uploads\/2019\/04\/11kv-300mm-single-core-armoured-cable-price.jpg","datePublished":"2019-04-10T09:36:02+00:00","dateModified":"2023-07-21T08:38:55+00:00","description":"Huadong Cable Group es l\u00edder 11kv 33kv xlpe 300mm solo n\u00facleo de cable blindado fabricante, venta directa de f\u00e1brica 300mm2 solo precio del cable de n\u00facleo a bajo precio","inLanguage":"es","potentialAction":[{"@type":"ReadAction","target":["https:\/\/hdcarmouredcable.com\/300mm-single-core-armoured-cable\/"]}]},{"@type":"ImageObject","inLanguage":"es","@id":"https:\/\/hdcarmouredcable.com\/300mm-single-core-armoured-cable\/#primaryimage","url":"https:\/\/hdcarmouredcable.com\/wp-content\/uploads\/2019\/04\/11kv-300mm-single-core-armoured-cable-price.jpg","contentUrl":"https:\/\/hdcarmouredcable.com\/wp-content\/uploads\/2019\/04\/11kv-300mm-single-core-armoured-cable-price.jpg"},{"@type":"WebSite","@id":"https:\/\/hdcarmouredcable.com\/#website","url":"https:\/\/hdcarmouredcable.com\/","name":"Grupo Huadong de cables armados","description":"fabricante profesional de cables blindados de alambre de acero","publisher":{"@id":"https:\/\/hdcarmouredcable.com\/#organization"},"potentialAction":[{"@type":"SearchAction","target":{"@type":"EntryPoint","urlTemplate":"https:\/\/hdcarmouredcable.com\/?s={search_term_string}"},"query-input":{"@type":"PropertyValueSpecification","valueRequired":true,"valueName":"search_term_string"}}],"inLanguage":"es"},{"@type":"Organization","@id":"https:\/\/hdcarmouredcable.com\/#organization","name":"Grupo Huadong Cable","url":"https:\/\/hdcarmouredcable.com\/","logo":{"@type":"ImageObject","inLanguage":"es","@id":"https:\/\/hdcarmouredcable.com\/#\/schema\/logo\/image\/","url":"https:\/\/hdcarmouredcable.com\/wp-content\/uploads\/2022\/07\/Huadong-log.png","contentUrl":"https:\/\/hdcarmouredcable.com\/wp-content\/uploads\/2022\/07\/Huadong-log.png","width":860,"height":860,"caption":"Huadong Cable Group"},"image":{"@id":"https:\/\/hdcarmouredcable.com\/#\/schema\/logo\/image\/"},"sameAs":["https:\/\/www.facebook.com\/lily.ding.52","https:\/\/www.linkedin.com\/in\/lilyxlpecable\/"]}]}},"amp_enabled":true,"_links":{"self":[{"href":"https:\/\/hdcarmouredcable.com\/es\/wp-json\/wp\/v2\/pages\/1642","targetHints":{"allow":["GET"]}}],"collection":[{"href":"https:\/\/hdcarmouredcable.com\/es\/wp-json\/wp\/v2\/pages"}],"about":[{"href":"https:\/\/hdcarmouredcable.com\/es\/wp-json\/wp\/v2\/types\/page"}],"author":[{"embeddable":true,"href":"https:\/\/hdcarmouredcable.com\/es\/wp-json\/wp\/v2\/users\/1"}],"replies":[{"embeddable":true,"href":"https:\/\/hdcarmouredcable.com\/es\/wp-json\/wp\/v2\/comments?post=1642"}],"version-history":[{"count":10,"href":"https:\/\/hdcarmouredcable.com\/es\/wp-json\/wp\/v2\/pages\/1642\/revisions"}],"predecessor-version":[{"id":9452,"href":"https:\/\/hdcarmouredcable.com\/es\/wp-json\/wp\/v2\/pages\/1642\/revisions\/9452"}],"wp:attachment":[{"href":"https:\/\/hdcarmouredcable.com\/es\/wp-json\/wp\/v2\/media?parent=1642"}],"curies":[{"name":"wp","href":"https:\/\/api.w.org\/{rel}","templated":true}]}}