{"id":2487,"date":"2019-08-16T17:51:42","date_gmt":"2019-08-16T09:51:42","guid":{"rendered":"https:\/\/hdcarmouredcable.com\/?page_id=2487"},"modified":"2023-07-21T16:04:25","modified_gmt":"2023-07-21T08:04:25","slug":"2-18-awg-soow-cable-wire","status":"publish","type":"page","link":"https:\/\/hdcarmouredcable.com\/es\/2-18-awg-soow-cable-wire\/","title":{"rendered":"2\/3\/4\/5\/6 n\u00facleo 2 4 6 8 10 12 14 16 18 AWG soow cable wire-heavy duty port\u00e1til cable el\u00e9ctrico"},"content":{"rendered":"<h2>Aplicaci\u00f3n del cable 4 4 SOOW<\/h2>\n<p>Cada vez que usted compra el 6 awg 4 conductor soow cable de southwire soow o huadong cable, usted necesita ahora c\u00f3mo aplicaci\u00f3n. En primer lugar, el cable el\u00e9ctrico port\u00e1til 6 4 SOOW es un tipo de cable port\u00e1til. As\u00ed que Carol ofrece una serie de ventajas importantes que lo convierten en una gran opci\u00f3n para una variedad de aplicaciones industriales, comerciales y residenciales, tanto en interiores como en exteriores.  Por lo tanto, muchas de las ventajas del cable SOOW se se\u00f1alan en su nombre.<\/p>\n<p><img loading=\"lazy\" decoding=\"async\" class=\"aligncenter size-full wp-image-2490\" src=\"https:\/\/hdcarmouredcable.com\/wp-content\/uploads\/2019\/08\/18-2-SOOW-cable-18-AWG-2-Conductor.jpg\" alt=\"18 2 Cable SOOW, 18 AWG 2 conductores\" width=\"1084\" height=\"246\" srcset=\"https:\/\/hdcarmouredcable.com\/wp-content\/uploads\/2019\/08\/18-2-SOOW-cable-18-AWG-2-Conductor.jpg 1084w, https:\/\/hdcarmouredcable.com\/wp-content\/uploads\/2019\/08\/18-2-SOOW-cable-18-AWG-2-Conductor-300x68.jpg 300w, https:\/\/hdcarmouredcable.com\/wp-content\/uploads\/2019\/08\/18-2-SOOW-cable-18-AWG-2-Conductor-768x174.jpg 768w, https:\/\/hdcarmouredcable.com\/wp-content\/uploads\/2019\/08\/18-2-SOOW-cable-18-AWG-2-Conductor-1024x232.jpg 1024w\" sizes=\"auto, (max-width: 1084px) 100vw, 1084px\" \/><\/p>\n<p style=\"text-align: center;\"><span class=\"su-lightbox\" data-mfp-src=\"#popmake-form\" data-mfp-type=\"inline\" data-mobile=\"yes\"><button class=\"btn btn-danger btn-sm\" ><i class=\"glyphicon glyphicon-ok-sign\" style=\"color:#eeee22;\"><\/i> Obtener precio de alambre de soja 6\/4<\/button><\/span><a class=\"btn btn-danger btn-sm\" href=\"mailto:info@hdcarmouredcable.com\"  rel=\"\"  target=\"_self\"><i class=\"fa fa-envelope-o\" style=\"color:#eeee22;\"><\/i> info@hdcarmouredcable.com<\/a>\n<h2>El par\u00e1metro Fecha de 6\/4 10\/4 4 4 SOOW Wire<\/h2>\n<div class=\"row prodetails\">\n<div class=\"col-lg-6 col-md-12 col-xs-12 col-sm-12\">\n<h3 style=\"text-align: left;\">2\/4, 2\/3, 4\/4, 6\/4, 8\/4, 10\/4, 12\/4, 10\/4 Cable port\u00e1til SOOW<\/h3>\n<p>Por ejemplo: 10\/2 SOOW, 10 AWG 2 Conductor<br \/>\n12\/4 SOOW, 12 AWG 4 conductores<br \/>\n10\/3 SOOW, 10 AWG 3 conductores<br \/>\n10\/4 SOOW, 10 AWG 4 conductores<br \/>\n8\/3 Carol Cable SOOW, 8 AWG 3 Conductor<br \/>\n8\/4 SOOW, 8 AWG 4 conductores<br \/>\n6\/3 SOOW, 6 AWG 3 conductores<br \/>\n6\/4 SOOW wire, 6 AWG 4 Conductor is also 6 awg 4 conductor soow<br \/>\n4\/3 SOOW, 4 AWG 3 conductores<br \/>\n4\/4 SOOW, 4 AWG 4 conductores<br \/>\n2\/3 SOOW, 2 AWG 3 Conductor<br \/>\n2\/4 SOOW, 2 AWG 4 Conductor y as\u00ed sucesivamente.<\/div>\n<div class=\"col-lg-6 col-md-12 col-xs-12 col-sm-12\">\n<h3 style=\"text-align: left;\">Cable SOOW 12 -18 AWG<\/h3>\n<p>Por ejemplo: 18\/2 SOOW, 18 AWG 2 Conductor<br \/>\n16\/2 SOOW, 16 AWG 2 conductores<br \/>\n18\/3 SOOW, 18 AWG 3 conductores<br \/>\n16\/3 Carol Cable SOOW, 16 AWG 3 Conductores<br \/>\n18\/4 SOOW, 18 AWG 4 conductores<br \/>\n14\/2 SOOW, 14 AWG 2 conductores<br \/>\n16\/4 SOOW, 16 AWG 4 conductores<br \/>\n14\/3 SOOW Wire, 14 AWG 3 Conductor<br \/>\n12\/2 SOOW, 12 AWG 2 conductores<br \/>\nTanto 18\/5 SOOW, como 18 AWG 5 Conductor<br \/>\n18\/6 SOOW, 18 AWG 6 conductores<br \/>\n14\/4 SOOW, 14 AWG 4 conductores<br \/>\n12\/3 Carol Cable SOOW, 12 AWG 3 Conductor y as\u00ed sucesivamente.<\/div>\n<\/div>\n<h2>SOOW Cable-cable el\u00e9ctrico port\u00e1til de alta resistencia<\/h2>\n<div class=\"row prodetails\">\n<div class=\"col-lg-5 col-md-12 col-xs-12 col-sm-12\">\n<p><img loading=\"lazy\" decoding=\"async\" class=\"size-full wp-image-2501\" src=\"https:\/\/hdcarmouredcable.com\/wp-content\/uploads\/2019\/08\/oil-resistance-6-4-soow-wire-.png\" alt=\"resistencia aceite 6 4 hilo soow\" width=\"220\" height=\"212\" \/><\/p>\n<\/div>\n<div class=\"col-lg-7 col-md-12 col-xs-12 col-sm-12\">\n<p><strong>Tensi\u00f3n:<\/strong> 600 V, etc.<br \/>\n<strong>N\u00famero de conductores<\/strong>2 n\u00facleos, 3 n\u00facleos, 4 n\u00facleos, 5 n\u00facleos, etc.<br \/>\n<strong>Tama\u00f1o del cable SOOW: \u00a0<\/strong>Tanto 2-8AWG como 10 AWG, 12AWG, 14 AWG, 16 AWG, 18AWG, etc.<br \/>\n<strong>Material del conductor:<\/strong> Cobre trenzado totalmente recocido y cobre desnudo<br \/>\n<strong>Rango de temperatura :<\/strong> -40F a 194F | -40C a 90C y as\u00ed sucesivamente.<br \/>\nS = Servicio, O = Conductores resistentes al aceite, O = Cubierta resistente al aceite,W = Resistente al agua<\/p>\n<p style=\"text-align: center;\"><span class=\"su-lightbox\" data-mfp-src=\"#popmake-form\" data-mfp-type=\"inline\" data-mobile=\"yes\"><button class=\"btn btn-danger btn-sm\" ><i class=\"glyphicon glyphicon-ok-sign\" style=\"color:#eeee22;\"><\/i> Obtenga cable blindado soow 10\/4 precio<\/button><\/span>\n<\/div>\n<\/div>\n<h2>Caracter\u00edsticas del cable SOOW<\/h2>\n<p>Debido a la 6 4 cable soow es un calibre 6 4 conductores como un tama\u00f1o de SOOW Wire-pesado cable el\u00e9ctrico port\u00e1til. Por lo tanto, cable el\u00e9ctrico port\u00e1til soow 10\/4 tiene aplicaciones con herramientas port\u00e1tiles. Tales como: equipos, y electrodom\u00e9sticos, as\u00ed como peque\u00f1os motores y maquinaria asociada. Mientras tanto huadong es el mismo famoso de southwire soow. hemos exportado el 6 awg 4 conductor soow a Filipinas, Malasia, Singapur, Vietnam, Emiratos \u00c1rabes Unidos, Mongolia, Zambia, Nigeria, Togo y as\u00ed sucesivamente.<\/p>\n<p>Al mismo tiempo, el cable el\u00e9ctrico port\u00e1til SOOW tambi\u00e9n se caracteriza por la calidad de la resistencia a la tracci\u00f3n, alargamiento. Y entonces el alambre de soow 6 4 caracter\u00edsticas de envejecimiento junto con una alta flexibilidad y resistencia a la abrasi\u00f3n. As\u00ed pues, el cable de soja Carol 6\/4 est\u00e1 certificado para su uso en interiores y exteriores y es resistente al ozono, a la luz solar (UV) y a la intemperie.<\/p>\n<p>Pero no todos los cables el\u00e9ctricos port\u00e1tiles son iguales.  Si desea un cable el\u00e9ctrico port\u00e1til 10 4 so que es resistente, duradero, puede soportar a trav\u00e9s de situaciones desordenadas, y pr\u00e1cticamente no envejece con el tiempo, entonces usted querr\u00e1 Carol 4\/4 soow cord. podemos suministrar muestra gratis <a href=\"https:\/\/hdcarmouredcable.com\/es\/cable-de-junta-resistente-al-aceite\/\" target=\"_blank\" rel=\"noopener noreferrer\">precio del cable sjoow<\/a><\/p>\n<figure id=\"attachment_2512\" aria-describedby=\"caption-attachment-2512\" style=\"width: 820px\" class=\"wp-caption aligncenter\"><img loading=\"lazy\" decoding=\"async\" class=\"size-full wp-image-2512\" src=\"https:\/\/hdcarmouredcable.com\/wp-content\/uploads\/2019\/08\/resistance-oil-6-awg-4-conductor-soow.jpg\" alt=\"resistencia aceite 6 awg 4 conductores soow\" width=\"830\" height=\"200\" srcset=\"https:\/\/hdcarmouredcable.com\/wp-content\/uploads\/2019\/08\/resistance-oil-6-awg-4-conductor-soow.jpg 830w, https:\/\/hdcarmouredcable.com\/wp-content\/uploads\/2019\/08\/resistance-oil-6-awg-4-conductor-soow-300x72.jpg 300w, https:\/\/hdcarmouredcable.com\/wp-content\/uploads\/2019\/08\/resistance-oil-6-awg-4-conductor-soow-768x185.jpg 768w, https:\/\/hdcarmouredcable.com\/wp-content\/uploads\/2019\/08\/resistance-oil-6-awg-4-conductor-soow-600x145.jpg 600w\" sizes=\"auto, (max-width: 830px) 100vw, 830px\" \/><figcaption id=\"caption-attachment-2512\" class=\"wp-caption-text\">resistencia aceite 6 awg 4 conductores soow<\/figcaption><\/figure>\n\n<div class=\"wpcf7 no-js\" id=\"wpcf7-f5785-o1\" lang=\"en-US\" dir=\"ltr\" data-wpcf7-id=\"5785\">\n<div class=\"screen-reader-response\"><p role=\"status\" aria-live=\"polite\" aria-atomic=\"true\"><\/p> <ul><\/ul><\/div>\n<form action=\"\/es\/wp-json\/wp\/v2\/pages\/2487#wpcf7-f5785-o1\" method=\"post\" class=\"wpcf7-form init\" aria-label=\"Formulario de contacto\" novalidate=\"novalidate\" data-status=\"init\" data-trp-original-action=\"\/es\/wp-json\/wp\/v2\/pages\/2487#wpcf7-f5785-o1\">\n<div style=\"display: none;\">\n<input type=\"hidden\" name=\"_wpcf7\" value=\"5785\" \/>\n<input type=\"hidden\" name=\"_wpcf7_version\" value=\"6.0.6\" \/>\n<input type=\"hidden\" name=\"_wpcf7_locale\" value=\"en_US\" \/>\n<input type=\"hidden\" name=\"_wpcf7_unit_tag\" value=\"wpcf7-f5785-o1\" \/>\n<input type=\"hidden\" name=\"_wpcf7_container_post\" value=\"0\" \/>\n<input type=\"hidden\" name=\"_wpcf7_posted_data_hash\" value=\"\" \/>\n<\/div>\n<div>\n\t<h2>Deje su mensaje, Obtenga un presupuesto gratuito\n\t<\/h2>\n\t<p>Trabajemos juntos en su proyecto por correo electr\u00f3nico: <a href=\"mailto:info@hdcarmouredcable.com\" rel=\"nofollow\">info@hdcarmouredcable.com<\/a>\n\t<\/p>\n\t<div class=\"messageform\">\n\t\t<p><strong><span style=\"color:red;\">*<\/span> Su nombre<\/strong><br \/>\n<span class=\"wpcf7-form-control-wrap\" data-name=\"your-name\"><input size=\"40\" maxlength=\"400\" class=\"wpcf7-form-control wpcf7-text wpcf7-validates-as-required\" aria-required=\"true\" aria-invalid=\"false\" value=\"\" type=\"text\" name=\"your-name\" \/><\/span>\n\t\t<\/p>\n\t\t<p><strong><span style=\"color:red;\">*<\/span> Su correo electr\u00f3nico<\/strong>\n\t\t<\/p>\n\t\t<p><span class=\"wpcf7-form-control-wrap\" data-name=\"your-email\"><input size=\"40\" maxlength=\"400\" class=\"wpcf7-form-control wpcf7-email wpcf7-validates-as-required wpcf7-text wpcf7-validates-as-email\" aria-required=\"true\" aria-invalid=\"false\" value=\"\" type=\"email\" name=\"your-email\" \/><\/span>\n\t\t<\/p>\n\t\t<p><strong>Su pa\u00eds<\/strong>\n\t\t<\/p>\n\t\t<p><span class=\"wpcf7-form-control-wrap\" data-name=\"your-country\"><input size=\"40\" maxlength=\"400\" class=\"wpcf7-form-control wpcf7-text\" aria-invalid=\"false\" value=\"\" type=\"text\" name=\"your-country\" \/><\/span>\n\t\t<\/p>\n\t\t<p><strong><span style=\"color:red;\">*<\/span> Sus requisitos<\/strong>\n\t\t<\/p>\n\t\t<p><span class=\"wpcf7-form-control-wrap\" data-name=\"your-requirement\"><textarea cols=\"40\" rows=\"10\" maxlength=\"2000\" class=\"wpcf7-form-control wpcf7-textarea wpcf7-validates-as-required bestonmessage\" aria-required=\"true\" aria-invalid=\"false\" placeholder=\"Para obtener un presupuesto detallado, env\u00edenos sus requisitos.\" name=\"your-requirement\"><\/textarea><\/span>\n\t\t<\/p>\n\t\t<p><input class=\"wpcf7-form-control wpcf7-submit has-spinner\" type=\"submit\" value=\"Enviar mensaje\" \/>\n\t\t<\/p>\n\t<\/div>\n<\/div><input type='hidden' class='wpcf7-pum' value='{\"closepopup\":false,\"closedelay\":0,\"openpopup\":false,\"openpopup_id\":0}' \/><div class=\"wpcf7-response-output\" aria-hidden=\"true\"><\/div>\n<input type=\"hidden\" name=\"trp-form-language\" value=\"es\"\/><\/form>\n<\/div>\n\n<div class=\"su-lightbox-content su-u-trim\" id=\"popmake-form\" style=\"display:none;width:85%;min-width:none;max-width:600px;margin-top:40px;margin-bottom:40px;padding:20px;background:#FFFFFF;color:#333333;box-shadow:0px 0px 15px #333333;text-align:left\">\n<div class=\"wpcf7 no-js\" id=\"wpcf7-f5800-o2\" lang=\"en-US\" dir=\"ltr\" data-wpcf7-id=\"5800\">\n<div class=\"screen-reader-response\"><p role=\"status\" aria-live=\"polite\" aria-atomic=\"true\"><\/p> <ul><\/ul><\/div>\n<form action=\"\/es\/wp-json\/wp\/v2\/pages\/2487#wpcf7-f5800-o2\" method=\"post\" class=\"wpcf7-form init\" aria-label=\"Formulario de contacto\" novalidate=\"novalidate\" data-status=\"init\" data-trp-original-action=\"\/es\/wp-json\/wp\/v2\/pages\/2487#wpcf7-f5800-o2\">\n<div style=\"display: none;\">\n<input type=\"hidden\" name=\"_wpcf7\" value=\"5800\" \/>\n<input type=\"hidden\" name=\"_wpcf7_version\" value=\"6.0.6\" \/>\n<input type=\"hidden\" name=\"_wpcf7_locale\" value=\"en_US\" \/>\n<input type=\"hidden\" name=\"_wpcf7_unit_tag\" value=\"wpcf7-f5800-o2\" \/>\n<input type=\"hidden\" name=\"_wpcf7_container_post\" value=\"0\" \/>\n<input type=\"hidden\" name=\"_wpcf7_posted_data_hash\" value=\"\" \/>\n<\/div>\n<div class=\"popmakerform\">\n\t<h3>Obtener presupuesto gratuito\n\t<\/h3>\n\t<p>Trabajemos juntos en su proyecto por correo electr\u00f3nico: <a href=\"mailto:info@hdcarmouredcable.com\" rel=\"nofollow\">info@hdcarmouredcable.com<\/a>\n\t<\/p>\n\t<p>Producto de inter\u00e9s <span style=\"color:red;\">*<span><br \/>\n<span class=\"wpcf7-form-control-wrap\" data-name=\"item\"><input size=\"40\" maxlength=\"400\" class=\"wpcf7-form-control wpcf7-text\" id=\"item\" aria-invalid=\"false\" value=\"\" type=\"text\" name=\"item\" \/><\/span><\/span><\/span>\n\t<\/p>\n\t<p>Su nombre <span style=\"color:red;\">*<span><br \/>\n<span class=\"wpcf7-form-control-wrap\" data-name=\"your-name\"><input size=\"40\" maxlength=\"400\" class=\"wpcf7-form-control wpcf7-text wpcf7-validates-as-required\" aria-required=\"true\" aria-invalid=\"false\" value=\"\" type=\"text\" name=\"your-name\" \/><\/span><\/span><\/span>\n\t<\/p>\n\t<p>Su correo electr\u00f3nico <span style=\"color:red;\">*<span><br \/>\n<span class=\"wpcf7-form-control-wrap\" data-name=\"your-email\"><input size=\"40\" maxlength=\"400\" class=\"wpcf7-form-control wpcf7-email wpcf7-validates-as-required wpcf7-text wpcf7-validates-as-email\" aria-required=\"true\" aria-invalid=\"false\" value=\"\" type=\"email\" name=\"your-email\" \/><\/span><\/span><\/span>\n\t<\/p>\n\t<p>Su n\u00famero de tel\u00e9fono (incluya el prefijo)<br \/>\n<span class=\"wpcf7-form-control-wrap\" data-name=\"your-phone\"><input size=\"40\" maxlength=\"400\" class=\"wpcf7-form-control wpcf7-text\" aria-invalid=\"false\" value=\"\" type=\"text\" name=\"your-phone\" \/><\/span>\n\t<\/p>\n\t<p>Su pa\u00eds<br \/>\n<span class=\"wpcf7-form-control-wrap\" data-name=\"your-country\"><input size=\"40\" maxlength=\"400\" class=\"wpcf7-form-control wpcf7-text\" aria-invalid=\"false\" value=\"\" type=\"text\" name=\"your-country\" \/><\/span>\n\t<\/p>\n\t<p>Requisitos detallados <span style=\"color:red;\">*<span><br \/>\n<span class=\"wpcf7-form-control-wrap\" data-name=\"your-requirement\"><textarea cols=\"40\" rows=\"5\" maxlength=\"2000\" class=\"wpcf7-form-control wpcf7-textarea wpcf7-validates-as-required\" aria-required=\"true\" aria-invalid=\"false\" placeholder=\"Para obtener un presupuesto detallado, env\u00edenos sus requisitos detallados. *\" name=\"your-requirement\"><\/textarea><\/span><\/span><\/span>\n\t<\/p>\n\t<p><input class=\"wpcf7-form-control wpcf7-submit has-spinner\" type=\"submit\" value=\"Obtener presupuesto\" \/>\n\t<\/p>\n<\/div><input type='hidden' class='wpcf7-pum' value='{\"closepopup\":false,\"closedelay\":0,\"openpopup\":false,\"openpopup_id\":0}' \/><div class=\"wpcf7-response-output\" aria-hidden=\"true\"><\/div>\n<input type=\"hidden\" name=\"trp-form-language\" value=\"es\"\/><\/form>\n<\/div>\n<\/div>","protected":false},"excerpt":{"rendered":"<p>Aplicaci\u00f3n de 4 4 SOOW Cable Cada vez que usted compra el 6 awg 4 conductor soow cable de southwire soow o huadong cable, usted necesita ahora c\u00f3mo aplicaci\u00f3n. En primer lugar, el cable el\u00e9ctrico port\u00e1til 6 4 SOOW es un tipo de cable port\u00e1til. Para que Carol ofrece una serie de ventajas importantes que lo convierten en una gran opci\u00f3n para ... <a class=\"read-more\" href=\"https:\/\/hdcarmouredcable.com\/es\/2-18-awg-soow-cable-wire\/\">Leer m\u00e1s...<\/a><\/p>","protected":false},"author":1,"featured_media":0,"parent":0,"menu_order":0,"comment_status":"closed","ping_status":"closed","template":"","meta":{"_joinchat":[],"footnotes":""},"class_list":["post-2487","page","type-page","status-publish"],"yoast_head":"<!-- This site is optimized with the Yoast SEO plugin v25.1 - https:\/\/yoast.com\/wordpress\/plugins\/seo\/ -->\n<title>2 3 4 5 6 Cores 2 4 6 8 10 12 14 16 18 AWG SOOW Cable Wire supplier<\/title>\n<meta name=\"description\" content=\"Huadong whosale 2\/4, 2\/3, 4\/4, 4\/3, 6\/4, 6\/3, 8\/4, 8\/3, 10\/3, 10\/4, 12\/4, 12\/3, 14\/4, 18\/6, 18\/5, 12\/2, 14\/3,16\/4, 18\/3 16\/2, 18\/2 AWG Soow Cable Wire price\" \/>\n<meta name=\"robots\" content=\"index, follow, max-snippet:-1, max-image-preview:large, max-video-preview:-1\" \/>\n<link rel=\"canonical\" href=\"https:\/\/hdcarmouredcable.com\/es\/2-18-awg-soow-cable-wire\/\" \/>\n<meta property=\"og:locale\" content=\"es_ES\" \/>\n<meta property=\"og:type\" content=\"article\" \/>\n<meta property=\"og:title\" content=\"2 3 4 5 6 Cores 2 4 6 8 10 12 14 16 18 AWG SOOW Cable Wire supplier\" \/>\n<meta property=\"og:description\" content=\"Huadong whosale 2\/4, 2\/3, 4\/4, 4\/3, 6\/4, 6\/3, 8\/4, 8\/3, 10\/3, 10\/4, 12\/4, 12\/3, 14\/4, 18\/6, 18\/5, 12\/2, 14\/3,16\/4, 18\/3 16\/2, 18\/2 AWG Soow Cable Wire price\" \/>\n<meta property=\"og:url\" content=\"https:\/\/hdcarmouredcable.com\/es\/2-18-awg-soow-cable-wire\/\" \/>\n<meta property=\"og:site_name\" content=\"Huadong Armoured Cable Group\" \/>\n<meta property=\"article:publisher\" content=\"https:\/\/www.facebook.com\/lily.ding.52\" \/>\n<meta property=\"article:modified_time\" content=\"2023-07-21T08:04:25+00:00\" \/>\n<meta property=\"og:image\" content=\"https:\/\/hdcarmouredcable.com\/wp-content\/uploads\/2019\/08\/18-2-SOOW-cable-18-AWG-2-Conductor.jpg\" \/>\n<meta name=\"twitter:card\" content=\"summary_large_image\" \/>\n<meta name=\"twitter:label1\" content=\"Tiempo de lectura\" \/>\n\t<meta name=\"twitter:data1\" content=\"4 minutos\" \/>\n<script type=\"application\/ld+json\" class=\"yoast-schema-graph\">{\"@context\":\"https:\/\/schema.org\",\"@graph\":[{\"@type\":\"WebPage\",\"@id\":\"https:\/\/hdcarmouredcable.com\/2-18-awg-soow-cable-wire\/\",\"url\":\"https:\/\/hdcarmouredcable.com\/2-18-awg-soow-cable-wire\/\",\"name\":\"2 3 4 5 6 Cores 2 4 6 8 10 12 14 16 18 AWG SOOW Cable Wire supplier\",\"isPartOf\":{\"@id\":\"https:\/\/hdcarmouredcable.com\/#website\"},\"primaryImageOfPage\":{\"@id\":\"https:\/\/hdcarmouredcable.com\/2-18-awg-soow-cable-wire\/#primaryimage\"},\"image\":{\"@id\":\"https:\/\/hdcarmouredcable.com\/2-18-awg-soow-cable-wire\/#primaryimage\"},\"thumbnailUrl\":\"https:\/\/hdcarmouredcable.com\/wp-content\/uploads\/2019\/08\/18-2-SOOW-cable-18-AWG-2-Conductor.jpg\",\"datePublished\":\"2019-08-16T09:51:42+00:00\",\"dateModified\":\"2023-07-21T08:04:25+00:00\",\"description\":\"Huadong whosale 2\/4, 2\/3, 4\/4, 4\/3, 6\/4, 6\/3, 8\/4, 8\/3, 10\/3, 10\/4, 12\/4, 12\/3, 14\/4, 18\/6, 18\/5, 12\/2, 14\/3,16\/4, 18\/3 16\/2, 18\/2 AWG Soow Cable Wire price\",\"inLanguage\":\"es\",\"potentialAction\":[{\"@type\":\"ReadAction\",\"target\":[\"https:\/\/hdcarmouredcable.com\/2-18-awg-soow-cable-wire\/\"]}]},{\"@type\":\"ImageObject\",\"inLanguage\":\"es\",\"@id\":\"https:\/\/hdcarmouredcable.com\/2-18-awg-soow-cable-wire\/#primaryimage\",\"url\":\"https:\/\/hdcarmouredcable.com\/wp-content\/uploads\/2019\/08\/18-2-SOOW-cable-18-AWG-2-Conductor.jpg\",\"contentUrl\":\"https:\/\/hdcarmouredcable.com\/wp-content\/uploads\/2019\/08\/18-2-SOOW-cable-18-AWG-2-Conductor.jpg\"},{\"@type\":\"WebSite\",\"@id\":\"https:\/\/hdcarmouredcable.com\/#website\",\"url\":\"https:\/\/hdcarmouredcable.com\/\",\"name\":\"Huadong Armoured Cable Group\",\"description\":\"professional steel wire armoured cable manufacturer\",\"publisher\":{\"@id\":\"https:\/\/hdcarmouredcable.com\/#organization\"},\"potentialAction\":[{\"@type\":\"SearchAction\",\"target\":{\"@type\":\"EntryPoint\",\"urlTemplate\":\"https:\/\/hdcarmouredcable.com\/?s={search_term_string}\"},\"query-input\":{\"@type\":\"PropertyValueSpecification\",\"valueRequired\":true,\"valueName\":\"search_term_string\"}}],\"inLanguage\":\"es\"},{\"@type\":\"Organization\",\"@id\":\"https:\/\/hdcarmouredcable.com\/#organization\",\"name\":\"Huadong Cable Group\",\"url\":\"https:\/\/hdcarmouredcable.com\/\",\"logo\":{\"@type\":\"ImageObject\",\"inLanguage\":\"es\",\"@id\":\"https:\/\/hdcarmouredcable.com\/#\/schema\/logo\/image\/\",\"url\":\"https:\/\/hdcarmouredcable.com\/wp-content\/uploads\/2022\/07\/Huadong-log.png\",\"contentUrl\":\"https:\/\/hdcarmouredcable.com\/wp-content\/uploads\/2022\/07\/Huadong-log.png\",\"width\":860,\"height\":860,\"caption\":\"Huadong Cable Group\"},\"image\":{\"@id\":\"https:\/\/hdcarmouredcable.com\/#\/schema\/logo\/image\/\"},\"sameAs\":[\"https:\/\/www.facebook.com\/lily.ding.52\",\"https:\/\/www.linkedin.com\/in\/lilyxlpecable\/\"]}]}<\/script>\n<!-- \/ Yoast SEO plugin. -->","yoast_head_json":{"title":"2 3 4 5 6 N\u00facleos 2 4 6 8 10 12 14 16 18 AWG Cable SOOW Proveedor de cables","description":"Huadong whosale 2\/4, 2\/3, 4\/4, 4\/3, 6\/4, 6\/3, 8\/4, 8\/3, 10\/3, 10\/4, 12\/4, 12\/3, 14\/4, 18\/6, 18\/5, 12\/2, 14\/3,16\/4, 18\/3 16\/2, 18\/2 AWG Soow Cable Wire precio","robots":{"index":"index","follow":"follow","max-snippet":"max-snippet:-1","max-image-preview":"max-image-preview:large","max-video-preview":"max-video-preview:-1"},"canonical":"https:\/\/hdcarmouredcable.com\/es\/2-18-awg-soow-cable-wire\/","og_locale":"es_ES","og_type":"article","og_title":"2 3 4 5 6 Cores 2 4 6 8 10 12 14 16 18 AWG SOOW Cable Wire supplier","og_description":"Huadong whosale 2\/4, 2\/3, 4\/4, 4\/3, 6\/4, 6\/3, 8\/4, 8\/3, 10\/3, 10\/4, 12\/4, 12\/3, 14\/4, 18\/6, 18\/5, 12\/2, 14\/3,16\/4, 18\/3 16\/2, 18\/2 AWG Soow Cable Wire price","og_url":"https:\/\/hdcarmouredcable.com\/es\/2-18-awg-soow-cable-wire\/","og_site_name":"Huadong Armoured Cable Group","article_publisher":"https:\/\/www.facebook.com\/lily.ding.52","article_modified_time":"2023-07-21T08:04:25+00:00","og_image":[{"url":"https:\/\/hdcarmouredcable.com\/wp-content\/uploads\/2019\/08\/18-2-SOOW-cable-18-AWG-2-Conductor.jpg","type":"","width":"","height":""}],"twitter_card":"summary_large_image","twitter_misc":{"Tiempo de lectura":"4 minutos"},"schema":{"@context":"https:\/\/schema.org","@graph":[{"@type":"WebPage","@id":"https:\/\/hdcarmouredcable.com\/2-18-awg-soow-cable-wire\/","url":"https:\/\/hdcarmouredcable.com\/2-18-awg-soow-cable-wire\/","name":"2 3 4 5 6 N\u00facleos 2 4 6 8 10 12 14 16 18 AWG Cable SOOW Proveedor de cables","isPartOf":{"@id":"https:\/\/hdcarmouredcable.com\/#website"},"primaryImageOfPage":{"@id":"https:\/\/hdcarmouredcable.com\/2-18-awg-soow-cable-wire\/#primaryimage"},"image":{"@id":"https:\/\/hdcarmouredcable.com\/2-18-awg-soow-cable-wire\/#primaryimage"},"thumbnailUrl":"https:\/\/hdcarmouredcable.com\/wp-content\/uploads\/2019\/08\/18-2-SOOW-cable-18-AWG-2-Conductor.jpg","datePublished":"2019-08-16T09:51:42+00:00","dateModified":"2023-07-21T08:04:25+00:00","description":"Huadong whosale 2\/4, 2\/3, 4\/4, 4\/3, 6\/4, 6\/3, 8\/4, 8\/3, 10\/3, 10\/4, 12\/4, 12\/3, 14\/4, 18\/6, 18\/5, 12\/2, 14\/3,16\/4, 18\/3 16\/2, 18\/2 AWG Soow Cable Wire precio","inLanguage":"es","potentialAction":[{"@type":"ReadAction","target":["https:\/\/hdcarmouredcable.com\/2-18-awg-soow-cable-wire\/"]}]},{"@type":"ImageObject","inLanguage":"es","@id":"https:\/\/hdcarmouredcable.com\/2-18-awg-soow-cable-wire\/#primaryimage","url":"https:\/\/hdcarmouredcable.com\/wp-content\/uploads\/2019\/08\/18-2-SOOW-cable-18-AWG-2-Conductor.jpg","contentUrl":"https:\/\/hdcarmouredcable.com\/wp-content\/uploads\/2019\/08\/18-2-SOOW-cable-18-AWG-2-Conductor.jpg"},{"@type":"WebSite","@id":"https:\/\/hdcarmouredcable.com\/#website","url":"https:\/\/hdcarmouredcable.com\/","name":"Grupo Huadong de cables armados","description":"fabricante profesional de cables blindados de alambre de acero","publisher":{"@id":"https:\/\/hdcarmouredcable.com\/#organization"},"potentialAction":[{"@type":"SearchAction","target":{"@type":"EntryPoint","urlTemplate":"https:\/\/hdcarmouredcable.com\/?s={search_term_string}"},"query-input":{"@type":"PropertyValueSpecification","valueRequired":true,"valueName":"search_term_string"}}],"inLanguage":"es"},{"@type":"Organization","@id":"https:\/\/hdcarmouredcable.com\/#organization","name":"Grupo Huadong Cable","url":"https:\/\/hdcarmouredcable.com\/","logo":{"@type":"ImageObject","inLanguage":"es","@id":"https:\/\/hdcarmouredcable.com\/#\/schema\/logo\/image\/","url":"https:\/\/hdcarmouredcable.com\/wp-content\/uploads\/2022\/07\/Huadong-log.png","contentUrl":"https:\/\/hdcarmouredcable.com\/wp-content\/uploads\/2022\/07\/Huadong-log.png","width":860,"height":860,"caption":"Huadong Cable Group"},"image":{"@id":"https:\/\/hdcarmouredcable.com\/#\/schema\/logo\/image\/"},"sameAs":["https:\/\/www.facebook.com\/lily.ding.52","https:\/\/www.linkedin.com\/in\/lilyxlpecable\/"]}]}},"amp_enabled":true,"_links":{"self":[{"href":"https:\/\/hdcarmouredcable.com\/es\/wp-json\/wp\/v2\/pages\/2487","targetHints":{"allow":["GET"]}}],"collection":[{"href":"https:\/\/hdcarmouredcable.com\/es\/wp-json\/wp\/v2\/pages"}],"about":[{"href":"https:\/\/hdcarmouredcable.com\/es\/wp-json\/wp\/v2\/types\/page"}],"author":[{"embeddable":true,"href":"https:\/\/hdcarmouredcable.com\/es\/wp-json\/wp\/v2\/users\/1"}],"replies":[{"embeddable":true,"href":"https:\/\/hdcarmouredcable.com\/es\/wp-json\/wp\/v2\/comments?post=2487"}],"version-history":[{"count":19,"href":"https:\/\/hdcarmouredcable.com\/es\/wp-json\/wp\/v2\/pages\/2487\/revisions"}],"predecessor-version":[{"id":9444,"href":"https:\/\/hdcarmouredcable.com\/es\/wp-json\/wp\/v2\/pages\/2487\/revisions\/9444"}],"wp:attachment":[{"href":"https:\/\/hdcarmouredcable.com\/es\/wp-json\/wp\/v2\/media?parent=2487"}],"curies":[{"name":"wp","href":"https:\/\/api.w.org\/{rel}","templated":true}]}}