{"id":2978,"date":"2019-11-11T11:29:28","date_gmt":"2019-11-11T03:29:28","guid":{"rendered":"https:\/\/hdcarmouredcable.com\/?page_id=2978"},"modified":"2023-07-21T15:21:16","modified_gmt":"2023-07-21T07:21:16","slug":"aluminum-duplex-service-drop-cable","status":"publish","type":"page","link":"https:\/\/hdcarmouredcable.com\/es\/cable-duplex-de-aluminio-para-acometidas\/","title":{"rendered":"0.6\/1kv XLPE aluminio urd duplex cable de bajada de servicio"},"content":{"rendered":"<h2>Los diferentes nombres de cable de bajada de servicio d\u00faplex en la palabra<\/h2>\n<p>El cable de bajada de servicio d\u00faplex es uno de los tipos de <a href=\"https:\/\/hdcarmouredcable.com\/es\/4c-abc-cable-malasia\/\" target=\"_blank\" rel=\"noopener noreferrer\">cable abc<\/a>. En primer lugar, se utiliza principalmente para la transmisi\u00f3n a\u00e9rea de energ\u00eda. Por lo general, 0,6\/1kv cable d\u00faplex abc es de baja tensi\u00f3n, por encima de 1kv cable de aluminio urd es beyoned meidum tensi\u00f3n abc cable. Por lo tanto, cuando usted compra el cable de aluminio duplex urd necesita conformarse con el voltaje. Al mismo tiempo, en Asia se denomina cable a\u00e9reo agrupado o cable a\u00e9reo agrupado o cable a\u00e9reo.<\/p>\n<p><img loading=\"lazy\" decoding=\"async\" class=\"aligncenter size-full wp-image-2980\" src=\"https:\/\/hdcarmouredcable.com\/wp-content\/uploads\/2019\/11\/duplex-service-cable.png\" alt=\"cable de servicio d\u00faplex\" width=\"595\" height=\"423\" srcset=\"https:\/\/hdcarmouredcable.com\/wp-content\/uploads\/2019\/11\/duplex-service-cable.png 595w, https:\/\/hdcarmouredcable.com\/wp-content\/uploads\/2019\/11\/duplex-service-cable-300x213.png 300w\" sizes=\"auto, (max-width: 595px) 100vw, 595px\" \/><\/p>\n<p style=\"text-align: center;\"><span class=\"su-lightbox\" data-mfp-src=\"#popmake-form\" data-mfp-type=\"inline\" data-mobile=\"yes\"><button class=\"btn btn-danger btn-sm\" ><i class=\"glyphicon glyphicon-ok-sign\" style=\"color:#eeee22;\"><\/i> Obtener precio de cable de servicio d\u00faplex<\/button><\/span>\n<p>Pero, en Sudam\u00e9rica este cable se denomina cable urd de aluminio o cable de bajada de servicio. Por lo tanto, si usted es el d\u00faplex<a href=\"https:\/\/hdcarmouredcable.com\/es\/servicio-filipinas-precio-drop-wire\/\" target=\"_blank\" rel=\"noopener noreferrer\"> cable de bajada de servicio<\/a> fabricaci\u00f3n, es necesario aprender a limpiar el nombre de los cables abc en diferentes pa\u00edses.<\/p>\n<h2>Cable urd de aluminio XLPE 0,6\/1kv<\/h2>\n<p>Est\u00e1ndar: ICEA S-76-474, etc.<br \/>\nConductor: Aluminio 1350 trenzado.<br \/>\nAislamiento del conductor de fase: Tanto XLPE como PVC.<br \/>\nConductor neutro: AAC, AAAC, ACSR, etc.<br \/>\nTensi\u00f3n: 0,6\/1KV.<\/p>\n<p>El conductor de fase es de aleaci\u00f3n de aluminio 1350-H19 de estirado duro y trenzado conc\u00e9ntrico comprimido.<br \/>\nConductor neutro Los conjuntos de cables de construcci\u00f3n est\u00e1n disponibles con los siguientes conductores neutros:<br \/>\nConductores de CAA, acero revestido reforzado (ACSR), trenzado en capas conc\u00e9ntricas<br \/>\nAleaci\u00f3n de aluminio 1350-H19 de estirado duro, trenzado en capas conc\u00e9ntricas<br \/>\nAleaci\u00f3n de aluminio 6201-T81, trenzado conc\u00e9ntrico.<\/p>\n<div class=\"row\">\n<div class=\"col-lg-6 col-md-12 col-xs-12 col-sm-12\">\n<p><img loading=\"lazy\" decoding=\"async\" class=\"aligncenter size-full wp-image-2990\" src=\"https:\/\/hdcarmouredcable.com\/wp-content\/uploads\/2019\/11\/duplex-urd-wire.jpg\" alt=\"duplex-urd-wire\" width=\"180\" height=\"300\" \/><\/p>\n<\/div>\n<div class=\"col-lg-6 col-md-12 col-xs-12 col-sm-12\">\n<h2>Cable d\u00faplex urd de aluminio nombre en clave art\u00edculo<\/h2>\n<p>Cable URD d\u00faplex 8-8 Bard (enterrado directamente)<br \/>\nCable URD d\u00faplex 6-6 Bard (enterrado directamente)<br \/>\n4-4 Bard duplex URD Wire(direct burial)<br \/>\n2-2 Bard duplex URD Wire(direct burial)<\/p>\n<p style=\"text-align: center;\"><span class=\"su-lightbox\" data-mfp-src=\"#popmake-form\" data-mfp-type=\"inline\" data-mobile=\"yes\"><button class=\"btn btn-danger btn-sm\" ><i class=\"glyphicon glyphicon-ok-sign\" style=\"color:#eeee22;\"><\/i> Obtener precio de cable urd de aluminio<\/button><\/span>\n<\/div>\n<\/div>\n<h2>Material de aislamiento del cable urd de aluminio<\/h2>\n<p>El aislamiento est\u00e1ndar del conductor de fase del cable URD es de polietileno reticulado de baja densidad (XLPE) negro.<br \/>\nComo alternativa, se puede solicitar un aislamiento de polietileno lineal de baja densidad (LLDPE) negro con una temperatura nominal de 75 \u00b0C.<\/p>\n<h2>aac abc drop wire code name paramter<\/h2>\n<p>Siempre que compre el cable abc, debe conocer los par\u00e1metros t\u00e9cnicos detallados. As\u00ed que el siguiente metro principalmente es sutable para Am\u00e9rica est\u00e1ndar.<\/p>\n<p><img loading=\"lazy\" decoding=\"async\" class=\"aligncenter size-full wp-image-2979\" src=\"https:\/\/hdcarmouredcable.com\/wp-content\/uploads\/2019\/11\/aluminum-duplex-service-drop-wire.png\" alt=\"cable d\u00faplex de aluminio para acometidas\" width=\"385\" height=\"190\" srcset=\"https:\/\/hdcarmouredcable.com\/wp-content\/uploads\/2019\/11\/aluminum-duplex-service-drop-wire.png 385w, https:\/\/hdcarmouredcable.com\/wp-content\/uploads\/2019\/11\/aluminum-duplex-service-drop-wire-300x148.png 300w\" sizes=\"auto, (max-width: 385px) 100vw, 385px\" \/><\/p>\n<p style=\"text-align: center;\"><span class=\"su-lightbox\" data-mfp-src=\"#popmake-form\" data-mfp-type=\"inline\" data-mobile=\"yes\"><button class=\"btn btn-danger btn-sm\" ><i class=\"glyphicon glyphicon-ok-sign\" style=\"color:#eeee22;\"><\/i> Obtener precio de cable de servicio d\u00faplex<\/button><\/span>\n<p>El nombre es el nombre de c\u00f3digo, tales como: haiotis petella almeja ostra y as\u00ed sucesivamente. Por lo tanto, cuando usted compra el cable, s\u00f3lo le dicen el nombre de c\u00f3digo de detalles para el fabricante de cable de aluminio Urd, que proporcionar\u00e1 la lista de precios de los cables de detalles para usted. Por lo tanto, ahora usted est\u00e1 pensando en comprar el cable por favor, p\u00f3ngase en contacto con el grupo de cable huadong, vamos a ofrecer el precio de f\u00e1brica competitivo para su referencia.<\/p>\n<table width=\"694\">\n<tbody>\n<tr>\n<td colspan=\"3\" width=\"342\">Conductor de fase AAC<\/td>\n<td colspan=\"2\" width=\"208\">AAC Mensajero Neutro<\/td>\n<td colspan=\"2\" width=\"144\">Ampacidad<\/td>\n<\/tr>\n<tr>\n<td width=\"155\">AWG o Kcmil<\/td>\n<td width=\"86\">N\u00ba de filamentos<\/td>\n<td width=\"101\">Espesor del aislamiento Mils<\/td>\n<td width=\"136\">AWG o Kcmil<\/td>\n<td width=\"72\">N\u00ba de filamentos<\/td>\n<td width=\"72\">Pe 75\u00b0C<\/td>\n<td width=\"72\">Xlpe 90\u00b0C<\/td>\n<\/tr>\n<tr>\n<td width=\"155\">Haiotis<\/td>\n<td width=\"86\">6<\/td>\n<td width=\"101\">1<\/td>\n<td width=\"136\">45<\/td>\n<td width=\"72\">6<\/td>\n<td width=\"72\">103.8<\/td>\n<td width=\"72\">59<\/td>\n<\/tr>\n<tr>\n<td width=\"155\">Petella<\/td>\n<td width=\"86\">6<\/td>\n<td width=\"101\">7<\/td>\n<td width=\"136\">45<\/td>\n<td width=\"72\">6<\/td>\n<td width=\"72\">111.7<\/td>\n<td width=\"72\">59<\/td>\n<\/tr>\n<tr>\n<td width=\"155\">Fusus<\/td>\n<td width=\"86\">4<\/td>\n<td width=\"101\">1<\/td>\n<td width=\"136\">45<\/td>\n<td width=\"72\">4<\/td>\n<td width=\"72\">153.2<\/td>\n<td width=\"72\">78<\/td>\n<\/tr>\n<tr>\n<td width=\"155\">Ostra<\/td>\n<td width=\"86\">4<\/td>\n<td width=\"101\">7<\/td>\n<td width=\"136\">45<\/td>\n<td width=\"72\">4<\/td>\n<td width=\"72\">163.9<\/td>\n<td width=\"72\">78<\/td>\n<\/tr>\n<tr>\n<td width=\"155\">Almeja<\/td>\n<td width=\"86\">2<\/td>\n<td width=\"101\">7<\/td>\n<td width=\"136\">45<\/td>\n<td width=\"72\">2<\/td>\n<td width=\"72\">245.9<\/td>\n<td width=\"72\">106<\/td>\n<\/tr>\n<\/tbody>\n<\/table>\n<p style=\"text-align: center;\"><span class=\"su-lightbox\" data-mfp-src=\"#popmake-form\" data-mfp-type=\"inline\" data-mobile=\"yes\"><button class=\"btn btn-danger btn-sm\" ><i class=\"glyphicon glyphicon-ok-sign\" style=\"color:#eeee22;\"><\/i> Obtener precio de cable urd de aluminio<\/button><\/span>\n<p><img loading=\"lazy\" decoding=\"async\" class=\"aligncenter size-full wp-image-2991\" src=\"https:\/\/hdcarmouredcable.com\/wp-content\/uploads\/2019\/11\/Duplex-Service-drop-cable-price-for-sales.jpg\" alt=\"Precio de venta del cable de bajada de servicio d\u00faplex\" width=\"830\" height=\"200\" srcset=\"https:\/\/hdcarmouredcable.com\/wp-content\/uploads\/2019\/11\/Duplex-Service-drop-cable-price-for-sales.jpg 830w, https:\/\/hdcarmouredcable.com\/wp-content\/uploads\/2019\/11\/Duplex-Service-drop-cable-price-for-sales-300x72.jpg 300w, https:\/\/hdcarmouredcable.com\/wp-content\/uploads\/2019\/11\/Duplex-Service-drop-cable-price-for-sales-768x185.jpg 768w, https:\/\/hdcarmouredcable.com\/wp-content\/uploads\/2019\/11\/Duplex-Service-drop-cable-price-for-sales-600x145.jpg 600w\" sizes=\"auto, (max-width: 830px) 100vw, 830px\" \/><\/p>\n<p class=\"wpcf7-contact-form-not-found\"><strong>Error:<\/strong> Formulario de contacto no encontrado.<\/p>\n<div class=\"su-lightbox-content su-u-trim\" id=\"popmake-form\" style=\"display:none;width:65%;min-width:none;max-width:600px;margin-top:40px;margin-bottom:40px;padding:20px;background:#FFFFFF;color:#333333;box-shadow:0px 0px 15px #333333;text-align:left\">\n<div class=\"wpcf7 no-js\" id=\"wpcf7-f5800-o1\" lang=\"en-US\" dir=\"ltr\" data-wpcf7-id=\"5800\">\n<div class=\"screen-reader-response\"><p role=\"status\" aria-live=\"polite\" aria-atomic=\"true\"><\/p> <ul><\/ul><\/div>\n<form action=\"\/es\/wp-json\/wp\/v2\/pages\/2978#wpcf7-f5800-o1\" method=\"post\" class=\"wpcf7-form init\" aria-label=\"Formulario de contacto\" novalidate=\"novalidate\" data-status=\"init\" data-trp-original-action=\"\/es\/wp-json\/wp\/v2\/pages\/2978#wpcf7-f5800-o1\">\n<div style=\"display: none;\">\n<input type=\"hidden\" name=\"_wpcf7\" value=\"5800\" \/>\n<input type=\"hidden\" name=\"_wpcf7_version\" value=\"6.0.6\" \/>\n<input type=\"hidden\" name=\"_wpcf7_locale\" value=\"en_US\" \/>\n<input type=\"hidden\" name=\"_wpcf7_unit_tag\" value=\"wpcf7-f5800-o1\" \/>\n<input type=\"hidden\" name=\"_wpcf7_container_post\" value=\"0\" \/>\n<input type=\"hidden\" name=\"_wpcf7_posted_data_hash\" value=\"\" \/>\n<\/div>\n<div class=\"popmakerform\">\n\t<h3>Obtener presupuesto gratuito\n\t<\/h3>\n\t<p>Trabajemos juntos en su proyecto por correo electr\u00f3nico: <a href=\"mailto:info@hdcarmouredcable.com\" rel=\"nofollow\">info@hdcarmouredcable.com<\/a>\n\t<\/p>\n\t<p>Producto de inter\u00e9s <span style=\"color:red;\">*<span><br \/>\n<span class=\"wpcf7-form-control-wrap\" data-name=\"item\"><input size=\"40\" maxlength=\"400\" class=\"wpcf7-form-control wpcf7-text\" id=\"item\" aria-invalid=\"false\" value=\"\" type=\"text\" name=\"item\" \/><\/span><\/span><\/span>\n\t<\/p>\n\t<p>Su nombre <span style=\"color:red;\">*<span><br \/>\n<span class=\"wpcf7-form-control-wrap\" data-name=\"your-name\"><input size=\"40\" maxlength=\"400\" class=\"wpcf7-form-control wpcf7-text wpcf7-validates-as-required\" aria-required=\"true\" aria-invalid=\"false\" value=\"\" type=\"text\" name=\"your-name\" \/><\/span><\/span><\/span>\n\t<\/p>\n\t<p>Su correo electr\u00f3nico <span style=\"color:red;\">*<span><br \/>\n<span class=\"wpcf7-form-control-wrap\" data-name=\"your-email\"><input size=\"40\" maxlength=\"400\" class=\"wpcf7-form-control wpcf7-email wpcf7-validates-as-required wpcf7-text wpcf7-validates-as-email\" aria-required=\"true\" aria-invalid=\"false\" value=\"\" type=\"email\" name=\"your-email\" \/><\/span><\/span><\/span>\n\t<\/p>\n\t<p>Su n\u00famero de tel\u00e9fono (incluya el prefijo)<br \/>\n<span class=\"wpcf7-form-control-wrap\" data-name=\"your-phone\"><input size=\"40\" maxlength=\"400\" class=\"wpcf7-form-control wpcf7-text\" aria-invalid=\"false\" value=\"\" type=\"text\" name=\"your-phone\" \/><\/span>\n\t<\/p>\n\t<p>Su pa\u00eds<br \/>\n<span class=\"wpcf7-form-control-wrap\" data-name=\"your-country\"><input size=\"40\" maxlength=\"400\" class=\"wpcf7-form-control wpcf7-text\" aria-invalid=\"false\" value=\"\" type=\"text\" name=\"your-country\" \/><\/span>\n\t<\/p>\n\t<p>Requisitos detallados <span style=\"color:red;\">*<span><br \/>\n<span class=\"wpcf7-form-control-wrap\" data-name=\"your-requirement\"><textarea cols=\"40\" rows=\"5\" maxlength=\"2000\" class=\"wpcf7-form-control wpcf7-textarea wpcf7-validates-as-required\" aria-required=\"true\" aria-invalid=\"false\" placeholder=\"Para obtener un presupuesto detallado, env\u00edenos sus requisitos detallados. *\" name=\"your-requirement\"><\/textarea><\/span><\/span><\/span>\n\t<\/p>\n\t<p><input class=\"wpcf7-form-control wpcf7-submit has-spinner\" type=\"submit\" value=\"Obtener presupuesto\" \/>\n\t<\/p>\n<\/div><input type='hidden' class='wpcf7-pum' value='{\"closepopup\":false,\"closedelay\":0,\"openpopup\":false,\"openpopup_id\":0}' \/><div class=\"wpcf7-response-output\" aria-hidden=\"true\"><\/div>\n<input type=\"hidden\" name=\"trp-form-language\" value=\"es\"\/><\/form>\n<\/div>\n<\/div>","protected":false},"excerpt":{"rendered":"<p>Los diferentes nombres del cable de acometida d\u00faplex en el mundo El cable de acometida d\u00faplex es uno de los tipos de cable abc. En primer lugar, se utiliza principalmente para la transmisi\u00f3n a\u00e9rea de energ\u00eda. Por lo general, 0,6\/1kv cable d\u00faplex abc es de baja tensi\u00f3n, por encima de 1kv cable de aluminio urd es beyoned meidum tensi\u00f3n abc cable. Por lo tanto, cuando usted compra el ... <a class=\"read-more\" href=\"https:\/\/hdcarmouredcable.com\/es\/cable-duplex-de-aluminio-para-acometidas\/\">Leer m\u00e1s...<\/a><\/p>","protected":false},"author":1,"featured_media":0,"parent":0,"menu_order":0,"comment_status":"closed","ping_status":"closed","template":"","meta":{"_joinchat":[],"footnotes":""},"class_list":["post-2978","page","type-page","status-publish"],"yoast_head":"<!-- This site is optimized with the Yoast SEO plugin v25.1 - https:\/\/yoast.com\/wordpress\/plugins\/seo\/ -->\n<title>XLPE 1350 Aluminum URD Duplex Service Drop Cable with AAC ACSR<\/title>\n<meta name=\"description\" content=\"factory direct sales the Aluminum 1350 aluminm URD duplex service drop cable, cand customized Haiotis Petella Fusus Oyster Murex URD Cable.\" \/>\n<meta name=\"robots\" content=\"index, follow, max-snippet:-1, max-image-preview:large, max-video-preview:-1\" \/>\n<link rel=\"canonical\" href=\"https:\/\/hdcarmouredcable.com\/es\/cable-duplex-de-aluminio-para-acometidas\/\" \/>\n<meta property=\"og:locale\" content=\"es_ES\" \/>\n<meta property=\"og:type\" content=\"article\" \/>\n<meta property=\"og:title\" content=\"XLPE 1350 Aluminum URD Duplex Service Drop Cable with AAC ACSR\" \/>\n<meta property=\"og:description\" content=\"factory direct sales the Aluminum 1350 aluminm URD duplex service drop cable, cand customized Haiotis Petella Fusus Oyster Murex URD Cable.\" \/>\n<meta property=\"og:url\" content=\"https:\/\/hdcarmouredcable.com\/es\/cable-duplex-de-aluminio-para-acometidas\/\" \/>\n<meta property=\"og:site_name\" content=\"Huadong Armoured Cable Group\" \/>\n<meta property=\"article:publisher\" content=\"https:\/\/www.facebook.com\/lily.ding.52\" \/>\n<meta property=\"article:modified_time\" content=\"2023-07-21T07:21:16+00:00\" \/>\n<meta property=\"og:image\" content=\"https:\/\/hdcarmouredcable.com\/wp-content\/uploads\/2019\/11\/duplex-service-cable.png\" \/>\n<meta name=\"twitter:card\" content=\"summary_large_image\" \/>\n<meta name=\"twitter:label1\" content=\"Tiempo de lectura\" \/>\n\t<meta name=\"twitter:data1\" content=\"3 minutos\" \/>\n<script type=\"application\/ld+json\" class=\"yoast-schema-graph\">{\"@context\":\"https:\/\/schema.org\",\"@graph\":[{\"@type\":\"WebPage\",\"@id\":\"https:\/\/hdcarmouredcable.com\/aluminum-duplex-service-drop-cable\/\",\"url\":\"https:\/\/hdcarmouredcable.com\/aluminum-duplex-service-drop-cable\/\",\"name\":\"XLPE 1350 Aluminum URD Duplex Service Drop Cable with AAC ACSR\",\"isPartOf\":{\"@id\":\"https:\/\/hdcarmouredcable.com\/#website\"},\"primaryImageOfPage\":{\"@id\":\"https:\/\/hdcarmouredcable.com\/aluminum-duplex-service-drop-cable\/#primaryimage\"},\"image\":{\"@id\":\"https:\/\/hdcarmouredcable.com\/aluminum-duplex-service-drop-cable\/#primaryimage\"},\"thumbnailUrl\":\"https:\/\/hdcarmouredcable.com\/wp-content\/uploads\/2019\/11\/duplex-service-cable.png\",\"datePublished\":\"2019-11-11T03:29:28+00:00\",\"dateModified\":\"2023-07-21T07:21:16+00:00\",\"description\":\"factory direct sales the Aluminum 1350 aluminm URD duplex service drop cable, cand customized Haiotis Petella Fusus Oyster Murex URD Cable.\",\"inLanguage\":\"es\",\"potentialAction\":[{\"@type\":\"ReadAction\",\"target\":[\"https:\/\/hdcarmouredcable.com\/aluminum-duplex-service-drop-cable\/\"]}]},{\"@type\":\"ImageObject\",\"inLanguage\":\"es\",\"@id\":\"https:\/\/hdcarmouredcable.com\/aluminum-duplex-service-drop-cable\/#primaryimage\",\"url\":\"https:\/\/hdcarmouredcable.com\/wp-content\/uploads\/2019\/11\/duplex-service-cable.png\",\"contentUrl\":\"https:\/\/hdcarmouredcable.com\/wp-content\/uploads\/2019\/11\/duplex-service-cable.png\"},{\"@type\":\"WebSite\",\"@id\":\"https:\/\/hdcarmouredcable.com\/#website\",\"url\":\"https:\/\/hdcarmouredcable.com\/\",\"name\":\"Huadong Armoured Cable Group\",\"description\":\"professional steel wire armoured cable manufacturer\",\"publisher\":{\"@id\":\"https:\/\/hdcarmouredcable.com\/#organization\"},\"potentialAction\":[{\"@type\":\"SearchAction\",\"target\":{\"@type\":\"EntryPoint\",\"urlTemplate\":\"https:\/\/hdcarmouredcable.com\/?s={search_term_string}\"},\"query-input\":{\"@type\":\"PropertyValueSpecification\",\"valueRequired\":true,\"valueName\":\"search_term_string\"}}],\"inLanguage\":\"es\"},{\"@type\":\"Organization\",\"@id\":\"https:\/\/hdcarmouredcable.com\/#organization\",\"name\":\"Huadong Cable Group\",\"url\":\"https:\/\/hdcarmouredcable.com\/\",\"logo\":{\"@type\":\"ImageObject\",\"inLanguage\":\"es\",\"@id\":\"https:\/\/hdcarmouredcable.com\/#\/schema\/logo\/image\/\",\"url\":\"https:\/\/hdcarmouredcable.com\/wp-content\/uploads\/2022\/07\/Huadong-log.png\",\"contentUrl\":\"https:\/\/hdcarmouredcable.com\/wp-content\/uploads\/2022\/07\/Huadong-log.png\",\"width\":860,\"height\":860,\"caption\":\"Huadong Cable Group\"},\"image\":{\"@id\":\"https:\/\/hdcarmouredcable.com\/#\/schema\/logo\/image\/\"},\"sameAs\":[\"https:\/\/www.facebook.com\/lily.ding.52\",\"https:\/\/www.linkedin.com\/in\/lilyxlpecable\/\"]}]}<\/script>\n<!-- \/ Yoast SEO plugin. -->","yoast_head_json":{"title":"XLPE 1350 Aluminio URD Cable de acometida d\u00faplex con AAC ACSR","description":"ventas directas de f\u00e1brica el aluminio 1350 aluminm URD d\u00faplex servicio de cable de ca\u00edda, cand personalizado Haiotis Petella Fusus Oyster Murex URD Cable.","robots":{"index":"index","follow":"follow","max-snippet":"max-snippet:-1","max-image-preview":"max-image-preview:large","max-video-preview":"max-video-preview:-1"},"canonical":"https:\/\/hdcarmouredcable.com\/es\/cable-duplex-de-aluminio-para-acometidas\/","og_locale":"es_ES","og_type":"article","og_title":"XLPE 1350 Aluminum URD Duplex Service Drop Cable with AAC ACSR","og_description":"factory direct sales the Aluminum 1350 aluminm URD duplex service drop cable, cand customized Haiotis Petella Fusus Oyster Murex URD Cable.","og_url":"https:\/\/hdcarmouredcable.com\/es\/cable-duplex-de-aluminio-para-acometidas\/","og_site_name":"Huadong Armoured Cable Group","article_publisher":"https:\/\/www.facebook.com\/lily.ding.52","article_modified_time":"2023-07-21T07:21:16+00:00","og_image":[{"url":"https:\/\/hdcarmouredcable.com\/wp-content\/uploads\/2019\/11\/duplex-service-cable.png","type":"","width":"","height":""}],"twitter_card":"summary_large_image","twitter_misc":{"Tiempo de lectura":"3 minutos"},"schema":{"@context":"https:\/\/schema.org","@graph":[{"@type":"WebPage","@id":"https:\/\/hdcarmouredcable.com\/aluminum-duplex-service-drop-cable\/","url":"https:\/\/hdcarmouredcable.com\/aluminum-duplex-service-drop-cable\/","name":"XLPE 1350 Aluminio URD Cable de acometida d\u00faplex con AAC ACSR","isPartOf":{"@id":"https:\/\/hdcarmouredcable.com\/#website"},"primaryImageOfPage":{"@id":"https:\/\/hdcarmouredcable.com\/aluminum-duplex-service-drop-cable\/#primaryimage"},"image":{"@id":"https:\/\/hdcarmouredcable.com\/aluminum-duplex-service-drop-cable\/#primaryimage"},"thumbnailUrl":"https:\/\/hdcarmouredcable.com\/wp-content\/uploads\/2019\/11\/duplex-service-cable.png","datePublished":"2019-11-11T03:29:28+00:00","dateModified":"2023-07-21T07:21:16+00:00","description":"ventas directas de f\u00e1brica el aluminio 1350 aluminm URD d\u00faplex servicio de cable de ca\u00edda, cand personalizado Haiotis Petella Fusus Oyster Murex URD Cable.","inLanguage":"es","potentialAction":[{"@type":"ReadAction","target":["https:\/\/hdcarmouredcable.com\/aluminum-duplex-service-drop-cable\/"]}]},{"@type":"ImageObject","inLanguage":"es","@id":"https:\/\/hdcarmouredcable.com\/aluminum-duplex-service-drop-cable\/#primaryimage","url":"https:\/\/hdcarmouredcable.com\/wp-content\/uploads\/2019\/11\/duplex-service-cable.png","contentUrl":"https:\/\/hdcarmouredcable.com\/wp-content\/uploads\/2019\/11\/duplex-service-cable.png"},{"@type":"WebSite","@id":"https:\/\/hdcarmouredcable.com\/#website","url":"https:\/\/hdcarmouredcable.com\/","name":"Grupo Huadong de cables armados","description":"fabricante profesional de cables blindados de alambre de acero","publisher":{"@id":"https:\/\/hdcarmouredcable.com\/#organization"},"potentialAction":[{"@type":"SearchAction","target":{"@type":"EntryPoint","urlTemplate":"https:\/\/hdcarmouredcable.com\/?s={search_term_string}"},"query-input":{"@type":"PropertyValueSpecification","valueRequired":true,"valueName":"search_term_string"}}],"inLanguage":"es"},{"@type":"Organization","@id":"https:\/\/hdcarmouredcable.com\/#organization","name":"Grupo Huadong Cable","url":"https:\/\/hdcarmouredcable.com\/","logo":{"@type":"ImageObject","inLanguage":"es","@id":"https:\/\/hdcarmouredcable.com\/#\/schema\/logo\/image\/","url":"https:\/\/hdcarmouredcable.com\/wp-content\/uploads\/2022\/07\/Huadong-log.png","contentUrl":"https:\/\/hdcarmouredcable.com\/wp-content\/uploads\/2022\/07\/Huadong-log.png","width":860,"height":860,"caption":"Huadong Cable Group"},"image":{"@id":"https:\/\/hdcarmouredcable.com\/#\/schema\/logo\/image\/"},"sameAs":["https:\/\/www.facebook.com\/lily.ding.52","https:\/\/www.linkedin.com\/in\/lilyxlpecable\/"]}]}},"amp_enabled":true,"_links":{"self":[{"href":"https:\/\/hdcarmouredcable.com\/es\/wp-json\/wp\/v2\/pages\/2978","targetHints":{"allow":["GET"]}}],"collection":[{"href":"https:\/\/hdcarmouredcable.com\/es\/wp-json\/wp\/v2\/pages"}],"about":[{"href":"https:\/\/hdcarmouredcable.com\/es\/wp-json\/wp\/v2\/types\/page"}],"author":[{"embeddable":true,"href":"https:\/\/hdcarmouredcable.com\/es\/wp-json\/wp\/v2\/users\/1"}],"replies":[{"embeddable":true,"href":"https:\/\/hdcarmouredcable.com\/es\/wp-json\/wp\/v2\/comments?post=2978"}],"version-history":[{"count":13,"href":"https:\/\/hdcarmouredcable.com\/es\/wp-json\/wp\/v2\/pages\/2978\/revisions"}],"predecessor-version":[{"id":9434,"href":"https:\/\/hdcarmouredcable.com\/es\/wp-json\/wp\/v2\/pages\/2978\/revisions\/9434"}],"wp:attachment":[{"href":"https:\/\/hdcarmouredcable.com\/es\/wp-json\/wp\/v2\/media?parent=2978"}],"curies":[{"name":"wp","href":"https:\/\/api.w.org\/{rel}","templated":true}]}}