{"id":3149,"date":"2019-12-13T16:03:17","date_gmt":"2019-12-13T08:03:17","guid":{"rendered":"https:\/\/hdcarmouredcable.com\/?page_id=3149"},"modified":"2023-07-25T15:41:27","modified_gmt":"2023-07-25T07:41:27","slug":"opgw-hardware-fittings","status":"publish","type":"page","link":"https:\/\/hdcarmouredcable.com\/es\/opgw-hardware-fittings\/","title":{"rendered":"amortiguador de vibraciones juego de abrazaderas de suspensi\u00f3n para opgw 100, 115 110, 108 50 mm2 herrajes"},"content":{"rendered":"<h2>\u00a0Aplicaci\u00f3n de los herrajes 50mm2 100mm2 115mm2 108mm2 110mm2 opgw<\/h2>\n<p>Aunque, los accesorios de hardware opgw en uno de los tipos de accesorios de cable. Pero, la abrazadera de la suspensi\u00f3n del opgw es principalmente uso para la l\u00ednea de cable de OPGW que pasa a trav\u00e9s del \u00e1ngulo, de la tensi\u00f3n y del palmo terminal de la torre.<\/p>\n<h2><img loading=\"lazy\" decoding=\"async\" class=\"aligncenter size-full wp-image-3150\" src=\"https:\/\/hdcarmouredcable.com\/wp-content\/uploads\/2019\/12\/used-for-opgw-hardware-fittings.jpg\" alt=\"herrajes-usados-para-opgw\" width=\"804\" height=\"528\" srcset=\"https:\/\/hdcarmouredcable.com\/wp-content\/uploads\/2019\/12\/used-for-opgw-hardware-fittings.jpg 804w, https:\/\/hdcarmouredcable.com\/wp-content\/uploads\/2019\/12\/used-for-opgw-hardware-fittings-300x197.jpg 300w, https:\/\/hdcarmouredcable.com\/wp-content\/uploads\/2019\/12\/used-for-opgw-hardware-fittings-768x504.jpg 768w, https:\/\/hdcarmouredcable.com\/wp-content\/uploads\/2019\/12\/used-for-opgw-hardware-fittings-600x394.jpg 600w\" sizes=\"auto, (max-width: 804px) 100vw, 804px\" \/><\/h2>\n<p style=\"text-align: center;\"><span class=\"su-lightbox\" data-mfp-src=\"#popmake-form\" data-mfp-type=\"inline\" data-mobile=\"yes\"><button class=\"btn btn-danger btn-sm\" ><i class=\"glyphicon glyphicon-ok-sign\" style=\"color:#eeee22;\"><\/i> Obtener precio de pinza opgw<\/button><\/span><a class=\"btn btn-danger btn-sm\" href=\"mailto:info@hdcarmouredcable.com\"  rel=\"\"  target=\"_self\"><i class=\"fa fa-envelope-o\" style=\"color:#eeee22;\"><\/i> info@hdcarmouredcable.com<\/a>\n<p>Los herrajes opgw no s\u00f3lo son adecuados para colgar cables a\u00e9reos, sino que la abrazadera de suspensi\u00f3n opgw tambi\u00e9n se utiliza para fijar, instalar o tirar del cable OPGW durante la construcci\u00f3n. Al mismo tiempo, el hardware opgw incluyendo muchos tipos. Tales como, juego de suspensi\u00f3n doble para OPGW, abrazadera de plomo hacia abajo para OPGW, amortiguador de vibraciones para OPGW, abrazadera OPGW. Tambi\u00e9n es amplia aplicaci\u00f3n como el <a href=\"https:\/\/insulatorlineclamp.com\/dead-end-clamp-for-abc-cable\/\" target=\"_blank\" rel=\"noopener noreferrer\">abrazadera sin salida abc.<\/a><\/p>\n<h2>La ventaja del juego de suspensi\u00f3n doble para 50mm2 100mm2 115mm2 108mm2 110mm2 OPGW de huadong<\/h2>\n<p><img loading=\"lazy\" decoding=\"async\" class=\"aligncenter size-full wp-image-3152\" src=\"https:\/\/hdcarmouredcable.com\/wp-content\/uploads\/2019\/12\/OPGW-Suspension-set.jpg\" alt=\"Conjunto de suspensi\u00f3n OPGW\" width=\"942\" height=\"361\" srcset=\"https:\/\/hdcarmouredcable.com\/wp-content\/uploads\/2019\/12\/OPGW-Suspension-set.jpg 942w, https:\/\/hdcarmouredcable.com\/wp-content\/uploads\/2019\/12\/OPGW-Suspension-set-300x115.jpg 300w, https:\/\/hdcarmouredcable.com\/wp-content\/uploads\/2019\/12\/OPGW-Suspension-set-768x294.jpg 768w, https:\/\/hdcarmouredcable.com\/wp-content\/uploads\/2019\/12\/OPGW-Suspension-set-600x230.jpg 600w\" sizes=\"auto, (max-width: 942px) 100vw, 942px\" \/><\/p>\n<p style=\"text-align: center;\"><span class=\"su-lightbox\" data-mfp-src=\"#popmake-form\" data-mfp-type=\"inline\" data-mobile=\"yes\"><button class=\"btn btn-danger btn-sm\" ><i class=\"glyphicon glyphicon-ok-sign\" style=\"color:#eeee22;\"><\/i> Obtener precio de pinza opgw<\/button><\/span><a class=\"btn btn-danger btn-sm\" href=\"mailto:info@hdcarmouredcable.com\"  rel=\"\"  target=\"_self\"><i class=\"fa fa-envelope-o\" style=\"color:#eeee22;\"><\/i> info@hdcarmouredcable.com<\/a>\n<p>Huadong no s\u00f3lo producen la abrazadera de suspensi\u00f3n OPGW y el conjunto de suspensi\u00f3n OPGW a nivel internacional, sino que tambi\u00e9n puede personalizar. Nuestro dise\u00f1o del conjunto de suspensi\u00f3n doble para OPGW instalaci\u00f3n en postes y torres de l\u00ednea a\u00e9rea y as\u00ed sucesivamente. Mientras tanto, abajo abrazadera de plomo para OPGW tiene un \u00e1ngulo unilateral para 15C-18C. Por lo tanto, los accesorios de hardware OPGW puede cada bien proteger el conductor de nuestra prensa. Por lo tanto, el conjunto completo de suspensi\u00f3n OPGW incluye las varillas preformadas interior y exterior, abrazadera de suspensi\u00f3n para OPGW. As\u00ed que cuando usted compra los accesorios opgw necesita la suspensi\u00f3n opgw abrazadera y la formaci\u00f3n. Huadong producir estos conjunto de suspensi\u00f3n doble para OPGW fuerza es 10% - 20% mayor que la fuerza de tensi\u00f3n tasa.<\/p>\n<div class=\"row prodetails\">\n<h2>Juego de abrazaderas de suspensi\u00f3n simples y dobles para OPGW 50mm2 100mm2 115mm2 108mm2 110mm2<\/h2>\n<div class=\"col-lg-6 col-md-12 col-xs-12 col-sm-12\">\n<p><img loading=\"lazy\" decoding=\"async\" class=\"aligncenter size-full wp-image-3151\" src=\"https:\/\/hdcarmouredcable.com\/wp-content\/uploads\/2019\/12\/Suspension-OPGW.jpg\" alt=\"Suspensi\u00f3n OPGW\" width=\"600\" height=\"334\" srcset=\"https:\/\/hdcarmouredcable.com\/wp-content\/uploads\/2019\/12\/Suspension-OPGW.jpg 600w, https:\/\/hdcarmouredcable.com\/wp-content\/uploads\/2019\/12\/Suspension-OPGW-300x167.jpg 300w\" sizes=\"auto, (max-width: 600px) 100vw, 600px\" \/><\/p>\n<\/div>\n<div class=\"col-lg-6 col-md-12 col-xs-12 col-sm-12\">\n<p>Los herrajes para OPGW incluyen grillete de anclaje, grillete trenzado, abrazadera de suspensi\u00f3n, abrazadera de suspensi\u00f3n para OPGW, abrazadera de cable de tierra y varilla de protecci\u00f3n, etc.<br \/>\nEspecificaciones<br \/>\nDi\u00e1metro de la empu\u00f1adura OPGW: Total 115mm2, 110mm2, 108mm2, 50mm2.<br \/>\nN\u00ba de hilos: menos de 19<br \/>\nVarilla blindada (interior): \u00f8 3 mm x longitud 12 mm<br \/>\nSentido de colocaci\u00f3n: (peso de la mano derecha: 0,650 (kg) y as\u00ed sucesivamente.<br \/>\nVarilla blindada (exterior): di\u00e1metro 6,3 mm x longitud 7 mm, etc.<br \/>\nSentido de la marcha: (peso de la mano izquierda: 0,789 kg)<\/p>\n<p style=\"text-align: center;\"><span class=\"su-lightbox\" data-mfp-src=\"#popmake-form\" data-mfp-type=\"inline\" data-mobile=\"yes\"><button class=\"btn btn-danger btn-sm\" ><i class=\"glyphicon glyphicon-ok-sign\" style=\"color:#eeee22;\"><\/i> Precio de los accesorios de cable a\u00e9reo<\/button><\/span>\n<\/div>\n<\/div>\n<div class=\"row\">\n<h3>Amortiguador de vibraciones de 50mm2 100mm2 115mm2 108mm2 110mm2 opgw accesorios<\/h3>\n<div class=\"col-lg-6 col-md-12 col-xs-12 col-sm-12\">\n<p><img loading=\"lazy\" decoding=\"async\" class=\"aligncenter size-full wp-image-3153\" src=\"https:\/\/hdcarmouredcable.com\/wp-content\/uploads\/2019\/12\/OPGW-vibration-damper.jpg\" alt=\"Amortiguador de vibraciones OPGW\" width=\"437\" height=\"174\" srcset=\"https:\/\/hdcarmouredcable.com\/wp-content\/uploads\/2019\/12\/OPGW-vibration-damper.jpg 437w, https:\/\/hdcarmouredcable.com\/wp-content\/uploads\/2019\/12\/OPGW-vibration-damper-300x119.jpg 300w\" sizes=\"auto, (max-width: 437px) 100vw, 437px\" \/><\/p>\n<\/div>\n<div class=\"col-lg-6 col-md-12 col-xs-12 col-sm-12\">\n<p>Aunque, este amortiguador de vibraciones es uno de los tipos de abrazadera de suspensi\u00f3n opgw. Incluye el martillo de hierro fundido galvanizado en caliente de alto grado, alambre de acero galvanizado en caliente y as\u00ed sucesivamente. Por lo tanto, Huadong est\u00e1n ofreciendo una amplia gama de amortiguador de vibraciones que es conocido como por su calidad superior y buen funcionamiento. Por otra parte, este amortiguador de vibraciones se compone de alto grado caliente, abajo abrazadera de plomo para OPGW, abrazadera de aleaci\u00f3n de aluminio, abrazadera opgw y pernos de acero inoxidable.<\/p>\n<p style=\"text-align: center;\"><span class=\"su-lightbox\" data-mfp-src=\"#popmake-form\" data-mfp-type=\"inline\" data-mobile=\"yes\"><button class=\"btn btn-danger btn-sm\" ><i class=\"glyphicon glyphicon-ok-sign\" style=\"color:#eeee22;\"><\/i> Precio de los accesorios de cable a\u00e9reo<\/button><\/span>\n<\/div>\n<\/div>\n\n<div class=\"wpcf7 no-js\" id=\"wpcf7-f5800-o1\" lang=\"en-US\" dir=\"ltr\" data-wpcf7-id=\"5800\">\n<div class=\"screen-reader-response\"><p role=\"status\" aria-live=\"polite\" aria-atomic=\"true\"><\/p> <ul><\/ul><\/div>\n<form action=\"\/es\/wp-json\/wp\/v2\/pages\/3149#wpcf7-f5800-o1\" method=\"post\" class=\"wpcf7-form init\" aria-label=\"Formulario de contacto\" novalidate=\"novalidate\" data-status=\"init\" data-trp-original-action=\"\/es\/wp-json\/wp\/v2\/pages\/3149#wpcf7-f5800-o1\">\n<div style=\"display: none;\">\n<input type=\"hidden\" name=\"_wpcf7\" value=\"5800\" \/>\n<input type=\"hidden\" name=\"_wpcf7_version\" value=\"6.0.6\" \/>\n<input type=\"hidden\" name=\"_wpcf7_locale\" value=\"en_US\" \/>\n<input type=\"hidden\" name=\"_wpcf7_unit_tag\" value=\"wpcf7-f5800-o1\" \/>\n<input type=\"hidden\" name=\"_wpcf7_container_post\" value=\"0\" \/>\n<input type=\"hidden\" name=\"_wpcf7_posted_data_hash\" value=\"\" \/>\n<\/div>\n<div class=\"popmakerform\">\n\t<h3>Obtener presupuesto gratuito\n\t<\/h3>\n\t<p>Trabajemos juntos en su proyecto por correo electr\u00f3nico: <a href=\"mailto:info@hdcarmouredcable.com\" rel=\"nofollow\">info@hdcarmouredcable.com<\/a>\n\t<\/p>\n\t<p>Producto de inter\u00e9s <span style=\"color:red;\">*<span><br \/>\n<span class=\"wpcf7-form-control-wrap\" data-name=\"item\"><input size=\"40\" maxlength=\"400\" class=\"wpcf7-form-control wpcf7-text\" id=\"item\" aria-invalid=\"false\" value=\"\" type=\"text\" name=\"item\" \/><\/span><\/span><\/span>\n\t<\/p>\n\t<p>Su nombre <span style=\"color:red;\">*<span><br \/>\n<span class=\"wpcf7-form-control-wrap\" data-name=\"your-name\"><input size=\"40\" maxlength=\"400\" class=\"wpcf7-form-control wpcf7-text wpcf7-validates-as-required\" aria-required=\"true\" aria-invalid=\"false\" value=\"\" type=\"text\" name=\"your-name\" \/><\/span><\/span><\/span>\n\t<\/p>\n\t<p>Su correo electr\u00f3nico <span style=\"color:red;\">*<span><br \/>\n<span class=\"wpcf7-form-control-wrap\" data-name=\"your-email\"><input size=\"40\" maxlength=\"400\" class=\"wpcf7-form-control wpcf7-email wpcf7-validates-as-required wpcf7-text wpcf7-validates-as-email\" aria-required=\"true\" aria-invalid=\"false\" value=\"\" type=\"email\" name=\"your-email\" \/><\/span><\/span><\/span>\n\t<\/p>\n\t<p>Su n\u00famero de tel\u00e9fono (incluya el prefijo)<br \/>\n<span class=\"wpcf7-form-control-wrap\" data-name=\"your-phone\"><input size=\"40\" maxlength=\"400\" class=\"wpcf7-form-control wpcf7-text\" aria-invalid=\"false\" value=\"\" type=\"text\" name=\"your-phone\" \/><\/span>\n\t<\/p>\n\t<p>Su pa\u00eds<br \/>\n<span class=\"wpcf7-form-control-wrap\" data-name=\"your-country\"><input size=\"40\" maxlength=\"400\" class=\"wpcf7-form-control wpcf7-text\" aria-invalid=\"false\" value=\"\" type=\"text\" name=\"your-country\" \/><\/span>\n\t<\/p>\n\t<p>Requisitos detallados <span style=\"color:red;\">*<span><br \/>\n<span class=\"wpcf7-form-control-wrap\" data-name=\"your-requirement\"><textarea cols=\"40\" rows=\"5\" maxlength=\"2000\" class=\"wpcf7-form-control wpcf7-textarea wpcf7-validates-as-required\" aria-required=\"true\" aria-invalid=\"false\" placeholder=\"Para obtener un presupuesto detallado, env\u00edenos sus requisitos detallados. *\" name=\"your-requirement\"><\/textarea><\/span><\/span><\/span>\n\t<\/p>\n\t<p><input class=\"wpcf7-form-control wpcf7-submit has-spinner\" type=\"submit\" value=\"Obtener presupuesto\" \/>\n\t<\/p>\n<\/div><input type='hidden' class='wpcf7-pum' value='{\"closepopup\":false,\"closedelay\":0,\"openpopup\":false,\"openpopup_id\":0}' \/><div class=\"wpcf7-response-output\" aria-hidden=\"true\"><\/div>\n<input type=\"hidden\" name=\"trp-form-language\" value=\"es\"\/><\/form>\n<\/div>\n\n<div class=\"su-lightbox-content su-u-trim\" id=\"popmake-form\" style=\"display:none;width:65%;min-width:none;max-width:600px;margin-top:40px;margin-bottom:40px;padding:20px;background:#FFFFFF;color:#333333;box-shadow:0px 0px 15px #333333;text-align:left\">\n<div class=\"wpcf7 no-js\" id=\"wpcf7-f5800-o2\" lang=\"en-US\" dir=\"ltr\" data-wpcf7-id=\"5800\">\n<div class=\"screen-reader-response\"><p role=\"status\" aria-live=\"polite\" aria-atomic=\"true\"><\/p> <ul><\/ul><\/div>\n<form action=\"\/es\/wp-json\/wp\/v2\/pages\/3149#wpcf7-f5800-o2\" method=\"post\" class=\"wpcf7-form init\" aria-label=\"Formulario de contacto\" novalidate=\"novalidate\" data-status=\"init\" data-trp-original-action=\"\/es\/wp-json\/wp\/v2\/pages\/3149#wpcf7-f5800-o2\">\n<div style=\"display: none;\">\n<input type=\"hidden\" name=\"_wpcf7\" value=\"5800\" \/>\n<input type=\"hidden\" name=\"_wpcf7_version\" value=\"6.0.6\" \/>\n<input type=\"hidden\" name=\"_wpcf7_locale\" value=\"en_US\" \/>\n<input type=\"hidden\" name=\"_wpcf7_unit_tag\" value=\"wpcf7-f5800-o2\" \/>\n<input type=\"hidden\" name=\"_wpcf7_container_post\" value=\"0\" \/>\n<input type=\"hidden\" name=\"_wpcf7_posted_data_hash\" value=\"\" \/>\n<\/div>\n<div class=\"popmakerform\">\n\t<h3>Obtener presupuesto gratuito\n\t<\/h3>\n\t<p>Trabajemos juntos en su proyecto por correo electr\u00f3nico: <a href=\"mailto:info@hdcarmouredcable.com\" rel=\"nofollow\">info@hdcarmouredcable.com<\/a>\n\t<\/p>\n\t<p>Producto de inter\u00e9s <span style=\"color:red;\">*<span><br \/>\n<span class=\"wpcf7-form-control-wrap\" data-name=\"item\"><input size=\"40\" maxlength=\"400\" class=\"wpcf7-form-control wpcf7-text\" aria-invalid=\"false\" value=\"\" type=\"text\" name=\"item\" \/><\/span><\/span><\/span>\n\t<\/p>\n\t<p>Su nombre <span style=\"color:red;\">*<span><br \/>\n<span class=\"wpcf7-form-control-wrap\" data-name=\"your-name\"><input size=\"40\" maxlength=\"400\" class=\"wpcf7-form-control wpcf7-text wpcf7-validates-as-required\" aria-required=\"true\" aria-invalid=\"false\" value=\"\" type=\"text\" name=\"your-name\" \/><\/span><\/span><\/span>\n\t<\/p>\n\t<p>Su correo electr\u00f3nico <span style=\"color:red;\">*<span><br \/>\n<span class=\"wpcf7-form-control-wrap\" data-name=\"your-email\"><input size=\"40\" maxlength=\"400\" class=\"wpcf7-form-control wpcf7-email wpcf7-validates-as-required wpcf7-text wpcf7-validates-as-email\" aria-required=\"true\" aria-invalid=\"false\" value=\"\" type=\"email\" name=\"your-email\" \/><\/span><\/span><\/span>\n\t<\/p>\n\t<p>Su n\u00famero de tel\u00e9fono (incluya el prefijo)<br \/>\n<span class=\"wpcf7-form-control-wrap\" data-name=\"your-phone\"><input size=\"40\" maxlength=\"400\" class=\"wpcf7-form-control wpcf7-text\" aria-invalid=\"false\" value=\"\" type=\"text\" name=\"your-phone\" \/><\/span>\n\t<\/p>\n\t<p>Su pa\u00eds<br \/>\n<span class=\"wpcf7-form-control-wrap\" data-name=\"your-country\"><input size=\"40\" maxlength=\"400\" class=\"wpcf7-form-control wpcf7-text\" aria-invalid=\"false\" value=\"\" type=\"text\" name=\"your-country\" \/><\/span>\n\t<\/p>\n\t<p>Requisitos detallados <span style=\"color:red;\">*<span><br \/>\n<span class=\"wpcf7-form-control-wrap\" data-name=\"your-requirement\"><textarea cols=\"40\" rows=\"5\" maxlength=\"2000\" class=\"wpcf7-form-control wpcf7-textarea wpcf7-validates-as-required\" aria-required=\"true\" aria-invalid=\"false\" placeholder=\"Para obtener un presupuesto detallado, env\u00edenos sus requisitos detallados. *\" name=\"your-requirement\"><\/textarea><\/span><\/span><\/span>\n\t<\/p>\n\t<p><input class=\"wpcf7-form-control wpcf7-submit has-spinner\" type=\"submit\" value=\"Obtener presupuesto\" \/>\n\t<\/p>\n<\/div><input type='hidden' class='wpcf7-pum' value='{\"closepopup\":false,\"closedelay\":0,\"openpopup\":false,\"openpopup_id\":0}' \/><div class=\"wpcf7-response-output\" aria-hidden=\"true\"><\/div>\n<input type=\"hidden\" name=\"trp-form-language\" value=\"es\"\/><\/form>\n<\/div>\n<\/div>","protected":false},"excerpt":{"rendered":"<p>\u00a0Application of 50mm2 100mm2 115mm2 108mm2 110mm2 opgw hardware fittings Although, the opgw hardware fittings in one types of cable accessories. But, opgw suspension clamp is mainly use for OPGW cable line which passes trough the angle, tension and terminal tower span. The opgw fittings is not only suitable for hanging overhead cable but opgw &#8230; <a class=\"read-more\" href=\"https:\/\/hdcarmouredcable.com\/es\/opgw-hardware-fittings\/\">Leer m\u00e1s...<\/a><\/p>","protected":false},"author":1,"featured_media":0,"parent":0,"menu_order":0,"comment_status":"closed","ping_status":"closed","template":"","meta":{"_joinchat":[],"footnotes":""},"class_list":["post-3149","page","type-page","status-publish"],"yoast_head":"<!-- This site is optimized with the Yoast SEO plugin v25.1 - https:\/\/yoast.com\/wordpress\/plugins\/seo\/ -->\n<title>down lead clamp double suspension clamp set for opgw hardware fittings<\/title>\n<meta name=\"description\" content=\"50mm2 100mm2 115mm2 108mm2 opgw hardware fittings supplier, can customize vibration damper down lead clamp double suspension clamp set for OPGW fittings.\" \/>\n<meta name=\"robots\" content=\"index, follow, max-snippet:-1, max-image-preview:large, max-video-preview:-1\" \/>\n<link rel=\"canonical\" href=\"https:\/\/hdcarmouredcable.com\/es\/opgw-hardware-fittings\/\" \/>\n<meta property=\"og:locale\" content=\"es_ES\" \/>\n<meta property=\"og:type\" content=\"article\" \/>\n<meta property=\"og:title\" content=\"down lead clamp double suspension clamp set for opgw hardware fittings\" \/>\n<meta property=\"og:description\" content=\"50mm2 100mm2 115mm2 108mm2 opgw hardware fittings supplier, can customize vibration damper down lead clamp double suspension clamp set for OPGW fittings.\" \/>\n<meta property=\"og:url\" content=\"https:\/\/hdcarmouredcable.com\/es\/opgw-hardware-fittings\/\" \/>\n<meta property=\"og:site_name\" content=\"Huadong Armoured Cable Group\" \/>\n<meta property=\"article:publisher\" content=\"https:\/\/www.facebook.com\/lily.ding.52\" \/>\n<meta property=\"article:modified_time\" content=\"2023-07-25T07:41:27+00:00\" \/>\n<meta property=\"og:image\" content=\"https:\/\/hdcarmouredcable.com\/wp-content\/uploads\/2019\/12\/used-for-opgw-hardware-fittings.jpg\" \/>\n<meta name=\"twitter:card\" content=\"summary_large_image\" \/>\n<meta name=\"twitter:label1\" content=\"Tiempo de lectura\" \/>\n\t<meta name=\"twitter:data1\" content=\"4 minutos\" \/>\n<script type=\"application\/ld+json\" class=\"yoast-schema-graph\">{\"@context\":\"https:\/\/schema.org\",\"@graph\":[{\"@type\":\"WebPage\",\"@id\":\"https:\/\/hdcarmouredcable.com\/opgw-hardware-fittings\/\",\"url\":\"https:\/\/hdcarmouredcable.com\/opgw-hardware-fittings\/\",\"name\":\"down lead clamp double suspension clamp set for opgw hardware fittings\",\"isPartOf\":{\"@id\":\"https:\/\/hdcarmouredcable.com\/#website\"},\"primaryImageOfPage\":{\"@id\":\"https:\/\/hdcarmouredcable.com\/opgw-hardware-fittings\/#primaryimage\"},\"image\":{\"@id\":\"https:\/\/hdcarmouredcable.com\/opgw-hardware-fittings\/#primaryimage\"},\"thumbnailUrl\":\"https:\/\/hdcarmouredcable.com\/wp-content\/uploads\/2019\/12\/used-for-opgw-hardware-fittings.jpg\",\"datePublished\":\"2019-12-13T08:03:17+00:00\",\"dateModified\":\"2023-07-25T07:41:27+00:00\",\"description\":\"50mm2 100mm2 115mm2 108mm2 opgw hardware fittings supplier, can customize vibration damper down lead clamp double suspension clamp set for OPGW fittings.\",\"inLanguage\":\"es\",\"potentialAction\":[{\"@type\":\"ReadAction\",\"target\":[\"https:\/\/hdcarmouredcable.com\/opgw-hardware-fittings\/\"]}]},{\"@type\":\"ImageObject\",\"inLanguage\":\"es\",\"@id\":\"https:\/\/hdcarmouredcable.com\/opgw-hardware-fittings\/#primaryimage\",\"url\":\"https:\/\/hdcarmouredcable.com\/wp-content\/uploads\/2019\/12\/used-for-opgw-hardware-fittings.jpg\",\"contentUrl\":\"https:\/\/hdcarmouredcable.com\/wp-content\/uploads\/2019\/12\/used-for-opgw-hardware-fittings.jpg\"},{\"@type\":\"WebSite\",\"@id\":\"https:\/\/hdcarmouredcable.com\/#website\",\"url\":\"https:\/\/hdcarmouredcable.com\/\",\"name\":\"Huadong Armoured Cable Group\",\"description\":\"professional steel wire armoured cable manufacturer\",\"publisher\":{\"@id\":\"https:\/\/hdcarmouredcable.com\/#organization\"},\"potentialAction\":[{\"@type\":\"SearchAction\",\"target\":{\"@type\":\"EntryPoint\",\"urlTemplate\":\"https:\/\/hdcarmouredcable.com\/?s={search_term_string}\"},\"query-input\":{\"@type\":\"PropertyValueSpecification\",\"valueRequired\":true,\"valueName\":\"search_term_string\"}}],\"inLanguage\":\"es\"},{\"@type\":\"Organization\",\"@id\":\"https:\/\/hdcarmouredcable.com\/#organization\",\"name\":\"Huadong Cable Group\",\"url\":\"https:\/\/hdcarmouredcable.com\/\",\"logo\":{\"@type\":\"ImageObject\",\"inLanguage\":\"es\",\"@id\":\"https:\/\/hdcarmouredcable.com\/#\/schema\/logo\/image\/\",\"url\":\"https:\/\/hdcarmouredcable.com\/wp-content\/uploads\/2022\/07\/Huadong-log.png\",\"contentUrl\":\"https:\/\/hdcarmouredcable.com\/wp-content\/uploads\/2022\/07\/Huadong-log.png\",\"width\":860,\"height\":860,\"caption\":\"Huadong Cable Group\"},\"image\":{\"@id\":\"https:\/\/hdcarmouredcable.com\/#\/schema\/logo\/image\/\"},\"sameAs\":[\"https:\/\/www.facebook.com\/lily.ding.52\",\"https:\/\/www.linkedin.com\/in\/lilyxlpecable\/\"]}]}<\/script>\n<!-- \/ Yoast SEO plugin. -->","yoast_head_json":{"title":"juego de abrazaderas de suspensi\u00f3n doble para herrajes opgw","description":"50mm2 100mm2 115mm2 108mm2 opgw herrajes proveedor, puede personalizar amortiguador de vibraciones hacia abajo abrazadera de plomo doble suspensi\u00f3n abrazadera conjunto para OPGW accesorios.","robots":{"index":"index","follow":"follow","max-snippet":"max-snippet:-1","max-image-preview":"max-image-preview:large","max-video-preview":"max-video-preview:-1"},"canonical":"https:\/\/hdcarmouredcable.com\/es\/opgw-hardware-fittings\/","og_locale":"es_ES","og_type":"article","og_title":"down lead clamp double suspension clamp set for opgw hardware fittings","og_description":"50mm2 100mm2 115mm2 108mm2 opgw hardware fittings supplier, can customize vibration damper down lead clamp double suspension clamp set for OPGW fittings.","og_url":"https:\/\/hdcarmouredcable.com\/es\/opgw-hardware-fittings\/","og_site_name":"Huadong Armoured Cable Group","article_publisher":"https:\/\/www.facebook.com\/lily.ding.52","article_modified_time":"2023-07-25T07:41:27+00:00","og_image":[{"url":"https:\/\/hdcarmouredcable.com\/wp-content\/uploads\/2019\/12\/used-for-opgw-hardware-fittings.jpg","type":"","width":"","height":""}],"twitter_card":"summary_large_image","twitter_misc":{"Tiempo de lectura":"4 minutos"},"schema":{"@context":"https:\/\/schema.org","@graph":[{"@type":"WebPage","@id":"https:\/\/hdcarmouredcable.com\/opgw-hardware-fittings\/","url":"https:\/\/hdcarmouredcable.com\/opgw-hardware-fittings\/","name":"juego de abrazaderas de suspensi\u00f3n doble para herrajes opgw","isPartOf":{"@id":"https:\/\/hdcarmouredcable.com\/#website"},"primaryImageOfPage":{"@id":"https:\/\/hdcarmouredcable.com\/opgw-hardware-fittings\/#primaryimage"},"image":{"@id":"https:\/\/hdcarmouredcable.com\/opgw-hardware-fittings\/#primaryimage"},"thumbnailUrl":"https:\/\/hdcarmouredcable.com\/wp-content\/uploads\/2019\/12\/used-for-opgw-hardware-fittings.jpg","datePublished":"2019-12-13T08:03:17+00:00","dateModified":"2023-07-25T07:41:27+00:00","description":"50mm2 100mm2 115mm2 108mm2 opgw herrajes proveedor, puede personalizar amortiguador de vibraciones hacia abajo abrazadera de plomo doble suspensi\u00f3n abrazadera conjunto para OPGW accesorios.","inLanguage":"es","potentialAction":[{"@type":"ReadAction","target":["https:\/\/hdcarmouredcable.com\/opgw-hardware-fittings\/"]}]},{"@type":"ImageObject","inLanguage":"es","@id":"https:\/\/hdcarmouredcable.com\/opgw-hardware-fittings\/#primaryimage","url":"https:\/\/hdcarmouredcable.com\/wp-content\/uploads\/2019\/12\/used-for-opgw-hardware-fittings.jpg","contentUrl":"https:\/\/hdcarmouredcable.com\/wp-content\/uploads\/2019\/12\/used-for-opgw-hardware-fittings.jpg"},{"@type":"WebSite","@id":"https:\/\/hdcarmouredcable.com\/#website","url":"https:\/\/hdcarmouredcable.com\/","name":"Grupo Huadong de cables armados","description":"fabricante profesional de cables blindados de alambre de acero","publisher":{"@id":"https:\/\/hdcarmouredcable.com\/#organization"},"potentialAction":[{"@type":"SearchAction","target":{"@type":"EntryPoint","urlTemplate":"https:\/\/hdcarmouredcable.com\/?s={search_term_string}"},"query-input":{"@type":"PropertyValueSpecification","valueRequired":true,"valueName":"search_term_string"}}],"inLanguage":"es"},{"@type":"Organization","@id":"https:\/\/hdcarmouredcable.com\/#organization","name":"Grupo Huadong Cable","url":"https:\/\/hdcarmouredcable.com\/","logo":{"@type":"ImageObject","inLanguage":"es","@id":"https:\/\/hdcarmouredcable.com\/#\/schema\/logo\/image\/","url":"https:\/\/hdcarmouredcable.com\/wp-content\/uploads\/2022\/07\/Huadong-log.png","contentUrl":"https:\/\/hdcarmouredcable.com\/wp-content\/uploads\/2022\/07\/Huadong-log.png","width":860,"height":860,"caption":"Huadong Cable Group"},"image":{"@id":"https:\/\/hdcarmouredcable.com\/#\/schema\/logo\/image\/"},"sameAs":["https:\/\/www.facebook.com\/lily.ding.52","https:\/\/www.linkedin.com\/in\/lilyxlpecable\/"]}]}},"amp_enabled":true,"_links":{"self":[{"href":"https:\/\/hdcarmouredcable.com\/es\/wp-json\/wp\/v2\/pages\/3149","targetHints":{"allow":["GET"]}}],"collection":[{"href":"https:\/\/hdcarmouredcable.com\/es\/wp-json\/wp\/v2\/pages"}],"about":[{"href":"https:\/\/hdcarmouredcable.com\/es\/wp-json\/wp\/v2\/types\/page"}],"author":[{"embeddable":true,"href":"https:\/\/hdcarmouredcable.com\/es\/wp-json\/wp\/v2\/users\/1"}],"replies":[{"embeddable":true,"href":"https:\/\/hdcarmouredcable.com\/es\/wp-json\/wp\/v2\/comments?post=3149"}],"version-history":[{"count":4,"href":"https:\/\/hdcarmouredcable.com\/es\/wp-json\/wp\/v2\/pages\/3149\/revisions"}],"predecessor-version":[{"id":9571,"href":"https:\/\/hdcarmouredcable.com\/es\/wp-json\/wp\/v2\/pages\/3149\/revisions\/9571"}],"wp:attachment":[{"href":"https:\/\/hdcarmouredcable.com\/es\/wp-json\/wp\/v2\/media?parent=3149"}],"curies":[{"name":"wp","href":"https:\/\/api.w.org\/{rel}","templated":true}]}}