{"id":4066,"date":"2020-10-09T17:56:21","date_gmt":"2020-10-09T09:56:21","guid":{"rendered":"https:\/\/hdcarmouredcable.com\/?page_id=4066"},"modified":"2023-07-24T17:09:14","modified_gmt":"2023-07-24T09:09:14","slug":"50mm-cable-price","status":"publish","type":"page","link":"https:\/\/hdcarmouredcable.com\/es\/50mm-cable-precio\/","title":{"rendered":"4 core 5 core cobre aluminio blindado 50 mm cable precio en Sud\u00e1frica"},"content":{"rendered":"<h2>Huadong soldadura de aluminio 4 n\u00facleo 5 n\u00facleo swa 50mm cable precio al m\u00e1s bajo<\/h2>\n<p>Aunque, el cable de 50mm2 thhn bater\u00eda de soldadura es uno de los tipos de cable size.but que incluyen muchos cables de material de diferencia. Tales como, cobre 4 n\u00facleo 5 n\u00facleo swa blindado 50mm cable y 50mm2 soldadura y cable de la bater\u00eda.<\/p>\n<p><img loading=\"lazy\" decoding=\"async\" class=\"aligncenter size-full wp-image-4072\" src=\"https:\/\/hdcarmouredcable.com\/wp-content\/uploads\/2020\/10\/4-core-50mm-armoured-cable-price-list-in-South-Africa.jpg\" alt=\"Lista de precios de cable armado de 4 conductores de 50 mm en Sud\u00e1frica\" width=\"900\" height=\"200\" srcset=\"https:\/\/hdcarmouredcable.com\/wp-content\/uploads\/2020\/10\/4-core-50mm-armoured-cable-price-list-in-South-Africa.jpg 900w, https:\/\/hdcarmouredcable.com\/wp-content\/uploads\/2020\/10\/4-core-50mm-armoured-cable-price-list-in-South-Africa-300x67.jpg 300w, https:\/\/hdcarmouredcable.com\/wp-content\/uploads\/2020\/10\/4-core-50mm-armoured-cable-price-list-in-South-Africa-768x171.jpg 768w, https:\/\/hdcarmouredcable.com\/wp-content\/uploads\/2020\/10\/4-core-50mm-armoured-cable-price-list-in-South-Africa-600x133.jpg 600w\" sizes=\"auto, (max-width: 900px) 100vw, 900px\" \/><\/p>\n<p style=\"text-align: center;\"><span class=\"su-lightbox\" data-mfp-src=\"#popmake-form\" data-mfp-type=\"inline\" data-mobile=\"yes\"><button class=\"btn btn-danger btn-sm\" ><i class=\"glyphicon glyphicon-ok-sign\" style=\"color:#eeee22;\"><\/i> Obtener el precio<\/button><\/span><a class=\"btn btn-danger btn-sm\" href=\"mailto:info@hdcarmouredcable.com\"  rel=\"\"  target=\"_self\"><i class=\"fa fa-envelope-o\" style=\"color:#eeee22;\"><\/i> info@hdcarmouredcable.com<\/a>\n<p>Al mismo tiempo, el precio de estos cables tambi\u00e9n es diferente. En t\u00e9rminos generales, el 4 n\u00facleo de cobre de aluminio blindado 50 mm de cable de precio es m\u00e1s alto que el cable no blindado. Especialmente, el 3 n\u00facleo 4 n\u00facleo 50 mm cable blindado lista de precios en Sud\u00e1frica es caro que o mercado de ultramar. El grupo Huadong tiene ventaja de precio en Sud\u00e1frica. Por un lado, Huadong tiene su propia f\u00e1brica y lugar de suministro de materias primas. Por otro lado, contamos con 10 ingenieros con m\u00e1s de 15 a\u00f1os de experiencia en el sector. <a href=\"https:\/\/hdcarmouredcable.com\/es\/cable-blindado-de-70-mm-precio\/\" target=\"_blank\" rel=\"noopener noreferrer\">cable blindado de 70 mm<\/a> fabricaci\u00f3n.<\/p>\n<p><img loading=\"lazy\" decoding=\"async\" class=\"aligncenter size-full wp-image-4074\" src=\"https:\/\/hdcarmouredcable.com\/wp-content\/uploads\/2020\/10\/copper-xlpe-5-core-swa-50mm-cable-price.jpg\" alt=\"cobre xlpe 5 core swa 50mm cable price\" width=\"750\" height=\"214\" srcset=\"https:\/\/hdcarmouredcable.com\/wp-content\/uploads\/2020\/10\/copper-xlpe-5-core-swa-50mm-cable-price.jpg 750w, https:\/\/hdcarmouredcable.com\/wp-content\/uploads\/2020\/10\/copper-xlpe-5-core-swa-50mm-cable-price-300x86.jpg 300w, https:\/\/hdcarmouredcable.com\/wp-content\/uploads\/2020\/10\/copper-xlpe-5-core-swa-50mm-cable-price-600x171.jpg 600w\" sizes=\"auto, (max-width: 750px) 100vw, 750px\" \/><\/p>\n<p style=\"text-align: center;\"><span class=\"su-lightbox\" data-mfp-src=\"#popmake-form\" data-mfp-type=\"inline\" data-mobile=\"yes\"><button class=\"btn btn-danger btn-sm\" ><i class=\"glyphicon glyphicon-ok-sign\" style=\"color:#eeee22;\"><\/i> Obtener el precio<\/button><\/span><a class=\"btn btn-danger btn-sm\" href=\"mailto:info@hdcarmouredcable.com\"  rel=\"\"  target=\"_self\"><i class=\"fa fa-envelope-o\" style=\"color:#eeee22;\"><\/i> info@hdcarmouredcable.com<\/a>\n<h2>Donde se puede obtener thhn bater\u00eda de soldadura 50mm2 proveedor de cable<\/h2>\n<p>En primer lugar, usted puede encontrar el derecho de 4 n\u00facleos de cobre de aluminio blindado 50 mm de cable lista de precios en l\u00ednea. No s\u00f3lo hay muchos proveedores que ofrecen estos cables, pero tambi\u00e9n es necesario mirar a su alrededor con el fin de buscar la mejor soldadura de aluminio 4 n\u00facleo 5 n\u00facleo swa 50mm precio del cable. En segundo lugar, usted encontrar\u00e1 proveedores de cable precio en Sud\u00e1frica que proporcionan estos a trav\u00e9s del pie sin cargos de corte. Por lo tanto, echa un vistazo a los vendedores en l\u00ednea de 3 n\u00facleo 4 n\u00facleo 50mm cable blindado lista de precios proveedor y compararlos. Por lo tanto, antes de comprar la bater\u00eda de soldadura thhn 50mm2 cable por primera vez, comprobar si hay una pol\u00edtica de reembolso o incluso para cualquier comentarios y testimonios dejados por otros compradores.<\/p>\n<p><img loading=\"lazy\" decoding=\"async\" class=\"aligncenter size-full wp-image-4075\" src=\"https:\/\/hdcarmouredcable.com\/wp-content\/uploads\/2020\/10\/copper-welding-battery-50mm2-cable-price-for-sales.jpg\" alt=\"bater\u00eda de soldadura de cobre 50mm2 precio del cable para las ventas\" width=\"830\" height=\"200\" srcset=\"https:\/\/hdcarmouredcable.com\/wp-content\/uploads\/2020\/10\/copper-welding-battery-50mm2-cable-price-for-sales.jpg 830w, https:\/\/hdcarmouredcable.com\/wp-content\/uploads\/2020\/10\/copper-welding-battery-50mm2-cable-price-for-sales-300x72.jpg 300w, https:\/\/hdcarmouredcable.com\/wp-content\/uploads\/2020\/10\/copper-welding-battery-50mm2-cable-price-for-sales-768x185.jpg 768w, https:\/\/hdcarmouredcable.com\/wp-content\/uploads\/2020\/10\/copper-welding-battery-50mm2-cable-price-for-sales-600x145.jpg 600w\" sizes=\"auto, (max-width: 830px) 100vw, 830px\" \/><\/p>\n<p style=\"text-align: center;\"><span class=\"su-lightbox\" data-mfp-src=\"#popmake-form\" data-mfp-type=\"inline\" data-mobile=\"yes\"><button class=\"btn btn-danger btn-sm\" ><i class=\"glyphicon glyphicon-ok-sign\" style=\"color:#eeee22;\"><\/i> Obtener el precio<\/button><\/span><a class=\"btn btn-danger btn-sm\" href=\"mailto:info@hdcarmouredcable.com\"  rel=\"\"  target=\"_self\"><i class=\"fa fa-envelope-o\" style=\"color:#eeee22;\"><\/i> info@hdcarmouredcable.com<\/a>\n<h2>C\u00f3mo obtener la lista de precios de cables armados de 3 conductores y 4 conductores de 50 mm en Sud\u00e1frica<\/h2>\n<p>\u00bfSabe por qu\u00e9 tantos clientes preguntan por la lista de precios de cables armados de 3 n\u00facleos y 4 n\u00facleos de 50 mm en Sud\u00e1frica procedentes de China? En primer lugar, China es el principal productor de cables y alambres. Los cables 70% de China en todo el mundo. Al mismo tiempo, la soldadura de aluminio 4 n\u00facleo 5 n\u00facleo swa 50mm precio del cable es m\u00e1s bajo que otros pa\u00edses. Hay varios vendedores medianas. Usted quiere en realidad son s\u00f3lo la compra de las empresas que ofrecen una garant\u00eda sobre los cables que venden. Muchos de los 4 n\u00facleo de cobre de aluminio blindado 50 mm precio del cable en los lugares m\u00e1s bajos para conseguir se puede encontrar en China. Por lo tanto, a menudo son capaces de dar la bater\u00eda de soldadura thhn 50mm2 cable precios m\u00e1s bajos. Aseg\u00farese de que est\u00e1 adquiriendo la correcta<a href=\"https:\/\/hdcarmouredcable.com\/es\/precio-del-cable-armado-de-4-conductores-de-35-mm\/\" target=\"_blank\" rel=\"noopener noreferrer\"> Cable armado de 4 conductores de 35 mm<\/a> producto.<\/p>\n<p><img loading=\"lazy\" decoding=\"async\" class=\"aligncenter size-full wp-image-4073\" src=\"https:\/\/hdcarmouredcable.com\/wp-content\/uploads\/2020\/10\/copper-aluminum-armoured-50-mm-cable-packaging.jpg\" alt=\"cobre aluminio blindado 50 mm cable embalaje\" width=\"1601\" height=\"300\" srcset=\"https:\/\/hdcarmouredcable.com\/wp-content\/uploads\/2020\/10\/copper-aluminum-armoured-50-mm-cable-packaging.jpg 1601w, https:\/\/hdcarmouredcable.com\/wp-content\/uploads\/2020\/10\/copper-aluminum-armoured-50-mm-cable-packaging-300x56.jpg 300w, https:\/\/hdcarmouredcable.com\/wp-content\/uploads\/2020\/10\/copper-aluminum-armoured-50-mm-cable-packaging-1024x192.jpg 1024w, https:\/\/hdcarmouredcable.com\/wp-content\/uploads\/2020\/10\/copper-aluminum-armoured-50-mm-cable-packaging-768x144.jpg 768w, https:\/\/hdcarmouredcable.com\/wp-content\/uploads\/2020\/10\/copper-aluminum-armoured-50-mm-cable-packaging-1536x288.jpg 1536w, https:\/\/hdcarmouredcable.com\/wp-content\/uploads\/2020\/10\/copper-aluminum-armoured-50-mm-cable-packaging-600x112.jpg 600w\" sizes=\"auto, (max-width: 1601px) 100vw, 1601px\" \/><\/p>\n\n<div class=\"wpcf7 no-js\" id=\"wpcf7-f5800-o1\" lang=\"en-US\" dir=\"ltr\" data-wpcf7-id=\"5800\">\n<div class=\"screen-reader-response\"><p role=\"status\" aria-live=\"polite\" aria-atomic=\"true\"><\/p> <ul><\/ul><\/div>\n<form action=\"\/es\/wp-json\/wp\/v2\/pages\/4066#wpcf7-f5800-o1\" method=\"post\" class=\"wpcf7-form init\" aria-label=\"Formulario de contacto\" novalidate=\"novalidate\" data-status=\"init\" data-trp-original-action=\"\/es\/wp-json\/wp\/v2\/pages\/4066#wpcf7-f5800-o1\">\n<div style=\"display: none;\">\n<input type=\"hidden\" name=\"_wpcf7\" value=\"5800\" \/>\n<input type=\"hidden\" name=\"_wpcf7_version\" value=\"6.0.6\" \/>\n<input type=\"hidden\" name=\"_wpcf7_locale\" value=\"en_US\" \/>\n<input type=\"hidden\" name=\"_wpcf7_unit_tag\" value=\"wpcf7-f5800-o1\" \/>\n<input type=\"hidden\" name=\"_wpcf7_container_post\" value=\"0\" \/>\n<input type=\"hidden\" name=\"_wpcf7_posted_data_hash\" value=\"\" \/>\n<\/div>\n<div class=\"popmakerform\">\n\t<h3>Obtener presupuesto gratuito\n\t<\/h3>\n\t<p>Trabajemos juntos en su proyecto por correo electr\u00f3nico: <a href=\"mailto:info@hdcarmouredcable.com\" rel=\"nofollow\">info@hdcarmouredcable.com<\/a>\n\t<\/p>\n\t<p>Producto de inter\u00e9s <span style=\"color:red;\">*<span><br \/>\n<span class=\"wpcf7-form-control-wrap\" data-name=\"item\"><input size=\"40\" maxlength=\"400\" class=\"wpcf7-form-control wpcf7-text\" id=\"item\" aria-invalid=\"false\" value=\"\" type=\"text\" name=\"item\" \/><\/span><\/span><\/span>\n\t<\/p>\n\t<p>Su nombre <span style=\"color:red;\">*<span><br \/>\n<span class=\"wpcf7-form-control-wrap\" data-name=\"your-name\"><input size=\"40\" maxlength=\"400\" class=\"wpcf7-form-control wpcf7-text wpcf7-validates-as-required\" aria-required=\"true\" aria-invalid=\"false\" value=\"\" type=\"text\" name=\"your-name\" \/><\/span><\/span><\/span>\n\t<\/p>\n\t<p>Su correo electr\u00f3nico <span style=\"color:red;\">*<span><br \/>\n<span class=\"wpcf7-form-control-wrap\" data-name=\"your-email\"><input size=\"40\" maxlength=\"400\" class=\"wpcf7-form-control wpcf7-email wpcf7-validates-as-required wpcf7-text wpcf7-validates-as-email\" aria-required=\"true\" aria-invalid=\"false\" value=\"\" type=\"email\" name=\"your-email\" \/><\/span><\/span><\/span>\n\t<\/p>\n\t<p>Su n\u00famero de tel\u00e9fono (incluya el prefijo)<br \/>\n<span class=\"wpcf7-form-control-wrap\" data-name=\"your-phone\"><input size=\"40\" maxlength=\"400\" class=\"wpcf7-form-control wpcf7-text\" aria-invalid=\"false\" value=\"\" type=\"text\" name=\"your-phone\" \/><\/span>\n\t<\/p>\n\t<p>Su pa\u00eds<br \/>\n<span class=\"wpcf7-form-control-wrap\" data-name=\"your-country\"><input size=\"40\" maxlength=\"400\" class=\"wpcf7-form-control wpcf7-text\" aria-invalid=\"false\" value=\"\" type=\"text\" name=\"your-country\" \/><\/span>\n\t<\/p>\n\t<p>Requisitos detallados <span style=\"color:red;\">*<span><br \/>\n<span class=\"wpcf7-form-control-wrap\" data-name=\"your-requirement\"><textarea cols=\"40\" rows=\"5\" maxlength=\"2000\" class=\"wpcf7-form-control wpcf7-textarea wpcf7-validates-as-required\" aria-required=\"true\" aria-invalid=\"false\" placeholder=\"Para obtener un presupuesto detallado, env\u00edenos sus requisitos detallados. *\" name=\"your-requirement\"><\/textarea><\/span><\/span><\/span>\n\t<\/p>\n\t<p><input class=\"wpcf7-form-control wpcf7-submit has-spinner\" type=\"submit\" value=\"Obtener presupuesto\" \/>\n\t<\/p>\n<\/div><input type='hidden' class='wpcf7-pum' value='{\"closepopup\":false,\"closedelay\":0,\"openpopup\":false,\"openpopup_id\":0}' \/><div class=\"wpcf7-response-output\" aria-hidden=\"true\"><\/div>\n<input type=\"hidden\" name=\"trp-form-language\" value=\"es\"\/><\/form>\n<\/div>\n\n<div class=\"su-lightbox-content su-u-trim\" id=\"popmake-form\" style=\"display:none;width:65%;min-width:none;max-width:600px;margin-top:40px;margin-bottom:40px;padding:20px;background:#FFFFFF;color:#333333;box-shadow:0px 0px 15px #333333;text-align:left\">\n<div class=\"wpcf7 no-js\" id=\"wpcf7-f5800-o2\" lang=\"en-US\" dir=\"ltr\" data-wpcf7-id=\"5800\">\n<div class=\"screen-reader-response\"><p role=\"status\" aria-live=\"polite\" aria-atomic=\"true\"><\/p> <ul><\/ul><\/div>\n<form action=\"\/es\/wp-json\/wp\/v2\/pages\/4066#wpcf7-f5800-o2\" method=\"post\" class=\"wpcf7-form init\" aria-label=\"Formulario de contacto\" novalidate=\"novalidate\" data-status=\"init\" data-trp-original-action=\"\/es\/wp-json\/wp\/v2\/pages\/4066#wpcf7-f5800-o2\">\n<div style=\"display: none;\">\n<input type=\"hidden\" name=\"_wpcf7\" value=\"5800\" \/>\n<input type=\"hidden\" name=\"_wpcf7_version\" value=\"6.0.6\" \/>\n<input type=\"hidden\" name=\"_wpcf7_locale\" value=\"en_US\" \/>\n<input type=\"hidden\" name=\"_wpcf7_unit_tag\" value=\"wpcf7-f5800-o2\" \/>\n<input type=\"hidden\" name=\"_wpcf7_container_post\" value=\"0\" \/>\n<input type=\"hidden\" name=\"_wpcf7_posted_data_hash\" value=\"\" \/>\n<\/div>\n<div class=\"popmakerform\">\n\t<h3>Obtener presupuesto gratuito\n\t<\/h3>\n\t<p>Trabajemos juntos en su proyecto por correo electr\u00f3nico: <a href=\"mailto:info@hdcarmouredcable.com\" rel=\"nofollow\">info@hdcarmouredcable.com<\/a>\n\t<\/p>\n\t<p>Producto de inter\u00e9s <span style=\"color:red;\">*<span><br \/>\n<span class=\"wpcf7-form-control-wrap\" data-name=\"item\"><input size=\"40\" maxlength=\"400\" class=\"wpcf7-form-control wpcf7-text\" aria-invalid=\"false\" value=\"\" type=\"text\" name=\"item\" \/><\/span><\/span><\/span>\n\t<\/p>\n\t<p>Su nombre <span style=\"color:red;\">*<span><br \/>\n<span class=\"wpcf7-form-control-wrap\" data-name=\"your-name\"><input size=\"40\" maxlength=\"400\" class=\"wpcf7-form-control wpcf7-text wpcf7-validates-as-required\" aria-required=\"true\" aria-invalid=\"false\" value=\"\" type=\"text\" name=\"your-name\" \/><\/span><\/span><\/span>\n\t<\/p>\n\t<p>Su correo electr\u00f3nico <span style=\"color:red;\">*<span><br \/>\n<span class=\"wpcf7-form-control-wrap\" data-name=\"your-email\"><input size=\"40\" maxlength=\"400\" class=\"wpcf7-form-control wpcf7-email wpcf7-validates-as-required wpcf7-text wpcf7-validates-as-email\" aria-required=\"true\" aria-invalid=\"false\" value=\"\" type=\"email\" name=\"your-email\" \/><\/span><\/span><\/span>\n\t<\/p>\n\t<p>Su n\u00famero de tel\u00e9fono (incluya el prefijo)<br \/>\n<span class=\"wpcf7-form-control-wrap\" data-name=\"your-phone\"><input size=\"40\" maxlength=\"400\" class=\"wpcf7-form-control wpcf7-text\" aria-invalid=\"false\" value=\"\" type=\"text\" name=\"your-phone\" \/><\/span>\n\t<\/p>\n\t<p>Su pa\u00eds<br \/>\n<span class=\"wpcf7-form-control-wrap\" data-name=\"your-country\"><input size=\"40\" maxlength=\"400\" class=\"wpcf7-form-control wpcf7-text\" aria-invalid=\"false\" value=\"\" type=\"text\" name=\"your-country\" \/><\/span>\n\t<\/p>\n\t<p>Requisitos detallados <span style=\"color:red;\">*<span><br \/>\n<span class=\"wpcf7-form-control-wrap\" data-name=\"your-requirement\"><textarea cols=\"40\" rows=\"5\" maxlength=\"2000\" class=\"wpcf7-form-control wpcf7-textarea wpcf7-validates-as-required\" aria-required=\"true\" aria-invalid=\"false\" placeholder=\"Para obtener un presupuesto detallado, env\u00edenos sus requisitos detallados. *\" name=\"your-requirement\"><\/textarea><\/span><\/span><\/span>\n\t<\/p>\n\t<p><input class=\"wpcf7-form-control wpcf7-submit has-spinner\" type=\"submit\" value=\"Obtener presupuesto\" \/>\n\t<\/p>\n<\/div><input type='hidden' class='wpcf7-pum' value='{\"closepopup\":false,\"closedelay\":0,\"openpopup\":false,\"openpopup_id\":0}' \/><div class=\"wpcf7-response-output\" aria-hidden=\"true\"><\/div>\n<input type=\"hidden\" name=\"trp-form-language\" value=\"es\"\/><\/form>\n<\/div>\n<\/div>","protected":false},"excerpt":{"rendered":"<p>Huadong aluminio soldadura 4 n\u00facleo 5 n\u00facleo swa 50mm cable precio al m\u00e1s bajo Aunque, la bater\u00eda de soldadura thhn 50mm2 cable es uno de los tipos de cable size.but que incluyen muchas diferencias cable de material. Por ejemplo, cobre 4 n\u00facleo 5 n\u00facleo swa blindado 50mm cable y 50mm2 soldadura y cable de la bater\u00eda. Al mismo tiempo, estos ... <a class=\"read-more\" href=\"https:\/\/hdcarmouredcable.com\/es\/50mm-cable-precio\/\">Leer m\u00e1s...<\/a><\/p>","protected":false},"author":1,"featured_media":0,"parent":0,"menu_order":0,"comment_status":"closed","ping_status":"closed","template":"","meta":{"_joinchat":[],"footnotes":""},"class_list":["post-4066","page","type-page","status-publish"],"yoast_head":"<!-- This site is optimized with the Yoast SEO plugin v25.1 - https:\/\/yoast.com\/wordpress\/plugins\/seo\/ -->\n<title>aluminum copper 3 5 4 core swa armoured 50mm cable price list for sale<\/title>\n<meta name=\"description\" content=\"Huadong supply aluminum copper swa armoured 5 core 4 core 50mm cable price at cheap, can customize thhn battery welding 50mm2 cable for you.\" \/>\n<meta name=\"robots\" content=\"index, follow, max-snippet:-1, max-image-preview:large, max-video-preview:-1\" \/>\n<link rel=\"canonical\" href=\"https:\/\/hdcarmouredcable.com\/es\/50mm-cable-precio\/\" \/>\n<meta property=\"og:locale\" content=\"es_ES\" \/>\n<meta property=\"og:type\" content=\"article\" \/>\n<meta property=\"og:title\" content=\"aluminum copper 3 5 4 core swa armoured 50mm cable price list for sale\" \/>\n<meta property=\"og:description\" content=\"Huadong supply aluminum copper swa armoured 5 core 4 core 50mm cable price at cheap, can customize thhn battery welding 50mm2 cable for you.\" \/>\n<meta property=\"og:url\" content=\"https:\/\/hdcarmouredcable.com\/es\/50mm-cable-precio\/\" \/>\n<meta property=\"og:site_name\" content=\"Huadong Armoured Cable Group\" \/>\n<meta property=\"article:publisher\" content=\"https:\/\/www.facebook.com\/lily.ding.52\" \/>\n<meta property=\"article:modified_time\" content=\"2023-07-24T09:09:14+00:00\" \/>\n<meta property=\"og:image\" content=\"https:\/\/hdcarmouredcable.com\/wp-content\/uploads\/2020\/10\/4-core-50mm-armoured-cable-price-list-in-South-Africa.jpg\" \/>\n<meta name=\"twitter:card\" content=\"summary_large_image\" \/>\n<meta name=\"twitter:label1\" content=\"Tiempo de lectura\" \/>\n\t<meta name=\"twitter:data1\" content=\"3 minutos\" \/>\n<script type=\"application\/ld+json\" class=\"yoast-schema-graph\">{\"@context\":\"https:\/\/schema.org\",\"@graph\":[{\"@type\":\"WebPage\",\"@id\":\"https:\/\/hdcarmouredcable.com\/50mm-cable-price\/\",\"url\":\"https:\/\/hdcarmouredcable.com\/50mm-cable-price\/\",\"name\":\"aluminum copper 3 5 4 core swa armoured 50mm cable price list for sale\",\"isPartOf\":{\"@id\":\"https:\/\/hdcarmouredcable.com\/#website\"},\"primaryImageOfPage\":{\"@id\":\"https:\/\/hdcarmouredcable.com\/50mm-cable-price\/#primaryimage\"},\"image\":{\"@id\":\"https:\/\/hdcarmouredcable.com\/50mm-cable-price\/#primaryimage\"},\"thumbnailUrl\":\"https:\/\/hdcarmouredcable.com\/wp-content\/uploads\/2020\/10\/4-core-50mm-armoured-cable-price-list-in-South-Africa.jpg\",\"datePublished\":\"2020-10-09T09:56:21+00:00\",\"dateModified\":\"2023-07-24T09:09:14+00:00\",\"description\":\"Huadong supply aluminum copper swa armoured 5 core 4 core 50mm cable price at cheap, can customize thhn battery welding 50mm2 cable for you.\",\"inLanguage\":\"es\",\"potentialAction\":[{\"@type\":\"ReadAction\",\"target\":[\"https:\/\/hdcarmouredcable.com\/50mm-cable-price\/\"]}]},{\"@type\":\"ImageObject\",\"inLanguage\":\"es\",\"@id\":\"https:\/\/hdcarmouredcable.com\/50mm-cable-price\/#primaryimage\",\"url\":\"https:\/\/hdcarmouredcable.com\/wp-content\/uploads\/2020\/10\/4-core-50mm-armoured-cable-price-list-in-South-Africa.jpg\",\"contentUrl\":\"https:\/\/hdcarmouredcable.com\/wp-content\/uploads\/2020\/10\/4-core-50mm-armoured-cable-price-list-in-South-Africa.jpg\"},{\"@type\":\"WebSite\",\"@id\":\"https:\/\/hdcarmouredcable.com\/#website\",\"url\":\"https:\/\/hdcarmouredcable.com\/\",\"name\":\"Huadong Armoured Cable Group\",\"description\":\"professional steel wire armoured cable manufacturer\",\"publisher\":{\"@id\":\"https:\/\/hdcarmouredcable.com\/#organization\"},\"potentialAction\":[{\"@type\":\"SearchAction\",\"target\":{\"@type\":\"EntryPoint\",\"urlTemplate\":\"https:\/\/hdcarmouredcable.com\/?s={search_term_string}\"},\"query-input\":{\"@type\":\"PropertyValueSpecification\",\"valueRequired\":true,\"valueName\":\"search_term_string\"}}],\"inLanguage\":\"es\"},{\"@type\":\"Organization\",\"@id\":\"https:\/\/hdcarmouredcable.com\/#organization\",\"name\":\"Huadong Cable Group\",\"url\":\"https:\/\/hdcarmouredcable.com\/\",\"logo\":{\"@type\":\"ImageObject\",\"inLanguage\":\"es\",\"@id\":\"https:\/\/hdcarmouredcable.com\/#\/schema\/logo\/image\/\",\"url\":\"https:\/\/hdcarmouredcable.com\/wp-content\/uploads\/2022\/07\/Huadong-log.png\",\"contentUrl\":\"https:\/\/hdcarmouredcable.com\/wp-content\/uploads\/2022\/07\/Huadong-log.png\",\"width\":860,\"height\":860,\"caption\":\"Huadong Cable Group\"},\"image\":{\"@id\":\"https:\/\/hdcarmouredcable.com\/#\/schema\/logo\/image\/\"},\"sameAs\":[\"https:\/\/www.facebook.com\/lily.ding.52\",\"https:\/\/www.linkedin.com\/in\/lilyxlpecable\/\"]}]}<\/script>\n<!-- \/ Yoast SEO plugin. -->","yoast_head_json":{"title":"aluminio cobre 3 5 4 n\u00facleo swa blindado 50mm cable lista de precios para la venta","description":"Huadong suministro de aluminio cobre swa blindado 5 n\u00facleo 4 n\u00facleo 50mm cable precio en barato, puede personalizar thhn soldadura de la bater\u00eda 50mm2 cable para usted.","robots":{"index":"index","follow":"follow","max-snippet":"max-snippet:-1","max-image-preview":"max-image-preview:large","max-video-preview":"max-video-preview:-1"},"canonical":"https:\/\/hdcarmouredcable.com\/es\/50mm-cable-precio\/","og_locale":"es_ES","og_type":"article","og_title":"aluminum copper 3 5 4 core swa armoured 50mm cable price list for sale","og_description":"Huadong supply aluminum copper swa armoured 5 core 4 core 50mm cable price at cheap, can customize thhn battery welding 50mm2 cable for you.","og_url":"https:\/\/hdcarmouredcable.com\/es\/50mm-cable-precio\/","og_site_name":"Huadong Armoured Cable Group","article_publisher":"https:\/\/www.facebook.com\/lily.ding.52","article_modified_time":"2023-07-24T09:09:14+00:00","og_image":[{"url":"https:\/\/hdcarmouredcable.com\/wp-content\/uploads\/2020\/10\/4-core-50mm-armoured-cable-price-list-in-South-Africa.jpg","type":"","width":"","height":""}],"twitter_card":"summary_large_image","twitter_misc":{"Tiempo de lectura":"3 minutos"},"schema":{"@context":"https:\/\/schema.org","@graph":[{"@type":"WebPage","@id":"https:\/\/hdcarmouredcable.com\/50mm-cable-price\/","url":"https:\/\/hdcarmouredcable.com\/50mm-cable-price\/","name":"aluminio cobre 3 5 4 n\u00facleo swa blindado 50mm cable lista de precios para la venta","isPartOf":{"@id":"https:\/\/hdcarmouredcable.com\/#website"},"primaryImageOfPage":{"@id":"https:\/\/hdcarmouredcable.com\/50mm-cable-price\/#primaryimage"},"image":{"@id":"https:\/\/hdcarmouredcable.com\/50mm-cable-price\/#primaryimage"},"thumbnailUrl":"https:\/\/hdcarmouredcable.com\/wp-content\/uploads\/2020\/10\/4-core-50mm-armoured-cable-price-list-in-South-Africa.jpg","datePublished":"2020-10-09T09:56:21+00:00","dateModified":"2023-07-24T09:09:14+00:00","description":"Huadong suministro de aluminio cobre swa blindado 5 n\u00facleo 4 n\u00facleo 50mm cable precio en barato, puede personalizar thhn soldadura de la bater\u00eda 50mm2 cable para usted.","inLanguage":"es","potentialAction":[{"@type":"ReadAction","target":["https:\/\/hdcarmouredcable.com\/50mm-cable-price\/"]}]},{"@type":"ImageObject","inLanguage":"es","@id":"https:\/\/hdcarmouredcable.com\/50mm-cable-price\/#primaryimage","url":"https:\/\/hdcarmouredcable.com\/wp-content\/uploads\/2020\/10\/4-core-50mm-armoured-cable-price-list-in-South-Africa.jpg","contentUrl":"https:\/\/hdcarmouredcable.com\/wp-content\/uploads\/2020\/10\/4-core-50mm-armoured-cable-price-list-in-South-Africa.jpg"},{"@type":"WebSite","@id":"https:\/\/hdcarmouredcable.com\/#website","url":"https:\/\/hdcarmouredcable.com\/","name":"Grupo Huadong de cables armados","description":"fabricante profesional de cables blindados de alambre de acero","publisher":{"@id":"https:\/\/hdcarmouredcable.com\/#organization"},"potentialAction":[{"@type":"SearchAction","target":{"@type":"EntryPoint","urlTemplate":"https:\/\/hdcarmouredcable.com\/?s={search_term_string}"},"query-input":{"@type":"PropertyValueSpecification","valueRequired":true,"valueName":"search_term_string"}}],"inLanguage":"es"},{"@type":"Organization","@id":"https:\/\/hdcarmouredcable.com\/#organization","name":"Grupo Huadong Cable","url":"https:\/\/hdcarmouredcable.com\/","logo":{"@type":"ImageObject","inLanguage":"es","@id":"https:\/\/hdcarmouredcable.com\/#\/schema\/logo\/image\/","url":"https:\/\/hdcarmouredcable.com\/wp-content\/uploads\/2022\/07\/Huadong-log.png","contentUrl":"https:\/\/hdcarmouredcable.com\/wp-content\/uploads\/2022\/07\/Huadong-log.png","width":860,"height":860,"caption":"Huadong Cable Group"},"image":{"@id":"https:\/\/hdcarmouredcable.com\/#\/schema\/logo\/image\/"},"sameAs":["https:\/\/www.facebook.com\/lily.ding.52","https:\/\/www.linkedin.com\/in\/lilyxlpecable\/"]}]}},"amp_enabled":true,"_links":{"self":[{"href":"https:\/\/hdcarmouredcable.com\/es\/wp-json\/wp\/v2\/pages\/4066","targetHints":{"allow":["GET"]}}],"collection":[{"href":"https:\/\/hdcarmouredcable.com\/es\/wp-json\/wp\/v2\/pages"}],"about":[{"href":"https:\/\/hdcarmouredcable.com\/es\/wp-json\/wp\/v2\/types\/page"}],"author":[{"embeddable":true,"href":"https:\/\/hdcarmouredcable.com\/es\/wp-json\/wp\/v2\/users\/1"}],"replies":[{"embeddable":true,"href":"https:\/\/hdcarmouredcable.com\/es\/wp-json\/wp\/v2\/comments?post=4066"}],"version-history":[{"count":6,"href":"https:\/\/hdcarmouredcable.com\/es\/wp-json\/wp\/v2\/pages\/4066\/revisions"}],"predecessor-version":[{"id":9468,"href":"https:\/\/hdcarmouredcable.com\/es\/wp-json\/wp\/v2\/pages\/4066\/revisions\/9468"}],"wp:attachment":[{"href":"https:\/\/hdcarmouredcable.com\/es\/wp-json\/wp\/v2\/media?parent=4066"}],"curies":[{"name":"wp","href":"https:\/\/api.w.org\/{rel}","templated":true}]}}