{"id":525,"date":"2018-07-25T14:12:44","date_gmt":"2018-07-25T06:12:44","guid":{"rendered":"https:\/\/hdcarmouredcable.com\/?page_id=525"},"modified":"2023-07-21T17:19:18","modified_gmt":"2023-07-21T09:19:18","slug":"35mm-3-core-swa-cable","status":"publish","type":"page","link":"https:\/\/hdcarmouredcable.com\/es\/cable-swa-de-35-mm-y-3-nucleos\/","title":{"rendered":"Cable swa de 35 mm y 3 n\u00facleos"},"content":{"rendered":"<h2>\u00bfCu\u00e1l es la caracter\u00edstica distintiva del cable swa de 35 mm y 3 n\u00facleos?<\/h2>\n<p>El cable swa de 35 mm y 3 n\u00facleos es un tipo de cable blindado. Se compone de conductor de aluminio o cobre, aislamiento XLPE o PVC, revestimiento de PVC, capa blindada SWA y cubierta de PVC. Mientras tanto, el cable swa de 3 n\u00facleos de 35 mm tambi\u00e9n es conocido por su capa SWA (armadura de alambre de acero).  Por lo tanto, es la mejor ventaja en todos los tama\u00f1os de cable blindado de 3 n\u00facleos de 35 mm. \u00bfPor qu\u00e9 pensarlo? La capa SWA del cable swa 3 n\u00facleos de 35 mm puede proteger bien las capas conductoras y aislantes.<\/p>\n<figure id=\"attachment_555\" aria-describedby=\"caption-attachment-555\" style=\"width: 890px\" class=\"wp-caption aligncenter\"><img loading=\"lazy\" decoding=\"async\" class=\"size-full wp-image-555\" src=\"https:\/\/hdcarmouredcable.com\/wp-content\/uploads\/2018\/07\/35mm2-3core-armoured-cable.jpg\" alt=\"Cable swa de 35 mm y 3 n\u00facleos\" width=\"900\" height=\"200\" srcset=\"https:\/\/hdcarmouredcable.com\/wp-content\/uploads\/2018\/07\/35mm2-3core-armoured-cable.jpg 900w, https:\/\/hdcarmouredcable.com\/wp-content\/uploads\/2018\/07\/35mm2-3core-armoured-cable-300x67.jpg 300w, https:\/\/hdcarmouredcable.com\/wp-content\/uploads\/2018\/07\/35mm2-3core-armoured-cable-768x171.jpg 768w, https:\/\/hdcarmouredcable.com\/wp-content\/uploads\/2018\/07\/35mm2-3core-armoured-cable-600x133.jpg 600w\" sizes=\"auto, (max-width: 900px) 100vw, 900px\" \/><figcaption id=\"caption-attachment-555\" class=\"wp-caption-text\">35mm 3 core swa cable size picture<\/figcaption><\/figure>\n<p style=\"text-align: center;\"><span class=\"su-lightbox\" data-mfp-src=\"#popmake-form\" data-mfp-type=\"inline\" data-mobile=\"yes\"><button class=\"btn btn-danger btn-sm\" ><i class=\"glyphicon glyphicon-ok-sign\" style=\"color:#eeee22;\"><\/i> Personalice su swa 3 core de 35 mm ideal<\/button><\/span>\n<p>Por lo tanto, el cable swa de 35 mm y 3 n\u00facleos es muy adecuado para entornos especiales que requieren protecci\u00f3n contra tensiones mec\u00e1nicas. Debido a estas ventajas, el 35mm 3 n\u00facleo de cable blindado es muy ampliamente aplicar en muchas condiciones especiales de colocaci\u00f3n. Por lo tanto, si usted est\u00e1 trabajando para el nuevo proyecto para buscar el cable de 35 mm swa 3 n\u00facleos. Puede ponerse en contacto con Huadong Cable Company. Al mismo tiempo, nuestro ingeniero de cable profesional ser\u00e1 libre de dise\u00f1ar el 35mm 3 swa n\u00facleo que pertenecen a su propio tama\u00f1o ideal.<\/p>\n<h2>Aplicaci\u00f3n del cable armado de 3 conductores de 35 mm<\/h2>\n<div class=\"row prodetails\">\n<div class=\"col-lg-6 col-md-12 col-xs-12 col-sm-12\">\n<p><img loading=\"lazy\" decoding=\"async\" class=\"size-full wp-image-551\" src=\"https:\/\/hdcarmouredcable.com\/wp-content\/uploads\/2018\/07\/35mm-3-core-swa.jpg\" alt=\"35mm swa 3 core\" width=\"250\" height=\"250\" srcset=\"https:\/\/hdcarmouredcable.com\/wp-content\/uploads\/2018\/07\/35mm-3-core-swa.jpg 250w, https:\/\/hdcarmouredcable.com\/wp-content\/uploads\/2018\/07\/35mm-3-core-swa-150x150.jpg 150w\" sizes=\"auto, (max-width: 250px) 100vw, 250px\" \/><\/p>\n<\/div>\n<div class=\"col-lg-6 col-md-12 col-xs-12 col-sm-12\">\n<strong>Tensi\u00f3n:<\/strong> 600\/1000V<br \/>\n<strong>Conductores:<\/strong> Cobre trenzado recocido liso<br \/>\n<strong>Di\u00e1metro total aproximado (tama\u00f1o aproximado):<\/strong> 25,9 mm<br \/>\n<strong>N\u00facleo:<\/strong> 3 n\u00facleos (marr\u00f3n, negro y gris)<br \/>\n<strong>Aislamiento:<\/strong> XLPE (polietileno reticulado)<br \/>\n<strong>Ropa de cama:<\/strong> PVC (cloruro de polivinilo)<br \/>\n<strong>Armadura\/Protecci\u00f3n:<\/strong> SWA (blindaje de un solo cable)<br \/>\n<strong>Funda \/ Chaqueta:<\/strong> PVC (policloruro de vinilo)- Negro<br \/>\n<strong>Temperatura de funcionamiento:<\/strong> M\u00e1ximo 90C, m\u00ednimo 0C<br \/>\n<strong>Standads:<\/strong> BS\/IECA\/VDE, etc.<\/p>\n<p style=\"text-align: center;\"><span class=\"su-lightbox\" data-mfp-src=\"#popmake-form\" data-mfp-type=\"inline\" data-mobile=\"yes\"><button class=\"btn btn-danger btn-sm\" ><i class=\"glyphicon glyphicon-ok-sign\" style=\"color:#eeee22;\"><\/i> Obtener 35mm 3 core swa cable precio<\/button><\/span>\n<\/div>\n<\/div>\n<p>Normalmente, el cable swa de 35 mm y 3 n\u00facleos se refiere a una tensi\u00f3n de 0,6\/1kv. Y la temperatura de trabajo es de -15\u00b0 a +90\u00b0C. Mientras tanto, est\u00e1 dise\u00f1ado para la red el\u00e9ctrica de suministro externo o enterrado bajo tierra. Por lo tanto, el cable de 35 mm swa 3 n\u00facleos es muy ideal para aplicaciones interiores y exteriores. Su capa blindada de alambre de acero para proporcionar protecci\u00f3n mec\u00e1nica y la idoneidad. Por lo tanto, el cable blindado de 3 n\u00facleos de 35 mm es muy adecuado para la instalaci\u00f3n interior o exterior. Puede atravesar con seguridad conductos de cables y subterr\u00e1neos.<\/p>\n<p>Por lo tanto, si no sabe qu\u00e9 tama\u00f1o de cable para su proyecto. El 35mm 3 core swa cable es una buena opci\u00f3n para usted. Huadong Cable Group proporcionar\u00e1 m\u00e1s ayuda sobre 35mm swa 3 core cable. Usted puede sentirse libre en contacto con nosotros y obtener una cotizaci\u00f3n swa 35mm 3 core cable blindado. Nuestro precio de f\u00e1brica competitivo enviar\u00e1 en 6 horas para su referencia.<\/p>\n<figure id=\"attachment_557\" aria-describedby=\"caption-attachment-557\" style=\"width: 890px\" class=\"wp-caption aligncenter\"><img loading=\"lazy\" decoding=\"async\" class=\"size-full wp-image-557\" src=\"https:\/\/hdcarmouredcable.com\/wp-content\/uploads\/2018\/07\/3-core-swa-16mm-cable-2.jpg\" alt=\"Cable armado de 3 conductores de 35 mm\" width=\"900\" height=\"200\" srcset=\"https:\/\/hdcarmouredcable.com\/wp-content\/uploads\/2018\/07\/3-core-swa-16mm-cable-2.jpg 900w, https:\/\/hdcarmouredcable.com\/wp-content\/uploads\/2018\/07\/3-core-swa-16mm-cable-2-300x67.jpg 300w, https:\/\/hdcarmouredcable.com\/wp-content\/uploads\/2018\/07\/3-core-swa-16mm-cable-2-768x171.jpg 768w\" sizes=\"auto, (max-width: 900px) 100vw, 900px\" \/><figcaption id=\"caption-attachment-557\" class=\"wp-caption-text\">35mm 3 core armoured cable sample photos<\/figcaption><\/figure>\n<p style=\"text-align: center;\"><span class=\"su-lightbox\" data-mfp-src=\"#popmake-form\" data-mfp-type=\"inline\" data-mobile=\"yes\"><button class=\"btn btn-danger btn-sm\" ><i class=\"glyphicon glyphicon-ok-sign\" style=\"color:#eeee22;\"><\/i> Personalice su talla ideal<\/button><\/span>\n<h2>\u00bfQui\u00e9n le proporcionar\u00e1 el swa 3 core de 35 mm de alta calidad al precio m\u00e1s bajo?<\/h2>\n<p>Pero, si quieres ahorrar algo de dinero para su cable. En primer lugar, usted puede buscar algunos de ultramar 35mm 3 fabricantes de cable swa n\u00facleo de Internet. Algunas f\u00e1bricas de cable de gran alcance pueden producir la calidad de gama alta 35mm 3 n\u00facleo cable blindado y con precio barato a menudo. Estas plantas de cable tienen confianza para sus productos. Entonces, pueden proporcionar gratuitamente la muestra de 35 mm swa 3 core cable. Tambi\u00e9n puede probar la muestra si hasta la norma internacional.<\/p>\n<figure id=\"attachment_558\" aria-describedby=\"caption-attachment-558\" style=\"width: 1591px\" class=\"wp-caption aligncenter\"><img loading=\"lazy\" decoding=\"async\" class=\"size-full wp-image-558\" src=\"https:\/\/hdcarmouredcable.com\/wp-content\/uploads\/2018\/07\/abc-cable-packaging-1-3.jpg\" alt=\"Proveedor de cable armado de 3 conductores de 35 mm\" width=\"1601\" height=\"300\" srcset=\"https:\/\/hdcarmouredcable.com\/wp-content\/uploads\/2018\/07\/abc-cable-packaging-1-3.jpg 1601w, https:\/\/hdcarmouredcable.com\/wp-content\/uploads\/2018\/07\/abc-cable-packaging-1-3-300x56.jpg 300w, https:\/\/hdcarmouredcable.com\/wp-content\/uploads\/2018\/07\/abc-cable-packaging-1-3-768x144.jpg 768w, https:\/\/hdcarmouredcable.com\/wp-content\/uploads\/2018\/07\/abc-cable-packaging-1-3-1024x192.jpg 1024w, https:\/\/hdcarmouredcable.com\/wp-content\/uploads\/2018\/07\/abc-cable-packaging-1-3-600x112.jpg 600w\" sizes=\"auto, (max-width: 1601px) 100vw, 1601px\" \/><figcaption id=\"caption-attachment-558\" class=\"wp-caption-text\">Cable armado de 3 conductores de 35 mm Embalaje y entrega<\/figcaption><\/figure>\n<p>Tambi\u00e9n puede juzgar la calidad de las listas de precios de los cables swa de 35 mm y 3 n\u00facleos. Al mismo tiempo, y usted puede visitar su f\u00e1brica para entender que si las l\u00edneas de producci\u00f3n avanzadas y equipos de prueba. Huadong Cable Group como un fabricante de cable blindado de 35 mm 3 n\u00facleos de gama alta. Hemos atendido a un gran n\u00famero de clientes de m\u00e1s de 30 pa\u00edses de ultramar. Tambi\u00e9n podemos trabajar para su 35mm 3 core swa cable proyecto.<\/p>\n\n<div class=\"wpcf7 no-js\" id=\"wpcf7-f5800-o1\" lang=\"en-US\" dir=\"ltr\" data-wpcf7-id=\"5800\">\n<div class=\"screen-reader-response\"><p role=\"status\" aria-live=\"polite\" aria-atomic=\"true\"><\/p> <ul><\/ul><\/div>\n<form action=\"\/es\/wp-json\/wp\/v2\/pages\/525#wpcf7-f5800-o1\" method=\"post\" class=\"wpcf7-form init\" aria-label=\"Formulario de contacto\" novalidate=\"novalidate\" data-status=\"init\" data-trp-original-action=\"\/es\/wp-json\/wp\/v2\/pages\/525#wpcf7-f5800-o1\">\n<div style=\"display: none;\">\n<input type=\"hidden\" name=\"_wpcf7\" value=\"5800\" \/>\n<input type=\"hidden\" name=\"_wpcf7_version\" value=\"6.0.6\" \/>\n<input type=\"hidden\" name=\"_wpcf7_locale\" value=\"en_US\" \/>\n<input type=\"hidden\" name=\"_wpcf7_unit_tag\" value=\"wpcf7-f5800-o1\" \/>\n<input type=\"hidden\" name=\"_wpcf7_container_post\" value=\"0\" \/>\n<input type=\"hidden\" name=\"_wpcf7_posted_data_hash\" value=\"\" \/>\n<\/div>\n<div class=\"popmakerform\">\n\t<h3>Obtener presupuesto gratuito\n\t<\/h3>\n\t<p>Trabajemos juntos en su proyecto por correo electr\u00f3nico: <a href=\"mailto:info@hdcarmouredcable.com\" rel=\"nofollow\">info@hdcarmouredcable.com<\/a>\n\t<\/p>\n\t<p>Producto de inter\u00e9s <span style=\"color:red;\">*<span><br \/>\n<span class=\"wpcf7-form-control-wrap\" data-name=\"item\"><input size=\"40\" maxlength=\"400\" class=\"wpcf7-form-control wpcf7-text\" id=\"item\" aria-invalid=\"false\" value=\"\" type=\"text\" name=\"item\" \/><\/span><\/span><\/span>\n\t<\/p>\n\t<p>Su nombre <span style=\"color:red;\">*<span><br \/>\n<span class=\"wpcf7-form-control-wrap\" data-name=\"your-name\"><input size=\"40\" maxlength=\"400\" class=\"wpcf7-form-control wpcf7-text wpcf7-validates-as-required\" aria-required=\"true\" aria-invalid=\"false\" value=\"\" type=\"text\" name=\"your-name\" \/><\/span><\/span><\/span>\n\t<\/p>\n\t<p>Su correo electr\u00f3nico <span style=\"color:red;\">*<span><br \/>\n<span class=\"wpcf7-form-control-wrap\" data-name=\"your-email\"><input size=\"40\" maxlength=\"400\" class=\"wpcf7-form-control wpcf7-email wpcf7-validates-as-required wpcf7-text wpcf7-validates-as-email\" aria-required=\"true\" aria-invalid=\"false\" value=\"\" type=\"email\" name=\"your-email\" \/><\/span><\/span><\/span>\n\t<\/p>\n\t<p>Su n\u00famero de tel\u00e9fono (incluya el prefijo)<br \/>\n<span class=\"wpcf7-form-control-wrap\" data-name=\"your-phone\"><input size=\"40\" maxlength=\"400\" class=\"wpcf7-form-control wpcf7-text\" aria-invalid=\"false\" value=\"\" type=\"text\" name=\"your-phone\" \/><\/span>\n\t<\/p>\n\t<p>Su pa\u00eds<br \/>\n<span class=\"wpcf7-form-control-wrap\" data-name=\"your-country\"><input size=\"40\" maxlength=\"400\" class=\"wpcf7-form-control wpcf7-text\" aria-invalid=\"false\" value=\"\" type=\"text\" name=\"your-country\" \/><\/span>\n\t<\/p>\n\t<p>Requisitos detallados <span style=\"color:red;\">*<span><br \/>\n<span class=\"wpcf7-form-control-wrap\" data-name=\"your-requirement\"><textarea cols=\"40\" rows=\"5\" maxlength=\"2000\" class=\"wpcf7-form-control wpcf7-textarea wpcf7-validates-as-required\" aria-required=\"true\" aria-invalid=\"false\" placeholder=\"Para obtener un presupuesto detallado, env\u00edenos sus requisitos detallados. *\" name=\"your-requirement\"><\/textarea><\/span><\/span><\/span>\n\t<\/p>\n\t<p><input class=\"wpcf7-form-control wpcf7-submit has-spinner\" type=\"submit\" value=\"Obtener presupuesto\" \/>\n\t<\/p>\n<\/div><input type='hidden' class='wpcf7-pum' value='{\"closepopup\":false,\"closedelay\":0,\"openpopup\":false,\"openpopup_id\":0}' \/><div class=\"wpcf7-response-output\" aria-hidden=\"true\"><\/div>\n<input type=\"hidden\" name=\"trp-form-language\" value=\"es\"\/><\/form>\n<\/div>\n\n<div class=\"su-lightbox-content su-u-trim\" id=\"popmake-form\" style=\"display:none;width:65%;min-width:none;max-width:600px;margin-top:40px;margin-bottom:40px;padding:20px;background:#FFFFFF;color:#333333;box-shadow:0px 0px 15px #333333;text-align:left\">\n<div class=\"wpcf7 no-js\" id=\"wpcf7-f5800-o2\" lang=\"en-US\" dir=\"ltr\" data-wpcf7-id=\"5800\">\n<div class=\"screen-reader-response\"><p role=\"status\" aria-live=\"polite\" aria-atomic=\"true\"><\/p> <ul><\/ul><\/div>\n<form action=\"\/es\/wp-json\/wp\/v2\/pages\/525#wpcf7-f5800-o2\" method=\"post\" class=\"wpcf7-form init\" aria-label=\"Formulario de contacto\" novalidate=\"novalidate\" data-status=\"init\" data-trp-original-action=\"\/es\/wp-json\/wp\/v2\/pages\/525#wpcf7-f5800-o2\">\n<div style=\"display: none;\">\n<input type=\"hidden\" name=\"_wpcf7\" value=\"5800\" \/>\n<input type=\"hidden\" name=\"_wpcf7_version\" value=\"6.0.6\" \/>\n<input type=\"hidden\" name=\"_wpcf7_locale\" value=\"en_US\" \/>\n<input type=\"hidden\" name=\"_wpcf7_unit_tag\" value=\"wpcf7-f5800-o2\" \/>\n<input type=\"hidden\" name=\"_wpcf7_container_post\" value=\"0\" \/>\n<input type=\"hidden\" name=\"_wpcf7_posted_data_hash\" value=\"\" \/>\n<\/div>\n<div class=\"popmakerform\">\n\t<h3>Obtener presupuesto gratuito\n\t<\/h3>\n\t<p>Trabajemos juntos en su proyecto por correo electr\u00f3nico: <a href=\"mailto:info@hdcarmouredcable.com\" rel=\"nofollow\">info@hdcarmouredcable.com<\/a>\n\t<\/p>\n\t<p>Producto de inter\u00e9s <span style=\"color:red;\">*<span><br \/>\n<span class=\"wpcf7-form-control-wrap\" data-name=\"item\"><input size=\"40\" maxlength=\"400\" class=\"wpcf7-form-control wpcf7-text\" aria-invalid=\"false\" value=\"\" type=\"text\" name=\"item\" \/><\/span><\/span><\/span>\n\t<\/p>\n\t<p>Su nombre <span style=\"color:red;\">*<span><br \/>\n<span class=\"wpcf7-form-control-wrap\" data-name=\"your-name\"><input size=\"40\" maxlength=\"400\" class=\"wpcf7-form-control wpcf7-text wpcf7-validates-as-required\" aria-required=\"true\" aria-invalid=\"false\" value=\"\" type=\"text\" name=\"your-name\" \/><\/span><\/span><\/span>\n\t<\/p>\n\t<p>Su correo electr\u00f3nico <span style=\"color:red;\">*<span><br \/>\n<span class=\"wpcf7-form-control-wrap\" data-name=\"your-email\"><input size=\"40\" maxlength=\"400\" class=\"wpcf7-form-control wpcf7-email wpcf7-validates-as-required wpcf7-text wpcf7-validates-as-email\" aria-required=\"true\" aria-invalid=\"false\" value=\"\" type=\"email\" name=\"your-email\" \/><\/span><\/span><\/span>\n\t<\/p>\n\t<p>Su n\u00famero de tel\u00e9fono (incluya el prefijo)<br \/>\n<span class=\"wpcf7-form-control-wrap\" data-name=\"your-phone\"><input size=\"40\" maxlength=\"400\" class=\"wpcf7-form-control wpcf7-text\" aria-invalid=\"false\" value=\"\" type=\"text\" name=\"your-phone\" \/><\/span>\n\t<\/p>\n\t<p>Su pa\u00eds<br \/>\n<span class=\"wpcf7-form-control-wrap\" data-name=\"your-country\"><input size=\"40\" maxlength=\"400\" class=\"wpcf7-form-control wpcf7-text\" aria-invalid=\"false\" value=\"\" type=\"text\" name=\"your-country\" \/><\/span>\n\t<\/p>\n\t<p>Requisitos detallados <span style=\"color:red;\">*<span><br \/>\n<span class=\"wpcf7-form-control-wrap\" data-name=\"your-requirement\"><textarea cols=\"40\" rows=\"5\" maxlength=\"2000\" class=\"wpcf7-form-control wpcf7-textarea wpcf7-validates-as-required\" aria-required=\"true\" aria-invalid=\"false\" placeholder=\"Para obtener un presupuesto detallado, env\u00edenos sus requisitos detallados. *\" name=\"your-requirement\"><\/textarea><\/span><\/span><\/span>\n\t<\/p>\n\t<p><input class=\"wpcf7-form-control wpcf7-submit has-spinner\" type=\"submit\" value=\"Obtener presupuesto\" \/>\n\t<\/p>\n<\/div><input type='hidden' class='wpcf7-pum' value='{\"closepopup\":false,\"closedelay\":0,\"openpopup\":false,\"openpopup_id\":0}' \/><div class=\"wpcf7-response-output\" aria-hidden=\"true\"><\/div>\n<input type=\"hidden\" name=\"trp-form-language\" value=\"es\"\/><\/form>\n<\/div>\n<\/div>","protected":false},"excerpt":{"rendered":"<p>\u00bfCu\u00e1l es la caracter\u00edstica distintiva del cable swa de 35 mm y 3 n\u00facleos? El cable swa tripolar de 35 mm es un tipo de cable armado. Se compone de conductor de aluminio o cobre, aislamiento XLPE o PVC, revestimiento de PVC, capa blindada SWA y cubierta de PVC. Mientras tanto, el cable swa de 3 n\u00facleos de 35 mm tambi\u00e9n es conocido como ... <a class=\"read-more\" href=\"https:\/\/hdcarmouredcable.com\/es\/cable-swa-de-35-mm-y-3-nucleos\/\">Leer m\u00e1s...<\/a><\/p>","protected":false},"author":1,"featured_media":551,"parent":0,"menu_order":0,"comment_status":"closed","ping_status":"closed","template":"","meta":{"_joinchat":[],"footnotes":""},"class_list":["post-525","page","type-page","status-publish","has-post-thumbnail"],"yoast_head":"<!-- This site is optimized with the Yoast SEO plugin v25.1 - https:\/\/yoast.com\/wordpress\/plugins\/seo\/ -->\n<title>35mm 3 core swa armoured cable sale at lowest- Huadong Cable Supplier<\/title>\n<meta name=\"description\" content=\"Professional 35mm 3 core armoured cable manufacturer. Lowest price, and can customize all kinds of 35mm 3 core swa cable sizes. Get Quote Now!\" \/>\n<meta name=\"robots\" content=\"index, follow, max-snippet:-1, max-image-preview:large, max-video-preview:-1\" \/>\n<link rel=\"canonical\" href=\"https:\/\/hdcarmouredcable.com\/es\/cable-swa-de-35-mm-y-3-nucleos\/\" \/>\n<meta property=\"og:locale\" content=\"es_ES\" \/>\n<meta property=\"og:type\" content=\"article\" \/>\n<meta property=\"og:title\" content=\"35mm 3 core swa armoured cable sale at lowest- Huadong Cable Supplier\" \/>\n<meta property=\"og:description\" content=\"Professional 35mm 3 core armoured cable manufacturer. Lowest price, and can customize all kinds of 35mm 3 core swa cable sizes. Get Quote Now!\" \/>\n<meta property=\"og:url\" content=\"https:\/\/hdcarmouredcable.com\/es\/cable-swa-de-35-mm-y-3-nucleos\/\" \/>\n<meta property=\"og:site_name\" content=\"Huadong Armoured Cable Group\" \/>\n<meta property=\"article:publisher\" content=\"https:\/\/www.facebook.com\/lily.ding.52\" \/>\n<meta property=\"article:modified_time\" content=\"2023-07-21T09:19:18+00:00\" \/>\n<meta property=\"og:image\" content=\"https:\/\/hdcarmouredcable.com\/wp-content\/uploads\/2018\/07\/35mm-3-core-swa.jpg\" \/>\n\t<meta property=\"og:image:width\" content=\"250\" \/>\n\t<meta property=\"og:image:height\" content=\"250\" \/>\n\t<meta property=\"og:image:type\" content=\"image\/jpeg\" \/>\n<meta name=\"twitter:card\" content=\"summary_large_image\" \/>\n<meta name=\"twitter:label1\" content=\"Tiempo de lectura\" \/>\n\t<meta name=\"twitter:data1\" content=\"4 minutos\" \/>\n<script type=\"application\/ld+json\" class=\"yoast-schema-graph\">{\"@context\":\"https:\/\/schema.org\",\"@graph\":[{\"@type\":\"WebPage\",\"@id\":\"https:\/\/hdcarmouredcable.com\/35mm-3-core-swa-cable\/\",\"url\":\"https:\/\/hdcarmouredcable.com\/35mm-3-core-swa-cable\/\",\"name\":\"35mm 3 core swa armoured cable sale at lowest- Huadong Cable Supplier\",\"isPartOf\":{\"@id\":\"https:\/\/hdcarmouredcable.com\/#website\"},\"primaryImageOfPage\":{\"@id\":\"https:\/\/hdcarmouredcable.com\/35mm-3-core-swa-cable\/#primaryimage\"},\"image\":{\"@id\":\"https:\/\/hdcarmouredcable.com\/35mm-3-core-swa-cable\/#primaryimage\"},\"thumbnailUrl\":\"https:\/\/hdcarmouredcable.com\/wp-content\/uploads\/2018\/07\/35mm-3-core-swa.jpg\",\"datePublished\":\"2018-07-25T06:12:44+00:00\",\"dateModified\":\"2023-07-21T09:19:18+00:00\",\"description\":\"Professional 35mm 3 core armoured cable manufacturer. Lowest price, and can customize all kinds of 35mm 3 core swa cable sizes. Get Quote Now!\",\"inLanguage\":\"es\",\"potentialAction\":[{\"@type\":\"ReadAction\",\"target\":[\"https:\/\/hdcarmouredcable.com\/35mm-3-core-swa-cable\/\"]}]},{\"@type\":\"ImageObject\",\"inLanguage\":\"es\",\"@id\":\"https:\/\/hdcarmouredcable.com\/35mm-3-core-swa-cable\/#primaryimage\",\"url\":\"https:\/\/hdcarmouredcable.com\/wp-content\/uploads\/2018\/07\/35mm-3-core-swa.jpg\",\"contentUrl\":\"https:\/\/hdcarmouredcable.com\/wp-content\/uploads\/2018\/07\/35mm-3-core-swa.jpg\",\"width\":250,\"height\":250,\"caption\":\"35mm swa 3 core\"},{\"@type\":\"WebSite\",\"@id\":\"https:\/\/hdcarmouredcable.com\/#website\",\"url\":\"https:\/\/hdcarmouredcable.com\/\",\"name\":\"Huadong Armoured Cable Group\",\"description\":\"professional steel wire armoured cable manufacturer\",\"publisher\":{\"@id\":\"https:\/\/hdcarmouredcable.com\/#organization\"},\"potentialAction\":[{\"@type\":\"SearchAction\",\"target\":{\"@type\":\"EntryPoint\",\"urlTemplate\":\"https:\/\/hdcarmouredcable.com\/?s={search_term_string}\"},\"query-input\":{\"@type\":\"PropertyValueSpecification\",\"valueRequired\":true,\"valueName\":\"search_term_string\"}}],\"inLanguage\":\"es\"},{\"@type\":\"Organization\",\"@id\":\"https:\/\/hdcarmouredcable.com\/#organization\",\"name\":\"Huadong Cable Group\",\"url\":\"https:\/\/hdcarmouredcable.com\/\",\"logo\":{\"@type\":\"ImageObject\",\"inLanguage\":\"es\",\"@id\":\"https:\/\/hdcarmouredcable.com\/#\/schema\/logo\/image\/\",\"url\":\"https:\/\/hdcarmouredcable.com\/wp-content\/uploads\/2022\/07\/Huadong-log.png\",\"contentUrl\":\"https:\/\/hdcarmouredcable.com\/wp-content\/uploads\/2022\/07\/Huadong-log.png\",\"width\":860,\"height\":860,\"caption\":\"Huadong Cable Group\"},\"image\":{\"@id\":\"https:\/\/hdcarmouredcable.com\/#\/schema\/logo\/image\/\"},\"sameAs\":[\"https:\/\/www.facebook.com\/lily.ding.52\",\"https:\/\/www.linkedin.com\/in\/lilyxlpecable\/\"]}]}<\/script>\n<!-- \/ Yoast SEO plugin. -->","yoast_head_json":{"title":"35mm 3 core swa cable blindado venta al m\u00e1s bajo- Huadong Cable Proveedor","description":"Fabricante profesional de cable blindado de 3 n\u00facleos de 35 mm. Precio m\u00e1s bajo, y puede personalizar todo tipo de 35mm 3 core swa tama\u00f1os de cable. \u00a1Obtener cotizaci\u00f3n ahora!","robots":{"index":"index","follow":"follow","max-snippet":"max-snippet:-1","max-image-preview":"max-image-preview:large","max-video-preview":"max-video-preview:-1"},"canonical":"https:\/\/hdcarmouredcable.com\/es\/cable-swa-de-35-mm-y-3-nucleos\/","og_locale":"es_ES","og_type":"article","og_title":"35mm 3 core swa armoured cable sale at lowest- Huadong Cable Supplier","og_description":"Professional 35mm 3 core armoured cable manufacturer. Lowest price, and can customize all kinds of 35mm 3 core swa cable sizes. Get Quote Now!","og_url":"https:\/\/hdcarmouredcable.com\/es\/cable-swa-de-35-mm-y-3-nucleos\/","og_site_name":"Huadong Armoured Cable Group","article_publisher":"https:\/\/www.facebook.com\/lily.ding.52","article_modified_time":"2023-07-21T09:19:18+00:00","og_image":[{"width":250,"height":250,"url":"https:\/\/hdcarmouredcable.com\/wp-content\/uploads\/2018\/07\/35mm-3-core-swa.jpg","type":"image\/jpeg"}],"twitter_card":"summary_large_image","twitter_misc":{"Tiempo de lectura":"4 minutos"},"schema":{"@context":"https:\/\/schema.org","@graph":[{"@type":"WebPage","@id":"https:\/\/hdcarmouredcable.com\/35mm-3-core-swa-cable\/","url":"https:\/\/hdcarmouredcable.com\/35mm-3-core-swa-cable\/","name":"35mm 3 core swa cable blindado venta al m\u00e1s bajo- Huadong Cable Proveedor","isPartOf":{"@id":"https:\/\/hdcarmouredcable.com\/#website"},"primaryImageOfPage":{"@id":"https:\/\/hdcarmouredcable.com\/35mm-3-core-swa-cable\/#primaryimage"},"image":{"@id":"https:\/\/hdcarmouredcable.com\/35mm-3-core-swa-cable\/#primaryimage"},"thumbnailUrl":"https:\/\/hdcarmouredcable.com\/wp-content\/uploads\/2018\/07\/35mm-3-core-swa.jpg","datePublished":"2018-07-25T06:12:44+00:00","dateModified":"2023-07-21T09:19:18+00:00","description":"Fabricante profesional de cable blindado de 3 n\u00facleos de 35 mm. Precio m\u00e1s bajo, y puede personalizar todo tipo de 35mm 3 core swa tama\u00f1os de cable. \u00a1Obtener cotizaci\u00f3n ahora!","inLanguage":"es","potentialAction":[{"@type":"ReadAction","target":["https:\/\/hdcarmouredcable.com\/35mm-3-core-swa-cable\/"]}]},{"@type":"ImageObject","inLanguage":"es","@id":"https:\/\/hdcarmouredcable.com\/35mm-3-core-swa-cable\/#primaryimage","url":"https:\/\/hdcarmouredcable.com\/wp-content\/uploads\/2018\/07\/35mm-3-core-swa.jpg","contentUrl":"https:\/\/hdcarmouredcable.com\/wp-content\/uploads\/2018\/07\/35mm-3-core-swa.jpg","width":250,"height":250,"caption":"35mm swa 3 core"},{"@type":"WebSite","@id":"https:\/\/hdcarmouredcable.com\/#website","url":"https:\/\/hdcarmouredcable.com\/","name":"Grupo Huadong de cables armados","description":"fabricante profesional de cables blindados de alambre de acero","publisher":{"@id":"https:\/\/hdcarmouredcable.com\/#organization"},"potentialAction":[{"@type":"SearchAction","target":{"@type":"EntryPoint","urlTemplate":"https:\/\/hdcarmouredcable.com\/?s={search_term_string}"},"query-input":{"@type":"PropertyValueSpecification","valueRequired":true,"valueName":"search_term_string"}}],"inLanguage":"es"},{"@type":"Organization","@id":"https:\/\/hdcarmouredcable.com\/#organization","name":"Grupo Huadong Cable","url":"https:\/\/hdcarmouredcable.com\/","logo":{"@type":"ImageObject","inLanguage":"es","@id":"https:\/\/hdcarmouredcable.com\/#\/schema\/logo\/image\/","url":"https:\/\/hdcarmouredcable.com\/wp-content\/uploads\/2022\/07\/Huadong-log.png","contentUrl":"https:\/\/hdcarmouredcable.com\/wp-content\/uploads\/2022\/07\/Huadong-log.png","width":860,"height":860,"caption":"Huadong Cable Group"},"image":{"@id":"https:\/\/hdcarmouredcable.com\/#\/schema\/logo\/image\/"},"sameAs":["https:\/\/www.facebook.com\/lily.ding.52","https:\/\/www.linkedin.com\/in\/lilyxlpecable\/"]}]}},"amp_enabled":true,"_links":{"self":[{"href":"https:\/\/hdcarmouredcable.com\/es\/wp-json\/wp\/v2\/pages\/525","targetHints":{"allow":["GET"]}}],"collection":[{"href":"https:\/\/hdcarmouredcable.com\/es\/wp-json\/wp\/v2\/pages"}],"about":[{"href":"https:\/\/hdcarmouredcable.com\/es\/wp-json\/wp\/v2\/types\/page"}],"author":[{"embeddable":true,"href":"https:\/\/hdcarmouredcable.com\/es\/wp-json\/wp\/v2\/users\/1"}],"replies":[{"embeddable":true,"href":"https:\/\/hdcarmouredcable.com\/es\/wp-json\/wp\/v2\/comments?post=525"}],"version-history":[{"count":13,"href":"https:\/\/hdcarmouredcable.com\/es\/wp-json\/wp\/v2\/pages\/525\/revisions"}],"predecessor-version":[{"id":9465,"href":"https:\/\/hdcarmouredcable.com\/es\/wp-json\/wp\/v2\/pages\/525\/revisions\/9465"}],"wp:featuredmedia":[{"embeddable":true,"href":"https:\/\/hdcarmouredcable.com\/es\/wp-json\/wp\/v2\/media\/551"}],"wp:attachment":[{"href":"https:\/\/hdcarmouredcable.com\/es\/wp-json\/wp\/v2\/media?parent=525"}],"curies":[{"name":"wp","href":"https:\/\/api.w.org\/{rel}","templated":true}]}}