{"id":898,"date":"2018-09-06T17:26:42","date_gmt":"2018-09-06T09:26:42","guid":{"rendered":"https:\/\/hdcarmouredcable.com\/?page_id=898"},"modified":"2023-02-15T14:28:51","modified_gmt":"2023-02-15T06:28:51","slug":"about-hdc","status":"publish","type":"page","link":"https:\/\/hdcarmouredcable.com\/es\/acerca-de-hdc\/","title":{"rendered":"Acerca de HDC"},"content":{"rendered":"<p>Henan Huadong Cable Group es una sociedad an\u00f3nima dedicada a la producci\u00f3n de cables, la investigaci\u00f3n y el desarrollo, y el comercio nacional e internacional. Tambi\u00e9n es una de las mayores empresas profesionales de importaci\u00f3n y exportaci\u00f3n de China.<br \/>\nLa planta se fund\u00f3 en 1988, ocupaba 50.000 metros cuadrados, situada por separado en la zona industrial de Xiuwu, en la ciudad de Jiaozuo, cuenta con 20 conjuntos de l\u00edneas de producci\u00f3n con equipos avanzados y 25 conjuntos de m\u00e1quinas de prueba. La capacidad de producci\u00f3n anual es de m\u00e1s de 12 millones de kil\u00f3metros. Nuestra sucursal internacional se encuentra en la ciudad de Zhengzhou, conocida por su c\u00f3modo transporte.<\/p>\n<p><img loading=\"lazy\" decoding=\"async\" class=\"aligncenter size-full wp-image-8128\" src=\"https:\/\/hdcarmouredcable.com\/wp-content\/uploads\/2023\/02\/huadong-cable-group.jpg\" alt=\"grupo huadong cable\" width=\"1920\" height=\"649\" srcset=\"https:\/\/hdcarmouredcable.com\/wp-content\/uploads\/2023\/02\/huadong-cable-group.jpg 1920w, https:\/\/hdcarmouredcable.com\/wp-content\/uploads\/2023\/02\/huadong-cable-group-300x101.jpg 300w, https:\/\/hdcarmouredcable.com\/wp-content\/uploads\/2023\/02\/huadong-cable-group-1024x346.jpg 1024w, https:\/\/hdcarmouredcable.com\/wp-content\/uploads\/2023\/02\/huadong-cable-group-768x260.jpg 768w, https:\/\/hdcarmouredcable.com\/wp-content\/uploads\/2023\/02\/huadong-cable-group-1536x519.jpg 1536w, https:\/\/hdcarmouredcable.com\/wp-content\/uploads\/2023\/02\/huadong-cable-group-600x203.jpg 600w\" sizes=\"auto, (max-width: 1920px) 100vw, 1920px\" \/><\/p>\n<p>Producimos y exportamos principalmente cables de alimentaci\u00f3n, conductores de aluminio (AAC), conductores de aluminio reforzado con acero (ACSR), conductores de aleaci\u00f3n de aluminio (AAAC), cables a\u00e9reos ABC, cables de alimentaci\u00f3n de 1-35 kV (incluidos cables con aislamiento XLPE, cables con aislamiento de PVC, cables blindados SWA\/STA), cables de control, cables de soldadura, cables de caucho, cables para miner\u00eda, cables el\u00e9ctricos (cables flexibles con revestimiento de PVC), OPGW y cables especiales.<\/p>\n<p>Estos cables se pueden utilizar para la transmisi\u00f3n de energ\u00eda en el aire, el metro y la industria, tales como centrales el\u00e9ctricas, ferrocarriles, la agricultura y la finca. Nuestros productos han obtenido los certificados I S O 9 0 0 1:2 0 0 2 y CCC, PCCC, SGS, BV. Para la fabricaci\u00f3n de nuestros productos, seguimos estrictamente las normas GB, IEC, BS, ICEA, ASTM, DIN, VED y JIS. Tambi\u00e9n podemos dise\u00f1ar y producir seg\u00fan los requisitos de los clientes. Hemos exportado alambres y cables a pa\u00edses de Europa, Sudam\u00e9rica, Norteam\u00e9rica, Oriente Medio, \u00c1frica, Asia, Ocean\u00eda, etc.<\/p>\n<p><img loading=\"lazy\" decoding=\"async\" class=\"aligncenter size-full wp-image-8007\" src=\"https:\/\/hdcarmouredcable.com\/wp-content\/uploads\/2023\/02\/banners-4-1-1.jpg\" alt=\"\" width=\"1918\" height=\"530\" srcset=\"https:\/\/hdcarmouredcable.com\/wp-content\/uploads\/2023\/02\/banners-4-1-1.jpg 1918w, https:\/\/hdcarmouredcable.com\/wp-content\/uploads\/2023\/02\/banners-4-1-1-300x83.jpg 300w, https:\/\/hdcarmouredcable.com\/wp-content\/uploads\/2023\/02\/banners-4-1-1-1024x283.jpg 1024w, https:\/\/hdcarmouredcable.com\/wp-content\/uploads\/2023\/02\/banners-4-1-1-768x212.jpg 768w, https:\/\/hdcarmouredcable.com\/wp-content\/uploads\/2023\/02\/banners-4-1-1-1536x424.jpg 1536w, https:\/\/hdcarmouredcable.com\/wp-content\/uploads\/2023\/02\/banners-4-1-1-600x166.jpg 600w\" sizes=\"auto, (max-width: 1918px) 100vw, 1918px\" \/><\/p>\n<p>Nos adherimos a la alta calidad y el mejor servicio para hacer que nuestra HUADONG CABLE ser famoso en todo el mundo. \u00a1Gracias por su apoyo y confianza! \u00a1HUADONG CABLES da la bienvenida a su consulta y visita, estamos a su servicio!<\/p>\n<p>Nuestros principios:<br \/>\n1)Calidad ante todo, cliente ante todo, seguridad ante todo<br \/>\n2)Mejor servicio, entrega m\u00e1s r\u00e1pida<br \/>\n3) Beneficio mutuo e igualitario<br \/>\n4)Honradez y profesi\u00f3n<\/p>\n<figure id=\"attachment_402\" aria-describedby=\"caption-attachment-402\" style=\"width: 1510px\" class=\"wp-caption aligncenter\"><img loading=\"lazy\" decoding=\"async\" class=\"size-full wp-image-402\" src=\"https:\/\/hdcarmouredcable.com\/wp-content\/uploads\/2018\/07\/1.5-sq-mm-armoured-cable-packaging-2.jpg\" alt=\"cable subterr\u00e1neo de 11 kv\" width=\"1520\" height=\"711\" \/><figcaption id=\"caption-attachment-402\" class=\"wp-caption-text\">embalaje y entrega de cables subterr\u00e1neos de 11 kv<\/figcaption><\/figure>\n<p>Nuestro servicio:<br \/>\n1.Respuesta r\u00e1pida y profesional<br \/>\n2.Paciente y confiado<br \/>\n3.Severo sistema de control de calidad<br \/>\n4.Entrega puntual<\/p>\n\n<div class=\"wpcf7 no-js\" id=\"wpcf7-f5800-o1\" lang=\"en-US\" dir=\"ltr\" data-wpcf7-id=\"5800\">\n<div class=\"screen-reader-response\"><p role=\"status\" aria-live=\"polite\" aria-atomic=\"true\"><\/p> <ul><\/ul><\/div>\n<form action=\"\/es\/wp-json\/wp\/v2\/pages\/898#wpcf7-f5800-o1\" method=\"post\" class=\"wpcf7-form init\" aria-label=\"Formulario de contacto\" novalidate=\"novalidate\" data-status=\"init\" data-trp-original-action=\"\/es\/wp-json\/wp\/v2\/pages\/898#wpcf7-f5800-o1\">\n<div style=\"display: none;\">\n<input type=\"hidden\" name=\"_wpcf7\" value=\"5800\" \/>\n<input type=\"hidden\" name=\"_wpcf7_version\" value=\"6.0.6\" \/>\n<input type=\"hidden\" name=\"_wpcf7_locale\" value=\"en_US\" \/>\n<input type=\"hidden\" name=\"_wpcf7_unit_tag\" value=\"wpcf7-f5800-o1\" \/>\n<input type=\"hidden\" name=\"_wpcf7_container_post\" value=\"0\" \/>\n<input type=\"hidden\" name=\"_wpcf7_posted_data_hash\" value=\"\" \/>\n<\/div>\n<div class=\"popmakerform\">\n\t<h3>Obtener presupuesto gratuito\n\t<\/h3>\n\t<p>Trabajemos juntos en su proyecto por correo electr\u00f3nico: <a href=\"mailto:info@hdcarmouredcable.com\" rel=\"nofollow\">info@hdcarmouredcable.com<\/a>\n\t<\/p>\n\t<p>Producto de inter\u00e9s <span style=\"color:red;\">*<span><br \/>\n<span class=\"wpcf7-form-control-wrap\" data-name=\"item\"><input size=\"40\" maxlength=\"400\" class=\"wpcf7-form-control wpcf7-text\" id=\"item\" aria-invalid=\"false\" value=\"\" type=\"text\" name=\"item\" \/><\/span><\/span><\/span>\n\t<\/p>\n\t<p>Su nombre <span style=\"color:red;\">*<span><br \/>\n<span class=\"wpcf7-form-control-wrap\" data-name=\"your-name\"><input size=\"40\" maxlength=\"400\" class=\"wpcf7-form-control wpcf7-text wpcf7-validates-as-required\" aria-required=\"true\" aria-invalid=\"false\" value=\"\" type=\"text\" name=\"your-name\" \/><\/span><\/span><\/span>\n\t<\/p>\n\t<p>Su correo electr\u00f3nico <span style=\"color:red;\">*<span><br \/>\n<span class=\"wpcf7-form-control-wrap\" data-name=\"your-email\"><input size=\"40\" maxlength=\"400\" class=\"wpcf7-form-control wpcf7-email wpcf7-validates-as-required wpcf7-text wpcf7-validates-as-email\" aria-required=\"true\" aria-invalid=\"false\" value=\"\" type=\"email\" name=\"your-email\" \/><\/span><\/span><\/span>\n\t<\/p>\n\t<p>Su n\u00famero de tel\u00e9fono (incluya el prefijo)<br \/>\n<span class=\"wpcf7-form-control-wrap\" data-name=\"your-phone\"><input size=\"40\" maxlength=\"400\" class=\"wpcf7-form-control wpcf7-text\" aria-invalid=\"false\" value=\"\" type=\"text\" name=\"your-phone\" \/><\/span>\n\t<\/p>\n\t<p>Su pa\u00eds<br \/>\n<span class=\"wpcf7-form-control-wrap\" data-name=\"your-country\"><input size=\"40\" maxlength=\"400\" class=\"wpcf7-form-control wpcf7-text\" aria-invalid=\"false\" value=\"\" type=\"text\" name=\"your-country\" \/><\/span>\n\t<\/p>\n\t<p>Requisitos detallados <span style=\"color:red;\">*<span><br \/>\n<span class=\"wpcf7-form-control-wrap\" data-name=\"your-requirement\"><textarea cols=\"40\" rows=\"5\" maxlength=\"2000\" class=\"wpcf7-form-control wpcf7-textarea wpcf7-validates-as-required\" aria-required=\"true\" aria-invalid=\"false\" placeholder=\"Para obtener un presupuesto detallado, env\u00edenos sus requisitos detallados. *\" name=\"your-requirement\"><\/textarea><\/span><\/span><\/span>\n\t<\/p>\n\t<p><input class=\"wpcf7-form-control wpcf7-submit has-spinner\" type=\"submit\" value=\"Obtener presupuesto\" \/>\n\t<\/p>\n<\/div><input type='hidden' class='wpcf7-pum' value='{\"closepopup\":false,\"closedelay\":0,\"openpopup\":false,\"openpopup_id\":0}' \/><div class=\"wpcf7-response-output\" aria-hidden=\"true\"><\/div>\n<input type=\"hidden\" name=\"trp-form-language\" value=\"es\"\/><\/form>\n<\/div>","protected":false},"excerpt":{"rendered":"<p>Henan Huadong Cable Group es una sociedad an\u00f3nima dedicada a la producci\u00f3n de cables, la investigaci\u00f3n y el desarrollo, y el comercio nacional e internacional. Tambi\u00e9n es una de las mayores empresas profesionales de importaci\u00f3n y exportaci\u00f3n de China. La planta fue fundada en 1988, ocup\u00f3 50.000 metros cuadrados, por separado Situado en el \u00e1rea de la industria Xiuwu, Jiaozuo City, tienen 20 ... <a class=\"read-more\" href=\"https:\/\/hdcarmouredcable.com\/es\/acerca-de-hdc\/\">Leer m\u00e1s...<\/a><\/p>","protected":false},"author":1,"featured_media":0,"parent":0,"menu_order":0,"comment_status":"closed","ping_status":"closed","template":"","meta":{"_joinchat":[],"footnotes":""},"class_list":["post-898","page","type-page","status-publish"],"yoast_head":"<!-- This site is optimized with the Yoast SEO plugin v25.1 - https:\/\/yoast.com\/wordpress\/plugins\/seo\/ -->\n<title>About HDC - Huadong Armoured Cable Group<\/title>\n<meta name=\"robots\" content=\"index, follow, max-snippet:-1, max-image-preview:large, max-video-preview:-1\" \/>\n<link rel=\"canonical\" href=\"https:\/\/hdcarmouredcable.com\/es\/acerca-de-hdc\/\" \/>\n<meta property=\"og:locale\" content=\"es_ES\" \/>\n<meta property=\"og:type\" content=\"article\" \/>\n<meta property=\"og:title\" content=\"About HDC - Huadong Armoured Cable Group\" \/>\n<meta property=\"og:description\" content=\"Henan Huadong Cable Group is a joint stock enterprise, integrated in cable production, research &amp; development, and domestic &amp; international trade. And is also the one of biggest professional import and export trade companies in China. The plant was founded in 1988, occupied 50,000 square meters, separately Located in Xiuwu industry area,Jiaozuo City, have 20 ... Read more...\" \/>\n<meta property=\"og:url\" content=\"https:\/\/hdcarmouredcable.com\/es\/acerca-de-hdc\/\" \/>\n<meta property=\"og:site_name\" content=\"Huadong Armoured Cable Group\" \/>\n<meta property=\"article:publisher\" content=\"https:\/\/www.facebook.com\/lily.ding.52\" \/>\n<meta property=\"article:modified_time\" content=\"2023-02-15T06:28:51+00:00\" \/>\n<meta property=\"og:image\" content=\"https:\/\/hdcarmouredcable.com\/wp-content\/uploads\/2023\/02\/huadong-cable-group.jpg\" \/>\n<meta name=\"twitter:card\" content=\"summary_large_image\" \/>\n<meta name=\"twitter:label1\" content=\"Tiempo de lectura\" \/>\n\t<meta name=\"twitter:data1\" content=\"2 minutos\" \/>\n<script type=\"application\/ld+json\" class=\"yoast-schema-graph\">{\"@context\":\"https:\/\/schema.org\",\"@graph\":[{\"@type\":\"WebPage\",\"@id\":\"https:\/\/hdcarmouredcable.com\/about-hdc\/\",\"url\":\"https:\/\/hdcarmouredcable.com\/about-hdc\/\",\"name\":\"About HDC - Huadong Armoured Cable Group\",\"isPartOf\":{\"@id\":\"https:\/\/hdcarmouredcable.com\/#website\"},\"primaryImageOfPage\":{\"@id\":\"https:\/\/hdcarmouredcable.com\/about-hdc\/#primaryimage\"},\"image\":{\"@id\":\"https:\/\/hdcarmouredcable.com\/about-hdc\/#primaryimage\"},\"thumbnailUrl\":\"https:\/\/hdcarmouredcable.com\/wp-content\/uploads\/2023\/02\/huadong-cable-group.jpg\",\"datePublished\":\"2018-09-06T09:26:42+00:00\",\"dateModified\":\"2023-02-15T06:28:51+00:00\",\"inLanguage\":\"es\",\"potentialAction\":[{\"@type\":\"ReadAction\",\"target\":[\"https:\/\/hdcarmouredcable.com\/about-hdc\/\"]}]},{\"@type\":\"ImageObject\",\"inLanguage\":\"es\",\"@id\":\"https:\/\/hdcarmouredcable.com\/about-hdc\/#primaryimage\",\"url\":\"https:\/\/hdcarmouredcable.com\/wp-content\/uploads\/2023\/02\/huadong-cable-group.jpg\",\"contentUrl\":\"https:\/\/hdcarmouredcable.com\/wp-content\/uploads\/2023\/02\/huadong-cable-group.jpg\"},{\"@type\":\"WebSite\",\"@id\":\"https:\/\/hdcarmouredcable.com\/#website\",\"url\":\"https:\/\/hdcarmouredcable.com\/\",\"name\":\"Huadong Armoured Cable Group\",\"description\":\"professional steel wire armoured cable manufacturer\",\"publisher\":{\"@id\":\"https:\/\/hdcarmouredcable.com\/#organization\"},\"potentialAction\":[{\"@type\":\"SearchAction\",\"target\":{\"@type\":\"EntryPoint\",\"urlTemplate\":\"https:\/\/hdcarmouredcable.com\/?s={search_term_string}\"},\"query-input\":{\"@type\":\"PropertyValueSpecification\",\"valueRequired\":true,\"valueName\":\"search_term_string\"}}],\"inLanguage\":\"es\"},{\"@type\":\"Organization\",\"@id\":\"https:\/\/hdcarmouredcable.com\/#organization\",\"name\":\"Huadong Cable Group\",\"url\":\"https:\/\/hdcarmouredcable.com\/\",\"logo\":{\"@type\":\"ImageObject\",\"inLanguage\":\"es\",\"@id\":\"https:\/\/hdcarmouredcable.com\/#\/schema\/logo\/image\/\",\"url\":\"https:\/\/hdcarmouredcable.com\/wp-content\/uploads\/2022\/07\/Huadong-log.png\",\"contentUrl\":\"https:\/\/hdcarmouredcable.com\/wp-content\/uploads\/2022\/07\/Huadong-log.png\",\"width\":860,\"height\":860,\"caption\":\"Huadong Cable Group\"},\"image\":{\"@id\":\"https:\/\/hdcarmouredcable.com\/#\/schema\/logo\/image\/\"},\"sameAs\":[\"https:\/\/www.facebook.com\/lily.ding.52\",\"https:\/\/www.linkedin.com\/in\/lilyxlpecable\/\"]}]}<\/script>\n<!-- \/ Yoast SEO plugin. -->","yoast_head_json":{"title":"Acerca de HDC - Huadong Armoured Cable Group","robots":{"index":"index","follow":"follow","max-snippet":"max-snippet:-1","max-image-preview":"max-image-preview:large","max-video-preview":"max-video-preview:-1"},"canonical":"https:\/\/hdcarmouredcable.com\/es\/acerca-de-hdc\/","og_locale":"es_ES","og_type":"article","og_title":"About HDC - Huadong Armoured Cable Group","og_description":"Henan Huadong Cable Group is a joint stock enterprise, integrated in cable production, research &amp; development, and domestic &amp; international trade. And is also the one of biggest professional import and export trade companies in China. The plant was founded in 1988, occupied 50,000 square meters, separately Located in Xiuwu industry area,Jiaozuo City, have 20 ... Read more...","og_url":"https:\/\/hdcarmouredcable.com\/es\/acerca-de-hdc\/","og_site_name":"Huadong Armoured Cable Group","article_publisher":"https:\/\/www.facebook.com\/lily.ding.52","article_modified_time":"2023-02-15T06:28:51+00:00","og_image":[{"url":"https:\/\/hdcarmouredcable.com\/wp-content\/uploads\/2023\/02\/huadong-cable-group.jpg","type":"","width":"","height":""}],"twitter_card":"summary_large_image","twitter_misc":{"Tiempo de lectura":"2 minutos"},"schema":{"@context":"https:\/\/schema.org","@graph":[{"@type":"WebPage","@id":"https:\/\/hdcarmouredcable.com\/about-hdc\/","url":"https:\/\/hdcarmouredcable.com\/about-hdc\/","name":"Acerca de HDC - Huadong Armoured Cable Group","isPartOf":{"@id":"https:\/\/hdcarmouredcable.com\/#website"},"primaryImageOfPage":{"@id":"https:\/\/hdcarmouredcable.com\/about-hdc\/#primaryimage"},"image":{"@id":"https:\/\/hdcarmouredcable.com\/about-hdc\/#primaryimage"},"thumbnailUrl":"https:\/\/hdcarmouredcable.com\/wp-content\/uploads\/2023\/02\/huadong-cable-group.jpg","datePublished":"2018-09-06T09:26:42+00:00","dateModified":"2023-02-15T06:28:51+00:00","inLanguage":"es","potentialAction":[{"@type":"ReadAction","target":["https:\/\/hdcarmouredcable.com\/about-hdc\/"]}]},{"@type":"ImageObject","inLanguage":"es","@id":"https:\/\/hdcarmouredcable.com\/about-hdc\/#primaryimage","url":"https:\/\/hdcarmouredcable.com\/wp-content\/uploads\/2023\/02\/huadong-cable-group.jpg","contentUrl":"https:\/\/hdcarmouredcable.com\/wp-content\/uploads\/2023\/02\/huadong-cable-group.jpg"},{"@type":"WebSite","@id":"https:\/\/hdcarmouredcable.com\/#website","url":"https:\/\/hdcarmouredcable.com\/","name":"Grupo Huadong de cables armados","description":"fabricante profesional de cables blindados de alambre de acero","publisher":{"@id":"https:\/\/hdcarmouredcable.com\/#organization"},"potentialAction":[{"@type":"SearchAction","target":{"@type":"EntryPoint","urlTemplate":"https:\/\/hdcarmouredcable.com\/?s={search_term_string}"},"query-input":{"@type":"PropertyValueSpecification","valueRequired":true,"valueName":"search_term_string"}}],"inLanguage":"es"},{"@type":"Organization","@id":"https:\/\/hdcarmouredcable.com\/#organization","name":"Grupo Huadong Cable","url":"https:\/\/hdcarmouredcable.com\/","logo":{"@type":"ImageObject","inLanguage":"es","@id":"https:\/\/hdcarmouredcable.com\/#\/schema\/logo\/image\/","url":"https:\/\/hdcarmouredcable.com\/wp-content\/uploads\/2022\/07\/Huadong-log.png","contentUrl":"https:\/\/hdcarmouredcable.com\/wp-content\/uploads\/2022\/07\/Huadong-log.png","width":860,"height":860,"caption":"Huadong Cable Group"},"image":{"@id":"https:\/\/hdcarmouredcable.com\/#\/schema\/logo\/image\/"},"sameAs":["https:\/\/www.facebook.com\/lily.ding.52","https:\/\/www.linkedin.com\/in\/lilyxlpecable\/"]}]}},"amp_enabled":true,"_links":{"self":[{"href":"https:\/\/hdcarmouredcable.com\/es\/wp-json\/wp\/v2\/pages\/898","targetHints":{"allow":["GET"]}}],"collection":[{"href":"https:\/\/hdcarmouredcable.com\/es\/wp-json\/wp\/v2\/pages"}],"about":[{"href":"https:\/\/hdcarmouredcable.com\/es\/wp-json\/wp\/v2\/types\/page"}],"author":[{"embeddable":true,"href":"https:\/\/hdcarmouredcable.com\/es\/wp-json\/wp\/v2\/users\/1"}],"replies":[{"embeddable":true,"href":"https:\/\/hdcarmouredcable.com\/es\/wp-json\/wp\/v2\/comments?post=898"}],"version-history":[{"count":4,"href":"https:\/\/hdcarmouredcable.com\/es\/wp-json\/wp\/v2\/pages\/898\/revisions"}],"predecessor-version":[{"id":8129,"href":"https:\/\/hdcarmouredcable.com\/es\/wp-json\/wp\/v2\/pages\/898\/revisions\/8129"}],"wp:attachment":[{"href":"https:\/\/hdcarmouredcable.com\/es\/wp-json\/wp\/v2\/media?parent=898"}],"curies":[{"name":"wp","href":"https:\/\/api.w.org\/{rel}","templated":true}]}}