{"id":1642,"date":"2019-04-10T17:36:02","date_gmt":"2019-04-10T09:36:02","guid":{"rendered":"https:\/\/hdcarmouredcable.com\/?page_id=1642"},"modified":"2023-07-21T16:38:55","modified_gmt":"2023-07-21T08:38:55","slug":"300mm-single-core-armoured-cable","status":"publish","type":"page","link":"https:\/\/hdcarmouredcable.com\/fr\/cable-arme-unipolaire-de-300-mm\/","title":{"rendered":"11kv 33kv 300mm Copper\/Aluminum Single Core XLPE PVC armoured Cable Price"},"content":{"rendered":"<h2>C\u00e2ble arm\u00e9 unipolaire de 300 mm de 11 kv 33 kv Conducteur<\/h2>\n<p>En raison du c\u00e2ble arm\u00e9 monoconducteur 11kv 33k 300mm, les conducteurs circulaires compact\u00e9s en cuivre ou en aluminium sont toronn\u00e9s. Par cons\u00e9quent, tous les interstices internes du conducteur d'essai avec un compos\u00e9 de blocage de l'eau. Ainsi, ce qui est sp\u00e9cifi\u00e9 pour emp\u00eacher la p\u00e9n\u00e9tration de l'eau \u00e0 travers le conducteur pendant le stockage, la manipulation, l'installation et le fonctionnement du c\u00e2ble.<\/p>\n<div class=\"row prodetails\">\n<div class=\"col-lg-6 col-md-12 col-xs-12 col-sm-12\">\n<p><img loading=\"lazy\" decoding=\"async\" width=\"250\" height=\"250\" class=\"size-full wp-image-1643\" src=\"https:\/\/hdcarmouredcable.com\/wp-content\/uploads\/2019\/04\/11kv-300mm-single-core-armoured-cable-price.jpg\" alt=\"&quot;11kv\" srcset=\"https:\/\/hdcarmouredcable.com\/wp-content\/uploads\/2019\/04\/11kv-300mm-single-core-armoured-cable-price.jpg 250w, https:\/\/hdcarmouredcable.com\/wp-content\/uploads\/2019\/04\/11kv-300mm-single-core-armoured-cable-price-150x150.jpg 150w\" sizes=\"auto, (max-width: 250px) 100vw, 250px\" \/><\/p>\n<\/div>\n<div class=\"col-lg-6 col-md-12 col-xs-12 col-sm-12\">\n<p><strong>Tension :<\/strong> 1,8\/3KV, 3,6\/6KV, 6\/10KV, 10KV, 11KV, 15kv, 8,7\/15KV, 18\/30KV, 19\/33KV, 26\/35KV, etc.<br \/>\n<strong>Chef d'orchestre :<\/strong> Aluminium\/cuivre\/cuivre \u00e9tam\u00e9, etc.<br \/>\n<strong>Zone sectionnelle :<\/strong>\u00a0185mm, 240mm, 300mm, 630mm2 et ainsi de suite.<br \/>\n<strong>Type d'armure :<\/strong><br \/>\n1. Fils d'acier galvanis\u00e9s\/ruban d'acier pour 3 noyaux ;<br \/>\n2. Fil d'acier inoxydable\/bande d'acier ou fil\/bande d'aluminium pour \u00e2me unique Chlorure de polyvinyle (PVC) ou PE, ou PEHD.<br \/>\n<strong>Isolation :<\/strong> XLPE \/pvc, etc.<br \/>\n<strong>\u00c9cran :<\/strong> \u00c9cran en ruban de cuivre.<br \/>\n<strong>Gaine :<\/strong> PVC, etc.<\/p>\n<p>&nbsp;<\/p>\n<p style=\"text-align: center;\"><span class=\"su-lightbox\" data-mfp-src=\"#popmake-form\" data-mfp-type=\"inline\" data-mobile=\"yes\"><button class=\"btn btn-danger btn-sm\" ><i class=\"glyphicon glyphicon-ok-sign\" style=\"color:#eeee22;\"><\/i> Obtenir le prix d'un c\u00e2ble xlpe \u00e0 \u00e2me unique de 300 mm2<\/button><\/span>\n<\/div>\n<\/div>\n<h2>33kv 11kv 300mm single core xlpe cable Conductor Screen<\/h2>\n<p>En raison de l'extrusion d'un compos\u00e9 semi-conducteur dans le c\u00e2ble xlpe 300 mm arm\u00e9 11kv 33kv, l'\u00e9paisseur minimale du c\u00e2ble est de 0,5 mm. Ainsi, l'\u00e9paisseur minimale du c\u00e2ble arm\u00e9 monoconducteur 11kv 33kv 300mm est de 0,5 mm et la r\u00e9sistivit\u00e9 volumique maximale de 5000 ohm-an \u00e0 20\u00b0C et de 25000 ohm-cm \u00e0 90\u00b0 C.<\/p>\n<figure id=\"attachment_1644\" aria-describedby=\"caption-attachment-1644\" style=\"width: 820px\" class=\"wp-caption aligncenter\"><img loading=\"lazy\" decoding=\"async\" class=\"size-full wp-image-1644\" src=\"https:\/\/hdcarmouredcable.com\/wp-content\/uploads\/2019\/04\/300mm-xlpe-single-core-cable-price.jpg\" alt=\"300mm xlpe single core cable price\" width=\"830\" height=\"160\" srcset=\"https:\/\/hdcarmouredcable.com\/wp-content\/uploads\/2019\/04\/300mm-xlpe-single-core-cable-price.jpg 830w, https:\/\/hdcarmouredcable.com\/wp-content\/uploads\/2019\/04\/300mm-xlpe-single-core-cable-price-300x58.jpg 300w, https:\/\/hdcarmouredcable.com\/wp-content\/uploads\/2019\/04\/300mm-xlpe-single-core-cable-price-768x148.jpg 768w, https:\/\/hdcarmouredcable.com\/wp-content\/uploads\/2019\/04\/300mm-xlpe-single-core-cable-price-600x116.jpg 600w\" sizes=\"auto, (max-width: 830px) 100vw, 830px\" \/><figcaption id=\"caption-attachment-1644\" class=\"wp-caption-text\">300mm xlpe single core cable price<\/figcaption><\/figure>\n<p style=\"text-align: center;\"><span class=\"su-lightbox\" data-mfp-src=\"#popmake-form\" data-mfp-type=\"inline\" data-mobile=\"yes\"><button class=\"btn btn-danger btn-sm\" ><i class=\"glyphicon glyphicon-ok-sign\" style=\"color:#eeee22;\"><\/i> Obtenir le prix d'un c\u00e2ble xlpe \u00e0 \u00e2me unique de 300 mm<\/button><\/span>\n<h2>C\u00e2ble arm\u00e9 11kv monoconducteur 300mm2 xlpe Isolation<\/h2>\n<p>D'une mani\u00e8re g\u00e9n\u00e9rale, le c\u00e2ble xlpe arm\u00e9 11kv monoconducteur 300mm2 extrude le XLPE avec un degr\u00e9 \u00e9lev\u00e9 de r\u00e9ticulation. Il est donc exempt de contaminants, de vides d'air et r\u00e9sistant \u00e0 la chaleur gr\u00e2ce \u00e0 un processus de durcissement \u00e0 sec.<\/p>\n<div class=\"row\">\n<div class=\"col-lg-6 col-md-12 col-xs-12 col-sm-12\">\n<figure id=\"attachment_1645\" aria-describedby=\"caption-attachment-1645\" style=\"width: 340px\" class=\"wp-caption aligncenter\"><img loading=\"lazy\" decoding=\"async\" class=\"size-full wp-image-1645\" src=\"https:\/\/hdcarmouredcable.com\/wp-content\/uploads\/2019\/04\/Armoured-single-core-300mm2-xlpe-cable.jpg\" alt=\"C\u00e2ble xlpe unipolaire arm\u00e9 300mm2\" width=\"350\" height=\"350\" srcset=\"https:\/\/hdcarmouredcable.com\/wp-content\/uploads\/2019\/04\/Armoured-single-core-300mm2-xlpe-cable.jpg 350w, https:\/\/hdcarmouredcable.com\/wp-content\/uploads\/2019\/04\/Armoured-single-core-300mm2-xlpe-cable-150x150.jpg 150w, https:\/\/hdcarmouredcable.com\/wp-content\/uploads\/2019\/04\/Armoured-single-core-300mm2-xlpe-cable-300x300.jpg 300w\" sizes=\"auto, (max-width: 350px) 100vw, 350px\" \/><figcaption id=\"caption-attachment-1645\" class=\"wp-caption-text\">C\u00e2ble xlpe unipolaire arm\u00e9 300mm2<\/figcaption><\/figure>\n<\/div>\n<div class=\"col-lg-6 col-md-12 col-xs-12 col-sm-12\">\n<figure id=\"attachment_1646\" aria-describedby=\"caption-attachment-1646\" style=\"width: 350px\" class=\"wp-caption aligncenter\"><img loading=\"lazy\" decoding=\"async\" class=\"size-full wp-image-1646\" src=\"https:\/\/hdcarmouredcable.com\/wp-content\/uploads\/2019\/04\/33kv-300mm-single-core-xlpe-cable-price.jpg\" alt=\"33kv 300mm single core xlpe cable price\" width=\"360\" height=\"360\" srcset=\"https:\/\/hdcarmouredcable.com\/wp-content\/uploads\/2019\/04\/33kv-300mm-single-core-xlpe-cable-price.jpg 360w, https:\/\/hdcarmouredcable.com\/wp-content\/uploads\/2019\/04\/33kv-300mm-single-core-xlpe-cable-price-150x150.jpg 150w, https:\/\/hdcarmouredcable.com\/wp-content\/uploads\/2019\/04\/33kv-300mm-single-core-xlpe-cable-price-300x300.jpg 300w\" sizes=\"auto, (max-width: 360px) 100vw, 360px\" \/><figcaption id=\"caption-attachment-1646\" class=\"wp-caption-text\">33kv 300mm single core xlpe cable price<\/figcaption><\/figure>\n<\/div>\n<p style=\"text-align: center;\"><span class=\"su-lightbox\" data-mfp-src=\"#popmake-form\" data-mfp-type=\"inline\" data-mobile=\"yes\"><button class=\"btn btn-danger btn-sm\" ><i class=\"glyphicon glyphicon-ok-sign\" style=\"color:#eeee22;\"><\/i> Obtenir le prix d'un c\u00e2ble arm\u00e9 de 300 mm<\/button><\/span><\/div>\n<h2>C\u00e2ble arm\u00e9 monoconducteur 11kv 33k 300mm Application :<\/h2>\n<p>En plus du c\u00e2ble monoconducteur xlpe de 300 mm pour l'installation dans le sol, dans l'eau, \u00e0 l'ext\u00e9rieur. Mais aussi \u00e0 l'int\u00e9rieur et dans les conduits de c\u00e2bles pour les centrales \u00e9lectriques, l'industrie et les r\u00e9seaux de distribution. En m\u00eame temps, les bonnes propri\u00e9t\u00e9s d'installation de ce c\u00e2ble 33kv 11kv 300mm xlpe unipolaire arm\u00e9 11kv 33kv facilitent l'installation, m\u00eame sur les routes difficiles.<\/p>\n<p>Gr\u00e2ce \u00e0 Huadong cable group, il est possible de personnaliser le produit. <a href=\"https:\/\/hdcarmouredcable.com\/fr\/1-4-core-300mm2-cable-price\/\">C\u00e2ble arm\u00e9 \u00e0 4 conducteurs de 300 mm2<\/a> pour les clients. Nous avons export\u00e9 le c\u00e2ble en Afrique du Sud, aux Philippines, en Indon\u00e9sie, en Malaisie, \u00e0 Singapour, au Vi\u00eat Nam, en Cor\u00e9e, en Mongolie, au Y\u00e9men, au Cambodge, etc.<\/p>\n<figure id=\"attachment_1647\" aria-describedby=\"caption-attachment-1647\" style=\"width: 1591px\" class=\"wp-caption aligncenter\"><img loading=\"lazy\" decoding=\"async\" class=\"size-full wp-image-1647\" src=\"https:\/\/hdcarmouredcable.com\/wp-content\/uploads\/2019\/04\/300mm-single-core-cable-price.jpg\" alt=\"Prix du c\u00e2ble monoconducteur de 300 mm\" width=\"1601\" height=\"300\" srcset=\"https:\/\/hdcarmouredcable.com\/wp-content\/uploads\/2019\/04\/300mm-single-core-cable-price.jpg 1601w, https:\/\/hdcarmouredcable.com\/wp-content\/uploads\/2019\/04\/300mm-single-core-cable-price-300x56.jpg 300w, https:\/\/hdcarmouredcable.com\/wp-content\/uploads\/2019\/04\/300mm-single-core-cable-price-768x144.jpg 768w, https:\/\/hdcarmouredcable.com\/wp-content\/uploads\/2019\/04\/300mm-single-core-cable-price-1024x192.jpg 1024w\" sizes=\"auto, (max-width: 1601px) 100vw, 1601px\" \/><figcaption id=\"caption-attachment-1647\" class=\"wp-caption-text\">Prix du c\u00e2ble monoconducteur de 300 mm<\/figcaption><\/figure>\n\n<div class=\"wpcf7 no-js\" id=\"wpcf7-f5785-o1\" lang=\"en-US\" dir=\"ltr\" data-wpcf7-id=\"5785\">\n<div class=\"screen-reader-response\"><p role=\"status\" aria-live=\"polite\" aria-atomic=\"true\"><\/p> <ul><\/ul><\/div>\n<form action=\"\/fr\/wp-json\/wp\/v2\/pages\/1642#wpcf7-f5785-o1\" method=\"post\" class=\"wpcf7-form init\" aria-label=\"Formulaire de contact\" novalidate=\"novalidate\" data-status=\"init\" data-trp-original-action=\"\/fr\/wp-json\/wp\/v2\/pages\/1642#wpcf7-f5785-o1\">\n<div style=\"display: none;\">\n<input type=\"hidden\" name=\"_wpcf7\" value=\"5785\" \/>\n<input type=\"hidden\" name=\"_wpcf7_version\" value=\"6.0.6\" \/>\n<input type=\"hidden\" name=\"_wpcf7_locale\" value=\"en_US\" \/>\n<input type=\"hidden\" name=\"_wpcf7_unit_tag\" value=\"wpcf7-f5785-o1\" \/>\n<input type=\"hidden\" name=\"_wpcf7_container_post\" value=\"0\" \/>\n<input type=\"hidden\" name=\"_wpcf7_posted_data_hash\" value=\"\" \/>\n<\/div>\n<div>\n\t<h2>Laissez votre message, Obtenez un devis gratuit\n\t<\/h2>\n\t<p>Travaillons ensemble sur votre projet par e-mail : <a href=\"mailto:info@hdcarmouredcable.com\" rel=\"nofollow\">info@hdcarmouredcable.com<\/a>\n\t<\/p>\n\t<div class=\"messageform\">\n\t\t<p><strong><span style=\"color:red;\">*<\/span> Votre nom<\/strong><br \/>\n<span class=\"wpcf7-form-control-wrap\" data-name=\"your-name\"><input size=\"40\" maxlength=\"400\" class=\"wpcf7-form-control wpcf7-text wpcf7-validates-as-required\" aria-required=\"true\" aria-invalid=\"false\" value=\"\" type=\"text\" name=\"your-name\" \/><\/span>\n\t\t<\/p>\n\t\t<p><strong><span style=\"color:red;\">*<\/span> Votre courriel<\/strong>\n\t\t<\/p>\n\t\t<p><span class=\"wpcf7-form-control-wrap\" data-name=\"your-email\"><input size=\"40\" maxlength=\"400\" class=\"wpcf7-form-control wpcf7-email wpcf7-validates-as-required wpcf7-text wpcf7-validates-as-email\" aria-required=\"true\" aria-invalid=\"false\" value=\"\" type=\"email\" name=\"your-email\" \/><\/span>\n\t\t<\/p>\n\t\t<p><strong>Votre pays<\/strong>\n\t\t<\/p>\n\t\t<p><span class=\"wpcf7-form-control-wrap\" data-name=\"your-country\"><input size=\"40\" maxlength=\"400\" class=\"wpcf7-form-control wpcf7-text\" aria-invalid=\"false\" value=\"\" type=\"text\" name=\"your-country\" \/><\/span>\n\t\t<\/p>\n\t\t<p><strong><span style=\"color:red;\">*<\/span> Votre demande<\/strong>\n\t\t<\/p>\n\t\t<p><span class=\"wpcf7-form-control-wrap\" data-name=\"your-requirement\"><textarea cols=\"40\" rows=\"10\" maxlength=\"2000\" class=\"wpcf7-form-control wpcf7-textarea wpcf7-validates-as-required bestonmessage\" aria-required=\"true\" aria-invalid=\"false\" placeholder=\"Pour un devis d\u00e9taill\u00e9, veuillez nous envoyer votre demande d\u00e9taill\u00e9e.\" name=\"your-requirement\"><\/textarea><\/span>\n\t\t<\/p>\n\t\t<p><input class=\"wpcf7-form-control wpcf7-submit has-spinner\" type=\"submit\" value=\"Envoyer un message\" \/>\n\t\t<\/p>\n\t<\/div>\n<\/div><input type='hidden' class='wpcf7-pum' value='{\"closepopup\":false,\"closedelay\":0,\"openpopup\":false,\"openpopup_id\":0}' \/><div class=\"wpcf7-response-output\" aria-hidden=\"true\"><\/div>\n<input type=\"hidden\" name=\"trp-form-language\" value=\"fr\"\/><\/form>\n<\/div>\n\n<div class=\"su-lightbox-content su-u-trim\" id=\"popmake-form\" style=\"display:none;width:65%;min-width:none;max-width:600px;margin-top:40px;margin-bottom:40px;padding:20px;background:#FFFFFF;color:#333333;box-shadow:0px 0px 15px #333333;text-align:left\">\n<div class=\"wpcf7 no-js\" id=\"wpcf7-f5800-o2\" lang=\"en-US\" dir=\"ltr\" data-wpcf7-id=\"5800\">\n<div class=\"screen-reader-response\"><p role=\"status\" aria-live=\"polite\" aria-atomic=\"true\"><\/p> <ul><\/ul><\/div>\n<form action=\"\/fr\/wp-json\/wp\/v2\/pages\/1642#wpcf7-f5800-o2\" method=\"post\" class=\"wpcf7-form init\" aria-label=\"Formulaire de contact\" novalidate=\"novalidate\" data-status=\"init\" data-trp-original-action=\"\/fr\/wp-json\/wp\/v2\/pages\/1642#wpcf7-f5800-o2\">\n<div style=\"display: none;\">\n<input type=\"hidden\" name=\"_wpcf7\" value=\"5800\" \/>\n<input type=\"hidden\" name=\"_wpcf7_version\" value=\"6.0.6\" \/>\n<input type=\"hidden\" name=\"_wpcf7_locale\" value=\"en_US\" \/>\n<input type=\"hidden\" name=\"_wpcf7_unit_tag\" value=\"wpcf7-f5800-o2\" \/>\n<input type=\"hidden\" name=\"_wpcf7_container_post\" value=\"0\" \/>\n<input type=\"hidden\" name=\"_wpcf7_posted_data_hash\" value=\"\" \/>\n<\/div>\n<div class=\"popmakerform\">\n\t<h3>Obtenir un devis gratuit\n\t<\/h3>\n\t<p>Travaillons ensemble sur votre projet par e-mail : <a href=\"mailto:info@hdcarmouredcable.com\" rel=\"nofollow\">info@hdcarmouredcable.com<\/a>\n\t<\/p>\n\t<p>Produit int\u00e9ress\u00e9 <span style=\"color:red;\">*<span><br \/>\n<span class=\"wpcf7-form-control-wrap\" data-name=\"item\"><input size=\"40\" maxlength=\"400\" class=\"wpcf7-form-control wpcf7-text\" id=\"item\" aria-invalid=\"false\" value=\"\" type=\"text\" name=\"item\" \/><\/span><\/span><\/span>\n\t<\/p>\n\t<p>Votre nom <span style=\"color:red;\">*<span><br \/>\n<span class=\"wpcf7-form-control-wrap\" data-name=\"your-name\"><input size=\"40\" maxlength=\"400\" class=\"wpcf7-form-control wpcf7-text wpcf7-validates-as-required\" aria-required=\"true\" aria-invalid=\"false\" value=\"\" type=\"text\" name=\"your-name\" \/><\/span><\/span><\/span>\n\t<\/p>\n\t<p>Votre courriel <span style=\"color:red;\">*<span><br \/>\n<span class=\"wpcf7-form-control-wrap\" data-name=\"your-email\"><input size=\"40\" maxlength=\"400\" class=\"wpcf7-form-control wpcf7-email wpcf7-validates-as-required wpcf7-text wpcf7-validates-as-email\" aria-required=\"true\" aria-invalid=\"false\" value=\"\" type=\"email\" name=\"your-email\" \/><\/span><\/span><\/span>\n\t<\/p>\n\t<p>Votre num\u00e9ro de t\u00e9l\u00e9phone (inclure l'indicatif r\u00e9gional)<br \/>\n<span class=\"wpcf7-form-control-wrap\" data-name=\"your-phone\"><input size=\"40\" maxlength=\"400\" class=\"wpcf7-form-control wpcf7-text\" aria-invalid=\"false\" value=\"\" type=\"text\" name=\"your-phone\" \/><\/span>\n\t<\/p>\n\t<p>Votre pays<br \/>\n<span class=\"wpcf7-form-control-wrap\" data-name=\"your-country\"><input size=\"40\" maxlength=\"400\" class=\"wpcf7-form-control wpcf7-text\" aria-invalid=\"false\" value=\"\" type=\"text\" name=\"your-country\" \/><\/span>\n\t<\/p>\n\t<p>Exigence d\u00e9taill\u00e9e <span style=\"color:red;\">*<span><br \/>\n<span class=\"wpcf7-form-control-wrap\" data-name=\"your-requirement\"><textarea cols=\"40\" rows=\"5\" maxlength=\"2000\" class=\"wpcf7-form-control wpcf7-textarea wpcf7-validates-as-required\" aria-required=\"true\" aria-invalid=\"false\" placeholder=\"Pour un devis d\u00e9taill\u00e9, veuillez nous envoyer votre demande d\u00e9taill\u00e9e. *\" name=\"your-requirement\"><\/textarea><\/span><\/span><\/span>\n\t<\/p>\n\t<p><input class=\"wpcf7-form-control wpcf7-submit has-spinner\" type=\"submit\" value=\"Obtenir un devis\" \/>\n\t<\/p>\n<\/div><input type='hidden' class='wpcf7-pum' value='{\"closepopup\":false,\"closedelay\":0,\"openpopup\":false,\"openpopup_id\":0}' \/><div class=\"wpcf7-response-output\" aria-hidden=\"true\"><\/div>\n<input type=\"hidden\" name=\"trp-form-language\" value=\"fr\"\/><\/form>\n<\/div>\n<\/div>","protected":false},"excerpt":{"rendered":"<p>C\u00e2ble arm\u00e9 \u00e0 \u00e2me unique de 300 mm de 11 kv 33 kv Conducteur En raison de la 11 kv 33 kv c\u00e2ble arm\u00e9 \u00e0 \u00e2me unique de 300 mm conducteurs circulaires compacts toronn\u00e9s en cuivre ou en aluminium. Par cons\u00e9quent, tous les interstices internes du conducteur d'essai avec un compos\u00e9 de blocage de l'eau. Ainsi, ce qui est sp\u00e9cifi\u00e9 pour emp\u00eacher la p\u00e9n\u00e9tration de l'eau \u00e0 travers le conducteur pendant le stockage, la manipulation, l'installation et le fonctionnement du ... <a class=\"read-more\" href=\"https:\/\/hdcarmouredcable.com\/fr\/cable-arme-unipolaire-de-300-mm\/\">Lire plus...<\/a><\/p>","protected":false},"author":1,"featured_media":0,"parent":0,"menu_order":0,"comment_status":"closed","ping_status":"closed","template":"","meta":{"_joinchat":[],"footnotes":""},"class_list":["post-1642","page","type-page","status-publish"],"yoast_head":"<!-- This site is optimized with the Yoast SEO plugin v25.1 - https:\/\/yoast.com\/wordpress\/plugins\/seo\/ -->\n<title>300mm single core armoured cable of 11kv 33kv price for sale from HDC<\/title>\n<meta name=\"description\" content=\"Huadong Cable Group is leading 11kv 33kv xlpe 300mm single core armoured cable manufacturer, factory direct sale 300mm2 single core cable price at low price\" \/>\n<meta name=\"robots\" content=\"index, follow, max-snippet:-1, max-image-preview:large, max-video-preview:-1\" \/>\n<link rel=\"canonical\" href=\"https:\/\/hdcarmouredcable.com\/fr\/cable-arme-unipolaire-de-300-mm\/\" \/>\n<meta property=\"og:locale\" content=\"fr_FR\" \/>\n<meta property=\"og:type\" content=\"article\" \/>\n<meta property=\"og:title\" content=\"300mm single core armoured cable of 11kv 33kv price for sale from HDC\" \/>\n<meta property=\"og:description\" content=\"Huadong Cable Group is leading 11kv 33kv xlpe 300mm single core armoured cable manufacturer, factory direct sale 300mm2 single core cable price at low price\" \/>\n<meta property=\"og:url\" content=\"https:\/\/hdcarmouredcable.com\/fr\/cable-arme-unipolaire-de-300-mm\/\" \/>\n<meta property=\"og:site_name\" content=\"Huadong Armoured Cable Group\" \/>\n<meta property=\"article:publisher\" content=\"https:\/\/www.facebook.com\/lily.ding.52\" \/>\n<meta property=\"article:modified_time\" content=\"2023-07-21T08:38:55+00:00\" \/>\n<meta property=\"og:image\" content=\"https:\/\/hdcarmouredcable.com\/wp-content\/uploads\/2019\/04\/11kv-300mm-single-core-armoured-cable-price.jpg\" \/>\n<meta name=\"twitter:card\" content=\"summary_large_image\" \/>\n<meta name=\"twitter:label1\" content=\"Dur\u00e9e de lecture estim\u00e9e\" \/>\n\t<meta name=\"twitter:data1\" content=\"3 minutes\" \/>\n<script type=\"application\/ld+json\" class=\"yoast-schema-graph\">{\"@context\":\"https:\/\/schema.org\",\"@graph\":[{\"@type\":\"WebPage\",\"@id\":\"https:\/\/hdcarmouredcable.com\/300mm-single-core-armoured-cable\/\",\"url\":\"https:\/\/hdcarmouredcable.com\/300mm-single-core-armoured-cable\/\",\"name\":\"300mm single core armoured cable of 11kv 33kv price for sale from HDC\",\"isPartOf\":{\"@id\":\"https:\/\/hdcarmouredcable.com\/#website\"},\"primaryImageOfPage\":{\"@id\":\"https:\/\/hdcarmouredcable.com\/300mm-single-core-armoured-cable\/#primaryimage\"},\"image\":{\"@id\":\"https:\/\/hdcarmouredcable.com\/300mm-single-core-armoured-cable\/#primaryimage\"},\"thumbnailUrl\":\"https:\/\/hdcarmouredcable.com\/wp-content\/uploads\/2019\/04\/11kv-300mm-single-core-armoured-cable-price.jpg\",\"datePublished\":\"2019-04-10T09:36:02+00:00\",\"dateModified\":\"2023-07-21T08:38:55+00:00\",\"description\":\"Huadong Cable Group is leading 11kv 33kv xlpe 300mm single core armoured cable manufacturer, factory direct sale 300mm2 single core cable price at low price\",\"inLanguage\":\"fr-FR\",\"potentialAction\":[{\"@type\":\"ReadAction\",\"target\":[\"https:\/\/hdcarmouredcable.com\/300mm-single-core-armoured-cable\/\"]}]},{\"@type\":\"ImageObject\",\"inLanguage\":\"fr-FR\",\"@id\":\"https:\/\/hdcarmouredcable.com\/300mm-single-core-armoured-cable\/#primaryimage\",\"url\":\"https:\/\/hdcarmouredcable.com\/wp-content\/uploads\/2019\/04\/11kv-300mm-single-core-armoured-cable-price.jpg\",\"contentUrl\":\"https:\/\/hdcarmouredcable.com\/wp-content\/uploads\/2019\/04\/11kv-300mm-single-core-armoured-cable-price.jpg\"},{\"@type\":\"WebSite\",\"@id\":\"https:\/\/hdcarmouredcable.com\/#website\",\"url\":\"https:\/\/hdcarmouredcable.com\/\",\"name\":\"Huadong Armoured Cable Group\",\"description\":\"professional steel wire armoured cable manufacturer\",\"publisher\":{\"@id\":\"https:\/\/hdcarmouredcable.com\/#organization\"},\"potentialAction\":[{\"@type\":\"SearchAction\",\"target\":{\"@type\":\"EntryPoint\",\"urlTemplate\":\"https:\/\/hdcarmouredcable.com\/?s={search_term_string}\"},\"query-input\":{\"@type\":\"PropertyValueSpecification\",\"valueRequired\":true,\"valueName\":\"search_term_string\"}}],\"inLanguage\":\"fr-FR\"},{\"@type\":\"Organization\",\"@id\":\"https:\/\/hdcarmouredcable.com\/#organization\",\"name\":\"Huadong Cable Group\",\"url\":\"https:\/\/hdcarmouredcable.com\/\",\"logo\":{\"@type\":\"ImageObject\",\"inLanguage\":\"fr-FR\",\"@id\":\"https:\/\/hdcarmouredcable.com\/#\/schema\/logo\/image\/\",\"url\":\"https:\/\/hdcarmouredcable.com\/wp-content\/uploads\/2022\/07\/Huadong-log.png\",\"contentUrl\":\"https:\/\/hdcarmouredcable.com\/wp-content\/uploads\/2022\/07\/Huadong-log.png\",\"width\":860,\"height\":860,\"caption\":\"Huadong Cable Group\"},\"image\":{\"@id\":\"https:\/\/hdcarmouredcable.com\/#\/schema\/logo\/image\/\"},\"sameAs\":[\"https:\/\/www.facebook.com\/lily.ding.52\",\"https:\/\/www.linkedin.com\/in\/lilyxlpecable\/\"]}]}<\/script>\n<!-- \/ Yoast SEO plugin. -->","yoast_head_json":{"title":"C\u00e2ble arm\u00e9 monoconducteur de 300 mm 11kv 33kv \u00e0 vendre par HDC","description":"Huadong Cable Group est un fabricant leader de c\u00e2ble arm\u00e9 \u00e0 \u00e2me unique 11kv 33kv xlpe 300mm, vente directe en usine de c\u00e2ble \u00e0 \u00e2me unique 300mm2 \u00e0 bas prix.","robots":{"index":"index","follow":"follow","max-snippet":"max-snippet:-1","max-image-preview":"max-image-preview:large","max-video-preview":"max-video-preview:-1"},"canonical":"https:\/\/hdcarmouredcable.com\/fr\/cable-arme-unipolaire-de-300-mm\/","og_locale":"fr_FR","og_type":"article","og_title":"300mm single core armoured cable of 11kv 33kv price for sale from HDC","og_description":"Huadong Cable Group is leading 11kv 33kv xlpe 300mm single core armoured cable manufacturer, factory direct sale 300mm2 single core cable price at low price","og_url":"https:\/\/hdcarmouredcable.com\/fr\/cable-arme-unipolaire-de-300-mm\/","og_site_name":"Huadong Armoured Cable Group","article_publisher":"https:\/\/www.facebook.com\/lily.ding.52","article_modified_time":"2023-07-21T08:38:55+00:00","og_image":[{"url":"https:\/\/hdcarmouredcable.com\/wp-content\/uploads\/2019\/04\/11kv-300mm-single-core-armoured-cable-price.jpg","type":"","width":"","height":""}],"twitter_card":"summary_large_image","twitter_misc":{"Dur\u00e9e de lecture estim\u00e9e":"3 minutes"},"schema":{"@context":"https:\/\/schema.org","@graph":[{"@type":"WebPage","@id":"https:\/\/hdcarmouredcable.com\/300mm-single-core-armoured-cable\/","url":"https:\/\/hdcarmouredcable.com\/300mm-single-core-armoured-cable\/","name":"C\u00e2ble arm\u00e9 monoconducteur de 300 mm 11kv 33kv \u00e0 vendre par HDC","isPartOf":{"@id":"https:\/\/hdcarmouredcable.com\/#website"},"primaryImageOfPage":{"@id":"https:\/\/hdcarmouredcable.com\/300mm-single-core-armoured-cable\/#primaryimage"},"image":{"@id":"https:\/\/hdcarmouredcable.com\/300mm-single-core-armoured-cable\/#primaryimage"},"thumbnailUrl":"https:\/\/hdcarmouredcable.com\/wp-content\/uploads\/2019\/04\/11kv-300mm-single-core-armoured-cable-price.jpg","datePublished":"2019-04-10T09:36:02+00:00","dateModified":"2023-07-21T08:38:55+00:00","description":"Huadong Cable Group est un fabricant leader de c\u00e2ble arm\u00e9 \u00e0 \u00e2me unique 11kv 33kv xlpe 300mm, vente directe en usine de c\u00e2ble \u00e0 \u00e2me unique 300mm2 \u00e0 bas prix.","inLanguage":"fr-FR","potentialAction":[{"@type":"ReadAction","target":["https:\/\/hdcarmouredcable.com\/300mm-single-core-armoured-cable\/"]}]},{"@type":"ImageObject","inLanguage":"fr-FR","@id":"https:\/\/hdcarmouredcable.com\/300mm-single-core-armoured-cable\/#primaryimage","url":"https:\/\/hdcarmouredcable.com\/wp-content\/uploads\/2019\/04\/11kv-300mm-single-core-armoured-cable-price.jpg","contentUrl":"https:\/\/hdcarmouredcable.com\/wp-content\/uploads\/2019\/04\/11kv-300mm-single-core-armoured-cable-price.jpg"},{"@type":"WebSite","@id":"https:\/\/hdcarmouredcable.com\/#website","url":"https:\/\/hdcarmouredcable.com\/","name":"Huadong Armoured Cable Group","description":"fabricant professionnel de c\u00e2bles arm\u00e9s en fil d'acier","publisher":{"@id":"https:\/\/hdcarmouredcable.com\/#organization"},"potentialAction":[{"@type":"SearchAction","target":{"@type":"EntryPoint","urlTemplate":"https:\/\/hdcarmouredcable.com\/?s={search_term_string}"},"query-input":{"@type":"PropertyValueSpecification","valueRequired":true,"valueName":"search_term_string"}}],"inLanguage":"fr-FR"},{"@type":"Organization","@id":"https:\/\/hdcarmouredcable.com\/#organization","name":"Groupe Huadong Cable","url":"https:\/\/hdcarmouredcable.com\/","logo":{"@type":"ImageObject","inLanguage":"fr-FR","@id":"https:\/\/hdcarmouredcable.com\/#\/schema\/logo\/image\/","url":"https:\/\/hdcarmouredcable.com\/wp-content\/uploads\/2022\/07\/Huadong-log.png","contentUrl":"https:\/\/hdcarmouredcable.com\/wp-content\/uploads\/2022\/07\/Huadong-log.png","width":860,"height":860,"caption":"Huadong Cable Group"},"image":{"@id":"https:\/\/hdcarmouredcable.com\/#\/schema\/logo\/image\/"},"sameAs":["https:\/\/www.facebook.com\/lily.ding.52","https:\/\/www.linkedin.com\/in\/lilyxlpecable\/"]}]}},"amp_enabled":true,"_links":{"self":[{"href":"https:\/\/hdcarmouredcable.com\/fr\/wp-json\/wp\/v2\/pages\/1642","targetHints":{"allow":["GET"]}}],"collection":[{"href":"https:\/\/hdcarmouredcable.com\/fr\/wp-json\/wp\/v2\/pages"}],"about":[{"href":"https:\/\/hdcarmouredcable.com\/fr\/wp-json\/wp\/v2\/types\/page"}],"author":[{"embeddable":true,"href":"https:\/\/hdcarmouredcable.com\/fr\/wp-json\/wp\/v2\/users\/1"}],"replies":[{"embeddable":true,"href":"https:\/\/hdcarmouredcable.com\/fr\/wp-json\/wp\/v2\/comments?post=1642"}],"version-history":[{"count":10,"href":"https:\/\/hdcarmouredcable.com\/fr\/wp-json\/wp\/v2\/pages\/1642\/revisions"}],"predecessor-version":[{"id":9452,"href":"https:\/\/hdcarmouredcable.com\/fr\/wp-json\/wp\/v2\/pages\/1642\/revisions\/9452"}],"wp:attachment":[{"href":"https:\/\/hdcarmouredcable.com\/fr\/wp-json\/wp\/v2\/media?parent=1642"}],"curies":[{"name":"wp","href":"https:\/\/api.w.org\/{rel}","templated":true}]}}