{"id":2487,"date":"2019-08-16T17:51:42","date_gmt":"2019-08-16T09:51:42","guid":{"rendered":"https:\/\/hdcarmouredcable.com\/?page_id=2487"},"modified":"2023-07-21T16:04:25","modified_gmt":"2023-07-21T08:04:25","slug":"2-18-awg-soow-cable-wire","status":"publish","type":"page","link":"https:\/\/hdcarmouredcable.com\/fr\/2-18-awg-soow-cable-wire\/","title":{"rendered":"2\/3\/4\/5\/6 core 2 4 6 8 10 12 14 16 18 AWG soow cable wire-heavy duty portable electrical cord"},"content":{"rendered":"<h2>Application du c\u00e2ble 4 4 SOOW<\/h2>\n<p>Lorsque vous achetez un c\u00e2ble soow 6 awg 4 conducteurs de southwire soow ou huadong cable, vous devez savoir comment l'utiliser. Tout d'abord, le c\u00e2ble \u00e9lectrique portable 6 4 SOOW est un type de c\u00e2ble portable. Carol offre donc un certain nombre d'avantages majeurs qui en font un excellent choix pour une vari\u00e9t\u00e9 d'applications industrielles, commerciales et r\u00e9sidentielles, tant \u00e0 l'int\u00e9rieur qu'\u00e0 l'ext\u00e9rieur.  C'est pourquoi de nombreux avantages du c\u00e2ble SOOW sont mentionn\u00e9s dans son nom.<\/p>\n<p><img loading=\"lazy\" decoding=\"async\" class=\"aligncenter size-full wp-image-2490\" src=\"https:\/\/hdcarmouredcable.com\/wp-content\/uploads\/2019\/08\/18-2-SOOW-cable-18-AWG-2-Conductor.jpg\" alt=\"18 2 C\u00e2ble SOOW, 18 AWG 2 conducteurs\" width=\"1084\" height=\"246\" srcset=\"https:\/\/hdcarmouredcable.com\/wp-content\/uploads\/2019\/08\/18-2-SOOW-cable-18-AWG-2-Conductor.jpg 1084w, https:\/\/hdcarmouredcable.com\/wp-content\/uploads\/2019\/08\/18-2-SOOW-cable-18-AWG-2-Conductor-300x68.jpg 300w, https:\/\/hdcarmouredcable.com\/wp-content\/uploads\/2019\/08\/18-2-SOOW-cable-18-AWG-2-Conductor-768x174.jpg 768w, https:\/\/hdcarmouredcable.com\/wp-content\/uploads\/2019\/08\/18-2-SOOW-cable-18-AWG-2-Conductor-1024x232.jpg 1024w\" sizes=\"auto, (max-width: 1084px) 100vw, 1084px\" \/><\/p>\n<p style=\"text-align: center;\"><span class=\"su-lightbox\" data-mfp-src=\"#popmake-form\" data-mfp-type=\"inline\" data-mobile=\"yes\"><button class=\"btn btn-danger btn-sm\" ><i class=\"glyphicon glyphicon-ok-sign\" style=\"color:#eeee22;\"><\/i> Obtenir le prix du fil de soja 6\/4<\/button><\/span><a class=\"btn btn-danger btn-sm\" href=\"mailto:info@hdcarmouredcable.com\"  rel=\"\"  target=\"_self\"><i class=\"fa fa-envelope-o\" style=\"color:#eeee22;\"><\/i> info@hdcarmouredcable.com<\/a>\n<h2>Le param\u00e8tre Date du 6\/4 10\/4 4 4 SOOW Wire<\/h2>\n<div class=\"row prodetails\">\n<div class=\"col-lg-6 col-md-12 col-xs-12 col-sm-12\">\n<h3 style=\"text-align: left;\">2\/4, 2\/3, 4\/4, 6\/4, 8\/4, 10\/4, 12\/4, 10\/4 Cordon portable SOOW<\/h3>\n<p>Par exemple : 10\/2 SOOW, 10 AWG 2 Conducteurs<br \/>\n12\/4 SOOW, 12 AWG 4 conducteurs<br \/>\n10\/3 SOOW, 10 AWG 3 conducteurs<br \/>\n10\/4 SOOW, 10 AWG 4 conducteurs<br \/>\n8\/3 Carol Cable SOOW, 8 AWG 3 conducteurs<br \/>\n8\/4 SOOW, 8 AWG 4 conducteurs<br \/>\n6\/3 SOOW, 6 AWG 3 conducteurs<br \/>\n6\/4 SOOW wire, 6 AWG 4 Conductor is also 6 awg 4 conductor soow<br \/>\n4\/3 SOOW, 4 AWG 3 conducteurs<br \/>\n4\/4 SOOW, 4 AWG 4 conducteurs<br \/>\n2\/3 SOOW, 2 AWG 3 conducteurs<br \/>\n2\/4 SOOW, 2 AWG 4 conducteurs, etc.<\/div>\n<div class=\"col-lg-6 col-md-12 col-xs-12 col-sm-12\">\n<h3 style=\"text-align: left;\">Fil SOOW 12 -18 AWG<\/h3>\n<p>Par exemple : 18\/2 SOOW, 18 AWG 2 Conducteurs<br \/>\n16\/2 SOOW, 16 AWG 2 conducteurs<br \/>\n18\/3 SOOW, 18 AWG 3 conducteurs<br \/>\n16\/3 Carol Cable SOOW, 16 AWG 3 conducteurs<br \/>\n18\/4 SOOW, 18 AWG 4 conducteurs<br \/>\n14\/2 SOOW, 14 AWG 2 conducteurs<br \/>\n16\/4 SOOW, 16 AWG 4 conducteurs<br \/>\n14\/3 SOOW Wire, 14 AWG 3 conducteurs<br \/>\n12\/2 SOOW, 12 AWG 2 conducteurs<br \/>\nLes deux 18\/5 SOOW, et 18 AWG 5 conducteurs<br \/>\n18\/6 SOOW, 18 AWG 6 conducteurs<br \/>\n14\/4 SOOW, 14 AWG 4 conducteurs<br \/>\n12\/3 Carol Cable SOOW, 12 AWG 3 conducteurs, etc.<\/div>\n<\/div>\n<h2>C\u00e2ble SOOW - cordon \u00e9lectrique portable \u00e0 usage intensif<\/h2>\n<div class=\"row prodetails\">\n<div class=\"col-lg-5 col-md-12 col-xs-12 col-sm-12\">\n<p><img loading=\"lazy\" decoding=\"async\" class=\"size-full wp-image-2501\" src=\"https:\/\/hdcarmouredcable.com\/wp-content\/uploads\/2019\/08\/oil-resistance-6-4-soow-wire-.png\" alt=\"r\u00e9sistance de l&#039;huile 6 4 fil de suie\" width=\"220\" height=\"212\" \/><\/p>\n<\/div>\n<div class=\"col-lg-7 col-md-12 col-xs-12 col-sm-12\">\n<p><strong>Tension :<\/strong> 600V et ainsi de suite<br \/>\n<strong>Nombre de conducteurs<\/strong>Les caract\u00e9ristiques de l'appareil sont les suivantes : 2 c\u0153urs, 3 c\u0153urs, 4 c\u0153urs, 5 c\u0153urs, etc.<br \/>\n<strong>SOOW Taille du fil : \u00a0<\/strong>2-8AWG et 10 AWG, 12AWG, 14 AWG, 16 AWG, 18AWG, etc.<br \/>\n<strong>Mat\u00e9riau du conducteur :<\/strong> Cuivre toronn\u00e9 enti\u00e8rement recuit et cuivre nu<br \/>\n<strong>Plage de temp\u00e9rature :<\/strong> -40F \u00e0 194F | -40C \u00e0 90C et ainsi de suite.<br \/>\nS = Service, O = Conducteurs r\u00e9sistants \u00e0 l'huile, O = Gaine r\u00e9sistante \u00e0 l'huile, W = R\u00e9sistant \u00e0 l'eau<\/p>\n<p style=\"text-align: center;\"><span class=\"su-lightbox\" data-mfp-src=\"#popmake-form\" data-mfp-type=\"inline\" data-mobile=\"yes\"><button class=\"btn btn-danger btn-sm\" ><i class=\"glyphicon glyphicon-ok-sign\" style=\"color:#eeee22;\"><\/i> Obtenir le prix du c\u00e2ble blind\u00e9 10\/4<\/button><\/span>\n<\/div>\n<\/div>\n<h2>Caract\u00e9ristiques du fil SOOW<\/h2>\n<p>En raison de son calibre de 6 4, le c\u00e2ble soow est un c\u00e2ble \u00e9lectrique portable \u00e0 usage intensif de calibre 6 et de 4 conducteurs. Par cons\u00e9quent, le c\u00e2ble \u00e9lectrique portable 10\/4 a des applications avec des outils portables. Par exemple : les \u00e9quipements et les appareils, ainsi que les petits moteurs et les machines associ\u00e9es. Nous avons export\u00e9 le c\u00e2ble soow 6 awg 4 conducteurs aux Philippines, en Malaisie, \u00e0 Singapour, au Vietnam, aux \u00c9mirats arabes unis, en Mongolie, en Zambie, au Nigeria, au Togo, etc.<\/p>\n<p>Parall\u00e8lement, le c\u00e2ble \u00e9lectrique portable SOOW pr\u00e9sente \u00e9galement une r\u00e9sistance \u00e0 la traction et un allongement de qualit\u00e9. Les caract\u00e9ristiques de vieillissement du fil de suie 6\/4 s'accompagnent d'une grande souplesse et d'une r\u00e9sistance \u00e0 l'abrasion. Le c\u00e2ble soow Carol 6\/4 est donc certifi\u00e9 pour une utilisation int\u00e9rieure et ext\u00e9rieure et r\u00e9siste \u00e0 l'ozone, \u00e0 la lumi\u00e8re du soleil (UV) et aux intemp\u00e9ries.<\/p>\n<p>Mais tous les cordons \u00e9lectriques portables ne se valent pas.  Si vous souhaitez un cordon \u00e9lectrique portable 10 4 so robuste, durable, capable de r\u00e9sister aux situations d\u00e9sordonn\u00e9es et qui ne vieillit pratiquement pas avec le temps, alors vous voudrez un cordon Carol 4\/4 soow. nous pouvons fournir des \u00e9chantillons gratuits. <a href=\"https:\/\/hdcarmouredcable.com\/fr\/resistance-a-lhuile-cable-souple\/\" target=\"_blank\" rel=\"noopener noreferrer\">prix du c\u00e2ble sjoow<\/a><\/p>\n<figure id=\"attachment_2512\" aria-describedby=\"caption-attachment-2512\" style=\"width: 820px\" class=\"wp-caption aligncenter\"><img loading=\"lazy\" decoding=\"async\" class=\"size-full wp-image-2512\" src=\"https:\/\/hdcarmouredcable.com\/wp-content\/uploads\/2019\/08\/resistance-oil-6-awg-4-conductor-soow.jpg\" alt=\"huile de r\u00e9sistance 6 awg 4 conducteurs soow\" width=\"830\" height=\"200\" srcset=\"https:\/\/hdcarmouredcable.com\/wp-content\/uploads\/2019\/08\/resistance-oil-6-awg-4-conductor-soow.jpg 830w, https:\/\/hdcarmouredcable.com\/wp-content\/uploads\/2019\/08\/resistance-oil-6-awg-4-conductor-soow-300x72.jpg 300w, https:\/\/hdcarmouredcable.com\/wp-content\/uploads\/2019\/08\/resistance-oil-6-awg-4-conductor-soow-768x185.jpg 768w, https:\/\/hdcarmouredcable.com\/wp-content\/uploads\/2019\/08\/resistance-oil-6-awg-4-conductor-soow-600x145.jpg 600w\" sizes=\"auto, (max-width: 830px) 100vw, 830px\" \/><figcaption id=\"caption-attachment-2512\" class=\"wp-caption-text\">huile de r\u00e9sistance 6 awg 4 conducteurs soow<\/figcaption><\/figure>\n\n<div class=\"wpcf7 no-js\" id=\"wpcf7-f5785-o1\" lang=\"en-US\" dir=\"ltr\" data-wpcf7-id=\"5785\">\n<div class=\"screen-reader-response\"><p role=\"status\" aria-live=\"polite\" aria-atomic=\"true\"><\/p> <ul><\/ul><\/div>\n<form action=\"\/fr\/wp-json\/wp\/v2\/pages\/2487#wpcf7-f5785-o1\" method=\"post\" class=\"wpcf7-form init\" aria-label=\"Formulaire de contact\" novalidate=\"novalidate\" data-status=\"init\" data-trp-original-action=\"\/fr\/wp-json\/wp\/v2\/pages\/2487#wpcf7-f5785-o1\">\n<div style=\"display: none;\">\n<input type=\"hidden\" name=\"_wpcf7\" value=\"5785\" \/>\n<input type=\"hidden\" name=\"_wpcf7_version\" value=\"6.0.6\" \/>\n<input type=\"hidden\" name=\"_wpcf7_locale\" value=\"en_US\" \/>\n<input type=\"hidden\" name=\"_wpcf7_unit_tag\" value=\"wpcf7-f5785-o1\" \/>\n<input type=\"hidden\" name=\"_wpcf7_container_post\" value=\"0\" \/>\n<input type=\"hidden\" name=\"_wpcf7_posted_data_hash\" value=\"\" \/>\n<\/div>\n<div>\n\t<h2>Laissez votre message, Obtenez un devis gratuit\n\t<\/h2>\n\t<p>Travaillons ensemble sur votre projet par e-mail : <a href=\"mailto:info@hdcarmouredcable.com\" rel=\"nofollow\">info@hdcarmouredcable.com<\/a>\n\t<\/p>\n\t<div class=\"messageform\">\n\t\t<p><strong><span style=\"color:red;\">*<\/span> Votre nom<\/strong><br \/>\n<span class=\"wpcf7-form-control-wrap\" data-name=\"your-name\"><input size=\"40\" maxlength=\"400\" class=\"wpcf7-form-control wpcf7-text wpcf7-validates-as-required\" aria-required=\"true\" aria-invalid=\"false\" value=\"\" type=\"text\" name=\"your-name\" \/><\/span>\n\t\t<\/p>\n\t\t<p><strong><span style=\"color:red;\">*<\/span> Votre courriel<\/strong>\n\t\t<\/p>\n\t\t<p><span class=\"wpcf7-form-control-wrap\" data-name=\"your-email\"><input size=\"40\" maxlength=\"400\" class=\"wpcf7-form-control wpcf7-email wpcf7-validates-as-required wpcf7-text wpcf7-validates-as-email\" aria-required=\"true\" aria-invalid=\"false\" value=\"\" type=\"email\" name=\"your-email\" \/><\/span>\n\t\t<\/p>\n\t\t<p><strong>Votre pays<\/strong>\n\t\t<\/p>\n\t\t<p><span class=\"wpcf7-form-control-wrap\" data-name=\"your-country\"><input size=\"40\" maxlength=\"400\" class=\"wpcf7-form-control wpcf7-text\" aria-invalid=\"false\" value=\"\" type=\"text\" name=\"your-country\" \/><\/span>\n\t\t<\/p>\n\t\t<p><strong><span style=\"color:red;\">*<\/span> Votre demande<\/strong>\n\t\t<\/p>\n\t\t<p><span class=\"wpcf7-form-control-wrap\" data-name=\"your-requirement\"><textarea cols=\"40\" rows=\"10\" maxlength=\"2000\" class=\"wpcf7-form-control wpcf7-textarea wpcf7-validates-as-required bestonmessage\" aria-required=\"true\" aria-invalid=\"false\" placeholder=\"Pour un devis d\u00e9taill\u00e9, veuillez nous envoyer votre demande d\u00e9taill\u00e9e.\" name=\"your-requirement\"><\/textarea><\/span>\n\t\t<\/p>\n\t\t<p><input class=\"wpcf7-form-control wpcf7-submit has-spinner\" type=\"submit\" value=\"Envoyer un message\" \/>\n\t\t<\/p>\n\t<\/div>\n<\/div><input type='hidden' class='wpcf7-pum' value='{\"closepopup\":false,\"closedelay\":0,\"openpopup\":false,\"openpopup_id\":0}' \/><div class=\"wpcf7-response-output\" aria-hidden=\"true\"><\/div>\n<input type=\"hidden\" name=\"trp-form-language\" value=\"fr\"\/><\/form>\n<\/div>\n\n<div class=\"su-lightbox-content su-u-trim\" id=\"popmake-form\" style=\"display:none;width:85%;min-width:none;max-width:600px;margin-top:40px;margin-bottom:40px;padding:20px;background:#FFFFFF;color:#333333;box-shadow:0px 0px 15px #333333;text-align:left\">\n<div class=\"wpcf7 no-js\" id=\"wpcf7-f5800-o2\" lang=\"en-US\" dir=\"ltr\" data-wpcf7-id=\"5800\">\n<div class=\"screen-reader-response\"><p role=\"status\" aria-live=\"polite\" aria-atomic=\"true\"><\/p> <ul><\/ul><\/div>\n<form action=\"\/fr\/wp-json\/wp\/v2\/pages\/2487#wpcf7-f5800-o2\" method=\"post\" class=\"wpcf7-form init\" aria-label=\"Formulaire de contact\" novalidate=\"novalidate\" data-status=\"init\" data-trp-original-action=\"\/fr\/wp-json\/wp\/v2\/pages\/2487#wpcf7-f5800-o2\">\n<div style=\"display: none;\">\n<input type=\"hidden\" name=\"_wpcf7\" value=\"5800\" \/>\n<input type=\"hidden\" name=\"_wpcf7_version\" value=\"6.0.6\" \/>\n<input type=\"hidden\" name=\"_wpcf7_locale\" value=\"en_US\" \/>\n<input type=\"hidden\" name=\"_wpcf7_unit_tag\" value=\"wpcf7-f5800-o2\" \/>\n<input type=\"hidden\" name=\"_wpcf7_container_post\" value=\"0\" \/>\n<input type=\"hidden\" name=\"_wpcf7_posted_data_hash\" value=\"\" \/>\n<\/div>\n<div class=\"popmakerform\">\n\t<h3>Obtenir un devis gratuit\n\t<\/h3>\n\t<p>Travaillons ensemble sur votre projet par e-mail : <a href=\"mailto:info@hdcarmouredcable.com\" rel=\"nofollow\">info@hdcarmouredcable.com<\/a>\n\t<\/p>\n\t<p>Produit int\u00e9ress\u00e9 <span style=\"color:red;\">*<span><br \/>\n<span class=\"wpcf7-form-control-wrap\" data-name=\"item\"><input size=\"40\" maxlength=\"400\" class=\"wpcf7-form-control wpcf7-text\" id=\"item\" aria-invalid=\"false\" value=\"\" type=\"text\" name=\"item\" \/><\/span><\/span><\/span>\n\t<\/p>\n\t<p>Votre nom <span style=\"color:red;\">*<span><br \/>\n<span class=\"wpcf7-form-control-wrap\" data-name=\"your-name\"><input size=\"40\" maxlength=\"400\" class=\"wpcf7-form-control wpcf7-text wpcf7-validates-as-required\" aria-required=\"true\" aria-invalid=\"false\" value=\"\" type=\"text\" name=\"your-name\" \/><\/span><\/span><\/span>\n\t<\/p>\n\t<p>Votre courriel <span style=\"color:red;\">*<span><br \/>\n<span class=\"wpcf7-form-control-wrap\" data-name=\"your-email\"><input size=\"40\" maxlength=\"400\" class=\"wpcf7-form-control wpcf7-email wpcf7-validates-as-required wpcf7-text wpcf7-validates-as-email\" aria-required=\"true\" aria-invalid=\"false\" value=\"\" type=\"email\" name=\"your-email\" \/><\/span><\/span><\/span>\n\t<\/p>\n\t<p>Votre num\u00e9ro de t\u00e9l\u00e9phone (inclure l'indicatif r\u00e9gional)<br \/>\n<span class=\"wpcf7-form-control-wrap\" data-name=\"your-phone\"><input size=\"40\" maxlength=\"400\" class=\"wpcf7-form-control wpcf7-text\" aria-invalid=\"false\" value=\"\" type=\"text\" name=\"your-phone\" \/><\/span>\n\t<\/p>\n\t<p>Votre pays<br \/>\n<span class=\"wpcf7-form-control-wrap\" data-name=\"your-country\"><input size=\"40\" maxlength=\"400\" class=\"wpcf7-form-control wpcf7-text\" aria-invalid=\"false\" value=\"\" type=\"text\" name=\"your-country\" \/><\/span>\n\t<\/p>\n\t<p>Exigence d\u00e9taill\u00e9e <span style=\"color:red;\">*<span><br \/>\n<span class=\"wpcf7-form-control-wrap\" data-name=\"your-requirement\"><textarea cols=\"40\" rows=\"5\" maxlength=\"2000\" class=\"wpcf7-form-control wpcf7-textarea wpcf7-validates-as-required\" aria-required=\"true\" aria-invalid=\"false\" placeholder=\"Pour un devis d\u00e9taill\u00e9, veuillez nous envoyer votre demande d\u00e9taill\u00e9e. *\" name=\"your-requirement\"><\/textarea><\/span><\/span><\/span>\n\t<\/p>\n\t<p><input class=\"wpcf7-form-control wpcf7-submit has-spinner\" type=\"submit\" value=\"Obtenir un devis\" \/>\n\t<\/p>\n<\/div><input type='hidden' class='wpcf7-pum' value='{\"closepopup\":false,\"closedelay\":0,\"openpopup\":false,\"openpopup_id\":0}' \/><div class=\"wpcf7-response-output\" aria-hidden=\"true\"><\/div>\n<input type=\"hidden\" name=\"trp-form-language\" value=\"fr\"\/><\/form>\n<\/div>\n<\/div>","protected":false},"excerpt":{"rendered":"<p>Application du c\u00e2ble SOOW 4 4 Lorsque vous achetez un c\u00e2ble soow 6 awg \u00e0 4 conducteurs aupr\u00e8s de southwire soow ou huadong cable, vous devez savoir comment l'appliquer. Tout d'abord, le c\u00e2ble \u00e9lectrique portable 6 4 SOOW est un type de c\u00e2ble portable. Ainsi, Carol offre un certain nombre d'avantages majeurs qui en font un excellent choix pour ... <a class=\"read-more\" href=\"https:\/\/hdcarmouredcable.com\/fr\/2-18-awg-soow-cable-wire\/\">Lire plus...<\/a><\/p>","protected":false},"author":1,"featured_media":0,"parent":0,"menu_order":0,"comment_status":"closed","ping_status":"closed","template":"","meta":{"_joinchat":[],"footnotes":""},"class_list":["post-2487","page","type-page","status-publish"],"yoast_head":"<!-- This site is optimized with the Yoast SEO plugin v25.1 - https:\/\/yoast.com\/wordpress\/plugins\/seo\/ -->\n<title>2 3 4 5 6 Cores 2 4 6 8 10 12 14 16 18 AWG SOOW Cable Wire supplier<\/title>\n<meta name=\"description\" content=\"Huadong whosale 2\/4, 2\/3, 4\/4, 4\/3, 6\/4, 6\/3, 8\/4, 8\/3, 10\/3, 10\/4, 12\/4, 12\/3, 14\/4, 18\/6, 18\/5, 12\/2, 14\/3,16\/4, 18\/3 16\/2, 18\/2 AWG Soow Cable Wire price\" \/>\n<meta name=\"robots\" content=\"index, follow, max-snippet:-1, max-image-preview:large, max-video-preview:-1\" \/>\n<link rel=\"canonical\" href=\"https:\/\/hdcarmouredcable.com\/fr\/2-18-awg-soow-cable-wire\/\" \/>\n<meta property=\"og:locale\" content=\"fr_FR\" \/>\n<meta property=\"og:type\" content=\"article\" \/>\n<meta property=\"og:title\" content=\"2 3 4 5 6 Cores 2 4 6 8 10 12 14 16 18 AWG SOOW Cable Wire supplier\" \/>\n<meta property=\"og:description\" content=\"Huadong whosale 2\/4, 2\/3, 4\/4, 4\/3, 6\/4, 6\/3, 8\/4, 8\/3, 10\/3, 10\/4, 12\/4, 12\/3, 14\/4, 18\/6, 18\/5, 12\/2, 14\/3,16\/4, 18\/3 16\/2, 18\/2 AWG Soow Cable Wire price\" \/>\n<meta property=\"og:url\" content=\"https:\/\/hdcarmouredcable.com\/fr\/2-18-awg-soow-cable-wire\/\" \/>\n<meta property=\"og:site_name\" content=\"Huadong Armoured Cable Group\" \/>\n<meta property=\"article:publisher\" content=\"https:\/\/www.facebook.com\/lily.ding.52\" \/>\n<meta property=\"article:modified_time\" content=\"2023-07-21T08:04:25+00:00\" \/>\n<meta property=\"og:image\" content=\"https:\/\/hdcarmouredcable.com\/wp-content\/uploads\/2019\/08\/18-2-SOOW-cable-18-AWG-2-Conductor.jpg\" \/>\n<meta name=\"twitter:card\" content=\"summary_large_image\" \/>\n<meta name=\"twitter:label1\" content=\"Dur\u00e9e de lecture estim\u00e9e\" \/>\n\t<meta name=\"twitter:data1\" content=\"4 minutes\" \/>\n<script type=\"application\/ld+json\" class=\"yoast-schema-graph\">{\"@context\":\"https:\/\/schema.org\",\"@graph\":[{\"@type\":\"WebPage\",\"@id\":\"https:\/\/hdcarmouredcable.com\/2-18-awg-soow-cable-wire\/\",\"url\":\"https:\/\/hdcarmouredcable.com\/2-18-awg-soow-cable-wire\/\",\"name\":\"2 3 4 5 6 Cores 2 4 6 8 10 12 14 16 18 AWG SOOW Cable Wire supplier\",\"isPartOf\":{\"@id\":\"https:\/\/hdcarmouredcable.com\/#website\"},\"primaryImageOfPage\":{\"@id\":\"https:\/\/hdcarmouredcable.com\/2-18-awg-soow-cable-wire\/#primaryimage\"},\"image\":{\"@id\":\"https:\/\/hdcarmouredcable.com\/2-18-awg-soow-cable-wire\/#primaryimage\"},\"thumbnailUrl\":\"https:\/\/hdcarmouredcable.com\/wp-content\/uploads\/2019\/08\/18-2-SOOW-cable-18-AWG-2-Conductor.jpg\",\"datePublished\":\"2019-08-16T09:51:42+00:00\",\"dateModified\":\"2023-07-21T08:04:25+00:00\",\"description\":\"Huadong whosale 2\/4, 2\/3, 4\/4, 4\/3, 6\/4, 6\/3, 8\/4, 8\/3, 10\/3, 10\/4, 12\/4, 12\/3, 14\/4, 18\/6, 18\/5, 12\/2, 14\/3,16\/4, 18\/3 16\/2, 18\/2 AWG Soow Cable Wire price\",\"inLanguage\":\"fr-FR\",\"potentialAction\":[{\"@type\":\"ReadAction\",\"target\":[\"https:\/\/hdcarmouredcable.com\/2-18-awg-soow-cable-wire\/\"]}]},{\"@type\":\"ImageObject\",\"inLanguage\":\"fr-FR\",\"@id\":\"https:\/\/hdcarmouredcable.com\/2-18-awg-soow-cable-wire\/#primaryimage\",\"url\":\"https:\/\/hdcarmouredcable.com\/wp-content\/uploads\/2019\/08\/18-2-SOOW-cable-18-AWG-2-Conductor.jpg\",\"contentUrl\":\"https:\/\/hdcarmouredcable.com\/wp-content\/uploads\/2019\/08\/18-2-SOOW-cable-18-AWG-2-Conductor.jpg\"},{\"@type\":\"WebSite\",\"@id\":\"https:\/\/hdcarmouredcable.com\/#website\",\"url\":\"https:\/\/hdcarmouredcable.com\/\",\"name\":\"Huadong Armoured Cable Group\",\"description\":\"professional steel wire armoured cable manufacturer\",\"publisher\":{\"@id\":\"https:\/\/hdcarmouredcable.com\/#organization\"},\"potentialAction\":[{\"@type\":\"SearchAction\",\"target\":{\"@type\":\"EntryPoint\",\"urlTemplate\":\"https:\/\/hdcarmouredcable.com\/?s={search_term_string}\"},\"query-input\":{\"@type\":\"PropertyValueSpecification\",\"valueRequired\":true,\"valueName\":\"search_term_string\"}}],\"inLanguage\":\"fr-FR\"},{\"@type\":\"Organization\",\"@id\":\"https:\/\/hdcarmouredcable.com\/#organization\",\"name\":\"Huadong Cable Group\",\"url\":\"https:\/\/hdcarmouredcable.com\/\",\"logo\":{\"@type\":\"ImageObject\",\"inLanguage\":\"fr-FR\",\"@id\":\"https:\/\/hdcarmouredcable.com\/#\/schema\/logo\/image\/\",\"url\":\"https:\/\/hdcarmouredcable.com\/wp-content\/uploads\/2022\/07\/Huadong-log.png\",\"contentUrl\":\"https:\/\/hdcarmouredcable.com\/wp-content\/uploads\/2022\/07\/Huadong-log.png\",\"width\":860,\"height\":860,\"caption\":\"Huadong Cable Group\"},\"image\":{\"@id\":\"https:\/\/hdcarmouredcable.com\/#\/schema\/logo\/image\/\"},\"sameAs\":[\"https:\/\/www.facebook.com\/lily.ding.52\",\"https:\/\/www.linkedin.com\/in\/lilyxlpecable\/\"]}]}<\/script>\n<!-- \/ Yoast SEO plugin. -->","yoast_head_json":{"title":"2 3 4 5 6 \u00e2mes 2 4 6 8 10 12 14 16 18 AWG SOOW Cable Wire supplier","description":"Huadong whosale 2\/4, 2\/3, 4\/4, 4\/3, 6\/4, 6\/3, 8\/4, 8\/3, 10\/3, 10\/4, 12\/4, 12\/3, 14\/4, 18\/6, 18\/5, 12\/2, 14\/3,16\/4, 18\/3 16\/2, 18\/2 AWG Soow Cable Wire price","robots":{"index":"index","follow":"follow","max-snippet":"max-snippet:-1","max-image-preview":"max-image-preview:large","max-video-preview":"max-video-preview:-1"},"canonical":"https:\/\/hdcarmouredcable.com\/fr\/2-18-awg-soow-cable-wire\/","og_locale":"fr_FR","og_type":"article","og_title":"2 3 4 5 6 Cores 2 4 6 8 10 12 14 16 18 AWG SOOW Cable Wire supplier","og_description":"Huadong whosale 2\/4, 2\/3, 4\/4, 4\/3, 6\/4, 6\/3, 8\/4, 8\/3, 10\/3, 10\/4, 12\/4, 12\/3, 14\/4, 18\/6, 18\/5, 12\/2, 14\/3,16\/4, 18\/3 16\/2, 18\/2 AWG Soow Cable Wire price","og_url":"https:\/\/hdcarmouredcable.com\/fr\/2-18-awg-soow-cable-wire\/","og_site_name":"Huadong Armoured Cable Group","article_publisher":"https:\/\/www.facebook.com\/lily.ding.52","article_modified_time":"2023-07-21T08:04:25+00:00","og_image":[{"url":"https:\/\/hdcarmouredcable.com\/wp-content\/uploads\/2019\/08\/18-2-SOOW-cable-18-AWG-2-Conductor.jpg","type":"","width":"","height":""}],"twitter_card":"summary_large_image","twitter_misc":{"Dur\u00e9e de lecture estim\u00e9e":"4 minutes"},"schema":{"@context":"https:\/\/schema.org","@graph":[{"@type":"WebPage","@id":"https:\/\/hdcarmouredcable.com\/2-18-awg-soow-cable-wire\/","url":"https:\/\/hdcarmouredcable.com\/2-18-awg-soow-cable-wire\/","name":"2 3 4 5 6 \u00e2mes 2 4 6 8 10 12 14 16 18 AWG SOOW Cable Wire supplier","isPartOf":{"@id":"https:\/\/hdcarmouredcable.com\/#website"},"primaryImageOfPage":{"@id":"https:\/\/hdcarmouredcable.com\/2-18-awg-soow-cable-wire\/#primaryimage"},"image":{"@id":"https:\/\/hdcarmouredcable.com\/2-18-awg-soow-cable-wire\/#primaryimage"},"thumbnailUrl":"https:\/\/hdcarmouredcable.com\/wp-content\/uploads\/2019\/08\/18-2-SOOW-cable-18-AWG-2-Conductor.jpg","datePublished":"2019-08-16T09:51:42+00:00","dateModified":"2023-07-21T08:04:25+00:00","description":"Huadong whosale 2\/4, 2\/3, 4\/4, 4\/3, 6\/4, 6\/3, 8\/4, 8\/3, 10\/3, 10\/4, 12\/4, 12\/3, 14\/4, 18\/6, 18\/5, 12\/2, 14\/3,16\/4, 18\/3 16\/2, 18\/2 AWG Soow Cable Wire price","inLanguage":"fr-FR","potentialAction":[{"@type":"ReadAction","target":["https:\/\/hdcarmouredcable.com\/2-18-awg-soow-cable-wire\/"]}]},{"@type":"ImageObject","inLanguage":"fr-FR","@id":"https:\/\/hdcarmouredcable.com\/2-18-awg-soow-cable-wire\/#primaryimage","url":"https:\/\/hdcarmouredcable.com\/wp-content\/uploads\/2019\/08\/18-2-SOOW-cable-18-AWG-2-Conductor.jpg","contentUrl":"https:\/\/hdcarmouredcable.com\/wp-content\/uploads\/2019\/08\/18-2-SOOW-cable-18-AWG-2-Conductor.jpg"},{"@type":"WebSite","@id":"https:\/\/hdcarmouredcable.com\/#website","url":"https:\/\/hdcarmouredcable.com\/","name":"Huadong Armoured Cable Group","description":"fabricant professionnel de c\u00e2bles arm\u00e9s en fil d'acier","publisher":{"@id":"https:\/\/hdcarmouredcable.com\/#organization"},"potentialAction":[{"@type":"SearchAction","target":{"@type":"EntryPoint","urlTemplate":"https:\/\/hdcarmouredcable.com\/?s={search_term_string}"},"query-input":{"@type":"PropertyValueSpecification","valueRequired":true,"valueName":"search_term_string"}}],"inLanguage":"fr-FR"},{"@type":"Organization","@id":"https:\/\/hdcarmouredcable.com\/#organization","name":"Groupe Huadong Cable","url":"https:\/\/hdcarmouredcable.com\/","logo":{"@type":"ImageObject","inLanguage":"fr-FR","@id":"https:\/\/hdcarmouredcable.com\/#\/schema\/logo\/image\/","url":"https:\/\/hdcarmouredcable.com\/wp-content\/uploads\/2022\/07\/Huadong-log.png","contentUrl":"https:\/\/hdcarmouredcable.com\/wp-content\/uploads\/2022\/07\/Huadong-log.png","width":860,"height":860,"caption":"Huadong Cable Group"},"image":{"@id":"https:\/\/hdcarmouredcable.com\/#\/schema\/logo\/image\/"},"sameAs":["https:\/\/www.facebook.com\/lily.ding.52","https:\/\/www.linkedin.com\/in\/lilyxlpecable\/"]}]}},"amp_enabled":true,"_links":{"self":[{"href":"https:\/\/hdcarmouredcable.com\/fr\/wp-json\/wp\/v2\/pages\/2487","targetHints":{"allow":["GET"]}}],"collection":[{"href":"https:\/\/hdcarmouredcable.com\/fr\/wp-json\/wp\/v2\/pages"}],"about":[{"href":"https:\/\/hdcarmouredcable.com\/fr\/wp-json\/wp\/v2\/types\/page"}],"author":[{"embeddable":true,"href":"https:\/\/hdcarmouredcable.com\/fr\/wp-json\/wp\/v2\/users\/1"}],"replies":[{"embeddable":true,"href":"https:\/\/hdcarmouredcable.com\/fr\/wp-json\/wp\/v2\/comments?post=2487"}],"version-history":[{"count":19,"href":"https:\/\/hdcarmouredcable.com\/fr\/wp-json\/wp\/v2\/pages\/2487\/revisions"}],"predecessor-version":[{"id":9444,"href":"https:\/\/hdcarmouredcable.com\/fr\/wp-json\/wp\/v2\/pages\/2487\/revisions\/9444"}],"wp:attachment":[{"href":"https:\/\/hdcarmouredcable.com\/fr\/wp-json\/wp\/v2\/media?parent=2487"}],"curies":[{"name":"wp","href":"https:\/\/api.w.org\/{rel}","templated":true}]}}