{"id":2978,"date":"2019-11-11T11:29:28","date_gmt":"2019-11-11T03:29:28","guid":{"rendered":"https:\/\/hdcarmouredcable.com\/?page_id=2978"},"modified":"2023-07-21T15:21:16","modified_gmt":"2023-07-21T07:21:16","slug":"aluminum-duplex-service-drop-cable","status":"publish","type":"page","link":"https:\/\/hdcarmouredcable.com\/fr\/cable-de-descente-de-service-duplex-en-aluminium\/","title":{"rendered":"0.6\/1kv XLPE aluminium urd duplex service drop cable"},"content":{"rendered":"<h2>Les diff\u00e9rents noms des c\u00e2bles de branchement duplex dans le monde<\/h2>\n<p>Le c\u00e2ble de branchement duplex est l'un des types de c\u00e2bles suivants <a href=\"https:\/\/hdcarmouredcable.com\/fr\/4c-abc-cable-malaysia\/\" target=\"_blank\" rel=\"noopener noreferrer\">abc cable<\/a>. Tout d'abord, il est principalement utilis\u00e9 pour le transport a\u00e9rien de l'\u00e9lectricit\u00e9. Habituellement, le c\u00e2ble duplex abc 0,6\/1kv est \u00e0 basse tension, tandis que le c\u00e2ble urd en aluminium de plus de 1kv est un c\u00e2ble abc de tension moyenne sup\u00e9rieure. Par cons\u00e9quent, lorsque vous achetez un c\u00e2ble duplex en aluminium, vous devez vous conformer \u00e0 la tension. En m\u00eame temps, en Asie, les gens l'appellent c\u00e2ble \u00e0 boucles a\u00e9riennes ou c\u00e2ble \u00e0 boucles a\u00e9riennes ou c\u00e2ble a\u00e9rien.<\/p>\n<p><img loading=\"lazy\" decoding=\"async\" class=\"aligncenter size-full wp-image-2980\" src=\"https:\/\/hdcarmouredcable.com\/wp-content\/uploads\/2019\/11\/duplex-service-cable.png\" alt=\"c\u00e2ble de service duplex\" width=\"595\" height=\"423\" srcset=\"https:\/\/hdcarmouredcable.com\/wp-content\/uploads\/2019\/11\/duplex-service-cable.png 595w, https:\/\/hdcarmouredcable.com\/wp-content\/uploads\/2019\/11\/duplex-service-cable-300x213.png 300w\" sizes=\"auto, (max-width: 595px) 100vw, 595px\" \/><\/p>\n<p style=\"text-align: center;\"><span class=\"su-lightbox\" data-mfp-src=\"#popmake-form\" data-mfp-type=\"inline\" data-mobile=\"yes\"><button class=\"btn btn-danger btn-sm\" ><i class=\"glyphicon glyphicon-ok-sign\" style=\"color:#eeee22;\"><\/i> Obtenir le prix du c\u00e2ble de service duplex<\/button><\/span>\n<p>Mais en Am\u00e9rique du Sud, ce c\u00e2ble est appel\u00e9 c\u00e2ble d'aluminium ou c\u00e2ble de branchement. Par cons\u00e9quent, si vous \u00eates le duplex<a href=\"https:\/\/hdcarmouredcable.com\/fr\/service-drop-wire-price-philippines\/\" target=\"_blank\" rel=\"noopener noreferrer\"> c\u00e2ble de branchement<\/a> fabrication, vous devez apprendre \u00e0 nettoyer le nom des c\u00e2bles abc dans les diff\u00e9rents pays.<\/p>\n<h2>0.6\/1kv XLPE aluminium urd cable<\/h2>\n<p>Norme : ICEA S-76-474, etc.<br \/>\nConducteur : Torsad\u00e9 tout aluminium 1350.<br \/>\nIsolation des conducteurs de phase : XLPE et PVC.<br \/>\nConducteur neutre : AAC, AAAC, ACSR, etc.<br \/>\nTension : 0,6\/1KV.<\/p>\n<p>Le conducteur de phase est en alliage d'aluminium 1350-H19, \u00e9tir\u00e9, compress\u00e9, concentrique et toronn\u00e9.<br \/>\nConducteur neutre Les c\u00e2bles de construction sont disponibles avec les conducteurs neutres suivants :<br \/>\nConducteurs AAC, renforc\u00e9s par de l'acier enrob\u00e9 (ACSR), c\u00e2bl\u00e9s concentriques<br \/>\nAlliage d'aluminium 1350-H19 \u00e9tir\u00e9s, c\u00e2bl\u00e9s concentriques<br \/>\nAlliage d'aluminium 6201-T81, toron concentrique.<\/p>\n<div class=\"row\">\n<div class=\"col-lg-6 col-md-12 col-xs-12 col-sm-12\">\n<p><img loading=\"lazy\" decoding=\"async\" class=\"aligncenter size-full wp-image-2990\" src=\"https:\/\/hdcarmouredcable.com\/wp-content\/uploads\/2019\/11\/duplex-urd-wire.jpg\" alt=\"duplex-urd-wire\" width=\"180\" height=\"300\" \/><\/p>\n<\/div>\n<div class=\"col-lg-6 col-md-12 col-xs-12 col-sm-12\">\n<h2>C\u00e2ble duplex en aluminium urd nom de code article<\/h2>\n<p>8-8 Bard duplex URD Wire (enfouissement direct)<br \/>\n6-6 Bard duplex URD Wire (enfouissement direct)<br \/>\n4-4 Bard duplex URD Wire (enfouissement direct)<br \/>\n2-2 Bard duplex URD Wire (enfouissement direct)<\/p>\n<p style=\"text-align: center;\"><span class=\"su-lightbox\" data-mfp-src=\"#popmake-form\" data-mfp-type=\"inline\" data-mobile=\"yes\"><button class=\"btn btn-danger btn-sm\" ><i class=\"glyphicon glyphicon-ok-sign\" style=\"color:#eeee22;\"><\/i> Obtenir le prix d'un c\u00e2ble en aluminium<\/button><\/span>\n<\/div>\n<\/div>\n<h2>Mat\u00e9riau d'isolation du c\u00e2ble urd en aluminium<\/h2>\n<p>L'isolation standard du c\u00e2ble URD sur le conducteur de phase est du poly\u00e9thyl\u00e8ne r\u00e9ticul\u00e9 de basse densit\u00e9 (XLPE) noir.<br \/>\nL'isolation en poly\u00e9thyl\u00e8ne basse densit\u00e9 lin\u00e9aire (LLDPE) noir avec une temp\u00e9rature nominale de 75\u00b0C est \u00e9galement disponible sur demande.<\/p>\n<h2>aac abc drop wire code name paramter<\/h2>\n<p>Lorsque vous achetez un c\u00e2ble abc, vous devez conna\u00eetre les param\u00e8tres techniques d\u00e9taill\u00e9s. Ainsi, le m\u00e8tre suivant est principalement adapt\u00e9 \u00e0 la norme am\u00e9ricaine.<\/p>\n<p><img loading=\"lazy\" decoding=\"async\" class=\"aligncenter size-full wp-image-2979\" src=\"https:\/\/hdcarmouredcable.com\/wp-content\/uploads\/2019\/11\/aluminum-duplex-service-drop-wire.png\" alt=\"fil de descente de service duplex en aluminium\" width=\"385\" height=\"190\" srcset=\"https:\/\/hdcarmouredcable.com\/wp-content\/uploads\/2019\/11\/aluminum-duplex-service-drop-wire.png 385w, https:\/\/hdcarmouredcable.com\/wp-content\/uploads\/2019\/11\/aluminum-duplex-service-drop-wire-300x148.png 300w\" sizes=\"auto, (max-width: 385px) 100vw, 385px\" \/><\/p>\n<p style=\"text-align: center;\"><span class=\"su-lightbox\" data-mfp-src=\"#popmake-form\" data-mfp-type=\"inline\" data-mobile=\"yes\"><button class=\"btn btn-danger btn-sm\" ><i class=\"glyphicon glyphicon-ok-sign\" style=\"color:#eeee22;\"><\/i> Obtenir le prix du c\u00e2ble de service duplex<\/button><\/span>\n<p>Les noms sont des noms de code, tels que : haiotis petella oyster clam et ainsi de suite. Par cons\u00e9quent, lorsque vous achetez le c\u00e2ble, vous n'avez qu'\u00e0 indiquer les d\u00e9tails du nom de code au fabricant du c\u00e2ble en aluminium, qui vous fournira la liste de prix des c\u00e2bles. Si vous souhaitez acheter un c\u00e2ble, veuillez contacter le groupe huadong cable, nous vous fournirons les prix comp\u00e9titifs de l'usine.<\/p>\n<table width=\"694\">\n<tbody>\n<tr>\n<td colspan=\"3\" width=\"342\">Conducteur de phase AAC<\/td>\n<td colspan=\"2\" width=\"208\">AAC Neutral Messenger<\/td>\n<td colspan=\"2\" width=\"144\">Ampacit\u00e9<\/td>\n<\/tr>\n<tr>\n<td width=\"155\">AWG ou Kcmil<\/td>\n<td width=\"86\">Nombre de brins<\/td>\n<td width=\"101\">Epaisseur de l'isolation Mils<\/td>\n<td width=\"136\">AWG ou Kcmil<\/td>\n<td width=\"72\">Nombre de brins<\/td>\n<td width=\"72\">Pe 75\u00b0C<\/td>\n<td width=\"72\">Xlpe 90\u00b0C<\/td>\n<\/tr>\n<tr>\n<td width=\"155\">Haiotis<\/td>\n<td width=\"86\">6<\/td>\n<td width=\"101\">1<\/td>\n<td width=\"136\">45<\/td>\n<td width=\"72\">6<\/td>\n<td width=\"72\">103.8<\/td>\n<td width=\"72\">59<\/td>\n<\/tr>\n<tr>\n<td width=\"155\">Petella<\/td>\n<td width=\"86\">6<\/td>\n<td width=\"101\">7<\/td>\n<td width=\"136\">45<\/td>\n<td width=\"72\">6<\/td>\n<td width=\"72\">111.7<\/td>\n<td width=\"72\">59<\/td>\n<\/tr>\n<tr>\n<td width=\"155\">Fususus<\/td>\n<td width=\"86\">4<\/td>\n<td width=\"101\">1<\/td>\n<td width=\"136\">45<\/td>\n<td width=\"72\">4<\/td>\n<td width=\"72\">153.2<\/td>\n<td width=\"72\">78<\/td>\n<\/tr>\n<tr>\n<td width=\"155\">Hu\u00eetre<\/td>\n<td width=\"86\">4<\/td>\n<td width=\"101\">7<\/td>\n<td width=\"136\">45<\/td>\n<td width=\"72\">4<\/td>\n<td width=\"72\">163.9<\/td>\n<td width=\"72\">78<\/td>\n<\/tr>\n<tr>\n<td width=\"155\">Palourde<\/td>\n<td width=\"86\">2<\/td>\n<td width=\"101\">7<\/td>\n<td width=\"136\">45<\/td>\n<td width=\"72\">2<\/td>\n<td width=\"72\">245.9<\/td>\n<td width=\"72\">106<\/td>\n<\/tr>\n<\/tbody>\n<\/table>\n<p style=\"text-align: center;\"><span class=\"su-lightbox\" data-mfp-src=\"#popmake-form\" data-mfp-type=\"inline\" data-mobile=\"yes\"><button class=\"btn btn-danger btn-sm\" ><i class=\"glyphicon glyphicon-ok-sign\" style=\"color:#eeee22;\"><\/i> Obtenir le prix d'un c\u00e2ble en aluminium<\/button><\/span>\n<p><img loading=\"lazy\" decoding=\"async\" class=\"aligncenter size-full wp-image-2991\" src=\"https:\/\/hdcarmouredcable.com\/wp-content\/uploads\/2019\/11\/Duplex-Service-drop-cable-price-for-sales.jpg\" alt=\"Prix de vente du c\u00e2ble Duplex-Service-drop-cable\" width=\"830\" height=\"200\" srcset=\"https:\/\/hdcarmouredcable.com\/wp-content\/uploads\/2019\/11\/Duplex-Service-drop-cable-price-for-sales.jpg 830w, https:\/\/hdcarmouredcable.com\/wp-content\/uploads\/2019\/11\/Duplex-Service-drop-cable-price-for-sales-300x72.jpg 300w, https:\/\/hdcarmouredcable.com\/wp-content\/uploads\/2019\/11\/Duplex-Service-drop-cable-price-for-sales-768x185.jpg 768w, https:\/\/hdcarmouredcable.com\/wp-content\/uploads\/2019\/11\/Duplex-Service-drop-cable-price-for-sales-600x145.jpg 600w\" sizes=\"auto, (max-width: 830px) 100vw, 830px\" \/><\/p>\n<p class=\"wpcf7-contact-form-not-found\"><strong>Erreur :<\/strong> Formulaire de contact non trouv\u00e9 !<\/p>\n<div class=\"su-lightbox-content su-u-trim\" id=\"popmake-form\" style=\"display:none;width:65%;min-width:none;max-width:600px;margin-top:40px;margin-bottom:40px;padding:20px;background:#FFFFFF;color:#333333;box-shadow:0px 0px 15px #333333;text-align:left\">\n<div class=\"wpcf7 no-js\" id=\"wpcf7-f5800-o1\" lang=\"en-US\" dir=\"ltr\" data-wpcf7-id=\"5800\">\n<div class=\"screen-reader-response\"><p role=\"status\" aria-live=\"polite\" aria-atomic=\"true\"><\/p> <ul><\/ul><\/div>\n<form action=\"\/fr\/wp-json\/wp\/v2\/pages\/2978#wpcf7-f5800-o1\" method=\"post\" class=\"wpcf7-form init\" aria-label=\"Formulaire de contact\" novalidate=\"novalidate\" data-status=\"init\" data-trp-original-action=\"\/fr\/wp-json\/wp\/v2\/pages\/2978#wpcf7-f5800-o1\">\n<div style=\"display: none;\">\n<input type=\"hidden\" name=\"_wpcf7\" value=\"5800\" \/>\n<input type=\"hidden\" name=\"_wpcf7_version\" value=\"6.0.6\" \/>\n<input type=\"hidden\" name=\"_wpcf7_locale\" value=\"en_US\" \/>\n<input type=\"hidden\" name=\"_wpcf7_unit_tag\" value=\"wpcf7-f5800-o1\" \/>\n<input type=\"hidden\" name=\"_wpcf7_container_post\" value=\"0\" \/>\n<input type=\"hidden\" name=\"_wpcf7_posted_data_hash\" value=\"\" \/>\n<\/div>\n<div class=\"popmakerform\">\n\t<h3>Obtenir un devis gratuit\n\t<\/h3>\n\t<p>Travaillons ensemble sur votre projet par e-mail : <a href=\"mailto:info@hdcarmouredcable.com\" rel=\"nofollow\">info@hdcarmouredcable.com<\/a>\n\t<\/p>\n\t<p>Produit int\u00e9ress\u00e9 <span style=\"color:red;\">*<span><br \/>\n<span class=\"wpcf7-form-control-wrap\" data-name=\"item\"><input size=\"40\" maxlength=\"400\" class=\"wpcf7-form-control wpcf7-text\" id=\"item\" aria-invalid=\"false\" value=\"\" type=\"text\" name=\"item\" \/><\/span><\/span><\/span>\n\t<\/p>\n\t<p>Votre nom <span style=\"color:red;\">*<span><br \/>\n<span class=\"wpcf7-form-control-wrap\" data-name=\"your-name\"><input size=\"40\" maxlength=\"400\" class=\"wpcf7-form-control wpcf7-text wpcf7-validates-as-required\" aria-required=\"true\" aria-invalid=\"false\" value=\"\" type=\"text\" name=\"your-name\" \/><\/span><\/span><\/span>\n\t<\/p>\n\t<p>Votre courriel <span style=\"color:red;\">*<span><br \/>\n<span class=\"wpcf7-form-control-wrap\" data-name=\"your-email\"><input size=\"40\" maxlength=\"400\" class=\"wpcf7-form-control wpcf7-email wpcf7-validates-as-required wpcf7-text wpcf7-validates-as-email\" aria-required=\"true\" aria-invalid=\"false\" value=\"\" type=\"email\" name=\"your-email\" \/><\/span><\/span><\/span>\n\t<\/p>\n\t<p>Votre num\u00e9ro de t\u00e9l\u00e9phone (inclure l'indicatif r\u00e9gional)<br \/>\n<span class=\"wpcf7-form-control-wrap\" data-name=\"your-phone\"><input size=\"40\" maxlength=\"400\" class=\"wpcf7-form-control wpcf7-text\" aria-invalid=\"false\" value=\"\" type=\"text\" name=\"your-phone\" \/><\/span>\n\t<\/p>\n\t<p>Votre pays<br \/>\n<span class=\"wpcf7-form-control-wrap\" data-name=\"your-country\"><input size=\"40\" maxlength=\"400\" class=\"wpcf7-form-control wpcf7-text\" aria-invalid=\"false\" value=\"\" type=\"text\" name=\"your-country\" \/><\/span>\n\t<\/p>\n\t<p>Exigence d\u00e9taill\u00e9e <span style=\"color:red;\">*<span><br \/>\n<span class=\"wpcf7-form-control-wrap\" data-name=\"your-requirement\"><textarea cols=\"40\" rows=\"5\" maxlength=\"2000\" class=\"wpcf7-form-control wpcf7-textarea wpcf7-validates-as-required\" aria-required=\"true\" aria-invalid=\"false\" placeholder=\"Pour un devis d\u00e9taill\u00e9, veuillez nous envoyer votre demande d\u00e9taill\u00e9e. *\" name=\"your-requirement\"><\/textarea><\/span><\/span><\/span>\n\t<\/p>\n\t<p><input class=\"wpcf7-form-control wpcf7-submit has-spinner\" type=\"submit\" value=\"Obtenir un devis\" \/>\n\t<\/p>\n<\/div><input type='hidden' class='wpcf7-pum' value='{\"closepopup\":false,\"closedelay\":0,\"openpopup\":false,\"openpopup_id\":0}' \/><div class=\"wpcf7-response-output\" aria-hidden=\"true\"><\/div>\n<input type=\"hidden\" name=\"trp-form-language\" value=\"fr\"\/><\/form>\n<\/div>\n<\/div>","protected":false},"excerpt":{"rendered":"<p>Les diff\u00e9rents noms du c\u00e2ble de branchement duplex dans le monde Le c\u00e2ble de branchement duplex est l'un des types de c\u00e2bles abc. Tout d'abord, il est principalement utilis\u00e9 pour le transport a\u00e9rien de l'\u00e9lectricit\u00e9. Habituellement, le c\u00e2ble abc duplex 0,6\/1kv est un c\u00e2ble basse tension, tandis que le c\u00e2ble urd en aluminium de plus de 1kv est un c\u00e2ble abc de tension moyenne sup\u00e9rieure. Par cons\u00e9quent, lorsque vous achetez le c\u00e2ble duplex ... <a class=\"read-more\" href=\"https:\/\/hdcarmouredcable.com\/fr\/cable-de-descente-de-service-duplex-en-aluminium\/\">Lire plus...<\/a><\/p>","protected":false},"author":1,"featured_media":0,"parent":0,"menu_order":0,"comment_status":"closed","ping_status":"closed","template":"","meta":{"_joinchat":[],"footnotes":""},"class_list":["post-2978","page","type-page","status-publish"],"yoast_head":"<!-- This site is optimized with the Yoast SEO plugin v25.1 - https:\/\/yoast.com\/wordpress\/plugins\/seo\/ -->\n<title>XLPE 1350 Aluminum URD Duplex Service Drop Cable with AAC ACSR<\/title>\n<meta name=\"description\" content=\"factory direct sales the Aluminum 1350 aluminm URD duplex service drop cable, cand customized Haiotis Petella Fusus Oyster Murex URD Cable.\" \/>\n<meta name=\"robots\" content=\"index, follow, max-snippet:-1, max-image-preview:large, max-video-preview:-1\" \/>\n<link rel=\"canonical\" href=\"https:\/\/hdcarmouredcable.com\/fr\/cable-de-descente-de-service-duplex-en-aluminium\/\" \/>\n<meta property=\"og:locale\" content=\"fr_FR\" \/>\n<meta property=\"og:type\" content=\"article\" \/>\n<meta property=\"og:title\" content=\"XLPE 1350 Aluminum URD Duplex Service Drop Cable with AAC ACSR\" \/>\n<meta property=\"og:description\" content=\"factory direct sales the Aluminum 1350 aluminm URD duplex service drop cable, cand customized Haiotis Petella Fusus Oyster Murex URD Cable.\" \/>\n<meta property=\"og:url\" content=\"https:\/\/hdcarmouredcable.com\/fr\/cable-de-descente-de-service-duplex-en-aluminium\/\" \/>\n<meta property=\"og:site_name\" content=\"Huadong Armoured Cable Group\" \/>\n<meta property=\"article:publisher\" content=\"https:\/\/www.facebook.com\/lily.ding.52\" \/>\n<meta property=\"article:modified_time\" content=\"2023-07-21T07:21:16+00:00\" \/>\n<meta property=\"og:image\" content=\"https:\/\/hdcarmouredcable.com\/wp-content\/uploads\/2019\/11\/duplex-service-cable.png\" \/>\n<meta name=\"twitter:card\" content=\"summary_large_image\" \/>\n<meta name=\"twitter:label1\" content=\"Dur\u00e9e de lecture estim\u00e9e\" \/>\n\t<meta name=\"twitter:data1\" content=\"3 minutes\" \/>\n<script type=\"application\/ld+json\" class=\"yoast-schema-graph\">{\"@context\":\"https:\/\/schema.org\",\"@graph\":[{\"@type\":\"WebPage\",\"@id\":\"https:\/\/hdcarmouredcable.com\/aluminum-duplex-service-drop-cable\/\",\"url\":\"https:\/\/hdcarmouredcable.com\/aluminum-duplex-service-drop-cable\/\",\"name\":\"XLPE 1350 Aluminum URD Duplex Service Drop Cable with AAC ACSR\",\"isPartOf\":{\"@id\":\"https:\/\/hdcarmouredcable.com\/#website\"},\"primaryImageOfPage\":{\"@id\":\"https:\/\/hdcarmouredcable.com\/aluminum-duplex-service-drop-cable\/#primaryimage\"},\"image\":{\"@id\":\"https:\/\/hdcarmouredcable.com\/aluminum-duplex-service-drop-cable\/#primaryimage\"},\"thumbnailUrl\":\"https:\/\/hdcarmouredcable.com\/wp-content\/uploads\/2019\/11\/duplex-service-cable.png\",\"datePublished\":\"2019-11-11T03:29:28+00:00\",\"dateModified\":\"2023-07-21T07:21:16+00:00\",\"description\":\"factory direct sales the Aluminum 1350 aluminm URD duplex service drop cable, cand customized Haiotis Petella Fusus Oyster Murex URD Cable.\",\"inLanguage\":\"fr-FR\",\"potentialAction\":[{\"@type\":\"ReadAction\",\"target\":[\"https:\/\/hdcarmouredcable.com\/aluminum-duplex-service-drop-cable\/\"]}]},{\"@type\":\"ImageObject\",\"inLanguage\":\"fr-FR\",\"@id\":\"https:\/\/hdcarmouredcable.com\/aluminum-duplex-service-drop-cable\/#primaryimage\",\"url\":\"https:\/\/hdcarmouredcable.com\/wp-content\/uploads\/2019\/11\/duplex-service-cable.png\",\"contentUrl\":\"https:\/\/hdcarmouredcable.com\/wp-content\/uploads\/2019\/11\/duplex-service-cable.png\"},{\"@type\":\"WebSite\",\"@id\":\"https:\/\/hdcarmouredcable.com\/#website\",\"url\":\"https:\/\/hdcarmouredcable.com\/\",\"name\":\"Huadong Armoured Cable Group\",\"description\":\"professional steel wire armoured cable manufacturer\",\"publisher\":{\"@id\":\"https:\/\/hdcarmouredcable.com\/#organization\"},\"potentialAction\":[{\"@type\":\"SearchAction\",\"target\":{\"@type\":\"EntryPoint\",\"urlTemplate\":\"https:\/\/hdcarmouredcable.com\/?s={search_term_string}\"},\"query-input\":{\"@type\":\"PropertyValueSpecification\",\"valueRequired\":true,\"valueName\":\"search_term_string\"}}],\"inLanguage\":\"fr-FR\"},{\"@type\":\"Organization\",\"@id\":\"https:\/\/hdcarmouredcable.com\/#organization\",\"name\":\"Huadong Cable Group\",\"url\":\"https:\/\/hdcarmouredcable.com\/\",\"logo\":{\"@type\":\"ImageObject\",\"inLanguage\":\"fr-FR\",\"@id\":\"https:\/\/hdcarmouredcable.com\/#\/schema\/logo\/image\/\",\"url\":\"https:\/\/hdcarmouredcable.com\/wp-content\/uploads\/2022\/07\/Huadong-log.png\",\"contentUrl\":\"https:\/\/hdcarmouredcable.com\/wp-content\/uploads\/2022\/07\/Huadong-log.png\",\"width\":860,\"height\":860,\"caption\":\"Huadong Cable Group\"},\"image\":{\"@id\":\"https:\/\/hdcarmouredcable.com\/#\/schema\/logo\/image\/\"},\"sameAs\":[\"https:\/\/www.facebook.com\/lily.ding.52\",\"https:\/\/www.linkedin.com\/in\/lilyxlpecable\/\"]}]}<\/script>\n<!-- \/ Yoast SEO plugin. -->","yoast_head_json":{"title":"XLPE 1350 Aluminium URD Duplex Service Drop Cable with AAC ACSR","description":"Vente directe en usine du c\u00e2ble URD duplex en aluminium 1350, c\u00e2ble URD Haiotis Petella Fusus Oyster Murex personnalis\u00e9.","robots":{"index":"index","follow":"follow","max-snippet":"max-snippet:-1","max-image-preview":"max-image-preview:large","max-video-preview":"max-video-preview:-1"},"canonical":"https:\/\/hdcarmouredcable.com\/fr\/cable-de-descente-de-service-duplex-en-aluminium\/","og_locale":"fr_FR","og_type":"article","og_title":"XLPE 1350 Aluminum URD Duplex Service Drop Cable with AAC ACSR","og_description":"factory direct sales the Aluminum 1350 aluminm URD duplex service drop cable, cand customized Haiotis Petella Fusus Oyster Murex URD Cable.","og_url":"https:\/\/hdcarmouredcable.com\/fr\/cable-de-descente-de-service-duplex-en-aluminium\/","og_site_name":"Huadong Armoured Cable Group","article_publisher":"https:\/\/www.facebook.com\/lily.ding.52","article_modified_time":"2023-07-21T07:21:16+00:00","og_image":[{"url":"https:\/\/hdcarmouredcable.com\/wp-content\/uploads\/2019\/11\/duplex-service-cable.png","type":"","width":"","height":""}],"twitter_card":"summary_large_image","twitter_misc":{"Dur\u00e9e de lecture estim\u00e9e":"3 minutes"},"schema":{"@context":"https:\/\/schema.org","@graph":[{"@type":"WebPage","@id":"https:\/\/hdcarmouredcable.com\/aluminum-duplex-service-drop-cable\/","url":"https:\/\/hdcarmouredcable.com\/aluminum-duplex-service-drop-cable\/","name":"XLPE 1350 Aluminium URD Duplex Service Drop Cable with AAC ACSR","isPartOf":{"@id":"https:\/\/hdcarmouredcable.com\/#website"},"primaryImageOfPage":{"@id":"https:\/\/hdcarmouredcable.com\/aluminum-duplex-service-drop-cable\/#primaryimage"},"image":{"@id":"https:\/\/hdcarmouredcable.com\/aluminum-duplex-service-drop-cable\/#primaryimage"},"thumbnailUrl":"https:\/\/hdcarmouredcable.com\/wp-content\/uploads\/2019\/11\/duplex-service-cable.png","datePublished":"2019-11-11T03:29:28+00:00","dateModified":"2023-07-21T07:21:16+00:00","description":"Vente directe en usine du c\u00e2ble URD duplex en aluminium 1350, c\u00e2ble URD Haiotis Petella Fusus Oyster Murex personnalis\u00e9.","inLanguage":"fr-FR","potentialAction":[{"@type":"ReadAction","target":["https:\/\/hdcarmouredcable.com\/aluminum-duplex-service-drop-cable\/"]}]},{"@type":"ImageObject","inLanguage":"fr-FR","@id":"https:\/\/hdcarmouredcable.com\/aluminum-duplex-service-drop-cable\/#primaryimage","url":"https:\/\/hdcarmouredcable.com\/wp-content\/uploads\/2019\/11\/duplex-service-cable.png","contentUrl":"https:\/\/hdcarmouredcable.com\/wp-content\/uploads\/2019\/11\/duplex-service-cable.png"},{"@type":"WebSite","@id":"https:\/\/hdcarmouredcable.com\/#website","url":"https:\/\/hdcarmouredcable.com\/","name":"Huadong Armoured Cable Group","description":"fabricant professionnel de c\u00e2bles arm\u00e9s en fil d'acier","publisher":{"@id":"https:\/\/hdcarmouredcable.com\/#organization"},"potentialAction":[{"@type":"SearchAction","target":{"@type":"EntryPoint","urlTemplate":"https:\/\/hdcarmouredcable.com\/?s={search_term_string}"},"query-input":{"@type":"PropertyValueSpecification","valueRequired":true,"valueName":"search_term_string"}}],"inLanguage":"fr-FR"},{"@type":"Organization","@id":"https:\/\/hdcarmouredcable.com\/#organization","name":"Groupe Huadong Cable","url":"https:\/\/hdcarmouredcable.com\/","logo":{"@type":"ImageObject","inLanguage":"fr-FR","@id":"https:\/\/hdcarmouredcable.com\/#\/schema\/logo\/image\/","url":"https:\/\/hdcarmouredcable.com\/wp-content\/uploads\/2022\/07\/Huadong-log.png","contentUrl":"https:\/\/hdcarmouredcable.com\/wp-content\/uploads\/2022\/07\/Huadong-log.png","width":860,"height":860,"caption":"Huadong Cable Group"},"image":{"@id":"https:\/\/hdcarmouredcable.com\/#\/schema\/logo\/image\/"},"sameAs":["https:\/\/www.facebook.com\/lily.ding.52","https:\/\/www.linkedin.com\/in\/lilyxlpecable\/"]}]}},"amp_enabled":true,"_links":{"self":[{"href":"https:\/\/hdcarmouredcable.com\/fr\/wp-json\/wp\/v2\/pages\/2978","targetHints":{"allow":["GET"]}}],"collection":[{"href":"https:\/\/hdcarmouredcable.com\/fr\/wp-json\/wp\/v2\/pages"}],"about":[{"href":"https:\/\/hdcarmouredcable.com\/fr\/wp-json\/wp\/v2\/types\/page"}],"author":[{"embeddable":true,"href":"https:\/\/hdcarmouredcable.com\/fr\/wp-json\/wp\/v2\/users\/1"}],"replies":[{"embeddable":true,"href":"https:\/\/hdcarmouredcable.com\/fr\/wp-json\/wp\/v2\/comments?post=2978"}],"version-history":[{"count":13,"href":"https:\/\/hdcarmouredcable.com\/fr\/wp-json\/wp\/v2\/pages\/2978\/revisions"}],"predecessor-version":[{"id":9434,"href":"https:\/\/hdcarmouredcable.com\/fr\/wp-json\/wp\/v2\/pages\/2978\/revisions\/9434"}],"wp:attachment":[{"href":"https:\/\/hdcarmouredcable.com\/fr\/wp-json\/wp\/v2\/media?parent=2978"}],"curies":[{"name":"wp","href":"https:\/\/api.w.org\/{rel}","templated":true}]}}