{"id":3149,"date":"2019-12-13T16:03:17","date_gmt":"2019-12-13T08:03:17","guid":{"rendered":"https:\/\/hdcarmouredcable.com\/?page_id=3149"},"modified":"2023-07-25T15:41:27","modified_gmt":"2023-07-25T07:41:27","slug":"opgw-hardware-fittings","status":"publish","type":"page","link":"https:\/\/hdcarmouredcable.com\/fr\/opgw-articles-de-quincaillerie-raccords\/","title":{"rendered":"amortisseur de vibrations collier de suspension pour opgw 100, 115 110, 108 50 mm2 quincaillerie"},"content":{"rendered":"<h2>\u00a0Application de 50mm2 100mm2 115mm2 108mm2 110mm2 opgw hardware fittings<\/h2>\n<p>Bien que les ferrures opgw fassent partie d'un type d'accessoires pour c\u00e2bles. Mais la pince de suspension opgw est principalement utilis\u00e9e pour la ligne de c\u00e2ble OPGW qui passe par l'angle, la tension et la port\u00e9e de la tour terminale.<\/p>\n<h2><img loading=\"lazy\" decoding=\"async\" class=\"aligncenter size-full wp-image-3150\" src=\"https:\/\/hdcarmouredcable.com\/wp-content\/uploads\/2019\/12\/used-for-opgw-hardware-fittings.jpg\" alt=\"used-for-opgw-hardware-fittings\" width=\"804\" height=\"528\" srcset=\"https:\/\/hdcarmouredcable.com\/wp-content\/uploads\/2019\/12\/used-for-opgw-hardware-fittings.jpg 804w, https:\/\/hdcarmouredcable.com\/wp-content\/uploads\/2019\/12\/used-for-opgw-hardware-fittings-300x197.jpg 300w, https:\/\/hdcarmouredcable.com\/wp-content\/uploads\/2019\/12\/used-for-opgw-hardware-fittings-768x504.jpg 768w, https:\/\/hdcarmouredcable.com\/wp-content\/uploads\/2019\/12\/used-for-opgw-hardware-fittings-600x394.jpg 600w\" sizes=\"auto, (max-width: 804px) 100vw, 804px\" \/><\/h2>\n<p style=\"text-align: center;\"><span class=\"su-lightbox\" data-mfp-src=\"#popmake-form\" data-mfp-type=\"inline\" data-mobile=\"yes\"><button class=\"btn btn-danger btn-sm\" ><i class=\"glyphicon glyphicon-ok-sign\" style=\"color:#eeee22;\"><\/i> Obtenir le prix de la pince opgw<\/button><\/span><a class=\"btn btn-danger btn-sm\" href=\"mailto:info@hdcarmouredcable.com\"  rel=\"\"  target=\"_self\"><i class=\"fa fa-envelope-o\" style=\"color:#eeee22;\"><\/i> info@hdcarmouredcable.com<\/a>\n<p>Les raccords opgw ne conviennent pas seulement pour suspendre les c\u00e2bles a\u00e9riens, mais les pinces de suspension opgw sont \u00e9galement utilis\u00e9es pour fixer, installer ou tirer les c\u00e2bles OPGW pendant la construction. En m\u00eame temps, la quincaillerie opgw comprend de nombreux types. Par exemple, l'ensemble de suspension double pour c\u00e2ble OPGW, la pince pour c\u00e2ble OPGW, l'amortisseur de vibrations pour c\u00e2ble OPGW, la pince pour c\u00e2ble OPGW. Les applications sont \u00e9galement nombreuses, comme le <a href=\"https:\/\/insulatorlineclamp.com\/dead-end-clamp-for-abc-cable\/\" target=\"_blank\" rel=\"noopener noreferrer\">abc dead end clamp.<\/a><\/p>\n<h2>Les avantages de l'ensemble de suspension double pour 50mm2 100mm2 115mm2 108mm2 110mm2 OPGW de huadong<\/h2>\n<p><img loading=\"lazy\" decoding=\"async\" class=\"aligncenter size-full wp-image-3152\" src=\"https:\/\/hdcarmouredcable.com\/wp-content\/uploads\/2019\/12\/OPGW-Suspension-set.jpg\" alt=\"OPGW Kit de suspension\" width=\"942\" height=\"361\" srcset=\"https:\/\/hdcarmouredcable.com\/wp-content\/uploads\/2019\/12\/OPGW-Suspension-set.jpg 942w, https:\/\/hdcarmouredcable.com\/wp-content\/uploads\/2019\/12\/OPGW-Suspension-set-300x115.jpg 300w, https:\/\/hdcarmouredcable.com\/wp-content\/uploads\/2019\/12\/OPGW-Suspension-set-768x294.jpg 768w, https:\/\/hdcarmouredcable.com\/wp-content\/uploads\/2019\/12\/OPGW-Suspension-set-600x230.jpg 600w\" sizes=\"auto, (max-width: 942px) 100vw, 942px\" \/><\/p>\n<p style=\"text-align: center;\"><span class=\"su-lightbox\" data-mfp-src=\"#popmake-form\" data-mfp-type=\"inline\" data-mobile=\"yes\"><button class=\"btn btn-danger btn-sm\" ><i class=\"glyphicon glyphicon-ok-sign\" style=\"color:#eeee22;\"><\/i> Obtenir le prix de la pince opgw<\/button><\/span><a class=\"btn btn-danger btn-sm\" href=\"mailto:info@hdcarmouredcable.com\"  rel=\"\"  target=\"_self\"><i class=\"fa fa-envelope-o\" style=\"color:#eeee22;\"><\/i> info@hdcarmouredcable.com<\/a>\n<p>Huadong ne se contente pas de produire des pinces de suspension OPGW et des ensembles de suspension OPGW \u00e0 l'\u00e9chelle internationale, mais peut \u00e9galement les personnaliser. Nous concevons l'ensemble de suspension double pour l'installation de l'OPGW sur les poteaux et les tours des lignes a\u00e9riennes, etc. En m\u00eame temps, le collier de suspension pour OPGW a un angle unilat\u00e9ral de 15C-18C. Ainsi, les raccords de quincaillerie OPGW peuvent prot\u00e9ger efficacement le conducteur pour notre presse. L'ensemble complet de suspension OPGW comprend les tiges pr\u00e9form\u00e9es int\u00e9rieures et ext\u00e9rieures, la pince de suspension pour OPGW. Ainsi, lorsque vous achetez des raccords OPGW, vous avez besoin de la pince de suspension OPGW et de la formation. Huadong produit ces doubles ensembles de suspension pour OPGW dont la r\u00e9sistance est sup\u00e9rieure de 10% \u00e0 20% \u00e0 la r\u00e9sistance \u00e0 la tension nominale.<\/p>\n<div class=\"row prodetails\">\n<h2>Jeu de pinces de suspension simple et double pour OPGW 50mm2 100mm2 115mm2 108mm2 110mm2<\/h2>\n<div class=\"col-lg-6 col-md-12 col-xs-12 col-sm-12\">\n<p><img loading=\"lazy\" decoding=\"async\" class=\"aligncenter size-full wp-image-3151\" src=\"https:\/\/hdcarmouredcable.com\/wp-content\/uploads\/2019\/12\/Suspension-OPGW.jpg\" alt=\"Suspension OPGW\" width=\"600\" height=\"334\" srcset=\"https:\/\/hdcarmouredcable.com\/wp-content\/uploads\/2019\/12\/Suspension-OPGW.jpg 600w, https:\/\/hdcarmouredcable.com\/wp-content\/uploads\/2019\/12\/Suspension-OPGW-300x167.jpg 300w\" sizes=\"auto, (max-width: 600px) 100vw, 600px\" \/><\/p>\n<\/div>\n<div class=\"col-lg-6 col-md-12 col-xs-12 col-sm-12\">\n<p>Les accessoires de quincaillerie OPGW comprennent la manille d'ancrage, la manille torsad\u00e9e, le collier de suspension, le collier de suspension OPGW, le collier de plomb pour OPGW, le collier de fil de terre et la tige d'amour de protection, etc.<br \/>\nSp\u00e9cifications<br \/>\nDiam\u00e8tre de la poign\u00e9e OPGW : Overall 115mm2, 110mm2, 108mm2, 50mm2.<br \/>\nNombre de fils : moins de 19<br \/>\nTige blind\u00e9e (int\u00e9rieure) : dia 3 mm x longueur 12 mm<br \/>\nSens de pose : (poids de la main droite : 0,650 (kg) et ainsi de suite.<br \/>\nTige blind\u00e9e (ext\u00e9rieure) : diam\u00e8tre 6,3 mm x longueur 7 mm, etc.<br \/>\nSens de la pose : (poids de la main gauche : 0,789 kg)<\/p>\n<p style=\"text-align: center;\"><span class=\"su-lightbox\" data-mfp-src=\"#popmake-form\" data-mfp-type=\"inline\" data-mobile=\"yes\"><button class=\"btn btn-danger btn-sm\" ><i class=\"glyphicon glyphicon-ok-sign\" style=\"color:#eeee22;\"><\/i> Obtenir le prix des accessoires pour c\u00e2bles a\u00e9riens en faisceau<\/button><\/span>\n<\/div>\n<\/div>\n<div class=\"row\">\n<h3>Amortisseur de vibrations de 50mm2 100mm2 115mm2 108mm2 110mm2 raccords opgw<\/h3>\n<div class=\"col-lg-6 col-md-12 col-xs-12 col-sm-12\">\n<p><img loading=\"lazy\" decoding=\"async\" class=\"aligncenter size-full wp-image-3153\" src=\"https:\/\/hdcarmouredcable.com\/wp-content\/uploads\/2019\/12\/OPGW-vibration-damper.jpg\" alt=\"Amortisseur de vibrations OPGW\" width=\"437\" height=\"174\" srcset=\"https:\/\/hdcarmouredcable.com\/wp-content\/uploads\/2019\/12\/OPGW-vibration-damper.jpg 437w, https:\/\/hdcarmouredcable.com\/wp-content\/uploads\/2019\/12\/OPGW-vibration-damper-300x119.jpg 300w\" sizes=\"auto, (max-width: 437px) 100vw, 437px\" \/><\/p>\n<\/div>\n<div class=\"col-lg-6 col-md-12 col-xs-12 col-sm-12\">\n<p>Cet amortisseur de vibrations est l'un des types de pinces de suspension opgw. Il comprend un marteau en fonte galvanis\u00e9e \u00e0 chaud de haute qualit\u00e9, un fil torsad\u00e9 en acier galvanis\u00e9 \u00e0 chaud, etc. Huadong propose donc une large gamme d'amortisseurs de vibrations qui sont r\u00e9put\u00e9s pour leur qualit\u00e9 sup\u00e9rieure et leur bon fonctionnement. De plus, cet amortisseur de vibrations est compos\u00e9 de colliers de serrage en plomb pour OPGW, de colliers de serrage en alliage d'aluminium, de colliers de serrage pour OPGW et de boulons en acier inoxydable de haute qualit\u00e9.<\/p>\n<p style=\"text-align: center;\"><span class=\"su-lightbox\" data-mfp-src=\"#popmake-form\" data-mfp-type=\"inline\" data-mobile=\"yes\"><button class=\"btn btn-danger btn-sm\" ><i class=\"glyphicon glyphicon-ok-sign\" style=\"color:#eeee22;\"><\/i> Obtenir le prix des accessoires pour c\u00e2bles a\u00e9riens en faisceau<\/button><\/span>\n<\/div>\n<\/div>\n\n<div class=\"wpcf7 no-js\" id=\"wpcf7-f5800-o1\" lang=\"en-US\" dir=\"ltr\" data-wpcf7-id=\"5800\">\n<div class=\"screen-reader-response\"><p role=\"status\" aria-live=\"polite\" aria-atomic=\"true\"><\/p> <ul><\/ul><\/div>\n<form action=\"\/fr\/wp-json\/wp\/v2\/pages\/3149#wpcf7-f5800-o1\" method=\"post\" class=\"wpcf7-form init\" aria-label=\"Formulaire de contact\" novalidate=\"novalidate\" data-status=\"init\" data-trp-original-action=\"\/fr\/wp-json\/wp\/v2\/pages\/3149#wpcf7-f5800-o1\">\n<div style=\"display: none;\">\n<input type=\"hidden\" name=\"_wpcf7\" value=\"5800\" \/>\n<input type=\"hidden\" name=\"_wpcf7_version\" value=\"6.0.6\" \/>\n<input type=\"hidden\" name=\"_wpcf7_locale\" value=\"en_US\" \/>\n<input type=\"hidden\" name=\"_wpcf7_unit_tag\" value=\"wpcf7-f5800-o1\" \/>\n<input type=\"hidden\" name=\"_wpcf7_container_post\" value=\"0\" \/>\n<input type=\"hidden\" name=\"_wpcf7_posted_data_hash\" value=\"\" \/>\n<\/div>\n<div class=\"popmakerform\">\n\t<h3>Obtenir un devis gratuit\n\t<\/h3>\n\t<p>Travaillons ensemble sur votre projet par e-mail : <a href=\"mailto:info@hdcarmouredcable.com\" rel=\"nofollow\">info@hdcarmouredcable.com<\/a>\n\t<\/p>\n\t<p>Produit int\u00e9ress\u00e9 <span style=\"color:red;\">*<span><br \/>\n<span class=\"wpcf7-form-control-wrap\" data-name=\"item\"><input size=\"40\" maxlength=\"400\" class=\"wpcf7-form-control wpcf7-text\" id=\"item\" aria-invalid=\"false\" value=\"\" type=\"text\" name=\"item\" \/><\/span><\/span><\/span>\n\t<\/p>\n\t<p>Votre nom <span style=\"color:red;\">*<span><br \/>\n<span class=\"wpcf7-form-control-wrap\" data-name=\"your-name\"><input size=\"40\" maxlength=\"400\" class=\"wpcf7-form-control wpcf7-text wpcf7-validates-as-required\" aria-required=\"true\" aria-invalid=\"false\" value=\"\" type=\"text\" name=\"your-name\" \/><\/span><\/span><\/span>\n\t<\/p>\n\t<p>Votre courriel <span style=\"color:red;\">*<span><br \/>\n<span class=\"wpcf7-form-control-wrap\" data-name=\"your-email\"><input size=\"40\" maxlength=\"400\" class=\"wpcf7-form-control wpcf7-email wpcf7-validates-as-required wpcf7-text wpcf7-validates-as-email\" aria-required=\"true\" aria-invalid=\"false\" value=\"\" type=\"email\" name=\"your-email\" \/><\/span><\/span><\/span>\n\t<\/p>\n\t<p>Votre num\u00e9ro de t\u00e9l\u00e9phone (inclure l'indicatif r\u00e9gional)<br \/>\n<span class=\"wpcf7-form-control-wrap\" data-name=\"your-phone\"><input size=\"40\" maxlength=\"400\" class=\"wpcf7-form-control wpcf7-text\" aria-invalid=\"false\" value=\"\" type=\"text\" name=\"your-phone\" \/><\/span>\n\t<\/p>\n\t<p>Votre pays<br \/>\n<span class=\"wpcf7-form-control-wrap\" data-name=\"your-country\"><input size=\"40\" maxlength=\"400\" class=\"wpcf7-form-control wpcf7-text\" aria-invalid=\"false\" value=\"\" type=\"text\" name=\"your-country\" \/><\/span>\n\t<\/p>\n\t<p>Exigence d\u00e9taill\u00e9e <span style=\"color:red;\">*<span><br \/>\n<span class=\"wpcf7-form-control-wrap\" data-name=\"your-requirement\"><textarea cols=\"40\" rows=\"5\" maxlength=\"2000\" class=\"wpcf7-form-control wpcf7-textarea wpcf7-validates-as-required\" aria-required=\"true\" aria-invalid=\"false\" placeholder=\"Pour un devis d\u00e9taill\u00e9, veuillez nous envoyer votre demande d\u00e9taill\u00e9e. *\" name=\"your-requirement\"><\/textarea><\/span><\/span><\/span>\n\t<\/p>\n\t<p><input class=\"wpcf7-form-control wpcf7-submit has-spinner\" type=\"submit\" value=\"Obtenir un devis\" \/>\n\t<\/p>\n<\/div><input type='hidden' class='wpcf7-pum' value='{\"closepopup\":false,\"closedelay\":0,\"openpopup\":false,\"openpopup_id\":0}' \/><div class=\"wpcf7-response-output\" aria-hidden=\"true\"><\/div>\n<input type=\"hidden\" name=\"trp-form-language\" value=\"fr\"\/><\/form>\n<\/div>\n\n<div class=\"su-lightbox-content su-u-trim\" id=\"popmake-form\" style=\"display:none;width:65%;min-width:none;max-width:600px;margin-top:40px;margin-bottom:40px;padding:20px;background:#FFFFFF;color:#333333;box-shadow:0px 0px 15px #333333;text-align:left\">\n<div class=\"wpcf7 no-js\" id=\"wpcf7-f5800-o2\" lang=\"en-US\" dir=\"ltr\" data-wpcf7-id=\"5800\">\n<div class=\"screen-reader-response\"><p role=\"status\" aria-live=\"polite\" aria-atomic=\"true\"><\/p> <ul><\/ul><\/div>\n<form action=\"\/fr\/wp-json\/wp\/v2\/pages\/3149#wpcf7-f5800-o2\" method=\"post\" class=\"wpcf7-form init\" aria-label=\"Formulaire de contact\" novalidate=\"novalidate\" data-status=\"init\" data-trp-original-action=\"\/fr\/wp-json\/wp\/v2\/pages\/3149#wpcf7-f5800-o2\">\n<div style=\"display: none;\">\n<input type=\"hidden\" name=\"_wpcf7\" value=\"5800\" \/>\n<input type=\"hidden\" name=\"_wpcf7_version\" value=\"6.0.6\" \/>\n<input type=\"hidden\" name=\"_wpcf7_locale\" value=\"en_US\" \/>\n<input type=\"hidden\" name=\"_wpcf7_unit_tag\" value=\"wpcf7-f5800-o2\" \/>\n<input type=\"hidden\" name=\"_wpcf7_container_post\" value=\"0\" \/>\n<input type=\"hidden\" name=\"_wpcf7_posted_data_hash\" value=\"\" \/>\n<\/div>\n<div class=\"popmakerform\">\n\t<h3>Obtenir un devis gratuit\n\t<\/h3>\n\t<p>Travaillons ensemble sur votre projet par e-mail : <a href=\"mailto:info@hdcarmouredcable.com\" rel=\"nofollow\">info@hdcarmouredcable.com<\/a>\n\t<\/p>\n\t<p>Produit int\u00e9ress\u00e9 <span style=\"color:red;\">*<span><br \/>\n<span class=\"wpcf7-form-control-wrap\" data-name=\"item\"><input size=\"40\" maxlength=\"400\" class=\"wpcf7-form-control wpcf7-text\" aria-invalid=\"false\" value=\"\" type=\"text\" name=\"item\" \/><\/span><\/span><\/span>\n\t<\/p>\n\t<p>Votre nom <span style=\"color:red;\">*<span><br \/>\n<span class=\"wpcf7-form-control-wrap\" data-name=\"your-name\"><input size=\"40\" maxlength=\"400\" class=\"wpcf7-form-control wpcf7-text wpcf7-validates-as-required\" aria-required=\"true\" aria-invalid=\"false\" value=\"\" type=\"text\" name=\"your-name\" \/><\/span><\/span><\/span>\n\t<\/p>\n\t<p>Votre courriel <span style=\"color:red;\">*<span><br \/>\n<span class=\"wpcf7-form-control-wrap\" data-name=\"your-email\"><input size=\"40\" maxlength=\"400\" class=\"wpcf7-form-control wpcf7-email wpcf7-validates-as-required wpcf7-text wpcf7-validates-as-email\" aria-required=\"true\" aria-invalid=\"false\" value=\"\" type=\"email\" name=\"your-email\" \/><\/span><\/span><\/span>\n\t<\/p>\n\t<p>Votre num\u00e9ro de t\u00e9l\u00e9phone (inclure l'indicatif r\u00e9gional)<br \/>\n<span class=\"wpcf7-form-control-wrap\" data-name=\"your-phone\"><input size=\"40\" maxlength=\"400\" class=\"wpcf7-form-control wpcf7-text\" aria-invalid=\"false\" value=\"\" type=\"text\" name=\"your-phone\" \/><\/span>\n\t<\/p>\n\t<p>Votre pays<br \/>\n<span class=\"wpcf7-form-control-wrap\" data-name=\"your-country\"><input size=\"40\" maxlength=\"400\" class=\"wpcf7-form-control wpcf7-text\" aria-invalid=\"false\" value=\"\" type=\"text\" name=\"your-country\" \/><\/span>\n\t<\/p>\n\t<p>Exigence d\u00e9taill\u00e9e <span style=\"color:red;\">*<span><br \/>\n<span class=\"wpcf7-form-control-wrap\" data-name=\"your-requirement\"><textarea cols=\"40\" rows=\"5\" maxlength=\"2000\" class=\"wpcf7-form-control wpcf7-textarea wpcf7-validates-as-required\" aria-required=\"true\" aria-invalid=\"false\" placeholder=\"Pour un devis d\u00e9taill\u00e9, veuillez nous envoyer votre demande d\u00e9taill\u00e9e. *\" name=\"your-requirement\"><\/textarea><\/span><\/span><\/span>\n\t<\/p>\n\t<p><input class=\"wpcf7-form-control wpcf7-submit has-spinner\" type=\"submit\" value=\"Obtenir un devis\" \/>\n\t<\/p>\n<\/div><input type='hidden' class='wpcf7-pum' value='{\"closepopup\":false,\"closedelay\":0,\"openpopup\":false,\"openpopup_id\":0}' \/><div class=\"wpcf7-response-output\" aria-hidden=\"true\"><\/div>\n<input type=\"hidden\" name=\"trp-form-language\" value=\"fr\"\/><\/form>\n<\/div>\n<\/div>","protected":false},"excerpt":{"rendered":"<p>\u00a0Application des ferrures 50mm2 100mm2 115mm2 108mm2 110mm2 Bien que les ferrures opgw soient un type d'accessoires de c\u00e2ble, elles sont principalement utilis\u00e9es pour les lignes de c\u00e2bles OPGW qui passent par l'angle, la tension et la port\u00e9e du pyl\u00f4ne terminal. Mais la pince de suspension opgw est principalement utilis\u00e9e pour la ligne de c\u00e2ble OPGW qui passe par l'angle, la tension et la port\u00e9e de la tour terminale. Les ferrures opgw ne conviennent pas seulement \u00e0 la suspension des c\u00e2bles a\u00e9riens, mais ... <a class=\"read-more\" href=\"https:\/\/hdcarmouredcable.com\/fr\/opgw-articles-de-quincaillerie-raccords\/\">Lire plus...<\/a><\/p>","protected":false},"author":1,"featured_media":0,"parent":0,"menu_order":0,"comment_status":"closed","ping_status":"closed","template":"","meta":{"_joinchat":[],"footnotes":""},"class_list":["post-3149","page","type-page","status-publish"],"yoast_head":"<!-- This site is optimized with the Yoast SEO plugin v25.1 - https:\/\/yoast.com\/wordpress\/plugins\/seo\/ -->\n<title>down lead clamp double suspension clamp set for opgw hardware fittings<\/title>\n<meta name=\"description\" content=\"50mm2 100mm2 115mm2 108mm2 opgw hardware fittings supplier, can customize vibration damper down lead clamp double suspension clamp set for OPGW fittings.\" \/>\n<meta name=\"robots\" content=\"index, follow, max-snippet:-1, max-image-preview:large, max-video-preview:-1\" \/>\n<link rel=\"canonical\" href=\"https:\/\/hdcarmouredcable.com\/fr\/opgw-articles-de-quincaillerie-raccords\/\" \/>\n<meta property=\"og:locale\" content=\"fr_FR\" \/>\n<meta property=\"og:type\" content=\"article\" \/>\n<meta property=\"og:title\" content=\"down lead clamp double suspension clamp set for opgw hardware fittings\" \/>\n<meta property=\"og:description\" content=\"50mm2 100mm2 115mm2 108mm2 opgw hardware fittings supplier, can customize vibration damper down lead clamp double suspension clamp set for OPGW fittings.\" \/>\n<meta property=\"og:url\" content=\"https:\/\/hdcarmouredcable.com\/fr\/opgw-articles-de-quincaillerie-raccords\/\" \/>\n<meta property=\"og:site_name\" content=\"Huadong Armoured Cable Group\" \/>\n<meta property=\"article:publisher\" content=\"https:\/\/www.facebook.com\/lily.ding.52\" \/>\n<meta property=\"article:modified_time\" content=\"2023-07-25T07:41:27+00:00\" \/>\n<meta property=\"og:image\" content=\"https:\/\/hdcarmouredcable.com\/wp-content\/uploads\/2019\/12\/used-for-opgw-hardware-fittings.jpg\" \/>\n<meta name=\"twitter:card\" content=\"summary_large_image\" \/>\n<meta name=\"twitter:label1\" content=\"Dur\u00e9e de lecture estim\u00e9e\" \/>\n\t<meta name=\"twitter:data1\" content=\"4 minutes\" \/>\n<script type=\"application\/ld+json\" class=\"yoast-schema-graph\">{\"@context\":\"https:\/\/schema.org\",\"@graph\":[{\"@type\":\"WebPage\",\"@id\":\"https:\/\/hdcarmouredcable.com\/opgw-hardware-fittings\/\",\"url\":\"https:\/\/hdcarmouredcable.com\/opgw-hardware-fittings\/\",\"name\":\"down lead clamp double suspension clamp set for opgw hardware fittings\",\"isPartOf\":{\"@id\":\"https:\/\/hdcarmouredcable.com\/#website\"},\"primaryImageOfPage\":{\"@id\":\"https:\/\/hdcarmouredcable.com\/opgw-hardware-fittings\/#primaryimage\"},\"image\":{\"@id\":\"https:\/\/hdcarmouredcable.com\/opgw-hardware-fittings\/#primaryimage\"},\"thumbnailUrl\":\"https:\/\/hdcarmouredcable.com\/wp-content\/uploads\/2019\/12\/used-for-opgw-hardware-fittings.jpg\",\"datePublished\":\"2019-12-13T08:03:17+00:00\",\"dateModified\":\"2023-07-25T07:41:27+00:00\",\"description\":\"50mm2 100mm2 115mm2 108mm2 opgw hardware fittings supplier, can customize vibration damper down lead clamp double suspension clamp set for OPGW fittings.\",\"inLanguage\":\"fr-FR\",\"potentialAction\":[{\"@type\":\"ReadAction\",\"target\":[\"https:\/\/hdcarmouredcable.com\/opgw-hardware-fittings\/\"]}]},{\"@type\":\"ImageObject\",\"inLanguage\":\"fr-FR\",\"@id\":\"https:\/\/hdcarmouredcable.com\/opgw-hardware-fittings\/#primaryimage\",\"url\":\"https:\/\/hdcarmouredcable.com\/wp-content\/uploads\/2019\/12\/used-for-opgw-hardware-fittings.jpg\",\"contentUrl\":\"https:\/\/hdcarmouredcable.com\/wp-content\/uploads\/2019\/12\/used-for-opgw-hardware-fittings.jpg\"},{\"@type\":\"WebSite\",\"@id\":\"https:\/\/hdcarmouredcable.com\/#website\",\"url\":\"https:\/\/hdcarmouredcable.com\/\",\"name\":\"Huadong Armoured Cable Group\",\"description\":\"professional steel wire armoured cable manufacturer\",\"publisher\":{\"@id\":\"https:\/\/hdcarmouredcable.com\/#organization\"},\"potentialAction\":[{\"@type\":\"SearchAction\",\"target\":{\"@type\":\"EntryPoint\",\"urlTemplate\":\"https:\/\/hdcarmouredcable.com\/?s={search_term_string}\"},\"query-input\":{\"@type\":\"PropertyValueSpecification\",\"valueRequired\":true,\"valueName\":\"search_term_string\"}}],\"inLanguage\":\"fr-FR\"},{\"@type\":\"Organization\",\"@id\":\"https:\/\/hdcarmouredcable.com\/#organization\",\"name\":\"Huadong Cable Group\",\"url\":\"https:\/\/hdcarmouredcable.com\/\",\"logo\":{\"@type\":\"ImageObject\",\"inLanguage\":\"fr-FR\",\"@id\":\"https:\/\/hdcarmouredcable.com\/#\/schema\/logo\/image\/\",\"url\":\"https:\/\/hdcarmouredcable.com\/wp-content\/uploads\/2022\/07\/Huadong-log.png\",\"contentUrl\":\"https:\/\/hdcarmouredcable.com\/wp-content\/uploads\/2022\/07\/Huadong-log.png\",\"width\":860,\"height\":860,\"caption\":\"Huadong Cable Group\"},\"image\":{\"@id\":\"https:\/\/hdcarmouredcable.com\/#\/schema\/logo\/image\/\"},\"sameAs\":[\"https:\/\/www.facebook.com\/lily.ding.52\",\"https:\/\/www.linkedin.com\/in\/lilyxlpecable\/\"]}]}<\/script>\n<!-- \/ Yoast SEO plugin. -->","yoast_head_json":{"title":"collier de serrage \u00e0 double suspension pour quincaillerie opgw","description":"50mm2 100mm2 115mm2 108mm2 fournisseur de raccords de quincaillerie OPGW, peut personnaliser l'amortisseur de vibrations, le collier de serrage \u00e0 double suspension et le jeu de colliers de serrage pour les raccords OPGW.","robots":{"index":"index","follow":"follow","max-snippet":"max-snippet:-1","max-image-preview":"max-image-preview:large","max-video-preview":"max-video-preview:-1"},"canonical":"https:\/\/hdcarmouredcable.com\/fr\/opgw-articles-de-quincaillerie-raccords\/","og_locale":"fr_FR","og_type":"article","og_title":"down lead clamp double suspension clamp set for opgw hardware fittings","og_description":"50mm2 100mm2 115mm2 108mm2 opgw hardware fittings supplier, can customize vibration damper down lead clamp double suspension clamp set for OPGW fittings.","og_url":"https:\/\/hdcarmouredcable.com\/fr\/opgw-articles-de-quincaillerie-raccords\/","og_site_name":"Huadong Armoured Cable Group","article_publisher":"https:\/\/www.facebook.com\/lily.ding.52","article_modified_time":"2023-07-25T07:41:27+00:00","og_image":[{"url":"https:\/\/hdcarmouredcable.com\/wp-content\/uploads\/2019\/12\/used-for-opgw-hardware-fittings.jpg","type":"","width":"","height":""}],"twitter_card":"summary_large_image","twitter_misc":{"Dur\u00e9e de lecture estim\u00e9e":"4 minutes"},"schema":{"@context":"https:\/\/schema.org","@graph":[{"@type":"WebPage","@id":"https:\/\/hdcarmouredcable.com\/opgw-hardware-fittings\/","url":"https:\/\/hdcarmouredcable.com\/opgw-hardware-fittings\/","name":"collier de serrage \u00e0 double suspension pour quincaillerie opgw","isPartOf":{"@id":"https:\/\/hdcarmouredcable.com\/#website"},"primaryImageOfPage":{"@id":"https:\/\/hdcarmouredcable.com\/opgw-hardware-fittings\/#primaryimage"},"image":{"@id":"https:\/\/hdcarmouredcable.com\/opgw-hardware-fittings\/#primaryimage"},"thumbnailUrl":"https:\/\/hdcarmouredcable.com\/wp-content\/uploads\/2019\/12\/used-for-opgw-hardware-fittings.jpg","datePublished":"2019-12-13T08:03:17+00:00","dateModified":"2023-07-25T07:41:27+00:00","description":"50mm2 100mm2 115mm2 108mm2 fournisseur de raccords de quincaillerie OPGW, peut personnaliser l'amortisseur de vibrations, le collier de serrage \u00e0 double suspension et le jeu de colliers de serrage pour les raccords OPGW.","inLanguage":"fr-FR","potentialAction":[{"@type":"ReadAction","target":["https:\/\/hdcarmouredcable.com\/opgw-hardware-fittings\/"]}]},{"@type":"ImageObject","inLanguage":"fr-FR","@id":"https:\/\/hdcarmouredcable.com\/opgw-hardware-fittings\/#primaryimage","url":"https:\/\/hdcarmouredcable.com\/wp-content\/uploads\/2019\/12\/used-for-opgw-hardware-fittings.jpg","contentUrl":"https:\/\/hdcarmouredcable.com\/wp-content\/uploads\/2019\/12\/used-for-opgw-hardware-fittings.jpg"},{"@type":"WebSite","@id":"https:\/\/hdcarmouredcable.com\/#website","url":"https:\/\/hdcarmouredcable.com\/","name":"Huadong Armoured Cable Group","description":"fabricant professionnel de c\u00e2bles arm\u00e9s en fil d'acier","publisher":{"@id":"https:\/\/hdcarmouredcable.com\/#organization"},"potentialAction":[{"@type":"SearchAction","target":{"@type":"EntryPoint","urlTemplate":"https:\/\/hdcarmouredcable.com\/?s={search_term_string}"},"query-input":{"@type":"PropertyValueSpecification","valueRequired":true,"valueName":"search_term_string"}}],"inLanguage":"fr-FR"},{"@type":"Organization","@id":"https:\/\/hdcarmouredcable.com\/#organization","name":"Groupe Huadong Cable","url":"https:\/\/hdcarmouredcable.com\/","logo":{"@type":"ImageObject","inLanguage":"fr-FR","@id":"https:\/\/hdcarmouredcable.com\/#\/schema\/logo\/image\/","url":"https:\/\/hdcarmouredcable.com\/wp-content\/uploads\/2022\/07\/Huadong-log.png","contentUrl":"https:\/\/hdcarmouredcable.com\/wp-content\/uploads\/2022\/07\/Huadong-log.png","width":860,"height":860,"caption":"Huadong Cable Group"},"image":{"@id":"https:\/\/hdcarmouredcable.com\/#\/schema\/logo\/image\/"},"sameAs":["https:\/\/www.facebook.com\/lily.ding.52","https:\/\/www.linkedin.com\/in\/lilyxlpecable\/"]}]}},"amp_enabled":true,"_links":{"self":[{"href":"https:\/\/hdcarmouredcable.com\/fr\/wp-json\/wp\/v2\/pages\/3149","targetHints":{"allow":["GET"]}}],"collection":[{"href":"https:\/\/hdcarmouredcable.com\/fr\/wp-json\/wp\/v2\/pages"}],"about":[{"href":"https:\/\/hdcarmouredcable.com\/fr\/wp-json\/wp\/v2\/types\/page"}],"author":[{"embeddable":true,"href":"https:\/\/hdcarmouredcable.com\/fr\/wp-json\/wp\/v2\/users\/1"}],"replies":[{"embeddable":true,"href":"https:\/\/hdcarmouredcable.com\/fr\/wp-json\/wp\/v2\/comments?post=3149"}],"version-history":[{"count":4,"href":"https:\/\/hdcarmouredcable.com\/fr\/wp-json\/wp\/v2\/pages\/3149\/revisions"}],"predecessor-version":[{"id":9571,"href":"https:\/\/hdcarmouredcable.com\/fr\/wp-json\/wp\/v2\/pages\/3149\/revisions\/9571"}],"wp:attachment":[{"href":"https:\/\/hdcarmouredcable.com\/fr\/wp-json\/wp\/v2\/media?parent=3149"}],"curies":[{"name":"wp","href":"https:\/\/api.w.org\/{rel}","templated":true}]}}