{"id":4066,"date":"2020-10-09T17:56:21","date_gmt":"2020-10-09T09:56:21","guid":{"rendered":"https:\/\/hdcarmouredcable.com\/?page_id=4066"},"modified":"2023-07-24T17:09:14","modified_gmt":"2023-07-24T09:09:14","slug":"50mm-cable-price","status":"publish","type":"page","link":"https:\/\/hdcarmouredcable.com\/fr\/prix-du-cable-de-50-mm\/","title":{"rendered":"C\u00e2ble 4 conducteurs 5 conducteurs cuivre aluminium arm\u00e9 50 mm prix en Afrique du Sud"},"content":{"rendered":"<h2>Huadong aluminium welding 4 core 5 core swa 50mm cable price at lowest<\/h2>\n<p>Bien que le c\u00e2ble de batterie de soudage de 50 mm2 soit un type de c\u00e2ble de taille diff\u00e9rente, il existe de nombreuses diff\u00e9rences entre les mat\u00e9riaux utilis\u00e9s. Par exemple, le c\u00e2ble de 50 mm \u00e0 armature swa en cuivre \u00e0 4 \u00e2mes et \u00e0 5 \u00e2mes et le c\u00e2ble de soudage et de batterie de 50 mm2.<\/p>\n<p><img loading=\"lazy\" decoding=\"async\" class=\"aligncenter size-full wp-image-4072\" src=\"https:\/\/hdcarmouredcable.com\/wp-content\/uploads\/2020\/10\/4-core-50mm-armoured-cable-price-list-in-South-Africa.jpg\" alt=\"Liste de prix des c\u00e2bles arm\u00e9s \u00e0 4 conducteurs de 50 mm en Afrique du Sud\" width=\"900\" height=\"200\" srcset=\"https:\/\/hdcarmouredcable.com\/wp-content\/uploads\/2020\/10\/4-core-50mm-armoured-cable-price-list-in-South-Africa.jpg 900w, https:\/\/hdcarmouredcable.com\/wp-content\/uploads\/2020\/10\/4-core-50mm-armoured-cable-price-list-in-South-Africa-300x67.jpg 300w, https:\/\/hdcarmouredcable.com\/wp-content\/uploads\/2020\/10\/4-core-50mm-armoured-cable-price-list-in-South-Africa-768x171.jpg 768w, https:\/\/hdcarmouredcable.com\/wp-content\/uploads\/2020\/10\/4-core-50mm-armoured-cable-price-list-in-South-Africa-600x133.jpg 600w\" sizes=\"auto, (max-width: 900px) 100vw, 900px\" \/><\/p>\n<p style=\"text-align: center;\"><span class=\"su-lightbox\" data-mfp-src=\"#popmake-form\" data-mfp-type=\"inline\" data-mobile=\"yes\"><button class=\"btn btn-danger btn-sm\" ><i class=\"glyphicon glyphicon-ok-sign\" style=\"color:#eeee22;\"><\/i> Obtenir le prix<\/button><\/span><a class=\"btn btn-danger btn-sm\" href=\"mailto:info@hdcarmouredcable.com\"  rel=\"\"  target=\"_self\"><i class=\"fa fa-envelope-o\" style=\"color:#eeee22;\"><\/i> info@hdcarmouredcable.com<\/a>\n<p>Parall\u00e8lement, les prix de ces c\u00e2bles sont \u00e9galement diff\u00e9rents. D'une mani\u00e8re g\u00e9n\u00e9rale, le prix du c\u00e2ble arm\u00e9 de 50 mm \u00e0 4 conducteurs en cuivre et aluminium est plus \u00e9lev\u00e9 que celui du c\u00e2ble non arm\u00e9. En particulier, la liste de prix du c\u00e2ble arm\u00e9 de 50 mm \u00e0 3 conducteurs et 4 conducteurs en Afrique du Sud est plus ch\u00e8re que celle du march\u00e9 d'outre-mer. Le groupe Huadong dispose d'un avantage de prix en Afrique du Sud. D'une part, Huadong dispose de sa propre usine et de son propre site d'approvisionnement en mati\u00e8res premi\u00e8res. D'autre part, nous avons 10 ing\u00e9nieurs qui ont plus de 15 ans d'exp\u00e9rience dans les domaines suivants <a href=\"https:\/\/hdcarmouredcable.com\/fr\/armoured-70mm-cable-price\/\" target=\"_blank\" rel=\"noopener noreferrer\">c\u00e2ble arm\u00e9 de 70 mm<\/a> fabrication.<\/p>\n<p><img loading=\"lazy\" decoding=\"async\" class=\"aligncenter size-full wp-image-4074\" src=\"https:\/\/hdcarmouredcable.com\/wp-content\/uploads\/2020\/10\/copper-xlpe-5-core-swa-50mm-cable-price.jpg\" alt=\"prix du c\u00e2ble cuivre xlpe 5 core swa 50mm\" width=\"750\" height=\"214\" srcset=\"https:\/\/hdcarmouredcable.com\/wp-content\/uploads\/2020\/10\/copper-xlpe-5-core-swa-50mm-cable-price.jpg 750w, https:\/\/hdcarmouredcable.com\/wp-content\/uploads\/2020\/10\/copper-xlpe-5-core-swa-50mm-cable-price-300x86.jpg 300w, https:\/\/hdcarmouredcable.com\/wp-content\/uploads\/2020\/10\/copper-xlpe-5-core-swa-50mm-cable-price-600x171.jpg 600w\" sizes=\"auto, (max-width: 750px) 100vw, 750px\" \/><\/p>\n<p style=\"text-align: center;\"><span class=\"su-lightbox\" data-mfp-src=\"#popmake-form\" data-mfp-type=\"inline\" data-mobile=\"yes\"><button class=\"btn btn-danger btn-sm\" ><i class=\"glyphicon glyphicon-ok-sign\" style=\"color:#eeee22;\"><\/i> Obtenir le prix<\/button><\/span><a class=\"btn btn-danger btn-sm\" href=\"mailto:info@hdcarmouredcable.com\"  rel=\"\"  target=\"_self\"><i class=\"fa fa-envelope-o\" style=\"color:#eeee22;\"><\/i> info@hdcarmouredcable.com<\/a>\n<h2>O\u00f9 trouver le fournisseur de c\u00e2bles de batterie de soudage 50mm2 ?<\/h2>\n<p>Tout d'abord, vous pouvez trouver la liste des prix des c\u00e2bles blind\u00e9s en aluminium \u00e0 4 conducteurs en cuivre de 50 mm en ligne. Il n'y a pas seulement de nombreux fournisseurs qui offrent ces c\u00e2bles, mais vous devez aussi regarder autour de vous afin de trouver le meilleur prix de c\u00e2ble de soudure en aluminium \u00e0 4 conducteurs 5 conducteurs swa 50 mm. Deuxi\u00e8mement, vous trouverez des fournisseurs de prix de c\u00e2ble en Afrique du Sud qui fournissent ces c\u00e2bles au pied lev\u00e9 sans frais de coupe. V\u00e9rifiez donc les vendeurs en ligne de c\u00e2bles arm\u00e9s \u00e0 3 conducteurs, 4 conducteurs et 50 mm et comparez-les. Par cons\u00e9quent, avant d'acheter le c\u00e2ble thhn welding battery 50mm2 pour la toute premi\u00e8re fois, v\u00e9rifiez la politique de remboursement ou m\u00eame les commentaires et les t\u00e9moignages laiss\u00e9s par d'autres acheteurs.<\/p>\n<p><img loading=\"lazy\" decoding=\"async\" class=\"aligncenter size-full wp-image-4075\" src=\"https:\/\/hdcarmouredcable.com\/wp-content\/uploads\/2020\/10\/copper-welding-battery-50mm2-cable-price-for-sales.jpg\" alt=\"Batterie de soudage en cuivre 50mm2 prix du c\u00e2ble pour la vente\" width=\"830\" height=\"200\" srcset=\"https:\/\/hdcarmouredcable.com\/wp-content\/uploads\/2020\/10\/copper-welding-battery-50mm2-cable-price-for-sales.jpg 830w, https:\/\/hdcarmouredcable.com\/wp-content\/uploads\/2020\/10\/copper-welding-battery-50mm2-cable-price-for-sales-300x72.jpg 300w, https:\/\/hdcarmouredcable.com\/wp-content\/uploads\/2020\/10\/copper-welding-battery-50mm2-cable-price-for-sales-768x185.jpg 768w, https:\/\/hdcarmouredcable.com\/wp-content\/uploads\/2020\/10\/copper-welding-battery-50mm2-cable-price-for-sales-600x145.jpg 600w\" sizes=\"auto, (max-width: 830px) 100vw, 830px\" \/><\/p>\n<p style=\"text-align: center;\"><span class=\"su-lightbox\" data-mfp-src=\"#popmake-form\" data-mfp-type=\"inline\" data-mobile=\"yes\"><button class=\"btn btn-danger btn-sm\" ><i class=\"glyphicon glyphicon-ok-sign\" style=\"color:#eeee22;\"><\/i> Obtenir le prix<\/button><\/span><a class=\"btn btn-danger btn-sm\" href=\"mailto:info@hdcarmouredcable.com\"  rel=\"\"  target=\"_self\"><i class=\"fa fa-envelope-o\" style=\"color:#eeee22;\"><\/i> info@hdcarmouredcable.com<\/a>\n<h2>Comment obtenir la liste des prix des c\u00e2bles arm\u00e9s \u00e0 3 conducteurs, 4 conducteurs et 50 mm en Afrique du Sud ?<\/h2>\n<p>Savez-vous pourquoi tant de clients demandent la liste de prix du c\u00e2ble arm\u00e9 3 fils 4 fils 50 mm en Afrique du Sud en provenance de Chine ? Tout d'abord, la Chine est le principal pays producteur de c\u00e2bles et de fils. Les c\u00e2bles 70% en provenance de Chine sont distribu\u00e9s dans le monde entier. En m\u00eame temps, le prix du c\u00e2ble de soudage en aluminium \u00e0 4 \u00e2mes 5 \u00e2mes swa 50mm est plus bas que celui des autres pays. Il y a plusieurs vendeurs moyens. Il est important d'acheter aupr\u00e8s d'entreprises qui offrent une garantie sur les c\u00e2bles qu'elles vendent. Un grand nombre des c\u00e2bles arm\u00e9s cuivre-aluminium \u00e0 4 conducteurs de 50 mm dont le prix est le plus bas se trouvent en Chine. Ils sont donc souvent en mesure d'offrir les prix les plus bas pour les c\u00e2bles de batterie de soudage de 50 mm2. Assurez-vous que vous achetez le bon<a href=\"https:\/\/hdcarmouredcable.com\/fr\/prix-du-cable-arme-a-4-conducteurs-de-35-mm\/\" target=\"_blank\" rel=\"noopener noreferrer\"> C\u00e2ble arm\u00e9 \u00e0 4 conducteurs de 35 mm<\/a> produit.<\/p>\n<p><img loading=\"lazy\" decoding=\"async\" class=\"aligncenter size-full wp-image-4073\" src=\"https:\/\/hdcarmouredcable.com\/wp-content\/uploads\/2020\/10\/copper-aluminum-armoured-50-mm-cable-packaging.jpg\" alt=\"cuivre aluminium arm\u00e9 50 mm c\u00e2ble emballage\" width=\"1601\" height=\"300\" srcset=\"https:\/\/hdcarmouredcable.com\/wp-content\/uploads\/2020\/10\/copper-aluminum-armoured-50-mm-cable-packaging.jpg 1601w, https:\/\/hdcarmouredcable.com\/wp-content\/uploads\/2020\/10\/copper-aluminum-armoured-50-mm-cable-packaging-300x56.jpg 300w, https:\/\/hdcarmouredcable.com\/wp-content\/uploads\/2020\/10\/copper-aluminum-armoured-50-mm-cable-packaging-1024x192.jpg 1024w, https:\/\/hdcarmouredcable.com\/wp-content\/uploads\/2020\/10\/copper-aluminum-armoured-50-mm-cable-packaging-768x144.jpg 768w, https:\/\/hdcarmouredcable.com\/wp-content\/uploads\/2020\/10\/copper-aluminum-armoured-50-mm-cable-packaging-1536x288.jpg 1536w, https:\/\/hdcarmouredcable.com\/wp-content\/uploads\/2020\/10\/copper-aluminum-armoured-50-mm-cable-packaging-600x112.jpg 600w\" sizes=\"auto, (max-width: 1601px) 100vw, 1601px\" \/><\/p>\n\n<div class=\"wpcf7 no-js\" id=\"wpcf7-f5800-o1\" lang=\"en-US\" dir=\"ltr\" data-wpcf7-id=\"5800\">\n<div class=\"screen-reader-response\"><p role=\"status\" aria-live=\"polite\" aria-atomic=\"true\"><\/p> <ul><\/ul><\/div>\n<form action=\"\/fr\/wp-json\/wp\/v2\/pages\/4066#wpcf7-f5800-o1\" method=\"post\" class=\"wpcf7-form init\" aria-label=\"Formulaire de contact\" novalidate=\"novalidate\" data-status=\"init\" data-trp-original-action=\"\/fr\/wp-json\/wp\/v2\/pages\/4066#wpcf7-f5800-o1\">\n<div style=\"display: none;\">\n<input type=\"hidden\" name=\"_wpcf7\" value=\"5800\" \/>\n<input type=\"hidden\" name=\"_wpcf7_version\" value=\"6.0.6\" \/>\n<input type=\"hidden\" name=\"_wpcf7_locale\" value=\"en_US\" \/>\n<input type=\"hidden\" name=\"_wpcf7_unit_tag\" value=\"wpcf7-f5800-o1\" \/>\n<input type=\"hidden\" name=\"_wpcf7_container_post\" value=\"0\" \/>\n<input type=\"hidden\" name=\"_wpcf7_posted_data_hash\" value=\"\" \/>\n<\/div>\n<div class=\"popmakerform\">\n\t<h3>Obtenir un devis gratuit\n\t<\/h3>\n\t<p>Travaillons ensemble sur votre projet par e-mail : <a href=\"mailto:info@hdcarmouredcable.com\" rel=\"nofollow\">info@hdcarmouredcable.com<\/a>\n\t<\/p>\n\t<p>Produit int\u00e9ress\u00e9 <span style=\"color:red;\">*<span><br \/>\n<span class=\"wpcf7-form-control-wrap\" data-name=\"item\"><input size=\"40\" maxlength=\"400\" class=\"wpcf7-form-control wpcf7-text\" id=\"item\" aria-invalid=\"false\" value=\"\" type=\"text\" name=\"item\" \/><\/span><\/span><\/span>\n\t<\/p>\n\t<p>Votre nom <span style=\"color:red;\">*<span><br \/>\n<span class=\"wpcf7-form-control-wrap\" data-name=\"your-name\"><input size=\"40\" maxlength=\"400\" class=\"wpcf7-form-control wpcf7-text wpcf7-validates-as-required\" aria-required=\"true\" aria-invalid=\"false\" value=\"\" type=\"text\" name=\"your-name\" \/><\/span><\/span><\/span>\n\t<\/p>\n\t<p>Votre courriel <span style=\"color:red;\">*<span><br \/>\n<span class=\"wpcf7-form-control-wrap\" data-name=\"your-email\"><input size=\"40\" maxlength=\"400\" class=\"wpcf7-form-control wpcf7-email wpcf7-validates-as-required wpcf7-text wpcf7-validates-as-email\" aria-required=\"true\" aria-invalid=\"false\" value=\"\" type=\"email\" name=\"your-email\" \/><\/span><\/span><\/span>\n\t<\/p>\n\t<p>Votre num\u00e9ro de t\u00e9l\u00e9phone (inclure l'indicatif r\u00e9gional)<br \/>\n<span class=\"wpcf7-form-control-wrap\" data-name=\"your-phone\"><input size=\"40\" maxlength=\"400\" class=\"wpcf7-form-control wpcf7-text\" aria-invalid=\"false\" value=\"\" type=\"text\" name=\"your-phone\" \/><\/span>\n\t<\/p>\n\t<p>Votre pays<br \/>\n<span class=\"wpcf7-form-control-wrap\" data-name=\"your-country\"><input size=\"40\" maxlength=\"400\" class=\"wpcf7-form-control wpcf7-text\" aria-invalid=\"false\" value=\"\" type=\"text\" name=\"your-country\" \/><\/span>\n\t<\/p>\n\t<p>Exigence d\u00e9taill\u00e9e <span style=\"color:red;\">*<span><br \/>\n<span class=\"wpcf7-form-control-wrap\" data-name=\"your-requirement\"><textarea cols=\"40\" rows=\"5\" maxlength=\"2000\" class=\"wpcf7-form-control wpcf7-textarea wpcf7-validates-as-required\" aria-required=\"true\" aria-invalid=\"false\" placeholder=\"Pour un devis d\u00e9taill\u00e9, veuillez nous envoyer votre demande d\u00e9taill\u00e9e. *\" name=\"your-requirement\"><\/textarea><\/span><\/span><\/span>\n\t<\/p>\n\t<p><input class=\"wpcf7-form-control wpcf7-submit has-spinner\" type=\"submit\" value=\"Obtenir un devis\" \/>\n\t<\/p>\n<\/div><input type='hidden' class='wpcf7-pum' value='{\"closepopup\":false,\"closedelay\":0,\"openpopup\":false,\"openpopup_id\":0}' \/><div class=\"wpcf7-response-output\" aria-hidden=\"true\"><\/div>\n<input type=\"hidden\" name=\"trp-form-language\" value=\"fr\"\/><\/form>\n<\/div>\n\n<div class=\"su-lightbox-content su-u-trim\" id=\"popmake-form\" style=\"display:none;width:65%;min-width:none;max-width:600px;margin-top:40px;margin-bottom:40px;padding:20px;background:#FFFFFF;color:#333333;box-shadow:0px 0px 15px #333333;text-align:left\">\n<div class=\"wpcf7 no-js\" id=\"wpcf7-f5800-o2\" lang=\"en-US\" dir=\"ltr\" data-wpcf7-id=\"5800\">\n<div class=\"screen-reader-response\"><p role=\"status\" aria-live=\"polite\" aria-atomic=\"true\"><\/p> <ul><\/ul><\/div>\n<form action=\"\/fr\/wp-json\/wp\/v2\/pages\/4066#wpcf7-f5800-o2\" method=\"post\" class=\"wpcf7-form init\" aria-label=\"Formulaire de contact\" novalidate=\"novalidate\" data-status=\"init\" data-trp-original-action=\"\/fr\/wp-json\/wp\/v2\/pages\/4066#wpcf7-f5800-o2\">\n<div style=\"display: none;\">\n<input type=\"hidden\" name=\"_wpcf7\" value=\"5800\" \/>\n<input type=\"hidden\" name=\"_wpcf7_version\" value=\"6.0.6\" \/>\n<input type=\"hidden\" name=\"_wpcf7_locale\" value=\"en_US\" \/>\n<input type=\"hidden\" name=\"_wpcf7_unit_tag\" value=\"wpcf7-f5800-o2\" \/>\n<input type=\"hidden\" name=\"_wpcf7_container_post\" value=\"0\" \/>\n<input type=\"hidden\" name=\"_wpcf7_posted_data_hash\" value=\"\" \/>\n<\/div>\n<div class=\"popmakerform\">\n\t<h3>Obtenir un devis gratuit\n\t<\/h3>\n\t<p>Travaillons ensemble sur votre projet par e-mail : <a href=\"mailto:info@hdcarmouredcable.com\" rel=\"nofollow\">info@hdcarmouredcable.com<\/a>\n\t<\/p>\n\t<p>Produit int\u00e9ress\u00e9 <span style=\"color:red;\">*<span><br \/>\n<span class=\"wpcf7-form-control-wrap\" data-name=\"item\"><input size=\"40\" maxlength=\"400\" class=\"wpcf7-form-control wpcf7-text\" aria-invalid=\"false\" value=\"\" type=\"text\" name=\"item\" \/><\/span><\/span><\/span>\n\t<\/p>\n\t<p>Votre nom <span style=\"color:red;\">*<span><br \/>\n<span class=\"wpcf7-form-control-wrap\" data-name=\"your-name\"><input size=\"40\" maxlength=\"400\" class=\"wpcf7-form-control wpcf7-text wpcf7-validates-as-required\" aria-required=\"true\" aria-invalid=\"false\" value=\"\" type=\"text\" name=\"your-name\" \/><\/span><\/span><\/span>\n\t<\/p>\n\t<p>Votre courriel <span style=\"color:red;\">*<span><br \/>\n<span class=\"wpcf7-form-control-wrap\" data-name=\"your-email\"><input size=\"40\" maxlength=\"400\" class=\"wpcf7-form-control wpcf7-email wpcf7-validates-as-required wpcf7-text wpcf7-validates-as-email\" aria-required=\"true\" aria-invalid=\"false\" value=\"\" type=\"email\" name=\"your-email\" \/><\/span><\/span><\/span>\n\t<\/p>\n\t<p>Votre num\u00e9ro de t\u00e9l\u00e9phone (inclure l'indicatif r\u00e9gional)<br \/>\n<span class=\"wpcf7-form-control-wrap\" data-name=\"your-phone\"><input size=\"40\" maxlength=\"400\" class=\"wpcf7-form-control wpcf7-text\" aria-invalid=\"false\" value=\"\" type=\"text\" name=\"your-phone\" \/><\/span>\n\t<\/p>\n\t<p>Votre pays<br \/>\n<span class=\"wpcf7-form-control-wrap\" data-name=\"your-country\"><input size=\"40\" maxlength=\"400\" class=\"wpcf7-form-control wpcf7-text\" aria-invalid=\"false\" value=\"\" type=\"text\" name=\"your-country\" \/><\/span>\n\t<\/p>\n\t<p>Exigence d\u00e9taill\u00e9e <span style=\"color:red;\">*<span><br \/>\n<span class=\"wpcf7-form-control-wrap\" data-name=\"your-requirement\"><textarea cols=\"40\" rows=\"5\" maxlength=\"2000\" class=\"wpcf7-form-control wpcf7-textarea wpcf7-validates-as-required\" aria-required=\"true\" aria-invalid=\"false\" placeholder=\"Pour un devis d\u00e9taill\u00e9, veuillez nous envoyer votre demande d\u00e9taill\u00e9e. *\" name=\"your-requirement\"><\/textarea><\/span><\/span><\/span>\n\t<\/p>\n\t<p><input class=\"wpcf7-form-control wpcf7-submit has-spinner\" type=\"submit\" value=\"Obtenir un devis\" \/>\n\t<\/p>\n<\/div><input type='hidden' class='wpcf7-pum' value='{\"closepopup\":false,\"closedelay\":0,\"openpopup\":false,\"openpopup_id\":0}' \/><div class=\"wpcf7-response-output\" aria-hidden=\"true\"><\/div>\n<input type=\"hidden\" name=\"trp-form-language\" value=\"fr\"\/><\/form>\n<\/div>\n<\/div>","protected":false},"excerpt":{"rendered":"<p>Huadong aluminium welding 4 core 5 core swa 50mm cable price at lowest Bien que le thhn welding battery 50mm2 cable soit un type de taille de c\u00e2ble, il existe de nombreuses diff\u00e9rences entre les mat\u00e9riaux utilis\u00e9s. Les c\u00e2bles de soudage et de batterie de 50mm2 sont des c\u00e2bles blind\u00e9s de 50mm en cuivre \u00e0 4 conducteurs et 5 conducteurs, et des c\u00e2bles de soudage et de batterie de 50mm2. En m\u00eame temps, ces ... <a class=\"read-more\" href=\"https:\/\/hdcarmouredcable.com\/fr\/prix-du-cable-de-50-mm\/\">Lire plus...<\/a><\/p>","protected":false},"author":1,"featured_media":0,"parent":0,"menu_order":0,"comment_status":"closed","ping_status":"closed","template":"","meta":{"_joinchat":[],"footnotes":""},"class_list":["post-4066","page","type-page","status-publish"],"yoast_head":"<!-- This site is optimized with the Yoast SEO plugin v25.1 - https:\/\/yoast.com\/wordpress\/plugins\/seo\/ -->\n<title>aluminum copper 3 5 4 core swa armoured 50mm cable price list for sale<\/title>\n<meta name=\"description\" content=\"Huadong supply aluminum copper swa armoured 5 core 4 core 50mm cable price at cheap, can customize thhn battery welding 50mm2 cable for you.\" \/>\n<meta name=\"robots\" content=\"index, follow, max-snippet:-1, max-image-preview:large, max-video-preview:-1\" \/>\n<link rel=\"canonical\" href=\"https:\/\/hdcarmouredcable.com\/fr\/prix-du-cable-de-50-mm\/\" \/>\n<meta property=\"og:locale\" content=\"fr_FR\" \/>\n<meta property=\"og:type\" content=\"article\" \/>\n<meta property=\"og:title\" content=\"aluminum copper 3 5 4 core swa armoured 50mm cable price list for sale\" \/>\n<meta property=\"og:description\" content=\"Huadong supply aluminum copper swa armoured 5 core 4 core 50mm cable price at cheap, can customize thhn battery welding 50mm2 cable for you.\" \/>\n<meta property=\"og:url\" content=\"https:\/\/hdcarmouredcable.com\/fr\/prix-du-cable-de-50-mm\/\" \/>\n<meta property=\"og:site_name\" content=\"Huadong Armoured Cable Group\" \/>\n<meta property=\"article:publisher\" content=\"https:\/\/www.facebook.com\/lily.ding.52\" \/>\n<meta property=\"article:modified_time\" content=\"2023-07-24T09:09:14+00:00\" \/>\n<meta property=\"og:image\" content=\"https:\/\/hdcarmouredcable.com\/wp-content\/uploads\/2020\/10\/4-core-50mm-armoured-cable-price-list-in-South-Africa.jpg\" \/>\n<meta name=\"twitter:card\" content=\"summary_large_image\" \/>\n<meta name=\"twitter:label1\" content=\"Dur\u00e9e de lecture estim\u00e9e\" \/>\n\t<meta name=\"twitter:data1\" content=\"3 minutes\" \/>\n<script type=\"application\/ld+json\" class=\"yoast-schema-graph\">{\"@context\":\"https:\/\/schema.org\",\"@graph\":[{\"@type\":\"WebPage\",\"@id\":\"https:\/\/hdcarmouredcable.com\/50mm-cable-price\/\",\"url\":\"https:\/\/hdcarmouredcable.com\/50mm-cable-price\/\",\"name\":\"aluminum copper 3 5 4 core swa armoured 50mm cable price list for sale\",\"isPartOf\":{\"@id\":\"https:\/\/hdcarmouredcable.com\/#website\"},\"primaryImageOfPage\":{\"@id\":\"https:\/\/hdcarmouredcable.com\/50mm-cable-price\/#primaryimage\"},\"image\":{\"@id\":\"https:\/\/hdcarmouredcable.com\/50mm-cable-price\/#primaryimage\"},\"thumbnailUrl\":\"https:\/\/hdcarmouredcable.com\/wp-content\/uploads\/2020\/10\/4-core-50mm-armoured-cable-price-list-in-South-Africa.jpg\",\"datePublished\":\"2020-10-09T09:56:21+00:00\",\"dateModified\":\"2023-07-24T09:09:14+00:00\",\"description\":\"Huadong supply aluminum copper swa armoured 5 core 4 core 50mm cable price at cheap, can customize thhn battery welding 50mm2 cable for you.\",\"inLanguage\":\"fr-FR\",\"potentialAction\":[{\"@type\":\"ReadAction\",\"target\":[\"https:\/\/hdcarmouredcable.com\/50mm-cable-price\/\"]}]},{\"@type\":\"ImageObject\",\"inLanguage\":\"fr-FR\",\"@id\":\"https:\/\/hdcarmouredcable.com\/50mm-cable-price\/#primaryimage\",\"url\":\"https:\/\/hdcarmouredcable.com\/wp-content\/uploads\/2020\/10\/4-core-50mm-armoured-cable-price-list-in-South-Africa.jpg\",\"contentUrl\":\"https:\/\/hdcarmouredcable.com\/wp-content\/uploads\/2020\/10\/4-core-50mm-armoured-cable-price-list-in-South-Africa.jpg\"},{\"@type\":\"WebSite\",\"@id\":\"https:\/\/hdcarmouredcable.com\/#website\",\"url\":\"https:\/\/hdcarmouredcable.com\/\",\"name\":\"Huadong Armoured Cable Group\",\"description\":\"professional steel wire armoured cable manufacturer\",\"publisher\":{\"@id\":\"https:\/\/hdcarmouredcable.com\/#organization\"},\"potentialAction\":[{\"@type\":\"SearchAction\",\"target\":{\"@type\":\"EntryPoint\",\"urlTemplate\":\"https:\/\/hdcarmouredcable.com\/?s={search_term_string}\"},\"query-input\":{\"@type\":\"PropertyValueSpecification\",\"valueRequired\":true,\"valueName\":\"search_term_string\"}}],\"inLanguage\":\"fr-FR\"},{\"@type\":\"Organization\",\"@id\":\"https:\/\/hdcarmouredcable.com\/#organization\",\"name\":\"Huadong Cable Group\",\"url\":\"https:\/\/hdcarmouredcable.com\/\",\"logo\":{\"@type\":\"ImageObject\",\"inLanguage\":\"fr-FR\",\"@id\":\"https:\/\/hdcarmouredcable.com\/#\/schema\/logo\/image\/\",\"url\":\"https:\/\/hdcarmouredcable.com\/wp-content\/uploads\/2022\/07\/Huadong-log.png\",\"contentUrl\":\"https:\/\/hdcarmouredcable.com\/wp-content\/uploads\/2022\/07\/Huadong-log.png\",\"width\":860,\"height\":860,\"caption\":\"Huadong Cable Group\"},\"image\":{\"@id\":\"https:\/\/hdcarmouredcable.com\/#\/schema\/logo\/image\/\"},\"sameAs\":[\"https:\/\/www.facebook.com\/lily.ding.52\",\"https:\/\/www.linkedin.com\/in\/lilyxlpecable\/\"]}]}<\/script>\n<!-- \/ Yoast SEO plugin. -->","yoast_head_json":{"title":"liste de prix pour la vente de c\u00e2bles en aluminium, cuivre, 3 5 4 conducteurs, swa, arm\u00e9s, 50 mm","description":"Huadong fournit des c\u00e2bles blind\u00e9s en aluminium, cuivre, swa, 5 conducteurs, 4 conducteurs, 50 mm, \u00e0 des prix tr\u00e8s comp\u00e9titifs. Nous pouvons \u00e9galement personnaliser les c\u00e2bles de soudure de batterie de 50 mm2 pour vous.","robots":{"index":"index","follow":"follow","max-snippet":"max-snippet:-1","max-image-preview":"max-image-preview:large","max-video-preview":"max-video-preview:-1"},"canonical":"https:\/\/hdcarmouredcable.com\/fr\/prix-du-cable-de-50-mm\/","og_locale":"fr_FR","og_type":"article","og_title":"aluminum copper 3 5 4 core swa armoured 50mm cable price list for sale","og_description":"Huadong supply aluminum copper swa armoured 5 core 4 core 50mm cable price at cheap, can customize thhn battery welding 50mm2 cable for you.","og_url":"https:\/\/hdcarmouredcable.com\/fr\/prix-du-cable-de-50-mm\/","og_site_name":"Huadong Armoured Cable Group","article_publisher":"https:\/\/www.facebook.com\/lily.ding.52","article_modified_time":"2023-07-24T09:09:14+00:00","og_image":[{"url":"https:\/\/hdcarmouredcable.com\/wp-content\/uploads\/2020\/10\/4-core-50mm-armoured-cable-price-list-in-South-Africa.jpg","type":"","width":"","height":""}],"twitter_card":"summary_large_image","twitter_misc":{"Dur\u00e9e de lecture estim\u00e9e":"3 minutes"},"schema":{"@context":"https:\/\/schema.org","@graph":[{"@type":"WebPage","@id":"https:\/\/hdcarmouredcable.com\/50mm-cable-price\/","url":"https:\/\/hdcarmouredcable.com\/50mm-cable-price\/","name":"liste de prix pour la vente de c\u00e2bles en aluminium, cuivre, 3 5 4 conducteurs, swa, arm\u00e9s, 50 mm","isPartOf":{"@id":"https:\/\/hdcarmouredcable.com\/#website"},"primaryImageOfPage":{"@id":"https:\/\/hdcarmouredcable.com\/50mm-cable-price\/#primaryimage"},"image":{"@id":"https:\/\/hdcarmouredcable.com\/50mm-cable-price\/#primaryimage"},"thumbnailUrl":"https:\/\/hdcarmouredcable.com\/wp-content\/uploads\/2020\/10\/4-core-50mm-armoured-cable-price-list-in-South-Africa.jpg","datePublished":"2020-10-09T09:56:21+00:00","dateModified":"2023-07-24T09:09:14+00:00","description":"Huadong fournit des c\u00e2bles blind\u00e9s en aluminium, cuivre, swa, 5 conducteurs, 4 conducteurs, 50 mm, \u00e0 des prix tr\u00e8s comp\u00e9titifs. Nous pouvons \u00e9galement personnaliser les c\u00e2bles de soudure de batterie de 50 mm2 pour vous.","inLanguage":"fr-FR","potentialAction":[{"@type":"ReadAction","target":["https:\/\/hdcarmouredcable.com\/50mm-cable-price\/"]}]},{"@type":"ImageObject","inLanguage":"fr-FR","@id":"https:\/\/hdcarmouredcable.com\/50mm-cable-price\/#primaryimage","url":"https:\/\/hdcarmouredcable.com\/wp-content\/uploads\/2020\/10\/4-core-50mm-armoured-cable-price-list-in-South-Africa.jpg","contentUrl":"https:\/\/hdcarmouredcable.com\/wp-content\/uploads\/2020\/10\/4-core-50mm-armoured-cable-price-list-in-South-Africa.jpg"},{"@type":"WebSite","@id":"https:\/\/hdcarmouredcable.com\/#website","url":"https:\/\/hdcarmouredcable.com\/","name":"Huadong Armoured Cable Group","description":"fabricant professionnel de c\u00e2bles arm\u00e9s en fil d'acier","publisher":{"@id":"https:\/\/hdcarmouredcable.com\/#organization"},"potentialAction":[{"@type":"SearchAction","target":{"@type":"EntryPoint","urlTemplate":"https:\/\/hdcarmouredcable.com\/?s={search_term_string}"},"query-input":{"@type":"PropertyValueSpecification","valueRequired":true,"valueName":"search_term_string"}}],"inLanguage":"fr-FR"},{"@type":"Organization","@id":"https:\/\/hdcarmouredcable.com\/#organization","name":"Groupe Huadong Cable","url":"https:\/\/hdcarmouredcable.com\/","logo":{"@type":"ImageObject","inLanguage":"fr-FR","@id":"https:\/\/hdcarmouredcable.com\/#\/schema\/logo\/image\/","url":"https:\/\/hdcarmouredcable.com\/wp-content\/uploads\/2022\/07\/Huadong-log.png","contentUrl":"https:\/\/hdcarmouredcable.com\/wp-content\/uploads\/2022\/07\/Huadong-log.png","width":860,"height":860,"caption":"Huadong Cable Group"},"image":{"@id":"https:\/\/hdcarmouredcable.com\/#\/schema\/logo\/image\/"},"sameAs":["https:\/\/www.facebook.com\/lily.ding.52","https:\/\/www.linkedin.com\/in\/lilyxlpecable\/"]}]}},"amp_enabled":true,"_links":{"self":[{"href":"https:\/\/hdcarmouredcable.com\/fr\/wp-json\/wp\/v2\/pages\/4066","targetHints":{"allow":["GET"]}}],"collection":[{"href":"https:\/\/hdcarmouredcable.com\/fr\/wp-json\/wp\/v2\/pages"}],"about":[{"href":"https:\/\/hdcarmouredcable.com\/fr\/wp-json\/wp\/v2\/types\/page"}],"author":[{"embeddable":true,"href":"https:\/\/hdcarmouredcable.com\/fr\/wp-json\/wp\/v2\/users\/1"}],"replies":[{"embeddable":true,"href":"https:\/\/hdcarmouredcable.com\/fr\/wp-json\/wp\/v2\/comments?post=4066"}],"version-history":[{"count":6,"href":"https:\/\/hdcarmouredcable.com\/fr\/wp-json\/wp\/v2\/pages\/4066\/revisions"}],"predecessor-version":[{"id":9468,"href":"https:\/\/hdcarmouredcable.com\/fr\/wp-json\/wp\/v2\/pages\/4066\/revisions\/9468"}],"wp:attachment":[{"href":"https:\/\/hdcarmouredcable.com\/fr\/wp-json\/wp\/v2\/media?parent=4066"}],"curies":[{"name":"wp","href":"https:\/\/api.w.org\/{rel}","templated":true}]}}