{"id":6902,"date":"2022-08-08T17:03:54","date_gmt":"2022-08-08T09:03:54","guid":{"rendered":"https:\/\/hdcarmouredcable.com\/?page_id=6902"},"modified":"2023-07-25T15:42:16","modified_gmt":"2023-07-25T07:42:16","slug":"a216314-wireline-1l18-cable","status":"publish","type":"page","link":"https:\/\/hdcarmouredcable.com\/fr\/a216314-cable-1l18\/","title":{"rendered":"Wireline 8.03mm A216314 3\/16\" (4.70 mm) C\u00e2ble monoconducteur 1L18"},"content":{"rendered":"<h2>Application du c\u00e2ble 8.03mm A216314 3\/16\" (4.70 mm) Monoconducteur 1L18<\/h2>\n<p>Le c\u00e2ble 8.03mm A216314 3\/16\" (4.70 mm) Monoconducteur 1L18 est non seulement utilis\u00e9 pour les op\u00e9rations de diagraphie, de perforation et de carottage pour diff\u00e9rents types de puits de p\u00e9trole et de gaz, mais aussi pour l'\u00e9tude des oc\u00e9ans, des rivi\u00e8res, des baies, l'hydrologie, la mesure, la prospection g\u00e9ologique des gisements de charbon et la diagraphie des puits g\u00e9othermiques.<\/p>\n<h2>A216314 3\/16\" (4,70 mm) Monoconducteur 1L18 PROPRI\u00c9T\u00c9S<\/h2>\n<table class=\"catalogDefinitions\" width=\"100%\">\n<tbody>\n<tr>\n<td width=\"33%\">Diam\u00e8tre du c\u00e2ble :<\/td>\n<td width=\"33%\">0.185\" +0.004\" -0.002\"<\/td>\n<td width=\"33%\">(4,70 mm + 0,10 mm -0,05 mm)<\/td>\n<\/tr>\n<tr>\n<td>Diam\u00e8tre minimum des poulies :<\/td>\n<td>14\"<\/td>\n<td>(36 cm)<\/td>\n<\/tr>\n<tr>\n<td>Coefficient d'\u00e9tirement du c\u00e2ble :<\/td>\n<td>3.0 ft\/Kft\/Klbs<\/td>\n<td>(3,37 m\/Km\/5KN)<\/td>\n<\/tr>\n<\/tbody>\n<\/table>\n<h2>ELECTRICITE :<\/h2>\n<table class=\"catalogDefinitions\" width=\"100%\">\n<tbody>\n<tr>\n<td width=\"33%\">Tension maximale du conducteur :<\/td>\n<td width=\"33%\">1 000 VDC<\/td>\n<td width=\"33%\"><\/td>\n<\/tr>\n<tr>\n<td>Conducteur AWG Rating :<\/td>\n<td>20<\/td>\n<td><\/td>\n<\/tr>\n<tr>\n<td>R\u00e9sistance d'isolation minimale :<\/td>\n<td>1 500 Mega\u03a9\/Kft @ 1000VDC<\/td>\n<td>(457 Mega\u03a9\/Km @ 1000VDC)<\/td>\n<\/tr>\n<tr>\n<td>R\u00e9sistance \u00e9lectrique de l'armure :<\/td>\n<td>6,0 \u03a9\/Kft<\/td>\n<td>(19,7 \u03a9\/Km)<\/td>\n<\/tr>\n<\/tbody>\n<\/table>\n<h2>M\u00c9CANIQUE :<\/h2>\n<table class=\"catalogDefinitions\" width=\"100%\">\n<tbody>\n<tr>\n<td colspan=\"3\">R\u00e9sistance \u00e0 la rupture du c\u00e2ble :<\/td>\n<\/tr>\n<tr>\n<td class=\"indent\" width=\"33%\">Les extr\u00e9mit\u00e9s sont fix\u00e9es :<\/td>\n<td width=\"33%\">4 000 lbs<\/td>\n<td width=\"33%\">(17,8 KN) Nominal<\/td>\n<\/tr>\n<tr>\n<td>Tension de travail maximale sugg\u00e9r\u00e9e :<\/td>\n<td>2 000 lbs<\/td>\n<td>(8,9 KN) Nominal<\/td>\n<\/tr>\n<tr>\n<td colspan=\"3\">Nombre et taille des fils :<\/td>\n<\/tr>\n<tr>\n<td class=\"indent\">Armure int\u00e9rieure<\/td>\n<td>12 x 0.0220\"<\/td>\n<td>(0,559 mm)<\/td>\n<\/tr>\n<tr>\n<td class=\"indent\">Armure ext\u00e9rieure<\/td>\n<td>12 x 0.0358\"<\/td>\n<td>(0,909 mm)<\/td>\n<\/tr>\n<tr>\n<td colspan=\"3\">R\u00e9sistance moyenne \u00e0 la rupture du fil :<\/td>\n<\/tr>\n<tr>\n<td class=\"indent\">Armure int\u00e9rieure<\/td>\n<td>103 lbs<\/td>\n<td>(0.46 KN)<\/td>\n<\/tr>\n<tr>\n<td class=\"indent\">Armure ext\u00e9rieure<\/td>\n<td>272 lbs<\/td>\n<td>(1.21 KN)<\/td>\n<\/tr>\n<\/tbody>\n<\/table>\n<div class=\"row prodetails\">\n<div class=\"col-lg-6 col-md-12 col-xs-12 col-sm-12\">\n<h2>Description<\/h2>\n<p>CONDUITE : 1.73mm, 0.068Inch<br \/>\n#14 AWG, 19\/0.0142\u2033 (0.36mm) BC<br \/>\nISOLATION : 3.86mm, 0.152Inch<br \/>\n0.042\u2033 (1.07mm) Mur EPC<br \/>\nARMOR : Galv. Acier HS<br \/>\nint\u00e9rieur : 12\/0.044\u2033 (1.12mm) 5.79 0.228<br \/>\next\u00e9rieur : 18\/0.044\u2033 (1.12mm) 8.03 0.316<\/p>\n<\/div>\n<div class=\"col-lg-6 col-md-12 col-xs-12 col-sm-12\">\n<p><img loading=\"lazy\" decoding=\"async\" class=\"aligncenter size-full wp-image-6907\" src=\"https:\/\/hdcarmouredcable.com\/wp-content\/uploads\/2022\/08\/8.03mm-wireline-14awg-logging-cable.jpg\" alt=\"\" width=\"626\" height=\"406\" srcset=\"https:\/\/hdcarmouredcable.com\/wp-content\/uploads\/2022\/08\/8.03mm-wireline-14awg-logging-cable.jpg 626w, https:\/\/hdcarmouredcable.com\/wp-content\/uploads\/2022\/08\/8.03mm-wireline-14awg-logging-cable-300x195.jpg 300w, https:\/\/hdcarmouredcable.com\/wp-content\/uploads\/2022\/08\/8.03mm-wireline-14awg-logging-cable-600x389.jpg 600w\" sizes=\"auto, (max-width: 626px) 100vw, 626px\" \/><\/p>\n<\/div>\n<\/div>\n<p>&nbsp;<\/p>","protected":false},"excerpt":{"rendered":"<p>Application of Wireline 8.03mm A216314 3\/16\u201d (4.70 mm) Monoconductor 1L18 The Wireline 8.03mm A216314 3\/16\u201d (4.70 mm) Monoconductor 1L18 is not only used for operation of well logging, perforating, and coring for various types of oil and gas wells but also used for the investigation of the oceans, rivers, bays, hydrological, measuring, coalfield geological prospecting &#8230; <a class=\"read-more\" href=\"https:\/\/hdcarmouredcable.com\/fr\/a216314-cable-1l18\/\">Lire plus...<\/a><\/p>","protected":false},"author":1,"featured_media":0,"parent":0,"menu_order":0,"comment_status":"closed","ping_status":"closed","template":"","meta":{"_joinchat":[],"footnotes":""},"class_list":["post-6902","page","type-page","status-publish"],"yoast_head":"<!-- This site is optimized with the Yoast SEO plugin v25.1 - https:\/\/yoast.com\/wordpress\/plugins\/seo\/ -->\n<title>Wireline 8.03mm A216314 3\/16\u201d (4.70 mm) Monoconductor 1L18 Cable - Huadong Armoured Cable Group<\/title>\n<meta name=\"robots\" content=\"index, follow, max-snippet:-1, max-image-preview:large, max-video-preview:-1\" \/>\n<link rel=\"canonical\" href=\"https:\/\/hdcarmouredcable.com\/fr\/a216314-cable-1l18\/\" \/>\n<meta property=\"og:locale\" content=\"fr_FR\" \/>\n<meta property=\"og:type\" content=\"article\" \/>\n<meta property=\"og:title\" content=\"Wireline 8.03mm A216314 3\/16\u201d (4.70 mm) Monoconductor 1L18 Cable - Huadong Armoured Cable Group\" \/>\n<meta property=\"og:description\" content=\"Application of Wireline 8.03mm A216314 3\/16\u201d (4.70 mm) Monoconductor 1L18 The Wireline 8.03mm A216314 3\/16\u201d (4.70 mm) Monoconductor 1L18 is not only used for operation of well logging, perforating, and coring for various types of oil and gas wells but also used for the investigation of the oceans, rivers, bays, hydrological, measuring, coalfield geological prospecting ... Lire plus...\" \/>\n<meta property=\"og:url\" content=\"https:\/\/hdcarmouredcable.com\/fr\/a216314-cable-1l18\/\" \/>\n<meta property=\"og:site_name\" content=\"Huadong Armoured Cable Group\" \/>\n<meta property=\"article:publisher\" content=\"https:\/\/www.facebook.com\/lily.ding.52\" \/>\n<meta property=\"article:modified_time\" content=\"2023-07-25T07:42:16+00:00\" \/>\n<meta property=\"og:image\" content=\"https:\/\/hdcarmouredcable.com\/wp-content\/uploads\/2022\/08\/8.03mm-wireline-14awg-logging-cable.jpg\" \/>\n<meta name=\"twitter:card\" content=\"summary_large_image\" \/>\n<meta name=\"twitter:label1\" content=\"Dur\u00e9e de lecture estim\u00e9e\" \/>\n\t<meta name=\"twitter:data1\" content=\"2 minutes\" \/>\n<script type=\"application\/ld+json\" class=\"yoast-schema-graph\">{\"@context\":\"https:\/\/schema.org\",\"@graph\":[{\"@type\":\"WebPage\",\"@id\":\"https:\/\/hdcarmouredcable.com\/a216314-wireline-1l18-cable\/\",\"url\":\"https:\/\/hdcarmouredcable.com\/a216314-wireline-1l18-cable\/\",\"name\":\"Wireline 8.03mm A216314 3\/16\u201d (4.70 mm) Monoconductor 1L18 Cable - Huadong Armoured Cable Group\",\"isPartOf\":{\"@id\":\"https:\/\/hdcarmouredcable.com\/#website\"},\"primaryImageOfPage\":{\"@id\":\"https:\/\/hdcarmouredcable.com\/a216314-wireline-1l18-cable\/#primaryimage\"},\"image\":{\"@id\":\"https:\/\/hdcarmouredcable.com\/a216314-wireline-1l18-cable\/#primaryimage\"},\"thumbnailUrl\":\"https:\/\/hdcarmouredcable.com\/wp-content\/uploads\/2022\/08\/8.03mm-wireline-14awg-logging-cable.jpg\",\"datePublished\":\"2022-08-08T09:03:54+00:00\",\"dateModified\":\"2023-07-25T07:42:16+00:00\",\"inLanguage\":\"fr-FR\",\"potentialAction\":[{\"@type\":\"ReadAction\",\"target\":[\"https:\/\/hdcarmouredcable.com\/a216314-wireline-1l18-cable\/\"]}]},{\"@type\":\"ImageObject\",\"inLanguage\":\"fr-FR\",\"@id\":\"https:\/\/hdcarmouredcable.com\/a216314-wireline-1l18-cable\/#primaryimage\",\"url\":\"https:\/\/hdcarmouredcable.com\/wp-content\/uploads\/2022\/08\/8.03mm-wireline-14awg-logging-cable.jpg\",\"contentUrl\":\"https:\/\/hdcarmouredcable.com\/wp-content\/uploads\/2022\/08\/8.03mm-wireline-14awg-logging-cable.jpg\"},{\"@type\":\"WebSite\",\"@id\":\"https:\/\/hdcarmouredcable.com\/#website\",\"url\":\"https:\/\/hdcarmouredcable.com\/\",\"name\":\"Huadong Armoured Cable Group\",\"description\":\"professional steel wire armoured cable manufacturer\",\"publisher\":{\"@id\":\"https:\/\/hdcarmouredcable.com\/#organization\"},\"potentialAction\":[{\"@type\":\"SearchAction\",\"target\":{\"@type\":\"EntryPoint\",\"urlTemplate\":\"https:\/\/hdcarmouredcable.com\/?s={search_term_string}\"},\"query-input\":{\"@type\":\"PropertyValueSpecification\",\"valueRequired\":true,\"valueName\":\"search_term_string\"}}],\"inLanguage\":\"fr-FR\"},{\"@type\":\"Organization\",\"@id\":\"https:\/\/hdcarmouredcable.com\/#organization\",\"name\":\"Huadong Cable Group\",\"url\":\"https:\/\/hdcarmouredcable.com\/\",\"logo\":{\"@type\":\"ImageObject\",\"inLanguage\":\"fr-FR\",\"@id\":\"https:\/\/hdcarmouredcable.com\/#\/schema\/logo\/image\/\",\"url\":\"https:\/\/hdcarmouredcable.com\/wp-content\/uploads\/2022\/07\/Huadong-log.png\",\"contentUrl\":\"https:\/\/hdcarmouredcable.com\/wp-content\/uploads\/2022\/07\/Huadong-log.png\",\"width\":860,\"height\":860,\"caption\":\"Huadong Cable Group\"},\"image\":{\"@id\":\"https:\/\/hdcarmouredcable.com\/#\/schema\/logo\/image\/\"},\"sameAs\":[\"https:\/\/www.facebook.com\/lily.ding.52\",\"https:\/\/www.linkedin.com\/in\/lilyxlpecable\/\"]}]}<\/script>\n<!-- \/ Yoast SEO plugin. -->","yoast_head_json":{"title":"Wireline 8.03mm A216314 3\/16\" (4.70 mm) C\u00e2ble monoconducteur 1L18 - Huadong Armoured Cable Group","robots":{"index":"index","follow":"follow","max-snippet":"max-snippet:-1","max-image-preview":"max-image-preview:large","max-video-preview":"max-video-preview:-1"},"canonical":"https:\/\/hdcarmouredcable.com\/fr\/a216314-cable-1l18\/","og_locale":"fr_FR","og_type":"article","og_title":"Wireline 8.03mm A216314 3\/16\u201d (4.70 mm) Monoconductor 1L18 Cable - Huadong Armoured Cable Group","og_description":"Application of Wireline 8.03mm A216314 3\/16\u201d (4.70 mm) Monoconductor 1L18 The Wireline 8.03mm A216314 3\/16\u201d (4.70 mm) Monoconductor 1L18 is not only used for operation of well logging, perforating, and coring for various types of oil and gas wells but also used for the investigation of the oceans, rivers, bays, hydrological, measuring, coalfield geological prospecting ... Lire plus...","og_url":"https:\/\/hdcarmouredcable.com\/fr\/a216314-cable-1l18\/","og_site_name":"Huadong Armoured Cable Group","article_publisher":"https:\/\/www.facebook.com\/lily.ding.52","article_modified_time":"2023-07-25T07:42:16+00:00","og_image":[{"url":"https:\/\/hdcarmouredcable.com\/wp-content\/uploads\/2022\/08\/8.03mm-wireline-14awg-logging-cable.jpg","type":"","width":"","height":""}],"twitter_card":"summary_large_image","twitter_misc":{"Dur\u00e9e de lecture estim\u00e9e":"2 minutes"},"schema":{"@context":"https:\/\/schema.org","@graph":[{"@type":"WebPage","@id":"https:\/\/hdcarmouredcable.com\/a216314-wireline-1l18-cable\/","url":"https:\/\/hdcarmouredcable.com\/a216314-wireline-1l18-cable\/","name":"Wireline 8.03mm A216314 3\/16\" (4.70 mm) C\u00e2ble monoconducteur 1L18 - Huadong Armoured Cable Group","isPartOf":{"@id":"https:\/\/hdcarmouredcable.com\/#website"},"primaryImageOfPage":{"@id":"https:\/\/hdcarmouredcable.com\/a216314-wireline-1l18-cable\/#primaryimage"},"image":{"@id":"https:\/\/hdcarmouredcable.com\/a216314-wireline-1l18-cable\/#primaryimage"},"thumbnailUrl":"https:\/\/hdcarmouredcable.com\/wp-content\/uploads\/2022\/08\/8.03mm-wireline-14awg-logging-cable.jpg","datePublished":"2022-08-08T09:03:54+00:00","dateModified":"2023-07-25T07:42:16+00:00","inLanguage":"fr-FR","potentialAction":[{"@type":"ReadAction","target":["https:\/\/hdcarmouredcable.com\/a216314-wireline-1l18-cable\/"]}]},{"@type":"ImageObject","inLanguage":"fr-FR","@id":"https:\/\/hdcarmouredcable.com\/a216314-wireline-1l18-cable\/#primaryimage","url":"https:\/\/hdcarmouredcable.com\/wp-content\/uploads\/2022\/08\/8.03mm-wireline-14awg-logging-cable.jpg","contentUrl":"https:\/\/hdcarmouredcable.com\/wp-content\/uploads\/2022\/08\/8.03mm-wireline-14awg-logging-cable.jpg"},{"@type":"WebSite","@id":"https:\/\/hdcarmouredcable.com\/#website","url":"https:\/\/hdcarmouredcable.com\/","name":"Huadong Armoured Cable Group","description":"fabricant professionnel de c\u00e2bles arm\u00e9s en fil d'acier","publisher":{"@id":"https:\/\/hdcarmouredcable.com\/#organization"},"potentialAction":[{"@type":"SearchAction","target":{"@type":"EntryPoint","urlTemplate":"https:\/\/hdcarmouredcable.com\/?s={search_term_string}"},"query-input":{"@type":"PropertyValueSpecification","valueRequired":true,"valueName":"search_term_string"}}],"inLanguage":"fr-FR"},{"@type":"Organization","@id":"https:\/\/hdcarmouredcable.com\/#organization","name":"Groupe Huadong Cable","url":"https:\/\/hdcarmouredcable.com\/","logo":{"@type":"ImageObject","inLanguage":"fr-FR","@id":"https:\/\/hdcarmouredcable.com\/#\/schema\/logo\/image\/","url":"https:\/\/hdcarmouredcable.com\/wp-content\/uploads\/2022\/07\/Huadong-log.png","contentUrl":"https:\/\/hdcarmouredcable.com\/wp-content\/uploads\/2022\/07\/Huadong-log.png","width":860,"height":860,"caption":"Huadong Cable Group"},"image":{"@id":"https:\/\/hdcarmouredcable.com\/#\/schema\/logo\/image\/"},"sameAs":["https:\/\/www.facebook.com\/lily.ding.52","https:\/\/www.linkedin.com\/in\/lilyxlpecable\/"]}]}},"amp_enabled":true,"_links":{"self":[{"href":"https:\/\/hdcarmouredcable.com\/fr\/wp-json\/wp\/v2\/pages\/6902","targetHints":{"allow":["GET"]}}],"collection":[{"href":"https:\/\/hdcarmouredcable.com\/fr\/wp-json\/wp\/v2\/pages"}],"about":[{"href":"https:\/\/hdcarmouredcable.com\/fr\/wp-json\/wp\/v2\/types\/page"}],"author":[{"embeddable":true,"href":"https:\/\/hdcarmouredcable.com\/fr\/wp-json\/wp\/v2\/users\/1"}],"replies":[{"embeddable":true,"href":"https:\/\/hdcarmouredcable.com\/fr\/wp-json\/wp\/v2\/comments?post=6902"}],"version-history":[{"count":7,"href":"https:\/\/hdcarmouredcable.com\/fr\/wp-json\/wp\/v2\/pages\/6902\/revisions"}],"predecessor-version":[{"id":9572,"href":"https:\/\/hdcarmouredcable.com\/fr\/wp-json\/wp\/v2\/pages\/6902\/revisions\/9572"}],"wp:attachment":[{"href":"https:\/\/hdcarmouredcable.com\/fr\/wp-json\/wp\/v2\/media?parent=6902"}],"curies":[{"name":"wp","href":"https:\/\/api.w.org\/{rel}","templated":true}]}}