{"id":898,"date":"2018-09-06T17:26:42","date_gmt":"2018-09-06T09:26:42","guid":{"rendered":"https:\/\/hdcarmouredcable.com\/?page_id=898"},"modified":"2023-02-15T14:28:51","modified_gmt":"2023-02-15T06:28:51","slug":"about-hdc","status":"publish","type":"page","link":"https:\/\/hdcarmouredcable.com\/fr\/a-propos-de-la-hdc\/","title":{"rendered":"\u00c0 propos de HDC"},"content":{"rendered":"<p>Henan Huadong Cable Group est une soci\u00e9t\u00e9 par actions, int\u00e9gr\u00e9e dans la production de c\u00e2bles, la recherche et le d\u00e9veloppement, ainsi que le commerce national et international. C'est \u00e9galement l'une des plus grandes entreprises professionnelles d'importation et d'exportation en Chine.<br \/>\nL'usine a \u00e9t\u00e9 fond\u00e9e en 1988, occupe 50 000 m\u00e8tres carr\u00e9s et est situ\u00e9e dans la zone industrielle de Xiuwu, dans la ville de Jiaozuo. Elle dispose de 20 lignes de production dot\u00e9es d'\u00e9quipements de pointe et de 25 machines d'essai. La capacit\u00e9 de production annuelle est sup\u00e9rieure \u00e0 12 millions de kilom\u00e8tres. Notre succursale internationale est situ\u00e9e dans la ville de Zhengzhou, r\u00e9put\u00e9e pour la commodit\u00e9 de ses transports.<\/p>\n<p><img loading=\"lazy\" decoding=\"async\" class=\"aligncenter size-full wp-image-8128\" src=\"https:\/\/hdcarmouredcable.com\/wp-content\/uploads\/2023\/02\/huadong-cable-group.jpg\" alt=\"huadong cable group\" width=\"1920\" height=\"649\" srcset=\"https:\/\/hdcarmouredcable.com\/wp-content\/uploads\/2023\/02\/huadong-cable-group.jpg 1920w, https:\/\/hdcarmouredcable.com\/wp-content\/uploads\/2023\/02\/huadong-cable-group-300x101.jpg 300w, https:\/\/hdcarmouredcable.com\/wp-content\/uploads\/2023\/02\/huadong-cable-group-1024x346.jpg 1024w, https:\/\/hdcarmouredcable.com\/wp-content\/uploads\/2023\/02\/huadong-cable-group-768x260.jpg 768w, https:\/\/hdcarmouredcable.com\/wp-content\/uploads\/2023\/02\/huadong-cable-group-1536x519.jpg 1536w, https:\/\/hdcarmouredcable.com\/wp-content\/uploads\/2023\/02\/huadong-cable-group-600x203.jpg 600w\" sizes=\"auto, (max-width: 1920px) 100vw, 1920px\" \/><\/p>\n<p>Nous produisons et exportons principalement des c\u00e2bles \u00e9lectriques, des conducteurs en aluminium (AAC), des conducteurs en aluminium renforc\u00e9s d'acier (ACSR), des conducteurs en alliage d'aluminium (AAAC), des c\u00e2bles a\u00e9riens ABC, des c\u00e2bles \u00e9lectriques 1-35kV (y compris des c\u00e2bles \u00e0 isolation XLPE, des c\u00e2bles \u00e0 isolation PVC, des c\u00e2bles arm\u00e9s SWA\/STA), des c\u00e2bles de commande, des c\u00e2bles de soudage, des c\u00e2bles en caoutchouc, des c\u00e2bles miniers, des fils \u00e9lectriques (c\u00e2bles flexibles \u00e0 gaine PVC), des c\u00e2bles OPGW et des c\u00e2bles sp\u00e9ciaux.<\/p>\n<p>Ces c\u00e2bles peuvent \u00eatre utilis\u00e9s pour la transmission d'\u00e9nergie dans l'air, sous terre et dans l'industrie, comme les centrales \u00e9lectriques, les chemins de fer, l'agriculture et l'immobilier. Nos produits ont obtenu les certificats I S O 9 0 0 1:2 0 0 2 et CCC, PCCC, SGS, BV. Nous respectons strictement les normes GB, IEC, BS, ICEA, ASTM, DIN, VED, JIS pour la fabrication des produits. Nous pouvons \u00e9galement concevoir et produire selon les exigences des clients. Nous avons export\u00e9 des fils et des c\u00e2bles vers l'Europe, l'Am\u00e9rique du Sud, l'Am\u00e9rique du Nord, le Moyen-Orient, l'Afrique, l'Asie, l'Oc\u00e9anie, etc.<\/p>\n<p><img loading=\"lazy\" decoding=\"async\" class=\"aligncenter size-full wp-image-8007\" src=\"https:\/\/hdcarmouredcable.com\/wp-content\/uploads\/2023\/02\/banners-4-1-1.jpg\" alt=\"\" width=\"1918\" height=\"530\" srcset=\"https:\/\/hdcarmouredcable.com\/wp-content\/uploads\/2023\/02\/banners-4-1-1.jpg 1918w, https:\/\/hdcarmouredcable.com\/wp-content\/uploads\/2023\/02\/banners-4-1-1-300x83.jpg 300w, https:\/\/hdcarmouredcable.com\/wp-content\/uploads\/2023\/02\/banners-4-1-1-1024x283.jpg 1024w, https:\/\/hdcarmouredcable.com\/wp-content\/uploads\/2023\/02\/banners-4-1-1-768x212.jpg 768w, https:\/\/hdcarmouredcable.com\/wp-content\/uploads\/2023\/02\/banners-4-1-1-1536x424.jpg 1536w, https:\/\/hdcarmouredcable.com\/wp-content\/uploads\/2023\/02\/banners-4-1-1-600x166.jpg 600w\" sizes=\"auto, (max-width: 1918px) 100vw, 1918px\" \/><\/p>\n<p>Nous adh\u00e9rons \u00e0 la haute qualit\u00e9 et au meilleur service pour que notre c\u00e2ble HUADONG soit c\u00e9l\u00e8bre dans le monde entier. Merci de votre soutien et de votre confiance ! HUADONG CABLES se r\u00e9jouit de votre demande et de votre visite, nous sommes \u00e0 votre service !<\/p>\n<p>Nos principes :<br \/>\n1) La qualit\u00e9 d'abord, le client d'abord, la s\u00e9curit\u00e9 d'abord<br \/>\n2) Meilleur service, livraison plus rapide<br \/>\n3) B\u00e9n\u00e9fices \u00e9gaux et mutuels<br \/>\n4) Honn\u00eatet\u00e9 et professionnalisme<\/p>\n<figure id=\"attachment_402\" aria-describedby=\"caption-attachment-402\" style=\"width: 1510px\" class=\"wp-caption aligncenter\"><img loading=\"lazy\" decoding=\"async\" class=\"size-full wp-image-402\" src=\"https:\/\/hdcarmouredcable.com\/wp-content\/uploads\/2018\/07\/1.5-sq-mm-armoured-cable-packaging-2.jpg\" alt=\"C\u00e2ble souterrain 11kv\" width=\"1520\" height=\"711\" \/><figcaption id=\"caption-attachment-402\" class=\"wp-caption-text\">Emballage et livraison du c\u00e2ble souterrain 11kv<\/figcaption><\/figure>\n<p>Notre service :<br \/>\n1. r\u00e9ponse rapide et professionnelle<br \/>\n2. patient et fiable<br \/>\n3. un syst\u00e8me de contr\u00f4le de la qualit\u00e9 rigoureux<br \/>\n4. livraison dans les d\u00e9lais<\/p>\n\n<div class=\"wpcf7 no-js\" id=\"wpcf7-f5800-o1\" lang=\"en-US\" dir=\"ltr\" data-wpcf7-id=\"5800\">\n<div class=\"screen-reader-response\"><p role=\"status\" aria-live=\"polite\" aria-atomic=\"true\"><\/p> <ul><\/ul><\/div>\n<form action=\"\/fr\/wp-json\/wp\/v2\/pages\/898#wpcf7-f5800-o1\" method=\"post\" class=\"wpcf7-form init\" aria-label=\"Formulaire de contact\" novalidate=\"novalidate\" data-status=\"init\" data-trp-original-action=\"\/fr\/wp-json\/wp\/v2\/pages\/898#wpcf7-f5800-o1\">\n<div style=\"display: none;\">\n<input type=\"hidden\" name=\"_wpcf7\" value=\"5800\" \/>\n<input type=\"hidden\" name=\"_wpcf7_version\" value=\"6.0.6\" \/>\n<input type=\"hidden\" name=\"_wpcf7_locale\" value=\"en_US\" \/>\n<input type=\"hidden\" name=\"_wpcf7_unit_tag\" value=\"wpcf7-f5800-o1\" \/>\n<input type=\"hidden\" name=\"_wpcf7_container_post\" value=\"0\" \/>\n<input type=\"hidden\" name=\"_wpcf7_posted_data_hash\" value=\"\" \/>\n<\/div>\n<div class=\"popmakerform\">\n\t<h3>Obtenir un devis gratuit\n\t<\/h3>\n\t<p>Travaillons ensemble sur votre projet par e-mail : <a href=\"mailto:info@hdcarmouredcable.com\" rel=\"nofollow\">info@hdcarmouredcable.com<\/a>\n\t<\/p>\n\t<p>Produit int\u00e9ress\u00e9 <span style=\"color:red;\">*<span><br \/>\n<span class=\"wpcf7-form-control-wrap\" data-name=\"item\"><input size=\"40\" maxlength=\"400\" class=\"wpcf7-form-control wpcf7-text\" id=\"item\" aria-invalid=\"false\" value=\"\" type=\"text\" name=\"item\" \/><\/span><\/span><\/span>\n\t<\/p>\n\t<p>Votre nom <span style=\"color:red;\">*<span><br \/>\n<span class=\"wpcf7-form-control-wrap\" data-name=\"your-name\"><input size=\"40\" maxlength=\"400\" class=\"wpcf7-form-control wpcf7-text wpcf7-validates-as-required\" aria-required=\"true\" aria-invalid=\"false\" value=\"\" type=\"text\" name=\"your-name\" \/><\/span><\/span><\/span>\n\t<\/p>\n\t<p>Votre courriel <span style=\"color:red;\">*<span><br \/>\n<span class=\"wpcf7-form-control-wrap\" data-name=\"your-email\"><input size=\"40\" maxlength=\"400\" class=\"wpcf7-form-control wpcf7-email wpcf7-validates-as-required wpcf7-text wpcf7-validates-as-email\" aria-required=\"true\" aria-invalid=\"false\" value=\"\" type=\"email\" name=\"your-email\" \/><\/span><\/span><\/span>\n\t<\/p>\n\t<p>Votre num\u00e9ro de t\u00e9l\u00e9phone (inclure l'indicatif r\u00e9gional)<br \/>\n<span class=\"wpcf7-form-control-wrap\" data-name=\"your-phone\"><input size=\"40\" maxlength=\"400\" class=\"wpcf7-form-control wpcf7-text\" aria-invalid=\"false\" value=\"\" type=\"text\" name=\"your-phone\" \/><\/span>\n\t<\/p>\n\t<p>Votre pays<br \/>\n<span class=\"wpcf7-form-control-wrap\" data-name=\"your-country\"><input size=\"40\" maxlength=\"400\" class=\"wpcf7-form-control wpcf7-text\" aria-invalid=\"false\" value=\"\" type=\"text\" name=\"your-country\" \/><\/span>\n\t<\/p>\n\t<p>Exigence d\u00e9taill\u00e9e <span style=\"color:red;\">*<span><br \/>\n<span class=\"wpcf7-form-control-wrap\" data-name=\"your-requirement\"><textarea cols=\"40\" rows=\"5\" maxlength=\"2000\" class=\"wpcf7-form-control wpcf7-textarea wpcf7-validates-as-required\" aria-required=\"true\" aria-invalid=\"false\" placeholder=\"Pour un devis d\u00e9taill\u00e9, veuillez nous envoyer votre demande d\u00e9taill\u00e9e. *\" name=\"your-requirement\"><\/textarea><\/span><\/span><\/span>\n\t<\/p>\n\t<p><input class=\"wpcf7-form-control wpcf7-submit has-spinner\" type=\"submit\" value=\"Obtenir un devis\" \/>\n\t<\/p>\n<\/div><input type='hidden' class='wpcf7-pum' value='{\"closepopup\":false,\"closedelay\":0,\"openpopup\":false,\"openpopup_id\":0}' \/><div class=\"wpcf7-response-output\" aria-hidden=\"true\"><\/div>\n<input type=\"hidden\" name=\"trp-form-language\" value=\"fr\"\/><\/form>\n<\/div>","protected":false},"excerpt":{"rendered":"<p>Henan Huadong Cable Group est une soci\u00e9t\u00e9 par actions, int\u00e9gr\u00e9e dans la production de c\u00e2bles, la recherche et le d\u00e9veloppement, ainsi que le commerce national et international. C'est \u00e9galement l'une des plus grandes entreprises professionnelles d'importation et d'exportation de Chine. L'usine a \u00e9t\u00e9 fond\u00e9e en 1988, occupe 50 000 m\u00e8tres carr\u00e9s, est situ\u00e9e dans la zone industrielle de Xiuwu, dans la ville de Jiaozuo, et compte 20 ... <a class=\"read-more\" href=\"https:\/\/hdcarmouredcable.com\/fr\/a-propos-de-la-hdc\/\">Lire plus...<\/a><\/p>","protected":false},"author":1,"featured_media":0,"parent":0,"menu_order":0,"comment_status":"closed","ping_status":"closed","template":"","meta":{"_joinchat":[],"footnotes":""},"class_list":["post-898","page","type-page","status-publish"],"yoast_head":"<!-- This site is optimized with the Yoast SEO plugin v25.1 - https:\/\/yoast.com\/wordpress\/plugins\/seo\/ -->\n<title>About HDC - Huadong Armoured Cable Group<\/title>\n<meta name=\"robots\" content=\"index, follow, max-snippet:-1, max-image-preview:large, max-video-preview:-1\" \/>\n<link rel=\"canonical\" href=\"https:\/\/hdcarmouredcable.com\/fr\/a-propos-de-la-hdc\/\" \/>\n<meta property=\"og:locale\" content=\"fr_FR\" \/>\n<meta property=\"og:type\" content=\"article\" \/>\n<meta property=\"og:title\" content=\"About HDC - Huadong Armoured Cable Group\" \/>\n<meta property=\"og:description\" content=\"Henan Huadong Cable Group is a joint stock enterprise, integrated in cable production, research &amp; development, and domestic &amp; international trade. And is also the one of biggest professional import and export trade companies in China. The plant was founded in 1988, occupied 50,000 square meters, separately Located in Xiuwu industry area,Jiaozuo City, have 20 ... Lire plus...\" \/>\n<meta property=\"og:url\" content=\"https:\/\/hdcarmouredcable.com\/fr\/a-propos-de-la-hdc\/\" \/>\n<meta property=\"og:site_name\" content=\"Huadong Armoured Cable Group\" \/>\n<meta property=\"article:publisher\" content=\"https:\/\/www.facebook.com\/lily.ding.52\" \/>\n<meta property=\"article:modified_time\" content=\"2023-02-15T06:28:51+00:00\" \/>\n<meta property=\"og:image\" content=\"https:\/\/hdcarmouredcable.com\/wp-content\/uploads\/2023\/02\/huadong-cable-group.jpg\" \/>\n<meta name=\"twitter:card\" content=\"summary_large_image\" \/>\n<meta name=\"twitter:label1\" content=\"Dur\u00e9e de lecture estim\u00e9e\" \/>\n\t<meta name=\"twitter:data1\" content=\"2 minutes\" \/>\n<script type=\"application\/ld+json\" class=\"yoast-schema-graph\">{\"@context\":\"https:\/\/schema.org\",\"@graph\":[{\"@type\":\"WebPage\",\"@id\":\"https:\/\/hdcarmouredcable.com\/about-hdc\/\",\"url\":\"https:\/\/hdcarmouredcable.com\/about-hdc\/\",\"name\":\"About HDC - Huadong Armoured Cable Group\",\"isPartOf\":{\"@id\":\"https:\/\/hdcarmouredcable.com\/#website\"},\"primaryImageOfPage\":{\"@id\":\"https:\/\/hdcarmouredcable.com\/about-hdc\/#primaryimage\"},\"image\":{\"@id\":\"https:\/\/hdcarmouredcable.com\/about-hdc\/#primaryimage\"},\"thumbnailUrl\":\"https:\/\/hdcarmouredcable.com\/wp-content\/uploads\/2023\/02\/huadong-cable-group.jpg\",\"datePublished\":\"2018-09-06T09:26:42+00:00\",\"dateModified\":\"2023-02-15T06:28:51+00:00\",\"inLanguage\":\"fr-FR\",\"potentialAction\":[{\"@type\":\"ReadAction\",\"target\":[\"https:\/\/hdcarmouredcable.com\/about-hdc\/\"]}]},{\"@type\":\"ImageObject\",\"inLanguage\":\"fr-FR\",\"@id\":\"https:\/\/hdcarmouredcable.com\/about-hdc\/#primaryimage\",\"url\":\"https:\/\/hdcarmouredcable.com\/wp-content\/uploads\/2023\/02\/huadong-cable-group.jpg\",\"contentUrl\":\"https:\/\/hdcarmouredcable.com\/wp-content\/uploads\/2023\/02\/huadong-cable-group.jpg\"},{\"@type\":\"WebSite\",\"@id\":\"https:\/\/hdcarmouredcable.com\/#website\",\"url\":\"https:\/\/hdcarmouredcable.com\/\",\"name\":\"Huadong Armoured Cable Group\",\"description\":\"professional steel wire armoured cable manufacturer\",\"publisher\":{\"@id\":\"https:\/\/hdcarmouredcable.com\/#organization\"},\"potentialAction\":[{\"@type\":\"SearchAction\",\"target\":{\"@type\":\"EntryPoint\",\"urlTemplate\":\"https:\/\/hdcarmouredcable.com\/?s={search_term_string}\"},\"query-input\":{\"@type\":\"PropertyValueSpecification\",\"valueRequired\":true,\"valueName\":\"search_term_string\"}}],\"inLanguage\":\"fr-FR\"},{\"@type\":\"Organization\",\"@id\":\"https:\/\/hdcarmouredcable.com\/#organization\",\"name\":\"Huadong Cable Group\",\"url\":\"https:\/\/hdcarmouredcable.com\/\",\"logo\":{\"@type\":\"ImageObject\",\"inLanguage\":\"fr-FR\",\"@id\":\"https:\/\/hdcarmouredcable.com\/#\/schema\/logo\/image\/\",\"url\":\"https:\/\/hdcarmouredcable.com\/wp-content\/uploads\/2022\/07\/Huadong-log.png\",\"contentUrl\":\"https:\/\/hdcarmouredcable.com\/wp-content\/uploads\/2022\/07\/Huadong-log.png\",\"width\":860,\"height\":860,\"caption\":\"Huadong Cable Group\"},\"image\":{\"@id\":\"https:\/\/hdcarmouredcable.com\/#\/schema\/logo\/image\/\"},\"sameAs\":[\"https:\/\/www.facebook.com\/lily.ding.52\",\"https:\/\/www.linkedin.com\/in\/lilyxlpecable\/\"]}]}<\/script>\n<!-- \/ Yoast SEO plugin. -->","yoast_head_json":{"title":"\u00c0 propos de HDC - Huadong Armoured Cable Group","robots":{"index":"index","follow":"follow","max-snippet":"max-snippet:-1","max-image-preview":"max-image-preview:large","max-video-preview":"max-video-preview:-1"},"canonical":"https:\/\/hdcarmouredcable.com\/fr\/a-propos-de-la-hdc\/","og_locale":"fr_FR","og_type":"article","og_title":"About HDC - Huadong Armoured Cable Group","og_description":"Henan Huadong Cable Group is a joint stock enterprise, integrated in cable production, research &amp; development, and domestic &amp; international trade. And is also the one of biggest professional import and export trade companies in China. The plant was founded in 1988, occupied 50,000 square meters, separately Located in Xiuwu industry area,Jiaozuo City, have 20 ... Lire plus...","og_url":"https:\/\/hdcarmouredcable.com\/fr\/a-propos-de-la-hdc\/","og_site_name":"Huadong Armoured Cable Group","article_publisher":"https:\/\/www.facebook.com\/lily.ding.52","article_modified_time":"2023-02-15T06:28:51+00:00","og_image":[{"url":"https:\/\/hdcarmouredcable.com\/wp-content\/uploads\/2023\/02\/huadong-cable-group.jpg","type":"","width":"","height":""}],"twitter_card":"summary_large_image","twitter_misc":{"Dur\u00e9e de lecture estim\u00e9e":"2 minutes"},"schema":{"@context":"https:\/\/schema.org","@graph":[{"@type":"WebPage","@id":"https:\/\/hdcarmouredcable.com\/about-hdc\/","url":"https:\/\/hdcarmouredcable.com\/about-hdc\/","name":"\u00c0 propos de HDC - Huadong Armoured Cable Group","isPartOf":{"@id":"https:\/\/hdcarmouredcable.com\/#website"},"primaryImageOfPage":{"@id":"https:\/\/hdcarmouredcable.com\/about-hdc\/#primaryimage"},"image":{"@id":"https:\/\/hdcarmouredcable.com\/about-hdc\/#primaryimage"},"thumbnailUrl":"https:\/\/hdcarmouredcable.com\/wp-content\/uploads\/2023\/02\/huadong-cable-group.jpg","datePublished":"2018-09-06T09:26:42+00:00","dateModified":"2023-02-15T06:28:51+00:00","inLanguage":"fr-FR","potentialAction":[{"@type":"ReadAction","target":["https:\/\/hdcarmouredcable.com\/about-hdc\/"]}]},{"@type":"ImageObject","inLanguage":"fr-FR","@id":"https:\/\/hdcarmouredcable.com\/about-hdc\/#primaryimage","url":"https:\/\/hdcarmouredcable.com\/wp-content\/uploads\/2023\/02\/huadong-cable-group.jpg","contentUrl":"https:\/\/hdcarmouredcable.com\/wp-content\/uploads\/2023\/02\/huadong-cable-group.jpg"},{"@type":"WebSite","@id":"https:\/\/hdcarmouredcable.com\/#website","url":"https:\/\/hdcarmouredcable.com\/","name":"Huadong Armoured Cable Group","description":"fabricant professionnel de c\u00e2bles arm\u00e9s en fil d'acier","publisher":{"@id":"https:\/\/hdcarmouredcable.com\/#organization"},"potentialAction":[{"@type":"SearchAction","target":{"@type":"EntryPoint","urlTemplate":"https:\/\/hdcarmouredcable.com\/?s={search_term_string}"},"query-input":{"@type":"PropertyValueSpecification","valueRequired":true,"valueName":"search_term_string"}}],"inLanguage":"fr-FR"},{"@type":"Organization","@id":"https:\/\/hdcarmouredcable.com\/#organization","name":"Groupe Huadong Cable","url":"https:\/\/hdcarmouredcable.com\/","logo":{"@type":"ImageObject","inLanguage":"fr-FR","@id":"https:\/\/hdcarmouredcable.com\/#\/schema\/logo\/image\/","url":"https:\/\/hdcarmouredcable.com\/wp-content\/uploads\/2022\/07\/Huadong-log.png","contentUrl":"https:\/\/hdcarmouredcable.com\/wp-content\/uploads\/2022\/07\/Huadong-log.png","width":860,"height":860,"caption":"Huadong Cable Group"},"image":{"@id":"https:\/\/hdcarmouredcable.com\/#\/schema\/logo\/image\/"},"sameAs":["https:\/\/www.facebook.com\/lily.ding.52","https:\/\/www.linkedin.com\/in\/lilyxlpecable\/"]}]}},"amp_enabled":true,"_links":{"self":[{"href":"https:\/\/hdcarmouredcable.com\/fr\/wp-json\/wp\/v2\/pages\/898","targetHints":{"allow":["GET"]}}],"collection":[{"href":"https:\/\/hdcarmouredcable.com\/fr\/wp-json\/wp\/v2\/pages"}],"about":[{"href":"https:\/\/hdcarmouredcable.com\/fr\/wp-json\/wp\/v2\/types\/page"}],"author":[{"embeddable":true,"href":"https:\/\/hdcarmouredcable.com\/fr\/wp-json\/wp\/v2\/users\/1"}],"replies":[{"embeddable":true,"href":"https:\/\/hdcarmouredcable.com\/fr\/wp-json\/wp\/v2\/comments?post=898"}],"version-history":[{"count":4,"href":"https:\/\/hdcarmouredcable.com\/fr\/wp-json\/wp\/v2\/pages\/898\/revisions"}],"predecessor-version":[{"id":8129,"href":"https:\/\/hdcarmouredcable.com\/fr\/wp-json\/wp\/v2\/pages\/898\/revisions\/8129"}],"wp:attachment":[{"href":"https:\/\/hdcarmouredcable.com\/fr\/wp-json\/wp\/v2\/media?parent=898"}],"curies":[{"name":"wp","href":"https:\/\/api.w.org\/{rel}","templated":true}]}}