{"id":1642,"date":"2019-04-10T17:36:02","date_gmt":"2019-04-10T09:36:02","guid":{"rendered":"https:\/\/hdcarmouredcable.com\/?page_id=1642"},"modified":"2023-07-21T16:38:55","modified_gmt":"2023-07-21T08:38:55","slug":"300mm-single-core-armoured-cable","status":"publish","type":"page","link":"https:\/\/hdcarmouredcable.com\/pt\/cabo-blindado-de-nucleo-simples-de-300-mm\/","title":{"rendered":"11kv 33kv 300mm Cobre\/Alum\u00ednio N\u00facleo \u00danico XLPE PVC blindado Pre\u00e7o do Cabo"},"content":{"rendered":"<h2>Cabo armado unipolar de 300 mm de 11kv 33kv Condutor<\/h2>\n<p>Devido aos condutores circulares compactados de cobre ou de alum\u00ednio de 11kv 33k 300mm de um \u00fanico n\u00facleo blindado. Por conseguinte, todos os interst\u00edcios internos do condutor de ensaio s\u00e3o revestidos com um composto de bloqueio de \u00e1gua. Assim, este composto \u00e9 especificado para impedir a entrada de \u00e1gua atrav\u00e9s do condutor durante a armazenagem, o manuseamento, a instala\u00e7\u00e3o e o funcionamento do cabo.<\/p>\n<div class=\"row prodetails\">\n<div class=\"col-lg-6 col-md-12 col-xs-12 col-sm-12\">\n<p><img loading=\"lazy\" decoding=\"async\" width=\"250\" height=\"250\" class=\"size-full wp-image-1643\" src=\"https:\/\/hdcarmouredcable.com\/wp-content\/uploads\/2019\/04\/11kv-300mm-single-core-armoured-cable-price.jpg\" alt=\"&quot;11kv\" srcset=\"https:\/\/hdcarmouredcable.com\/wp-content\/uploads\/2019\/04\/11kv-300mm-single-core-armoured-cable-price.jpg 250w, https:\/\/hdcarmouredcable.com\/wp-content\/uploads\/2019\/04\/11kv-300mm-single-core-armoured-cable-price-150x150.jpg 150w\" sizes=\"auto, (max-width: 250px) 100vw, 250px\" \/><\/p>\n<\/div>\n<div class=\"col-lg-6 col-md-12 col-xs-12 col-sm-12\">\n<p><strong>Tens\u00e3o:<\/strong> 1.8\/3KV, 3.6\/6KV, 6\/10KV, 10KV, 11KV, 15kv, 8.7\/15KV, 18\/30KV, 19\/33KV, 26\/35KV e assim por diante.<br \/>\n<strong>Maestro:<\/strong> Alum\u00ednio\/cobre\/cobre estanhado e assim por diante.<br \/>\n<strong>\u00c1rea seccional:<\/strong>\u00a0185mm, 240mm, 300mm, 630mm2 e assim por diante.<br \/>\n<strong>Tipo de armadura:<\/strong><br \/>\n1. Fios de a\u00e7o galvanizado\/fita de a\u00e7o para 3 n\u00facleos;<br \/>\n2. Fio de a\u00e7o inoxid\u00e1vel\/fita de a\u00e7o ou fio\/fita de alum\u00ednio para n\u00facleo simples Cloreto de polivinilo (PVC) ou PE, ou HDPE.<br \/>\n<strong>Isolamento:<\/strong> XLPE \/pvc e assim por diante.<br \/>\n<strong>Ecr\u00e3:<\/strong> Ecr\u00e3 de fita de cobre.<br \/>\n<strong>Bainha:<\/strong> PVC, etc.<\/p>\n<p>&nbsp;<\/p>\n<p style=\"text-align: center;\"><span class=\"su-lightbox\" data-mfp-src=\"#popmake-form\" data-mfp-type=\"inline\" data-mobile=\"yes\"><button class=\"btn btn-danger btn-sm\" ><i class=\"glyphicon glyphicon-ok-sign\" style=\"color:#eeee22;\"><\/i> Obter o pre\u00e7o do cabo xlpe de 300 mm2 de n\u00facleo \u00fanico<\/button><\/span>\n<\/div>\n<\/div>\n<h2>33kv 11kv 300mm cabo xlpe de n\u00facleo \u00fanico Tela condutora<\/h2>\n<p>Devido ao composto semicondutor extrudido do cabo xlpe de 300 mm armado de 11kv 33kv. Assim, a espessura m\u00ednima do cabo 11kv 33kv 300mm armado de n\u00facleo \u00fanico \u00e9 de 0,5 mm e a resistividade volum\u00e9trica m\u00e1xima \u00e9 de 5000 ohm-an a 20\u00b0C e 25000 ohm-cm a 90\u00b0 C.<\/p>\n<figure id=\"attachment_1644\" aria-describedby=\"caption-attachment-1644\" style=\"width: 820px\" class=\"wp-caption aligncenter\"><img loading=\"lazy\" decoding=\"async\" class=\"size-full wp-image-1644\" src=\"https:\/\/hdcarmouredcable.com\/wp-content\/uploads\/2019\/04\/300mm-xlpe-single-core-cable-price.jpg\" alt=\"300mm xlpe single core cable price\" width=\"830\" height=\"160\" srcset=\"https:\/\/hdcarmouredcable.com\/wp-content\/uploads\/2019\/04\/300mm-xlpe-single-core-cable-price.jpg 830w, https:\/\/hdcarmouredcable.com\/wp-content\/uploads\/2019\/04\/300mm-xlpe-single-core-cable-price-300x58.jpg 300w, https:\/\/hdcarmouredcable.com\/wp-content\/uploads\/2019\/04\/300mm-xlpe-single-core-cable-price-768x148.jpg 768w, https:\/\/hdcarmouredcable.com\/wp-content\/uploads\/2019\/04\/300mm-xlpe-single-core-cable-price-600x116.jpg 600w\" sizes=\"auto, (max-width: 830px) 100vw, 830px\" \/><figcaption id=\"caption-attachment-1644\" class=\"wp-caption-text\">300mm xlpe single core cable price<\/figcaption><\/figure>\n<p style=\"text-align: center;\"><span class=\"su-lightbox\" data-mfp-src=\"#popmake-form\" data-mfp-type=\"inline\" data-mobile=\"yes\"><button class=\"btn btn-danger btn-sm\" ><i class=\"glyphicon glyphicon-ok-sign\" style=\"color:#eeee22;\"><\/i> Obter o pre\u00e7o do cabo xlpe de n\u00facleo \u00fanico de 300 mm<\/button><\/span>\n<h2>Cabo monocondutor blindado de 11kv 300mm2 xlpe Isolamento<\/h2>\n<p>De um modo geral, o cabo blindado 11kv single core 300mm2 xlpe extrudido XLPE com elevado grau de reticula\u00e7\u00e3o. Portanto, \u00e9 livre de contaminantes, vazios de ar e resistente ao calor por processo de cura a seco.<\/p>\n<div class=\"row\">\n<div class=\"col-lg-6 col-md-12 col-xs-12 col-sm-12\">\n<figure id=\"attachment_1645\" aria-describedby=\"caption-attachment-1645\" style=\"width: 340px\" class=\"wp-caption aligncenter\"><img loading=\"lazy\" decoding=\"async\" class=\"size-full wp-image-1645\" src=\"https:\/\/hdcarmouredcable.com\/wp-content\/uploads\/2019\/04\/Armoured-single-core-300mm2-xlpe-cable.jpg\" alt=\"Cabo monocondutor blindado de 300 mm2 xlpe\" width=\"350\" height=\"350\" srcset=\"https:\/\/hdcarmouredcable.com\/wp-content\/uploads\/2019\/04\/Armoured-single-core-300mm2-xlpe-cable.jpg 350w, https:\/\/hdcarmouredcable.com\/wp-content\/uploads\/2019\/04\/Armoured-single-core-300mm2-xlpe-cable-150x150.jpg 150w, https:\/\/hdcarmouredcable.com\/wp-content\/uploads\/2019\/04\/Armoured-single-core-300mm2-xlpe-cable-300x300.jpg 300w\" sizes=\"auto, (max-width: 350px) 100vw, 350px\" \/><figcaption id=\"caption-attachment-1645\" class=\"wp-caption-text\">Cabo monocondutor blindado de 300 mm2 xlpe<\/figcaption><\/figure>\n<\/div>\n<div class=\"col-lg-6 col-md-12 col-xs-12 col-sm-12\">\n<figure id=\"attachment_1646\" aria-describedby=\"caption-attachment-1646\" style=\"width: 350px\" class=\"wp-caption aligncenter\"><img loading=\"lazy\" decoding=\"async\" class=\"size-full wp-image-1646\" src=\"https:\/\/hdcarmouredcable.com\/wp-content\/uploads\/2019\/04\/33kv-300mm-single-core-xlpe-cable-price.jpg\" alt=\"33kv 300mm pre\u00e7o do cabo de xlpe de n\u00facleo \u00fanico\" width=\"360\" height=\"360\" srcset=\"https:\/\/hdcarmouredcable.com\/wp-content\/uploads\/2019\/04\/33kv-300mm-single-core-xlpe-cable-price.jpg 360w, https:\/\/hdcarmouredcable.com\/wp-content\/uploads\/2019\/04\/33kv-300mm-single-core-xlpe-cable-price-150x150.jpg 150w, https:\/\/hdcarmouredcable.com\/wp-content\/uploads\/2019\/04\/33kv-300mm-single-core-xlpe-cable-price-300x300.jpg 300w\" sizes=\"auto, (max-width: 360px) 100vw, 360px\" \/><figcaption id=\"caption-attachment-1646\" class=\"wp-caption-text\">33kv 300mm pre\u00e7o do cabo de xlpe de n\u00facleo \u00fanico<\/figcaption><\/figure>\n<\/div>\n<p style=\"text-align: center;\"><span class=\"su-lightbox\" data-mfp-src=\"#popmake-form\" data-mfp-type=\"inline\" data-mobile=\"yes\"><button class=\"btn btn-danger btn-sm\" ><i class=\"glyphicon glyphicon-ok-sign\" style=\"color:#eeee22;\"><\/i> Obter o pre\u00e7o do cabo blindado de 300 mm<\/button><\/span><\/div>\n<h2>11kv 33k 300mm cabo armado unipolar Aplica\u00e7\u00e3o:<\/h2>\n<p>Para al\u00e9m do cabo monocondutor xlpe de 300 mm para instala\u00e7\u00e3o no solo, na \u00e1gua, no exterior. Mas tamb\u00e9m, em interiores e em condutas de cabos para centrais el\u00e9ctricas, ind\u00fastria e redes de distribui\u00e7\u00e3o. Ao mesmo tempo, as boas propriedades de instala\u00e7\u00e3o deste cabo de 33kv 11kv 300mm monocondutor xlpe blindado 11kv 33kv facilitam a instala\u00e7\u00e3o, mesmo em trajectos dif\u00edceis.<\/p>\n<p>Devido ao facto de o grupo de cabos Huadong poder personalizar a <a href=\"https:\/\/hdcarmouredcable.com\/pt\/1-4-core-300mm2-cable-price\/\">Cabo blindado de 4 n\u00facleos de 300 mm2<\/a> para clientes. Export\u00e1mos o cabo para a \u00c1frica do Sul, Filipinas, Indon\u00e9sia, Mal\u00e1sia, Singapura, Vietname, Coreia, Mong\u00f3lia, I\u00e9men, Camboja, etc.<\/p>\n<figure id=\"attachment_1647\" aria-describedby=\"caption-attachment-1647\" style=\"width: 1591px\" class=\"wp-caption aligncenter\"><img loading=\"lazy\" decoding=\"async\" class=\"size-full wp-image-1647\" src=\"https:\/\/hdcarmouredcable.com\/wp-content\/uploads\/2019\/04\/300mm-single-core-cable-price.jpg\" alt=\"Pre\u00e7o do cabo unipolar de 300 mm\" width=\"1601\" height=\"300\" srcset=\"https:\/\/hdcarmouredcable.com\/wp-content\/uploads\/2019\/04\/300mm-single-core-cable-price.jpg 1601w, https:\/\/hdcarmouredcable.com\/wp-content\/uploads\/2019\/04\/300mm-single-core-cable-price-300x56.jpg 300w, https:\/\/hdcarmouredcable.com\/wp-content\/uploads\/2019\/04\/300mm-single-core-cable-price-768x144.jpg 768w, https:\/\/hdcarmouredcable.com\/wp-content\/uploads\/2019\/04\/300mm-single-core-cable-price-1024x192.jpg 1024w\" sizes=\"auto, (max-width: 1601px) 100vw, 1601px\" \/><figcaption id=\"caption-attachment-1647\" class=\"wp-caption-text\">Pre\u00e7o do cabo unipolar de 300 mm<\/figcaption><\/figure>\n\n<div class=\"wpcf7 no-js\" id=\"wpcf7-f5785-o1\" lang=\"en-US\" dir=\"ltr\" data-wpcf7-id=\"5785\">\n<div class=\"screen-reader-response\"><p role=\"status\" aria-live=\"polite\" aria-atomic=\"true\"><\/p> <ul><\/ul><\/div>\n<form action=\"\/pt\/wp-json\/wp\/v2\/pages\/1642#wpcf7-f5785-o1\" method=\"post\" class=\"wpcf7-form init\" aria-label=\"Formul\u00e1rio de contacto\" novalidate=\"novalidate\" data-status=\"init\" data-trp-original-action=\"\/pt\/wp-json\/wp\/v2\/pages\/1642#wpcf7-f5785-o1\">\n<div style=\"display: none;\">\n<input type=\"hidden\" name=\"_wpcf7\" value=\"5785\" \/>\n<input type=\"hidden\" name=\"_wpcf7_version\" value=\"6.0.6\" \/>\n<input type=\"hidden\" name=\"_wpcf7_locale\" value=\"en_US\" \/>\n<input type=\"hidden\" name=\"_wpcf7_unit_tag\" value=\"wpcf7-f5785-o1\" \/>\n<input type=\"hidden\" name=\"_wpcf7_container_post\" value=\"0\" \/>\n<input type=\"hidden\" name=\"_wpcf7_posted_data_hash\" value=\"\" \/>\n<\/div>\n<div>\n\t<h2>Deixe a sua mensagem, obtenha um or\u00e7amento gratuito\n\t<\/h2>\n\t<p>Vamos trabalhar em conjunto para o seu projeto por e-mail: <a href=\"mailto:info@hdcarmouredcable.com\" rel=\"nofollow\">info@hdcarmouredcable.com<\/a>\n\t<\/p>\n\t<div class=\"messageform\">\n\t\t<p><strong><span style=\"color:red;\">*<\/span> O seu nome<\/strong><br \/>\n<span class=\"wpcf7-form-control-wrap\" data-name=\"your-name\"><input size=\"40\" maxlength=\"400\" class=\"wpcf7-form-control wpcf7-text wpcf7-validates-as-required\" aria-required=\"true\" aria-invalid=\"false\" value=\"\" type=\"text\" name=\"your-name\" \/><\/span>\n\t\t<\/p>\n\t\t<p><strong><span style=\"color:red;\">*<\/span> O seu e-mail<\/strong>\n\t\t<\/p>\n\t\t<p><span class=\"wpcf7-form-control-wrap\" data-name=\"your-email\"><input size=\"40\" maxlength=\"400\" class=\"wpcf7-form-control wpcf7-email wpcf7-validates-as-required wpcf7-text wpcf7-validates-as-email\" aria-required=\"true\" aria-invalid=\"false\" value=\"\" type=\"email\" name=\"your-email\" \/><\/span>\n\t\t<\/p>\n\t\t<p><strong>O seu pa\u00eds<\/strong>\n\t\t<\/p>\n\t\t<p><span class=\"wpcf7-form-control-wrap\" data-name=\"your-country\"><input size=\"40\" maxlength=\"400\" class=\"wpcf7-form-control wpcf7-text\" aria-invalid=\"false\" value=\"\" type=\"text\" name=\"your-country\" \/><\/span>\n\t\t<\/p>\n\t\t<p><strong><span style=\"color:red;\">*<\/span> O seu requisito<\/strong>\n\t\t<\/p>\n\t\t<p><span class=\"wpcf7-form-control-wrap\" data-name=\"your-requirement\"><textarea cols=\"40\" rows=\"10\" maxlength=\"2000\" class=\"wpcf7-form-control wpcf7-textarea wpcf7-validates-as-required bestonmessage\" aria-required=\"true\" aria-invalid=\"false\" placeholder=\"Para obter uma cota\u00e7\u00e3o detalhada, envie-nos o seu pedido detalhado.\" name=\"your-requirement\"><\/textarea><\/span>\n\t\t<\/p>\n\t\t<p><input class=\"wpcf7-form-control wpcf7-submit has-spinner\" type=\"submit\" value=\"Enviar mensagem\" \/>\n\t\t<\/p>\n\t<\/div>\n<\/div><input type='hidden' class='wpcf7-pum' value='{\"closepopup\":false,\"closedelay\":0,\"openpopup\":false,\"openpopup_id\":0}' \/><div class=\"wpcf7-response-output\" aria-hidden=\"true\"><\/div>\n<input type=\"hidden\" name=\"trp-form-language\" value=\"pt\"\/><\/form>\n<\/div>\n\n<div class=\"su-lightbox-content su-u-trim\" id=\"popmake-form\" style=\"display:none;width:65%;min-width:none;max-width:600px;margin-top:40px;margin-bottom:40px;padding:20px;background:#FFFFFF;color:#333333;box-shadow:0px 0px 15px #333333;text-align:left\">\n<div class=\"wpcf7 no-js\" id=\"wpcf7-f5800-o2\" lang=\"en-US\" dir=\"ltr\" data-wpcf7-id=\"5800\">\n<div class=\"screen-reader-response\"><p role=\"status\" aria-live=\"polite\" aria-atomic=\"true\"><\/p> <ul><\/ul><\/div>\n<form action=\"\/pt\/wp-json\/wp\/v2\/pages\/1642#wpcf7-f5800-o2\" method=\"post\" class=\"wpcf7-form init\" aria-label=\"Formul\u00e1rio de contacto\" novalidate=\"novalidate\" data-status=\"init\" data-trp-original-action=\"\/pt\/wp-json\/wp\/v2\/pages\/1642#wpcf7-f5800-o2\">\n<div style=\"display: none;\">\n<input type=\"hidden\" name=\"_wpcf7\" value=\"5800\" \/>\n<input type=\"hidden\" name=\"_wpcf7_version\" value=\"6.0.6\" \/>\n<input type=\"hidden\" name=\"_wpcf7_locale\" value=\"en_US\" \/>\n<input type=\"hidden\" name=\"_wpcf7_unit_tag\" value=\"wpcf7-f5800-o2\" \/>\n<input type=\"hidden\" name=\"_wpcf7_container_post\" value=\"0\" \/>\n<input type=\"hidden\" name=\"_wpcf7_posted_data_hash\" value=\"\" \/>\n<\/div>\n<div class=\"popmakerform\">\n\t<h3>Obter um or\u00e7amento gratuito\n\t<\/h3>\n\t<p>Vamos trabalhar em conjunto para o seu projeto por e-mail: <a href=\"mailto:info@hdcarmouredcable.com\" rel=\"nofollow\">info@hdcarmouredcable.com<\/a>\n\t<\/p>\n\t<p>Produto interessado <span style=\"color:red;\">*<span><br \/>\n<span class=\"wpcf7-form-control-wrap\" data-name=\"item\"><input size=\"40\" maxlength=\"400\" class=\"wpcf7-form-control wpcf7-text\" id=\"item\" aria-invalid=\"false\" value=\"\" type=\"text\" name=\"item\" \/><\/span><\/span><\/span>\n\t<\/p>\n\t<p>O seu nome <span style=\"color:red;\">*<span><br \/>\n<span class=\"wpcf7-form-control-wrap\" data-name=\"your-name\"><input size=\"40\" maxlength=\"400\" class=\"wpcf7-form-control wpcf7-text wpcf7-validates-as-required\" aria-required=\"true\" aria-invalid=\"false\" value=\"\" type=\"text\" name=\"your-name\" \/><\/span><\/span><\/span>\n\t<\/p>\n\t<p>O seu e-mail <span style=\"color:red;\">*<span><br \/>\n<span class=\"wpcf7-form-control-wrap\" data-name=\"your-email\"><input size=\"40\" maxlength=\"400\" class=\"wpcf7-form-control wpcf7-email wpcf7-validates-as-required wpcf7-text wpcf7-validates-as-email\" aria-required=\"true\" aria-invalid=\"false\" value=\"\" type=\"email\" name=\"your-email\" \/><\/span><\/span><\/span>\n\t<\/p>\n\t<p>O seu n\u00famero de telefone (inclua o c\u00f3digo de \u00e1rea)<br \/>\n<span class=\"wpcf7-form-control-wrap\" data-name=\"your-phone\"><input size=\"40\" maxlength=\"400\" class=\"wpcf7-form-control wpcf7-text\" aria-invalid=\"false\" value=\"\" type=\"text\" name=\"your-phone\" \/><\/span>\n\t<\/p>\n\t<p>O seu pa\u00eds<br \/>\n<span class=\"wpcf7-form-control-wrap\" data-name=\"your-country\"><input size=\"40\" maxlength=\"400\" class=\"wpcf7-form-control wpcf7-text\" aria-invalid=\"false\" value=\"\" type=\"text\" name=\"your-country\" \/><\/span>\n\t<\/p>\n\t<p>Requisito pormenorizado <span style=\"color:red;\">*<span><br \/>\n<span class=\"wpcf7-form-control-wrap\" data-name=\"your-requirement\"><textarea cols=\"40\" rows=\"5\" maxlength=\"2000\" class=\"wpcf7-form-control wpcf7-textarea wpcf7-validates-as-required\" aria-required=\"true\" aria-invalid=\"false\" placeholder=\"Para obter uma cota\u00e7\u00e3o detalhada, envie-nos o seu pedido detalhado. *\" name=\"your-requirement\"><\/textarea><\/span><\/span><\/span>\n\t<\/p>\n\t<p><input class=\"wpcf7-form-control wpcf7-submit has-spinner\" type=\"submit\" value=\"Obter cota\u00e7\u00e3o\" \/>\n\t<\/p>\n<\/div><input type='hidden' class='wpcf7-pum' value='{\"closepopup\":false,\"closedelay\":0,\"openpopup\":false,\"openpopup_id\":0}' \/><div class=\"wpcf7-response-output\" aria-hidden=\"true\"><\/div>\n<input type=\"hidden\" name=\"trp-form-language\" value=\"pt\"\/><\/form>\n<\/div>\n<\/div>","protected":false},"excerpt":{"rendered":"<p>Cabo armado monocondutor de 300 mm de 11kv 33kv Condutor Devido aos condutores circulares compactados de cobre ou de alum\u00ednio de 11kv 33k 300 mm de cabo armado monocondutor tran\u00e7ado. Por conseguinte, todos os interst\u00edcios internos do condutor de tentativa com composto de bloqueio de \u00e1gua. Assim, \u00e9 especificado para impedir a entrada de \u00e1gua atrav\u00e9s do condutor durante a armazenagem, o manuseamento, a instala\u00e7\u00e3o e o funcionamento do ... <a class=\"read-more\" href=\"https:\/\/hdcarmouredcable.com\/pt\/cabo-blindado-de-nucleo-simples-de-300-mm\/\">Ler mais...<\/a><\/p>","protected":false},"author":1,"featured_media":0,"parent":0,"menu_order":0,"comment_status":"closed","ping_status":"closed","template":"","meta":{"_joinchat":[],"footnotes":""},"class_list":["post-1642","page","type-page","status-publish"],"yoast_head":"<!-- This site is optimized with the Yoast SEO plugin v25.1 - https:\/\/yoast.com\/wordpress\/plugins\/seo\/ -->\n<title>300mm single core armoured cable of 11kv 33kv price for sale from HDC<\/title>\n<meta name=\"description\" content=\"Huadong Cable Group is leading 11kv 33kv xlpe 300mm single core armoured cable manufacturer, factory direct sale 300mm2 single core cable price at low price\" \/>\n<meta name=\"robots\" content=\"index, follow, max-snippet:-1, max-image-preview:large, max-video-preview:-1\" \/>\n<link rel=\"canonical\" href=\"https:\/\/hdcarmouredcable.com\/pt\/cabo-blindado-de-nucleo-simples-de-300-mm\/\" \/>\n<meta property=\"og:locale\" content=\"pt_PT\" \/>\n<meta property=\"og:type\" content=\"article\" \/>\n<meta property=\"og:title\" content=\"300mm single core armoured cable of 11kv 33kv price for sale from HDC\" \/>\n<meta property=\"og:description\" content=\"Huadong Cable Group is leading 11kv 33kv xlpe 300mm single core armoured cable manufacturer, factory direct sale 300mm2 single core cable price at low price\" \/>\n<meta property=\"og:url\" content=\"https:\/\/hdcarmouredcable.com\/pt\/cabo-blindado-de-nucleo-simples-de-300-mm\/\" \/>\n<meta property=\"og:site_name\" content=\"Huadong Armoured Cable Group\" \/>\n<meta property=\"article:publisher\" content=\"https:\/\/www.facebook.com\/lily.ding.52\" \/>\n<meta property=\"article:modified_time\" content=\"2023-07-21T08:38:55+00:00\" \/>\n<meta property=\"og:image\" content=\"https:\/\/hdcarmouredcable.com\/wp-content\/uploads\/2019\/04\/11kv-300mm-single-core-armoured-cable-price.jpg\" \/>\n<meta name=\"twitter:card\" content=\"summary_large_image\" \/>\n<meta name=\"twitter:label1\" content=\"Tempo estimado de leitura\" \/>\n\t<meta name=\"twitter:data1\" content=\"3 minutos\" \/>\n<script type=\"application\/ld+json\" class=\"yoast-schema-graph\">{\"@context\":\"https:\/\/schema.org\",\"@graph\":[{\"@type\":\"WebPage\",\"@id\":\"https:\/\/hdcarmouredcable.com\/300mm-single-core-armoured-cable\/\",\"url\":\"https:\/\/hdcarmouredcable.com\/300mm-single-core-armoured-cable\/\",\"name\":\"300mm single core armoured cable of 11kv 33kv price for sale from HDC\",\"isPartOf\":{\"@id\":\"https:\/\/hdcarmouredcable.com\/#website\"},\"primaryImageOfPage\":{\"@id\":\"https:\/\/hdcarmouredcable.com\/300mm-single-core-armoured-cable\/#primaryimage\"},\"image\":{\"@id\":\"https:\/\/hdcarmouredcable.com\/300mm-single-core-armoured-cable\/#primaryimage\"},\"thumbnailUrl\":\"https:\/\/hdcarmouredcable.com\/wp-content\/uploads\/2019\/04\/11kv-300mm-single-core-armoured-cable-price.jpg\",\"datePublished\":\"2019-04-10T09:36:02+00:00\",\"dateModified\":\"2023-07-21T08:38:55+00:00\",\"description\":\"Huadong Cable Group is leading 11kv 33kv xlpe 300mm single core armoured cable manufacturer, factory direct sale 300mm2 single core cable price at low price\",\"inLanguage\":\"pt-PT\",\"potentialAction\":[{\"@type\":\"ReadAction\",\"target\":[\"https:\/\/hdcarmouredcable.com\/300mm-single-core-armoured-cable\/\"]}]},{\"@type\":\"ImageObject\",\"inLanguage\":\"pt-PT\",\"@id\":\"https:\/\/hdcarmouredcable.com\/300mm-single-core-armoured-cable\/#primaryimage\",\"url\":\"https:\/\/hdcarmouredcable.com\/wp-content\/uploads\/2019\/04\/11kv-300mm-single-core-armoured-cable-price.jpg\",\"contentUrl\":\"https:\/\/hdcarmouredcable.com\/wp-content\/uploads\/2019\/04\/11kv-300mm-single-core-armoured-cable-price.jpg\"},{\"@type\":\"WebSite\",\"@id\":\"https:\/\/hdcarmouredcable.com\/#website\",\"url\":\"https:\/\/hdcarmouredcable.com\/\",\"name\":\"Huadong Armoured Cable Group\",\"description\":\"professional steel wire armoured cable manufacturer\",\"publisher\":{\"@id\":\"https:\/\/hdcarmouredcable.com\/#organization\"},\"potentialAction\":[{\"@type\":\"SearchAction\",\"target\":{\"@type\":\"EntryPoint\",\"urlTemplate\":\"https:\/\/hdcarmouredcable.com\/?s={search_term_string}\"},\"query-input\":{\"@type\":\"PropertyValueSpecification\",\"valueRequired\":true,\"valueName\":\"search_term_string\"}}],\"inLanguage\":\"pt-PT\"},{\"@type\":\"Organization\",\"@id\":\"https:\/\/hdcarmouredcable.com\/#organization\",\"name\":\"Huadong Cable Group\",\"url\":\"https:\/\/hdcarmouredcable.com\/\",\"logo\":{\"@type\":\"ImageObject\",\"inLanguage\":\"pt-PT\",\"@id\":\"https:\/\/hdcarmouredcable.com\/#\/schema\/logo\/image\/\",\"url\":\"https:\/\/hdcarmouredcable.com\/wp-content\/uploads\/2022\/07\/Huadong-log.png\",\"contentUrl\":\"https:\/\/hdcarmouredcable.com\/wp-content\/uploads\/2022\/07\/Huadong-log.png\",\"width\":860,\"height\":860,\"caption\":\"Huadong Cable Group\"},\"image\":{\"@id\":\"https:\/\/hdcarmouredcable.com\/#\/schema\/logo\/image\/\"},\"sameAs\":[\"https:\/\/www.facebook.com\/lily.ding.52\",\"https:\/\/www.linkedin.com\/in\/lilyxlpecable\/\"]}]}<\/script>\n<!-- \/ Yoast SEO plugin. -->","yoast_head_json":{"title":"300mm cabo armado unipolar de 11kv 33kv pre\u00e7o para venda de HDC","description":"Huadong Cable Group \u00e9 um fabricante l\u00edder de cabo blindado de n\u00facleo \u00fanico 11kv 33kv xlpe 300mm, venda direta da f\u00e1brica de cabo de n\u00facleo \u00fanico 300mm2 a baixo pre\u00e7o","robots":{"index":"index","follow":"follow","max-snippet":"max-snippet:-1","max-image-preview":"max-image-preview:large","max-video-preview":"max-video-preview:-1"},"canonical":"https:\/\/hdcarmouredcable.com\/pt\/cabo-blindado-de-nucleo-simples-de-300-mm\/","og_locale":"pt_PT","og_type":"article","og_title":"300mm single core armoured cable of 11kv 33kv price for sale from HDC","og_description":"Huadong Cable Group is leading 11kv 33kv xlpe 300mm single core armoured cable manufacturer, factory direct sale 300mm2 single core cable price at low price","og_url":"https:\/\/hdcarmouredcable.com\/pt\/cabo-blindado-de-nucleo-simples-de-300-mm\/","og_site_name":"Huadong Armoured Cable Group","article_publisher":"https:\/\/www.facebook.com\/lily.ding.52","article_modified_time":"2023-07-21T08:38:55+00:00","og_image":[{"url":"https:\/\/hdcarmouredcable.com\/wp-content\/uploads\/2019\/04\/11kv-300mm-single-core-armoured-cable-price.jpg","type":"","width":"","height":""}],"twitter_card":"summary_large_image","twitter_misc":{"Tempo estimado de leitura":"3 minutos"},"schema":{"@context":"https:\/\/schema.org","@graph":[{"@type":"WebPage","@id":"https:\/\/hdcarmouredcable.com\/300mm-single-core-armoured-cable\/","url":"https:\/\/hdcarmouredcable.com\/300mm-single-core-armoured-cable\/","name":"300mm cabo armado unipolar de 11kv 33kv pre\u00e7o para venda de HDC","isPartOf":{"@id":"https:\/\/hdcarmouredcable.com\/#website"},"primaryImageOfPage":{"@id":"https:\/\/hdcarmouredcable.com\/300mm-single-core-armoured-cable\/#primaryimage"},"image":{"@id":"https:\/\/hdcarmouredcable.com\/300mm-single-core-armoured-cable\/#primaryimage"},"thumbnailUrl":"https:\/\/hdcarmouredcable.com\/wp-content\/uploads\/2019\/04\/11kv-300mm-single-core-armoured-cable-price.jpg","datePublished":"2019-04-10T09:36:02+00:00","dateModified":"2023-07-21T08:38:55+00:00","description":"Huadong Cable Group \u00e9 um fabricante l\u00edder de cabo blindado de n\u00facleo \u00fanico 11kv 33kv xlpe 300mm, venda direta da f\u00e1brica de cabo de n\u00facleo \u00fanico 300mm2 a baixo pre\u00e7o","inLanguage":"pt-PT","potentialAction":[{"@type":"ReadAction","target":["https:\/\/hdcarmouredcable.com\/300mm-single-core-armoured-cable\/"]}]},{"@type":"ImageObject","inLanguage":"pt-PT","@id":"https:\/\/hdcarmouredcable.com\/300mm-single-core-armoured-cable\/#primaryimage","url":"https:\/\/hdcarmouredcable.com\/wp-content\/uploads\/2019\/04\/11kv-300mm-single-core-armoured-cable-price.jpg","contentUrl":"https:\/\/hdcarmouredcable.com\/wp-content\/uploads\/2019\/04\/11kv-300mm-single-core-armoured-cable-price.jpg"},{"@type":"WebSite","@id":"https:\/\/hdcarmouredcable.com\/#website","url":"https:\/\/hdcarmouredcable.com\/","name":"Grupo de cabos blindados Huadong","description":"fabricante profissional de cabos blindados de a\u00e7o","publisher":{"@id":"https:\/\/hdcarmouredcable.com\/#organization"},"potentialAction":[{"@type":"SearchAction","target":{"@type":"EntryPoint","urlTemplate":"https:\/\/hdcarmouredcable.com\/?s={search_term_string}"},"query-input":{"@type":"PropertyValueSpecification","valueRequired":true,"valueName":"search_term_string"}}],"inLanguage":"pt-PT"},{"@type":"Organization","@id":"https:\/\/hdcarmouredcable.com\/#organization","name":"Grupo de cabos Huadong","url":"https:\/\/hdcarmouredcable.com\/","logo":{"@type":"ImageObject","inLanguage":"pt-PT","@id":"https:\/\/hdcarmouredcable.com\/#\/schema\/logo\/image\/","url":"https:\/\/hdcarmouredcable.com\/wp-content\/uploads\/2022\/07\/Huadong-log.png","contentUrl":"https:\/\/hdcarmouredcable.com\/wp-content\/uploads\/2022\/07\/Huadong-log.png","width":860,"height":860,"caption":"Huadong Cable Group"},"image":{"@id":"https:\/\/hdcarmouredcable.com\/#\/schema\/logo\/image\/"},"sameAs":["https:\/\/www.facebook.com\/lily.ding.52","https:\/\/www.linkedin.com\/in\/lilyxlpecable\/"]}]}},"amp_enabled":true,"_links":{"self":[{"href":"https:\/\/hdcarmouredcable.com\/pt\/wp-json\/wp\/v2\/pages\/1642","targetHints":{"allow":["GET"]}}],"collection":[{"href":"https:\/\/hdcarmouredcable.com\/pt\/wp-json\/wp\/v2\/pages"}],"about":[{"href":"https:\/\/hdcarmouredcable.com\/pt\/wp-json\/wp\/v2\/types\/page"}],"author":[{"embeddable":true,"href":"https:\/\/hdcarmouredcable.com\/pt\/wp-json\/wp\/v2\/users\/1"}],"replies":[{"embeddable":true,"href":"https:\/\/hdcarmouredcable.com\/pt\/wp-json\/wp\/v2\/comments?post=1642"}],"version-history":[{"count":10,"href":"https:\/\/hdcarmouredcable.com\/pt\/wp-json\/wp\/v2\/pages\/1642\/revisions"}],"predecessor-version":[{"id":9452,"href":"https:\/\/hdcarmouredcable.com\/pt\/wp-json\/wp\/v2\/pages\/1642\/revisions\/9452"}],"wp:attachment":[{"href":"https:\/\/hdcarmouredcable.com\/pt\/wp-json\/wp\/v2\/media?parent=1642"}],"curies":[{"name":"wp","href":"https:\/\/api.w.org\/{rel}","templated":true}]}}