{"id":2487,"date":"2019-08-16T17:51:42","date_gmt":"2019-08-16T09:51:42","guid":{"rendered":"https:\/\/hdcarmouredcable.com\/?page_id=2487"},"modified":"2023-07-21T16:04:25","modified_gmt":"2023-07-21T08:04:25","slug":"2-18-awg-soow-cable-wire","status":"publish","type":"page","link":"https:\/\/hdcarmouredcable.com\/pt\/2-18-awg-soow-cable-wire\/","title":{"rendered":"2\/3\/4\/5\/6 n\u00facleos 2 4 6 8 10 12 14 16 18 AWG fio de cabo de l\u00e3 - cabo el\u00e9trico port\u00e1til para trabalhos pesados"},"content":{"rendered":"<h2>Aplica\u00e7\u00e3o do cabo 4 4 SOOW<\/h2>\n<p>Sempre que voc\u00ea compra o fio soow de 6 awg 4 condutores da southwire soow ou do cabo huadong, voc\u00ea precisa agora de como aplicar. Em primeiro lugar, o cabo el\u00e9trico port\u00e1til 6 4 SOOW \u00e9 um tipo de cabo port\u00e1til. Para que Carol ofere\u00e7a uma s\u00e9rie de benef\u00edcios importantes que a tornam uma \u00f3tima escolha para uma variedade de aplica\u00e7\u00f5es industriais, comerciais e residenciais, tanto em ambientes internos quanto externos.  Por isso, muitas das vantagens do cabo SOOW s\u00e3o registadas no seu nome.<\/p>\n<p><img loading=\"lazy\" decoding=\"async\" class=\"aligncenter size-full wp-image-2490\" src=\"https:\/\/hdcarmouredcable.com\/wp-content\/uploads\/2019\/08\/18-2-SOOW-cable-18-AWG-2-Conductor.jpg\" alt=\"18 2 Cabo SOOW, 18 AWG 2 Condutores\" width=\"1084\" height=\"246\" srcset=\"https:\/\/hdcarmouredcable.com\/wp-content\/uploads\/2019\/08\/18-2-SOOW-cable-18-AWG-2-Conductor.jpg 1084w, https:\/\/hdcarmouredcable.com\/wp-content\/uploads\/2019\/08\/18-2-SOOW-cable-18-AWG-2-Conductor-300x68.jpg 300w, https:\/\/hdcarmouredcable.com\/wp-content\/uploads\/2019\/08\/18-2-SOOW-cable-18-AWG-2-Conductor-768x174.jpg 768w, https:\/\/hdcarmouredcable.com\/wp-content\/uploads\/2019\/08\/18-2-SOOW-cable-18-AWG-2-Conductor-1024x232.jpg 1024w\" sizes=\"auto, (max-width: 1084px) 100vw, 1084px\" \/><\/p>\n<p style=\"text-align: center;\"><span class=\"su-lightbox\" data-mfp-src=\"#popmake-form\" data-mfp-type=\"inline\" data-mobile=\"yes\"><button class=\"btn btn-danger btn-sm\" ><i class=\"glyphicon glyphicon-ok-sign\" style=\"color:#eeee22;\"><\/i> Obter o pre\u00e7o do fio de fumo 6\/4<\/button><\/span><a class=\"btn btn-danger btn-sm\" href=\"mailto:info@hdcarmouredcable.com\"  rel=\"\"  target=\"_self\"><i class=\"fa fa-envelope-o\" style=\"color:#eeee22;\"><\/i> info@hdcarmouredcable.com<\/a>\n<h2>O par\u00e2metro Data de 6\/4 10\/4 4 4 SOOW Wire<\/h2>\n<div class=\"row prodetails\">\n<div class=\"col-lg-6 col-md-12 col-xs-12 col-sm-12\">\n<h3 style=\"text-align: left;\">2\/4, 2\/3, 4\/4, 6\/4, 8\/4, 10\/4, 12\/4, 10\/4 Cabo port\u00e1til SOOW<\/h3>\n<p>Por exemplo: 10\/2 SOOW, 10 AWG 2 Condutores<br \/>\n12\/4 SOOW, 12 AWG 4 condutores<br \/>\n10\/3 SOOW, 10 AWG 3 condutores<br \/>\n10\/4 SOOW, 10 AWG 4 condutores<br \/>\nCabo 8\/3 Carol SOOW, 8 AWG 3 Condutores<br \/>\n8\/4 SOOW, 8 AWG 4 condutores<br \/>\n6\/3 SOOW, 6 AWG 3 condutores<br \/>\nFio 6\/4 SOOW, 6 AWG 4 Condutor tamb\u00e9m \u00e9 6 awg 4 condutor soow<br \/>\n4\/3 SOOW, 4 AWG 3 condutores<br \/>\n4\/4 SOOW, 4 AWG 4 Condutores<br \/>\n2\/3 SOOW, 2 AWG 3 Condutores<br \/>\n2\/4 SOOW, 2 AWG 4 condutores e assim por diante.<\/div>\n<div class=\"col-lg-6 col-md-12 col-xs-12 col-sm-12\">\n<h3 style=\"text-align: left;\">Fio SOOW 12 -18 AWG<\/h3>\n<p>Por exemplo: 18\/2 SOOW, 18 AWG 2 Condutores<br \/>\n16\/2 SOOW, 16 AWG 2 condutores<br \/>\n18\/3 SOOW, 18 AWG 3 condutores<br \/>\n16\/3 Cabo Carol SOOW, 16 AWG 3 Condutores<br \/>\n18\/4 SOOW, 18 AWG 4 condutores<br \/>\n14\/2 SOOW, 14 AWG 2 condutores<br \/>\n16\/4 SOOW, 16 AWG 4 condutores<br \/>\n14\/3 Fio SOOW, 14 AWG 3 condutores<br \/>\n12\/2 SOOW, 12 AWG 2 condutores<br \/>\nAmbos 18\/5 SOOW, e 18 AWG 5 Condutores<br \/>\n18\/6 SOOW, 18 AWG 6 condutores<br \/>\n14\/4 SOOW, 14 AWG 4 condutores<br \/>\n12\/3 Carol Cable SOOW, 12 AWG 3 Conductor e assim por diante.<\/div>\n<\/div>\n<h2>Cabo SOOW - cabo el\u00e9trico port\u00e1til para trabalhos pesados<\/h2>\n<div class=\"row prodetails\">\n<div class=\"col-lg-5 col-md-12 col-xs-12 col-sm-12\">\n<p><img loading=\"lazy\" decoding=\"async\" class=\"size-full wp-image-2501\" src=\"https:\/\/hdcarmouredcable.com\/wp-content\/uploads\/2019\/08\/oil-resistance-6-4-soow-wire-.png\" alt=\"resist\u00eancia do \u00f3leo 6 4 fio de fumo\" width=\"220\" height=\"212\" \/><\/p>\n<\/div>\n<div class=\"col-lg-7 col-md-12 col-xs-12 col-sm-12\">\n<p><strong>Tens\u00e3o:<\/strong> 600V e assim por diante<br \/>\n<strong>N\u00famero de condutores<\/strong>: 2 n\u00facleos, 3 n\u00facleos, 4 n\u00facleos, 5 n\u00facleos e assim por diante.<br \/>\n<strong>Tamanho do fio SOOW: \u00a0<\/strong>Tanto 2-8AWG como 10 AWG, 12AWG, 14 AWG, 16 AWG, 18AWG e assim por diante.<br \/>\n<strong>Material do condutor:<\/strong> Cobre entran\u00e7ado totalmente recozido e cobre nu<br \/>\n<strong>Gama de temperaturas :<\/strong> -40F a 194F | -40C a 90C e assim por diante.<br \/>\nS = Servi\u00e7o, O = Condutores resistentes a \u00f3leo, O = Revestimento resistente a \u00f3leo, W = Resistente \u00e0 \u00e1gua<\/p>\n<p style=\"text-align: center;\"><span class=\"su-lightbox\" data-mfp-src=\"#popmake-form\" data-mfp-type=\"inline\" data-mobile=\"yes\"><button class=\"btn btn-danger btn-sm\" ><i class=\"glyphicon glyphicon-ok-sign\" style=\"color:#eeee22;\"><\/i> Obter cabo soow blindado 10\/4 pre\u00e7o<\/button><\/span>\n<\/div>\n<\/div>\n<h2>A carater\u00edstica do fio SOOW<\/h2>\n<p>Devido ao facto de o cabo soow 6\/4 ser um condutor de calibre 6 com 4 condutores, o cabo el\u00e9trico port\u00e1til para trabalhos pesados. Por conseguinte, o cabo el\u00e9trico port\u00e1til soow 10\/4 tem aplica\u00e7\u00f5es com ferramentas port\u00e1teis. Tais como: equipamento e aparelhos, bem como pequenos motores e maquinaria associada. Entretanto, a huadong \u00e9 a mesma empresa famosa da southwire soow. export\u00e1mos a soow de 6 awg 4 condutores para as Filipinas, Mal\u00e1sia, Singapura, Vietname, EAU, Mong\u00f3lia, Z\u00e2mbia, Nig\u00e9ria, Togo, etc.<\/p>\n<p>Ao mesmo tempo, o cabo el\u00e9trico port\u00e1til SOOW tamb\u00e9m apresenta resist\u00eancia \u00e0 tra\u00e7\u00e3o e alongamento de qualidade. E, em seguida, as caracter\u00edsticas de envelhecimento do fio 6 4 soow, juntamente com alta flexibilidade e resist\u00eancia \u00e0 abras\u00e3o. Assim, o fio Carol 6\/4 soow \u00e9 certificado para utiliza\u00e7\u00e3o no interior e no exterior e \u00e9 resistente ao ozono, \u00e0 luz solar (UV) e \u00e0s intemp\u00e9ries.<\/p>\n<p>Mas, nem todos os cabos el\u00e9ctricos port\u00e1teis s\u00e3o criados iguais.  Se quiser um cabo el\u00e9trico port\u00e1til de 10 4 so que seja robusto, dur\u00e1vel, possa resistir a situa\u00e7\u00f5es confusas e praticamente n\u00e3o envelhe\u00e7a com o tempo, ent\u00e3o vai querer o cabo Carol 4\/4 soow. podemos fornecer amostra gr\u00e1tis <a href=\"https:\/\/hdcarmouredcable.com\/pt\/cabo-sjoow-resistente-ao-oleo\/\" target=\"_blank\" rel=\"noopener noreferrer\">pre\u00e7o do cabo sjoow<\/a><\/p>\n<figure id=\"attachment_2512\" aria-describedby=\"caption-attachment-2512\" style=\"width: 820px\" class=\"wp-caption aligncenter\"><img loading=\"lazy\" decoding=\"async\" class=\"size-full wp-image-2512\" src=\"https:\/\/hdcarmouredcable.com\/wp-content\/uploads\/2019\/08\/resistance-oil-6-awg-4-conductor-soow.jpg\" alt=\"\u00f3leo de resist\u00eancia 6 awg 4 condutores soow\" width=\"830\" height=\"200\" srcset=\"https:\/\/hdcarmouredcable.com\/wp-content\/uploads\/2019\/08\/resistance-oil-6-awg-4-conductor-soow.jpg 830w, https:\/\/hdcarmouredcable.com\/wp-content\/uploads\/2019\/08\/resistance-oil-6-awg-4-conductor-soow-300x72.jpg 300w, https:\/\/hdcarmouredcable.com\/wp-content\/uploads\/2019\/08\/resistance-oil-6-awg-4-conductor-soow-768x185.jpg 768w, https:\/\/hdcarmouredcable.com\/wp-content\/uploads\/2019\/08\/resistance-oil-6-awg-4-conductor-soow-600x145.jpg 600w\" sizes=\"auto, (max-width: 830px) 100vw, 830px\" \/><figcaption id=\"caption-attachment-2512\" class=\"wp-caption-text\">\u00f3leo de resist\u00eancia 6 awg 4 condutores soow<\/figcaption><\/figure>\n\n<div class=\"wpcf7 no-js\" id=\"wpcf7-f5785-o1\" lang=\"en-US\" dir=\"ltr\" data-wpcf7-id=\"5785\">\n<div class=\"screen-reader-response\"><p role=\"status\" aria-live=\"polite\" aria-atomic=\"true\"><\/p> <ul><\/ul><\/div>\n<form action=\"\/pt\/wp-json\/wp\/v2\/pages\/2487#wpcf7-f5785-o1\" method=\"post\" class=\"wpcf7-form init\" aria-label=\"Formul\u00e1rio de contacto\" novalidate=\"novalidate\" data-status=\"init\" data-trp-original-action=\"\/pt\/wp-json\/wp\/v2\/pages\/2487#wpcf7-f5785-o1\">\n<div style=\"display: none;\">\n<input type=\"hidden\" name=\"_wpcf7\" value=\"5785\" \/>\n<input type=\"hidden\" name=\"_wpcf7_version\" value=\"6.0.6\" \/>\n<input type=\"hidden\" name=\"_wpcf7_locale\" value=\"en_US\" \/>\n<input type=\"hidden\" name=\"_wpcf7_unit_tag\" value=\"wpcf7-f5785-o1\" \/>\n<input type=\"hidden\" name=\"_wpcf7_container_post\" value=\"0\" \/>\n<input type=\"hidden\" name=\"_wpcf7_posted_data_hash\" value=\"\" \/>\n<\/div>\n<div>\n\t<h2>Deixe a sua mensagem, obtenha um or\u00e7amento gratuito\n\t<\/h2>\n\t<p>Vamos trabalhar em conjunto para o seu projeto por e-mail: <a href=\"mailto:info@hdcarmouredcable.com\" rel=\"nofollow\">info@hdcarmouredcable.com<\/a>\n\t<\/p>\n\t<div class=\"messageform\">\n\t\t<p><strong><span style=\"color:red;\">*<\/span> O seu nome<\/strong><br \/>\n<span class=\"wpcf7-form-control-wrap\" data-name=\"your-name\"><input size=\"40\" maxlength=\"400\" class=\"wpcf7-form-control wpcf7-text wpcf7-validates-as-required\" aria-required=\"true\" aria-invalid=\"false\" value=\"\" type=\"text\" name=\"your-name\" \/><\/span>\n\t\t<\/p>\n\t\t<p><strong><span style=\"color:red;\">*<\/span> O seu e-mail<\/strong>\n\t\t<\/p>\n\t\t<p><span class=\"wpcf7-form-control-wrap\" data-name=\"your-email\"><input size=\"40\" maxlength=\"400\" class=\"wpcf7-form-control wpcf7-email wpcf7-validates-as-required wpcf7-text wpcf7-validates-as-email\" aria-required=\"true\" aria-invalid=\"false\" value=\"\" type=\"email\" name=\"your-email\" \/><\/span>\n\t\t<\/p>\n\t\t<p><strong>O seu pa\u00eds<\/strong>\n\t\t<\/p>\n\t\t<p><span class=\"wpcf7-form-control-wrap\" data-name=\"your-country\"><input size=\"40\" maxlength=\"400\" class=\"wpcf7-form-control wpcf7-text\" aria-invalid=\"false\" value=\"\" type=\"text\" name=\"your-country\" \/><\/span>\n\t\t<\/p>\n\t\t<p><strong><span style=\"color:red;\">*<\/span> O seu requisito<\/strong>\n\t\t<\/p>\n\t\t<p><span class=\"wpcf7-form-control-wrap\" data-name=\"your-requirement\"><textarea cols=\"40\" rows=\"10\" maxlength=\"2000\" class=\"wpcf7-form-control wpcf7-textarea wpcf7-validates-as-required bestonmessage\" aria-required=\"true\" aria-invalid=\"false\" placeholder=\"Para obter uma cota\u00e7\u00e3o detalhada, envie-nos o seu pedido detalhado.\" name=\"your-requirement\"><\/textarea><\/span>\n\t\t<\/p>\n\t\t<p><input class=\"wpcf7-form-control wpcf7-submit has-spinner\" type=\"submit\" value=\"Enviar mensagem\" \/>\n\t\t<\/p>\n\t<\/div>\n<\/div><input type='hidden' class='wpcf7-pum' value='{\"closepopup\":false,\"closedelay\":0,\"openpopup\":false,\"openpopup_id\":0}' \/><div class=\"wpcf7-response-output\" aria-hidden=\"true\"><\/div>\n<input type=\"hidden\" name=\"trp-form-language\" value=\"pt\"\/><\/form>\n<\/div>\n\n<div class=\"su-lightbox-content su-u-trim\" id=\"popmake-form\" style=\"display:none;width:85%;min-width:none;max-width:600px;margin-top:40px;margin-bottom:40px;padding:20px;background:#FFFFFF;color:#333333;box-shadow:0px 0px 15px #333333;text-align:left\">\n<div class=\"wpcf7 no-js\" id=\"wpcf7-f5800-o2\" lang=\"en-US\" dir=\"ltr\" data-wpcf7-id=\"5800\">\n<div class=\"screen-reader-response\"><p role=\"status\" aria-live=\"polite\" aria-atomic=\"true\"><\/p> <ul><\/ul><\/div>\n<form action=\"\/pt\/wp-json\/wp\/v2\/pages\/2487#wpcf7-f5800-o2\" method=\"post\" class=\"wpcf7-form init\" aria-label=\"Formul\u00e1rio de contacto\" novalidate=\"novalidate\" data-status=\"init\" data-trp-original-action=\"\/pt\/wp-json\/wp\/v2\/pages\/2487#wpcf7-f5800-o2\">\n<div style=\"display: none;\">\n<input type=\"hidden\" name=\"_wpcf7\" value=\"5800\" \/>\n<input type=\"hidden\" name=\"_wpcf7_version\" value=\"6.0.6\" \/>\n<input type=\"hidden\" name=\"_wpcf7_locale\" value=\"en_US\" \/>\n<input type=\"hidden\" name=\"_wpcf7_unit_tag\" value=\"wpcf7-f5800-o2\" \/>\n<input type=\"hidden\" name=\"_wpcf7_container_post\" value=\"0\" \/>\n<input type=\"hidden\" name=\"_wpcf7_posted_data_hash\" value=\"\" \/>\n<\/div>\n<div class=\"popmakerform\">\n\t<h3>Obter um or\u00e7amento gratuito\n\t<\/h3>\n\t<p>Vamos trabalhar em conjunto para o seu projeto por e-mail: <a href=\"mailto:info@hdcarmouredcable.com\" rel=\"nofollow\">info@hdcarmouredcable.com<\/a>\n\t<\/p>\n\t<p>Produto interessado <span style=\"color:red;\">*<span><br \/>\n<span class=\"wpcf7-form-control-wrap\" data-name=\"item\"><input size=\"40\" maxlength=\"400\" class=\"wpcf7-form-control wpcf7-text\" id=\"item\" aria-invalid=\"false\" value=\"\" type=\"text\" name=\"item\" \/><\/span><\/span><\/span>\n\t<\/p>\n\t<p>O seu nome <span style=\"color:red;\">*<span><br \/>\n<span class=\"wpcf7-form-control-wrap\" data-name=\"your-name\"><input size=\"40\" maxlength=\"400\" class=\"wpcf7-form-control wpcf7-text wpcf7-validates-as-required\" aria-required=\"true\" aria-invalid=\"false\" value=\"\" type=\"text\" name=\"your-name\" \/><\/span><\/span><\/span>\n\t<\/p>\n\t<p>O seu e-mail <span style=\"color:red;\">*<span><br \/>\n<span class=\"wpcf7-form-control-wrap\" data-name=\"your-email\"><input size=\"40\" maxlength=\"400\" class=\"wpcf7-form-control wpcf7-email wpcf7-validates-as-required wpcf7-text wpcf7-validates-as-email\" aria-required=\"true\" aria-invalid=\"false\" value=\"\" type=\"email\" name=\"your-email\" \/><\/span><\/span><\/span>\n\t<\/p>\n\t<p>O seu n\u00famero de telefone (inclua o c\u00f3digo de \u00e1rea)<br \/>\n<span class=\"wpcf7-form-control-wrap\" data-name=\"your-phone\"><input size=\"40\" maxlength=\"400\" class=\"wpcf7-form-control wpcf7-text\" aria-invalid=\"false\" value=\"\" type=\"text\" name=\"your-phone\" \/><\/span>\n\t<\/p>\n\t<p>O seu pa\u00eds<br \/>\n<span class=\"wpcf7-form-control-wrap\" data-name=\"your-country\"><input size=\"40\" maxlength=\"400\" class=\"wpcf7-form-control wpcf7-text\" aria-invalid=\"false\" value=\"\" type=\"text\" name=\"your-country\" \/><\/span>\n\t<\/p>\n\t<p>Requisito pormenorizado <span style=\"color:red;\">*<span><br \/>\n<span class=\"wpcf7-form-control-wrap\" data-name=\"your-requirement\"><textarea cols=\"40\" rows=\"5\" maxlength=\"2000\" class=\"wpcf7-form-control wpcf7-textarea wpcf7-validates-as-required\" aria-required=\"true\" aria-invalid=\"false\" placeholder=\"Para obter uma cota\u00e7\u00e3o detalhada, envie-nos o seu pedido detalhado. *\" name=\"your-requirement\"><\/textarea><\/span><\/span><\/span>\n\t<\/p>\n\t<p><input class=\"wpcf7-form-control wpcf7-submit has-spinner\" type=\"submit\" value=\"Obter cota\u00e7\u00e3o\" \/>\n\t<\/p>\n<\/div><input type='hidden' class='wpcf7-pum' value='{\"closepopup\":false,\"closedelay\":0,\"openpopup\":false,\"openpopup_id\":0}' \/><div class=\"wpcf7-response-output\" aria-hidden=\"true\"><\/div>\n<input type=\"hidden\" name=\"trp-form-language\" value=\"pt\"\/><\/form>\n<\/div>\n<\/div>","protected":false},"excerpt":{"rendered":"<p>Aplica\u00e7\u00e3o do cabo 4 4 SOOW Sempre que voc\u00ea comprar o fio soow de 6 awg 4 condutores da southwire soow ou do cabo huadong, voc\u00ea precisa agora como aplicar. Em primeiro lugar, o cabo el\u00e9trico port\u00e1til 6 4 SOOW \u00e9 um tipo de cabo port\u00e1til. Para que Carol ofere\u00e7a uma s\u00e9rie de benef\u00edcios importantes que a tornam uma \u00f3tima escolha para ... <a class=\"read-more\" href=\"https:\/\/hdcarmouredcable.com\/pt\/2-18-awg-soow-cable-wire\/\">Ler mais...<\/a><\/p>","protected":false},"author":1,"featured_media":0,"parent":0,"menu_order":0,"comment_status":"closed","ping_status":"closed","template":"","meta":{"_joinchat":[],"footnotes":""},"class_list":["post-2487","page","type-page","status-publish"],"yoast_head":"<!-- This site is optimized with the Yoast SEO plugin v25.1 - https:\/\/yoast.com\/wordpress\/plugins\/seo\/ -->\n<title>2 3 4 5 6 Cores 2 4 6 8 10 12 14 16 18 AWG SOOW Cable Wire supplier<\/title>\n<meta name=\"description\" content=\"Huadong whosale 2\/4, 2\/3, 4\/4, 4\/3, 6\/4, 6\/3, 8\/4, 8\/3, 10\/3, 10\/4, 12\/4, 12\/3, 14\/4, 18\/6, 18\/5, 12\/2, 14\/3,16\/4, 18\/3 16\/2, 18\/2 AWG Soow Cable Wire price\" \/>\n<meta name=\"robots\" content=\"index, follow, max-snippet:-1, max-image-preview:large, max-video-preview:-1\" \/>\n<link rel=\"canonical\" href=\"https:\/\/hdcarmouredcable.com\/pt\/2-18-awg-soow-cable-wire\/\" \/>\n<meta property=\"og:locale\" content=\"pt_PT\" \/>\n<meta property=\"og:type\" content=\"article\" \/>\n<meta property=\"og:title\" content=\"2 3 4 5 6 Cores 2 4 6 8 10 12 14 16 18 AWG SOOW Cable Wire supplier\" \/>\n<meta property=\"og:description\" content=\"Huadong whosale 2\/4, 2\/3, 4\/4, 4\/3, 6\/4, 6\/3, 8\/4, 8\/3, 10\/3, 10\/4, 12\/4, 12\/3, 14\/4, 18\/6, 18\/5, 12\/2, 14\/3,16\/4, 18\/3 16\/2, 18\/2 AWG Soow Cable Wire price\" \/>\n<meta property=\"og:url\" content=\"https:\/\/hdcarmouredcable.com\/pt\/2-18-awg-soow-cable-wire\/\" \/>\n<meta property=\"og:site_name\" content=\"Huadong Armoured Cable Group\" \/>\n<meta property=\"article:publisher\" content=\"https:\/\/www.facebook.com\/lily.ding.52\" \/>\n<meta property=\"article:modified_time\" content=\"2023-07-21T08:04:25+00:00\" \/>\n<meta property=\"og:image\" content=\"https:\/\/hdcarmouredcable.com\/wp-content\/uploads\/2019\/08\/18-2-SOOW-cable-18-AWG-2-Conductor.jpg\" \/>\n<meta name=\"twitter:card\" content=\"summary_large_image\" \/>\n<meta name=\"twitter:label1\" content=\"Tempo estimado de leitura\" \/>\n\t<meta name=\"twitter:data1\" content=\"4 minutos\" \/>\n<script type=\"application\/ld+json\" class=\"yoast-schema-graph\">{\"@context\":\"https:\/\/schema.org\",\"@graph\":[{\"@type\":\"WebPage\",\"@id\":\"https:\/\/hdcarmouredcable.com\/2-18-awg-soow-cable-wire\/\",\"url\":\"https:\/\/hdcarmouredcable.com\/2-18-awg-soow-cable-wire\/\",\"name\":\"2 3 4 5 6 Cores 2 4 6 8 10 12 14 16 18 AWG SOOW Cable Wire supplier\",\"isPartOf\":{\"@id\":\"https:\/\/hdcarmouredcable.com\/#website\"},\"primaryImageOfPage\":{\"@id\":\"https:\/\/hdcarmouredcable.com\/2-18-awg-soow-cable-wire\/#primaryimage\"},\"image\":{\"@id\":\"https:\/\/hdcarmouredcable.com\/2-18-awg-soow-cable-wire\/#primaryimage\"},\"thumbnailUrl\":\"https:\/\/hdcarmouredcable.com\/wp-content\/uploads\/2019\/08\/18-2-SOOW-cable-18-AWG-2-Conductor.jpg\",\"datePublished\":\"2019-08-16T09:51:42+00:00\",\"dateModified\":\"2023-07-21T08:04:25+00:00\",\"description\":\"Huadong whosale 2\/4, 2\/3, 4\/4, 4\/3, 6\/4, 6\/3, 8\/4, 8\/3, 10\/3, 10\/4, 12\/4, 12\/3, 14\/4, 18\/6, 18\/5, 12\/2, 14\/3,16\/4, 18\/3 16\/2, 18\/2 AWG Soow Cable Wire price\",\"inLanguage\":\"pt-PT\",\"potentialAction\":[{\"@type\":\"ReadAction\",\"target\":[\"https:\/\/hdcarmouredcable.com\/2-18-awg-soow-cable-wire\/\"]}]},{\"@type\":\"ImageObject\",\"inLanguage\":\"pt-PT\",\"@id\":\"https:\/\/hdcarmouredcable.com\/2-18-awg-soow-cable-wire\/#primaryimage\",\"url\":\"https:\/\/hdcarmouredcable.com\/wp-content\/uploads\/2019\/08\/18-2-SOOW-cable-18-AWG-2-Conductor.jpg\",\"contentUrl\":\"https:\/\/hdcarmouredcable.com\/wp-content\/uploads\/2019\/08\/18-2-SOOW-cable-18-AWG-2-Conductor.jpg\"},{\"@type\":\"WebSite\",\"@id\":\"https:\/\/hdcarmouredcable.com\/#website\",\"url\":\"https:\/\/hdcarmouredcable.com\/\",\"name\":\"Huadong Armoured Cable Group\",\"description\":\"professional steel wire armoured cable manufacturer\",\"publisher\":{\"@id\":\"https:\/\/hdcarmouredcable.com\/#organization\"},\"potentialAction\":[{\"@type\":\"SearchAction\",\"target\":{\"@type\":\"EntryPoint\",\"urlTemplate\":\"https:\/\/hdcarmouredcable.com\/?s={search_term_string}\"},\"query-input\":{\"@type\":\"PropertyValueSpecification\",\"valueRequired\":true,\"valueName\":\"search_term_string\"}}],\"inLanguage\":\"pt-PT\"},{\"@type\":\"Organization\",\"@id\":\"https:\/\/hdcarmouredcable.com\/#organization\",\"name\":\"Huadong Cable Group\",\"url\":\"https:\/\/hdcarmouredcable.com\/\",\"logo\":{\"@type\":\"ImageObject\",\"inLanguage\":\"pt-PT\",\"@id\":\"https:\/\/hdcarmouredcable.com\/#\/schema\/logo\/image\/\",\"url\":\"https:\/\/hdcarmouredcable.com\/wp-content\/uploads\/2022\/07\/Huadong-log.png\",\"contentUrl\":\"https:\/\/hdcarmouredcable.com\/wp-content\/uploads\/2022\/07\/Huadong-log.png\",\"width\":860,\"height\":860,\"caption\":\"Huadong Cable Group\"},\"image\":{\"@id\":\"https:\/\/hdcarmouredcable.com\/#\/schema\/logo\/image\/\"},\"sameAs\":[\"https:\/\/www.facebook.com\/lily.ding.52\",\"https:\/\/www.linkedin.com\/in\/lilyxlpecable\/\"]}]}<\/script>\n<!-- \/ Yoast SEO plugin. -->","yoast_head_json":{"title":"2 3 4 5 6 N\u00facleos 2 4 6 8 10 12 14 16 18 AWG SOOW Fornecedor de cabos","description":"Huadong whosale 2\/4, 2\/3, 4\/4, 4\/3, 6\/4, 6\/3, 8\/4, 8\/3, 10\/3, 10\/4, 12\/4, 12\/3, 14\/4, 18\/6, 18\/5, 12\/2, 14\/3,16\/4, 18\/3 16\/2, 18\/2 AWG Soow Cable Wire price","robots":{"index":"index","follow":"follow","max-snippet":"max-snippet:-1","max-image-preview":"max-image-preview:large","max-video-preview":"max-video-preview:-1"},"canonical":"https:\/\/hdcarmouredcable.com\/pt\/2-18-awg-soow-cable-wire\/","og_locale":"pt_PT","og_type":"article","og_title":"2 3 4 5 6 Cores 2 4 6 8 10 12 14 16 18 AWG SOOW Cable Wire supplier","og_description":"Huadong whosale 2\/4, 2\/3, 4\/4, 4\/3, 6\/4, 6\/3, 8\/4, 8\/3, 10\/3, 10\/4, 12\/4, 12\/3, 14\/4, 18\/6, 18\/5, 12\/2, 14\/3,16\/4, 18\/3 16\/2, 18\/2 AWG Soow Cable Wire price","og_url":"https:\/\/hdcarmouredcable.com\/pt\/2-18-awg-soow-cable-wire\/","og_site_name":"Huadong Armoured Cable Group","article_publisher":"https:\/\/www.facebook.com\/lily.ding.52","article_modified_time":"2023-07-21T08:04:25+00:00","og_image":[{"url":"https:\/\/hdcarmouredcable.com\/wp-content\/uploads\/2019\/08\/18-2-SOOW-cable-18-AWG-2-Conductor.jpg","type":"","width":"","height":""}],"twitter_card":"summary_large_image","twitter_misc":{"Tempo estimado de leitura":"4 minutos"},"schema":{"@context":"https:\/\/schema.org","@graph":[{"@type":"WebPage","@id":"https:\/\/hdcarmouredcable.com\/2-18-awg-soow-cable-wire\/","url":"https:\/\/hdcarmouredcable.com\/2-18-awg-soow-cable-wire\/","name":"2 3 4 5 6 N\u00facleos 2 4 6 8 10 12 14 16 18 AWG SOOW Fornecedor de cabos","isPartOf":{"@id":"https:\/\/hdcarmouredcable.com\/#website"},"primaryImageOfPage":{"@id":"https:\/\/hdcarmouredcable.com\/2-18-awg-soow-cable-wire\/#primaryimage"},"image":{"@id":"https:\/\/hdcarmouredcable.com\/2-18-awg-soow-cable-wire\/#primaryimage"},"thumbnailUrl":"https:\/\/hdcarmouredcable.com\/wp-content\/uploads\/2019\/08\/18-2-SOOW-cable-18-AWG-2-Conductor.jpg","datePublished":"2019-08-16T09:51:42+00:00","dateModified":"2023-07-21T08:04:25+00:00","description":"Huadong whosale 2\/4, 2\/3, 4\/4, 4\/3, 6\/4, 6\/3, 8\/4, 8\/3, 10\/3, 10\/4, 12\/4, 12\/3, 14\/4, 18\/6, 18\/5, 12\/2, 14\/3,16\/4, 18\/3 16\/2, 18\/2 AWG Soow Cable Wire price","inLanguage":"pt-PT","potentialAction":[{"@type":"ReadAction","target":["https:\/\/hdcarmouredcable.com\/2-18-awg-soow-cable-wire\/"]}]},{"@type":"ImageObject","inLanguage":"pt-PT","@id":"https:\/\/hdcarmouredcable.com\/2-18-awg-soow-cable-wire\/#primaryimage","url":"https:\/\/hdcarmouredcable.com\/wp-content\/uploads\/2019\/08\/18-2-SOOW-cable-18-AWG-2-Conductor.jpg","contentUrl":"https:\/\/hdcarmouredcable.com\/wp-content\/uploads\/2019\/08\/18-2-SOOW-cable-18-AWG-2-Conductor.jpg"},{"@type":"WebSite","@id":"https:\/\/hdcarmouredcable.com\/#website","url":"https:\/\/hdcarmouredcable.com\/","name":"Grupo de cabos blindados Huadong","description":"fabricante profissional de cabos blindados de a\u00e7o","publisher":{"@id":"https:\/\/hdcarmouredcable.com\/#organization"},"potentialAction":[{"@type":"SearchAction","target":{"@type":"EntryPoint","urlTemplate":"https:\/\/hdcarmouredcable.com\/?s={search_term_string}"},"query-input":{"@type":"PropertyValueSpecification","valueRequired":true,"valueName":"search_term_string"}}],"inLanguage":"pt-PT"},{"@type":"Organization","@id":"https:\/\/hdcarmouredcable.com\/#organization","name":"Grupo de cabos Huadong","url":"https:\/\/hdcarmouredcable.com\/","logo":{"@type":"ImageObject","inLanguage":"pt-PT","@id":"https:\/\/hdcarmouredcable.com\/#\/schema\/logo\/image\/","url":"https:\/\/hdcarmouredcable.com\/wp-content\/uploads\/2022\/07\/Huadong-log.png","contentUrl":"https:\/\/hdcarmouredcable.com\/wp-content\/uploads\/2022\/07\/Huadong-log.png","width":860,"height":860,"caption":"Huadong Cable Group"},"image":{"@id":"https:\/\/hdcarmouredcable.com\/#\/schema\/logo\/image\/"},"sameAs":["https:\/\/www.facebook.com\/lily.ding.52","https:\/\/www.linkedin.com\/in\/lilyxlpecable\/"]}]}},"amp_enabled":true,"_links":{"self":[{"href":"https:\/\/hdcarmouredcable.com\/pt\/wp-json\/wp\/v2\/pages\/2487","targetHints":{"allow":["GET"]}}],"collection":[{"href":"https:\/\/hdcarmouredcable.com\/pt\/wp-json\/wp\/v2\/pages"}],"about":[{"href":"https:\/\/hdcarmouredcable.com\/pt\/wp-json\/wp\/v2\/types\/page"}],"author":[{"embeddable":true,"href":"https:\/\/hdcarmouredcable.com\/pt\/wp-json\/wp\/v2\/users\/1"}],"replies":[{"embeddable":true,"href":"https:\/\/hdcarmouredcable.com\/pt\/wp-json\/wp\/v2\/comments?post=2487"}],"version-history":[{"count":19,"href":"https:\/\/hdcarmouredcable.com\/pt\/wp-json\/wp\/v2\/pages\/2487\/revisions"}],"predecessor-version":[{"id":9444,"href":"https:\/\/hdcarmouredcable.com\/pt\/wp-json\/wp\/v2\/pages\/2487\/revisions\/9444"}],"wp:attachment":[{"href":"https:\/\/hdcarmouredcable.com\/pt\/wp-json\/wp\/v2\/media?parent=2487"}],"curies":[{"name":"wp","href":"https:\/\/api.w.org\/{rel}","templated":true}]}}