{"id":2978,"date":"2019-11-11T11:29:28","date_gmt":"2019-11-11T03:29:28","guid":{"rendered":"https:\/\/hdcarmouredcable.com\/?page_id=2978"},"modified":"2023-07-21T15:21:16","modified_gmt":"2023-07-21T07:21:16","slug":"aluminum-duplex-service-drop-cable","status":"publish","type":"page","link":"https:\/\/hdcarmouredcable.com\/pt\/cabo-de-aluminio-duplex-service-drop-cable\/","title":{"rendered":"0.6\/1kv XLPE alum\u00ednio urd duplex cabo de queda de servi\u00e7o"},"content":{"rendered":"<h2>A diferen\u00e7a entre os nomes dos cabos duplex de queda de servi\u00e7o na palavra<\/h2>\n<p>O cabo de queda de servi\u00e7o duplex \u00e9 um dos tipos de <a href=\"https:\/\/hdcarmouredcable.com\/pt\/4c-abc-cable-malasia\/\" target=\"_blank\" rel=\"noopener noreferrer\">cabo abc<\/a>. Em primeiro lugar, \u00e9 usado principalmente para transmiss\u00e3o de energia a\u00e9rea. Normalmente, o cabo abc duplex 0.6 \/ 1kv \u00e9 de baixa tens\u00e3o, acima de 1kv o cabo urd de alum\u00ednio \u00e9 um cabo abc de tens\u00e3o m\u00e9dia ultrapassada. Portanto, quando voc\u00ea compra o cabo urd de alum\u00ednio duplex, voc\u00ea precisa estar em conformidade com a tens\u00e3o. Ao mesmo tempo, na \u00c1sia, o seu nome \u00e9 cabo a\u00e9reo com feixes ou cabo a\u00e9reo com feixes ou cabo a\u00e9reo.<\/p>\n<p><img loading=\"lazy\" decoding=\"async\" class=\"aligncenter size-full wp-image-2980\" src=\"https:\/\/hdcarmouredcable.com\/wp-content\/uploads\/2019\/11\/duplex-service-cable.png\" alt=\"cabo de servi\u00e7o duplex\" width=\"595\" height=\"423\" srcset=\"https:\/\/hdcarmouredcable.com\/wp-content\/uploads\/2019\/11\/duplex-service-cable.png 595w, https:\/\/hdcarmouredcable.com\/wp-content\/uploads\/2019\/11\/duplex-service-cable-300x213.png 300w\" sizes=\"auto, (max-width: 595px) 100vw, 595px\" \/><\/p>\n<p style=\"text-align: center;\"><span class=\"su-lightbox\" data-mfp-src=\"#popmake-form\" data-mfp-type=\"inline\" data-mobile=\"yes\"><button class=\"btn btn-danger btn-sm\" ><i class=\"glyphicon glyphicon-ok-sign\" style=\"color:#eeee22;\"><\/i> Obter o pre\u00e7o do cabo de servi\u00e7o duplex<\/button><\/span>\n<p>Mas, na Am\u00e9rica do Sul, esse cabo \u00e9 chamado de cabo urd de alum\u00ednio ou fio de queda de servi\u00e7o. Portanto, se for o cabo duplex<a href=\"https:\/\/hdcarmouredcable.com\/pt\/preco-do-fio-de-queda-de-servico-nas-filipinas\/\" target=\"_blank\" rel=\"noopener noreferrer\"> fio de queda de servi\u00e7o<\/a> fabrico, \u00e9 preciso aprender a limpar o nome dos cabos abc nos diferentes pa\u00edses.<\/p>\n<h2>Cabo de urdidura de alum\u00ednio 0,6\/1kv XLPE<\/h2>\n<p>Norma: ICEA S-76-474 e assim por diante.<br \/>\nCondutor: Fio todo em alum\u00ednio 1350.<br \/>\nIsolamento do condutor de fase: XLPE e PVC.<br \/>\nCondutor neutro: AAC, AAAC, ACSR e assim por diante.<br \/>\nTens\u00e3o: 0,6\/1KV.<\/p>\n<p>O condutor de fase \u00e9 de liga de alum\u00ednio 1350-H19, trefilado, comprimido e com fios conc\u00eantricos.<br \/>\nCondutor neutro Os conjuntos de cabos de constru\u00e7\u00e3o est\u00e3o dispon\u00edveis com os seguintes condutores neutros:<br \/>\nCondutores AAC, refor\u00e7ados com a\u00e7o revestido (ACSR), de fios conc\u00eantricos<br \/>\nLiga de alum\u00ednio 1350-H19 de estiramento duro, com fios conc\u00eantricos<br \/>\nLiga de alum\u00ednio 6201-T81, com fios conc\u00eantricos.<\/p>\n<div class=\"row\">\n<div class=\"col-lg-6 col-md-12 col-xs-12 col-sm-12\">\n<p><img loading=\"lazy\" decoding=\"async\" class=\"aligncenter size-full wp-image-2990\" src=\"https:\/\/hdcarmouredcable.com\/wp-content\/uploads\/2019\/11\/duplex-urd-wire.jpg\" alt=\"duplex-urd-wire\" width=\"180\" height=\"300\" \/><\/p>\n<\/div>\n<div class=\"col-lg-6 col-md-12 col-xs-12 col-sm-12\">\n<h2>Cabo de alum\u00ednio urd duplex nome de c\u00f3digo item<\/h2>\n<p>Fio URD 8-8 Bard duplex (enterramento direto)<br \/>\n6-6 Fio URD duplex Bard (enterramento direto)<br \/>\n4-4 Fio URD duplex Bard (enterramento direto)<br \/>\n2-2 Bard duplex URD Wire (enterramento direto)<\/p>\n<p style=\"text-align: center;\"><span class=\"su-lightbox\" data-mfp-src=\"#popmake-form\" data-mfp-type=\"inline\" data-mobile=\"yes\"><button class=\"btn btn-danger btn-sm\" ><i class=\"glyphicon glyphicon-ok-sign\" style=\"color:#eeee22;\"><\/i> Obter o pre\u00e7o do cabo urd de alum\u00ednio<\/button><\/span>\n<\/div>\n<\/div>\n<h2>Material de isolamento do cabo urd de alum\u00ednio<\/h2>\n<p>O isolamento normalizado do cabo URD no condutor de fase \u00e9 o polietileno reticulado de baixa densidade (XLPE) preto<br \/>\nEm alternativa, o isolamento em polietileno linear de baixa densidade (LLDPE) preto com uma temperatura nominal de 75\u00b0C est\u00e1 dispon\u00edvel mediante pedido.<\/p>\n<h2>aac abc c\u00f3digo do fio de descida nome do par\u00e2metro<\/h2>\n<p>Sempre que comprar o cabo abc, precisa de conhecer os par\u00e2metros t\u00e9cnicos pormenorizados. Portanto, o medidor a seguir \u00e9 principalmente adequado para o padr\u00e3o americano.<\/p>\n<p><img loading=\"lazy\" decoding=\"async\" class=\"aligncenter size-full wp-image-2979\" src=\"https:\/\/hdcarmouredcable.com\/wp-content\/uploads\/2019\/11\/aluminum-duplex-service-drop-wire.png\" alt=\"fio de queda de servi\u00e7o duplex de alum\u00ednio\" width=\"385\" height=\"190\" srcset=\"https:\/\/hdcarmouredcable.com\/wp-content\/uploads\/2019\/11\/aluminum-duplex-service-drop-wire.png 385w, https:\/\/hdcarmouredcable.com\/wp-content\/uploads\/2019\/11\/aluminum-duplex-service-drop-wire-300x148.png 300w\" sizes=\"auto, (max-width: 385px) 100vw, 385px\" \/><\/p>\n<p style=\"text-align: center;\"><span class=\"su-lightbox\" data-mfp-src=\"#popmake-form\" data-mfp-type=\"inline\" data-mobile=\"yes\"><button class=\"btn btn-danger btn-sm\" ><i class=\"glyphicon glyphicon-ok-sign\" style=\"color:#eeee22;\"><\/i> Obter o pre\u00e7o do cabo de servi\u00e7o duplex<\/button><\/span>\n<p>Os nomes s\u00e3o nomes de c\u00f3digo, tais como: haiotis petella oyster clam e assim por diante. Portanto, quando voc\u00ea compra o cabo, voc\u00ea apenas informa o nome do c\u00f3digo de detalhes para o fabricante do cabo urd de alum\u00ednio, eles fornecer\u00e3o a lista de pre\u00e7os dos cabos de detalhes para voc\u00ea. Portanto, agora que voc\u00ea est\u00e1 pensando em comprar o cabo, entre em contato com o grupo de cabos huadong, forneceremos o pre\u00e7o competitivo de f\u00e1brica para sua refer\u00eancia.<\/p>\n<table width=\"694\">\n<tbody>\n<tr>\n<td colspan=\"3\" width=\"342\">Condutor de fase AAC<\/td>\n<td colspan=\"2\" width=\"208\">Mensageiro neutro AAC<\/td>\n<td colspan=\"2\" width=\"144\">Ampacidade<\/td>\n<\/tr>\n<tr>\n<td width=\"155\">AWG ou Kcmil<\/td>\n<td width=\"86\">N.\u00ba de fios<\/td>\n<td width=\"101\">Espessura do isolamento Mils<\/td>\n<td width=\"136\">AWG ou Kcmil<\/td>\n<td width=\"72\">N.\u00ba de fios<\/td>\n<td width=\"72\">Pe 75\u00b0C<\/td>\n<td width=\"72\">Xlpe 90\u00b0C<\/td>\n<\/tr>\n<tr>\n<td width=\"155\">Haiotis<\/td>\n<td width=\"86\">6<\/td>\n<td width=\"101\">1<\/td>\n<td width=\"136\">45<\/td>\n<td width=\"72\">6<\/td>\n<td width=\"72\">103.8<\/td>\n<td width=\"72\">59<\/td>\n<\/tr>\n<tr>\n<td width=\"155\">Petella<\/td>\n<td width=\"86\">6<\/td>\n<td width=\"101\">7<\/td>\n<td width=\"136\">45<\/td>\n<td width=\"72\">6<\/td>\n<td width=\"72\">111.7<\/td>\n<td width=\"72\">59<\/td>\n<\/tr>\n<tr>\n<td width=\"155\">Fusus<\/td>\n<td width=\"86\">4<\/td>\n<td width=\"101\">1<\/td>\n<td width=\"136\">45<\/td>\n<td width=\"72\">4<\/td>\n<td width=\"72\">153.2<\/td>\n<td width=\"72\">78<\/td>\n<\/tr>\n<tr>\n<td width=\"155\">Ostra<\/td>\n<td width=\"86\">4<\/td>\n<td width=\"101\">7<\/td>\n<td width=\"136\">45<\/td>\n<td width=\"72\">4<\/td>\n<td width=\"72\">163.9<\/td>\n<td width=\"72\">78<\/td>\n<\/tr>\n<tr>\n<td width=\"155\">Am\u00eaijoa<\/td>\n<td width=\"86\">2<\/td>\n<td width=\"101\">7<\/td>\n<td width=\"136\">45<\/td>\n<td width=\"72\">2<\/td>\n<td width=\"72\">245.9<\/td>\n<td width=\"72\">106<\/td>\n<\/tr>\n<\/tbody>\n<\/table>\n<p style=\"text-align: center;\"><span class=\"su-lightbox\" data-mfp-src=\"#popmake-form\" data-mfp-type=\"inline\" data-mobile=\"yes\"><button class=\"btn btn-danger btn-sm\" ><i class=\"glyphicon glyphicon-ok-sign\" style=\"color:#eeee22;\"><\/i> Obter o pre\u00e7o do cabo urd de alum\u00ednio<\/button><\/span>\n<p><img loading=\"lazy\" decoding=\"async\" class=\"aligncenter size-full wp-image-2991\" src=\"https:\/\/hdcarmouredcable.com\/wp-content\/uploads\/2019\/11\/Duplex-Service-drop-cable-price-for-sales.jpg\" alt=\"Duplex-Service-drop-cable pre\u00e7o de venda\" width=\"830\" height=\"200\" srcset=\"https:\/\/hdcarmouredcable.com\/wp-content\/uploads\/2019\/11\/Duplex-Service-drop-cable-price-for-sales.jpg 830w, https:\/\/hdcarmouredcable.com\/wp-content\/uploads\/2019\/11\/Duplex-Service-drop-cable-price-for-sales-300x72.jpg 300w, https:\/\/hdcarmouredcable.com\/wp-content\/uploads\/2019\/11\/Duplex-Service-drop-cable-price-for-sales-768x185.jpg 768w, https:\/\/hdcarmouredcable.com\/wp-content\/uploads\/2019\/11\/Duplex-Service-drop-cable-price-for-sales-600x145.jpg 600w\" sizes=\"auto, (max-width: 830px) 100vw, 830px\" \/><\/p>\n<p class=\"wpcf7-contact-form-not-found\"><strong>Erro:<\/strong> Formul\u00e1rio de contacto n\u00e3o encontrado.<\/p>\n<div class=\"su-lightbox-content su-u-trim\" id=\"popmake-form\" style=\"display:none;width:65%;min-width:none;max-width:600px;margin-top:40px;margin-bottom:40px;padding:20px;background:#FFFFFF;color:#333333;box-shadow:0px 0px 15px #333333;text-align:left\">\n<div class=\"wpcf7 no-js\" id=\"wpcf7-f5800-o1\" lang=\"en-US\" dir=\"ltr\" data-wpcf7-id=\"5800\">\n<div class=\"screen-reader-response\"><p role=\"status\" aria-live=\"polite\" aria-atomic=\"true\"><\/p> <ul><\/ul><\/div>\n<form action=\"\/pt\/wp-json\/wp\/v2\/pages\/2978#wpcf7-f5800-o1\" method=\"post\" class=\"wpcf7-form init\" aria-label=\"Formul\u00e1rio de contacto\" novalidate=\"novalidate\" data-status=\"init\" data-trp-original-action=\"\/pt\/wp-json\/wp\/v2\/pages\/2978#wpcf7-f5800-o1\">\n<div style=\"display: none;\">\n<input type=\"hidden\" name=\"_wpcf7\" value=\"5800\" \/>\n<input type=\"hidden\" name=\"_wpcf7_version\" value=\"6.0.6\" \/>\n<input type=\"hidden\" name=\"_wpcf7_locale\" value=\"en_US\" \/>\n<input type=\"hidden\" name=\"_wpcf7_unit_tag\" value=\"wpcf7-f5800-o1\" \/>\n<input type=\"hidden\" name=\"_wpcf7_container_post\" value=\"0\" \/>\n<input type=\"hidden\" name=\"_wpcf7_posted_data_hash\" value=\"\" \/>\n<\/div>\n<div class=\"popmakerform\">\n\t<h3>Obter um or\u00e7amento gratuito\n\t<\/h3>\n\t<p>Vamos trabalhar em conjunto para o seu projeto por e-mail: <a href=\"mailto:info@hdcarmouredcable.com\" rel=\"nofollow\">info@hdcarmouredcable.com<\/a>\n\t<\/p>\n\t<p>Produto interessado <span style=\"color:red;\">*<span><br \/>\n<span class=\"wpcf7-form-control-wrap\" data-name=\"item\"><input size=\"40\" maxlength=\"400\" class=\"wpcf7-form-control wpcf7-text\" id=\"item\" aria-invalid=\"false\" value=\"\" type=\"text\" name=\"item\" \/><\/span><\/span><\/span>\n\t<\/p>\n\t<p>O seu nome <span style=\"color:red;\">*<span><br \/>\n<span class=\"wpcf7-form-control-wrap\" data-name=\"your-name\"><input size=\"40\" maxlength=\"400\" class=\"wpcf7-form-control wpcf7-text wpcf7-validates-as-required\" aria-required=\"true\" aria-invalid=\"false\" value=\"\" type=\"text\" name=\"your-name\" \/><\/span><\/span><\/span>\n\t<\/p>\n\t<p>O seu e-mail <span style=\"color:red;\">*<span><br \/>\n<span class=\"wpcf7-form-control-wrap\" data-name=\"your-email\"><input size=\"40\" maxlength=\"400\" class=\"wpcf7-form-control wpcf7-email wpcf7-validates-as-required wpcf7-text wpcf7-validates-as-email\" aria-required=\"true\" aria-invalid=\"false\" value=\"\" type=\"email\" name=\"your-email\" \/><\/span><\/span><\/span>\n\t<\/p>\n\t<p>O seu n\u00famero de telefone (inclua o c\u00f3digo de \u00e1rea)<br \/>\n<span class=\"wpcf7-form-control-wrap\" data-name=\"your-phone\"><input size=\"40\" maxlength=\"400\" class=\"wpcf7-form-control wpcf7-text\" aria-invalid=\"false\" value=\"\" type=\"text\" name=\"your-phone\" \/><\/span>\n\t<\/p>\n\t<p>O seu pa\u00eds<br \/>\n<span class=\"wpcf7-form-control-wrap\" data-name=\"your-country\"><input size=\"40\" maxlength=\"400\" class=\"wpcf7-form-control wpcf7-text\" aria-invalid=\"false\" value=\"\" type=\"text\" name=\"your-country\" \/><\/span>\n\t<\/p>\n\t<p>Requisito pormenorizado <span style=\"color:red;\">*<span><br \/>\n<span class=\"wpcf7-form-control-wrap\" data-name=\"your-requirement\"><textarea cols=\"40\" rows=\"5\" maxlength=\"2000\" class=\"wpcf7-form-control wpcf7-textarea wpcf7-validates-as-required\" aria-required=\"true\" aria-invalid=\"false\" placeholder=\"Para obter uma cota\u00e7\u00e3o detalhada, envie-nos o seu pedido detalhado. *\" name=\"your-requirement\"><\/textarea><\/span><\/span><\/span>\n\t<\/p>\n\t<p><input class=\"wpcf7-form-control wpcf7-submit has-spinner\" type=\"submit\" value=\"Obter cota\u00e7\u00e3o\" \/>\n\t<\/p>\n<\/div><input type='hidden' class='wpcf7-pum' value='{\"closepopup\":false,\"closedelay\":0,\"openpopup\":false,\"openpopup_id\":0}' \/><div class=\"wpcf7-response-output\" aria-hidden=\"true\"><\/div>\n<input type=\"hidden\" name=\"trp-form-language\" value=\"pt\"\/><\/form>\n<\/div>\n<\/div>","protected":false},"excerpt":{"rendered":"<p>Os diferentes nomes do cabo de queda de servi\u00e7o duplex na palavra O cabo de queda de servi\u00e7o duplex \u00e9 um dos tipos de cabo abc. Em primeiro lugar, \u00e9 utilizado principalmente para a transmiss\u00e3o de energia a\u00e9rea. Normalmente, o cabo abc duplex 0.6 \/ 1kv \u00e9 de baixa tens\u00e3o, acima de 1kv o cabo urd de alum\u00ednio \u00e9 um cabo abc de tens\u00e3o m\u00e9dia ultrapassada. Portanto, quando se compra o cabo duplex ... <a class=\"read-more\" href=\"https:\/\/hdcarmouredcable.com\/pt\/cabo-de-aluminio-duplex-service-drop-cable\/\">Ler mais...<\/a><\/p>","protected":false},"author":1,"featured_media":0,"parent":0,"menu_order":0,"comment_status":"closed","ping_status":"closed","template":"","meta":{"_joinchat":[],"footnotes":""},"class_list":["post-2978","page","type-page","status-publish"],"yoast_head":"<!-- This site is optimized with the Yoast SEO plugin v25.1 - https:\/\/yoast.com\/wordpress\/plugins\/seo\/ -->\n<title>XLPE 1350 Aluminum URD Duplex Service Drop Cable with AAC ACSR<\/title>\n<meta name=\"description\" content=\"factory direct sales the Aluminum 1350 aluminm URD duplex service drop cable, cand customized Haiotis Petella Fusus Oyster Murex URD Cable.\" \/>\n<meta name=\"robots\" content=\"index, follow, max-snippet:-1, max-image-preview:large, max-video-preview:-1\" \/>\n<link rel=\"canonical\" href=\"https:\/\/hdcarmouredcable.com\/pt\/cabo-de-aluminio-duplex-service-drop-cable\/\" \/>\n<meta property=\"og:locale\" content=\"pt_PT\" \/>\n<meta property=\"og:type\" content=\"article\" \/>\n<meta property=\"og:title\" content=\"XLPE 1350 Aluminum URD Duplex Service Drop Cable with AAC ACSR\" \/>\n<meta property=\"og:description\" content=\"factory direct sales the Aluminum 1350 aluminm URD duplex service drop cable, cand customized Haiotis Petella Fusus Oyster Murex URD Cable.\" \/>\n<meta property=\"og:url\" content=\"https:\/\/hdcarmouredcable.com\/pt\/cabo-de-aluminio-duplex-service-drop-cable\/\" \/>\n<meta property=\"og:site_name\" content=\"Huadong Armoured Cable Group\" \/>\n<meta property=\"article:publisher\" content=\"https:\/\/www.facebook.com\/lily.ding.52\" \/>\n<meta property=\"article:modified_time\" content=\"2023-07-21T07:21:16+00:00\" \/>\n<meta property=\"og:image\" content=\"https:\/\/hdcarmouredcable.com\/wp-content\/uploads\/2019\/11\/duplex-service-cable.png\" \/>\n<meta name=\"twitter:card\" content=\"summary_large_image\" \/>\n<meta name=\"twitter:label1\" content=\"Tempo estimado de leitura\" \/>\n\t<meta name=\"twitter:data1\" content=\"3 minutos\" \/>\n<script type=\"application\/ld+json\" class=\"yoast-schema-graph\">{\"@context\":\"https:\/\/schema.org\",\"@graph\":[{\"@type\":\"WebPage\",\"@id\":\"https:\/\/hdcarmouredcable.com\/aluminum-duplex-service-drop-cable\/\",\"url\":\"https:\/\/hdcarmouredcable.com\/aluminum-duplex-service-drop-cable\/\",\"name\":\"XLPE 1350 Aluminum URD Duplex Service Drop Cable with AAC ACSR\",\"isPartOf\":{\"@id\":\"https:\/\/hdcarmouredcable.com\/#website\"},\"primaryImageOfPage\":{\"@id\":\"https:\/\/hdcarmouredcable.com\/aluminum-duplex-service-drop-cable\/#primaryimage\"},\"image\":{\"@id\":\"https:\/\/hdcarmouredcable.com\/aluminum-duplex-service-drop-cable\/#primaryimage\"},\"thumbnailUrl\":\"https:\/\/hdcarmouredcable.com\/wp-content\/uploads\/2019\/11\/duplex-service-cable.png\",\"datePublished\":\"2019-11-11T03:29:28+00:00\",\"dateModified\":\"2023-07-21T07:21:16+00:00\",\"description\":\"factory direct sales the Aluminum 1350 aluminm URD duplex service drop cable, cand customized Haiotis Petella Fusus Oyster Murex URD Cable.\",\"inLanguage\":\"pt-PT\",\"potentialAction\":[{\"@type\":\"ReadAction\",\"target\":[\"https:\/\/hdcarmouredcable.com\/aluminum-duplex-service-drop-cable\/\"]}]},{\"@type\":\"ImageObject\",\"inLanguage\":\"pt-PT\",\"@id\":\"https:\/\/hdcarmouredcable.com\/aluminum-duplex-service-drop-cable\/#primaryimage\",\"url\":\"https:\/\/hdcarmouredcable.com\/wp-content\/uploads\/2019\/11\/duplex-service-cable.png\",\"contentUrl\":\"https:\/\/hdcarmouredcable.com\/wp-content\/uploads\/2019\/11\/duplex-service-cable.png\"},{\"@type\":\"WebSite\",\"@id\":\"https:\/\/hdcarmouredcable.com\/#website\",\"url\":\"https:\/\/hdcarmouredcable.com\/\",\"name\":\"Huadong Armoured Cable Group\",\"description\":\"professional steel wire armoured cable manufacturer\",\"publisher\":{\"@id\":\"https:\/\/hdcarmouredcable.com\/#organization\"},\"potentialAction\":[{\"@type\":\"SearchAction\",\"target\":{\"@type\":\"EntryPoint\",\"urlTemplate\":\"https:\/\/hdcarmouredcable.com\/?s={search_term_string}\"},\"query-input\":{\"@type\":\"PropertyValueSpecification\",\"valueRequired\":true,\"valueName\":\"search_term_string\"}}],\"inLanguage\":\"pt-PT\"},{\"@type\":\"Organization\",\"@id\":\"https:\/\/hdcarmouredcable.com\/#organization\",\"name\":\"Huadong Cable Group\",\"url\":\"https:\/\/hdcarmouredcable.com\/\",\"logo\":{\"@type\":\"ImageObject\",\"inLanguage\":\"pt-PT\",\"@id\":\"https:\/\/hdcarmouredcable.com\/#\/schema\/logo\/image\/\",\"url\":\"https:\/\/hdcarmouredcable.com\/wp-content\/uploads\/2022\/07\/Huadong-log.png\",\"contentUrl\":\"https:\/\/hdcarmouredcable.com\/wp-content\/uploads\/2022\/07\/Huadong-log.png\",\"width\":860,\"height\":860,\"caption\":\"Huadong Cable Group\"},\"image\":{\"@id\":\"https:\/\/hdcarmouredcable.com\/#\/schema\/logo\/image\/\"},\"sameAs\":[\"https:\/\/www.facebook.com\/lily.ding.52\",\"https:\/\/www.linkedin.com\/in\/lilyxlpecable\/\"]}]}<\/script>\n<!-- \/ Yoast SEO plugin. -->","yoast_head_json":{"title":"Cabo de queda de servi\u00e7o duplex URD de alum\u00ednio XLPE 1350 com AAC ACSR","description":"vendas directas da f\u00e1brica o cabo de queda de servi\u00e7o duplex de alum\u00ednio 1350 aluminm URD, cand personalizado Haiotis Petella Fusus Oyster Murex URD Cable.","robots":{"index":"index","follow":"follow","max-snippet":"max-snippet:-1","max-image-preview":"max-image-preview:large","max-video-preview":"max-video-preview:-1"},"canonical":"https:\/\/hdcarmouredcable.com\/pt\/cabo-de-aluminio-duplex-service-drop-cable\/","og_locale":"pt_PT","og_type":"article","og_title":"XLPE 1350 Aluminum URD Duplex Service Drop Cable with AAC ACSR","og_description":"factory direct sales the Aluminum 1350 aluminm URD duplex service drop cable, cand customized Haiotis Petella Fusus Oyster Murex URD Cable.","og_url":"https:\/\/hdcarmouredcable.com\/pt\/cabo-de-aluminio-duplex-service-drop-cable\/","og_site_name":"Huadong Armoured Cable Group","article_publisher":"https:\/\/www.facebook.com\/lily.ding.52","article_modified_time":"2023-07-21T07:21:16+00:00","og_image":[{"url":"https:\/\/hdcarmouredcable.com\/wp-content\/uploads\/2019\/11\/duplex-service-cable.png","type":"","width":"","height":""}],"twitter_card":"summary_large_image","twitter_misc":{"Tempo estimado de leitura":"3 minutos"},"schema":{"@context":"https:\/\/schema.org","@graph":[{"@type":"WebPage","@id":"https:\/\/hdcarmouredcable.com\/aluminum-duplex-service-drop-cable\/","url":"https:\/\/hdcarmouredcable.com\/aluminum-duplex-service-drop-cable\/","name":"Cabo de queda de servi\u00e7o duplex URD de alum\u00ednio XLPE 1350 com AAC ACSR","isPartOf":{"@id":"https:\/\/hdcarmouredcable.com\/#website"},"primaryImageOfPage":{"@id":"https:\/\/hdcarmouredcable.com\/aluminum-duplex-service-drop-cable\/#primaryimage"},"image":{"@id":"https:\/\/hdcarmouredcable.com\/aluminum-duplex-service-drop-cable\/#primaryimage"},"thumbnailUrl":"https:\/\/hdcarmouredcable.com\/wp-content\/uploads\/2019\/11\/duplex-service-cable.png","datePublished":"2019-11-11T03:29:28+00:00","dateModified":"2023-07-21T07:21:16+00:00","description":"vendas directas da f\u00e1brica o cabo de queda de servi\u00e7o duplex de alum\u00ednio 1350 aluminm URD, cand personalizado Haiotis Petella Fusus Oyster Murex URD Cable.","inLanguage":"pt-PT","potentialAction":[{"@type":"ReadAction","target":["https:\/\/hdcarmouredcable.com\/aluminum-duplex-service-drop-cable\/"]}]},{"@type":"ImageObject","inLanguage":"pt-PT","@id":"https:\/\/hdcarmouredcable.com\/aluminum-duplex-service-drop-cable\/#primaryimage","url":"https:\/\/hdcarmouredcable.com\/wp-content\/uploads\/2019\/11\/duplex-service-cable.png","contentUrl":"https:\/\/hdcarmouredcable.com\/wp-content\/uploads\/2019\/11\/duplex-service-cable.png"},{"@type":"WebSite","@id":"https:\/\/hdcarmouredcable.com\/#website","url":"https:\/\/hdcarmouredcable.com\/","name":"Grupo de cabos blindados Huadong","description":"fabricante profissional de cabos blindados de a\u00e7o","publisher":{"@id":"https:\/\/hdcarmouredcable.com\/#organization"},"potentialAction":[{"@type":"SearchAction","target":{"@type":"EntryPoint","urlTemplate":"https:\/\/hdcarmouredcable.com\/?s={search_term_string}"},"query-input":{"@type":"PropertyValueSpecification","valueRequired":true,"valueName":"search_term_string"}}],"inLanguage":"pt-PT"},{"@type":"Organization","@id":"https:\/\/hdcarmouredcable.com\/#organization","name":"Grupo de cabos Huadong","url":"https:\/\/hdcarmouredcable.com\/","logo":{"@type":"ImageObject","inLanguage":"pt-PT","@id":"https:\/\/hdcarmouredcable.com\/#\/schema\/logo\/image\/","url":"https:\/\/hdcarmouredcable.com\/wp-content\/uploads\/2022\/07\/Huadong-log.png","contentUrl":"https:\/\/hdcarmouredcable.com\/wp-content\/uploads\/2022\/07\/Huadong-log.png","width":860,"height":860,"caption":"Huadong Cable Group"},"image":{"@id":"https:\/\/hdcarmouredcable.com\/#\/schema\/logo\/image\/"},"sameAs":["https:\/\/www.facebook.com\/lily.ding.52","https:\/\/www.linkedin.com\/in\/lilyxlpecable\/"]}]}},"amp_enabled":true,"_links":{"self":[{"href":"https:\/\/hdcarmouredcable.com\/pt\/wp-json\/wp\/v2\/pages\/2978","targetHints":{"allow":["GET"]}}],"collection":[{"href":"https:\/\/hdcarmouredcable.com\/pt\/wp-json\/wp\/v2\/pages"}],"about":[{"href":"https:\/\/hdcarmouredcable.com\/pt\/wp-json\/wp\/v2\/types\/page"}],"author":[{"embeddable":true,"href":"https:\/\/hdcarmouredcable.com\/pt\/wp-json\/wp\/v2\/users\/1"}],"replies":[{"embeddable":true,"href":"https:\/\/hdcarmouredcable.com\/pt\/wp-json\/wp\/v2\/comments?post=2978"}],"version-history":[{"count":13,"href":"https:\/\/hdcarmouredcable.com\/pt\/wp-json\/wp\/v2\/pages\/2978\/revisions"}],"predecessor-version":[{"id":9434,"href":"https:\/\/hdcarmouredcable.com\/pt\/wp-json\/wp\/v2\/pages\/2978\/revisions\/9434"}],"wp:attachment":[{"href":"https:\/\/hdcarmouredcable.com\/pt\/wp-json\/wp\/v2\/media?parent=2978"}],"curies":[{"name":"wp","href":"https:\/\/api.w.org\/{rel}","templated":true}]}}