{"id":3149,"date":"2019-12-13T16:03:17","date_gmt":"2019-12-13T08:03:17","guid":{"rendered":"https:\/\/hdcarmouredcable.com\/?page_id=3149"},"modified":"2023-07-25T15:41:27","modified_gmt":"2023-07-25T07:41:27","slug":"opgw-hardware-fittings","status":"publish","type":"page","link":"https:\/\/hdcarmouredcable.com\/pt\/opgw-ferragens-acessorios\/","title":{"rendered":"amortecedor de vibra\u00e7\u00f5es para baixo grampo de chumbo conjunto de grampo de suspens\u00e3o para opgw 100, 115 110, 108 50 mm2 acess\u00f3rios de hardware"},"content":{"rendered":"<h2>\u00a0Aplica\u00e7\u00e3o de acess\u00f3rios de hardware opgw de 50mm2 100mm2 115mm2 108mm2 110mm2<\/h2>\n<p>Embora, os acess\u00f3rios de hardware opgw em um tipo de acess\u00f3rios de cabo. Mas, a bra\u00e7adeira de suspens\u00e3o opgw \u00e9 usada principalmente para a linha de cabos OPGW que passa pelo \u00e2ngulo, tens\u00e3o e extens\u00e3o da torre terminal.<\/p>\n<h2><img loading=\"lazy\" decoding=\"async\" class=\"aligncenter size-full wp-image-3150\" src=\"https:\/\/hdcarmouredcable.com\/wp-content\/uploads\/2019\/12\/used-for-opgw-hardware-fittings.jpg\" alt=\"acess\u00f3rios de hardware usados para opgw\" width=\"804\" height=\"528\" srcset=\"https:\/\/hdcarmouredcable.com\/wp-content\/uploads\/2019\/12\/used-for-opgw-hardware-fittings.jpg 804w, https:\/\/hdcarmouredcable.com\/wp-content\/uploads\/2019\/12\/used-for-opgw-hardware-fittings-300x197.jpg 300w, https:\/\/hdcarmouredcable.com\/wp-content\/uploads\/2019\/12\/used-for-opgw-hardware-fittings-768x504.jpg 768w, https:\/\/hdcarmouredcable.com\/wp-content\/uploads\/2019\/12\/used-for-opgw-hardware-fittings-600x394.jpg 600w\" sizes=\"auto, (max-width: 804px) 100vw, 804px\" \/><\/h2>\n<p style=\"text-align: center;\"><span class=\"su-lightbox\" data-mfp-src=\"#popmake-form\" data-mfp-type=\"inline\" data-mobile=\"yes\"><button class=\"btn btn-danger btn-sm\" ><i class=\"glyphicon glyphicon-ok-sign\" style=\"color:#eeee22;\"><\/i> Obter o pre\u00e7o da pin\u00e7a opgw<\/button><\/span><a class=\"btn btn-danger btn-sm\" href=\"mailto:info@hdcarmouredcable.com\"  rel=\"\"  target=\"_self\"><i class=\"fa fa-envelope-o\" style=\"color:#eeee22;\"><\/i> info@hdcarmouredcable.com<\/a>\n<p>Os acess\u00f3rios opgw n\u00e3o s\u00e3o apenas adequados para pendurar cabos a\u00e9reos, mas a bra\u00e7adeira de suspens\u00e3o opgw tamb\u00e9m \u00e9 usada para fixar, instalar ou puxar o cabo OPGW durante a constru\u00e7\u00e3o. Ao mesmo tempo, o hardware opgw inclui muitos tipos. Por exemplo, conjunto de suspens\u00e3o dupla para OPGW, bra\u00e7adeira de chumbo para OPGW, amortecedor de vibra\u00e7\u00f5es para opgw, bra\u00e7adeira opgw. A sua aplica\u00e7\u00e3o tamb\u00e9m \u00e9 ampla, como a <a href=\"https:\/\/insulatorlineclamp.com\/dead-end-clamp-for-abc-cable\/\" target=\"_blank\" rel=\"noopener noreferrer\">bra\u00e7adeira abc dead end.<\/a><\/p>\n<h2>A vantagem do conjunto de suspens\u00e3o dupla para 50mm2 100mm2 115mm2 108mm2 110mm2 OPGW da huadong<\/h2>\n<p><img loading=\"lazy\" decoding=\"async\" class=\"aligncenter size-full wp-image-3152\" src=\"https:\/\/hdcarmouredcable.com\/wp-content\/uploads\/2019\/12\/OPGW-Suspension-set.jpg\" alt=\"Conjunto de suspens\u00e3o OPGW\" width=\"942\" height=\"361\" srcset=\"https:\/\/hdcarmouredcable.com\/wp-content\/uploads\/2019\/12\/OPGW-Suspension-set.jpg 942w, https:\/\/hdcarmouredcable.com\/wp-content\/uploads\/2019\/12\/OPGW-Suspension-set-300x115.jpg 300w, https:\/\/hdcarmouredcable.com\/wp-content\/uploads\/2019\/12\/OPGW-Suspension-set-768x294.jpg 768w, https:\/\/hdcarmouredcable.com\/wp-content\/uploads\/2019\/12\/OPGW-Suspension-set-600x230.jpg 600w\" sizes=\"auto, (max-width: 942px) 100vw, 942px\" \/><\/p>\n<p style=\"text-align: center;\"><span class=\"su-lightbox\" data-mfp-src=\"#popmake-form\" data-mfp-type=\"inline\" data-mobile=\"yes\"><button class=\"btn btn-danger btn-sm\" ><i class=\"glyphicon glyphicon-ok-sign\" style=\"color:#eeee22;\"><\/i> Obter o pre\u00e7o da pin\u00e7a opgw<\/button><\/span><a class=\"btn btn-danger btn-sm\" href=\"mailto:info@hdcarmouredcable.com\"  rel=\"\"  target=\"_self\"><i class=\"fa fa-envelope-o\" style=\"color:#eeee22;\"><\/i> info@hdcarmouredcable.com<\/a>\n<p>Huadong n\u00e3o s\u00f3 produz o grampo de suspens\u00e3o opgw e o conjunto de suspens\u00e3o OPGW a n\u00edvel internacional, mas tamb\u00e9m pode personalizar. A nossa conce\u00e7\u00e3o do conjunto de suspens\u00e3o dupla para instala\u00e7\u00e3o de OPGW em postes e torres de linhas a\u00e9reas e assim por diante. Enquanto isso, o grampo de chumbo para baixo para OPGW tem um \u00e2ngulo unilateral para 15C-18C. Assim, os acess\u00f3rios de hardware opgw podem proteger muito bem o condutor da nossa prensa. Assim, o conjunto completo de suspens\u00e3o OPGW inclui as hastes internas e externas pr\u00e9-formadas, bra\u00e7adeira de suspens\u00e3o para OPGW. Por isso, quando compra os acess\u00f3rios para OPGW, precisa da bra\u00e7adeira de suspens\u00e3o e forma\u00e7\u00e3o para OPGW. A Huadong produz este conjunto de suspens\u00e3o dupla para OPGW, cuja resist\u00eancia \u00e9 10% - 20% superior \u00e0 resist\u00eancia \u00e0 tens\u00e3o nominal.<\/p>\n<div class=\"row prodetails\">\n<h2>Conjunto de bra\u00e7adeira de suspens\u00e3o simples e dupla para OPGW 50mm2 100mm2 115mm2 108mm2 110mm2<\/h2>\n<div class=\"col-lg-6 col-md-12 col-xs-12 col-sm-12\">\n<p><img loading=\"lazy\" decoding=\"async\" class=\"aligncenter size-full wp-image-3151\" src=\"https:\/\/hdcarmouredcable.com\/wp-content\/uploads\/2019\/12\/Suspension-OPGW.jpg\" alt=\"Suspens\u00e3o OPGW\" width=\"600\" height=\"334\" srcset=\"https:\/\/hdcarmouredcable.com\/wp-content\/uploads\/2019\/12\/Suspension-OPGW.jpg 600w, https:\/\/hdcarmouredcable.com\/wp-content\/uploads\/2019\/12\/Suspension-OPGW-300x167.jpg 300w\" sizes=\"auto, (max-width: 600px) 100vw, 600px\" \/><\/p>\n<\/div>\n<div class=\"col-lg-6 col-md-12 col-xs-12 col-sm-12\">\n<p>Os acess\u00f3rios de hardware opgw incluem manilha de ancoragem, manilha torcida, bra\u00e7adeira de suspens\u00e3o, bra\u00e7adeira de suspens\u00e3o opgw, bra\u00e7adeira de chumbo para OPGW, bra\u00e7adeira de fio terra e haste de prote\u00e7\u00e3o e assim por diante.<br \/>\nEspecifica\u00e7\u00f5es<br \/>\nDi\u00e2metro do punho OPGW: Total 115mm2, 110mm2, 108mm2, 50mm2.<br \/>\nN.\u00ba de fios: menos de 19<br \/>\nHaste blindada (interior): di\u00e2metro 3 mm x comprimento 12 mm<br \/>\nDire\u00e7\u00e3o de assentamento: (peso da m\u00e3o direita: 0,650 (kg) e assim por diante.<br \/>\nVar\u00e3o blindado (exterior): di\u00e2metro 6,3 mm x comprimento 7 mm e assim por diante.<br \/>\nDire\u00e7\u00e3o de assentamento: (peso da m\u00e3o esquerda: 0,789 kg)<\/p>\n<p style=\"text-align: center;\"><span class=\"su-lightbox\" data-mfp-src=\"#popmake-form\" data-mfp-type=\"inline\" data-mobile=\"yes\"><button class=\"btn btn-danger btn-sm\" ><i class=\"glyphicon glyphicon-ok-sign\" style=\"color:#eeee22;\"><\/i> Obter o pre\u00e7o dos acess\u00f3rios para cabos a\u00e9reos agrupados<\/button><\/span>\n<\/div>\n<\/div>\n<div class=\"row\">\n<h3>Amortecedor de vibra\u00e7\u00f5es de 50mm2 100mm2 115mm2 108mm2 110mm2 acess\u00f3rios opgw<\/h3>\n<div class=\"col-lg-6 col-md-12 col-xs-12 col-sm-12\">\n<p><img loading=\"lazy\" decoding=\"async\" class=\"aligncenter size-full wp-image-3153\" src=\"https:\/\/hdcarmouredcable.com\/wp-content\/uploads\/2019\/12\/OPGW-vibration-damper.jpg\" alt=\"Amortecedor de vibra\u00e7\u00f5es OPGW\" width=\"437\" height=\"174\" srcset=\"https:\/\/hdcarmouredcable.com\/wp-content\/uploads\/2019\/12\/OPGW-vibration-damper.jpg 437w, https:\/\/hdcarmouredcable.com\/wp-content\/uploads\/2019\/12\/OPGW-vibration-damper-300x119.jpg 300w\" sizes=\"auto, (max-width: 437px) 100vw, 437px\" \/><\/p>\n<\/div>\n<div class=\"col-lg-6 col-md-12 col-xs-12 col-sm-12\">\n<p>Embora, este amortecedor de vibra\u00e7\u00e3o \u00e9 um dos tipos de bra\u00e7adeira de suspens\u00e3o opgw. Inclui o martelo de ferro fundido galvanizado a quente de alto grau, fio de tor\u00e7\u00e3o de a\u00e7o galvanizado a quente e assim por diante. Assim, Huadong est\u00e1 oferecendo uma ampla gama de amortecedores de vibra\u00e7\u00e3o que \u00e9 conhecida por sua qualidade premium e bom funcionamento. Al\u00e9m disso, este amortecedor de vibra\u00e7\u00e3o \u00e9 feito de alta qualidade quente, grampo de chumbo para OPGW, grampo de liga de alum\u00ednio, grampo opgw e parafusos de a\u00e7o inoxid\u00e1vel.<\/p>\n<p style=\"text-align: center;\"><span class=\"su-lightbox\" data-mfp-src=\"#popmake-form\" data-mfp-type=\"inline\" data-mobile=\"yes\"><button class=\"btn btn-danger btn-sm\" ><i class=\"glyphicon glyphicon-ok-sign\" style=\"color:#eeee22;\"><\/i> Obter o pre\u00e7o dos acess\u00f3rios para cabos a\u00e9reos agrupados<\/button><\/span>\n<\/div>\n<\/div>\n\n<div class=\"wpcf7 no-js\" id=\"wpcf7-f5800-o1\" lang=\"en-US\" dir=\"ltr\" data-wpcf7-id=\"5800\">\n<div class=\"screen-reader-response\"><p role=\"status\" aria-live=\"polite\" aria-atomic=\"true\"><\/p> <ul><\/ul><\/div>\n<form action=\"\/pt\/wp-json\/wp\/v2\/pages\/3149#wpcf7-f5800-o1\" method=\"post\" class=\"wpcf7-form init\" aria-label=\"Formul\u00e1rio de contacto\" novalidate=\"novalidate\" data-status=\"init\" data-trp-original-action=\"\/pt\/wp-json\/wp\/v2\/pages\/3149#wpcf7-f5800-o1\">\n<div style=\"display: none;\">\n<input type=\"hidden\" name=\"_wpcf7\" value=\"5800\" \/>\n<input type=\"hidden\" name=\"_wpcf7_version\" value=\"6.0.6\" \/>\n<input type=\"hidden\" name=\"_wpcf7_locale\" value=\"en_US\" \/>\n<input type=\"hidden\" name=\"_wpcf7_unit_tag\" value=\"wpcf7-f5800-o1\" \/>\n<input type=\"hidden\" name=\"_wpcf7_container_post\" value=\"0\" \/>\n<input type=\"hidden\" name=\"_wpcf7_posted_data_hash\" value=\"\" \/>\n<\/div>\n<div class=\"popmakerform\">\n\t<h3>Obter um or\u00e7amento gratuito\n\t<\/h3>\n\t<p>Vamos trabalhar em conjunto para o seu projeto por e-mail: <a href=\"mailto:info@hdcarmouredcable.com\" rel=\"nofollow\">info@hdcarmouredcable.com<\/a>\n\t<\/p>\n\t<p>Produto interessado <span style=\"color:red;\">*<span><br \/>\n<span class=\"wpcf7-form-control-wrap\" data-name=\"item\"><input size=\"40\" maxlength=\"400\" class=\"wpcf7-form-control wpcf7-text\" id=\"item\" aria-invalid=\"false\" value=\"\" type=\"text\" name=\"item\" \/><\/span><\/span><\/span>\n\t<\/p>\n\t<p>O seu nome <span style=\"color:red;\">*<span><br \/>\n<span class=\"wpcf7-form-control-wrap\" data-name=\"your-name\"><input size=\"40\" maxlength=\"400\" class=\"wpcf7-form-control wpcf7-text wpcf7-validates-as-required\" aria-required=\"true\" aria-invalid=\"false\" value=\"\" type=\"text\" name=\"your-name\" \/><\/span><\/span><\/span>\n\t<\/p>\n\t<p>O seu e-mail <span style=\"color:red;\">*<span><br \/>\n<span class=\"wpcf7-form-control-wrap\" data-name=\"your-email\"><input size=\"40\" maxlength=\"400\" class=\"wpcf7-form-control wpcf7-email wpcf7-validates-as-required wpcf7-text wpcf7-validates-as-email\" aria-required=\"true\" aria-invalid=\"false\" value=\"\" type=\"email\" name=\"your-email\" \/><\/span><\/span><\/span>\n\t<\/p>\n\t<p>O seu n\u00famero de telefone (inclua o c\u00f3digo de \u00e1rea)<br \/>\n<span class=\"wpcf7-form-control-wrap\" data-name=\"your-phone\"><input size=\"40\" maxlength=\"400\" class=\"wpcf7-form-control wpcf7-text\" aria-invalid=\"false\" value=\"\" type=\"text\" name=\"your-phone\" \/><\/span>\n\t<\/p>\n\t<p>O seu pa\u00eds<br \/>\n<span class=\"wpcf7-form-control-wrap\" data-name=\"your-country\"><input size=\"40\" maxlength=\"400\" class=\"wpcf7-form-control wpcf7-text\" aria-invalid=\"false\" value=\"\" type=\"text\" name=\"your-country\" \/><\/span>\n\t<\/p>\n\t<p>Requisito pormenorizado <span style=\"color:red;\">*<span><br \/>\n<span class=\"wpcf7-form-control-wrap\" data-name=\"your-requirement\"><textarea cols=\"40\" rows=\"5\" maxlength=\"2000\" class=\"wpcf7-form-control wpcf7-textarea wpcf7-validates-as-required\" aria-required=\"true\" aria-invalid=\"false\" placeholder=\"Para obter uma cota\u00e7\u00e3o detalhada, envie-nos o seu pedido detalhado. *\" name=\"your-requirement\"><\/textarea><\/span><\/span><\/span>\n\t<\/p>\n\t<p><input class=\"wpcf7-form-control wpcf7-submit has-spinner\" type=\"submit\" value=\"Obter cota\u00e7\u00e3o\" \/>\n\t<\/p>\n<\/div><input type='hidden' class='wpcf7-pum' value='{\"closepopup\":false,\"closedelay\":0,\"openpopup\":false,\"openpopup_id\":0}' \/><div class=\"wpcf7-response-output\" aria-hidden=\"true\"><\/div>\n<input type=\"hidden\" name=\"trp-form-language\" value=\"pt\"\/><\/form>\n<\/div>\n\n<div class=\"su-lightbox-content su-u-trim\" id=\"popmake-form\" style=\"display:none;width:65%;min-width:none;max-width:600px;margin-top:40px;margin-bottom:40px;padding:20px;background:#FFFFFF;color:#333333;box-shadow:0px 0px 15px #333333;text-align:left\">\n<div class=\"wpcf7 no-js\" id=\"wpcf7-f5800-o2\" lang=\"en-US\" dir=\"ltr\" data-wpcf7-id=\"5800\">\n<div class=\"screen-reader-response\"><p role=\"status\" aria-live=\"polite\" aria-atomic=\"true\"><\/p> <ul><\/ul><\/div>\n<form action=\"\/pt\/wp-json\/wp\/v2\/pages\/3149#wpcf7-f5800-o2\" method=\"post\" class=\"wpcf7-form init\" aria-label=\"Formul\u00e1rio de contacto\" novalidate=\"novalidate\" data-status=\"init\" data-trp-original-action=\"\/pt\/wp-json\/wp\/v2\/pages\/3149#wpcf7-f5800-o2\">\n<div style=\"display: none;\">\n<input type=\"hidden\" name=\"_wpcf7\" value=\"5800\" \/>\n<input type=\"hidden\" name=\"_wpcf7_version\" value=\"6.0.6\" \/>\n<input type=\"hidden\" name=\"_wpcf7_locale\" value=\"en_US\" \/>\n<input type=\"hidden\" name=\"_wpcf7_unit_tag\" value=\"wpcf7-f5800-o2\" \/>\n<input type=\"hidden\" name=\"_wpcf7_container_post\" value=\"0\" \/>\n<input type=\"hidden\" name=\"_wpcf7_posted_data_hash\" value=\"\" \/>\n<\/div>\n<div class=\"popmakerform\">\n\t<h3>Obter um or\u00e7amento gratuito\n\t<\/h3>\n\t<p>Vamos trabalhar em conjunto para o seu projeto por e-mail: <a href=\"mailto:info@hdcarmouredcable.com\" rel=\"nofollow\">info@hdcarmouredcable.com<\/a>\n\t<\/p>\n\t<p>Produto interessado <span style=\"color:red;\">*<span><br \/>\n<span class=\"wpcf7-form-control-wrap\" data-name=\"item\"><input size=\"40\" maxlength=\"400\" class=\"wpcf7-form-control wpcf7-text\" aria-invalid=\"false\" value=\"\" type=\"text\" name=\"item\" \/><\/span><\/span><\/span>\n\t<\/p>\n\t<p>O seu nome <span style=\"color:red;\">*<span><br \/>\n<span class=\"wpcf7-form-control-wrap\" data-name=\"your-name\"><input size=\"40\" maxlength=\"400\" class=\"wpcf7-form-control wpcf7-text wpcf7-validates-as-required\" aria-required=\"true\" aria-invalid=\"false\" value=\"\" type=\"text\" name=\"your-name\" \/><\/span><\/span><\/span>\n\t<\/p>\n\t<p>O seu e-mail <span style=\"color:red;\">*<span><br \/>\n<span class=\"wpcf7-form-control-wrap\" data-name=\"your-email\"><input size=\"40\" maxlength=\"400\" class=\"wpcf7-form-control wpcf7-email wpcf7-validates-as-required wpcf7-text wpcf7-validates-as-email\" aria-required=\"true\" aria-invalid=\"false\" value=\"\" type=\"email\" name=\"your-email\" \/><\/span><\/span><\/span>\n\t<\/p>\n\t<p>O seu n\u00famero de telefone (inclua o c\u00f3digo de \u00e1rea)<br \/>\n<span class=\"wpcf7-form-control-wrap\" data-name=\"your-phone\"><input size=\"40\" maxlength=\"400\" class=\"wpcf7-form-control wpcf7-text\" aria-invalid=\"false\" value=\"\" type=\"text\" name=\"your-phone\" \/><\/span>\n\t<\/p>\n\t<p>O seu pa\u00eds<br \/>\n<span class=\"wpcf7-form-control-wrap\" data-name=\"your-country\"><input size=\"40\" maxlength=\"400\" class=\"wpcf7-form-control wpcf7-text\" aria-invalid=\"false\" value=\"\" type=\"text\" name=\"your-country\" \/><\/span>\n\t<\/p>\n\t<p>Requisito pormenorizado <span style=\"color:red;\">*<span><br \/>\n<span class=\"wpcf7-form-control-wrap\" data-name=\"your-requirement\"><textarea cols=\"40\" rows=\"5\" maxlength=\"2000\" class=\"wpcf7-form-control wpcf7-textarea wpcf7-validates-as-required\" aria-required=\"true\" aria-invalid=\"false\" placeholder=\"Para obter uma cota\u00e7\u00e3o detalhada, envie-nos o seu pedido detalhado. *\" name=\"your-requirement\"><\/textarea><\/span><\/span><\/span>\n\t<\/p>\n\t<p><input class=\"wpcf7-form-control wpcf7-submit has-spinner\" type=\"submit\" value=\"Obter cota\u00e7\u00e3o\" \/>\n\t<\/p>\n<\/div><input type='hidden' class='wpcf7-pum' value='{\"closepopup\":false,\"closedelay\":0,\"openpopup\":false,\"openpopup_id\":0}' \/><div class=\"wpcf7-response-output\" aria-hidden=\"true\"><\/div>\n<input type=\"hidden\" name=\"trp-form-language\" value=\"pt\"\/><\/form>\n<\/div>\n<\/div>","protected":false},"excerpt":{"rendered":"<p>\u00a0Application of 50mm2 100mm2 115mm2 108mm2 110mm2 opgw hardware fittings Although, the opgw hardware fittings in one types of cable accessories. But, opgw suspension clamp is mainly use for OPGW cable line which passes trough the angle, tension and terminal tower span. The opgw fittings is not only suitable for hanging overhead cable but opgw &#8230; <a class=\"read-more\" href=\"https:\/\/hdcarmouredcable.com\/pt\/opgw-ferragens-acessorios\/\">Ler mais...<\/a><\/p>","protected":false},"author":1,"featured_media":0,"parent":0,"menu_order":0,"comment_status":"closed","ping_status":"closed","template":"","meta":{"_joinchat":[],"footnotes":""},"class_list":["post-3149","page","type-page","status-publish"],"yoast_head":"<!-- This site is optimized with the Yoast SEO plugin v25.1 - https:\/\/yoast.com\/wordpress\/plugins\/seo\/ -->\n<title>down lead clamp double suspension clamp set for opgw hardware fittings<\/title>\n<meta name=\"description\" content=\"50mm2 100mm2 115mm2 108mm2 opgw hardware fittings supplier, can customize vibration damper down lead clamp double suspension clamp set for OPGW fittings.\" \/>\n<meta name=\"robots\" content=\"index, follow, max-snippet:-1, max-image-preview:large, max-video-preview:-1\" \/>\n<link rel=\"canonical\" href=\"https:\/\/hdcarmouredcable.com\/pt\/opgw-ferragens-acessorios\/\" \/>\n<meta property=\"og:locale\" content=\"pt_PT\" \/>\n<meta property=\"og:type\" content=\"article\" \/>\n<meta property=\"og:title\" content=\"down lead clamp double suspension clamp set for opgw hardware fittings\" \/>\n<meta property=\"og:description\" content=\"50mm2 100mm2 115mm2 108mm2 opgw hardware fittings supplier, can customize vibration damper down lead clamp double suspension clamp set for OPGW fittings.\" \/>\n<meta property=\"og:url\" content=\"https:\/\/hdcarmouredcable.com\/pt\/opgw-ferragens-acessorios\/\" \/>\n<meta property=\"og:site_name\" content=\"Huadong Armoured Cable Group\" \/>\n<meta property=\"article:publisher\" content=\"https:\/\/www.facebook.com\/lily.ding.52\" \/>\n<meta property=\"article:modified_time\" content=\"2023-07-25T07:41:27+00:00\" \/>\n<meta property=\"og:image\" content=\"https:\/\/hdcarmouredcable.com\/wp-content\/uploads\/2019\/12\/used-for-opgw-hardware-fittings.jpg\" \/>\n<meta name=\"twitter:card\" content=\"summary_large_image\" \/>\n<meta name=\"twitter:label1\" content=\"Tempo estimado de leitura\" \/>\n\t<meta name=\"twitter:data1\" content=\"4 minutos\" \/>\n<script type=\"application\/ld+json\" class=\"yoast-schema-graph\">{\"@context\":\"https:\/\/schema.org\",\"@graph\":[{\"@type\":\"WebPage\",\"@id\":\"https:\/\/hdcarmouredcable.com\/opgw-hardware-fittings\/\",\"url\":\"https:\/\/hdcarmouredcable.com\/opgw-hardware-fittings\/\",\"name\":\"down lead clamp double suspension clamp set for opgw hardware fittings\",\"isPartOf\":{\"@id\":\"https:\/\/hdcarmouredcable.com\/#website\"},\"primaryImageOfPage\":{\"@id\":\"https:\/\/hdcarmouredcable.com\/opgw-hardware-fittings\/#primaryimage\"},\"image\":{\"@id\":\"https:\/\/hdcarmouredcable.com\/opgw-hardware-fittings\/#primaryimage\"},\"thumbnailUrl\":\"https:\/\/hdcarmouredcable.com\/wp-content\/uploads\/2019\/12\/used-for-opgw-hardware-fittings.jpg\",\"datePublished\":\"2019-12-13T08:03:17+00:00\",\"dateModified\":\"2023-07-25T07:41:27+00:00\",\"description\":\"50mm2 100mm2 115mm2 108mm2 opgw hardware fittings supplier, can customize vibration damper down lead clamp double suspension clamp set for OPGW fittings.\",\"inLanguage\":\"pt-PT\",\"potentialAction\":[{\"@type\":\"ReadAction\",\"target\":[\"https:\/\/hdcarmouredcable.com\/opgw-hardware-fittings\/\"]}]},{\"@type\":\"ImageObject\",\"inLanguage\":\"pt-PT\",\"@id\":\"https:\/\/hdcarmouredcable.com\/opgw-hardware-fittings\/#primaryimage\",\"url\":\"https:\/\/hdcarmouredcable.com\/wp-content\/uploads\/2019\/12\/used-for-opgw-hardware-fittings.jpg\",\"contentUrl\":\"https:\/\/hdcarmouredcable.com\/wp-content\/uploads\/2019\/12\/used-for-opgw-hardware-fittings.jpg\"},{\"@type\":\"WebSite\",\"@id\":\"https:\/\/hdcarmouredcable.com\/#website\",\"url\":\"https:\/\/hdcarmouredcable.com\/\",\"name\":\"Huadong Armoured Cable Group\",\"description\":\"professional steel wire armoured cable manufacturer\",\"publisher\":{\"@id\":\"https:\/\/hdcarmouredcable.com\/#organization\"},\"potentialAction\":[{\"@type\":\"SearchAction\",\"target\":{\"@type\":\"EntryPoint\",\"urlTemplate\":\"https:\/\/hdcarmouredcable.com\/?s={search_term_string}\"},\"query-input\":{\"@type\":\"PropertyValueSpecification\",\"valueRequired\":true,\"valueName\":\"search_term_string\"}}],\"inLanguage\":\"pt-PT\"},{\"@type\":\"Organization\",\"@id\":\"https:\/\/hdcarmouredcable.com\/#organization\",\"name\":\"Huadong Cable Group\",\"url\":\"https:\/\/hdcarmouredcable.com\/\",\"logo\":{\"@type\":\"ImageObject\",\"inLanguage\":\"pt-PT\",\"@id\":\"https:\/\/hdcarmouredcable.com\/#\/schema\/logo\/image\/\",\"url\":\"https:\/\/hdcarmouredcable.com\/wp-content\/uploads\/2022\/07\/Huadong-log.png\",\"contentUrl\":\"https:\/\/hdcarmouredcable.com\/wp-content\/uploads\/2022\/07\/Huadong-log.png\",\"width\":860,\"height\":860,\"caption\":\"Huadong Cable Group\"},\"image\":{\"@id\":\"https:\/\/hdcarmouredcable.com\/#\/schema\/logo\/image\/\"},\"sameAs\":[\"https:\/\/www.facebook.com\/lily.ding.52\",\"https:\/\/www.linkedin.com\/in\/lilyxlpecable\/\"]}]}<\/script>\n<!-- \/ Yoast SEO plugin. -->","yoast_head_json":{"title":"bra\u00e7adeira de chumbo para baixo conjunto de bra\u00e7adeira de suspens\u00e3o dupla para acess\u00f3rios de ferragens opgw","description":"50mm2 100mm2 115mm2 108mm2 fornecedor de acess\u00f3rios de hardware opgw, pode personalizar amortecedor de vibra\u00e7\u00e3o para baixo bra\u00e7adeira de chumbo conjunto de bra\u00e7adeira de suspens\u00e3o dupla para acess\u00f3rios OPGW.","robots":{"index":"index","follow":"follow","max-snippet":"max-snippet:-1","max-image-preview":"max-image-preview:large","max-video-preview":"max-video-preview:-1"},"canonical":"https:\/\/hdcarmouredcable.com\/pt\/opgw-ferragens-acessorios\/","og_locale":"pt_PT","og_type":"article","og_title":"down lead clamp double suspension clamp set for opgw hardware fittings","og_description":"50mm2 100mm2 115mm2 108mm2 opgw hardware fittings supplier, can customize vibration damper down lead clamp double suspension clamp set for OPGW fittings.","og_url":"https:\/\/hdcarmouredcable.com\/pt\/opgw-ferragens-acessorios\/","og_site_name":"Huadong Armoured Cable Group","article_publisher":"https:\/\/www.facebook.com\/lily.ding.52","article_modified_time":"2023-07-25T07:41:27+00:00","og_image":[{"url":"https:\/\/hdcarmouredcable.com\/wp-content\/uploads\/2019\/12\/used-for-opgw-hardware-fittings.jpg","type":"","width":"","height":""}],"twitter_card":"summary_large_image","twitter_misc":{"Tempo estimado de leitura":"4 minutos"},"schema":{"@context":"https:\/\/schema.org","@graph":[{"@type":"WebPage","@id":"https:\/\/hdcarmouredcable.com\/opgw-hardware-fittings\/","url":"https:\/\/hdcarmouredcable.com\/opgw-hardware-fittings\/","name":"bra\u00e7adeira de chumbo para baixo conjunto de bra\u00e7adeira de suspens\u00e3o dupla para acess\u00f3rios de ferragens opgw","isPartOf":{"@id":"https:\/\/hdcarmouredcable.com\/#website"},"primaryImageOfPage":{"@id":"https:\/\/hdcarmouredcable.com\/opgw-hardware-fittings\/#primaryimage"},"image":{"@id":"https:\/\/hdcarmouredcable.com\/opgw-hardware-fittings\/#primaryimage"},"thumbnailUrl":"https:\/\/hdcarmouredcable.com\/wp-content\/uploads\/2019\/12\/used-for-opgw-hardware-fittings.jpg","datePublished":"2019-12-13T08:03:17+00:00","dateModified":"2023-07-25T07:41:27+00:00","description":"50mm2 100mm2 115mm2 108mm2 fornecedor de acess\u00f3rios de hardware opgw, pode personalizar amortecedor de vibra\u00e7\u00e3o para baixo bra\u00e7adeira de chumbo conjunto de bra\u00e7adeira de suspens\u00e3o dupla para acess\u00f3rios OPGW.","inLanguage":"pt-PT","potentialAction":[{"@type":"ReadAction","target":["https:\/\/hdcarmouredcable.com\/opgw-hardware-fittings\/"]}]},{"@type":"ImageObject","inLanguage":"pt-PT","@id":"https:\/\/hdcarmouredcable.com\/opgw-hardware-fittings\/#primaryimage","url":"https:\/\/hdcarmouredcable.com\/wp-content\/uploads\/2019\/12\/used-for-opgw-hardware-fittings.jpg","contentUrl":"https:\/\/hdcarmouredcable.com\/wp-content\/uploads\/2019\/12\/used-for-opgw-hardware-fittings.jpg"},{"@type":"WebSite","@id":"https:\/\/hdcarmouredcable.com\/#website","url":"https:\/\/hdcarmouredcable.com\/","name":"Grupo de cabos blindados Huadong","description":"fabricante profissional de cabos blindados de a\u00e7o","publisher":{"@id":"https:\/\/hdcarmouredcable.com\/#organization"},"potentialAction":[{"@type":"SearchAction","target":{"@type":"EntryPoint","urlTemplate":"https:\/\/hdcarmouredcable.com\/?s={search_term_string}"},"query-input":{"@type":"PropertyValueSpecification","valueRequired":true,"valueName":"search_term_string"}}],"inLanguage":"pt-PT"},{"@type":"Organization","@id":"https:\/\/hdcarmouredcable.com\/#organization","name":"Grupo de cabos Huadong","url":"https:\/\/hdcarmouredcable.com\/","logo":{"@type":"ImageObject","inLanguage":"pt-PT","@id":"https:\/\/hdcarmouredcable.com\/#\/schema\/logo\/image\/","url":"https:\/\/hdcarmouredcable.com\/wp-content\/uploads\/2022\/07\/Huadong-log.png","contentUrl":"https:\/\/hdcarmouredcable.com\/wp-content\/uploads\/2022\/07\/Huadong-log.png","width":860,"height":860,"caption":"Huadong Cable Group"},"image":{"@id":"https:\/\/hdcarmouredcable.com\/#\/schema\/logo\/image\/"},"sameAs":["https:\/\/www.facebook.com\/lily.ding.52","https:\/\/www.linkedin.com\/in\/lilyxlpecable\/"]}]}},"amp_enabled":true,"_links":{"self":[{"href":"https:\/\/hdcarmouredcable.com\/pt\/wp-json\/wp\/v2\/pages\/3149","targetHints":{"allow":["GET"]}}],"collection":[{"href":"https:\/\/hdcarmouredcable.com\/pt\/wp-json\/wp\/v2\/pages"}],"about":[{"href":"https:\/\/hdcarmouredcable.com\/pt\/wp-json\/wp\/v2\/types\/page"}],"author":[{"embeddable":true,"href":"https:\/\/hdcarmouredcable.com\/pt\/wp-json\/wp\/v2\/users\/1"}],"replies":[{"embeddable":true,"href":"https:\/\/hdcarmouredcable.com\/pt\/wp-json\/wp\/v2\/comments?post=3149"}],"version-history":[{"count":4,"href":"https:\/\/hdcarmouredcable.com\/pt\/wp-json\/wp\/v2\/pages\/3149\/revisions"}],"predecessor-version":[{"id":9571,"href":"https:\/\/hdcarmouredcable.com\/pt\/wp-json\/wp\/v2\/pages\/3149\/revisions\/9571"}],"wp:attachment":[{"href":"https:\/\/hdcarmouredcable.com\/pt\/wp-json\/wp\/v2\/media?parent=3149"}],"curies":[{"name":"wp","href":"https:\/\/api.w.org\/{rel}","templated":true}]}}