{"id":4066,"date":"2020-10-09T17:56:21","date_gmt":"2020-10-09T09:56:21","guid":{"rendered":"https:\/\/hdcarmouredcable.com\/?page_id=4066"},"modified":"2023-07-24T17:09:14","modified_gmt":"2023-07-24T09:09:14","slug":"50mm-cable-price","status":"publish","type":"page","link":"https:\/\/hdcarmouredcable.com\/pt\/preco-do-cabo-de-50-mm\/","title":{"rendered":"4 core 5 core copper aluminum armoured 50 mm cable price in South Africa"},"content":{"rendered":"<h2>Huadong alum\u00ednio soldadura 4 n\u00facleo 5 n\u00facleo swa 50mm cabo pre\u00e7o mais baixo<\/h2>\n<p>Embora o cabo de bateria de soldadura de 50mm2 seja um tipo de tamanho de cabo, eles incluem muitos cabos de material diferentes. Tais como, cobre 4 n\u00facleo 5 n\u00facleo swa blindado 50mm cabo e 50mm2 soldadura e cabo de bateria.<\/p>\n<p><img loading=\"lazy\" decoding=\"async\" class=\"aligncenter size-full wp-image-4072\" src=\"https:\/\/hdcarmouredcable.com\/wp-content\/uploads\/2020\/10\/4-core-50mm-armoured-cable-price-list-in-South-Africa.jpg\" alt=\"Tabela de pre\u00e7os de cabos blindados de 4 n\u00facleos de 50 mm na \u00c1frica do Sul\" width=\"900\" height=\"200\" srcset=\"https:\/\/hdcarmouredcable.com\/wp-content\/uploads\/2020\/10\/4-core-50mm-armoured-cable-price-list-in-South-Africa.jpg 900w, https:\/\/hdcarmouredcable.com\/wp-content\/uploads\/2020\/10\/4-core-50mm-armoured-cable-price-list-in-South-Africa-300x67.jpg 300w, https:\/\/hdcarmouredcable.com\/wp-content\/uploads\/2020\/10\/4-core-50mm-armoured-cable-price-list-in-South-Africa-768x171.jpg 768w, https:\/\/hdcarmouredcable.com\/wp-content\/uploads\/2020\/10\/4-core-50mm-armoured-cable-price-list-in-South-Africa-600x133.jpg 600w\" sizes=\"auto, (max-width: 900px) 100vw, 900px\" \/><\/p>\n<p style=\"text-align: center;\"><span class=\"su-lightbox\" data-mfp-src=\"#popmake-form\" data-mfp-type=\"inline\" data-mobile=\"yes\"><button class=\"btn btn-danger btn-sm\" ><i class=\"glyphicon glyphicon-ok-sign\" style=\"color:#eeee22;\"><\/i> Obter o pre\u00e7o<\/button><\/span><a class=\"btn btn-danger btn-sm\" href=\"mailto:info@hdcarmouredcable.com\"  rel=\"\"  target=\"_self\"><i class=\"fa fa-envelope-o\" style=\"color:#eeee22;\"><\/i> info@hdcarmouredcable.com<\/a>\n<p>Ao mesmo tempo, o pre\u00e7o destes cabos tamb\u00e9m \u00e9 diferente. De um modo geral, o pre\u00e7o do cabo de 50 mm blindado de cobre e alum\u00ednio de 4 n\u00facleos \u00e9 mais alto do que o cabo n\u00e3o blindado. Especialmente, a lista de pre\u00e7os do cabo blindado de 3 n\u00facleos e 4 n\u00facleos de 50 mm na \u00c1frica do Sul \u00e9 mais cara do que no mercado externo. O grupo Huadong tem vantagem de pre\u00e7o na \u00c1frica do Sul. Por um lado, a Huadong tem a sua pr\u00f3pria f\u00e1brica e local de fornecimento de mat\u00e9rias-primas. Por outro lado, temos 10 engenheiros e eles t\u00eam mais de 15 anos de experi\u00eancia em <a href=\"https:\/\/hdcarmouredcable.com\/pt\/blindado-70mm-cabo-preco\/\" target=\"_blank\" rel=\"noopener noreferrer\">cabo blindado de 70 mm<\/a> fabrico.<\/p>\n<p><img loading=\"lazy\" decoding=\"async\" class=\"aligncenter size-full wp-image-4074\" src=\"https:\/\/hdcarmouredcable.com\/wp-content\/uploads\/2020\/10\/copper-xlpe-5-core-swa-50mm-cable-price.jpg\" alt=\"cabo de cobre xlpe 5 core swa 50mm pre\u00e7o\" width=\"750\" height=\"214\" srcset=\"https:\/\/hdcarmouredcable.com\/wp-content\/uploads\/2020\/10\/copper-xlpe-5-core-swa-50mm-cable-price.jpg 750w, https:\/\/hdcarmouredcable.com\/wp-content\/uploads\/2020\/10\/copper-xlpe-5-core-swa-50mm-cable-price-300x86.jpg 300w, https:\/\/hdcarmouredcable.com\/wp-content\/uploads\/2020\/10\/copper-xlpe-5-core-swa-50mm-cable-price-600x171.jpg 600w\" sizes=\"auto, (max-width: 750px) 100vw, 750px\" \/><\/p>\n<p style=\"text-align: center;\"><span class=\"su-lightbox\" data-mfp-src=\"#popmake-form\" data-mfp-type=\"inline\" data-mobile=\"yes\"><button class=\"btn btn-danger btn-sm\" ><i class=\"glyphicon glyphicon-ok-sign\" style=\"color:#eeee22;\"><\/i> Obter o pre\u00e7o<\/button><\/span><a class=\"btn btn-danger btn-sm\" href=\"mailto:info@hdcarmouredcable.com\"  rel=\"\"  target=\"_self\"><i class=\"fa fa-envelope-o\" style=\"color:#eeee22;\"><\/i> info@hdcarmouredcable.com<\/a>\n<h2>Onde se pode obter o fornecedor de cabos de 50 mm2 para baterias de soldadura<\/h2>\n<p>Em primeiro lugar, pode encontrar a lista de pre\u00e7os do cabo blindado de alum\u00ednio de cobre de 4 n\u00facleos de 50 mm certa online. N\u00e3o h\u00e1 apenas muitos fornecedores que oferecem esses cabos, mas tamb\u00e9m \u00e9 preciso olhar ao redor para procurar o melhor pre\u00e7o de cabo de soldagem de alum\u00ednio 4 core 5 core swa 50mm. Em segundo lugar, voc\u00ea encontrar\u00e1 fornecedores de pre\u00e7os de cabos na \u00c1frica do Sul que os fornecem atrav\u00e9s do p\u00e9, sem taxas de corte. Portanto, verifique os vendedores online de fornecedores de lista de pre\u00e7os de cabos blindados de 3 n\u00facleos 4 n\u00facleos 50 mm e compare-os. Portanto, antes de comprar o cabo thhn welding battery 50mm2 pela primeira vez, verifique se h\u00e1 uma pol\u00edtica de reembolso ou mesmo se h\u00e1 coment\u00e1rios e depoimentos deixados por outros compradores.<\/p>\n<p><img loading=\"lazy\" decoding=\"async\" class=\"aligncenter size-full wp-image-4075\" src=\"https:\/\/hdcarmouredcable.com\/wp-content\/uploads\/2020\/10\/copper-welding-battery-50mm2-cable-price-for-sales.jpg\" alt=\"cabo de cobre para soldadura de bateria 50mm2 pre\u00e7o de venda\" width=\"830\" height=\"200\" srcset=\"https:\/\/hdcarmouredcable.com\/wp-content\/uploads\/2020\/10\/copper-welding-battery-50mm2-cable-price-for-sales.jpg 830w, https:\/\/hdcarmouredcable.com\/wp-content\/uploads\/2020\/10\/copper-welding-battery-50mm2-cable-price-for-sales-300x72.jpg 300w, https:\/\/hdcarmouredcable.com\/wp-content\/uploads\/2020\/10\/copper-welding-battery-50mm2-cable-price-for-sales-768x185.jpg 768w, https:\/\/hdcarmouredcable.com\/wp-content\/uploads\/2020\/10\/copper-welding-battery-50mm2-cable-price-for-sales-600x145.jpg 600w\" sizes=\"auto, (max-width: 830px) 100vw, 830px\" \/><\/p>\n<p style=\"text-align: center;\"><span class=\"su-lightbox\" data-mfp-src=\"#popmake-form\" data-mfp-type=\"inline\" data-mobile=\"yes\"><button class=\"btn btn-danger btn-sm\" ><i class=\"glyphicon glyphicon-ok-sign\" style=\"color:#eeee22;\"><\/i> Obter o pre\u00e7o<\/button><\/span><a class=\"btn btn-danger btn-sm\" href=\"mailto:info@hdcarmouredcable.com\"  rel=\"\"  target=\"_self\"><i class=\"fa fa-envelope-o\" style=\"color:#eeee22;\"><\/i> info@hdcarmouredcable.com<\/a>\n<h2>Como obter uma lista de pre\u00e7os de cabos blindados de 3 n\u00facleos e 4 n\u00facleos de 50 mm na \u00c1frica do Sul<\/h2>\n<p>Voc\u00ea sabe por que tantos clientes perguntam a lista de pre\u00e7os de cabos blindados de 3 n\u00facleos e 4 n\u00facleos de 50 mm na \u00c1frica do Sul da China? Em primeiro lugar, a China \u00e9 o principal pa\u00eds produtor de cabos e fios. Os cabos 70% da China em todo o mundo. Ao mesmo tempo, o pre\u00e7o do cabo de soldadura de alum\u00ednio 4 core 5 core swa 50mm \u00e9 mais baixo do que noutros pa\u00edses. Existem v\u00e1rios vendedores m\u00e9dios. Na verdade, voc\u00ea quer apenas comprar de empresas que oferecem uma garantia sobre os cabos que vendem. Muitos dos cabos blindados de alum\u00ednio de cobre de 4 n\u00facleos com 50 mm de pre\u00e7o nos locais mais baixos para obter podem ser encontrados na China. Portanto, muitas vezes eles s\u00e3o capazes de fornecer os pre\u00e7os mais baixos do cabo thhn welding battery 50mm2. Certifique-se de que est\u00e1 a adquirir o cabo correto<a href=\"https:\/\/hdcarmouredcable.com\/pt\/4-core-35mm-armoured-cable-price\/\" target=\"_blank\" rel=\"noopener noreferrer\"> Cabo blindado de 4 n\u00facleos de 35 mm<\/a> produto.<\/p>\n<p><img loading=\"lazy\" decoding=\"async\" class=\"aligncenter size-full wp-image-4073\" src=\"https:\/\/hdcarmouredcable.com\/wp-content\/uploads\/2020\/10\/copper-aluminum-armoured-50-mm-cable-packaging.jpg\" alt=\"embalagem de cabo de cobre com armadura de alum\u00ednio de 50 mm\" width=\"1601\" height=\"300\" srcset=\"https:\/\/hdcarmouredcable.com\/wp-content\/uploads\/2020\/10\/copper-aluminum-armoured-50-mm-cable-packaging.jpg 1601w, https:\/\/hdcarmouredcable.com\/wp-content\/uploads\/2020\/10\/copper-aluminum-armoured-50-mm-cable-packaging-300x56.jpg 300w, https:\/\/hdcarmouredcable.com\/wp-content\/uploads\/2020\/10\/copper-aluminum-armoured-50-mm-cable-packaging-1024x192.jpg 1024w, https:\/\/hdcarmouredcable.com\/wp-content\/uploads\/2020\/10\/copper-aluminum-armoured-50-mm-cable-packaging-768x144.jpg 768w, https:\/\/hdcarmouredcable.com\/wp-content\/uploads\/2020\/10\/copper-aluminum-armoured-50-mm-cable-packaging-1536x288.jpg 1536w, https:\/\/hdcarmouredcable.com\/wp-content\/uploads\/2020\/10\/copper-aluminum-armoured-50-mm-cable-packaging-600x112.jpg 600w\" sizes=\"auto, (max-width: 1601px) 100vw, 1601px\" \/><\/p>\n\n<div class=\"wpcf7 no-js\" id=\"wpcf7-f5800-o1\" lang=\"en-US\" dir=\"ltr\" data-wpcf7-id=\"5800\">\n<div class=\"screen-reader-response\"><p role=\"status\" aria-live=\"polite\" aria-atomic=\"true\"><\/p> <ul><\/ul><\/div>\n<form action=\"\/pt\/wp-json\/wp\/v2\/pages\/4066#wpcf7-f5800-o1\" method=\"post\" class=\"wpcf7-form init\" aria-label=\"Formul\u00e1rio de contacto\" novalidate=\"novalidate\" data-status=\"init\" data-trp-original-action=\"\/pt\/wp-json\/wp\/v2\/pages\/4066#wpcf7-f5800-o1\">\n<div style=\"display: none;\">\n<input type=\"hidden\" name=\"_wpcf7\" value=\"5800\" \/>\n<input type=\"hidden\" name=\"_wpcf7_version\" value=\"6.0.6\" \/>\n<input type=\"hidden\" name=\"_wpcf7_locale\" value=\"en_US\" \/>\n<input type=\"hidden\" name=\"_wpcf7_unit_tag\" value=\"wpcf7-f5800-o1\" \/>\n<input type=\"hidden\" name=\"_wpcf7_container_post\" value=\"0\" \/>\n<input type=\"hidden\" name=\"_wpcf7_posted_data_hash\" value=\"\" \/>\n<\/div>\n<div class=\"popmakerform\">\n\t<h3>Obter um or\u00e7amento gratuito\n\t<\/h3>\n\t<p>Vamos trabalhar em conjunto para o seu projeto por e-mail: <a href=\"mailto:info@hdcarmouredcable.com\" rel=\"nofollow\">info@hdcarmouredcable.com<\/a>\n\t<\/p>\n\t<p>Produto interessado <span style=\"color:red;\">*<span><br \/>\n<span class=\"wpcf7-form-control-wrap\" data-name=\"item\"><input size=\"40\" maxlength=\"400\" class=\"wpcf7-form-control wpcf7-text\" id=\"item\" aria-invalid=\"false\" value=\"\" type=\"text\" name=\"item\" \/><\/span><\/span><\/span>\n\t<\/p>\n\t<p>O seu nome <span style=\"color:red;\">*<span><br \/>\n<span class=\"wpcf7-form-control-wrap\" data-name=\"your-name\"><input size=\"40\" maxlength=\"400\" class=\"wpcf7-form-control wpcf7-text wpcf7-validates-as-required\" aria-required=\"true\" aria-invalid=\"false\" value=\"\" type=\"text\" name=\"your-name\" \/><\/span><\/span><\/span>\n\t<\/p>\n\t<p>O seu e-mail <span style=\"color:red;\">*<span><br \/>\n<span class=\"wpcf7-form-control-wrap\" data-name=\"your-email\"><input size=\"40\" maxlength=\"400\" class=\"wpcf7-form-control wpcf7-email wpcf7-validates-as-required wpcf7-text wpcf7-validates-as-email\" aria-required=\"true\" aria-invalid=\"false\" value=\"\" type=\"email\" name=\"your-email\" \/><\/span><\/span><\/span>\n\t<\/p>\n\t<p>O seu n\u00famero de telefone (inclua o c\u00f3digo de \u00e1rea)<br \/>\n<span class=\"wpcf7-form-control-wrap\" data-name=\"your-phone\"><input size=\"40\" maxlength=\"400\" class=\"wpcf7-form-control wpcf7-text\" aria-invalid=\"false\" value=\"\" type=\"text\" name=\"your-phone\" \/><\/span>\n\t<\/p>\n\t<p>O seu pa\u00eds<br \/>\n<span class=\"wpcf7-form-control-wrap\" data-name=\"your-country\"><input size=\"40\" maxlength=\"400\" class=\"wpcf7-form-control wpcf7-text\" aria-invalid=\"false\" value=\"\" type=\"text\" name=\"your-country\" \/><\/span>\n\t<\/p>\n\t<p>Requisito pormenorizado <span style=\"color:red;\">*<span><br \/>\n<span class=\"wpcf7-form-control-wrap\" data-name=\"your-requirement\"><textarea cols=\"40\" rows=\"5\" maxlength=\"2000\" class=\"wpcf7-form-control wpcf7-textarea wpcf7-validates-as-required\" aria-required=\"true\" aria-invalid=\"false\" placeholder=\"Para obter uma cota\u00e7\u00e3o detalhada, envie-nos o seu pedido detalhado. *\" name=\"your-requirement\"><\/textarea><\/span><\/span><\/span>\n\t<\/p>\n\t<p><input class=\"wpcf7-form-control wpcf7-submit has-spinner\" type=\"submit\" value=\"Obter cota\u00e7\u00e3o\" \/>\n\t<\/p>\n<\/div><input type='hidden' class='wpcf7-pum' value='{\"closepopup\":false,\"closedelay\":0,\"openpopup\":false,\"openpopup_id\":0}' \/><div class=\"wpcf7-response-output\" aria-hidden=\"true\"><\/div>\n<input type=\"hidden\" name=\"trp-form-language\" value=\"pt\"\/><\/form>\n<\/div>\n\n<div class=\"su-lightbox-content su-u-trim\" id=\"popmake-form\" style=\"display:none;width:65%;min-width:none;max-width:600px;margin-top:40px;margin-bottom:40px;padding:20px;background:#FFFFFF;color:#333333;box-shadow:0px 0px 15px #333333;text-align:left\">\n<div class=\"wpcf7 no-js\" id=\"wpcf7-f5800-o2\" lang=\"en-US\" dir=\"ltr\" data-wpcf7-id=\"5800\">\n<div class=\"screen-reader-response\"><p role=\"status\" aria-live=\"polite\" aria-atomic=\"true\"><\/p> <ul><\/ul><\/div>\n<form action=\"\/pt\/wp-json\/wp\/v2\/pages\/4066#wpcf7-f5800-o2\" method=\"post\" class=\"wpcf7-form init\" aria-label=\"Formul\u00e1rio de contacto\" novalidate=\"novalidate\" data-status=\"init\" data-trp-original-action=\"\/pt\/wp-json\/wp\/v2\/pages\/4066#wpcf7-f5800-o2\">\n<div style=\"display: none;\">\n<input type=\"hidden\" name=\"_wpcf7\" value=\"5800\" \/>\n<input type=\"hidden\" name=\"_wpcf7_version\" value=\"6.0.6\" \/>\n<input type=\"hidden\" name=\"_wpcf7_locale\" value=\"en_US\" \/>\n<input type=\"hidden\" name=\"_wpcf7_unit_tag\" value=\"wpcf7-f5800-o2\" \/>\n<input type=\"hidden\" name=\"_wpcf7_container_post\" value=\"0\" \/>\n<input type=\"hidden\" name=\"_wpcf7_posted_data_hash\" value=\"\" \/>\n<\/div>\n<div class=\"popmakerform\">\n\t<h3>Obter um or\u00e7amento gratuito\n\t<\/h3>\n\t<p>Vamos trabalhar em conjunto para o seu projeto por e-mail: <a href=\"mailto:info@hdcarmouredcable.com\" rel=\"nofollow\">info@hdcarmouredcable.com<\/a>\n\t<\/p>\n\t<p>Produto interessado <span style=\"color:red;\">*<span><br \/>\n<span class=\"wpcf7-form-control-wrap\" data-name=\"item\"><input size=\"40\" maxlength=\"400\" class=\"wpcf7-form-control wpcf7-text\" aria-invalid=\"false\" value=\"\" type=\"text\" name=\"item\" \/><\/span><\/span><\/span>\n\t<\/p>\n\t<p>O seu nome <span style=\"color:red;\">*<span><br \/>\n<span class=\"wpcf7-form-control-wrap\" data-name=\"your-name\"><input size=\"40\" maxlength=\"400\" class=\"wpcf7-form-control wpcf7-text wpcf7-validates-as-required\" aria-required=\"true\" aria-invalid=\"false\" value=\"\" type=\"text\" name=\"your-name\" \/><\/span><\/span><\/span>\n\t<\/p>\n\t<p>O seu e-mail <span style=\"color:red;\">*<span><br \/>\n<span class=\"wpcf7-form-control-wrap\" data-name=\"your-email\"><input size=\"40\" maxlength=\"400\" class=\"wpcf7-form-control wpcf7-email wpcf7-validates-as-required wpcf7-text wpcf7-validates-as-email\" aria-required=\"true\" aria-invalid=\"false\" value=\"\" type=\"email\" name=\"your-email\" \/><\/span><\/span><\/span>\n\t<\/p>\n\t<p>O seu n\u00famero de telefone (inclua o c\u00f3digo de \u00e1rea)<br \/>\n<span class=\"wpcf7-form-control-wrap\" data-name=\"your-phone\"><input size=\"40\" maxlength=\"400\" class=\"wpcf7-form-control wpcf7-text\" aria-invalid=\"false\" value=\"\" type=\"text\" name=\"your-phone\" \/><\/span>\n\t<\/p>\n\t<p>O seu pa\u00eds<br \/>\n<span class=\"wpcf7-form-control-wrap\" data-name=\"your-country\"><input size=\"40\" maxlength=\"400\" class=\"wpcf7-form-control wpcf7-text\" aria-invalid=\"false\" value=\"\" type=\"text\" name=\"your-country\" \/><\/span>\n\t<\/p>\n\t<p>Requisito pormenorizado <span style=\"color:red;\">*<span><br \/>\n<span class=\"wpcf7-form-control-wrap\" data-name=\"your-requirement\"><textarea cols=\"40\" rows=\"5\" maxlength=\"2000\" class=\"wpcf7-form-control wpcf7-textarea wpcf7-validates-as-required\" aria-required=\"true\" aria-invalid=\"false\" placeholder=\"Para obter uma cota\u00e7\u00e3o detalhada, envie-nos o seu pedido detalhado. *\" name=\"your-requirement\"><\/textarea><\/span><\/span><\/span>\n\t<\/p>\n\t<p><input class=\"wpcf7-form-control wpcf7-submit has-spinner\" type=\"submit\" value=\"Obter cota\u00e7\u00e3o\" \/>\n\t<\/p>\n<\/div><input type='hidden' class='wpcf7-pum' value='{\"closepopup\":false,\"closedelay\":0,\"openpopup\":false,\"openpopup_id\":0}' \/><div class=\"wpcf7-response-output\" aria-hidden=\"true\"><\/div>\n<input type=\"hidden\" name=\"trp-form-language\" value=\"pt\"\/><\/form>\n<\/div>\n<\/div>","protected":false},"excerpt":{"rendered":"<p>Huadong alum\u00ednio soldagem 4 n\u00facleo 5 n\u00facleo swa 50mm pre\u00e7o do cabo ao mais baixo Embora, o thhn soldagem bateria 50mm2 cabo \u00e9 um tipo de tamanho de cabo.Mas eles incluindo muitas diferen\u00e7as cabo material. Tais como, cobre 4 n\u00facleo 5 n\u00facleo swa blindado 50mm cabo e 50mm2 soldadura e cabo de bateria. Ao mesmo tempo, estes ... <a class=\"read-more\" href=\"https:\/\/hdcarmouredcable.com\/pt\/preco-do-cabo-de-50-mm\/\">Ler mais...<\/a><\/p>","protected":false},"author":1,"featured_media":0,"parent":0,"menu_order":0,"comment_status":"closed","ping_status":"closed","template":"","meta":{"_joinchat":[],"footnotes":""},"class_list":["post-4066","page","type-page","status-publish"],"yoast_head":"<!-- This site is optimized with the Yoast SEO plugin v25.1 - https:\/\/yoast.com\/wordpress\/plugins\/seo\/ -->\n<title>aluminum copper 3 5 4 core swa armoured 50mm cable price list for sale<\/title>\n<meta name=\"description\" content=\"Huadong supply aluminum copper swa armoured 5 core 4 core 50mm cable price at cheap, can customize thhn battery welding 50mm2 cable for you.\" \/>\n<meta name=\"robots\" content=\"index, follow, max-snippet:-1, max-image-preview:large, max-video-preview:-1\" \/>\n<link rel=\"canonical\" href=\"https:\/\/hdcarmouredcable.com\/pt\/preco-do-cabo-de-50-mm\/\" \/>\n<meta property=\"og:locale\" content=\"pt_PT\" \/>\n<meta property=\"og:type\" content=\"article\" \/>\n<meta property=\"og:title\" content=\"aluminum copper 3 5 4 core swa armoured 50mm cable price list for sale\" \/>\n<meta property=\"og:description\" content=\"Huadong supply aluminum copper swa armoured 5 core 4 core 50mm cable price at cheap, can customize thhn battery welding 50mm2 cable for you.\" \/>\n<meta property=\"og:url\" content=\"https:\/\/hdcarmouredcable.com\/pt\/preco-do-cabo-de-50-mm\/\" \/>\n<meta property=\"og:site_name\" content=\"Huadong Armoured Cable Group\" \/>\n<meta property=\"article:publisher\" content=\"https:\/\/www.facebook.com\/lily.ding.52\" \/>\n<meta property=\"article:modified_time\" content=\"2023-07-24T09:09:14+00:00\" \/>\n<meta property=\"og:image\" content=\"https:\/\/hdcarmouredcable.com\/wp-content\/uploads\/2020\/10\/4-core-50mm-armoured-cable-price-list-in-South-Africa.jpg\" \/>\n<meta name=\"twitter:card\" content=\"summary_large_image\" \/>\n<meta name=\"twitter:label1\" content=\"Tempo estimado de leitura\" \/>\n\t<meta name=\"twitter:data1\" content=\"3 minutos\" \/>\n<script type=\"application\/ld+json\" class=\"yoast-schema-graph\">{\"@context\":\"https:\/\/schema.org\",\"@graph\":[{\"@type\":\"WebPage\",\"@id\":\"https:\/\/hdcarmouredcable.com\/50mm-cable-price\/\",\"url\":\"https:\/\/hdcarmouredcable.com\/50mm-cable-price\/\",\"name\":\"aluminum copper 3 5 4 core swa armoured 50mm cable price list for sale\",\"isPartOf\":{\"@id\":\"https:\/\/hdcarmouredcable.com\/#website\"},\"primaryImageOfPage\":{\"@id\":\"https:\/\/hdcarmouredcable.com\/50mm-cable-price\/#primaryimage\"},\"image\":{\"@id\":\"https:\/\/hdcarmouredcable.com\/50mm-cable-price\/#primaryimage\"},\"thumbnailUrl\":\"https:\/\/hdcarmouredcable.com\/wp-content\/uploads\/2020\/10\/4-core-50mm-armoured-cable-price-list-in-South-Africa.jpg\",\"datePublished\":\"2020-10-09T09:56:21+00:00\",\"dateModified\":\"2023-07-24T09:09:14+00:00\",\"description\":\"Huadong supply aluminum copper swa armoured 5 core 4 core 50mm cable price at cheap, can customize thhn battery welding 50mm2 cable for you.\",\"inLanguage\":\"pt-PT\",\"potentialAction\":[{\"@type\":\"ReadAction\",\"target\":[\"https:\/\/hdcarmouredcable.com\/50mm-cable-price\/\"]}]},{\"@type\":\"ImageObject\",\"inLanguage\":\"pt-PT\",\"@id\":\"https:\/\/hdcarmouredcable.com\/50mm-cable-price\/#primaryimage\",\"url\":\"https:\/\/hdcarmouredcable.com\/wp-content\/uploads\/2020\/10\/4-core-50mm-armoured-cable-price-list-in-South-Africa.jpg\",\"contentUrl\":\"https:\/\/hdcarmouredcable.com\/wp-content\/uploads\/2020\/10\/4-core-50mm-armoured-cable-price-list-in-South-Africa.jpg\"},{\"@type\":\"WebSite\",\"@id\":\"https:\/\/hdcarmouredcable.com\/#website\",\"url\":\"https:\/\/hdcarmouredcable.com\/\",\"name\":\"Huadong Armoured Cable Group\",\"description\":\"professional steel wire armoured cable manufacturer\",\"publisher\":{\"@id\":\"https:\/\/hdcarmouredcable.com\/#organization\"},\"potentialAction\":[{\"@type\":\"SearchAction\",\"target\":{\"@type\":\"EntryPoint\",\"urlTemplate\":\"https:\/\/hdcarmouredcable.com\/?s={search_term_string}\"},\"query-input\":{\"@type\":\"PropertyValueSpecification\",\"valueRequired\":true,\"valueName\":\"search_term_string\"}}],\"inLanguage\":\"pt-PT\"},{\"@type\":\"Organization\",\"@id\":\"https:\/\/hdcarmouredcable.com\/#organization\",\"name\":\"Huadong Cable Group\",\"url\":\"https:\/\/hdcarmouredcable.com\/\",\"logo\":{\"@type\":\"ImageObject\",\"inLanguage\":\"pt-PT\",\"@id\":\"https:\/\/hdcarmouredcable.com\/#\/schema\/logo\/image\/\",\"url\":\"https:\/\/hdcarmouredcable.com\/wp-content\/uploads\/2022\/07\/Huadong-log.png\",\"contentUrl\":\"https:\/\/hdcarmouredcable.com\/wp-content\/uploads\/2022\/07\/Huadong-log.png\",\"width\":860,\"height\":860,\"caption\":\"Huadong Cable Group\"},\"image\":{\"@id\":\"https:\/\/hdcarmouredcable.com\/#\/schema\/logo\/image\/\"},\"sameAs\":[\"https:\/\/www.facebook.com\/lily.ding.52\",\"https:\/\/www.linkedin.com\/in\/lilyxlpecable\/\"]}]}<\/script>\n<!-- \/ Yoast SEO plugin. -->","yoast_head_json":{"title":"alum\u00ednio cobre 3 5 4 n\u00facleo swa blindado 50mm lista de pre\u00e7os de cabo para venda","description":"Huadong fornece alum\u00ednio cobre swa blindado 5 core 4 core 50mm cabo pre\u00e7o barato, pode personalizar thhn bateria soldagem 50mm2 cabo para voc\u00ea.","robots":{"index":"index","follow":"follow","max-snippet":"max-snippet:-1","max-image-preview":"max-image-preview:large","max-video-preview":"max-video-preview:-1"},"canonical":"https:\/\/hdcarmouredcable.com\/pt\/preco-do-cabo-de-50-mm\/","og_locale":"pt_PT","og_type":"article","og_title":"aluminum copper 3 5 4 core swa armoured 50mm cable price list for sale","og_description":"Huadong supply aluminum copper swa armoured 5 core 4 core 50mm cable price at cheap, can customize thhn battery welding 50mm2 cable for you.","og_url":"https:\/\/hdcarmouredcable.com\/pt\/preco-do-cabo-de-50-mm\/","og_site_name":"Huadong Armoured Cable Group","article_publisher":"https:\/\/www.facebook.com\/lily.ding.52","article_modified_time":"2023-07-24T09:09:14+00:00","og_image":[{"url":"https:\/\/hdcarmouredcable.com\/wp-content\/uploads\/2020\/10\/4-core-50mm-armoured-cable-price-list-in-South-Africa.jpg","type":"","width":"","height":""}],"twitter_card":"summary_large_image","twitter_misc":{"Tempo estimado de leitura":"3 minutos"},"schema":{"@context":"https:\/\/schema.org","@graph":[{"@type":"WebPage","@id":"https:\/\/hdcarmouredcable.com\/50mm-cable-price\/","url":"https:\/\/hdcarmouredcable.com\/50mm-cable-price\/","name":"alum\u00ednio cobre 3 5 4 n\u00facleo swa blindado 50mm lista de pre\u00e7os de cabo para venda","isPartOf":{"@id":"https:\/\/hdcarmouredcable.com\/#website"},"primaryImageOfPage":{"@id":"https:\/\/hdcarmouredcable.com\/50mm-cable-price\/#primaryimage"},"image":{"@id":"https:\/\/hdcarmouredcable.com\/50mm-cable-price\/#primaryimage"},"thumbnailUrl":"https:\/\/hdcarmouredcable.com\/wp-content\/uploads\/2020\/10\/4-core-50mm-armoured-cable-price-list-in-South-Africa.jpg","datePublished":"2020-10-09T09:56:21+00:00","dateModified":"2023-07-24T09:09:14+00:00","description":"Huadong fornece alum\u00ednio cobre swa blindado 5 core 4 core 50mm cabo pre\u00e7o barato, pode personalizar thhn bateria soldagem 50mm2 cabo para voc\u00ea.","inLanguage":"pt-PT","potentialAction":[{"@type":"ReadAction","target":["https:\/\/hdcarmouredcable.com\/50mm-cable-price\/"]}]},{"@type":"ImageObject","inLanguage":"pt-PT","@id":"https:\/\/hdcarmouredcable.com\/50mm-cable-price\/#primaryimage","url":"https:\/\/hdcarmouredcable.com\/wp-content\/uploads\/2020\/10\/4-core-50mm-armoured-cable-price-list-in-South-Africa.jpg","contentUrl":"https:\/\/hdcarmouredcable.com\/wp-content\/uploads\/2020\/10\/4-core-50mm-armoured-cable-price-list-in-South-Africa.jpg"},{"@type":"WebSite","@id":"https:\/\/hdcarmouredcable.com\/#website","url":"https:\/\/hdcarmouredcable.com\/","name":"Grupo de cabos blindados Huadong","description":"fabricante profissional de cabos blindados de a\u00e7o","publisher":{"@id":"https:\/\/hdcarmouredcable.com\/#organization"},"potentialAction":[{"@type":"SearchAction","target":{"@type":"EntryPoint","urlTemplate":"https:\/\/hdcarmouredcable.com\/?s={search_term_string}"},"query-input":{"@type":"PropertyValueSpecification","valueRequired":true,"valueName":"search_term_string"}}],"inLanguage":"pt-PT"},{"@type":"Organization","@id":"https:\/\/hdcarmouredcable.com\/#organization","name":"Grupo de cabos Huadong","url":"https:\/\/hdcarmouredcable.com\/","logo":{"@type":"ImageObject","inLanguage":"pt-PT","@id":"https:\/\/hdcarmouredcable.com\/#\/schema\/logo\/image\/","url":"https:\/\/hdcarmouredcable.com\/wp-content\/uploads\/2022\/07\/Huadong-log.png","contentUrl":"https:\/\/hdcarmouredcable.com\/wp-content\/uploads\/2022\/07\/Huadong-log.png","width":860,"height":860,"caption":"Huadong Cable Group"},"image":{"@id":"https:\/\/hdcarmouredcable.com\/#\/schema\/logo\/image\/"},"sameAs":["https:\/\/www.facebook.com\/lily.ding.52","https:\/\/www.linkedin.com\/in\/lilyxlpecable\/"]}]}},"amp_enabled":true,"_links":{"self":[{"href":"https:\/\/hdcarmouredcable.com\/pt\/wp-json\/wp\/v2\/pages\/4066","targetHints":{"allow":["GET"]}}],"collection":[{"href":"https:\/\/hdcarmouredcable.com\/pt\/wp-json\/wp\/v2\/pages"}],"about":[{"href":"https:\/\/hdcarmouredcable.com\/pt\/wp-json\/wp\/v2\/types\/page"}],"author":[{"embeddable":true,"href":"https:\/\/hdcarmouredcable.com\/pt\/wp-json\/wp\/v2\/users\/1"}],"replies":[{"embeddable":true,"href":"https:\/\/hdcarmouredcable.com\/pt\/wp-json\/wp\/v2\/comments?post=4066"}],"version-history":[{"count":6,"href":"https:\/\/hdcarmouredcable.com\/pt\/wp-json\/wp\/v2\/pages\/4066\/revisions"}],"predecessor-version":[{"id":9468,"href":"https:\/\/hdcarmouredcable.com\/pt\/wp-json\/wp\/v2\/pages\/4066\/revisions\/9468"}],"wp:attachment":[{"href":"https:\/\/hdcarmouredcable.com\/pt\/wp-json\/wp\/v2\/media?parent=4066"}],"curies":[{"name":"wp","href":"https:\/\/api.w.org\/{rel}","templated":true}]}}