{"id":6902,"date":"2022-08-08T17:03:54","date_gmt":"2022-08-08T09:03:54","guid":{"rendered":"https:\/\/hdcarmouredcable.com\/?page_id=6902"},"modified":"2023-07-25T15:42:16","modified_gmt":"2023-07-25T07:42:16","slug":"a216314-wireline-1l18-cable","status":"publish","type":"page","link":"https:\/\/hdcarmouredcable.com\/pt\/a216314-cabo-1l18\/","title":{"rendered":"Fio 8,03 mm A216314 Cabo monocondutor 1L18 de 3\/16\" (4,70 mm)"},"content":{"rendered":"<h2>Aplica\u00e7\u00e3o do cabo de a\u00e7o 8,03 mm A216314 3\/16\" (4,70 mm) Monocondutor 1L18<\/h2>\n<p>O cabo de 8,03 mm A216314 3\/16\" (4,70 mm) Monocondutor 1L18 n\u00e3o s\u00f3 \u00e9 utilizado para a opera\u00e7\u00e3o de registo de po\u00e7os, perfura\u00e7\u00e3o e perfura\u00e7\u00e3o de v\u00e1rios tipos de po\u00e7os de petr\u00f3leo e g\u00e1s, como tamb\u00e9m \u00e9 utilizado para a investiga\u00e7\u00e3o dos oceanos, rios, ba\u00edas, hidrologia, medi\u00e7\u00e3o, prospe\u00e7\u00e3o geol\u00f3gica de campos de carv\u00e3o e registo de po\u00e7os geot\u00e9rmicos.<\/p>\n<h2>A216314 Monocondutor de 3\/16\" (4,70 mm) 1L18 PROPRIEDADES<\/h2>\n<table class=\"catalogDefinitions\" width=\"100%\">\n<tbody>\n<tr>\n<td width=\"33%\">Di\u00e2metro do cabo:<\/td>\n<td width=\"33%\">0.185\" +0.004\" -0.002\"<\/td>\n<td width=\"33%\">(4,70mm + 0,10mm -0,05mm)<\/td>\n<\/tr>\n<tr>\n<td>Di\u00e2metro m\u00ednimo da roldana:<\/td>\n<td>14\"<\/td>\n<td>(36 cm)<\/td>\n<\/tr>\n<tr>\n<td>Coeficiente de estiramento do cabo:<\/td>\n<td>3,0 p\u00e9s\/Kft\/Klbs<\/td>\n<td>(3,37 m\/Km\/5KN)<\/td>\n<\/tr>\n<\/tbody>\n<\/table>\n<h2>EL\u00c9CTRICOS:<\/h2>\n<table class=\"catalogDefinitions\" width=\"100%\">\n<tbody>\n<tr>\n<td width=\"33%\">Tens\u00e3o m\u00e1xima do condutor:<\/td>\n<td width=\"33%\">1.000 VDC<\/td>\n<td width=\"33%\"><\/td>\n<\/tr>\n<tr>\n<td>Classifica\u00e7\u00e3o AWG do condutor:<\/td>\n<td>20<\/td>\n<td><\/td>\n<\/tr>\n<tr>\n<td>Resist\u00eancia m\u00ednima de isolamento:<\/td>\n<td>1.500 Mega\u03a9\/Kft @ 1000VDC<\/td>\n<td>(457 Mega\u03a9\/Km @ 1000VDC)<\/td>\n<\/tr>\n<tr>\n<td>Resist\u00eancia el\u00e9ctrica da armadura:<\/td>\n<td>6,0 \u03a9\/Kft<\/td>\n<td>(19,7 \u03a9\/Km)<\/td>\n<\/tr>\n<\/tbody>\n<\/table>\n<h2>MEC\u00c2NICA:<\/h2>\n<table class=\"catalogDefinitions\" width=\"100%\">\n<tbody>\n<tr>\n<td colspan=\"3\">Resist\u00eancia \u00e0 rutura do cabo:<\/td>\n<\/tr>\n<tr>\n<td class=\"indent\" width=\"33%\">Extremidades fixas:<\/td>\n<td width=\"33%\">4.000 lbs<\/td>\n<td width=\"33%\">(17,8 KN) Nominal<\/td>\n<\/tr>\n<tr>\n<td>Tens\u00e3o m\u00e1xima de trabalho sugerida:<\/td>\n<td>2.000 lbs<\/td>\n<td>(8,9 KN) Nominal<\/td>\n<\/tr>\n<tr>\n<td colspan=\"3\">N\u00famero e tamanho dos fios:<\/td>\n<\/tr>\n<tr>\n<td class=\"indent\">Armadura interior<\/td>\n<td>12 x 0.0220\"<\/td>\n<td>(0,559 mm)<\/td>\n<\/tr>\n<tr>\n<td class=\"indent\">Armadura exterior<\/td>\n<td>12 x 0.0358\"<\/td>\n<td>(0,909 mm)<\/td>\n<\/tr>\n<tr>\n<td colspan=\"3\">Resist\u00eancia m\u00e9dia \u00e0 rutura do fio:<\/td>\n<\/tr>\n<tr>\n<td class=\"indent\">Armadura interior<\/td>\n<td>103 lbs<\/td>\n<td>(0,46 KN)<\/td>\n<\/tr>\n<tr>\n<td class=\"indent\">Armadura exterior<\/td>\n<td>272 lbs<\/td>\n<td>(1,21 KN)<\/td>\n<\/tr>\n<\/tbody>\n<\/table>\n<div class=\"row prodetails\">\n<div class=\"col-lg-6 col-md-12 col-xs-12 col-sm-12\">\n<h2>Descri\u00e7\u00e3o<\/h2>\n<p>CONDUTOR: 1,73 mm, 0,068 polegadas<br \/>\n#14 AWG, 19\/0,0142\u2033 (0,36mm) BC<br \/>\nISOLAMENTO: 3,86 mm, 0,152 polegadas<br \/>\n0,042\u2033 (1,07mm) Parede EPC<br \/>\nARMADURA: Galv. A\u00e7o HS<br \/>\ninterior: 12\/0.044\u2033 (1.12mm) 5.79 0.228<br \/>\nexterior: 18\/0.044\u2033 (1.12mm) 8.03 0.316<\/p>\n<\/div>\n<div class=\"col-lg-6 col-md-12 col-xs-12 col-sm-12\">\n<p><img loading=\"lazy\" decoding=\"async\" class=\"aligncenter size-full wp-image-6907\" src=\"https:\/\/hdcarmouredcable.com\/wp-content\/uploads\/2022\/08\/8.03mm-wireline-14awg-logging-cable.jpg\" alt=\"\" width=\"626\" height=\"406\" srcset=\"https:\/\/hdcarmouredcable.com\/wp-content\/uploads\/2022\/08\/8.03mm-wireline-14awg-logging-cable.jpg 626w, https:\/\/hdcarmouredcable.com\/wp-content\/uploads\/2022\/08\/8.03mm-wireline-14awg-logging-cable-300x195.jpg 300w, https:\/\/hdcarmouredcable.com\/wp-content\/uploads\/2022\/08\/8.03mm-wireline-14awg-logging-cable-600x389.jpg 600w\" sizes=\"auto, (max-width: 626px) 100vw, 626px\" \/><\/p>\n<\/div>\n<\/div>\n<p>&nbsp;<\/p>","protected":false},"excerpt":{"rendered":"<p>Application of Wireline 8.03mm A216314 3\/16\u201d (4.70 mm) Monoconductor 1L18 The Wireline 8.03mm A216314 3\/16\u201d (4.70 mm) Monoconductor 1L18 is not only used for operation of well logging, perforating, and coring for various types of oil and gas wells but also used for the investigation of the oceans, rivers, bays, hydrological, measuring, coalfield geological prospecting &#8230; <a class=\"read-more\" href=\"https:\/\/hdcarmouredcable.com\/pt\/a216314-cabo-1l18\/\">Ler mais...<\/a><\/p>","protected":false},"author":1,"featured_media":0,"parent":0,"menu_order":0,"comment_status":"closed","ping_status":"closed","template":"","meta":{"_joinchat":[],"footnotes":""},"class_list":["post-6902","page","type-page","status-publish"],"yoast_head":"<!-- This site is optimized with the Yoast SEO plugin v25.1 - https:\/\/yoast.com\/wordpress\/plugins\/seo\/ -->\n<title>Wireline 8.03mm A216314 3\/16\u201d (4.70 mm) Monoconductor 1L18 Cable - Huadong Armoured Cable Group<\/title>\n<meta name=\"robots\" content=\"index, follow, max-snippet:-1, max-image-preview:large, max-video-preview:-1\" \/>\n<link rel=\"canonical\" href=\"https:\/\/hdcarmouredcable.com\/pt\/a216314-cabo-1l18\/\" \/>\n<meta property=\"og:locale\" content=\"pt_PT\" \/>\n<meta property=\"og:type\" content=\"article\" \/>\n<meta property=\"og:title\" content=\"Wireline 8.03mm A216314 3\/16\u201d (4.70 mm) Monoconductor 1L18 Cable - Huadong Armoured Cable Group\" \/>\n<meta property=\"og:description\" content=\"Application of Wireline 8.03mm A216314 3\/16\u201d (4.70 mm) Monoconductor 1L18 The Wireline 8.03mm A216314 3\/16\u201d (4.70 mm) Monoconductor 1L18 is not only used for operation of well logging, perforating, and coring for various types of oil and gas wells but also used for the investigation of the oceans, rivers, bays, hydrological, measuring, coalfield geological prospecting ... Read more...\" \/>\n<meta property=\"og:url\" content=\"https:\/\/hdcarmouredcable.com\/pt\/a216314-cabo-1l18\/\" \/>\n<meta property=\"og:site_name\" content=\"Huadong Armoured Cable Group\" \/>\n<meta property=\"article:publisher\" content=\"https:\/\/www.facebook.com\/lily.ding.52\" \/>\n<meta property=\"article:modified_time\" content=\"2023-07-25T07:42:16+00:00\" \/>\n<meta property=\"og:image\" content=\"https:\/\/hdcarmouredcable.com\/wp-content\/uploads\/2022\/08\/8.03mm-wireline-14awg-logging-cable.jpg\" \/>\n<meta name=\"twitter:card\" content=\"summary_large_image\" \/>\n<meta name=\"twitter:label1\" content=\"Tempo estimado de leitura\" \/>\n\t<meta name=\"twitter:data1\" content=\"2 minutos\" \/>\n<script type=\"application\/ld+json\" class=\"yoast-schema-graph\">{\"@context\":\"https:\/\/schema.org\",\"@graph\":[{\"@type\":\"WebPage\",\"@id\":\"https:\/\/hdcarmouredcable.com\/a216314-wireline-1l18-cable\/\",\"url\":\"https:\/\/hdcarmouredcable.com\/a216314-wireline-1l18-cable\/\",\"name\":\"Wireline 8.03mm A216314 3\/16\u201d (4.70 mm) Monoconductor 1L18 Cable - Huadong Armoured Cable Group\",\"isPartOf\":{\"@id\":\"https:\/\/hdcarmouredcable.com\/#website\"},\"primaryImageOfPage\":{\"@id\":\"https:\/\/hdcarmouredcable.com\/a216314-wireline-1l18-cable\/#primaryimage\"},\"image\":{\"@id\":\"https:\/\/hdcarmouredcable.com\/a216314-wireline-1l18-cable\/#primaryimage\"},\"thumbnailUrl\":\"https:\/\/hdcarmouredcable.com\/wp-content\/uploads\/2022\/08\/8.03mm-wireline-14awg-logging-cable.jpg\",\"datePublished\":\"2022-08-08T09:03:54+00:00\",\"dateModified\":\"2023-07-25T07:42:16+00:00\",\"inLanguage\":\"pt-PT\",\"potentialAction\":[{\"@type\":\"ReadAction\",\"target\":[\"https:\/\/hdcarmouredcable.com\/a216314-wireline-1l18-cable\/\"]}]},{\"@type\":\"ImageObject\",\"inLanguage\":\"pt-PT\",\"@id\":\"https:\/\/hdcarmouredcable.com\/a216314-wireline-1l18-cable\/#primaryimage\",\"url\":\"https:\/\/hdcarmouredcable.com\/wp-content\/uploads\/2022\/08\/8.03mm-wireline-14awg-logging-cable.jpg\",\"contentUrl\":\"https:\/\/hdcarmouredcable.com\/wp-content\/uploads\/2022\/08\/8.03mm-wireline-14awg-logging-cable.jpg\"},{\"@type\":\"WebSite\",\"@id\":\"https:\/\/hdcarmouredcable.com\/#website\",\"url\":\"https:\/\/hdcarmouredcable.com\/\",\"name\":\"Huadong Armoured Cable Group\",\"description\":\"professional steel wire armoured cable manufacturer\",\"publisher\":{\"@id\":\"https:\/\/hdcarmouredcable.com\/#organization\"},\"potentialAction\":[{\"@type\":\"SearchAction\",\"target\":{\"@type\":\"EntryPoint\",\"urlTemplate\":\"https:\/\/hdcarmouredcable.com\/?s={search_term_string}\"},\"query-input\":{\"@type\":\"PropertyValueSpecification\",\"valueRequired\":true,\"valueName\":\"search_term_string\"}}],\"inLanguage\":\"pt-PT\"},{\"@type\":\"Organization\",\"@id\":\"https:\/\/hdcarmouredcable.com\/#organization\",\"name\":\"Huadong Cable Group\",\"url\":\"https:\/\/hdcarmouredcable.com\/\",\"logo\":{\"@type\":\"ImageObject\",\"inLanguage\":\"pt-PT\",\"@id\":\"https:\/\/hdcarmouredcable.com\/#\/schema\/logo\/image\/\",\"url\":\"https:\/\/hdcarmouredcable.com\/wp-content\/uploads\/2022\/07\/Huadong-log.png\",\"contentUrl\":\"https:\/\/hdcarmouredcable.com\/wp-content\/uploads\/2022\/07\/Huadong-log.png\",\"width\":860,\"height\":860,\"caption\":\"Huadong Cable Group\"},\"image\":{\"@id\":\"https:\/\/hdcarmouredcable.com\/#\/schema\/logo\/image\/\"},\"sameAs\":[\"https:\/\/www.facebook.com\/lily.ding.52\",\"https:\/\/www.linkedin.com\/in\/lilyxlpecable\/\"]}]}<\/script>\n<!-- \/ Yoast SEO plugin. -->","yoast_head_json":{"title":"Cabo 8,03 mm A216314 3\/16\" (4,70 mm) Monocondutor 1L18 - Grupo de Cabos Blindados Huadong","robots":{"index":"index","follow":"follow","max-snippet":"max-snippet:-1","max-image-preview":"max-image-preview:large","max-video-preview":"max-video-preview:-1"},"canonical":"https:\/\/hdcarmouredcable.com\/pt\/a216314-cabo-1l18\/","og_locale":"pt_PT","og_type":"article","og_title":"Wireline 8.03mm A216314 3\/16\u201d (4.70 mm) Monoconductor 1L18 Cable - Huadong Armoured Cable Group","og_description":"Application of Wireline 8.03mm A216314 3\/16\u201d (4.70 mm) Monoconductor 1L18 The Wireline 8.03mm A216314 3\/16\u201d (4.70 mm) Monoconductor 1L18 is not only used for operation of well logging, perforating, and coring for various types of oil and gas wells but also used for the investigation of the oceans, rivers, bays, hydrological, measuring, coalfield geological prospecting ... Read more...","og_url":"https:\/\/hdcarmouredcable.com\/pt\/a216314-cabo-1l18\/","og_site_name":"Huadong Armoured Cable Group","article_publisher":"https:\/\/www.facebook.com\/lily.ding.52","article_modified_time":"2023-07-25T07:42:16+00:00","og_image":[{"url":"https:\/\/hdcarmouredcable.com\/wp-content\/uploads\/2022\/08\/8.03mm-wireline-14awg-logging-cable.jpg","type":"","width":"","height":""}],"twitter_card":"summary_large_image","twitter_misc":{"Tempo estimado de leitura":"2 minutos"},"schema":{"@context":"https:\/\/schema.org","@graph":[{"@type":"WebPage","@id":"https:\/\/hdcarmouredcable.com\/a216314-wireline-1l18-cable\/","url":"https:\/\/hdcarmouredcable.com\/a216314-wireline-1l18-cable\/","name":"Cabo 8,03 mm A216314 3\/16\" (4,70 mm) Monocondutor 1L18 - Grupo de Cabos Blindados Huadong","isPartOf":{"@id":"https:\/\/hdcarmouredcable.com\/#website"},"primaryImageOfPage":{"@id":"https:\/\/hdcarmouredcable.com\/a216314-wireline-1l18-cable\/#primaryimage"},"image":{"@id":"https:\/\/hdcarmouredcable.com\/a216314-wireline-1l18-cable\/#primaryimage"},"thumbnailUrl":"https:\/\/hdcarmouredcable.com\/wp-content\/uploads\/2022\/08\/8.03mm-wireline-14awg-logging-cable.jpg","datePublished":"2022-08-08T09:03:54+00:00","dateModified":"2023-07-25T07:42:16+00:00","inLanguage":"pt-PT","potentialAction":[{"@type":"ReadAction","target":["https:\/\/hdcarmouredcable.com\/a216314-wireline-1l18-cable\/"]}]},{"@type":"ImageObject","inLanguage":"pt-PT","@id":"https:\/\/hdcarmouredcable.com\/a216314-wireline-1l18-cable\/#primaryimage","url":"https:\/\/hdcarmouredcable.com\/wp-content\/uploads\/2022\/08\/8.03mm-wireline-14awg-logging-cable.jpg","contentUrl":"https:\/\/hdcarmouredcable.com\/wp-content\/uploads\/2022\/08\/8.03mm-wireline-14awg-logging-cable.jpg"},{"@type":"WebSite","@id":"https:\/\/hdcarmouredcable.com\/#website","url":"https:\/\/hdcarmouredcable.com\/","name":"Grupo de cabos blindados Huadong","description":"fabricante profissional de cabos blindados de a\u00e7o","publisher":{"@id":"https:\/\/hdcarmouredcable.com\/#organization"},"potentialAction":[{"@type":"SearchAction","target":{"@type":"EntryPoint","urlTemplate":"https:\/\/hdcarmouredcable.com\/?s={search_term_string}"},"query-input":{"@type":"PropertyValueSpecification","valueRequired":true,"valueName":"search_term_string"}}],"inLanguage":"pt-PT"},{"@type":"Organization","@id":"https:\/\/hdcarmouredcable.com\/#organization","name":"Grupo de cabos Huadong","url":"https:\/\/hdcarmouredcable.com\/","logo":{"@type":"ImageObject","inLanguage":"pt-PT","@id":"https:\/\/hdcarmouredcable.com\/#\/schema\/logo\/image\/","url":"https:\/\/hdcarmouredcable.com\/wp-content\/uploads\/2022\/07\/Huadong-log.png","contentUrl":"https:\/\/hdcarmouredcable.com\/wp-content\/uploads\/2022\/07\/Huadong-log.png","width":860,"height":860,"caption":"Huadong Cable Group"},"image":{"@id":"https:\/\/hdcarmouredcable.com\/#\/schema\/logo\/image\/"},"sameAs":["https:\/\/www.facebook.com\/lily.ding.52","https:\/\/www.linkedin.com\/in\/lilyxlpecable\/"]}]}},"amp_enabled":true,"_links":{"self":[{"href":"https:\/\/hdcarmouredcable.com\/pt\/wp-json\/wp\/v2\/pages\/6902","targetHints":{"allow":["GET"]}}],"collection":[{"href":"https:\/\/hdcarmouredcable.com\/pt\/wp-json\/wp\/v2\/pages"}],"about":[{"href":"https:\/\/hdcarmouredcable.com\/pt\/wp-json\/wp\/v2\/types\/page"}],"author":[{"embeddable":true,"href":"https:\/\/hdcarmouredcable.com\/pt\/wp-json\/wp\/v2\/users\/1"}],"replies":[{"embeddable":true,"href":"https:\/\/hdcarmouredcable.com\/pt\/wp-json\/wp\/v2\/comments?post=6902"}],"version-history":[{"count":7,"href":"https:\/\/hdcarmouredcable.com\/pt\/wp-json\/wp\/v2\/pages\/6902\/revisions"}],"predecessor-version":[{"id":9572,"href":"https:\/\/hdcarmouredcable.com\/pt\/wp-json\/wp\/v2\/pages\/6902\/revisions\/9572"}],"wp:attachment":[{"href":"https:\/\/hdcarmouredcable.com\/pt\/wp-json\/wp\/v2\/media?parent=6902"}],"curies":[{"name":"wp","href":"https:\/\/api.w.org\/{rel}","templated":true}]}}