{"id":898,"date":"2018-09-06T17:26:42","date_gmt":"2018-09-06T09:26:42","guid":{"rendered":"https:\/\/hdcarmouredcable.com\/?page_id=898"},"modified":"2023-02-15T14:28:51","modified_gmt":"2023-02-15T06:28:51","slug":"about-hdc","status":"publish","type":"page","link":"https:\/\/hdcarmouredcable.com\/pt\/sobre-hdc\/","title":{"rendered":"Sobre a HDC"},"content":{"rendered":"<p>Henan Huadong Cable Group \u00e9 uma sociedade an\u00f3nima, integrada na produ\u00e7\u00e3o de cabos, investiga\u00e7\u00e3o e desenvolvimento, e com\u00e9rcio nacional e internacional. E \u00e9 tamb\u00e9m uma das maiores empresas profissionais de importa\u00e7\u00e3o e exporta\u00e7\u00e3o na China.<br \/>\nA f\u00e1brica foi fundada em 1988, ocupava 50.000 metros quadrados, localizada separadamente na \u00e1rea industrial de Xiuwu, cidade de Jiaozuo, tem 20 conjuntos de linhas de produ\u00e7\u00e3o com equipamentos avan\u00e7ados e 25 conjuntos de m\u00e1quinas de teste. A capacidade de produ\u00e7\u00e3o anual \u00e9 de mais de 12 milh\u00f5es de quil\u00f3metros. A nossa sucursal internacional est\u00e1 localizada na cidade de Zhengzhou, que \u00e9 conhecida pelo seu transporte conveniente.<\/p>\n<p><img loading=\"lazy\" decoding=\"async\" class=\"aligncenter size-full wp-image-8128\" src=\"https:\/\/hdcarmouredcable.com\/wp-content\/uploads\/2023\/02\/huadong-cable-group.jpg\" alt=\"grupo de cabos huadong\" width=\"1920\" height=\"649\" srcset=\"https:\/\/hdcarmouredcable.com\/wp-content\/uploads\/2023\/02\/huadong-cable-group.jpg 1920w, https:\/\/hdcarmouredcable.com\/wp-content\/uploads\/2023\/02\/huadong-cable-group-300x101.jpg 300w, https:\/\/hdcarmouredcable.com\/wp-content\/uploads\/2023\/02\/huadong-cable-group-1024x346.jpg 1024w, https:\/\/hdcarmouredcable.com\/wp-content\/uploads\/2023\/02\/huadong-cable-group-768x260.jpg 768w, https:\/\/hdcarmouredcable.com\/wp-content\/uploads\/2023\/02\/huadong-cable-group-1536x519.jpg 1536w, https:\/\/hdcarmouredcable.com\/wp-content\/uploads\/2023\/02\/huadong-cable-group-600x203.jpg 600w\" sizes=\"auto, (max-width: 1920px) 100vw, 1920px\" \/><\/p>\n<p>Produzimos e exportamos principalmente cabos de energia, condutores de alum\u00ednio (AAC), condutores de alum\u00ednio refor\u00e7ados com a\u00e7o (ACSR Conductor), condutores de liga de alum\u00ednio (AAAC), cabos a\u00e9reos a\u00e9reos ABC, cabos de energia de 1-35kV (incluindo cabos com isolamento XLPE, cabos com isolamento PVC, cabos blindados SWA\/STA), cabos de controlo, cabos de soldadura, cabos de borracha, cabos para minas, fios el\u00e9ctricos (cabos flex\u00edveis com revestimento de PVC), OPGW e cabos especiais.<\/p>\n<p>Estes cabos podem ser utilizados para a transmiss\u00e3o de energia no ar, no subsolo e na ind\u00fastria, tais como centrais el\u00e9ctricas, caminhos-de-ferro, agricultura e imobili\u00e1rio. Os nossos produtos obtiveram certificados I S O 9 0 0 1:2 0 0 2 e CCC, PCCC, SGS, BV. N\u00f3s seguimos rigorosamente as normas GB, IEC, BS, ICEA, ASTM, DIN, VED, JIS para fabricar os produtos. E tamb\u00e9m podemos projetar e produzir de acordo com os requisitos dos clientes. Exportamos fios e cabos para a Europa, Am\u00e9rica do Sul, Am\u00e9rica do Norte, M\u00e9dio Oriente, \u00c1frica, \u00c1sia, pa\u00edses da Oce\u00e2nia e etc.<\/p>\n<p><img loading=\"lazy\" decoding=\"async\" class=\"aligncenter size-full wp-image-8007\" src=\"https:\/\/hdcarmouredcable.com\/wp-content\/uploads\/2023\/02\/banners-4-1-1.jpg\" alt=\"\" width=\"1918\" height=\"530\" srcset=\"https:\/\/hdcarmouredcable.com\/wp-content\/uploads\/2023\/02\/banners-4-1-1.jpg 1918w, https:\/\/hdcarmouredcable.com\/wp-content\/uploads\/2023\/02\/banners-4-1-1-300x83.jpg 300w, https:\/\/hdcarmouredcable.com\/wp-content\/uploads\/2023\/02\/banners-4-1-1-1024x283.jpg 1024w, https:\/\/hdcarmouredcable.com\/wp-content\/uploads\/2023\/02\/banners-4-1-1-768x212.jpg 768w, https:\/\/hdcarmouredcable.com\/wp-content\/uploads\/2023\/02\/banners-4-1-1-1536x424.jpg 1536w, https:\/\/hdcarmouredcable.com\/wp-content\/uploads\/2023\/02\/banners-4-1-1-600x166.jpg 600w\" sizes=\"auto, (max-width: 1918px) 100vw, 1918px\" \/><\/p>\n<p>N\u00f3s estamos aderindo a alta qualidade e melhor servi\u00e7o para fazer o nosso CABO HUADONG ser famoso em todo o mundo. Obrigado pelo seu apoio e confian\u00e7a! HUADONG CABLES congratula-se com o seu inqu\u00e9rito e visita, estamos ao seu servi\u00e7o!<\/p>\n<p>Os nossos princ\u00edpios:<br \/>\n1) Qualidade em primeiro lugar, cliente em primeiro lugar, seguran\u00e7a em primeiro lugar<br \/>\n2) Melhor servi\u00e7o, entrega mais r\u00e1pida<br \/>\n3) Igualdade e benef\u00edcio m\u00fatuo<br \/>\n4)Honestidade e profiss\u00e3o<\/p>\n<figure id=\"attachment_402\" aria-describedby=\"caption-attachment-402\" style=\"width: 1510px\" class=\"wp-caption aligncenter\"><img loading=\"lazy\" decoding=\"async\" class=\"size-full wp-image-402\" src=\"https:\/\/hdcarmouredcable.com\/wp-content\/uploads\/2018\/07\/1.5-sq-mm-armoured-cable-packaging-2.jpg\" alt=\"Cabo subterr\u00e2neo de 11kv\" width=\"1520\" height=\"711\" \/><figcaption id=\"caption-attachment-402\" class=\"wp-caption-text\">embalagem e entrega de cabos subterr\u00e2neos de 11kv<\/figcaption><\/figure>\n<p>O nosso servi\u00e7o:<br \/>\n1. resposta r\u00e1pida e profissional<br \/>\n2. paciente e fi\u00e1vel<br \/>\n3. sistema de controlo de qualidade rigoroso<br \/>\n4. entrega atempada<\/p>\n\n<div class=\"wpcf7 no-js\" id=\"wpcf7-f5800-o1\" lang=\"en-US\" dir=\"ltr\" data-wpcf7-id=\"5800\">\n<div class=\"screen-reader-response\"><p role=\"status\" aria-live=\"polite\" aria-atomic=\"true\"><\/p> <ul><\/ul><\/div>\n<form action=\"\/pt\/wp-json\/wp\/v2\/pages\/898#wpcf7-f5800-o1\" method=\"post\" class=\"wpcf7-form init\" aria-label=\"Formul\u00e1rio de contacto\" novalidate=\"novalidate\" data-status=\"init\" data-trp-original-action=\"\/pt\/wp-json\/wp\/v2\/pages\/898#wpcf7-f5800-o1\">\n<div style=\"display: none;\">\n<input type=\"hidden\" name=\"_wpcf7\" value=\"5800\" \/>\n<input type=\"hidden\" name=\"_wpcf7_version\" value=\"6.0.6\" \/>\n<input type=\"hidden\" name=\"_wpcf7_locale\" value=\"en_US\" \/>\n<input type=\"hidden\" name=\"_wpcf7_unit_tag\" value=\"wpcf7-f5800-o1\" \/>\n<input type=\"hidden\" name=\"_wpcf7_container_post\" value=\"0\" \/>\n<input type=\"hidden\" name=\"_wpcf7_posted_data_hash\" value=\"\" \/>\n<\/div>\n<div class=\"popmakerform\">\n\t<h3>Obter um or\u00e7amento gratuito\n\t<\/h3>\n\t<p>Vamos trabalhar em conjunto para o seu projeto por e-mail: <a href=\"mailto:info@hdcarmouredcable.com\" rel=\"nofollow\">info@hdcarmouredcable.com<\/a>\n\t<\/p>\n\t<p>Produto interessado <span style=\"color:red;\">*<span><br \/>\n<span class=\"wpcf7-form-control-wrap\" data-name=\"item\"><input size=\"40\" maxlength=\"400\" class=\"wpcf7-form-control wpcf7-text\" id=\"item\" aria-invalid=\"false\" value=\"\" type=\"text\" name=\"item\" \/><\/span><\/span><\/span>\n\t<\/p>\n\t<p>O seu nome <span style=\"color:red;\">*<span><br \/>\n<span class=\"wpcf7-form-control-wrap\" data-name=\"your-name\"><input size=\"40\" maxlength=\"400\" class=\"wpcf7-form-control wpcf7-text wpcf7-validates-as-required\" aria-required=\"true\" aria-invalid=\"false\" value=\"\" type=\"text\" name=\"your-name\" \/><\/span><\/span><\/span>\n\t<\/p>\n\t<p>O seu e-mail <span style=\"color:red;\">*<span><br \/>\n<span class=\"wpcf7-form-control-wrap\" data-name=\"your-email\"><input size=\"40\" maxlength=\"400\" class=\"wpcf7-form-control wpcf7-email wpcf7-validates-as-required wpcf7-text wpcf7-validates-as-email\" aria-required=\"true\" aria-invalid=\"false\" value=\"\" type=\"email\" name=\"your-email\" \/><\/span><\/span><\/span>\n\t<\/p>\n\t<p>O seu n\u00famero de telefone (inclua o c\u00f3digo de \u00e1rea)<br \/>\n<span class=\"wpcf7-form-control-wrap\" data-name=\"your-phone\"><input size=\"40\" maxlength=\"400\" class=\"wpcf7-form-control wpcf7-text\" aria-invalid=\"false\" value=\"\" type=\"text\" name=\"your-phone\" \/><\/span>\n\t<\/p>\n\t<p>O seu pa\u00eds<br \/>\n<span class=\"wpcf7-form-control-wrap\" data-name=\"your-country\"><input size=\"40\" maxlength=\"400\" class=\"wpcf7-form-control wpcf7-text\" aria-invalid=\"false\" value=\"\" type=\"text\" name=\"your-country\" \/><\/span>\n\t<\/p>\n\t<p>Requisito pormenorizado <span style=\"color:red;\">*<span><br \/>\n<span class=\"wpcf7-form-control-wrap\" data-name=\"your-requirement\"><textarea cols=\"40\" rows=\"5\" maxlength=\"2000\" class=\"wpcf7-form-control wpcf7-textarea wpcf7-validates-as-required\" aria-required=\"true\" aria-invalid=\"false\" placeholder=\"Para obter uma cota\u00e7\u00e3o detalhada, envie-nos o seu pedido detalhado. *\" name=\"your-requirement\"><\/textarea><\/span><\/span><\/span>\n\t<\/p>\n\t<p><input class=\"wpcf7-form-control wpcf7-submit has-spinner\" type=\"submit\" value=\"Obter cota\u00e7\u00e3o\" \/>\n\t<\/p>\n<\/div><input type='hidden' class='wpcf7-pum' value='{\"closepopup\":false,\"closedelay\":0,\"openpopup\":false,\"openpopup_id\":0}' \/><div class=\"wpcf7-response-output\" aria-hidden=\"true\"><\/div>\n<input type=\"hidden\" name=\"trp-form-language\" value=\"pt\"\/><\/form>\n<\/div>","protected":false},"excerpt":{"rendered":"<p>Henan Huadong Cable Group \u00e9 uma sociedade an\u00f3nima, integrada na produ\u00e7\u00e3o de cabos, investiga\u00e7\u00e3o e desenvolvimento, e com\u00e9rcio nacional e internacional. E \u00e9 tamb\u00e9m uma das maiores empresas profissionais de importa\u00e7\u00e3o e exporta\u00e7\u00e3o na China. A f\u00e1brica foi fundada em 1988, ocupou 50.000 metros quadrados, localizada separadamente na \u00e1rea industrial de Xiuwu, cidade de Jiaozuo, tem 20 ... <a class=\"read-more\" href=\"https:\/\/hdcarmouredcable.com\/pt\/sobre-hdc\/\">Ler mais...<\/a><\/p>","protected":false},"author":1,"featured_media":0,"parent":0,"menu_order":0,"comment_status":"closed","ping_status":"closed","template":"","meta":{"_joinchat":[],"footnotes":""},"class_list":["post-898","page","type-page","status-publish"],"yoast_head":"<!-- This site is optimized with the Yoast SEO plugin v25.1 - https:\/\/yoast.com\/wordpress\/plugins\/seo\/ -->\n<title>About HDC - Huadong Armoured Cable Group<\/title>\n<meta name=\"robots\" content=\"index, follow, max-snippet:-1, max-image-preview:large, max-video-preview:-1\" \/>\n<link rel=\"canonical\" href=\"https:\/\/hdcarmouredcable.com\/pt\/sobre-hdc\/\" \/>\n<meta property=\"og:locale\" content=\"pt_PT\" \/>\n<meta property=\"og:type\" content=\"article\" \/>\n<meta property=\"og:title\" content=\"About HDC - Huadong Armoured Cable Group\" \/>\n<meta property=\"og:description\" content=\"Henan Huadong Cable Group is a joint stock enterprise, integrated in cable production, research &amp; development, and domestic &amp; international trade. And is also the one of biggest professional import and export trade companies in China. The plant was founded in 1988, occupied 50,000 square meters, separately Located in Xiuwu industry area,Jiaozuo City, have 20 ... Read more...\" \/>\n<meta property=\"og:url\" content=\"https:\/\/hdcarmouredcable.com\/pt\/sobre-hdc\/\" \/>\n<meta property=\"og:site_name\" content=\"Huadong Armoured Cable Group\" \/>\n<meta property=\"article:publisher\" content=\"https:\/\/www.facebook.com\/lily.ding.52\" \/>\n<meta property=\"article:modified_time\" content=\"2023-02-15T06:28:51+00:00\" \/>\n<meta property=\"og:image\" content=\"https:\/\/hdcarmouredcable.com\/wp-content\/uploads\/2023\/02\/huadong-cable-group.jpg\" \/>\n<meta name=\"twitter:card\" content=\"summary_large_image\" \/>\n<meta name=\"twitter:label1\" content=\"Tempo estimado de leitura\" \/>\n\t<meta name=\"twitter:data1\" content=\"2 minutos\" \/>\n<script type=\"application\/ld+json\" class=\"yoast-schema-graph\">{\"@context\":\"https:\/\/schema.org\",\"@graph\":[{\"@type\":\"WebPage\",\"@id\":\"https:\/\/hdcarmouredcable.com\/about-hdc\/\",\"url\":\"https:\/\/hdcarmouredcable.com\/about-hdc\/\",\"name\":\"About HDC - Huadong Armoured Cable Group\",\"isPartOf\":{\"@id\":\"https:\/\/hdcarmouredcable.com\/#website\"},\"primaryImageOfPage\":{\"@id\":\"https:\/\/hdcarmouredcable.com\/about-hdc\/#primaryimage\"},\"image\":{\"@id\":\"https:\/\/hdcarmouredcable.com\/about-hdc\/#primaryimage\"},\"thumbnailUrl\":\"https:\/\/hdcarmouredcable.com\/wp-content\/uploads\/2023\/02\/huadong-cable-group.jpg\",\"datePublished\":\"2018-09-06T09:26:42+00:00\",\"dateModified\":\"2023-02-15T06:28:51+00:00\",\"inLanguage\":\"pt-PT\",\"potentialAction\":[{\"@type\":\"ReadAction\",\"target\":[\"https:\/\/hdcarmouredcable.com\/about-hdc\/\"]}]},{\"@type\":\"ImageObject\",\"inLanguage\":\"pt-PT\",\"@id\":\"https:\/\/hdcarmouredcable.com\/about-hdc\/#primaryimage\",\"url\":\"https:\/\/hdcarmouredcable.com\/wp-content\/uploads\/2023\/02\/huadong-cable-group.jpg\",\"contentUrl\":\"https:\/\/hdcarmouredcable.com\/wp-content\/uploads\/2023\/02\/huadong-cable-group.jpg\"},{\"@type\":\"WebSite\",\"@id\":\"https:\/\/hdcarmouredcable.com\/#website\",\"url\":\"https:\/\/hdcarmouredcable.com\/\",\"name\":\"Huadong Armoured Cable Group\",\"description\":\"professional steel wire armoured cable manufacturer\",\"publisher\":{\"@id\":\"https:\/\/hdcarmouredcable.com\/#organization\"},\"potentialAction\":[{\"@type\":\"SearchAction\",\"target\":{\"@type\":\"EntryPoint\",\"urlTemplate\":\"https:\/\/hdcarmouredcable.com\/?s={search_term_string}\"},\"query-input\":{\"@type\":\"PropertyValueSpecification\",\"valueRequired\":true,\"valueName\":\"search_term_string\"}}],\"inLanguage\":\"pt-PT\"},{\"@type\":\"Organization\",\"@id\":\"https:\/\/hdcarmouredcable.com\/#organization\",\"name\":\"Huadong Cable Group\",\"url\":\"https:\/\/hdcarmouredcable.com\/\",\"logo\":{\"@type\":\"ImageObject\",\"inLanguage\":\"pt-PT\",\"@id\":\"https:\/\/hdcarmouredcable.com\/#\/schema\/logo\/image\/\",\"url\":\"https:\/\/hdcarmouredcable.com\/wp-content\/uploads\/2022\/07\/Huadong-log.png\",\"contentUrl\":\"https:\/\/hdcarmouredcable.com\/wp-content\/uploads\/2022\/07\/Huadong-log.png\",\"width\":860,\"height\":860,\"caption\":\"Huadong Cable Group\"},\"image\":{\"@id\":\"https:\/\/hdcarmouredcable.com\/#\/schema\/logo\/image\/\"},\"sameAs\":[\"https:\/\/www.facebook.com\/lily.ding.52\",\"https:\/\/www.linkedin.com\/in\/lilyxlpecable\/\"]}]}<\/script>\n<!-- \/ Yoast SEO plugin. -->","yoast_head_json":{"title":"Sobre a HDC - Huadong Armoured Cable Group","robots":{"index":"index","follow":"follow","max-snippet":"max-snippet:-1","max-image-preview":"max-image-preview:large","max-video-preview":"max-video-preview:-1"},"canonical":"https:\/\/hdcarmouredcable.com\/pt\/sobre-hdc\/","og_locale":"pt_PT","og_type":"article","og_title":"About HDC - Huadong Armoured Cable Group","og_description":"Henan Huadong Cable Group is a joint stock enterprise, integrated in cable production, research &amp; development, and domestic &amp; international trade. And is also the one of biggest professional import and export trade companies in China. The plant was founded in 1988, occupied 50,000 square meters, separately Located in Xiuwu industry area,Jiaozuo City, have 20 ... Read more...","og_url":"https:\/\/hdcarmouredcable.com\/pt\/sobre-hdc\/","og_site_name":"Huadong Armoured Cable Group","article_publisher":"https:\/\/www.facebook.com\/lily.ding.52","article_modified_time":"2023-02-15T06:28:51+00:00","og_image":[{"url":"https:\/\/hdcarmouredcable.com\/wp-content\/uploads\/2023\/02\/huadong-cable-group.jpg","type":"","width":"","height":""}],"twitter_card":"summary_large_image","twitter_misc":{"Tempo estimado de leitura":"2 minutos"},"schema":{"@context":"https:\/\/schema.org","@graph":[{"@type":"WebPage","@id":"https:\/\/hdcarmouredcable.com\/about-hdc\/","url":"https:\/\/hdcarmouredcable.com\/about-hdc\/","name":"Sobre a HDC - Huadong Armoured Cable Group","isPartOf":{"@id":"https:\/\/hdcarmouredcable.com\/#website"},"primaryImageOfPage":{"@id":"https:\/\/hdcarmouredcable.com\/about-hdc\/#primaryimage"},"image":{"@id":"https:\/\/hdcarmouredcable.com\/about-hdc\/#primaryimage"},"thumbnailUrl":"https:\/\/hdcarmouredcable.com\/wp-content\/uploads\/2023\/02\/huadong-cable-group.jpg","datePublished":"2018-09-06T09:26:42+00:00","dateModified":"2023-02-15T06:28:51+00:00","inLanguage":"pt-PT","potentialAction":[{"@type":"ReadAction","target":["https:\/\/hdcarmouredcable.com\/about-hdc\/"]}]},{"@type":"ImageObject","inLanguage":"pt-PT","@id":"https:\/\/hdcarmouredcable.com\/about-hdc\/#primaryimage","url":"https:\/\/hdcarmouredcable.com\/wp-content\/uploads\/2023\/02\/huadong-cable-group.jpg","contentUrl":"https:\/\/hdcarmouredcable.com\/wp-content\/uploads\/2023\/02\/huadong-cable-group.jpg"},{"@type":"WebSite","@id":"https:\/\/hdcarmouredcable.com\/#website","url":"https:\/\/hdcarmouredcable.com\/","name":"Grupo de cabos blindados Huadong","description":"fabricante profissional de cabos blindados de a\u00e7o","publisher":{"@id":"https:\/\/hdcarmouredcable.com\/#organization"},"potentialAction":[{"@type":"SearchAction","target":{"@type":"EntryPoint","urlTemplate":"https:\/\/hdcarmouredcable.com\/?s={search_term_string}"},"query-input":{"@type":"PropertyValueSpecification","valueRequired":true,"valueName":"search_term_string"}}],"inLanguage":"pt-PT"},{"@type":"Organization","@id":"https:\/\/hdcarmouredcable.com\/#organization","name":"Grupo de cabos Huadong","url":"https:\/\/hdcarmouredcable.com\/","logo":{"@type":"ImageObject","inLanguage":"pt-PT","@id":"https:\/\/hdcarmouredcable.com\/#\/schema\/logo\/image\/","url":"https:\/\/hdcarmouredcable.com\/wp-content\/uploads\/2022\/07\/Huadong-log.png","contentUrl":"https:\/\/hdcarmouredcable.com\/wp-content\/uploads\/2022\/07\/Huadong-log.png","width":860,"height":860,"caption":"Huadong Cable Group"},"image":{"@id":"https:\/\/hdcarmouredcable.com\/#\/schema\/logo\/image\/"},"sameAs":["https:\/\/www.facebook.com\/lily.ding.52","https:\/\/www.linkedin.com\/in\/lilyxlpecable\/"]}]}},"amp_enabled":true,"_links":{"self":[{"href":"https:\/\/hdcarmouredcable.com\/pt\/wp-json\/wp\/v2\/pages\/898","targetHints":{"allow":["GET"]}}],"collection":[{"href":"https:\/\/hdcarmouredcable.com\/pt\/wp-json\/wp\/v2\/pages"}],"about":[{"href":"https:\/\/hdcarmouredcable.com\/pt\/wp-json\/wp\/v2\/types\/page"}],"author":[{"embeddable":true,"href":"https:\/\/hdcarmouredcable.com\/pt\/wp-json\/wp\/v2\/users\/1"}],"replies":[{"embeddable":true,"href":"https:\/\/hdcarmouredcable.com\/pt\/wp-json\/wp\/v2\/comments?post=898"}],"version-history":[{"count":4,"href":"https:\/\/hdcarmouredcable.com\/pt\/wp-json\/wp\/v2\/pages\/898\/revisions"}],"predecessor-version":[{"id":8129,"href":"https:\/\/hdcarmouredcable.com\/pt\/wp-json\/wp\/v2\/pages\/898\/revisions\/8129"}],"wp:attachment":[{"href":"https:\/\/hdcarmouredcable.com\/pt\/wp-json\/wp\/v2\/media?parent=898"}],"curies":[{"name":"wp","href":"https:\/\/api.w.org\/{rel}","templated":true}]}}