{"id":92,"date":"2018-06-23T16:10:11","date_gmt":"2018-06-23T08:10:11","guid":{"rendered":"http:\/\/hdcarmouredcable.com\/?page_id=92"},"modified":"2023-11-21T15:53:52","modified_gmt":"2023-11-21T07:53:52","slug":"contact-us","status":"publish","type":"page","link":"https:\/\/hdcarmouredcable.com\/pt\/contactar-nos\/","title":{"rendered":"Contactar-nos"},"content":{"rendered":"<p><i class=\"glyphicon glyphicon-envelope\"><\/i>\u00a0Correio eletr\u00f3nico:\u00a0<a href=\"mailto:info@hdcarmouredcable.com\" rel=\"nofollow\">info@hdcarmouredcable.com<\/a><br \/>\n<i class=\"glyphicon glyphicon-phone-alt\"><\/i>\u00a0Telefone: +86 371-86230866<br \/>\n<i class=\"glyphicon glyphicon-phone\"><\/i>\u00a0Whatsapp: +86 13939070673<br \/>\n<i class=\"fa fa-building-o\"><\/i><strong>\u00a0Escrit\u00f3rio:<\/strong> Room 601, Floor 6, Building 5, No. 80, Jinshui East Road, Zhengdong New District, Pilot Free Trade Zone, Henan, China.<br \/>\n<i class=\"fa fa-hospital-o\"><\/i><strong>\u00a0F\u00e1brica:<\/strong> Lado norte da sec\u00e7\u00e3o oeste da estrada Yunxiang, Zona de Desenvolvimento Econ\u00f3mico e Tecnol\u00f3gico, Condado de Xiuwu, Cidade de Jiaozuo, Henan R.P. China<\/p>\n<div class=\"row prodetails\">\n<h2>Cabos de venda a quente<\/h2>\n<div class=\"col-lg-3 col-md-12 col-xs-12 col-sm-12\">\n<p><a href=\"https:\/\/hdcarmouredcable.com\/pt\/cabo-de-extensao-de-termopar-malasia\/\" target=\"_blank\" rel=\"noopener\"><img loading=\"lazy\" decoding=\"async\" class=\"aligncenter wp-image-5386\" src=\"https:\/\/hdcarmouredcable.com\/wp-content\/uploads\/2021\/07\/thermocouple-extension-wire-type-k-Singapore.jpg\" alt=\"fio de extens\u00e3o de termopar tipo k Singapura\" width=\"400\" height=\"400\" srcset=\"https:\/\/hdcarmouredcable.com\/wp-content\/uploads\/2021\/07\/thermocouple-extension-wire-type-k-Singapore.jpg 300w, https:\/\/hdcarmouredcable.com\/wp-content\/uploads\/2021\/07\/thermocouple-extension-wire-type-k-Singapore-150x150.jpg 150w\" sizes=\"auto, (max-width: 400px) 100vw, 400px\" \/><\/a><\/p>\n<p class=\"entry-title\"><a href=\"https:\/\/hdcarmouredcable.com\/pt\/cabo-de-extensao-de-termopar-malasia\/\" target=\"_blank\" rel=\"noopener\"><strong>cabo e fio de extens\u00e3o de termopar multipar tipo k j r<\/strong>\u00a0<\/a><\/p>\n<\/div>\n<div class=\"col-lg-3 col-md-12 col-xs-12 col-sm-12\">\n<p><a href=\"https:\/\/hdcarmouredcable.com\/pt\/h07rn-f-neoprene-cable-singapore\/\" target=\"_blank\" rel=\"noopener\"><img loading=\"lazy\" decoding=\"async\" class=\"aligncenter wp-image-5441\" title=\"cabo mineiro de borracha de cobre flex\u00edvel de 3 n\u00facleos\" src=\"https:\/\/hdcarmouredcable.com\/wp-content\/uploads\/2021\/07\/miming-flexible-copper-PNCT-neopren-cable-300x300.jpg\" alt=\"cabo mineiro de borracha de cobre flex\u00edvel de 3 n\u00facleos\" width=\"400\" height=\"400\" srcset=\"https:\/\/hdcarmouredcable.com\/wp-content\/uploads\/2021\/07\/miming-flexible-copper-PNCT-neopren-cable-300x300.jpg 300w, https:\/\/hdcarmouredcable.com\/wp-content\/uploads\/2021\/07\/miming-flexible-copper-PNCT-neopren-cable-150x150.jpg 150w, https:\/\/hdcarmouredcable.com\/wp-content\/uploads\/2021\/07\/miming-flexible-copper-PNCT-neopren-cable.jpg 450w\" sizes=\"auto, (max-width: 400px) 100vw, 400px\" \/><\/a><\/p>\n<p><a href=\"https:\/\/hdcarmouredcable.com\/pt\/h07rn-f-neoprene-cable-singapore\/\" target=\"_blank\" rel=\"noopener\"><strong>harga PCP H07RN-F 16mm x 4c 3x10mm2 cabo de neoprene<\/strong><\/a><\/p>\n<\/div>\n<div class=\"col-lg-3 col-md-12 col-xs-12 col-sm-12\">\n<p><a href=\"https:\/\/hdcarmouredcable.com\/pt\/16mm-35mm-welding-cable-price-list\/\" target=\"_blank\" rel=\"noopener\"><img loading=\"lazy\" decoding=\"async\" class=\"aligncenter wp-image-4247\" src=\"https:\/\/hdcarmouredcable.com\/wp-content\/uploads\/2020\/10\/rubber-95mm-welding-cable-price-philippines-for-sale.jpg\" alt=\"cabo de soldadura de borracha 95mm pre\u00e7o filipinas para venda\" width=\"400\" height=\"400\" srcset=\"https:\/\/hdcarmouredcable.com\/wp-content\/uploads\/2020\/10\/rubber-95mm-welding-cable-price-philippines-for-sale.jpg 315w, https:\/\/hdcarmouredcable.com\/wp-content\/uploads\/2020\/10\/rubber-95mm-welding-cable-price-philippines-for-sale-300x300.jpg 300w, https:\/\/hdcarmouredcable.com\/wp-content\/uploads\/2020\/10\/rubber-95mm-welding-cable-price-philippines-for-sale-150x150.jpg 150w\" sizes=\"auto, (max-width: 400px) 100vw, 400px\" \/><\/a><\/p>\n<p><a href=\"https:\/\/hdcarmouredcable.com\/pt\/16mm-35mm-welding-cable-price-list\/\" target=\"_blank\" rel=\"noopener\"><strong>Cabo de soldadura flex\u00edvel de cobre 2, 2 0, 4, 6, 8 awg 16mm 25mm 35mm<\/strong><\/a><\/p>\n<\/div>\n<div class=\"col-lg-3 col-md-12 col-xs-12 col-sm-12\">\n<p><img loading=\"lazy\" decoding=\"async\" class=\"aligncenter wp-image-8040 size-full\" title=\"Cabo de bomba submers\u00edvel de \u00e1gua com resist\u00eancia JHS\" src=\"https:\/\/hdcarmouredcable.com\/wp-content\/uploads\/2023\/02\/submersible-water-pump-cable.png\" alt=\"Cabo flex\u00edvel de cobre estanhado em pvc \u00e0 prova de \u00e1gua\" width=\"418\" height=\"392\" srcset=\"https:\/\/hdcarmouredcable.com\/wp-content\/uploads\/2023\/02\/submersible-water-pump-cable.png 418w, https:\/\/hdcarmouredcable.com\/wp-content\/uploads\/2023\/02\/submersible-water-pump-cable-300x281.png 300w\" sizes=\"auto, (max-width: 418px) 100vw, 418px\" \/><\/p>\n<p><a href=\"https:\/\/hdcarmouredcable.com\/pt\/cabo-da-bomba-de-agua-submersivel\/\" target=\"_blank\" rel=\"noopener\"><strong>Cabo el\u00e9trico da bomba submers\u00edvel \u00e0 prova de \u00e1gua de PVC\/borracha\/EPR<\/strong><\/a><\/p>\n<\/div>\n<\/div>\n<div class=\"row prodetails\">\n<h2>Outros cabos que talvez sejam do seu interesse<\/h2>\n<div class=\"col-lg-3 col-md-12 col-xs-12 col-sm-12\">\n<p><a href=\"https:\/\/hdcarmouredcable.com\/pt\/swa-armoured-cable-list\/\"><img loading=\"lazy\" decoding=\"async\" class=\"aligncenter wp-image-4421 size-medium\" title=\"cabo de cobre 33 kv 1c x 400mm xlpe em Om\u00e3 Myanmar\" src=\"https:\/\/hdcarmouredcable.com\/wp-content\/uploads\/2020\/11\/copper-33-kv-1c-x-400mm-xlpe-cable-in-Oman-Myanmar-300x300.jpg\" alt=\"cabo de cobre 33 kv 1c x 400mm xlpe em Om\u00e3 Myanmar\" width=\"300\" height=\"300\" srcset=\"https:\/\/hdcarmouredcable.com\/wp-content\/uploads\/2020\/11\/copper-33-kv-1c-x-400mm-xlpe-cable-in-Oman-Myanmar-300x300.jpg 300w, https:\/\/hdcarmouredcable.com\/wp-content\/uploads\/2020\/11\/copper-33-kv-1c-x-400mm-xlpe-cable-in-Oman-Myanmar-150x150.jpg 150w, https:\/\/hdcarmouredcable.com\/wp-content\/uploads\/2020\/11\/copper-33-kv-1c-x-400mm-xlpe-cable-in-Oman-Myanmar.jpg 399w\" sizes=\"auto, (max-width: 300px) 100vw, 300px\" \/><\/a><\/p>\n<p class=\"entry-title\"><a href=\"https:\/\/hdcarmouredcable.com\/pt\/swa-armoured-cable-list\/\" target=\"_blank\" rel=\"noopener\"><b>Cabo subterr\u00e2neo de cobre\/alum\u00ednio com armadura de XLPE<\/b><\/a><\/p>\n<\/div>\n<div class=\"col-lg-3 col-md-12 col-xs-12 col-sm-12\">\n<p><img loading=\"lazy\" decoding=\"async\" class=\"aligncenter wp-image-5424\" title=\"cabo de borracha EPR de cobre felx\u00edvel\" src=\"https:\/\/hdcarmouredcable.com\/wp-content\/uploads\/2021\/07\/mining-flexible-rubber-cable-nsshoeu-j-4x16-1.jpg\" alt=\"cabo de borracha EPR de cobre felx\u00edvel\" width=\"353\" height=\"300\" \/><\/p>\n<p class=\"entry-title\"><a href=\"https:\/\/hdcarmouredcable.com\/pt\/cabo-nsshoeu-j-4x35\/\" target=\"_blank\" rel=\"noopener\"><strong>enrolador de borracha H07RN F cabo de guindaste nsshoeu-j 4\u00d76 4\u00d735 4\u00d770 4\u00d795 4\u00d7120<\/strong><\/a><\/p>\n<\/div>\n<div class=\"col-lg-3 col-md-12 col-xs-12 col-sm-12\"><strong><a href=\"https:\/\/hdcarmouredcable.com\/pt\/h07rn-f-neoprene-cable-singapore\/\" target=\"_blank\" rel=\"noopener\"><img loading=\"lazy\" decoding=\"async\" class=\"aligncenter wp-image-5122\" title=\"Cabo de borracha NBR de 4 condutores\" src=\"https:\/\/hdcarmouredcable.com\/wp-content\/uploads\/2021\/05\/H07rn-f-neoprene-cable-singapore.jpg\" alt=\"Cabo de borracha NBR de 4 condutores\" width=\"429\" height=\"300\" \/><\/a><\/strong><\/p>\n<p class=\"entry-title\"><a href=\"https:\/\/hdcarmouredcable.com\/pt\/h07rn-f-neoprene-cable-singapore\/\" target=\"_blank\" rel=\"noopener\"><strong>0,75mm - 240mm2 H07RN-F cabo flex\u00edvel de borracha de neopreno<\/strong><\/a><\/p>\n<\/div>\n<div class=\"col-lg-3 col-md-12 col-xs-12 col-sm-12\">\n<p><img loading=\"lazy\" decoding=\"async\" class=\"aligncenter wp-image-8040 size-full\" title=\"Cabo de borracha da bomba submers\u00edvel JHS\" src=\"https:\/\/hdcarmouredcable.com\/wp-content\/uploads\/2023\/02\/submersible-water-pump-cable.png\" alt=\"Cabo de borracha da bomba submers\u00edvel JHS\" width=\"418\" height=\"392\" srcset=\"https:\/\/hdcarmouredcable.com\/wp-content\/uploads\/2023\/02\/submersible-water-pump-cable.png 418w, https:\/\/hdcarmouredcable.com\/wp-content\/uploads\/2023\/02\/submersible-water-pump-cable-300x281.png 300w\" sizes=\"auto, (max-width: 418px) 100vw, 418px\" \/><\/p>\n<p><a href=\"https:\/\/hdcarmouredcable.com\/pt\/cabo-da-bomba-de-agua-submersivel\/\" target=\"_blank\" rel=\"noopener\"><strong>Cabo el\u00e9trico da bomba submers\u00edvel \u00e0 prova de \u00e1gua de PVC\/borracha\/EPR<\/strong><\/a><\/p>\n<\/div>\n<\/div>\n<p>&nbsp;<\/p>","protected":false},"excerpt":{"rendered":"<p>\u00a0Correio eletr\u00f3nico: info@hdcarmouredcable.com Telefone: +86 371-86230866 Whatsapp: +86 13939070673 Escrit\u00f3rio: Sala 601, Piso 6, Edif\u00edcio 5, No. 80, Jinshui East Road, Zhengdong New District, Zona de Com\u00e9rcio Livre Piloto, Henan, China.  F\u00e1brica: Lado norte da sec\u00e7\u00e3o oeste da estrada de Yunxiang, zona de desenvolvimento econ\u00f3mico e tecnol\u00f3gico, condado de Xiuwu, cidade de Jiaozuo, Henan R.P. China &nbsp;<\/p>","protected":false},"author":1,"featured_media":0,"parent":0,"menu_order":0,"comment_status":"closed","ping_status":"closed","template":"","meta":{"_joinchat":[],"footnotes":""},"class_list":["post-92","page","type-page","status-publish"],"yoast_head":"<!-- This site is optimized with the Yoast SEO plugin v25.1 - https:\/\/yoast.com\/wordpress\/plugins\/seo\/ -->\n<title>Contact Us - Huadong Armoured Cable Group<\/title>\n<meta name=\"robots\" content=\"index, follow, max-snippet:-1, max-image-preview:large, max-video-preview:-1\" \/>\n<link rel=\"canonical\" href=\"https:\/\/hdcarmouredcable.com\/pt\/contactar-nos\/\" \/>\n<meta property=\"og:locale\" content=\"pt_PT\" \/>\n<meta property=\"og:type\" content=\"article\" \/>\n<meta property=\"og:title\" content=\"Contact Us - Huadong Armoured Cable Group\" \/>\n<meta property=\"og:description\" content=\"\u00a0E-mail:\u00a0info@hdcarmouredcable.com \u00a0Telephone:\u00a0+86 371-86230866 \u00a0Whatsapp:\u00a0+86 13939070673 \u00a0Office: Room 601, Floor 6, Building 5, No. 80, Jinshui East Road, Zhengdong New District, Pilot Free Trade Zone, Henan, China. \u00a0Factory: North side of Yunxiang Road West Section, Economic &#038; Technological Development Zone, Xiuwu County, Jiaozuo City, Henan P.R. China &nbsp;\" \/>\n<meta property=\"og:url\" content=\"https:\/\/hdcarmouredcable.com\/pt\/contactar-nos\/\" \/>\n<meta property=\"og:site_name\" content=\"Huadong Armoured Cable Group\" \/>\n<meta property=\"article:publisher\" content=\"https:\/\/www.facebook.com\/lily.ding.52\" \/>\n<meta property=\"article:modified_time\" content=\"2023-11-21T07:53:52+00:00\" \/>\n<meta property=\"og:image\" content=\"https:\/\/hdcarmouredcable.com\/wp-content\/uploads\/2021\/07\/thermocouple-extension-wire-type-k-Singapore.jpg\" \/>\n<meta name=\"twitter:card\" content=\"summary_large_image\" \/>\n<meta name=\"twitter:label1\" content=\"Tempo estimado de leitura\" \/>\n\t<meta name=\"twitter:data1\" content=\"3 minutos\" \/>\n<script type=\"application\/ld+json\" class=\"yoast-schema-graph\">{\"@context\":\"https:\/\/schema.org\",\"@graph\":[{\"@type\":\"WebPage\",\"@id\":\"https:\/\/hdcarmouredcable.com\/contact-us\/\",\"url\":\"https:\/\/hdcarmouredcable.com\/contact-us\/\",\"name\":\"Contact Us - Huadong Armoured Cable Group\",\"isPartOf\":{\"@id\":\"https:\/\/hdcarmouredcable.com\/#website\"},\"primaryImageOfPage\":{\"@id\":\"https:\/\/hdcarmouredcable.com\/contact-us\/#primaryimage\"},\"image\":{\"@id\":\"https:\/\/hdcarmouredcable.com\/contact-us\/#primaryimage\"},\"thumbnailUrl\":\"https:\/\/hdcarmouredcable.com\/wp-content\/uploads\/2021\/07\/thermocouple-extension-wire-type-k-Singapore.jpg\",\"datePublished\":\"2018-06-23T08:10:11+00:00\",\"dateModified\":\"2023-11-21T07:53:52+00:00\",\"inLanguage\":\"pt-PT\",\"potentialAction\":[{\"@type\":\"ReadAction\",\"target\":[\"https:\/\/hdcarmouredcable.com\/contact-us\/\"]}]},{\"@type\":\"ImageObject\",\"inLanguage\":\"pt-PT\",\"@id\":\"https:\/\/hdcarmouredcable.com\/contact-us\/#primaryimage\",\"url\":\"https:\/\/hdcarmouredcable.com\/wp-content\/uploads\/2021\/07\/thermocouple-extension-wire-type-k-Singapore.jpg\",\"contentUrl\":\"https:\/\/hdcarmouredcable.com\/wp-content\/uploads\/2021\/07\/thermocouple-extension-wire-type-k-Singapore.jpg\"},{\"@type\":\"WebSite\",\"@id\":\"https:\/\/hdcarmouredcable.com\/#website\",\"url\":\"https:\/\/hdcarmouredcable.com\/\",\"name\":\"Huadong Armoured Cable Group\",\"description\":\"professional steel wire armoured cable manufacturer\",\"publisher\":{\"@id\":\"https:\/\/hdcarmouredcable.com\/#organization\"},\"potentialAction\":[{\"@type\":\"SearchAction\",\"target\":{\"@type\":\"EntryPoint\",\"urlTemplate\":\"https:\/\/hdcarmouredcable.com\/?s={search_term_string}\"},\"query-input\":{\"@type\":\"PropertyValueSpecification\",\"valueRequired\":true,\"valueName\":\"search_term_string\"}}],\"inLanguage\":\"pt-PT\"},{\"@type\":\"Organization\",\"@id\":\"https:\/\/hdcarmouredcable.com\/#organization\",\"name\":\"Huadong Cable Group\",\"url\":\"https:\/\/hdcarmouredcable.com\/\",\"logo\":{\"@type\":\"ImageObject\",\"inLanguage\":\"pt-PT\",\"@id\":\"https:\/\/hdcarmouredcable.com\/#\/schema\/logo\/image\/\",\"url\":\"https:\/\/hdcarmouredcable.com\/wp-content\/uploads\/2022\/07\/Huadong-log.png\",\"contentUrl\":\"https:\/\/hdcarmouredcable.com\/wp-content\/uploads\/2022\/07\/Huadong-log.png\",\"width\":860,\"height\":860,\"caption\":\"Huadong Cable Group\"},\"image\":{\"@id\":\"https:\/\/hdcarmouredcable.com\/#\/schema\/logo\/image\/\"},\"sameAs\":[\"https:\/\/www.facebook.com\/lily.ding.52\",\"https:\/\/www.linkedin.com\/in\/lilyxlpecable\/\"]}]}<\/script>\n<!-- \/ Yoast SEO plugin. -->","yoast_head_json":{"title":"Contacte-nos - Grupo de Cabos Blindados Huadong","robots":{"index":"index","follow":"follow","max-snippet":"max-snippet:-1","max-image-preview":"max-image-preview:large","max-video-preview":"max-video-preview:-1"},"canonical":"https:\/\/hdcarmouredcable.com\/pt\/contactar-nos\/","og_locale":"pt_PT","og_type":"article","og_title":"Contact Us - Huadong Armoured Cable Group","og_description":"\u00a0E-mail:\u00a0info@hdcarmouredcable.com \u00a0Telephone:\u00a0+86 371-86230866 \u00a0Whatsapp:\u00a0+86 13939070673 \u00a0Office: Room 601, Floor 6, Building 5, No. 80, Jinshui East Road, Zhengdong New District, Pilot Free Trade Zone, Henan, China. \u00a0Factory: North side of Yunxiang Road West Section, Economic &#038; Technological Development Zone, Xiuwu County, Jiaozuo City, Henan P.R. China &nbsp;","og_url":"https:\/\/hdcarmouredcable.com\/pt\/contactar-nos\/","og_site_name":"Huadong Armoured Cable Group","article_publisher":"https:\/\/www.facebook.com\/lily.ding.52","article_modified_time":"2023-11-21T07:53:52+00:00","og_image":[{"url":"https:\/\/hdcarmouredcable.com\/wp-content\/uploads\/2021\/07\/thermocouple-extension-wire-type-k-Singapore.jpg","type":"","width":"","height":""}],"twitter_card":"summary_large_image","twitter_misc":{"Tempo estimado de leitura":"3 minutos"},"schema":{"@context":"https:\/\/schema.org","@graph":[{"@type":"WebPage","@id":"https:\/\/hdcarmouredcable.com\/contact-us\/","url":"https:\/\/hdcarmouredcable.com\/contact-us\/","name":"Contacte-nos - Grupo de Cabos Blindados Huadong","isPartOf":{"@id":"https:\/\/hdcarmouredcable.com\/#website"},"primaryImageOfPage":{"@id":"https:\/\/hdcarmouredcable.com\/contact-us\/#primaryimage"},"image":{"@id":"https:\/\/hdcarmouredcable.com\/contact-us\/#primaryimage"},"thumbnailUrl":"https:\/\/hdcarmouredcable.com\/wp-content\/uploads\/2021\/07\/thermocouple-extension-wire-type-k-Singapore.jpg","datePublished":"2018-06-23T08:10:11+00:00","dateModified":"2023-11-21T07:53:52+00:00","inLanguage":"pt-PT","potentialAction":[{"@type":"ReadAction","target":["https:\/\/hdcarmouredcable.com\/contact-us\/"]}]},{"@type":"ImageObject","inLanguage":"pt-PT","@id":"https:\/\/hdcarmouredcable.com\/contact-us\/#primaryimage","url":"https:\/\/hdcarmouredcable.com\/wp-content\/uploads\/2021\/07\/thermocouple-extension-wire-type-k-Singapore.jpg","contentUrl":"https:\/\/hdcarmouredcable.com\/wp-content\/uploads\/2021\/07\/thermocouple-extension-wire-type-k-Singapore.jpg"},{"@type":"WebSite","@id":"https:\/\/hdcarmouredcable.com\/#website","url":"https:\/\/hdcarmouredcable.com\/","name":"Grupo de cabos blindados Huadong","description":"fabricante profissional de cabos blindados de a\u00e7o","publisher":{"@id":"https:\/\/hdcarmouredcable.com\/#organization"},"potentialAction":[{"@type":"SearchAction","target":{"@type":"EntryPoint","urlTemplate":"https:\/\/hdcarmouredcable.com\/?s={search_term_string}"},"query-input":{"@type":"PropertyValueSpecification","valueRequired":true,"valueName":"search_term_string"}}],"inLanguage":"pt-PT"},{"@type":"Organization","@id":"https:\/\/hdcarmouredcable.com\/#organization","name":"Grupo de cabos Huadong","url":"https:\/\/hdcarmouredcable.com\/","logo":{"@type":"ImageObject","inLanguage":"pt-PT","@id":"https:\/\/hdcarmouredcable.com\/#\/schema\/logo\/image\/","url":"https:\/\/hdcarmouredcable.com\/wp-content\/uploads\/2022\/07\/Huadong-log.png","contentUrl":"https:\/\/hdcarmouredcable.com\/wp-content\/uploads\/2022\/07\/Huadong-log.png","width":860,"height":860,"caption":"Huadong Cable Group"},"image":{"@id":"https:\/\/hdcarmouredcable.com\/#\/schema\/logo\/image\/"},"sameAs":["https:\/\/www.facebook.com\/lily.ding.52","https:\/\/www.linkedin.com\/in\/lilyxlpecable\/"]}]}},"amp_enabled":true,"_links":{"self":[{"href":"https:\/\/hdcarmouredcable.com\/pt\/wp-json\/wp\/v2\/pages\/92","targetHints":{"allow":["GET"]}}],"collection":[{"href":"https:\/\/hdcarmouredcable.com\/pt\/wp-json\/wp\/v2\/pages"}],"about":[{"href":"https:\/\/hdcarmouredcable.com\/pt\/wp-json\/wp\/v2\/types\/page"}],"author":[{"embeddable":true,"href":"https:\/\/hdcarmouredcable.com\/pt\/wp-json\/wp\/v2\/users\/1"}],"replies":[{"embeddable":true,"href":"https:\/\/hdcarmouredcable.com\/pt\/wp-json\/wp\/v2\/comments?post=92"}],"version-history":[{"count":24,"href":"https:\/\/hdcarmouredcable.com\/pt\/wp-json\/wp\/v2\/pages\/92\/revisions"}],"predecessor-version":[{"id":10427,"href":"https:\/\/hdcarmouredcable.com\/pt\/wp-json\/wp\/v2\/pages\/92\/revisions\/10427"}],"wp:attachment":[{"href":"https:\/\/hdcarmouredcable.com\/pt\/wp-json\/wp\/v2\/media?parent=92"}],"curies":[{"name":"wp","href":"https:\/\/api.w.org\/{rel}","templated":true}]}}